{"id":14,"date":"2024-09-10T07:48:45","date_gmt":"2024-09-10T07:48:45","guid":{"rendered":"https:\/\/www.2000m2.eu\/?page_id=14"},"modified":"2024-12-13T11:13:12","modified_gmt":"2024-12-13T11:13:12","slug":"koordination","status":"publish","type":"page","link":"https:\/\/www.2000m2.eu\/de\/ueber-uns\/koordination\/","title":{"rendered":"Internationale Koordination"},"content":{"rendered":"\n<h1 class=\"wp-block-heading\">Koordinationsstelle der Weltacker-Bewegung<\/h1>\n\n\n\n<p>Der erste Weltacker wurde 2013 von <a href=\"https:\/\/www.saveourseeds.org\/\">Save our Seeds<\/a>, dem Berliner B\u00fcro der Zukunftsstiftung Landwirtschaft in der GLS Treuhand e.V., ins Leben gerufen. Wir haben es uns zum Ziel gesetzt, die essentiellen Botschaften des <a href=\"https:\/\/www.weltagrarbericht.de\/\">Weltagrarberichts<\/a> f\u00fcr alle begreifbar zu machen und in die Welt zu tragen. Daf\u00fcr bringt der Weltacker die Zusammenh\u00e4nge der globalen Landwirtschaft auf ein menschliches, greifbares und sinnlich erfahrbares Ma\u00df.<\/p>\n\n\n\n<p>Nach zehn Jahren erfolgreicher Bildungsarbeit, hat sich der Berliner Weltacker 2024 aus der Zukunftsstiftung Landwirtschaft als eigenst\u00e4ndiger Verein ausgegr\u00fcndet. Seitdem koordinieren wir ausschlie\u00dflich die \u00fcber Jahre gewachsene internationale Weltackerbewegung.<\/p>\n\n\n\n<p>Unsere Ziele sind es, den Austausch zwischen den lokalen Weltacker-Projekten zu f\u00f6rdern, unsere Botschaften in die Welt zu tragen, Grundlagenarbeit f\u00fcr alle Welt\u00e4cker zentral zu organisieren, neue Bildungsimpulse zu setzen und neue Initiativen beim Aufbau ihres Weltackers zu unterst\u00fctzen. Daf\u00fcr engagiert sich unser kleines Team in Berlin.<\/p>\n\n\n\n<p><\/p>\n\n\n\n<h2 class=\"wp-block-heading has-text-align-center\">Unser Team<\/h2>\n\n\n\n<div class=\"wp-block-columns is-layout-flex wp-container-core-columns-is-layout-28f84493 wp-block-columns-is-layout-flex\">\n<div class=\"wp-block-column is-layout-flow wp-block-column-is-layout-flow\"><div class=\"wp-block-image is-style-rounded\">\n<figure class=\"aligncenter size-large is-resized\"><img decoding=\"async\" width=\"1024\" height=\"682\" src=\"https:\/\/www.2000m2.eu\/wp-content\/uploads\/Jasper-Jordan_Volker-Gehrmann-1-1024x682.jpg\" alt=\"Foto von Jasper jordan\" class=\"wp-image-3671\" style=\"object-fit:cover;width:204px;height:204px\" srcset=\"https:\/\/www.2000m2.eu\/wp-content\/uploads\/Jasper-Jordan_Volker-Gehrmann-1-1024x682.jpg 1024w, https:\/\/www.2000m2.eu\/wp-content\/uploads\/Jasper-Jordan_Volker-Gehrmann-1-300x200.jpg 300w, https:\/\/www.2000m2.eu\/wp-content\/uploads\/Jasper-Jordan_Volker-Gehrmann-1-768x512.jpg 768w, https:\/\/www.2000m2.eu\/wp-content\/uploads\/Jasper-Jordan_Volker-Gehrmann-1-450x300.jpg 450w, https:\/\/www.2000m2.eu\/wp-content\/uploads\/Jasper-Jordan_Volker-Gehrmann-1.jpg 1280w\" sizes=\"(max-width: 1024px) 100vw, 1024px\" \/><\/figure>\n<\/div>\n\n\n<p class=\"has-text-align-center\">Jasper Jordan<br>Koordinator &amp; Projektleiter<br><a href=\"mailto:jordan@2000m2.eu\">E-Mail<\/a><br><\/p>\n<\/div>\n\n\n\n<div class=\"wp-block-column is-layout-flow wp-block-column-is-layout-flow\"><div class=\"wp-block-image is-style-rounded\">\n<figure class=\"aligncenter size-full is-resized\"><img decoding=\"async\" width=\"1232\" height=\"1514\" src=\"https:\/\/www.2000m2.eu\/wp-content\/uploads\/Benny_Weltacker_Juli24_Axel_svehla-min.jpg\" alt=\"Bild von Benedikt Haerlin\" class=\"wp-image-2809\" style=\"object-fit:cover;width:204px;height:204px\" srcset=\"https:\/\/www.2000m2.eu\/wp-content\/uploads\/Benny_Weltacker_Juli24_Axel_svehla-min.jpg 1232w, https:\/\/www.2000m2.eu\/wp-content\/uploads\/Benny_Weltacker_Juli24_Axel_svehla-min-244x300.jpg 244w, https:\/\/www.2000m2.eu\/wp-content\/uploads\/Benny_Weltacker_Juli24_Axel_svehla-min-833x1024.jpg 833w, https:\/\/www.2000m2.eu\/wp-content\/uploads\/Benny_Weltacker_Juli24_Axel_svehla-min-768x944.jpg 768w\" sizes=\"(max-width: 1232px) 100vw, 1232px\" \/><\/figure>\n<\/div>\n\n\n<p class=\"has-text-align-center\">Benedikt Haerlin<br>B\u00fcroleiter &amp; Weltacker-Gr\u00fcnder<br><a href=\"mailto:haerlin@zs-l.de\">E-Mail<\/a><\/p>\n<\/div>\n<\/div>\n\n\n\n<p><\/p>\n","protected":false},"excerpt":{"rendered":"<p>Koordinationsstelle der Weltacker-Bewegung Der erste Weltacker wurde 2013 von Save our Seeds, dem Berliner B\u00fcro der Zukunftsstiftung Landwirtschaft in der GLS Treuhand e.V., ins Leben gerufen. Wir haben es uns zum Ziel gesetzt, die essentiellen Botschaften des Weltagrarberichts f\u00fcr alle begreifbar zu machen und in die Welt zu tragen. Daf\u00fcr bringt der Weltacker die Zusammenh\u00e4nge&#8230;<\/p>\n","protected":false},"author":1,"featured_media":1428,"parent":12,"menu_order":10,"comment_status":"closed","ping_status":"closed","template":"","meta":{"footnotes":""},"class_list":["post-14","page","type-page","status-publish","has-post-thumbnail"],"yoast_head":"<!-- This site is optimized with the Yoast SEO plugin v27.3 - https:\/\/yoast.com\/product\/yoast-seo-wordpress\/ -->\n<title>Internationale Koordination - 2000m2<\/title>\n<meta name=\"robots\" content=\"index, follow, max-snippet:-1, max-image-preview:large, max-video-preview:-1\" \/>\n<link rel=\"canonical\" href=\"https:\/\/www.2000m2.eu\/de\/ueber-uns\/koordination\/\" \/>\n<meta property=\"og:locale\" content=\"de_DE\" \/>\n<meta property=\"og:type\" content=\"article\" \/>\n<meta property=\"og:title\" content=\"Internationale Koordination - 2000m2\" \/>\n<meta property=\"og:description\" content=\"Koordinationsstelle der Weltacker-Bewegung Der erste Weltacker wurde 2013 von Save our Seeds, dem Berliner B\u00fcro der Zukunftsstiftung Landwirtschaft in der GLS Treuhand e.V., ins Leben gerufen. Wir haben es uns zum Ziel gesetzt, die essentiellen Botschaften des Weltagrarberichts f\u00fcr alle begreifbar zu machen und in die Welt zu tragen. Daf\u00fcr bringt der Weltacker die Zusammenh\u00e4nge...\" \/>\n<meta property=\"og:url\" content=\"https:\/\/www.2000m2.eu\/de\/ueber-uns\/koordination\/\" \/>\n<meta property=\"og:site_name\" content=\"2000m2\" \/>\n<meta property=\"article:modified_time\" content=\"2024-12-13T11:13:12+00:00\" \/>\n<meta property=\"og:image\" content=\"https:\/\/www.2000m2.eu\/wp-content\/uploads\/Featured_Images_Koordination.jpg\" \/>\n\t<meta property=\"og:image:width\" content=\"1800\" \/>\n\t<meta property=\"og:image:height\" content=\"180\" \/>\n\t<meta property=\"og:image:type\" content=\"image\/jpeg\" \/>\n<meta name=\"twitter:card\" content=\"summary_large_image\" \/>\n<meta name=\"twitter:label1\" content=\"Gesch\u00e4tzte Lesezeit\" \/>\n\t<meta name=\"twitter:data1\" content=\"2\u00a0Minuten\" \/>\n<script type=\"application\/ld+json\" class=\"yoast-schema-graph\">{\"@context\":\"https:\\\/\\\/schema.org\",\"@graph\":[{\"@type\":\"WebPage\",\"@id\":\"https:\\\/\\\/www.2000m2.eu\\\/de\\\/ueber-uns\\\/koordination\\\/\",\"url\":\"https:\\\/\\\/www.2000m2.eu\\\/de\\\/ueber-uns\\\/koordination\\\/\",\"name\":\"Internationale Koordination - 2000m2\",\"isPartOf\":{\"@id\":\"https:\\\/\\\/www.2000m2.eu\\\/de\\\/#website\"},\"primaryImageOfPage\":{\"@id\":\"https:\\\/\\\/www.2000m2.eu\\\/de\\\/ueber-uns\\\/koordination\\\/#primaryimage\"},\"image\":{\"@id\":\"https:\\\/\\\/www.2000m2.eu\\\/de\\\/ueber-uns\\\/koordination\\\/#primaryimage\"},\"thumbnailUrl\":\"https:\\\/\\\/www.2000m2.eu\\\/wp-content\\\/uploads\\\/Featured_Images_Koordination.jpg\",\"datePublished\":\"2024-09-10T07:48:45+00:00\",\"dateModified\":\"2024-12-13T11:13:12+00:00\",\"breadcrumb\":{\"@id\":\"https:\\\/\\\/www.2000m2.eu\\\/de\\\/ueber-uns\\\/koordination\\\/#breadcrumb\"},\"inLanguage\":\"de\",\"potentialAction\":[{\"@type\":\"ReadAction\",\"target\":[\"https:\\\/\\\/www.2000m2.eu\\\/de\\\/ueber-uns\\\/koordination\\\/\"]}]},{\"@type\":\"ImageObject\",\"inLanguage\":\"de\",\"@id\":\"https:\\\/\\\/www.2000m2.eu\\\/de\\\/ueber-uns\\\/koordination\\\/#primaryimage\",\"url\":\"https:\\\/\\\/www.2000m2.eu\\\/wp-content\\\/uploads\\\/Featured_Images_Koordination.jpg\",\"contentUrl\":\"https:\\\/\\\/www.2000m2.eu\\\/wp-content\\\/uploads\\\/Featured_Images_Koordination.jpg\",\"width\":1800,\"height\":180},{\"@type\":\"BreadcrumbList\",\"@id\":\"https:\\\/\\\/www.2000m2.eu\\\/de\\\/ueber-uns\\\/koordination\\\/#breadcrumb\",\"itemListElement\":[{\"@type\":\"ListItem\",\"position\":1,\"name\":\"Home\",\"item\":\"https:\\\/\\\/www.2000m2.eu\\\/de\\\/startseite\\\/\"},{\"@type\":\"ListItem\",\"position\":2,\"name\":\"\u00dcber uns\",\"item\":\"https:\\\/\\\/www.2000m2.eu\\\/de\\\/ueber-uns\\\/\"},{\"@type\":\"ListItem\",\"position\":3,\"name\":\"Internationale Koordination\"}]},{\"@type\":\"WebSite\",\"@id\":\"https:\\\/\\\/www.2000m2.eu\\\/de\\\/#website\",\"url\":\"https:\\\/\\\/www.2000m2.eu\\\/de\\\/\",\"name\":\"2000m2\",\"description\":\"\",\"publisher\":{\"@id\":\"https:\\\/\\\/www.2000m2.eu\\\/de\\\/#organization\"},\"potentialAction\":[{\"@type\":\"SearchAction\",\"target\":{\"@type\":\"EntryPoint\",\"urlTemplate\":\"https:\\\/\\\/www.2000m2.eu\\\/de\\\/?s={search_term_string}\"},\"query-input\":{\"@type\":\"PropertyValueSpecification\",\"valueRequired\":true,\"valueName\":\"search_term_string\"}}],\"inLanguage\":\"de\"},{\"@type\":\"Organization\",\"@id\":\"https:\\\/\\\/www.2000m2.eu\\\/de\\\/#organization\",\"name\":\"2000m2\",\"url\":\"https:\\\/\\\/www.2000m2.eu\\\/de\\\/\",\"logo\":{\"@type\":\"ImageObject\",\"inLanguage\":\"de\",\"@id\":\"https:\\\/\\\/www.2000m2.eu\\\/de\\\/#\\\/schema\\\/logo\\\/image\\\/\",\"url\":\"https:\\\/\\\/www.2000m2.eu\\\/wp-content\\\/uploads\\\/logo.png\",\"contentUrl\":\"https:\\\/\\\/www.2000m2.eu\\\/wp-content\\\/uploads\\\/logo.png\",\"width\":445,\"height\":140,\"caption\":\"2000m2\"},\"image\":{\"@id\":\"https:\\\/\\\/www.2000m2.eu\\\/de\\\/#\\\/schema\\\/logo\\\/image\\\/\"}}]}<\/script>\n<!-- \/ Yoast SEO plugin. -->","yoast_head_json":{"title":"Internationale Koordination - 2000m2","robots":{"index":"index","follow":"follow","max-snippet":"max-snippet:-1","max-image-preview":"max-image-preview:large","max-video-preview":"max-video-preview:-1"},"canonical":"https:\/\/www.2000m2.eu\/de\/ueber-uns\/koordination\/","og_locale":"de_DE","og_type":"article","og_title":"Internationale Koordination - 2000m2","og_description":"Koordinationsstelle der Weltacker-Bewegung Der erste Weltacker wurde 2013 von Save our Seeds, dem Berliner B\u00fcro der Zukunftsstiftung Landwirtschaft in der GLS Treuhand e.V., ins Leben gerufen. Wir haben es uns zum Ziel gesetzt, die essentiellen Botschaften des Weltagrarberichts f\u00fcr alle begreifbar zu machen und in die Welt zu tragen. Daf\u00fcr bringt der Weltacker die Zusammenh\u00e4nge...","og_url":"https:\/\/www.2000m2.eu\/de\/ueber-uns\/koordination\/","og_site_name":"2000m2","article_modified_time":"2024-12-13T11:13:12+00:00","og_image":[{"width":1800,"height":180,"url":"https:\/\/www.2000m2.eu\/wp-content\/uploads\/Featured_Images_Koordination.jpg","type":"image\/jpeg"}],"twitter_card":"summary_large_image","twitter_misc":{"Gesch\u00e4tzte Lesezeit":"2\u00a0Minuten"},"schema":{"@context":"https:\/\/schema.org","@graph":[{"@type":"WebPage","@id":"https:\/\/www.2000m2.eu\/de\/ueber-uns\/koordination\/","url":"https:\/\/www.2000m2.eu\/de\/ueber-uns\/koordination\/","name":"Internationale Koordination - 2000m2","isPartOf":{"@id":"https:\/\/www.2000m2.eu\/de\/#website"},"primaryImageOfPage":{"@id":"https:\/\/www.2000m2.eu\/de\/ueber-uns\/koordination\/#primaryimage"},"image":{"@id":"https:\/\/www.2000m2.eu\/de\/ueber-uns\/koordination\/#primaryimage"},"thumbnailUrl":"https:\/\/www.2000m2.eu\/wp-content\/uploads\/Featured_Images_Koordination.jpg","datePublished":"2024-09-10T07:48:45+00:00","dateModified":"2024-12-13T11:13:12+00:00","breadcrumb":{"@id":"https:\/\/www.2000m2.eu\/de\/ueber-uns\/koordination\/#breadcrumb"},"inLanguage":"de","potentialAction":[{"@type":"ReadAction","target":["https:\/\/www.2000m2.eu\/de\/ueber-uns\/koordination\/"]}]},{"@type":"ImageObject","inLanguage":"de","@id":"https:\/\/www.2000m2.eu\/de\/ueber-uns\/koordination\/#primaryimage","url":"https:\/\/www.2000m2.eu\/wp-content\/uploads\/Featured_Images_Koordination.jpg","contentUrl":"https:\/\/www.2000m2.eu\/wp-content\/uploads\/Featured_Images_Koordination.jpg","width":1800,"height":180},{"@type":"BreadcrumbList","@id":"https:\/\/www.2000m2.eu\/de\/ueber-uns\/koordination\/#breadcrumb","itemListElement":[{"@type":"ListItem","position":1,"name":"Home","item":"https:\/\/www.2000m2.eu\/de\/startseite\/"},{"@type":"ListItem","position":2,"name":"\u00dcber uns","item":"https:\/\/www.2000m2.eu\/de\/ueber-uns\/"},{"@type":"ListItem","position":3,"name":"Internationale Koordination"}]},{"@type":"WebSite","@id":"https:\/\/www.2000m2.eu\/de\/#website","url":"https:\/\/www.2000m2.eu\/de\/","name":"2000m2","description":"","publisher":{"@id":"https:\/\/www.2000m2.eu\/de\/#organization"},"potentialAction":[{"@type":"SearchAction","target":{"@type":"EntryPoint","urlTemplate":"https:\/\/www.2000m2.eu\/de\/?s={search_term_string}"},"query-input":{"@type":"PropertyValueSpecification","valueRequired":true,"valueName":"search_term_string"}}],"inLanguage":"de"},{"@type":"Organization","@id":"https:\/\/www.2000m2.eu\/de\/#organization","name":"2000m2","url":"https:\/\/www.2000m2.eu\/de\/","logo":{"@type":"ImageObject","inLanguage":"de","@id":"https:\/\/www.2000m2.eu\/de\/#\/schema\/logo\/image\/","url":"https:\/\/www.2000m2.eu\/wp-content\/uploads\/logo.png","contentUrl":"https:\/\/www.2000m2.eu\/wp-content\/uploads\/logo.png","width":445,"height":140,"caption":"2000m2"},"image":{"@id":"https:\/\/www.2000m2.eu\/de\/#\/schema\/logo\/image\/"}}]}},"_links":{"self":[{"href":"https:\/\/www.2000m2.eu\/de\/wp-json\/wp\/v2\/pages\/14","targetHints":{"allow":["GET"]}}],"collection":[{"href":"https:\/\/www.2000m2.eu\/de\/wp-json\/wp\/v2\/pages"}],"about":[{"href":"https:\/\/www.2000m2.eu\/de\/wp-json\/wp\/v2\/types\/page"}],"author":[{"embeddable":true,"href":"https:\/\/www.2000m2.eu\/de\/wp-json\/wp\/v2\/users\/1"}],"replies":[{"embeddable":true,"href":"https:\/\/www.2000m2.eu\/de\/wp-json\/wp\/v2\/comments?post=14"}],"version-history":[{"count":13,"href":"https:\/\/www.2000m2.eu\/de\/wp-json\/wp\/v2\/pages\/14\/revisions"}],"predecessor-version":[{"id":3674,"href":"https:\/\/www.2000m2.eu\/de\/wp-json\/wp\/v2\/pages\/14\/revisions\/3674"}],"up":[{"embeddable":true,"href":"https:\/\/www.2000m2.eu\/de\/wp-json\/wp\/v2\/pages\/12"}],"wp:featuredmedia":[{"embeddable":true,"href":"https:\/\/www.2000m2.eu\/de\/wp-json\/wp\/v2\/media\/1428"}],"wp:attachment":[{"href":"https:\/\/www.2000m2.eu\/de\/wp-json\/wp\/v2\/media?parent=14"}],"curies":[{"name":"wp","href":"https:\/\/api.w.org\/{rel}","templated":true}]}}