{"id":25,"date":"2024-09-10T07:50:48","date_gmt":"2024-09-10T07:50:48","guid":{"rendered":"https:\/\/www.2000m2.eu\/?page_id=25"},"modified":"2026-01-19T12:34:13","modified_gmt":"2026-01-19T12:34:13","slug":"wer-uns-foerdert","status":"publish","type":"page","link":"https:\/\/www.2000m2.eu\/de\/ueber-uns\/wer-uns-foerdert\/","title":{"rendered":"Wer uns f\u00f6rdert"},"content":{"rendered":"\n<h1 class=\"wp-block-heading\">Wer uns f\u00f6rdert<\/h1>\n\n\n\n<p>Jeder Weltacker ist finanziell und rechtlich unabh\u00e4ngig. Zahlreiche F\u00f6rder:innen unterst\u00fctzen die Arbeit der regionalen Projekte. Die Arbeit der internationalen Koordination, also des Berliner B\u00fcros der <a href=\"https:\/\/zukunftsstiftung-landwirtschaft.de\/\">Zukunftsstiftung Landwirtschaft<\/a>, wird aktuell dank folgender gro\u00dfz\u00fcgiger F\u00f6rderungen erm\u00f6glicht:<\/p>\n\n\n\n<p>Gef\u00f6rdert durch ENGAGEMENT GLOBAL mit Mitteln des<\/p>\n\n\n<div class=\"wp-block-image\">\n<figure class=\"aligncenter size-large is-resized\"><img decoding=\"async\" width=\"1024\" height=\"478\" src=\"https:\/\/www.2000m2.eu\/wp-content\/uploads\/BMZ_2017_Office_Farbe_de-1024x478.png\" alt=\"Logo des Bundesministeriums f\u00fcr wirtschaftliche Zusammenarbeit und Entwicklung\" class=\"wp-image-26769\" style=\"aspect-ratio:2.1422640284039;width:418px;height:auto\" srcset=\"https:\/\/www.2000m2.eu\/wp-content\/uploads\/BMZ_2017_Office_Farbe_de-1024x478.png 1024w, https:\/\/www.2000m2.eu\/wp-content\/uploads\/BMZ_2017_Office_Farbe_de-300x140.png 300w, https:\/\/www.2000m2.eu\/wp-content\/uploads\/BMZ_2017_Office_Farbe_de-768x358.png 768w, https:\/\/www.2000m2.eu\/wp-content\/uploads\/BMZ_2017_Office_Farbe_de-1536x716.png 1536w, https:\/\/www.2000m2.eu\/wp-content\/uploads\/BMZ_2017_Office_Farbe_de.png 1784w\" sizes=\"(max-width: 1024px) 100vw, 1024px\" \/><\/figure>\n<\/div>\n\n\n<p><a href=\"https:\/\/www.engagement-global.de\/de\/\">Engagement Global<\/a> unterst\u00fctzt uns mit Mitteln des BMZ bei der Erstellung und Vermittlung neuer Bildungsinhalte zum Thema &#8222;Wer ern\u00e4hrt die Welt&#8220;. <\/p>\n\n\n<div class=\"wp-block-image\">\n<figure class=\"aligncenter size-full is-resized\"><a href=\"https:\/\/www.heidehof-stiftung.de\/\"><img decoding=\"async\" width=\"567\" height=\"228\" src=\"https:\/\/www.2000m2.eu\/wp-content\/uploads\/hhs_logo_neu_jpg.jpg\" alt=\"Logo der Heidehof Stiftung\" class=\"wp-image-1166\" style=\"width:408px;height:auto\" srcset=\"https:\/\/www.2000m2.eu\/wp-content\/uploads\/hhs_logo_neu_jpg.jpg 567w, https:\/\/www.2000m2.eu\/wp-content\/uploads\/hhs_logo_neu_jpg-300x121.jpg 300w\" sizes=\"(max-width: 567px) 100vw, 567px\" \/><\/a><\/figure>\n<\/div>\n\n\n<p>Die <a href=\"https:\/\/www.heidehof-stiftung.de\/\">Heidehof-Stiftung<\/a> f\u00f6rdert insbesondere den internationalen Austausch mit unseren Partnern in Europa und im Globalen S\u00fcden.<\/p>\n\n\n<div class=\"wp-block-image\">\n<figure class=\"aligncenter size-large is-resized\"><img decoding=\"async\" width=\"1024\" height=\"600\" src=\"https:\/\/www.2000m2.eu\/wp-content\/uploads\/Logo_Barthel_neu-jpeg-1024x600.png\" alt=\"Logo der Barthel-Stiftung\" class=\"wp-image-26776\" style=\"aspect-ratio:1.706654381298915;width:406px;height:auto\" srcset=\"https:\/\/www.2000m2.eu\/wp-content\/uploads\/Logo_Barthel_neu-jpeg-1024x600.png 1024w, https:\/\/www.2000m2.eu\/wp-content\/uploads\/Logo_Barthel_neu-jpeg-300x176.png 300w, https:\/\/www.2000m2.eu\/wp-content\/uploads\/Logo_Barthel_neu-jpeg-768x450.png 768w, https:\/\/www.2000m2.eu\/wp-content\/uploads\/Logo_Barthel_neu-jpeg-1536x900.png 1536w, https:\/\/www.2000m2.eu\/wp-content\/uploads\/Logo_Barthel_neu-jpeg-2048x1200.png 2048w\" sizes=\"(max-width: 1024px) 100vw, 1024px\" \/><\/figure>\n<\/div>\n\n\n<p>Die Barthel-Stiftung unterst\u00fctzt uns bei der Erstellung eines neuen Bildungsmoduls zu den sozialen Fragen der Landwirtschaft. <\/p>\n\n\n<div class=\"wp-block-image\">\n<figure class=\"aligncenter size-full is-resized\"><img decoding=\"async\" width=\"856\" height=\"613\" src=\"https:\/\/www.2000m2.eu\/wp-content\/uploads\/cordes_und_graefe_stiftung_4c.jpg\" alt=\"Logo der Cordes &amp; Graefe Stiftung\" class=\"wp-image-26783\" style=\"width:454px;height:auto\" srcset=\"https:\/\/www.2000m2.eu\/wp-content\/uploads\/cordes_und_graefe_stiftung_4c.jpg 856w, https:\/\/www.2000m2.eu\/wp-content\/uploads\/cordes_und_graefe_stiftung_4c-300x215.jpg 300w, https:\/\/www.2000m2.eu\/wp-content\/uploads\/cordes_und_graefe_stiftung_4c-768x550.jpg 768w\" sizes=\"(max-width: 856px) 100vw, 856px\" \/><\/figure>\n<\/div>\n\n\n<p>Die CORDES &amp; GRAEFE STIFTUNG unterst\u00fctzt uns bei der Kooperation mit Indien und der Veranstaltungstour durch Deutschland und Europa. <\/p>\n\n\n<div class=\"wp-block-image\">\n<figure class=\"aligncenter size-large is-resized\"><a href=\"https:\/\/erasmus-plus.ec.europa.eu\/de\"><img decoding=\"async\" width=\"1024\" height=\"215\" src=\"https:\/\/www.2000m2.eu\/wp-content\/uploads\/Logo-Kofinanziert-von-der-Europaeischen-Union-1024x215.png\" alt=\"Logo der EU-Flagge mit der Beschriftung: Kofinanziert von der Eurp\u00e4ischen Union.\" class=\"wp-image-11024\" style=\"width:486px;height:auto\" srcset=\"https:\/\/www.2000m2.eu\/wp-content\/uploads\/Logo-Kofinanziert-von-der-Europaeischen-Union-1024x215.png 1024w, https:\/\/www.2000m2.eu\/wp-content\/uploads\/Logo-Kofinanziert-von-der-Europaeischen-Union-300x63.png 300w, https:\/\/www.2000m2.eu\/wp-content\/uploads\/Logo-Kofinanziert-von-der-Europaeischen-Union-768x161.png 768w, https:\/\/www.2000m2.eu\/wp-content\/uploads\/Logo-Kofinanziert-von-der-Europaeischen-Union-1536x322.png 1536w, https:\/\/www.2000m2.eu\/wp-content\/uploads\/Logo-Kofinanziert-von-der-Europaeischen-Union.png 1920w\" sizes=\"(max-width: 1024px) 100vw, 1024px\" \/><\/a><\/figure>\n<\/div>\n\n\n<p>\u00dcber das <a href=\"https:\/\/erasmus-plus.ec.europa.eu\/de\">Programm Erasmus+<\/a> der EU werden uns Lernerfahrungen im europ\u00e4ischen Ausland erm\u00f6glicht. <\/p>\n\n\n\n<h2 class=\"wp-block-heading\">Fr\u00fchere F\u00f6rderungen<\/h2>\n\n\n<div class=\"wp-block-image\">\n<figure class=\"aligncenter size-full\"><a href=\"https:\/\/www.deutsche-stiftung-engagement-und-ehrenamt.de\/\"><img decoding=\"async\" width=\"500\" height=\"197\" src=\"https:\/\/www.2000m2.eu\/wp-content\/uploads\/2023_DSEE_Gefoerdert_Logo_2zlg_RGB_Kreis_Schwarze-Schrift_500px-1.png\" alt=\"Logo der Deutschen Stiftung f\u00fcr Engagement und Ehrenamt\" class=\"wp-image-686\" srcset=\"https:\/\/www.2000m2.eu\/wp-content\/uploads\/2023_DSEE_Gefoerdert_Logo_2zlg_RGB_Kreis_Schwarze-Schrift_500px-1.png 500w, https:\/\/www.2000m2.eu\/wp-content\/uploads\/2023_DSEE_Gefoerdert_Logo_2zlg_RGB_Kreis_Schwarze-Schrift_500px-1-300x118.png 300w\" sizes=\"(max-width: 500px) 100vw, 500px\" \/><\/a><\/figure>\n<\/div>\n\n\n<p>Die <a href=\"https:\/\/www.deutsche-stiftung-engagement-und-ehrenamt.de\/\">Deutsche Stiftung f\u00fcr Engagement und Ehrenamt (DSEE)<\/a> unterst\u00fctzte uns im Rahmen ihres F\u00f6rderprogramms &#8222;transform-D&#8220; bei der Skalierung der Weltackerbewegung &#8211; insbesondere in Deutschland.<\/p>\n\n\n\n<p><\/p>\n","protected":false},"excerpt":{"rendered":"<p>Wer uns f\u00f6rdert Jeder Weltacker ist finanziell und rechtlich unabh\u00e4ngig. Zahlreiche F\u00f6rder:innen unterst\u00fctzen die Arbeit der regionalen Projekte. Die Arbeit der internationalen Koordination, also des Berliner B\u00fcros der Zukunftsstiftung Landwirtschaft, wird aktuell dank folgender gro\u00dfz\u00fcgiger F\u00f6rderungen erm\u00f6glicht: Gef\u00f6rdert durch ENGAGEMENT GLOBAL mit Mitteln des Engagement Global unterst\u00fctzt uns mit Mitteln des BMZ bei der Erstellung&#8230;<\/p>\n","protected":false},"author":1,"featured_media":1434,"parent":12,"menu_order":14,"comment_status":"closed","ping_status":"closed","template":"","meta":{"footnotes":""},"class_list":["post-25","page","type-page","status-publish","has-post-thumbnail"],"yoast_head":"<!-- This site is optimized with the Yoast SEO plugin v27.5 - https:\/\/yoast.com\/product\/yoast-seo-wordpress\/ -->\n<title>Wer uns f\u00f6rdert - 2000m2<\/title>\n<meta name=\"robots\" content=\"index, follow, max-snippet:-1, max-image-preview:large, max-video-preview:-1\" \/>\n<link rel=\"canonical\" href=\"https:\/\/www.2000m2.eu\/de\/ueber-uns\/wer-uns-foerdert\/\" \/>\n<meta property=\"og:locale\" content=\"de_DE\" \/>\n<meta property=\"og:type\" content=\"article\" \/>\n<meta property=\"og:title\" content=\"Wer uns f\u00f6rdert - 2000m2\" \/>\n<meta property=\"og:description\" content=\"Wer uns f\u00f6rdert Jeder Weltacker ist finanziell und rechtlich unabh\u00e4ngig. Zahlreiche F\u00f6rder:innen unterst\u00fctzen die Arbeit der regionalen Projekte. Die Arbeit der internationalen Koordination, also des Berliner B\u00fcros der Zukunftsstiftung Landwirtschaft, wird aktuell dank folgender gro\u00dfz\u00fcgiger F\u00f6rderungen erm\u00f6glicht: Gef\u00f6rdert durch ENGAGEMENT GLOBAL mit Mitteln des Engagement Global unterst\u00fctzt uns mit Mitteln des BMZ bei der Erstellung...\" \/>\n<meta property=\"og:url\" content=\"https:\/\/www.2000m2.eu\/de\/ueber-uns\/wer-uns-foerdert\/\" \/>\n<meta property=\"og:site_name\" content=\"2000m2\" \/>\n<meta property=\"article:modified_time\" content=\"2026-01-19T12:34:13+00:00\" \/>\n<meta property=\"og:image\" content=\"https:\/\/www.2000m2.eu\/wp-content\/uploads\/Featured_Images_Forderer.jpg\" \/>\n\t<meta property=\"og:image:width\" content=\"1800\" \/>\n\t<meta property=\"og:image:height\" content=\"180\" \/>\n\t<meta property=\"og:image:type\" content=\"image\/jpeg\" \/>\n<meta name=\"twitter:card\" content=\"summary_large_image\" \/>\n<meta name=\"twitter:label1\" content=\"Gesch\u00e4tzte Lesezeit\" \/>\n\t<meta name=\"twitter:data1\" content=\"3\u00a0Minuten\" \/>\n<script type=\"application\/ld+json\" class=\"yoast-schema-graph\">{\"@context\":\"https:\\\/\\\/schema.org\",\"@graph\":[{\"@type\":\"WebPage\",\"@id\":\"https:\\\/\\\/www.2000m2.eu\\\/de\\\/ueber-uns\\\/wer-uns-foerdert\\\/\",\"url\":\"https:\\\/\\\/www.2000m2.eu\\\/de\\\/ueber-uns\\\/wer-uns-foerdert\\\/\",\"name\":\"Wer uns f\u00f6rdert - 2000m2\",\"isPartOf\":{\"@id\":\"https:\\\/\\\/www.2000m2.eu\\\/de\\\/#website\"},\"primaryImageOfPage\":{\"@id\":\"https:\\\/\\\/www.2000m2.eu\\\/de\\\/ueber-uns\\\/wer-uns-foerdert\\\/#primaryimage\"},\"image\":{\"@id\":\"https:\\\/\\\/www.2000m2.eu\\\/de\\\/ueber-uns\\\/wer-uns-foerdert\\\/#primaryimage\"},\"thumbnailUrl\":\"https:\\\/\\\/www.2000m2.eu\\\/wp-content\\\/uploads\\\/Featured_Images_Forderer.jpg\",\"datePublished\":\"2024-09-10T07:50:48+00:00\",\"dateModified\":\"2026-01-19T12:34:13+00:00\",\"breadcrumb\":{\"@id\":\"https:\\\/\\\/www.2000m2.eu\\\/de\\\/ueber-uns\\\/wer-uns-foerdert\\\/#breadcrumb\"},\"inLanguage\":\"de\",\"potentialAction\":[{\"@type\":\"ReadAction\",\"target\":[\"https:\\\/\\\/www.2000m2.eu\\\/de\\\/ueber-uns\\\/wer-uns-foerdert\\\/\"]}]},{\"@type\":\"ImageObject\",\"inLanguage\":\"de\",\"@id\":\"https:\\\/\\\/www.2000m2.eu\\\/de\\\/ueber-uns\\\/wer-uns-foerdert\\\/#primaryimage\",\"url\":\"https:\\\/\\\/www.2000m2.eu\\\/wp-content\\\/uploads\\\/Featured_Images_Forderer.jpg\",\"contentUrl\":\"https:\\\/\\\/www.2000m2.eu\\\/wp-content\\\/uploads\\\/Featured_Images_Forderer.jpg\",\"width\":1800,\"height\":180},{\"@type\":\"BreadcrumbList\",\"@id\":\"https:\\\/\\\/www.2000m2.eu\\\/de\\\/ueber-uns\\\/wer-uns-foerdert\\\/#breadcrumb\",\"itemListElement\":[{\"@type\":\"ListItem\",\"position\":1,\"name\":\"Home\",\"item\":\"https:\\\/\\\/www.2000m2.eu\\\/de\\\/startseite\\\/\"},{\"@type\":\"ListItem\",\"position\":2,\"name\":\"\u00dcber uns\",\"item\":\"https:\\\/\\\/www.2000m2.eu\\\/de\\\/ueber-uns\\\/\"},{\"@type\":\"ListItem\",\"position\":3,\"name\":\"Wer uns f\u00f6rdert\"}]},{\"@type\":\"WebSite\",\"@id\":\"https:\\\/\\\/www.2000m2.eu\\\/de\\\/#website\",\"url\":\"https:\\\/\\\/www.2000m2.eu\\\/de\\\/\",\"name\":\"2000m2\",\"description\":\"\",\"publisher\":{\"@id\":\"https:\\\/\\\/www.2000m2.eu\\\/de\\\/#organization\"},\"potentialAction\":[{\"@type\":\"SearchAction\",\"target\":{\"@type\":\"EntryPoint\",\"urlTemplate\":\"https:\\\/\\\/www.2000m2.eu\\\/de\\\/?s={search_term_string}\"},\"query-input\":{\"@type\":\"PropertyValueSpecification\",\"valueRequired\":true,\"valueName\":\"search_term_string\"}}],\"inLanguage\":\"de\"},{\"@type\":\"Organization\",\"@id\":\"https:\\\/\\\/www.2000m2.eu\\\/de\\\/#organization\",\"name\":\"2000m2\",\"url\":\"https:\\\/\\\/www.2000m2.eu\\\/de\\\/\",\"logo\":{\"@type\":\"ImageObject\",\"inLanguage\":\"de\",\"@id\":\"https:\\\/\\\/www.2000m2.eu\\\/de\\\/#\\\/schema\\\/logo\\\/image\\\/\",\"url\":\"https:\\\/\\\/www.2000m2.eu\\\/wp-content\\\/uploads\\\/logo.png\",\"contentUrl\":\"https:\\\/\\\/www.2000m2.eu\\\/wp-content\\\/uploads\\\/logo.png\",\"width\":445,\"height\":140,\"caption\":\"2000m2\"},\"image\":{\"@id\":\"https:\\\/\\\/www.2000m2.eu\\\/de\\\/#\\\/schema\\\/logo\\\/image\\\/\"}}]}<\/script>\n<!-- \/ Yoast SEO plugin. -->","yoast_head_json":{"title":"Wer uns f\u00f6rdert - 2000m2","robots":{"index":"index","follow":"follow","max-snippet":"max-snippet:-1","max-image-preview":"max-image-preview:large","max-video-preview":"max-video-preview:-1"},"canonical":"https:\/\/www.2000m2.eu\/de\/ueber-uns\/wer-uns-foerdert\/","og_locale":"de_DE","og_type":"article","og_title":"Wer uns f\u00f6rdert - 2000m2","og_description":"Wer uns f\u00f6rdert Jeder Weltacker ist finanziell und rechtlich unabh\u00e4ngig. Zahlreiche F\u00f6rder:innen unterst\u00fctzen die Arbeit der regionalen Projekte. Die Arbeit der internationalen Koordination, also des Berliner B\u00fcros der Zukunftsstiftung Landwirtschaft, wird aktuell dank folgender gro\u00dfz\u00fcgiger F\u00f6rderungen erm\u00f6glicht: Gef\u00f6rdert durch ENGAGEMENT GLOBAL mit Mitteln des Engagement Global unterst\u00fctzt uns mit Mitteln des BMZ bei der Erstellung...","og_url":"https:\/\/www.2000m2.eu\/de\/ueber-uns\/wer-uns-foerdert\/","og_site_name":"2000m2","article_modified_time":"2026-01-19T12:34:13+00:00","og_image":[{"width":1800,"height":180,"url":"https:\/\/www.2000m2.eu\/wp-content\/uploads\/Featured_Images_Forderer.jpg","type":"image\/jpeg"}],"twitter_card":"summary_large_image","twitter_misc":{"Gesch\u00e4tzte Lesezeit":"3\u00a0Minuten"},"schema":{"@context":"https:\/\/schema.org","@graph":[{"@type":"WebPage","@id":"https:\/\/www.2000m2.eu\/de\/ueber-uns\/wer-uns-foerdert\/","url":"https:\/\/www.2000m2.eu\/de\/ueber-uns\/wer-uns-foerdert\/","name":"Wer uns f\u00f6rdert - 2000m2","isPartOf":{"@id":"https:\/\/www.2000m2.eu\/de\/#website"},"primaryImageOfPage":{"@id":"https:\/\/www.2000m2.eu\/de\/ueber-uns\/wer-uns-foerdert\/#primaryimage"},"image":{"@id":"https:\/\/www.2000m2.eu\/de\/ueber-uns\/wer-uns-foerdert\/#primaryimage"},"thumbnailUrl":"https:\/\/www.2000m2.eu\/wp-content\/uploads\/Featured_Images_Forderer.jpg","datePublished":"2024-09-10T07:50:48+00:00","dateModified":"2026-01-19T12:34:13+00:00","breadcrumb":{"@id":"https:\/\/www.2000m2.eu\/de\/ueber-uns\/wer-uns-foerdert\/#breadcrumb"},"inLanguage":"de","potentialAction":[{"@type":"ReadAction","target":["https:\/\/www.2000m2.eu\/de\/ueber-uns\/wer-uns-foerdert\/"]}]},{"@type":"ImageObject","inLanguage":"de","@id":"https:\/\/www.2000m2.eu\/de\/ueber-uns\/wer-uns-foerdert\/#primaryimage","url":"https:\/\/www.2000m2.eu\/wp-content\/uploads\/Featured_Images_Forderer.jpg","contentUrl":"https:\/\/www.2000m2.eu\/wp-content\/uploads\/Featured_Images_Forderer.jpg","width":1800,"height":180},{"@type":"BreadcrumbList","@id":"https:\/\/www.2000m2.eu\/de\/ueber-uns\/wer-uns-foerdert\/#breadcrumb","itemListElement":[{"@type":"ListItem","position":1,"name":"Home","item":"https:\/\/www.2000m2.eu\/de\/startseite\/"},{"@type":"ListItem","position":2,"name":"\u00dcber uns","item":"https:\/\/www.2000m2.eu\/de\/ueber-uns\/"},{"@type":"ListItem","position":3,"name":"Wer uns f\u00f6rdert"}]},{"@type":"WebSite","@id":"https:\/\/www.2000m2.eu\/de\/#website","url":"https:\/\/www.2000m2.eu\/de\/","name":"2000m2","description":"","publisher":{"@id":"https:\/\/www.2000m2.eu\/de\/#organization"},"potentialAction":[{"@type":"SearchAction","target":{"@type":"EntryPoint","urlTemplate":"https:\/\/www.2000m2.eu\/de\/?s={search_term_string}"},"query-input":{"@type":"PropertyValueSpecification","valueRequired":true,"valueName":"search_term_string"}}],"inLanguage":"de"},{"@type":"Organization","@id":"https:\/\/www.2000m2.eu\/de\/#organization","name":"2000m2","url":"https:\/\/www.2000m2.eu\/de\/","logo":{"@type":"ImageObject","inLanguage":"de","@id":"https:\/\/www.2000m2.eu\/de\/#\/schema\/logo\/image\/","url":"https:\/\/www.2000m2.eu\/wp-content\/uploads\/logo.png","contentUrl":"https:\/\/www.2000m2.eu\/wp-content\/uploads\/logo.png","width":445,"height":140,"caption":"2000m2"},"image":{"@id":"https:\/\/www.2000m2.eu\/de\/#\/schema\/logo\/image\/"}}]}},"_links":{"self":[{"href":"https:\/\/www.2000m2.eu\/de\/wp-json\/wp\/v2\/pages\/25","targetHints":{"allow":["GET"]}}],"collection":[{"href":"https:\/\/www.2000m2.eu\/de\/wp-json\/wp\/v2\/pages"}],"about":[{"href":"https:\/\/www.2000m2.eu\/de\/wp-json\/wp\/v2\/types\/page"}],"author":[{"embeddable":true,"href":"https:\/\/www.2000m2.eu\/de\/wp-json\/wp\/v2\/users\/1"}],"replies":[{"embeddable":true,"href":"https:\/\/www.2000m2.eu\/de\/wp-json\/wp\/v2\/comments?post=25"}],"version-history":[{"count":8,"href":"https:\/\/www.2000m2.eu\/de\/wp-json\/wp\/v2\/pages\/25\/revisions"}],"predecessor-version":[{"id":26790,"href":"https:\/\/www.2000m2.eu\/de\/wp-json\/wp\/v2\/pages\/25\/revisions\/26790"}],"up":[{"embeddable":true,"href":"https:\/\/www.2000m2.eu\/de\/wp-json\/wp\/v2\/pages\/12"}],"wp:featuredmedia":[{"embeddable":true,"href":"https:\/\/www.2000m2.eu\/de\/wp-json\/wp\/v2\/media\/1434"}],"wp:attachment":[{"href":"https:\/\/www.2000m2.eu\/de\/wp-json\/wp\/v2\/media?parent=25"}],"curies":[{"name":"wp","href":"https:\/\/api.w.org\/{rel}","templated":true}]}}