{"id":25428,"date":"2025-12-01T09:05:39","date_gmt":"2025-12-01T09:05:39","guid":{"rendered":"https:\/\/www.2000m2.eu\/?page_id=25428"},"modified":"2025-12-01T09:05:43","modified_gmt":"2025-12-01T09:05:43","slug":"barrierefreiheit","status":"publish","type":"page","link":"https:\/\/www.2000m2.eu\/de\/barrierefreiheit\/","title":{"rendered":"Barrierefreiheit"},"content":{"rendered":"\n<h1 class=\"wp-block-heading\">Erkl\u00e4rung zur Barrierefreiheit<\/h1>\n\n\n\n<p>Diese Erkl\u00e4rung zur Barrierefreiheit gilt f\u00fcr aller Sprachversionen der Website <a href=\"http:\/\/www.2000m2.eu\/de\" target=\"_blank\" rel=\"noreferrer noopener\">www.2000m2.eu<\/a>.<br>Die Zukunftsstiftung Landwirtschaft (im GLS Treuhand e.V.) setzt sich daf\u00fcr ein, ihre digitalen Angebote f\u00fcr m\u00f6glichst viele Menschen zug\u00e4nglich zu machen.<\/p>\n\n\n\n<h2 class=\"wp-block-heading\">Beschreibung der Dienstleistung<\/h2>\n\n\n\n<p>Sie k\u00f6nnen auf unserer Seite Spenden t\u00e4tigen, uns kontaktieren und sich (kostenfrei) f\u00fcr Veranstaltungen anmelden.<\/p>\n\n\n\n<h2 class=\"wp-block-heading\">Stand der Vereinbarkeit mit den Anforderungen<\/h2>\n\n\n\n<p>Die Barrierefreiheit der Website orientiert sich an den Anforderungen der Web Content Accessibility Guidelines (WCAG) 2.1 auf Konformit\u00e4tsstufe AA sowie an den in der Europ\u00e4ischen Union und in Deutschland geltenden Vorgaben zur digitalen Barrierefreiheit, insbesondere der Richtlinie (EU) 2016\/2102, der Barrierefreie-Informationstechnik-Verordnung (BITV 2.0), dem Barrierefreiheitsst\u00e4rkungsgesetz (BFSG) und der Barrierefreiheitsst\u00e4rkungsverordnung (BFSGV), soweit anwendbar.<\/p>\n\n\n\n<p>Die Pr\u00fcfung der Barrierefreiheit wurde mit der Pr\u00fcfsoftware Eye-Able durchgef\u00fchrt, die Websites normbasiert nach WCAG-Kriterien analysiert.<\/p>\n\n\n\n<h2 class=\"wp-block-heading\">Bekannte Einschr\u00e4nkungen <\/h2>\n\n\n\n<p>Trotz unserer Bem\u00fchungen k\u00f6nnen derzeit noch folgende Einschr\u00e4nkungen bestehen:<\/p>\n\n\n\n<ul class=\"wp-block-list\">\n<li>Einige Inhalte, insbesondere \u00e4ltere PDF-Dokumente und Medien, sind m\u00f6glicherweise noch nicht vollst\u00e4ndig barrierefrei.<\/li>\n\n\n\n<li>An einigen Stellen kann die Schriftgr\u00f6\u00dfe klein sein und Alternativ-Texte zu Bildern und Links k\u00f6nnen k\u00fcrzer oder l\u00e4nger als empfohlen ausfallen. <\/li>\n<\/ul>\n\n\n\n<p>Wir arbeiten kontinuierlich daran, diese Einschr\u00e4nkungen zu beheben und weitere Verbesserungen umzusetzen.<\/p>\n\n\n\n<p>Diese Erkl\u00e4rung wurde am <strong>01.12.2025<\/strong> erstellt. Die \u00dcberpr\u00fcfung der Website erfolgte mit Hilfe eines automatisierten WCAG-Checks durch Eye-Able sowie anschlie\u00dfender technischer Korrekturen auf Basis der ermittelten Ergebnisse.<\/p>\n\n\n\n<h2 class=\"wp-block-heading\">R\u00fcckmeldung und Kontaktangaben<\/h2>\n\n\n\n<p>Sie haben eine Anmerkung oder einen Hinweis zu Barrieren auf dieser Webseite? Bitte nehmen Sie mit uns Kontakt auf. Wir erkl\u00e4ren Ihnen, welche Barrieren bestehen. Sie k\u00f6nnen sich informieren, welche Ausnahmen wir gemacht haben. Wir beantworten Ihre Fragen schnellstm\u00f6glich, sp\u00e4testens jedoch innerhalb der gesetzlichen Frist von einem Monat. Vielen Dank f\u00fcr Ihr Feedback. Sie k\u00f6nnen uns \u00fcber folgende Adresse kontaktieren:<\/p>\n\n\n\n<p>Verantwortlich f\u00fcr Inhalt und Pflege der Website:<br>Zukunftsstiftung Landwirtschaft<br>Marienstra\u00dfe 19\u201320<br>10117 Berlin<\/p>\n\n\n\n<p>info@2000m2.eu <\/p>\n\n\n\n<p>Sie sind auf Barrieren gesto\u00dfen? Bitte kontaktieren Sie uns und geben Sie eine m\u00f6glichst pr\u00e4zise Beschreibung des Problems sowie die URL der betroffenen Seite an. Wir werden uns bem\u00fchen, Ihre Anfrage schnellstm\u00f6glich zu bearbeiten und Abhilfe zu schaffen.<\/p>\n\n\n\n<p><\/p>\n","protected":false},"excerpt":{"rendered":"<p>Erkl\u00e4rung zur Barrierefreiheit Diese Erkl\u00e4rung zur Barrierefreiheit gilt f\u00fcr aller Sprachversionen der Website www.2000m2.eu.Die Zukunftsstiftung Landwirtschaft (im GLS Treuhand e.V.) setzt sich daf\u00fcr ein, ihre digitalen Angebote f\u00fcr m\u00f6glichst viele Menschen zug\u00e4nglich zu machen. Beschreibung der Dienstleistung Sie k\u00f6nnen auf unserer Seite Spenden t\u00e4tigen, uns kontaktieren und sich (kostenfrei) f\u00fcr Veranstaltungen anmelden. Stand der Vereinbarkeit&#8230;<\/p>\n","protected":false},"author":1,"featured_media":0,"parent":0,"menu_order":0,"comment_status":"closed","ping_status":"closed","template":"","meta":{"footnotes":""},"class_list":["post-25428","page","type-page","status-publish"],"yoast_head":"<!-- This site is optimized with the Yoast SEO plugin v27.3 - https:\/\/yoast.com\/product\/yoast-seo-wordpress\/ -->\n<title>Barrierefreiheit - 2000m2<\/title>\n<meta name=\"robots\" content=\"index, follow, max-snippet:-1, max-image-preview:large, max-video-preview:-1\" \/>\n<link rel=\"canonical\" href=\"https:\/\/www.2000m2.eu\/de\/barrierefreiheit\/\" \/>\n<meta property=\"og:locale\" content=\"de_DE\" \/>\n<meta property=\"og:type\" content=\"article\" \/>\n<meta property=\"og:title\" content=\"Barrierefreiheit - 2000m2\" \/>\n<meta property=\"og:description\" content=\"Erkl\u00e4rung zur Barrierefreiheit Diese Erkl\u00e4rung zur Barrierefreiheit gilt f\u00fcr aller Sprachversionen der Website www.2000m2.eu.Die Zukunftsstiftung Landwirtschaft (im GLS Treuhand e.V.) setzt sich daf\u00fcr ein, ihre digitalen Angebote f\u00fcr m\u00f6glichst viele Menschen zug\u00e4nglich zu machen. Beschreibung der Dienstleistung Sie k\u00f6nnen auf unserer Seite Spenden t\u00e4tigen, uns kontaktieren und sich (kostenfrei) f\u00fcr Veranstaltungen anmelden. Stand der Vereinbarkeit...\" \/>\n<meta property=\"og:url\" content=\"https:\/\/www.2000m2.eu\/de\/barrierefreiheit\/\" \/>\n<meta property=\"og:site_name\" content=\"2000m2\" \/>\n<meta property=\"article:modified_time\" content=\"2025-12-01T09:05:43+00:00\" \/>\n<meta name=\"twitter:card\" content=\"summary_large_image\" \/>\n<meta name=\"twitter:label1\" content=\"Gesch\u00e4tzte Lesezeit\" \/>\n\t<meta name=\"twitter:data1\" content=\"2\u00a0Minuten\" \/>\n<script type=\"application\/ld+json\" class=\"yoast-schema-graph\">{\"@context\":\"https:\\\/\\\/schema.org\",\"@graph\":[{\"@type\":\"WebPage\",\"@id\":\"https:\\\/\\\/www.2000m2.eu\\\/de\\\/barrierefreiheit\\\/\",\"url\":\"https:\\\/\\\/www.2000m2.eu\\\/de\\\/barrierefreiheit\\\/\",\"name\":\"Barrierefreiheit - 2000m2\",\"isPartOf\":{\"@id\":\"https:\\\/\\\/www.2000m2.eu\\\/de\\\/#website\"},\"datePublished\":\"2025-12-01T09:05:39+00:00\",\"dateModified\":\"2025-12-01T09:05:43+00:00\",\"breadcrumb\":{\"@id\":\"https:\\\/\\\/www.2000m2.eu\\\/de\\\/barrierefreiheit\\\/#breadcrumb\"},\"inLanguage\":\"de\",\"potentialAction\":[{\"@type\":\"ReadAction\",\"target\":[\"https:\\\/\\\/www.2000m2.eu\\\/de\\\/barrierefreiheit\\\/\"]}]},{\"@type\":\"BreadcrumbList\",\"@id\":\"https:\\\/\\\/www.2000m2.eu\\\/de\\\/barrierefreiheit\\\/#breadcrumb\",\"itemListElement\":[{\"@type\":\"ListItem\",\"position\":1,\"name\":\"Home\",\"item\":\"https:\\\/\\\/www.2000m2.eu\\\/de\\\/startseite\\\/\"},{\"@type\":\"ListItem\",\"position\":2,\"name\":\"Barrierefreiheit\"}]},{\"@type\":\"WebSite\",\"@id\":\"https:\\\/\\\/www.2000m2.eu\\\/de\\\/#website\",\"url\":\"https:\\\/\\\/www.2000m2.eu\\\/de\\\/\",\"name\":\"2000m2\",\"description\":\"\",\"publisher\":{\"@id\":\"https:\\\/\\\/www.2000m2.eu\\\/de\\\/#organization\"},\"potentialAction\":[{\"@type\":\"SearchAction\",\"target\":{\"@type\":\"EntryPoint\",\"urlTemplate\":\"https:\\\/\\\/www.2000m2.eu\\\/de\\\/?s={search_term_string}\"},\"query-input\":{\"@type\":\"PropertyValueSpecification\",\"valueRequired\":true,\"valueName\":\"search_term_string\"}}],\"inLanguage\":\"de\"},{\"@type\":\"Organization\",\"@id\":\"https:\\\/\\\/www.2000m2.eu\\\/de\\\/#organization\",\"name\":\"2000m2\",\"url\":\"https:\\\/\\\/www.2000m2.eu\\\/de\\\/\",\"logo\":{\"@type\":\"ImageObject\",\"inLanguage\":\"de\",\"@id\":\"https:\\\/\\\/www.2000m2.eu\\\/de\\\/#\\\/schema\\\/logo\\\/image\\\/\",\"url\":\"https:\\\/\\\/www.2000m2.eu\\\/wp-content\\\/uploads\\\/logo.png\",\"contentUrl\":\"https:\\\/\\\/www.2000m2.eu\\\/wp-content\\\/uploads\\\/logo.png\",\"width\":445,\"height\":140,\"caption\":\"2000m2\"},\"image\":{\"@id\":\"https:\\\/\\\/www.2000m2.eu\\\/de\\\/#\\\/schema\\\/logo\\\/image\\\/\"}}]}<\/script>\n<!-- \/ Yoast SEO plugin. -->","yoast_head_json":{"title":"Barrierefreiheit - 2000m2","robots":{"index":"index","follow":"follow","max-snippet":"max-snippet:-1","max-image-preview":"max-image-preview:large","max-video-preview":"max-video-preview:-1"},"canonical":"https:\/\/www.2000m2.eu\/de\/barrierefreiheit\/","og_locale":"de_DE","og_type":"article","og_title":"Barrierefreiheit - 2000m2","og_description":"Erkl\u00e4rung zur Barrierefreiheit Diese Erkl\u00e4rung zur Barrierefreiheit gilt f\u00fcr aller Sprachversionen der Website www.2000m2.eu.Die Zukunftsstiftung Landwirtschaft (im GLS Treuhand e.V.) setzt sich daf\u00fcr ein, ihre digitalen Angebote f\u00fcr m\u00f6glichst viele Menschen zug\u00e4nglich zu machen. Beschreibung der Dienstleistung Sie k\u00f6nnen auf unserer Seite Spenden t\u00e4tigen, uns kontaktieren und sich (kostenfrei) f\u00fcr Veranstaltungen anmelden. Stand der Vereinbarkeit...","og_url":"https:\/\/www.2000m2.eu\/de\/barrierefreiheit\/","og_site_name":"2000m2","article_modified_time":"2025-12-01T09:05:43+00:00","twitter_card":"summary_large_image","twitter_misc":{"Gesch\u00e4tzte Lesezeit":"2\u00a0Minuten"},"schema":{"@context":"https:\/\/schema.org","@graph":[{"@type":"WebPage","@id":"https:\/\/www.2000m2.eu\/de\/barrierefreiheit\/","url":"https:\/\/www.2000m2.eu\/de\/barrierefreiheit\/","name":"Barrierefreiheit - 2000m2","isPartOf":{"@id":"https:\/\/www.2000m2.eu\/de\/#website"},"datePublished":"2025-12-01T09:05:39+00:00","dateModified":"2025-12-01T09:05:43+00:00","breadcrumb":{"@id":"https:\/\/www.2000m2.eu\/de\/barrierefreiheit\/#breadcrumb"},"inLanguage":"de","potentialAction":[{"@type":"ReadAction","target":["https:\/\/www.2000m2.eu\/de\/barrierefreiheit\/"]}]},{"@type":"BreadcrumbList","@id":"https:\/\/www.2000m2.eu\/de\/barrierefreiheit\/#breadcrumb","itemListElement":[{"@type":"ListItem","position":1,"name":"Home","item":"https:\/\/www.2000m2.eu\/de\/startseite\/"},{"@type":"ListItem","position":2,"name":"Barrierefreiheit"}]},{"@type":"WebSite","@id":"https:\/\/www.2000m2.eu\/de\/#website","url":"https:\/\/www.2000m2.eu\/de\/","name":"2000m2","description":"","publisher":{"@id":"https:\/\/www.2000m2.eu\/de\/#organization"},"potentialAction":[{"@type":"SearchAction","target":{"@type":"EntryPoint","urlTemplate":"https:\/\/www.2000m2.eu\/de\/?s={search_term_string}"},"query-input":{"@type":"PropertyValueSpecification","valueRequired":true,"valueName":"search_term_string"}}],"inLanguage":"de"},{"@type":"Organization","@id":"https:\/\/www.2000m2.eu\/de\/#organization","name":"2000m2","url":"https:\/\/www.2000m2.eu\/de\/","logo":{"@type":"ImageObject","inLanguage":"de","@id":"https:\/\/www.2000m2.eu\/de\/#\/schema\/logo\/image\/","url":"https:\/\/www.2000m2.eu\/wp-content\/uploads\/logo.png","contentUrl":"https:\/\/www.2000m2.eu\/wp-content\/uploads\/logo.png","width":445,"height":140,"caption":"2000m2"},"image":{"@id":"https:\/\/www.2000m2.eu\/de\/#\/schema\/logo\/image\/"}}]}},"_links":{"self":[{"href":"https:\/\/www.2000m2.eu\/de\/wp-json\/wp\/v2\/pages\/25428","targetHints":{"allow":["GET"]}}],"collection":[{"href":"https:\/\/www.2000m2.eu\/de\/wp-json\/wp\/v2\/pages"}],"about":[{"href":"https:\/\/www.2000m2.eu\/de\/wp-json\/wp\/v2\/types\/page"}],"author":[{"embeddable":true,"href":"https:\/\/www.2000m2.eu\/de\/wp-json\/wp\/v2\/users\/1"}],"replies":[{"embeddable":true,"href":"https:\/\/www.2000m2.eu\/de\/wp-json\/wp\/v2\/comments?post=25428"}],"version-history":[{"count":1,"href":"https:\/\/www.2000m2.eu\/de\/wp-json\/wp\/v2\/pages\/25428\/revisions"}],"predecessor-version":[{"id":25432,"href":"https:\/\/www.2000m2.eu\/de\/wp-json\/wp\/v2\/pages\/25428\/revisions\/25432"}],"wp:attachment":[{"href":"https:\/\/www.2000m2.eu\/de\/wp-json\/wp\/v2\/media?parent=25428"}],"curies":[{"name":"wp","href":"https:\/\/api.w.org\/{rel}","templated":true}]}}