{"id":27819,"date":"2026-02-13T21:58:01","date_gmt":"2026-02-13T21:58:01","guid":{"rendered":"https:\/\/www.2000m2.eu\/?page_id=27819"},"modified":"2026-02-15T18:39:42","modified_gmt":"2026-02-15T18:39:42","slug":"apcnf-in-berlin","status":"publish","type":"page","link":"https:\/\/www.2000m2.eu\/de\/apcnf-in-berlin\/","title":{"rendered":"APCNF B\u00e4uerinnen in Berlin"},"content":{"rendered":"\n<h1 class=\"wp-block-heading\">Farming for Climate and Health <\/h1>\n\n\n\n<h2 class=\"wp-block-heading\">Die stille Revolution der Kleinb\u00e4uerinnen aus Andhra Pradesh<\/h2>\n\n\n\n<p>Es klingt zu gut, um wahr zu sein: Kleinb\u00e4uerinnen und -bauern \u00fcberwinden Armut, Hunger und Fehlern\u00e4hrung, befreien sich gemeinsam aus der Schuldenfalle und trotzen mit ihren Innovationen von unten dem Klimawandel.<br><strong>Andhra Pradesh Community Managed Natural Farming (APCNF) <\/strong>ist die weltweit vielleicht gr\u00f6\u00dfte agrar\u00f6kologische Bewegung! <\/p>\n\n\n\n<p><\/p>\n\n\n\n<h2 class=\"wp-block-heading has--font-size\"><u><strong>Montag, 23. Februar, 19 Uhr<\/strong><\/u><\/h2>\n\n\n\n<h2 class=\"wp-block-heading has-large-font-size\"><strong><a href=\"https:\/\/www.kulturmarkthalle.berlin\/\">KulturMarktHalle<\/a><\/strong><\/h2>\n\n\n\n<h3 class=\"wp-block-heading\"><a href=\"https:\/\/www.google.de\/maps\/dir\/\/Hanns-Eisler-Stra%C3%9Fe+93,+10409+Berlin\/@52.5396682,13.4495391,517m\/data=!3m1!1e3!4m19!1m9!3m8!1s0x47a84ddf1a28d2c7:0xd7c3e3dfb49b2470!2sHanns-Eisler-Stra%C3%9Fe+93!3b1!4b1!8m2!3d52.539832!4d13.452455!16s%2Fg%2F11c5n8_hh7!4m8!1m0!1m5!1m1!1s0x47a84ddf1a28d2c7:0xd7c3e3dfb49b2470!2m2!1d13.452455!2d52.539832!3e3?entry=ttu&amp;g_ep=EgoyMDI2MDIxMS4wIKXMDSoASAFQAw%3D%3D\">Hanns-Eisler-Stra\u00dfe 93, 10409 Berlin<\/a> <\/h3>\n\n\n\n<div class=\"wp-block-group is-nowrap is-layout-flex wp-container-core-group-is-layout-6c531013 wp-block-group-is-layout-flex\"><style>.kb-image27819_1993c6-07 .kb-image-has-overlay:after{opacity:0.3;}<\/style>\n<div class=\"wp-block-kadence-image kb-image27819_1993c6-07\"><figure class=\"alignright size-large\"><img decoding=\"async\" width=\"1024\" height=\"1024\" src=\"https:\/\/www.2000m2.eu\/wp-content\/uploads\/speaker_berlin-1024x1024.jpg\" alt=\"\" class=\"kb-img wp-image-27860\" srcset=\"https:\/\/www.2000m2.eu\/wp-content\/uploads\/speaker_berlin-1024x1024.jpg 1024w, https:\/\/www.2000m2.eu\/wp-content\/uploads\/speaker_berlin-300x300.jpg 300w, https:\/\/www.2000m2.eu\/wp-content\/uploads\/speaker_berlin-768x768.jpg 768w, https:\/\/www.2000m2.eu\/wp-content\/uploads\/speaker_berlin.jpg 1080w\" sizes=\"(max-width: 1024px) 100vw, 1024px\" \/><\/figure><\/div>\n\n\n\n<p class=\"has-medium-font-size\">Zwei junge B\u00e4uerinnen,<strong> <a href=\"https:\/\/www.2000m2.eu\/wp-content\/uploads\/Jyothi-B-Women-Farmer-5.pdf\">Bobbili Jyothi<\/a> und <a href=\"https:\/\/www.2000m2.eu\/wp-content\/uploads\/Kopie-von-Narasamma-Case-Study-2.pdf\">Arika Narasamm<\/a>a<\/strong>, pr\u00e4sentieren und diskutieren ihre Erfolgsgeschichte<br><br>Mit dabei sind <strong>Alexander M\u00fcller<\/strong> (TMC, Staatssekret\u00e4r und Vize-Generalsekret\u00e4r der FAO a.D.),<br>Tim Heckmann, APCNF Forschungspartner vom <strong>Potsdam Institut f\u00fcr Klimafolgenforschung<\/strong> (PIK),<br><strong>Swati Renduchintala<\/strong> und <strong>Sudhakar Yerrakonda<\/strong>, zust\u00e4ndig f\u00fcr internationalen Austausch und f\u00fcr die Bildungsprogramme beim APCNF Betreiber <strong>Rythu Sadhikara Samstha<\/strong> <br>Moderation: <strong>Benny Haerlin<\/strong> von der <strong>Zukunftsstiftung Landwirtschaft<\/strong>, die vom 10.2. bis 5.3.26 eine <a href=\"https:\/\/www.2000m2.eu\/de\/aktuelles\/apcnf-tour-die-uebersicht\/#\">APCNF Europa-Tour <\/a>organisiert.<br><br>Die Veranstaltung ist auf <strong>Englisch<\/strong>. <br>Danach gern noch auf ein Glas Tee oder ein Bier. <br><br><em>Sagt es gerne weiter und bringt Interessierte mit! <\/em><br><br>F\u00fcr eine bessere Planung freuen wir uns \u00fcber eine <strong>formlose Anmeldung unter international@2000m2.eu<\/strong>.<br><br><br><\/p>\n\n\n\n<p><\/p>\n<\/div>\n\n\n\n<p><\/p>\n\n\n\n<h3 class=\"wp-block-heading\">Hintergrund<\/h3>\n\n\n<div class=\"wp-block-image\">\n<figure class=\"alignright size-large is-resized\"><img decoding=\"async\" width=\"1024\" height=\"608\" src=\"https:\/\/www.2000m2.eu\/wp-content\/uploads\/Jyothi_with_colleagues-1024x608.jpg\" alt=\"Jyothi Bobbili with her colleagues on the field\" class=\"wp-image-27881\" style=\"width:570px;height:auto\" srcset=\"https:\/\/www.2000m2.eu\/wp-content\/uploads\/Jyothi_with_colleagues-1024x608.jpg 1024w, https:\/\/www.2000m2.eu\/wp-content\/uploads\/Jyothi_with_colleagues-300x178.jpg 300w, https:\/\/www.2000m2.eu\/wp-content\/uploads\/Jyothi_with_colleagues-768x456.jpg 768w, https:\/\/www.2000m2.eu\/wp-content\/uploads\/Jyothi_with_colleagues.jpg 1308w\" sizes=\"(max-width: 1024px) 100vw, 1024px\" \/><\/figure>\n<\/div>\n\n\n<p>\u00dcber eine Million H\u00f6fe (zum Vergleich: ganz Deutschland hat noch 250.000) haben in den letzten zehn Jahren in Andhra Pradesh auf die neun Prinzipien von APCNF umgestellt, die stark an hiesige Bioprinzipien erinnern, aber auch dar\u00fcber hinausgehen. Natural Farming beruht auf Vielfalt im Anbau, Humusaufbau, gezielter Stimulation des Bodenmikrobioms ohne Chemie und Gentechnik und der Solidarit\u00e4t unter den Frauen der beteiligten Gemeinden.&nbsp; Erfolgreich sind sie, weil Einkommen und Ern\u00e4hrungssicherheit sofort steigen und Mensch und Boden gesunden.<\/p>\n\n\n\n<p>In den 1970er Jahren war Andhra Pradesh Kernland des Anbaus von Reis-Hochleistungs\u00adsorten mit k\u00fcnstlicher Bew\u00e4sserung und Chemie. Doch die Produktivit\u00e4tsgewinne dieser \u201egr\u00fcnen Revolution\u201c konnten weder Hunger noch Armut, noch die \u00dcberschuldung der Klein\u00adbauern \u00fcberwinden und verursachen immer gr\u00f6\u00dfere Sch\u00e4den. <br>Vor allem hat die \u201echemische Landwirtschaft\u201c, wie sie dort hei\u00dft, kein Rezept gegen die dortigen Folgen des Klimawandels: Extreme Hitze, D\u00fcrreperioden, Cyclone und \u00dcber\u00adschwemmungen.<\/p>\n\n\n<style>.kb-image27819_265d23-b8.kb-image-is-ratio-size, .kb-image27819_265d23-b8 .kb-image-is-ratio-size{max-width:536px;width:100%;}.wp-block-kadence-column > .kt-inside-inner-col > .kb-image27819_265d23-b8.kb-image-is-ratio-size, .wp-block-kadence-column > .kt-inside-inner-col > .kb-image27819_265d23-b8 .kb-image-is-ratio-size{align-self:unset;}.kb-image27819_265d23-b8 figure{max-width:536px;}.kb-image27819_265d23-b8 .image-is-svg, .kb-image27819_265d23-b8 .image-is-svg img{width:100%;}.kb-image27819_265d23-b8 .kb-image-has-overlay:after{opacity:0.3;}<\/style>\n<div class=\"wp-block-kadence-image kb-image27819_265d23-b8\"><figure class=\"alignleft size-medium_large\"><img decoding=\"async\" width=\"768\" height=\"512\" src=\"https:\/\/www.2000m2.eu\/wp-content\/uploads\/DSC07042-768x512.jpg\" alt=\"Mehrere Frauen im Sari r\u00fchren in einer gro\u00dfen Metallsch\u00fcssel einen Sud aus gr\u00fcnen Bl\u00e4ttern\" class=\"kb-img wp-image-26421\" srcset=\"https:\/\/www.2000m2.eu\/wp-content\/uploads\/DSC07042-768x512.jpg 768w, https:\/\/www.2000m2.eu\/wp-content\/uploads\/DSC07042-300x200.jpg 300w, https:\/\/www.2000m2.eu\/wp-content\/uploads\/DSC07042-1024x683.jpg 1024w, https:\/\/www.2000m2.eu\/wp-content\/uploads\/DSC07042-1536x1024.jpg 1536w, https:\/\/www.2000m2.eu\/wp-content\/uploads\/DSC07042-450x300.jpg 450w, https:\/\/www.2000m2.eu\/wp-content\/uploads\/DSC07042.jpg 1920w\" sizes=\"(max-width: 768px) 100vw, 768px\" \/><\/figure><\/div>\n\n\n\n<p>Die APCNF B\u00e4uerinnen entwickeln dagegen gemeinsam mit Wissen\u00adschaftler*innen aus aller Welt Innovationen von unten, die sie direkt in der Praxis testen und optimieren. Neue Saatgutmischungen und biologische Pr\u00e4parate, Drohnen\u00adeinsatz, Daten- und Wissensmanagement mit Mobiltelefonen finden sich in ihrem Baukasten genauso wie die Einf\u00fchrung einer kompletten, zus\u00e4tzlichen Anbausaison.<br>Erfahrt mehr \u00fcber diese ermutigende und inspirierende Garten- und Feldrevolution aus erster Hand von Bobbili Jyothi und Narasamma Arika, die jeweils einen halben Hektar Land und einen \u201eAnytime Money\u201c K\u00fcchengarten bewirt\u00adschaf\u00adten und an der Deutsch-Indischen Akademie f\u00fcr Agrar\u00f6kologie ausgebildet wurden. \u00dcbrigens: Die UNO hat 2026 zum globalen Jahr der B\u00e4uerinnen erkl\u00e4rt &#8211; lasst uns diese Pionierinnen aus Indien also zu Wort kommen und feiern!<br><br><strong><a href=\"https:\/\/www.2000m2.eu\/de\/aktuelles\/auf-tour-durch-europa\/\">Hintergrundinformationen<\/a> <\/strong>\u00fcber APCNF und die <a href=\"https:\/\/www.2000m2.eu\/de\/aktuelles\/apcnf-tour-die-uebersicht\/\">Europatour<\/a> <br><br><a href=\"https:\/\/youtu.be\/QuURnKEoZBY\">Video von Bobbili Jyothi <\/a><\/p>\n\n\n\n<p><a href=\"https:\/\/youtu.be\/dAJyQvIWQto\">Video von Narasamma Arika<\/a><\/p>\n\n\n\n<h2 class=\"wp-block-heading\">Mehr Infos auf Youtube:<br><br><\/h2>\n\n\n\n<figure class=\"wp-block-embed is-type-video is-provider-youtube wp-block-embed-youtube wp-embed-aspect-16-9 wp-has-aspect-ratio\"><div class=\"wp-block-embed__wrapper\">\n <div class=\"brlbs-cmpnt-container brlbs-cmpnt-content-blocker brlbs-cmpnt-with-individual-styles\" data-borlabs-cookie-content-blocker-id=\"default\" data-borlabs-cookie-content=\"PGlmcmFtZSB0aXRsZT0iTmF0dXJhbCBGYXJtaW5nIFp1c2FtbWVuIHwgQm9iYmlsaSBKeW90aGkgfCBBbmFrYXBhbGxpIERpc3RyaWN0IiB3aWR0aD0iMTIwMCIgaGVpZ2h0PSI2NzUiIHNyYz0iaHR0cHM6Ly93d3cueW91dHViZS5jb20vZW1iZWQvUXVVUm5LRW9aQlk\/ZmVhdHVyZT1vZW1iZWQiIGZyYW1lYm9yZGVyPSIwIiBhbGxvdz0iYWNjZWxlcm9tZXRlcjsgYXV0b3BsYXk7IGNsaXBib2FyZC13cml0ZTsgZW5jcnlwdGVkLW1lZGlhOyBneXJvc2NvcGU7IHBpY3R1cmUtaW4tcGljdHVyZTsgd2ViLXNoYXJlIiByZWZlcnJlcnBvbGljeT0ic3RyaWN0LW9yaWdpbi13aGVuLWNyb3NzLW9yaWdpbiIgYWxsb3dmdWxsc2NyZWVuPjwvaWZyYW1lPg==\"><div class=\"brlbs-cmpnt-cb-preset-a\"> <p class=\"brlbs-cmpnt-cb-description\">Sie sehen gerade einen Platzhalterinhalt von <strong>Standard<\/strong>. Um auf den eigentlichen Inhalt zuzugreifen, klicken Sie auf den Button unten. Bitte beachten Sie, dass dabei Daten an Drittanbieter weitergegeben werden.<\/p> <div class=\"brlbs-cmpnt-cb-buttons\"> <a class=\"brlbs-cmpnt-cb-btn\" href=\"#\" data-borlabs-cookie-unblock role=\"button\">Inhalt entsperren<\/a> <a class=\"brlbs-cmpnt-cb-btn\" href=\"#\" data-borlabs-cookie-accept-service role=\"button\" style=\"display: none\">Erforderlichen Service akzeptieren und Inhalte entsperren<\/a> <\/div> <a class=\"brlbs-cmpnt-cb-provider-toggle\" href=\"#\" data-borlabs-cookie-show-provider-information role=\"button\">Weitere Informationen<\/a> <\/div><\/div>\n<\/div><figcaption class=\"wp-element-caption\">Hier stellt sich Bobbili Jyothi vor. <\/figcaption><\/figure>\n\n\n\n<figure class=\"wp-block-embed is-type-video is-provider-youtube wp-block-embed-youtube wp-embed-aspect-16-9 wp-has-aspect-ratio\"><div class=\"wp-block-embed__wrapper\">\n <div class=\"brlbs-cmpnt-container brlbs-cmpnt-content-blocker brlbs-cmpnt-with-individual-styles\" data-borlabs-cookie-content-blocker-id=\"default\" data-borlabs-cookie-content=\"PGlmcmFtZSB0aXRsZT0iV3VyemVsbiBkZXIgUmVzaWxpZW56IHwgQXJpa2EgTmFyYXNhbW1hIHwgUGFydmF0aXB1cmFtIE1hbnlhbSIgd2lkdGg9IjEyMDAiIGhlaWdodD0iNjc1IiBzcmM9Imh0dHBzOi8vd3d3LnlvdXR1YmUuY29tL2VtYmVkL2RBSnlRdklXUXRvP2ZlYXR1cmU9b2VtYmVkIiBmcmFtZWJvcmRlcj0iMCIgYWxsb3c9ImFjY2VsZXJvbWV0ZXI7IGF1dG9wbGF5OyBjbGlwYm9hcmQtd3JpdGU7IGVuY3J5cHRlZC1tZWRpYTsgZ3lyb3Njb3BlOyBwaWN0dXJlLWluLXBpY3R1cmU7IHdlYi1zaGFyZSIgcmVmZXJyZXJwb2xpY3k9InN0cmljdC1vcmlnaW4td2hlbi1jcm9zcy1vcmlnaW4iIGFsbG93ZnVsbHNjcmVlbj48L2lmcmFtZT4=\"><div class=\"brlbs-cmpnt-cb-preset-a\"> <p class=\"brlbs-cmpnt-cb-description\">Sie sehen gerade einen Platzhalterinhalt von <strong>Standard<\/strong>. Um auf den eigentlichen Inhalt zuzugreifen, klicken Sie auf den Button unten. Bitte beachten Sie, dass dabei Daten an Drittanbieter weitergegeben werden.<\/p> <div class=\"brlbs-cmpnt-cb-buttons\"> <a class=\"brlbs-cmpnt-cb-btn\" href=\"#\" data-borlabs-cookie-unblock role=\"button\">Inhalt entsperren<\/a> <a class=\"brlbs-cmpnt-cb-btn\" href=\"#\" data-borlabs-cookie-accept-service role=\"button\" style=\"display: none\">Erforderlichen Service akzeptieren und Inhalte entsperren<\/a> <\/div> <a class=\"brlbs-cmpnt-cb-provider-toggle\" href=\"#\" data-borlabs-cookie-show-provider-information role=\"button\">Weitere Informationen<\/a> <\/div><\/div>\n<\/div><figcaption class=\"wp-element-caption\">Hier stellt sich Narasamma Arika vor.<\/figcaption><\/figure>\n\n\n\n<figure class=\"wp-block-embed is-type-video is-provider-youtube wp-block-embed-youtube wp-embed-aspect-16-9 wp-has-aspect-ratio\"><div class=\"wp-block-embed__wrapper\">\n <div class=\"brlbs-cmpnt-container brlbs-cmpnt-content-blocker brlbs-cmpnt-with-individual-styles\" data-borlabs-cookie-content-blocker-id=\"default\" data-borlabs-cookie-content=\"PGlmcmFtZSB0aXRsZT0iVGhlIEFQQ05GICAgIDIwMjYiIHdpZHRoPSIxMjAwIiBoZWlnaHQ9IjY3NSIgc3JjPSJodHRwczovL3d3dy55b3V0dWJlLmNvbS9lbWJlZC94MzdJZnV6MktaZz9mZWF0dXJlPW9lbWJlZCIgZnJhbWVib3JkZXI9IjAiIGFsbG93PSJhY2NlbGVyb21ldGVyOyBhdXRvcGxheTsgY2xpcGJvYXJkLXdyaXRlOyBlbmNyeXB0ZWQtbWVkaWE7IGd5cm9zY29wZTsgcGljdHVyZS1pbi1waWN0dXJlOyB3ZWItc2hhcmUiIHJlZmVycmVycG9saWN5PSJzdHJpY3Qtb3JpZ2luLXdoZW4tY3Jvc3Mtb3JpZ2luIiBhbGxvd2Z1bGxzY3JlZW4+PC9pZnJhbWU+\"><div class=\"brlbs-cmpnt-cb-preset-a\"> <p class=\"brlbs-cmpnt-cb-description\">Sie sehen gerade einen Platzhalterinhalt von <strong>Standard<\/strong>. Um auf den eigentlichen Inhalt zuzugreifen, klicken Sie auf den Button unten. Bitte beachten Sie, dass dabei Daten an Drittanbieter weitergegeben werden.<\/p> <div class=\"brlbs-cmpnt-cb-buttons\"> <a class=\"brlbs-cmpnt-cb-btn\" href=\"#\" data-borlabs-cookie-unblock role=\"button\">Inhalt entsperren<\/a> <a class=\"brlbs-cmpnt-cb-btn\" href=\"#\" data-borlabs-cookie-accept-service role=\"button\" style=\"display: none\">Erforderlichen Service akzeptieren und Inhalte entsperren<\/a> <\/div> <a class=\"brlbs-cmpnt-cb-provider-toggle\" href=\"#\" data-borlabs-cookie-show-provider-information role=\"button\">Weitere Informationen<\/a> <\/div><\/div>\n<\/div><\/figure>\n\n\n\n<p>Mehr Infos \u00fcber APCNF allgemein. <\/p>\n\n\n\n<div data-wp-interactive=\"core\/file\" class=\"wp-block-file\"><object data-wp-bind--hidden=\"!state.hasPdfPreview\" hidden class=\"wp-block-file__embed\" data=\"https:\/\/www.2000m2.eu\/wp-content\/uploads\/Flyer_APCNF-in-Berlin.pdf\" type=\"application\/pdf\" style=\"width:100%;height:600px\" aria-label=\"Einbettung von Flyer_APCNF in Berlin.\"><\/object><a id=\"wp-block-file--media-84d0fd7b-0732-4144-9655-f897c2ec934f\" href=\"https:\/\/www.2000m2.eu\/wp-content\/uploads\/Flyer_APCNF-in-Berlin.pdf\">Flyer_APCNF in Berlin<\/a><a href=\"https:\/\/www.2000m2.eu\/wp-content\/uploads\/Flyer_APCNF-in-Berlin.pdf\" class=\"wp-block-file__button wp-element-button\" download aria-describedby=\"wp-block-file--media-84d0fd7b-0732-4144-9655-f897c2ec934f\">Download<\/a><\/div>\n\n\n\n<p><\/p>\n","protected":false},"excerpt":{"rendered":"<p>Farming for Climate and Health Die stille Revolution der Kleinb\u00e4uerinnen aus Andhra Pradesh Es klingt zu gut, um wahr zu sein: Kleinb\u00e4uerinnen und -bauern \u00fcberwinden Armut, Hunger und Fehlern\u00e4hrung, befreien sich gemeinsam aus der Schuldenfalle und trotzen mit ihren Innovationen von unten dem Klimawandel.Andhra Pradesh Community Managed Natural Farming (APCNF) ist die weltweit vielleicht gr\u00f6\u00dfte&#8230;<\/p>\n","protected":false},"author":1,"featured_media":27822,"parent":0,"menu_order":0,"comment_status":"closed","ping_status":"closed","template":"","meta":{"footnotes":""},"class_list":["post-27819","page","type-page","status-publish","has-post-thumbnail"],"yoast_head":"<!-- This site is optimized with the Yoast SEO plugin v27.4 - https:\/\/yoast.com\/product\/yoast-seo-wordpress\/ -->\n<title>APCNF B\u00e4uerinnen in Berlin - 2000m2<\/title>\n<meta name=\"robots\" content=\"index, follow, max-snippet:-1, max-image-preview:large, max-video-preview:-1\" \/>\n<link rel=\"canonical\" href=\"https:\/\/www.2000m2.eu\/de\/apcnf-in-berlin\/\" \/>\n<meta property=\"og:locale\" content=\"de_DE\" \/>\n<meta property=\"og:type\" content=\"article\" \/>\n<meta property=\"og:title\" content=\"APCNF B\u00e4uerinnen in Berlin - 2000m2\" \/>\n<meta property=\"og:description\" content=\"Farming for Climate and Health Die stille Revolution der Kleinb\u00e4uerinnen aus Andhra Pradesh Es klingt zu gut, um wahr zu sein: Kleinb\u00e4uerinnen und -bauern \u00fcberwinden Armut, Hunger und Fehlern\u00e4hrung, befreien sich gemeinsam aus der Schuldenfalle und trotzen mit ihren Innovationen von unten dem Klimawandel.Andhra Pradesh Community Managed Natural Farming (APCNF) ist die weltweit vielleicht gr\u00f6\u00dfte...\" \/>\n<meta property=\"og:url\" content=\"https:\/\/www.2000m2.eu\/de\/apcnf-in-berlin\/\" \/>\n<meta property=\"og:site_name\" content=\"2000m2\" \/>\n<meta property=\"article:modified_time\" content=\"2026-02-15T18:39:42+00:00\" \/>\n<meta property=\"og:image\" content=\"https:\/\/www.2000m2.eu\/wp-content\/uploads\/Featured_Images_Seiten-2.jpg\" \/>\n\t<meta property=\"og:image:width\" content=\"1800\" \/>\n\t<meta property=\"og:image:height\" content=\"180\" \/>\n\t<meta property=\"og:image:type\" content=\"image\/jpeg\" \/>\n<meta name=\"twitter:card\" content=\"summary_large_image\" \/>\n<meta name=\"twitter:label1\" content=\"Gesch\u00e4tzte Lesezeit\" \/>\n\t<meta name=\"twitter:data1\" content=\"3\u00a0Minuten\" \/>\n<script type=\"application\/ld+json\" class=\"yoast-schema-graph\">{\"@context\":\"https:\\\/\\\/schema.org\",\"@graph\":[{\"@type\":\"WebPage\",\"@id\":\"https:\\\/\\\/www.2000m2.eu\\\/de\\\/apcnf-in-berlin\\\/\",\"url\":\"https:\\\/\\\/www.2000m2.eu\\\/de\\\/apcnf-in-berlin\\\/\",\"name\":\"APCNF B\u00e4uerinnen in Berlin - 2000m2\",\"isPartOf\":{\"@id\":\"https:\\\/\\\/www.2000m2.eu\\\/de\\\/#website\"},\"primaryImageOfPage\":{\"@id\":\"https:\\\/\\\/www.2000m2.eu\\\/de\\\/apcnf-in-berlin\\\/#primaryimage\"},\"image\":{\"@id\":\"https:\\\/\\\/www.2000m2.eu\\\/de\\\/apcnf-in-berlin\\\/#primaryimage\"},\"thumbnailUrl\":\"https:\\\/\\\/www.2000m2.eu\\\/wp-content\\\/uploads\\\/Featured_Images_Seiten-2.jpg\",\"datePublished\":\"2026-02-13T21:58:01+00:00\",\"dateModified\":\"2026-02-15T18:39:42+00:00\",\"breadcrumb\":{\"@id\":\"https:\\\/\\\/www.2000m2.eu\\\/de\\\/apcnf-in-berlin\\\/#breadcrumb\"},\"inLanguage\":\"de\",\"potentialAction\":[{\"@type\":\"ReadAction\",\"target\":[\"https:\\\/\\\/www.2000m2.eu\\\/de\\\/apcnf-in-berlin\\\/\"]}]},{\"@type\":\"ImageObject\",\"inLanguage\":\"de\",\"@id\":\"https:\\\/\\\/www.2000m2.eu\\\/de\\\/apcnf-in-berlin\\\/#primaryimage\",\"url\":\"https:\\\/\\\/www.2000m2.eu\\\/wp-content\\\/uploads\\\/Featured_Images_Seiten-2.jpg\",\"contentUrl\":\"https:\\\/\\\/www.2000m2.eu\\\/wp-content\\\/uploads\\\/Featured_Images_Seiten-2.jpg\",\"width\":1800,\"height\":180},{\"@type\":\"BreadcrumbList\",\"@id\":\"https:\\\/\\\/www.2000m2.eu\\\/de\\\/apcnf-in-berlin\\\/#breadcrumb\",\"itemListElement\":[{\"@type\":\"ListItem\",\"position\":1,\"name\":\"Home\",\"item\":\"https:\\\/\\\/www.2000m2.eu\\\/de\\\/startseite\\\/\"},{\"@type\":\"ListItem\",\"position\":2,\"name\":\"APCNF B\u00e4uerinnen in Berlin\"}]},{\"@type\":\"WebSite\",\"@id\":\"https:\\\/\\\/www.2000m2.eu\\\/de\\\/#website\",\"url\":\"https:\\\/\\\/www.2000m2.eu\\\/de\\\/\",\"name\":\"2000m2\",\"description\":\"\",\"publisher\":{\"@id\":\"https:\\\/\\\/www.2000m2.eu\\\/de\\\/#organization\"},\"potentialAction\":[{\"@type\":\"SearchAction\",\"target\":{\"@type\":\"EntryPoint\",\"urlTemplate\":\"https:\\\/\\\/www.2000m2.eu\\\/de\\\/?s={search_term_string}\"},\"query-input\":{\"@type\":\"PropertyValueSpecification\",\"valueRequired\":true,\"valueName\":\"search_term_string\"}}],\"inLanguage\":\"de\"},{\"@type\":\"Organization\",\"@id\":\"https:\\\/\\\/www.2000m2.eu\\\/de\\\/#organization\",\"name\":\"2000m2\",\"url\":\"https:\\\/\\\/www.2000m2.eu\\\/de\\\/\",\"logo\":{\"@type\":\"ImageObject\",\"inLanguage\":\"de\",\"@id\":\"https:\\\/\\\/www.2000m2.eu\\\/de\\\/#\\\/schema\\\/logo\\\/image\\\/\",\"url\":\"https:\\\/\\\/www.2000m2.eu\\\/wp-content\\\/uploads\\\/logo.png\",\"contentUrl\":\"https:\\\/\\\/www.2000m2.eu\\\/wp-content\\\/uploads\\\/logo.png\",\"width\":445,\"height\":140,\"caption\":\"2000m2\"},\"image\":{\"@id\":\"https:\\\/\\\/www.2000m2.eu\\\/de\\\/#\\\/schema\\\/logo\\\/image\\\/\"}}]}<\/script>\n<!-- \/ Yoast SEO plugin. -->","yoast_head_json":{"title":"APCNF B\u00e4uerinnen in Berlin - 2000m2","robots":{"index":"index","follow":"follow","max-snippet":"max-snippet:-1","max-image-preview":"max-image-preview:large","max-video-preview":"max-video-preview:-1"},"canonical":"https:\/\/www.2000m2.eu\/de\/apcnf-in-berlin\/","og_locale":"de_DE","og_type":"article","og_title":"APCNF B\u00e4uerinnen in Berlin - 2000m2","og_description":"Farming for Climate and Health Die stille Revolution der Kleinb\u00e4uerinnen aus Andhra Pradesh Es klingt zu gut, um wahr zu sein: Kleinb\u00e4uerinnen und -bauern \u00fcberwinden Armut, Hunger und Fehlern\u00e4hrung, befreien sich gemeinsam aus der Schuldenfalle und trotzen mit ihren Innovationen von unten dem Klimawandel.Andhra Pradesh Community Managed Natural Farming (APCNF) ist die weltweit vielleicht gr\u00f6\u00dfte...","og_url":"https:\/\/www.2000m2.eu\/de\/apcnf-in-berlin\/","og_site_name":"2000m2","article_modified_time":"2026-02-15T18:39:42+00:00","og_image":[{"width":1800,"height":180,"url":"https:\/\/www.2000m2.eu\/wp-content\/uploads\/Featured_Images_Seiten-2.jpg","type":"image\/jpeg"}],"twitter_card":"summary_large_image","twitter_misc":{"Gesch\u00e4tzte Lesezeit":"3\u00a0Minuten"},"schema":{"@context":"https:\/\/schema.org","@graph":[{"@type":"WebPage","@id":"https:\/\/www.2000m2.eu\/de\/apcnf-in-berlin\/","url":"https:\/\/www.2000m2.eu\/de\/apcnf-in-berlin\/","name":"APCNF B\u00e4uerinnen in Berlin - 2000m2","isPartOf":{"@id":"https:\/\/www.2000m2.eu\/de\/#website"},"primaryImageOfPage":{"@id":"https:\/\/www.2000m2.eu\/de\/apcnf-in-berlin\/#primaryimage"},"image":{"@id":"https:\/\/www.2000m2.eu\/de\/apcnf-in-berlin\/#primaryimage"},"thumbnailUrl":"https:\/\/www.2000m2.eu\/wp-content\/uploads\/Featured_Images_Seiten-2.jpg","datePublished":"2026-02-13T21:58:01+00:00","dateModified":"2026-02-15T18:39:42+00:00","breadcrumb":{"@id":"https:\/\/www.2000m2.eu\/de\/apcnf-in-berlin\/#breadcrumb"},"inLanguage":"de","potentialAction":[{"@type":"ReadAction","target":["https:\/\/www.2000m2.eu\/de\/apcnf-in-berlin\/"]}]},{"@type":"ImageObject","inLanguage":"de","@id":"https:\/\/www.2000m2.eu\/de\/apcnf-in-berlin\/#primaryimage","url":"https:\/\/www.2000m2.eu\/wp-content\/uploads\/Featured_Images_Seiten-2.jpg","contentUrl":"https:\/\/www.2000m2.eu\/wp-content\/uploads\/Featured_Images_Seiten-2.jpg","width":1800,"height":180},{"@type":"BreadcrumbList","@id":"https:\/\/www.2000m2.eu\/de\/apcnf-in-berlin\/#breadcrumb","itemListElement":[{"@type":"ListItem","position":1,"name":"Home","item":"https:\/\/www.2000m2.eu\/de\/startseite\/"},{"@type":"ListItem","position":2,"name":"APCNF B\u00e4uerinnen in Berlin"}]},{"@type":"WebSite","@id":"https:\/\/www.2000m2.eu\/de\/#website","url":"https:\/\/www.2000m2.eu\/de\/","name":"2000m2","description":"","publisher":{"@id":"https:\/\/www.2000m2.eu\/de\/#organization"},"potentialAction":[{"@type":"SearchAction","target":{"@type":"EntryPoint","urlTemplate":"https:\/\/www.2000m2.eu\/de\/?s={search_term_string}"},"query-input":{"@type":"PropertyValueSpecification","valueRequired":true,"valueName":"search_term_string"}}],"inLanguage":"de"},{"@type":"Organization","@id":"https:\/\/www.2000m2.eu\/de\/#organization","name":"2000m2","url":"https:\/\/www.2000m2.eu\/de\/","logo":{"@type":"ImageObject","inLanguage":"de","@id":"https:\/\/www.2000m2.eu\/de\/#\/schema\/logo\/image\/","url":"https:\/\/www.2000m2.eu\/wp-content\/uploads\/logo.png","contentUrl":"https:\/\/www.2000m2.eu\/wp-content\/uploads\/logo.png","width":445,"height":140,"caption":"2000m2"},"image":{"@id":"https:\/\/www.2000m2.eu\/de\/#\/schema\/logo\/image\/"}}]}},"_links":{"self":[{"href":"https:\/\/www.2000m2.eu\/de\/wp-json\/wp\/v2\/pages\/27819","targetHints":{"allow":["GET"]}}],"collection":[{"href":"https:\/\/www.2000m2.eu\/de\/wp-json\/wp\/v2\/pages"}],"about":[{"href":"https:\/\/www.2000m2.eu\/de\/wp-json\/wp\/v2\/types\/page"}],"author":[{"embeddable":true,"href":"https:\/\/www.2000m2.eu\/de\/wp-json\/wp\/v2\/users\/1"}],"replies":[{"embeddable":true,"href":"https:\/\/www.2000m2.eu\/de\/wp-json\/wp\/v2\/comments?post=27819"}],"version-history":[{"count":29,"href":"https:\/\/www.2000m2.eu\/de\/wp-json\/wp\/v2\/pages\/27819\/revisions"}],"predecessor-version":[{"id":27970,"href":"https:\/\/www.2000m2.eu\/de\/wp-json\/wp\/v2\/pages\/27819\/revisions\/27970"}],"wp:featuredmedia":[{"embeddable":true,"href":"https:\/\/www.2000m2.eu\/de\/wp-json\/wp\/v2\/media\/27822"}],"wp:attachment":[{"href":"https:\/\/www.2000m2.eu\/de\/wp-json\/wp\/v2\/media?parent=27819"}],"curies":[{"name":"wp","href":"https:\/\/api.w.org\/{rel}","templated":true}]}}