{"id":27972,"date":"2026-02-15T19:40:09","date_gmt":"2026-02-15T19:40:09","guid":{"rendered":"https:\/\/www.2000m2.eu\/?page_id=27972"},"modified":"2026-02-16T06:39:15","modified_gmt":"2026-02-16T06:39:15","slug":"apcnf-in-bonn","status":"publish","type":"page","link":"https:\/\/www.2000m2.eu\/de\/apcnf-in-bonn\/","title":{"rendered":"APCNF B\u00e4uerinnen in Bonn"},"content":{"rendered":"\n<h1 class=\"wp-block-heading\">Frauen gestalten Landwirtschaft<\/h1>\n\n\n\n<h2 class=\"wp-block-heading\">Perspektiven aus Indien, Kenia \u2026 und Bonn<\/h2>\n\n\n\n<p>Es klingt zu gut, um wahr zu sein: Kleinb\u00e4uerinnen und -bauern \u00fcberwinden Armut, Hunger und Fehlern\u00e4hrung, befreien sich gemeinsam aus der Schuldenfalle und trotzen mit ihren Innovationen von unten dem Klimawandel. Eine neue Generation innovativer Kleinb\u00e4uerinnen ver\u00e4ndert die Landwirtschaft in Asien und Afrika. \u00dcber eine Million B\u00e4uerinnen und Bauern haben in den letzten zehn Jahren in <strong>Andhra Pradesh <\/strong>auf <strong>community managed natural farming<\/strong> umgestellt. APCNF und seine neun Prinzipien breiten jetzt auch in anderen Regionen Indiens und der Welt aus. Tausende Kleinb\u00e4uerinnen und -bauern in <strong>Kenia<\/strong> beteiligen sich am Wissensaustausch des <strong>Seed Savers Network <\/strong>und verteidigen gemeinsam ihr Recht, das eigene Saatgut weiterzuentwickeln und auszutauschen.<\/p>\n\n\n\n<h2 class=\"wp-block-heading\"><strong>Donnerstag 26. Februar 2026 18:00 Uhr  <\/strong><\/h2>\n\n\n\n<h2 class=\"wp-block-heading\"><a href=\"https:\/\/www.kunstmuseum-bonn.de\/en\/\">Kunstmuseum Bonn<\/a><\/h2>\n\n\n\n<h2 class=\"wp-block-heading\"><a href=\"https:\/\/www.google.de\/maps\/dir\/\/Helmut-Kohl-Allee+2,+53113+Bonn\/@50.714172,7.1138227,887m\/data=!3m1!1e3!4m18!1m8!3m7!1s0x47bee1611e776477:0x347835b2c5a6be39!2sHelmut-Kohl-Allee+2,+53113+Bonn!3b1!8m2!3d50.7152604!4d7.1208996!16s%2Fg%2F11q2nbs327!4m8!1m0!1m5!1m1!1s0x47bee1611e776477:0x347835b2c5a6be39!2m2!1d7.1208996!2d50.7152604!3e3?entry=ttu&amp;g_ep=EgoyMDI2MDIxMS4wIKXMDSoASAFQAw%3D%3D\">Helmut-Kohl-Allee 2, 53113 Bonn<\/a><br><br><br><\/h2>\n\n\n\n<p><\/p>\n\n\n\n<p><\/p>\n\n\n<style>.kb-image27972_e74062-e9.kb-image-is-ratio-size, .kb-image27972_e74062-e9 .kb-image-is-ratio-size{max-width:494px;width:100%;}.wp-block-kadence-column > .kt-inside-inner-col > .kb-image27972_e74062-e9.kb-image-is-ratio-size, .wp-block-kadence-column > .kt-inside-inner-col > .kb-image27972_e74062-e9 .kb-image-is-ratio-size{align-self:unset;}.kb-image27972_e74062-e9 figure{max-width:494px;}.kb-image27972_e74062-e9 .image-is-svg, .kb-image27972_e74062-e9 .image-is-svg img{width:100%;}.kb-image27972_e74062-e9 .kb-image-has-overlay:after{opacity:0.3;}<\/style>\n<div class=\"wp-block-kadence-image kb-image27972_e74062-e9\"><figure class=\"alignleft size-large\"><img decoding=\"async\" width=\"1024\" height=\"1024\" src=\"https:\/\/www.2000m2.eu\/wp-content\/uploads\/5-1024x1024.jpg\" alt=\"Profilbilder der Rednerinnen und Redner auf der Veranstaltung \" class=\"kb-img wp-image-27895\" srcset=\"https:\/\/www.2000m2.eu\/wp-content\/uploads\/5-1024x1024.jpg 1024w, https:\/\/www.2000m2.eu\/wp-content\/uploads\/5-300x300.jpg 300w, https:\/\/www.2000m2.eu\/wp-content\/uploads\/5-768x768.jpg 768w, https:\/\/www.2000m2.eu\/wp-content\/uploads\/5.jpg 1080w\" sizes=\"(max-width: 1024px) 100vw, 1024px\" \/><\/figure><\/div>\n\n\n\n<p><strong>Jyothi Bobbili<\/strong> and <strong>Narasamma Arika<\/strong>\u00a0(smallholder farmer-scientist from Andhra Pradesh) berichten \u00fcber die Erfolge auf ihren H\u00f6fen<br><em>The success story of Natural Farming and the role of women selfhelp groups<\/em> <br><br><strong>Sudhakar Yerrakonda<\/strong> and<strong>Swati Redunchintala <\/strong>(RySS, APCNF) beschreiben das Konzept von Natural Farming<br><em>Women in agriculture and the Natural Farming innovation concept<\/em> <br><br><strong>Daniel Wanjama,<\/strong> <a href=\"https:\/\/teca2c87a.emailsys1a.net\/c\/57\/8958576\/0\/0\/0\/2360584\/7e70381486.html\">Seed Savers Kenia<\/a> beschreibt die gemeinsame Arbeit von fast 100.000 Kleinb\u00e4uerinnen und -bauern in 121 Community Seedsbanks<br><em>Food and Seed Sovereignty in Kenya<\/em> <br><br><strong>Silvana Mammone<\/strong> <a href=\"https:\/\/solawi-alfter.de\/\">Solidarische Landwirtschaft Alfter<\/a> beschreibt den Erfolg von Kleinb\u00e4uerinnen in der Solidarischen Landwirtschaft<br><em>Women in CSA &#8211; a regional perspective<\/em> <br><br>Moderation: <strong>Benny Haerlin<\/strong> von den internationalen Welt\u00e4ckern der <strong>Zukunftsstiftung Landwirtschaft<\/strong>, die vom 10.2. bis 5.3.26 eine <a href=\"https:\/\/www.2000m2.eu\/de\/aktuelles\/apcnf-tour-die-uebersicht\/#\">APCNF Tour durch Europa <\/a>organisieren.<br><br><br><\/p>\n\n\n\n<p><\/p>\n\n\n\n<h2 class=\"wp-block-heading\">Hintergrund<\/h2>\n\n\n\n<p>\u00dcber eine Million H\u00f6fe (zum Vergleich: ganz Deutschland hat noch 250.000) haben in den letzten zehn Jahren in Andhra Pradesh auf die neun Prinzipien von APCNF umgestellt, die stark an hiesige Bioprinzipien erinnern, aber auch dar\u00fcber hinausgehen. Natural Farming beruht auf Vielfalt im Anbau, Humusaufbau, gezielter Stimulation des Bodenmikrobioms ohne Chemie und Gentechnik und der Solidarit\u00e4t unter den Frauen der beteiligten Gemeinden.&nbsp; Erfolgreich sind sie, weil Einkommen und Ern\u00e4hrungssicherheit sofort steigen und Mensch und Boden gesunden.<\/p>\n\n\n<style>.kb-image27972_4e08c8-17.kb-image-is-ratio-size, .kb-image27972_4e08c8-17 .kb-image-is-ratio-size{max-width:601px;width:100%;}.wp-block-kadence-column > .kt-inside-inner-col > .kb-image27972_4e08c8-17.kb-image-is-ratio-size, .wp-block-kadence-column > .kt-inside-inner-col > .kb-image27972_4e08c8-17 .kb-image-is-ratio-size{align-self:unset;}.kb-image27972_4e08c8-17 figure{max-width:601px;}.kb-image27972_4e08c8-17 .image-is-svg, .kb-image27972_4e08c8-17 .image-is-svg img{width:100%;}.kb-image27972_4e08c8-17 .kb-image-has-overlay:after{opacity:0.3;}<\/style>\n<div class=\"wp-block-kadence-image kb-image27972_4e08c8-17\"><figure class=\"alignright size-large\"><img decoding=\"async\" width=\"1024\" height=\"608\" src=\"https:\/\/www.2000m2.eu\/wp-content\/uploads\/Jyothi_with_colleagues-1024x608.jpg\" alt=\"Jyothi Bobbili with her colleagues on the field\" class=\"kb-img wp-image-27881\" srcset=\"https:\/\/www.2000m2.eu\/wp-content\/uploads\/Jyothi_with_colleagues-1024x608.jpg 1024w, https:\/\/www.2000m2.eu\/wp-content\/uploads\/Jyothi_with_colleagues-300x178.jpg 300w, https:\/\/www.2000m2.eu\/wp-content\/uploads\/Jyothi_with_colleagues-768x456.jpg 768w, https:\/\/www.2000m2.eu\/wp-content\/uploads\/Jyothi_with_colleagues.jpg 1308w\" sizes=\"(max-width: 1024px) 100vw, 1024px\" \/><figcaption>Jyothi Bobbili with her colleagues on the field<\/figcaption><\/figure><\/div>\n\n\n\n<p>In den 1970er Jahren war Andhra Pradesh Kernland des Anbaus von Reis-Hochleistungs\u00adsorten mit k\u00fcnstlicher Bew\u00e4sserung und Chemie. Doch die Produktivit\u00e4tsgewinne dieser \u201egr\u00fcnen Revolution\u201c konnten weder Hunger noch Armut, noch die \u00dcberschuldung der Klein\u00adbauern \u00fcberwinden und verursachen immer gr\u00f6\u00dfere Sch\u00e4den.<br><br>Vor allem hat die \u201echemische Landwirtschaft\u201c, wie sie dort hei\u00dft, kein Rezept gegen die dortigen Folgen des Klimawandels: Extreme Hitze, D\u00fcrreperioden, Cyclone und \u00dcber\u00adschwemmungen.<\/p>\n\n\n\n<p>Die APCNF B\u00e4uerinnen entwickeln dagegen gemeinsam mit Wissen\u00adschaftler*innen aus aller Welt Innovationen von unten, die sie direkt in der Praxis testen und optimieren. Neue Saatgutmischungen und biologische Pr\u00e4parate, Drohnen\u00adeinsatz, Daten- und Wissensmanagement mit Mobiltelefonen finden sich in ihrem Baukasten genauso wie die Einf\u00fchrung einer kompletten, zus\u00e4tzlichen Anbausaison.<\/p>\n\n\n<style>.kb-image27972_b7e818-0f.kb-image-is-ratio-size, .kb-image27972_b7e818-0f .kb-image-is-ratio-size{max-width:529px;width:100%;}.wp-block-kadence-column > .kt-inside-inner-col > .kb-image27972_b7e818-0f.kb-image-is-ratio-size, .wp-block-kadence-column > .kt-inside-inner-col > .kb-image27972_b7e818-0f .kb-image-is-ratio-size{align-self:unset;}.kb-image27972_b7e818-0f figure{max-width:529px;}.kb-image27972_b7e818-0f .image-is-svg, .kb-image27972_b7e818-0f .image-is-svg img{width:100%;}.kb-image27972_b7e818-0f .kb-image-has-overlay:after{opacity:0.3;}<\/style>\n<div class=\"wp-block-kadence-image kb-image27972_b7e818-0f\"><figure class=\"alignleft size-large\"><img decoding=\"async\" width=\"1024\" height=\"768\" src=\"https:\/\/www.2000m2.eu\/wp-content\/uploads\/cbs-D0Y1g1Qg-1024x768.webp\" alt=\"\" class=\"kb-img wp-image-28006\" srcset=\"https:\/\/www.2000m2.eu\/wp-content\/uploads\/cbs-D0Y1g1Qg-1024x768.webp 1024w, https:\/\/www.2000m2.eu\/wp-content\/uploads\/cbs-D0Y1g1Qg-300x225.webp 300w, https:\/\/www.2000m2.eu\/wp-content\/uploads\/cbs-D0Y1g1Qg-768x576.webp 768w, https:\/\/www.2000m2.eu\/wp-content\/uploads\/cbs-D0Y1g1Qg.webp 1360w\" sizes=\"(max-width: 1024px) 100vw, 1024px\" \/><\/figure><\/div>\n\n\n\n<p>Die eigenst\u00e4ndigen Innovationen der B\u00e4uerinnen und Bauern und der freie Austausch von eigenem Saatgut stehen auch in bei den Seed Savers in Kenia im Vordergrund: Fast 100.000 B\u00e4uerinnen und Bauern betreiben gemeinsam 121 \u00f6rtliche Saatgut-Banken und tauschen ihr Wissen \u00fcber gemeinsame Apps aus. Auf Demonstrationsfeldern zeigen sie wie eine Familie mit 2000 m\u00b2 gut \u00fcber die Runden kommen kann. Die Vielfalt des Anbaus ist auch hier der Schl\u00fcssel zum Erfolg.<br><br>Erfahrt mehr \u00fcber diese ermutigende und inspirierende Garten- und Feldrevolution aus erster Hand von Seed Savers Gr\u00fcnder Daniel Wanjama und von Bobbili Jyothi und Narasamma Arika, die jeweils einen halben Hektar Land und einen \u201eAnytime Money\u201c K\u00fcchengarten bewirt\u00adschaf\u00adten und an der Deutsch-Indischen Akademie f\u00fcr Agrar\u00f6kologie ausgebildet wurden. \u00dcbrigens: Die UNO hat 2026 zum globalen Jahr der B\u00e4uerinnen erkl\u00e4rt.<br><br><strong><a href=\"https:\/\/www.2000m2.eu\/de\/aktuelles\/auf-tour-durch-europa\/\">Hintergrundinformationen<\/a> <\/strong>\u00fcber APCNF und die <a href=\"https:\/\/www.2000m2.eu\/de\/aktuelles\/apcnf-tour-die-uebersicht\/\">Europatour<\/a> <br><br><br><a href=\"https:\/\/youtu.be\/QuURnKEoZBY\">Video von Bobbili Jyothi <\/a><\/p>\n\n\n\n<p><a href=\"https:\/\/youtu.be\/dAJyQvIWQto\">Video von Narasamma Arika<\/a><\/p>\n\n\n\n<h2 class=\"wp-block-heading\">Mehr Infos auf Youtube:<\/h2>\n\n\n\n<figure class=\"wp-block-embed is-type-video is-provider-youtube wp-block-embed-youtube wp-embed-aspect-16-9 wp-has-aspect-ratio\"><div class=\"wp-block-embed__wrapper\">\n <div class=\"brlbs-cmpnt-container brlbs-cmpnt-content-blocker brlbs-cmpnt-with-individual-styles\" data-borlabs-cookie-content-blocker-id=\"default\" data-borlabs-cookie-content=\"PGlmcmFtZSB0aXRsZT0iTmF0dXJhbCBGYXJtaW5nIFp1c2FtbWVuIHwgQm9iYmlsaSBKeW90aGkgfCBBbmFrYXBhbGxpIERpc3RyaWN0IiB3aWR0aD0iMTIwMCIgaGVpZ2h0PSI2NzUiIHNyYz0iaHR0cHM6Ly93d3cueW91dHViZS5jb20vZW1iZWQvUXVVUm5LRW9aQlk\/ZmVhdHVyZT1vZW1iZWQiIGZyYW1lYm9yZGVyPSIwIiBhbGxvdz0iYWNjZWxlcm9tZXRlcjsgYXV0b3BsYXk7IGNsaXBib2FyZC13cml0ZTsgZW5jcnlwdGVkLW1lZGlhOyBneXJvc2NvcGU7IHBpY3R1cmUtaW4tcGljdHVyZTsgd2ViLXNoYXJlIiByZWZlcnJlcnBvbGljeT0ic3RyaWN0LW9yaWdpbi13aGVuLWNyb3NzLW9yaWdpbiIgYWxsb3dmdWxsc2NyZWVuPjwvaWZyYW1lPg==\"><div class=\"brlbs-cmpnt-cb-preset-a\"> <p class=\"brlbs-cmpnt-cb-description\">Sie sehen gerade einen Platzhalterinhalt von <strong>Standard<\/strong>. Um auf den eigentlichen Inhalt zuzugreifen, klicken Sie auf den Button unten. Bitte beachten Sie, dass dabei Daten an Drittanbieter weitergegeben werden.<\/p> <div class=\"brlbs-cmpnt-cb-buttons\"> <a class=\"brlbs-cmpnt-cb-btn\" href=\"#\" data-borlabs-cookie-unblock role=\"button\">Inhalt entsperren<\/a> <a class=\"brlbs-cmpnt-cb-btn\" href=\"#\" data-borlabs-cookie-accept-service role=\"button\" style=\"display: none\">Erforderlichen Service akzeptieren und Inhalte entsperren<\/a> <\/div> <a class=\"brlbs-cmpnt-cb-provider-toggle\" href=\"#\" data-borlabs-cookie-show-provider-information role=\"button\">Weitere Informationen<\/a> <\/div><\/div>\n<\/div><figcaption class=\"wp-element-caption\">Hier stellt sich Bobbili Jyothi vor. <\/figcaption><\/figure>\n\n\n\n<figure class=\"wp-block-embed is-type-video is-provider-youtube wp-block-embed-youtube wp-embed-aspect-16-9 wp-has-aspect-ratio\"><div class=\"wp-block-embed__wrapper\">\n <div class=\"brlbs-cmpnt-container brlbs-cmpnt-content-blocker brlbs-cmpnt-with-individual-styles\" data-borlabs-cookie-content-blocker-id=\"default\" data-borlabs-cookie-content=\"PGlmcmFtZSB0aXRsZT0iV3VyemVsbiBkZXIgUmVzaWxpZW56IHwgQXJpa2EgTmFyYXNhbW1hIHwgUGFydmF0aXB1cmFtIE1hbnlhbSIgd2lkdGg9IjEyMDAiIGhlaWdodD0iNjc1IiBzcmM9Imh0dHBzOi8vd3d3LnlvdXR1YmUuY29tL2VtYmVkL2RBSnlRdklXUXRvP2ZlYXR1cmU9b2VtYmVkIiBmcmFtZWJvcmRlcj0iMCIgYWxsb3c9ImFjY2VsZXJvbWV0ZXI7IGF1dG9wbGF5OyBjbGlwYm9hcmQtd3JpdGU7IGVuY3J5cHRlZC1tZWRpYTsgZ3lyb3Njb3BlOyBwaWN0dXJlLWluLXBpY3R1cmU7IHdlYi1zaGFyZSIgcmVmZXJyZXJwb2xpY3k9InN0cmljdC1vcmlnaW4td2hlbi1jcm9zcy1vcmlnaW4iIGFsbG93ZnVsbHNjcmVlbj48L2lmcmFtZT4=\"><div class=\"brlbs-cmpnt-cb-preset-a\"> <p class=\"brlbs-cmpnt-cb-description\">Sie sehen gerade einen Platzhalterinhalt von <strong>Standard<\/strong>. Um auf den eigentlichen Inhalt zuzugreifen, klicken Sie auf den Button unten. Bitte beachten Sie, dass dabei Daten an Drittanbieter weitergegeben werden.<\/p> <div class=\"brlbs-cmpnt-cb-buttons\"> <a class=\"brlbs-cmpnt-cb-btn\" href=\"#\" data-borlabs-cookie-unblock role=\"button\">Inhalt entsperren<\/a> <a class=\"brlbs-cmpnt-cb-btn\" href=\"#\" data-borlabs-cookie-accept-service role=\"button\" style=\"display: none\">Erforderlichen Service akzeptieren und Inhalte entsperren<\/a> <\/div> <a class=\"brlbs-cmpnt-cb-provider-toggle\" href=\"#\" data-borlabs-cookie-show-provider-information role=\"button\">Weitere Informationen<\/a> <\/div><\/div>\n<\/div><figcaption class=\"wp-element-caption\">Hier stellt sich Narasamma Arika vor.<\/figcaption><\/figure>\n\n\n\n<figure class=\"wp-block-embed is-type-video is-provider-youtube wp-block-embed-youtube wp-embed-aspect-16-9 wp-has-aspect-ratio\"><div class=\"wp-block-embed__wrapper\">\n <div class=\"brlbs-cmpnt-container brlbs-cmpnt-content-blocker brlbs-cmpnt-with-individual-styles\" data-borlabs-cookie-content-blocker-id=\"default\" data-borlabs-cookie-content=\"PGlmcmFtZSB0aXRsZT0iVGhlIEFQQ05GICAgIDIwMjYiIHdpZHRoPSIxMjAwIiBoZWlnaHQ9IjY3NSIgc3JjPSJodHRwczovL3d3dy55b3V0dWJlLmNvbS9lbWJlZC94MzdJZnV6MktaZz9mZWF0dXJlPW9lbWJlZCIgZnJhbWVib3JkZXI9IjAiIGFsbG93PSJhY2NlbGVyb21ldGVyOyBhdXRvcGxheTsgY2xpcGJvYXJkLXdyaXRlOyBlbmNyeXB0ZWQtbWVkaWE7IGd5cm9zY29wZTsgcGljdHVyZS1pbi1waWN0dXJlOyB3ZWItc2hhcmUiIHJlZmVycmVycG9saWN5PSJzdHJpY3Qtb3JpZ2luLXdoZW4tY3Jvc3Mtb3JpZ2luIiBhbGxvd2Z1bGxzY3JlZW4+PC9pZnJhbWU+\"><div class=\"brlbs-cmpnt-cb-preset-a\"> <p class=\"brlbs-cmpnt-cb-description\">Sie sehen gerade einen Platzhalterinhalt von <strong>Standard<\/strong>. Um auf den eigentlichen Inhalt zuzugreifen, klicken Sie auf den Button unten. Bitte beachten Sie, dass dabei Daten an Drittanbieter weitergegeben werden.<\/p> <div class=\"brlbs-cmpnt-cb-buttons\"> <a class=\"brlbs-cmpnt-cb-btn\" href=\"#\" data-borlabs-cookie-unblock role=\"button\">Inhalt entsperren<\/a> <a class=\"brlbs-cmpnt-cb-btn\" href=\"#\" data-borlabs-cookie-accept-service role=\"button\" style=\"display: none\">Erforderlichen Service akzeptieren und Inhalte entsperren<\/a> <\/div> <a class=\"brlbs-cmpnt-cb-provider-toggle\" href=\"#\" data-borlabs-cookie-show-provider-information role=\"button\">Weitere Informationen<\/a> <\/div><\/div>\n<\/div><\/figure>\n\n\n\n<p>Mehr Infos \u00fcber APCNF allgemein. <\/p>\n\n\n\n<div data-wp-interactive=\"core\/file\" class=\"wp-block-file\"><object data-wp-bind--hidden=\"!state.hasPdfPreview\" hidden class=\"wp-block-file__embed\" data=\"https:\/\/www.2000m2.eu\/wp-content\/uploads\/INF_Frauen-gestalten-Landwirtschaft.pdf\" type=\"application\/pdf\" style=\"width:100%;height:600px\" aria-label=\"Einbettung von INF_Frauen-gestalten-Landwirtschaft.\"><\/object><a id=\"wp-block-file--media-160a105e-8ac3-4fee-88bb-d541b1514c6b\" href=\"https:\/\/www.2000m2.eu\/wp-content\/uploads\/INF_Frauen-gestalten-Landwirtschaft.pdf\">INF_Frauen-gestalten-Landwirtschaft<\/a><a href=\"https:\/\/www.2000m2.eu\/wp-content\/uploads\/INF_Frauen-gestalten-Landwirtschaft.pdf\" class=\"wp-block-file__button wp-element-button\" download aria-describedby=\"wp-block-file--media-160a105e-8ac3-4fee-88bb-d541b1514c6b\">Download<\/a><\/div>\n","protected":false},"excerpt":{"rendered":"<p>Frauen gestalten Landwirtschaft Perspektiven aus Indien, Kenia \u2026 und Bonn Es klingt zu gut, um wahr zu sein: Kleinb\u00e4uerinnen und -bauern \u00fcberwinden Armut, Hunger und Fehlern\u00e4hrung, befreien sich gemeinsam aus der Schuldenfalle und trotzen mit ihren Innovationen von unten dem Klimawandel. Eine neue Generation innovativer Kleinb\u00e4uerinnen ver\u00e4ndert die Landwirtschaft in Asien und Afrika. \u00dcber eine&#8230;<\/p>\n","protected":false},"author":1,"featured_media":27822,"parent":0,"menu_order":0,"comment_status":"closed","ping_status":"closed","template":"","meta":{"footnotes":""},"class_list":["post-27972","page","type-page","status-publish","has-post-thumbnail"],"yoast_head":"<!-- This site is optimized with the Yoast SEO plugin v27.4 - https:\/\/yoast.com\/product\/yoast-seo-wordpress\/ -->\n<title>APCNF B\u00e4uerinnen in Bonn - 2000m2<\/title>\n<meta name=\"robots\" content=\"index, follow, max-snippet:-1, max-image-preview:large, max-video-preview:-1\" \/>\n<link rel=\"canonical\" href=\"https:\/\/www.2000m2.eu\/de\/apcnf-in-bonn\/\" \/>\n<meta property=\"og:locale\" content=\"de_DE\" \/>\n<meta property=\"og:type\" content=\"article\" \/>\n<meta property=\"og:title\" content=\"APCNF B\u00e4uerinnen in Bonn - 2000m2\" \/>\n<meta property=\"og:description\" content=\"Frauen gestalten Landwirtschaft Perspektiven aus Indien, Kenia \u2026 und Bonn Es klingt zu gut, um wahr zu sein: Kleinb\u00e4uerinnen und -bauern \u00fcberwinden Armut, Hunger und Fehlern\u00e4hrung, befreien sich gemeinsam aus der Schuldenfalle und trotzen mit ihren Innovationen von unten dem Klimawandel. Eine neue Generation innovativer Kleinb\u00e4uerinnen ver\u00e4ndert die Landwirtschaft in Asien und Afrika. \u00dcber eine...\" \/>\n<meta property=\"og:url\" content=\"https:\/\/www.2000m2.eu\/de\/apcnf-in-bonn\/\" \/>\n<meta property=\"og:site_name\" content=\"2000m2\" \/>\n<meta property=\"article:modified_time\" content=\"2026-02-16T06:39:15+00:00\" \/>\n<meta property=\"og:image\" content=\"https:\/\/www.2000m2.eu\/wp-content\/uploads\/Featured_Images_Seiten-2.jpg\" \/>\n\t<meta property=\"og:image:width\" content=\"1800\" \/>\n\t<meta property=\"og:image:height\" content=\"180\" \/>\n\t<meta property=\"og:image:type\" content=\"image\/jpeg\" \/>\n<meta name=\"twitter:card\" content=\"summary_large_image\" \/>\n<meta name=\"twitter:label1\" content=\"Gesch\u00e4tzte Lesezeit\" \/>\n\t<meta name=\"twitter:data1\" content=\"4\u00a0Minuten\" \/>\n<script type=\"application\/ld+json\" class=\"yoast-schema-graph\">{\"@context\":\"https:\\\/\\\/schema.org\",\"@graph\":[{\"@type\":\"WebPage\",\"@id\":\"https:\\\/\\\/www.2000m2.eu\\\/de\\\/apcnf-in-bonn\\\/\",\"url\":\"https:\\\/\\\/www.2000m2.eu\\\/de\\\/apcnf-in-bonn\\\/\",\"name\":\"APCNF B\u00e4uerinnen in Bonn - 2000m2\",\"isPartOf\":{\"@id\":\"https:\\\/\\\/www.2000m2.eu\\\/de\\\/#website\"},\"primaryImageOfPage\":{\"@id\":\"https:\\\/\\\/www.2000m2.eu\\\/de\\\/apcnf-in-bonn\\\/#primaryimage\"},\"image\":{\"@id\":\"https:\\\/\\\/www.2000m2.eu\\\/de\\\/apcnf-in-bonn\\\/#primaryimage\"},\"thumbnailUrl\":\"https:\\\/\\\/www.2000m2.eu\\\/wp-content\\\/uploads\\\/Featured_Images_Seiten-2.jpg\",\"datePublished\":\"2026-02-15T19:40:09+00:00\",\"dateModified\":\"2026-02-16T06:39:15+00:00\",\"breadcrumb\":{\"@id\":\"https:\\\/\\\/www.2000m2.eu\\\/de\\\/apcnf-in-bonn\\\/#breadcrumb\"},\"inLanguage\":\"de\",\"potentialAction\":[{\"@type\":\"ReadAction\",\"target\":[\"https:\\\/\\\/www.2000m2.eu\\\/de\\\/apcnf-in-bonn\\\/\"]}]},{\"@type\":\"ImageObject\",\"inLanguage\":\"de\",\"@id\":\"https:\\\/\\\/www.2000m2.eu\\\/de\\\/apcnf-in-bonn\\\/#primaryimage\",\"url\":\"https:\\\/\\\/www.2000m2.eu\\\/wp-content\\\/uploads\\\/Featured_Images_Seiten-2.jpg\",\"contentUrl\":\"https:\\\/\\\/www.2000m2.eu\\\/wp-content\\\/uploads\\\/Featured_Images_Seiten-2.jpg\",\"width\":1800,\"height\":180},{\"@type\":\"BreadcrumbList\",\"@id\":\"https:\\\/\\\/www.2000m2.eu\\\/de\\\/apcnf-in-bonn\\\/#breadcrumb\",\"itemListElement\":[{\"@type\":\"ListItem\",\"position\":1,\"name\":\"Home\",\"item\":\"https:\\\/\\\/www.2000m2.eu\\\/de\\\/startseite\\\/\"},{\"@type\":\"ListItem\",\"position\":2,\"name\":\"APCNF B\u00e4uerinnen in Bonn\"}]},{\"@type\":\"WebSite\",\"@id\":\"https:\\\/\\\/www.2000m2.eu\\\/de\\\/#website\",\"url\":\"https:\\\/\\\/www.2000m2.eu\\\/de\\\/\",\"name\":\"2000m2\",\"description\":\"\",\"publisher\":{\"@id\":\"https:\\\/\\\/www.2000m2.eu\\\/de\\\/#organization\"},\"potentialAction\":[{\"@type\":\"SearchAction\",\"target\":{\"@type\":\"EntryPoint\",\"urlTemplate\":\"https:\\\/\\\/www.2000m2.eu\\\/de\\\/?s={search_term_string}\"},\"query-input\":{\"@type\":\"PropertyValueSpecification\",\"valueRequired\":true,\"valueName\":\"search_term_string\"}}],\"inLanguage\":\"de\"},{\"@type\":\"Organization\",\"@id\":\"https:\\\/\\\/www.2000m2.eu\\\/de\\\/#organization\",\"name\":\"2000m2\",\"url\":\"https:\\\/\\\/www.2000m2.eu\\\/de\\\/\",\"logo\":{\"@type\":\"ImageObject\",\"inLanguage\":\"de\",\"@id\":\"https:\\\/\\\/www.2000m2.eu\\\/de\\\/#\\\/schema\\\/logo\\\/image\\\/\",\"url\":\"https:\\\/\\\/www.2000m2.eu\\\/wp-content\\\/uploads\\\/logo.png\",\"contentUrl\":\"https:\\\/\\\/www.2000m2.eu\\\/wp-content\\\/uploads\\\/logo.png\",\"width\":445,\"height\":140,\"caption\":\"2000m2\"},\"image\":{\"@id\":\"https:\\\/\\\/www.2000m2.eu\\\/de\\\/#\\\/schema\\\/logo\\\/image\\\/\"}}]}<\/script>\n<!-- \/ Yoast SEO plugin. -->","yoast_head_json":{"title":"APCNF B\u00e4uerinnen in Bonn - 2000m2","robots":{"index":"index","follow":"follow","max-snippet":"max-snippet:-1","max-image-preview":"max-image-preview:large","max-video-preview":"max-video-preview:-1"},"canonical":"https:\/\/www.2000m2.eu\/de\/apcnf-in-bonn\/","og_locale":"de_DE","og_type":"article","og_title":"APCNF B\u00e4uerinnen in Bonn - 2000m2","og_description":"Frauen gestalten Landwirtschaft Perspektiven aus Indien, Kenia \u2026 und Bonn Es klingt zu gut, um wahr zu sein: Kleinb\u00e4uerinnen und -bauern \u00fcberwinden Armut, Hunger und Fehlern\u00e4hrung, befreien sich gemeinsam aus der Schuldenfalle und trotzen mit ihren Innovationen von unten dem Klimawandel. Eine neue Generation innovativer Kleinb\u00e4uerinnen ver\u00e4ndert die Landwirtschaft in Asien und Afrika. \u00dcber eine...","og_url":"https:\/\/www.2000m2.eu\/de\/apcnf-in-bonn\/","og_site_name":"2000m2","article_modified_time":"2026-02-16T06:39:15+00:00","og_image":[{"width":1800,"height":180,"url":"https:\/\/www.2000m2.eu\/wp-content\/uploads\/Featured_Images_Seiten-2.jpg","type":"image\/jpeg"}],"twitter_card":"summary_large_image","twitter_misc":{"Gesch\u00e4tzte Lesezeit":"4\u00a0Minuten"},"schema":{"@context":"https:\/\/schema.org","@graph":[{"@type":"WebPage","@id":"https:\/\/www.2000m2.eu\/de\/apcnf-in-bonn\/","url":"https:\/\/www.2000m2.eu\/de\/apcnf-in-bonn\/","name":"APCNF B\u00e4uerinnen in Bonn - 2000m2","isPartOf":{"@id":"https:\/\/www.2000m2.eu\/de\/#website"},"primaryImageOfPage":{"@id":"https:\/\/www.2000m2.eu\/de\/apcnf-in-bonn\/#primaryimage"},"image":{"@id":"https:\/\/www.2000m2.eu\/de\/apcnf-in-bonn\/#primaryimage"},"thumbnailUrl":"https:\/\/www.2000m2.eu\/wp-content\/uploads\/Featured_Images_Seiten-2.jpg","datePublished":"2026-02-15T19:40:09+00:00","dateModified":"2026-02-16T06:39:15+00:00","breadcrumb":{"@id":"https:\/\/www.2000m2.eu\/de\/apcnf-in-bonn\/#breadcrumb"},"inLanguage":"de","potentialAction":[{"@type":"ReadAction","target":["https:\/\/www.2000m2.eu\/de\/apcnf-in-bonn\/"]}]},{"@type":"ImageObject","inLanguage":"de","@id":"https:\/\/www.2000m2.eu\/de\/apcnf-in-bonn\/#primaryimage","url":"https:\/\/www.2000m2.eu\/wp-content\/uploads\/Featured_Images_Seiten-2.jpg","contentUrl":"https:\/\/www.2000m2.eu\/wp-content\/uploads\/Featured_Images_Seiten-2.jpg","width":1800,"height":180},{"@type":"BreadcrumbList","@id":"https:\/\/www.2000m2.eu\/de\/apcnf-in-bonn\/#breadcrumb","itemListElement":[{"@type":"ListItem","position":1,"name":"Home","item":"https:\/\/www.2000m2.eu\/de\/startseite\/"},{"@type":"ListItem","position":2,"name":"APCNF B\u00e4uerinnen in Bonn"}]},{"@type":"WebSite","@id":"https:\/\/www.2000m2.eu\/de\/#website","url":"https:\/\/www.2000m2.eu\/de\/","name":"2000m2","description":"","publisher":{"@id":"https:\/\/www.2000m2.eu\/de\/#organization"},"potentialAction":[{"@type":"SearchAction","target":{"@type":"EntryPoint","urlTemplate":"https:\/\/www.2000m2.eu\/de\/?s={search_term_string}"},"query-input":{"@type":"PropertyValueSpecification","valueRequired":true,"valueName":"search_term_string"}}],"inLanguage":"de"},{"@type":"Organization","@id":"https:\/\/www.2000m2.eu\/de\/#organization","name":"2000m2","url":"https:\/\/www.2000m2.eu\/de\/","logo":{"@type":"ImageObject","inLanguage":"de","@id":"https:\/\/www.2000m2.eu\/de\/#\/schema\/logo\/image\/","url":"https:\/\/www.2000m2.eu\/wp-content\/uploads\/logo.png","contentUrl":"https:\/\/www.2000m2.eu\/wp-content\/uploads\/logo.png","width":445,"height":140,"caption":"2000m2"},"image":{"@id":"https:\/\/www.2000m2.eu\/de\/#\/schema\/logo\/image\/"}}]}},"_links":{"self":[{"href":"https:\/\/www.2000m2.eu\/de\/wp-json\/wp\/v2\/pages\/27972","targetHints":{"allow":["GET"]}}],"collection":[{"href":"https:\/\/www.2000m2.eu\/de\/wp-json\/wp\/v2\/pages"}],"about":[{"href":"https:\/\/www.2000m2.eu\/de\/wp-json\/wp\/v2\/types\/page"}],"author":[{"embeddable":true,"href":"https:\/\/www.2000m2.eu\/de\/wp-json\/wp\/v2\/users\/1"}],"replies":[{"embeddable":true,"href":"https:\/\/www.2000m2.eu\/de\/wp-json\/wp\/v2\/comments?post=27972"}],"version-history":[{"count":16,"href":"https:\/\/www.2000m2.eu\/de\/wp-json\/wp\/v2\/pages\/27972\/revisions"}],"predecessor-version":[{"id":28016,"href":"https:\/\/www.2000m2.eu\/de\/wp-json\/wp\/v2\/pages\/27972\/revisions\/28016"}],"wp:featuredmedia":[{"embeddable":true,"href":"https:\/\/www.2000m2.eu\/de\/wp-json\/wp\/v2\/media\/27822"}],"wp:attachment":[{"href":"https:\/\/www.2000m2.eu\/de\/wp-json\/wp\/v2\/media?parent=27972"}],"curies":[{"name":"wp","href":"https:\/\/api.w.org\/{rel}","templated":true}]}}