{"id":382,"date":"2024-09-11T15:04:30","date_gmt":"2024-09-11T15:04:30","guid":{"rendered":"https:\/\/www.2000m2.eu\/?page_id=382"},"modified":"2024-12-05T12:36:44","modified_gmt":"2024-12-05T12:36:44","slug":"kulturen","status":"publish","type":"page","link":"https:\/\/www.2000m2.eu\/de\/kulturen\/","title":{"rendered":"Ackerkulturen"},"content":{"rendered":"\n<h1 class=\"wp-block-heading\">Kulturen des Weltackers<\/h1>\n\n\n\n<p>Auf dem 2000 m\u00b2 Weltacker wachsen ca. die 45 wichtigsten Ackerkulturen dieser Welt. Hier k\u00f6nnt ihr entdecken, welche das sind und viele spannende Hintergr\u00fcnde zu den Pflanzen erfahren.<\/p>\n\n\n\n<p>Auf dem Weltacker sind die Kulturen nach den Kategorien der FAO sortiert angebaut und auch hier k\u00f6nnt ihr sie in diesen Gruppen entdecken. Diese Sortierung richtet sich insbesondere nach den Nutzungen der Kulturen. \u00dcbrigens: Manche Ackerkulturen findet ihr in zwei Kategorien &#8211; zum Beispiel die Soja wird bei H\u00fclsenfr\u00fcchten und \u00d6lfr\u00fcchten abgebildet. <\/p>\n\n\n\n<p><\/p>\n","protected":false},"excerpt":{"rendered":"<p>Kulturen des Weltackers Auf dem 2000 m\u00b2 Weltacker wachsen ca. die 45 wichtigsten Ackerkulturen dieser Welt. Hier k\u00f6nnt ihr entdecken, welche das sind und viele spannende Hintergr\u00fcnde zu den Pflanzen erfahren. Auf dem Weltacker sind die Kulturen nach den Kategorien der FAO sortiert angebaut und auch hier k\u00f6nnt ihr sie in diesen Gruppen entdecken. Diese&#8230;<\/p>\n","protected":false},"author":1,"featured_media":2020,"parent":0,"menu_order":39,"comment_status":"closed","ping_status":"closed","template":"page-taxonomy.php","meta":{"footnotes":""},"class_list":["post-382","page","type-page","status-publish","has-post-thumbnail"],"yoast_head":"<!-- This site is optimized with the Yoast SEO plugin v27.3 - https:\/\/yoast.com\/product\/yoast-seo-wordpress\/ -->\n<title>Ackerkulturen - 2000m2<\/title>\n<meta name=\"robots\" content=\"index, follow, max-snippet:-1, max-image-preview:large, max-video-preview:-1\" \/>\n<link rel=\"canonical\" href=\"https:\/\/www.2000m2.eu\/de\/kulturen\/\" \/>\n<meta property=\"og:locale\" content=\"de_DE\" \/>\n<meta property=\"og:type\" content=\"article\" \/>\n<meta property=\"og:title\" content=\"Ackerkulturen - 2000m2\" \/>\n<meta property=\"og:description\" content=\"Kulturen des Weltackers Auf dem 2000 m\u00b2 Weltacker wachsen ca. die 45 wichtigsten Ackerkulturen dieser Welt. Hier k\u00f6nnt ihr entdecken, welche das sind und viele spannende Hintergr\u00fcnde zu den Pflanzen erfahren. Auf dem Weltacker sind die Kulturen nach den Kategorien der FAO sortiert angebaut und auch hier k\u00f6nnt ihr sie in diesen Gruppen entdecken. Diese...\" \/>\n<meta property=\"og:url\" content=\"https:\/\/www.2000m2.eu\/de\/kulturen\/\" \/>\n<meta property=\"og:site_name\" content=\"2000m2\" \/>\n<meta property=\"article:modified_time\" content=\"2024-12-05T12:36:44+00:00\" \/>\n<meta property=\"og:image\" content=\"https:\/\/www.2000m2.eu\/wp-content\/uploads\/73.jpg\" \/>\n\t<meta property=\"og:image:width\" content=\"1800\" \/>\n\t<meta property=\"og:image:height\" content=\"180\" \/>\n\t<meta property=\"og:image:type\" content=\"image\/jpeg\" \/>\n<meta name=\"twitter:card\" content=\"summary_large_image\" \/>\n<meta name=\"twitter:label1\" content=\"Gesch\u00e4tzte Lesezeit\" \/>\n\t<meta name=\"twitter:data1\" content=\"1\u00a0Minute\" \/>\n<script type=\"application\/ld+json\" class=\"yoast-schema-graph\">{\"@context\":\"https:\\\/\\\/schema.org\",\"@graph\":[{\"@type\":\"WebPage\",\"@id\":\"https:\\\/\\\/www.2000m2.eu\\\/de\\\/kulturen\\\/\",\"url\":\"https:\\\/\\\/www.2000m2.eu\\\/de\\\/kulturen\\\/\",\"name\":\"Ackerkulturen - 2000m2\",\"isPartOf\":{\"@id\":\"https:\\\/\\\/www.2000m2.eu\\\/de\\\/#website\"},\"primaryImageOfPage\":{\"@id\":\"https:\\\/\\\/www.2000m2.eu\\\/de\\\/kulturen\\\/#primaryimage\"},\"image\":{\"@id\":\"https:\\\/\\\/www.2000m2.eu\\\/de\\\/kulturen\\\/#primaryimage\"},\"thumbnailUrl\":\"https:\\\/\\\/www.2000m2.eu\\\/wp-content\\\/uploads\\\/73.jpg\",\"datePublished\":\"2024-09-11T15:04:30+00:00\",\"dateModified\":\"2024-12-05T12:36:44+00:00\",\"breadcrumb\":{\"@id\":\"https:\\\/\\\/www.2000m2.eu\\\/de\\\/kulturen\\\/#breadcrumb\"},\"inLanguage\":\"de\",\"potentialAction\":[{\"@type\":\"ReadAction\",\"target\":[\"https:\\\/\\\/www.2000m2.eu\\\/de\\\/kulturen\\\/\"]}]},{\"@type\":\"ImageObject\",\"inLanguage\":\"de\",\"@id\":\"https:\\\/\\\/www.2000m2.eu\\\/de\\\/kulturen\\\/#primaryimage\",\"url\":\"https:\\\/\\\/www.2000m2.eu\\\/wp-content\\\/uploads\\\/73.jpg\",\"contentUrl\":\"https:\\\/\\\/www.2000m2.eu\\\/wp-content\\\/uploads\\\/73.jpg\",\"width\":1800,\"height\":180},{\"@type\":\"BreadcrumbList\",\"@id\":\"https:\\\/\\\/www.2000m2.eu\\\/de\\\/kulturen\\\/#breadcrumb\",\"itemListElement\":[{\"@type\":\"ListItem\",\"position\":1,\"name\":\"Home\",\"item\":\"https:\\\/\\\/www.2000m2.eu\\\/de\\\/startseite\\\/\"},{\"@type\":\"ListItem\",\"position\":2,\"name\":\"Ackerkulturen\"}]},{\"@type\":\"WebSite\",\"@id\":\"https:\\\/\\\/www.2000m2.eu\\\/de\\\/#website\",\"url\":\"https:\\\/\\\/www.2000m2.eu\\\/de\\\/\",\"name\":\"2000m2\",\"description\":\"\",\"publisher\":{\"@id\":\"https:\\\/\\\/www.2000m2.eu\\\/de\\\/#organization\"},\"potentialAction\":[{\"@type\":\"SearchAction\",\"target\":{\"@type\":\"EntryPoint\",\"urlTemplate\":\"https:\\\/\\\/www.2000m2.eu\\\/de\\\/?s={search_term_string}\"},\"query-input\":{\"@type\":\"PropertyValueSpecification\",\"valueRequired\":true,\"valueName\":\"search_term_string\"}}],\"inLanguage\":\"de\"},{\"@type\":\"Organization\",\"@id\":\"https:\\\/\\\/www.2000m2.eu\\\/de\\\/#organization\",\"name\":\"2000m2\",\"url\":\"https:\\\/\\\/www.2000m2.eu\\\/de\\\/\",\"logo\":{\"@type\":\"ImageObject\",\"inLanguage\":\"de\",\"@id\":\"https:\\\/\\\/www.2000m2.eu\\\/de\\\/#\\\/schema\\\/logo\\\/image\\\/\",\"url\":\"https:\\\/\\\/www.2000m2.eu\\\/wp-content\\\/uploads\\\/logo.png\",\"contentUrl\":\"https:\\\/\\\/www.2000m2.eu\\\/wp-content\\\/uploads\\\/logo.png\",\"width\":445,\"height\":140,\"caption\":\"2000m2\"},\"image\":{\"@id\":\"https:\\\/\\\/www.2000m2.eu\\\/de\\\/#\\\/schema\\\/logo\\\/image\\\/\"}}]}<\/script>\n<!-- \/ Yoast SEO plugin. -->","yoast_head_json":{"title":"Ackerkulturen - 2000m2","robots":{"index":"index","follow":"follow","max-snippet":"max-snippet:-1","max-image-preview":"max-image-preview:large","max-video-preview":"max-video-preview:-1"},"canonical":"https:\/\/www.2000m2.eu\/de\/kulturen\/","og_locale":"de_DE","og_type":"article","og_title":"Ackerkulturen - 2000m2","og_description":"Kulturen des Weltackers Auf dem 2000 m\u00b2 Weltacker wachsen ca. die 45 wichtigsten Ackerkulturen dieser Welt. Hier k\u00f6nnt ihr entdecken, welche das sind und viele spannende Hintergr\u00fcnde zu den Pflanzen erfahren. Auf dem Weltacker sind die Kulturen nach den Kategorien der FAO sortiert angebaut und auch hier k\u00f6nnt ihr sie in diesen Gruppen entdecken. Diese...","og_url":"https:\/\/www.2000m2.eu\/de\/kulturen\/","og_site_name":"2000m2","article_modified_time":"2024-12-05T12:36:44+00:00","og_image":[{"width":1800,"height":180,"url":"https:\/\/www.2000m2.eu\/wp-content\/uploads\/73.jpg","type":"image\/jpeg"}],"twitter_card":"summary_large_image","twitter_misc":{"Gesch\u00e4tzte Lesezeit":"1\u00a0Minute"},"schema":{"@context":"https:\/\/schema.org","@graph":[{"@type":"WebPage","@id":"https:\/\/www.2000m2.eu\/de\/kulturen\/","url":"https:\/\/www.2000m2.eu\/de\/kulturen\/","name":"Ackerkulturen - 2000m2","isPartOf":{"@id":"https:\/\/www.2000m2.eu\/de\/#website"},"primaryImageOfPage":{"@id":"https:\/\/www.2000m2.eu\/de\/kulturen\/#primaryimage"},"image":{"@id":"https:\/\/www.2000m2.eu\/de\/kulturen\/#primaryimage"},"thumbnailUrl":"https:\/\/www.2000m2.eu\/wp-content\/uploads\/73.jpg","datePublished":"2024-09-11T15:04:30+00:00","dateModified":"2024-12-05T12:36:44+00:00","breadcrumb":{"@id":"https:\/\/www.2000m2.eu\/de\/kulturen\/#breadcrumb"},"inLanguage":"de","potentialAction":[{"@type":"ReadAction","target":["https:\/\/www.2000m2.eu\/de\/kulturen\/"]}]},{"@type":"ImageObject","inLanguage":"de","@id":"https:\/\/www.2000m2.eu\/de\/kulturen\/#primaryimage","url":"https:\/\/www.2000m2.eu\/wp-content\/uploads\/73.jpg","contentUrl":"https:\/\/www.2000m2.eu\/wp-content\/uploads\/73.jpg","width":1800,"height":180},{"@type":"BreadcrumbList","@id":"https:\/\/www.2000m2.eu\/de\/kulturen\/#breadcrumb","itemListElement":[{"@type":"ListItem","position":1,"name":"Home","item":"https:\/\/www.2000m2.eu\/de\/startseite\/"},{"@type":"ListItem","position":2,"name":"Ackerkulturen"}]},{"@type":"WebSite","@id":"https:\/\/www.2000m2.eu\/de\/#website","url":"https:\/\/www.2000m2.eu\/de\/","name":"2000m2","description":"","publisher":{"@id":"https:\/\/www.2000m2.eu\/de\/#organization"},"potentialAction":[{"@type":"SearchAction","target":{"@type":"EntryPoint","urlTemplate":"https:\/\/www.2000m2.eu\/de\/?s={search_term_string}"},"query-input":{"@type":"PropertyValueSpecification","valueRequired":true,"valueName":"search_term_string"}}],"inLanguage":"de"},{"@type":"Organization","@id":"https:\/\/www.2000m2.eu\/de\/#organization","name":"2000m2","url":"https:\/\/www.2000m2.eu\/de\/","logo":{"@type":"ImageObject","inLanguage":"de","@id":"https:\/\/www.2000m2.eu\/de\/#\/schema\/logo\/image\/","url":"https:\/\/www.2000m2.eu\/wp-content\/uploads\/logo.png","contentUrl":"https:\/\/www.2000m2.eu\/wp-content\/uploads\/logo.png","width":445,"height":140,"caption":"2000m2"},"image":{"@id":"https:\/\/www.2000m2.eu\/de\/#\/schema\/logo\/image\/"}}]}},"_links":{"self":[{"href":"https:\/\/www.2000m2.eu\/de\/wp-json\/wp\/v2\/pages\/382","targetHints":{"allow":["GET"]}}],"collection":[{"href":"https:\/\/www.2000m2.eu\/de\/wp-json\/wp\/v2\/pages"}],"about":[{"href":"https:\/\/www.2000m2.eu\/de\/wp-json\/wp\/v2\/types\/page"}],"author":[{"embeddable":true,"href":"https:\/\/www.2000m2.eu\/de\/wp-json\/wp\/v2\/users\/1"}],"replies":[{"embeddable":true,"href":"https:\/\/www.2000m2.eu\/de\/wp-json\/wp\/v2\/comments?post=382"}],"version-history":[{"count":7,"href":"https:\/\/www.2000m2.eu\/de\/wp-json\/wp\/v2\/pages\/382\/revisions"}],"predecessor-version":[{"id":2943,"href":"https:\/\/www.2000m2.eu\/de\/wp-json\/wp\/v2\/pages\/382\/revisions\/2943"}],"wp:featuredmedia":[{"embeddable":true,"href":"https:\/\/www.2000m2.eu\/de\/wp-json\/wp\/v2\/media\/2020"}],"wp:attachment":[{"href":"https:\/\/www.2000m2.eu\/de\/wp-json\/wp\/v2\/media?parent=382"}],"curies":[{"name":"wp","href":"https:\/\/api.w.org\/{rel}","templated":true}]}}