{"id":504,"date":"2024-09-17T11:55:49","date_gmt":"2024-09-17T11:55:49","guid":{"rendered":"https:\/\/www.2000m2.eu\/?page_id=504"},"modified":"2024-12-05T12:38:40","modified_gmt":"2024-12-05T12:38:40","slug":"themen","status":"publish","type":"page","link":"https:\/\/www.2000m2.eu\/de\/themen\/","title":{"rendered":"Themen des Weltackers"},"content":{"rendered":"\n<h1 class=\"wp-block-heading\">Hintergr\u00fcnde unseres Weltackers<\/h1>\n\n\n\n<p>Auf dem Weltacker k\u00f6nnt ihr zahlreiche verschiedene Aspekte der Landwirtschaft erforschen. Von der Fruchtbarkeit des Bodens \u00fcber das globale Klima bis hin zum allt\u00e4glichen Essen und eurer Gesundheit &#8211; auf den Welt\u00e4ckern erwarten euch ganzheitliche Einblicke in die naturwissenschaftlichen, sozialen und geschichtlichen Zusammenh\u00e4nge unseres globalen Agrar- und Ern\u00e4hrungssystems. Hier k\u00f6nnt ihr einen ersten Blick in einige der zentralen Themen werfen.<\/p>\n","protected":false},"excerpt":{"rendered":"<p>Hintergr\u00fcnde unseres Weltackers Auf dem Weltacker k\u00f6nnt ihr zahlreiche verschiedene Aspekte der Landwirtschaft erforschen. Von der Fruchtbarkeit des Bodens \u00fcber das globale Klima bis hin zum allt\u00e4glichen Essen und eurer Gesundheit &#8211; auf den Welt\u00e4ckern erwarten euch ganzheitliche Einblicke in die naturwissenschaftlichen, sozialen und geschichtlichen Zusammenh\u00e4nge unseres globalen Agrar- und Ern\u00e4hrungssystems. Hier k\u00f6nnt ihr einen&#8230;<\/p>\n","protected":false},"author":1,"featured_media":1959,"parent":0,"menu_order":37,"comment_status":"closed","ping_status":"closed","template":"page-taxonomy.php","meta":{"footnotes":""},"class_list":["post-504","page","type-page","status-publish","has-post-thumbnail"],"yoast_head":"<!-- This site is optimized with the Yoast SEO plugin v27.3 - https:\/\/yoast.com\/product\/yoast-seo-wordpress\/ -->\n<title>Themen des Weltackers - 2000m2<\/title>\n<meta name=\"robots\" content=\"index, follow, max-snippet:-1, max-image-preview:large, max-video-preview:-1\" \/>\n<link rel=\"canonical\" href=\"https:\/\/www.2000m2.eu\/de\/themen\/\" \/>\n<meta property=\"og:locale\" content=\"de_DE\" \/>\n<meta property=\"og:type\" content=\"article\" \/>\n<meta property=\"og:title\" content=\"Themen des Weltackers - 2000m2\" \/>\n<meta property=\"og:description\" content=\"Hintergr\u00fcnde unseres Weltackers Auf dem Weltacker k\u00f6nnt ihr zahlreiche verschiedene Aspekte der Landwirtschaft erforschen. Von der Fruchtbarkeit des Bodens \u00fcber das globale Klima bis hin zum allt\u00e4glichen Essen und eurer Gesundheit &#8211; auf den Welt\u00e4ckern erwarten euch ganzheitliche Einblicke in die naturwissenschaftlichen, sozialen und geschichtlichen Zusammenh\u00e4nge unseres globalen Agrar- und Ern\u00e4hrungssystems. Hier k\u00f6nnt ihr einen...\" \/>\n<meta property=\"og:url\" content=\"https:\/\/www.2000m2.eu\/de\/themen\/\" \/>\n<meta property=\"og:site_name\" content=\"2000m2\" \/>\n<meta property=\"article:modified_time\" content=\"2024-12-05T12:38:40+00:00\" \/>\n<meta property=\"og:image\" content=\"https:\/\/www.2000m2.eu\/wp-content\/uploads\/47.jpg\" \/>\n\t<meta property=\"og:image:width\" content=\"1800\" \/>\n\t<meta property=\"og:image:height\" content=\"180\" \/>\n\t<meta property=\"og:image:type\" content=\"image\/jpeg\" \/>\n<meta name=\"twitter:card\" content=\"summary_large_image\" \/>\n<meta name=\"twitter:label1\" content=\"Gesch\u00e4tzte Lesezeit\" \/>\n\t<meta name=\"twitter:data1\" content=\"1\u00a0Minute\" \/>\n<script type=\"application\/ld+json\" class=\"yoast-schema-graph\">{\"@context\":\"https:\\\/\\\/schema.org\",\"@graph\":[{\"@type\":\"WebPage\",\"@id\":\"https:\\\/\\\/www.2000m2.eu\\\/de\\\/themen\\\/\",\"url\":\"https:\\\/\\\/www.2000m2.eu\\\/de\\\/themen\\\/\",\"name\":\"Themen des Weltackers - 2000m2\",\"isPartOf\":{\"@id\":\"https:\\\/\\\/www.2000m2.eu\\\/de\\\/#website\"},\"primaryImageOfPage\":{\"@id\":\"https:\\\/\\\/www.2000m2.eu\\\/de\\\/themen\\\/#primaryimage\"},\"image\":{\"@id\":\"https:\\\/\\\/www.2000m2.eu\\\/de\\\/themen\\\/#primaryimage\"},\"thumbnailUrl\":\"https:\\\/\\\/www.2000m2.eu\\\/wp-content\\\/uploads\\\/47.jpg\",\"datePublished\":\"2024-09-17T11:55:49+00:00\",\"dateModified\":\"2024-12-05T12:38:40+00:00\",\"breadcrumb\":{\"@id\":\"https:\\\/\\\/www.2000m2.eu\\\/de\\\/themen\\\/#breadcrumb\"},\"inLanguage\":\"de\",\"potentialAction\":[{\"@type\":\"ReadAction\",\"target\":[\"https:\\\/\\\/www.2000m2.eu\\\/de\\\/themen\\\/\"]}]},{\"@type\":\"ImageObject\",\"inLanguage\":\"de\",\"@id\":\"https:\\\/\\\/www.2000m2.eu\\\/de\\\/themen\\\/#primaryimage\",\"url\":\"https:\\\/\\\/www.2000m2.eu\\\/wp-content\\\/uploads\\\/47.jpg\",\"contentUrl\":\"https:\\\/\\\/www.2000m2.eu\\\/wp-content\\\/uploads\\\/47.jpg\",\"width\":1800,\"height\":180},{\"@type\":\"BreadcrumbList\",\"@id\":\"https:\\\/\\\/www.2000m2.eu\\\/de\\\/themen\\\/#breadcrumb\",\"itemListElement\":[{\"@type\":\"ListItem\",\"position\":1,\"name\":\"Home\",\"item\":\"https:\\\/\\\/www.2000m2.eu\\\/de\\\/startseite\\\/\"},{\"@type\":\"ListItem\",\"position\":2,\"name\":\"Themen des Weltackers\"}]},{\"@type\":\"WebSite\",\"@id\":\"https:\\\/\\\/www.2000m2.eu\\\/de\\\/#website\",\"url\":\"https:\\\/\\\/www.2000m2.eu\\\/de\\\/\",\"name\":\"2000m2\",\"description\":\"\",\"publisher\":{\"@id\":\"https:\\\/\\\/www.2000m2.eu\\\/de\\\/#organization\"},\"potentialAction\":[{\"@type\":\"SearchAction\",\"target\":{\"@type\":\"EntryPoint\",\"urlTemplate\":\"https:\\\/\\\/www.2000m2.eu\\\/de\\\/?s={search_term_string}\"},\"query-input\":{\"@type\":\"PropertyValueSpecification\",\"valueRequired\":true,\"valueName\":\"search_term_string\"}}],\"inLanguage\":\"de\"},{\"@type\":\"Organization\",\"@id\":\"https:\\\/\\\/www.2000m2.eu\\\/de\\\/#organization\",\"name\":\"2000m2\",\"url\":\"https:\\\/\\\/www.2000m2.eu\\\/de\\\/\",\"logo\":{\"@type\":\"ImageObject\",\"inLanguage\":\"de\",\"@id\":\"https:\\\/\\\/www.2000m2.eu\\\/de\\\/#\\\/schema\\\/logo\\\/image\\\/\",\"url\":\"https:\\\/\\\/www.2000m2.eu\\\/wp-content\\\/uploads\\\/logo.png\",\"contentUrl\":\"https:\\\/\\\/www.2000m2.eu\\\/wp-content\\\/uploads\\\/logo.png\",\"width\":445,\"height\":140,\"caption\":\"2000m2\"},\"image\":{\"@id\":\"https:\\\/\\\/www.2000m2.eu\\\/de\\\/#\\\/schema\\\/logo\\\/image\\\/\"}}]}<\/script>\n<!-- \/ Yoast SEO plugin. -->","yoast_head_json":{"title":"Themen des Weltackers - 2000m2","robots":{"index":"index","follow":"follow","max-snippet":"max-snippet:-1","max-image-preview":"max-image-preview:large","max-video-preview":"max-video-preview:-1"},"canonical":"https:\/\/www.2000m2.eu\/de\/themen\/","og_locale":"de_DE","og_type":"article","og_title":"Themen des Weltackers - 2000m2","og_description":"Hintergr\u00fcnde unseres Weltackers Auf dem Weltacker k\u00f6nnt ihr zahlreiche verschiedene Aspekte der Landwirtschaft erforschen. Von der Fruchtbarkeit des Bodens \u00fcber das globale Klima bis hin zum allt\u00e4glichen Essen und eurer Gesundheit &#8211; auf den Welt\u00e4ckern erwarten euch ganzheitliche Einblicke in die naturwissenschaftlichen, sozialen und geschichtlichen Zusammenh\u00e4nge unseres globalen Agrar- und Ern\u00e4hrungssystems. Hier k\u00f6nnt ihr einen...","og_url":"https:\/\/www.2000m2.eu\/de\/themen\/","og_site_name":"2000m2","article_modified_time":"2024-12-05T12:38:40+00:00","og_image":[{"width":1800,"height":180,"url":"https:\/\/www.2000m2.eu\/wp-content\/uploads\/47.jpg","type":"image\/jpeg"}],"twitter_card":"summary_large_image","twitter_misc":{"Gesch\u00e4tzte Lesezeit":"1\u00a0Minute"},"schema":{"@context":"https:\/\/schema.org","@graph":[{"@type":"WebPage","@id":"https:\/\/www.2000m2.eu\/de\/themen\/","url":"https:\/\/www.2000m2.eu\/de\/themen\/","name":"Themen des Weltackers - 2000m2","isPartOf":{"@id":"https:\/\/www.2000m2.eu\/de\/#website"},"primaryImageOfPage":{"@id":"https:\/\/www.2000m2.eu\/de\/themen\/#primaryimage"},"image":{"@id":"https:\/\/www.2000m2.eu\/de\/themen\/#primaryimage"},"thumbnailUrl":"https:\/\/www.2000m2.eu\/wp-content\/uploads\/47.jpg","datePublished":"2024-09-17T11:55:49+00:00","dateModified":"2024-12-05T12:38:40+00:00","breadcrumb":{"@id":"https:\/\/www.2000m2.eu\/de\/themen\/#breadcrumb"},"inLanguage":"de","potentialAction":[{"@type":"ReadAction","target":["https:\/\/www.2000m2.eu\/de\/themen\/"]}]},{"@type":"ImageObject","inLanguage":"de","@id":"https:\/\/www.2000m2.eu\/de\/themen\/#primaryimage","url":"https:\/\/www.2000m2.eu\/wp-content\/uploads\/47.jpg","contentUrl":"https:\/\/www.2000m2.eu\/wp-content\/uploads\/47.jpg","width":1800,"height":180},{"@type":"BreadcrumbList","@id":"https:\/\/www.2000m2.eu\/de\/themen\/#breadcrumb","itemListElement":[{"@type":"ListItem","position":1,"name":"Home","item":"https:\/\/www.2000m2.eu\/de\/startseite\/"},{"@type":"ListItem","position":2,"name":"Themen des Weltackers"}]},{"@type":"WebSite","@id":"https:\/\/www.2000m2.eu\/de\/#website","url":"https:\/\/www.2000m2.eu\/de\/","name":"2000m2","description":"","publisher":{"@id":"https:\/\/www.2000m2.eu\/de\/#organization"},"potentialAction":[{"@type":"SearchAction","target":{"@type":"EntryPoint","urlTemplate":"https:\/\/www.2000m2.eu\/de\/?s={search_term_string}"},"query-input":{"@type":"PropertyValueSpecification","valueRequired":true,"valueName":"search_term_string"}}],"inLanguage":"de"},{"@type":"Organization","@id":"https:\/\/www.2000m2.eu\/de\/#organization","name":"2000m2","url":"https:\/\/www.2000m2.eu\/de\/","logo":{"@type":"ImageObject","inLanguage":"de","@id":"https:\/\/www.2000m2.eu\/de\/#\/schema\/logo\/image\/","url":"https:\/\/www.2000m2.eu\/wp-content\/uploads\/logo.png","contentUrl":"https:\/\/www.2000m2.eu\/wp-content\/uploads\/logo.png","width":445,"height":140,"caption":"2000m2"},"image":{"@id":"https:\/\/www.2000m2.eu\/de\/#\/schema\/logo\/image\/"}}]}},"_links":{"self":[{"href":"https:\/\/www.2000m2.eu\/de\/wp-json\/wp\/v2\/pages\/504","targetHints":{"allow":["GET"]}}],"collection":[{"href":"https:\/\/www.2000m2.eu\/de\/wp-json\/wp\/v2\/pages"}],"about":[{"href":"https:\/\/www.2000m2.eu\/de\/wp-json\/wp\/v2\/types\/page"}],"author":[{"embeddable":true,"href":"https:\/\/www.2000m2.eu\/de\/wp-json\/wp\/v2\/users\/1"}],"replies":[{"embeddable":true,"href":"https:\/\/www.2000m2.eu\/de\/wp-json\/wp\/v2\/comments?post=504"}],"version-history":[{"count":7,"href":"https:\/\/www.2000m2.eu\/de\/wp-json\/wp\/v2\/pages\/504\/revisions"}],"predecessor-version":[{"id":2944,"href":"https:\/\/www.2000m2.eu\/de\/wp-json\/wp\/v2\/pages\/504\/revisions\/2944"}],"wp:featuredmedia":[{"embeddable":true,"href":"https:\/\/www.2000m2.eu\/de\/wp-json\/wp\/v2\/media\/1959"}],"wp:attachment":[{"href":"https:\/\/www.2000m2.eu\/de\/wp-json\/wp\/v2\/media?parent=504"}],"curies":[{"name":"wp","href":"https:\/\/api.w.org\/{rel}","templated":true}]}}