{"id":511,"date":"2024-09-17T11:57:13","date_gmt":"2024-09-17T11:57:13","guid":{"rendered":"https:\/\/www.2000m2.eu\/?page_id=511"},"modified":"2024-11-22T12:15:25","modified_gmt":"2024-11-22T12:15:25","slug":"impressum","status":"publish","type":"page","link":"https:\/\/www.2000m2.eu\/de\/impressum\/","title":{"rendered":"Impressum"},"content":{"rendered":"\n<h1 class=\"wp-block-heading\">Impressum<\/h1>\n\n\n\n<p>V.i.S.d.P.: Benedikt Haerlin, c\/o<br>Zukunftsstiftung Landwirtschaft \/ Marienstra\u00dfe 19-20 \/ 10117 Berlin \/&nbsp;<a href=\"http:\/\/www.zukunftsstiftung-landwirtschaft.de\/zukunftsstiftung-landwirtschaft\/\" target=\"_blank\" rel=\"noreferrer noopener\">www.zukunftsstiftung-landwirtschaft.de<\/a><\/p>\n\n\n\n<h3 class=\"wp-block-heading\">Urheberrecht<\/h3>\n\n\n\n<p>Der Inhalt von www.2000m2.eu ist verwendbar unter den Bedingungen einer&nbsp;<a href=\"http:\/\/creativecommons.org\/licenses\/by-nc-sa\/3.0\/de\/\" target=\"_blank\" rel=\"noreferrer noopener\">Creative Commons<\/a>-Lizenz: Namensnennung-Keine kommerzielle Nutzung-Weitergabe unter gleichen Bedingungen-3.0-Deutschland.<\/p>\n\n\n\n<p>Die auf&nbsp;www.2000m2.eu eingebundenen Links k\u00f6nnen sich kurzfristig \u00e4ndern. Die Zukunftsstiftung Landwirtschaft \u00fcbernimmt f\u00fcr verlinkte Seiten keine Verantwortung.<\/p>\n\n\n\n<h3 class=\"wp-block-heading\">Design<\/h3>\n\n\n\n<p>Illustrationen (wenn nicht anders gekennzeichnet):&nbsp;<a href=\"http:\/\/www.annikahuskamp.com\/\" target=\"_blank\" rel=\"noreferrer noopener\">Annika Huskamp<\/a><\/p>\n\n\n\n<p>Hintergrundbild: <a href=\"https:\/\/www.freepik.com\" target=\"_blank\" rel=\"noreferrer noopener\">Designed by Freepik<\/a><\/p>\n\n\n\n<p>Webbetreuung: <a href=\"https:\/\/zosto.com\" target=\"_blank\" rel=\"noreferrer noopener\">Karl Sandoval<\/a><\/p>\n\n\n\n<p><strong>Alle unsere F\u00f6derer finden Sie unter\u00a0<a href=\"https:\/\/www.2000m2.eu\/de\/unsere-foerderer\/\">Wer uns f\u00f6rdert<\/a><\/strong><\/p>\n\n\n\n<p><\/p>\n","protected":false},"excerpt":{"rendered":"<p>Impressum V.i.S.d.P.: Benedikt Haerlin, c\/oZukunftsstiftung Landwirtschaft \/ Marienstra\u00dfe 19-20 \/ 10117 Berlin \/&nbsp;www.zukunftsstiftung-landwirtschaft.de Urheberrecht Der Inhalt von www.2000m2.eu ist verwendbar unter den Bedingungen einer&nbsp;Creative Commons-Lizenz: Namensnennung-Keine kommerzielle Nutzung-Weitergabe unter gleichen Bedingungen-3.0-Deutschland. Die auf&nbsp;www.2000m2.eu eingebundenen Links k\u00f6nnen sich kurzfristig \u00e4ndern. Die Zukunftsstiftung Landwirtschaft \u00fcbernimmt f\u00fcr verlinkte Seiten keine Verantwortung. Design Illustrationen (wenn nicht anders gekennzeichnet):&nbsp;Annika Huskamp&#8230;<\/p>\n","protected":false},"author":1,"featured_media":0,"parent":0,"menu_order":43,"comment_status":"closed","ping_status":"closed","template":"","meta":{"footnotes":""},"class_list":["post-511","page","type-page","status-publish"],"yoast_head":"<!-- This site is optimized with the Yoast SEO plugin v27.5 - https:\/\/yoast.com\/product\/yoast-seo-wordpress\/ -->\n<title>Impressum - 2000m2<\/title>\n<meta name=\"robots\" content=\"index, follow, max-snippet:-1, max-image-preview:large, max-video-preview:-1\" \/>\n<link rel=\"canonical\" href=\"https:\/\/www.2000m2.eu\/de\/impressum\/\" \/>\n<meta property=\"og:locale\" content=\"de_DE\" \/>\n<meta property=\"og:type\" content=\"article\" \/>\n<meta property=\"og:title\" content=\"Impressum - 2000m2\" \/>\n<meta property=\"og:description\" content=\"Impressum V.i.S.d.P.: Benedikt Haerlin, c\/oZukunftsstiftung Landwirtschaft \/ Marienstra\u00dfe 19-20 \/ 10117 Berlin \/&nbsp;www.zukunftsstiftung-landwirtschaft.de Urheberrecht Der Inhalt von www.2000m2.eu ist verwendbar unter den Bedingungen einer&nbsp;Creative Commons-Lizenz: Namensnennung-Keine kommerzielle Nutzung-Weitergabe unter gleichen Bedingungen-3.0-Deutschland. Die auf&nbsp;www.2000m2.eu eingebundenen Links k\u00f6nnen sich kurzfristig \u00e4ndern. Die Zukunftsstiftung Landwirtschaft \u00fcbernimmt f\u00fcr verlinkte Seiten keine Verantwortung. Design Illustrationen (wenn nicht anders gekennzeichnet):&nbsp;Annika Huskamp...\" \/>\n<meta property=\"og:url\" content=\"https:\/\/www.2000m2.eu\/de\/impressum\/\" \/>\n<meta property=\"og:site_name\" content=\"2000m2\" \/>\n<meta property=\"article:modified_time\" content=\"2024-11-22T12:15:25+00:00\" \/>\n<meta name=\"twitter:card\" content=\"summary_large_image\" \/>\n<meta name=\"twitter:label1\" content=\"Gesch\u00e4tzte Lesezeit\" \/>\n\t<meta name=\"twitter:data1\" content=\"1\u00a0Minute\" \/>\n<script type=\"application\/ld+json\" class=\"yoast-schema-graph\">{\"@context\":\"https:\\\/\\\/schema.org\",\"@graph\":[{\"@type\":\"WebPage\",\"@id\":\"https:\\\/\\\/www.2000m2.eu\\\/de\\\/impressum\\\/\",\"url\":\"https:\\\/\\\/www.2000m2.eu\\\/de\\\/impressum\\\/\",\"name\":\"Impressum - 2000m2\",\"isPartOf\":{\"@id\":\"https:\\\/\\\/www.2000m2.eu\\\/de\\\/#website\"},\"datePublished\":\"2024-09-17T11:57:13+00:00\",\"dateModified\":\"2024-11-22T12:15:25+00:00\",\"breadcrumb\":{\"@id\":\"https:\\\/\\\/www.2000m2.eu\\\/de\\\/impressum\\\/#breadcrumb\"},\"inLanguage\":\"de\",\"potentialAction\":[{\"@type\":\"ReadAction\",\"target\":[\"https:\\\/\\\/www.2000m2.eu\\\/de\\\/impressum\\\/\"]}]},{\"@type\":\"BreadcrumbList\",\"@id\":\"https:\\\/\\\/www.2000m2.eu\\\/de\\\/impressum\\\/#breadcrumb\",\"itemListElement\":[{\"@type\":\"ListItem\",\"position\":1,\"name\":\"Home\",\"item\":\"https:\\\/\\\/www.2000m2.eu\\\/de\\\/startseite\\\/\"},{\"@type\":\"ListItem\",\"position\":2,\"name\":\"Impressum\"}]},{\"@type\":\"WebSite\",\"@id\":\"https:\\\/\\\/www.2000m2.eu\\\/de\\\/#website\",\"url\":\"https:\\\/\\\/www.2000m2.eu\\\/de\\\/\",\"name\":\"2000m2\",\"description\":\"\",\"publisher\":{\"@id\":\"https:\\\/\\\/www.2000m2.eu\\\/de\\\/#organization\"},\"potentialAction\":[{\"@type\":\"SearchAction\",\"target\":{\"@type\":\"EntryPoint\",\"urlTemplate\":\"https:\\\/\\\/www.2000m2.eu\\\/de\\\/?s={search_term_string}\"},\"query-input\":{\"@type\":\"PropertyValueSpecification\",\"valueRequired\":true,\"valueName\":\"search_term_string\"}}],\"inLanguage\":\"de\"},{\"@type\":\"Organization\",\"@id\":\"https:\\\/\\\/www.2000m2.eu\\\/de\\\/#organization\",\"name\":\"2000m2\",\"url\":\"https:\\\/\\\/www.2000m2.eu\\\/de\\\/\",\"logo\":{\"@type\":\"ImageObject\",\"inLanguage\":\"de\",\"@id\":\"https:\\\/\\\/www.2000m2.eu\\\/de\\\/#\\\/schema\\\/logo\\\/image\\\/\",\"url\":\"https:\\\/\\\/www.2000m2.eu\\\/wp-content\\\/uploads\\\/logo.png\",\"contentUrl\":\"https:\\\/\\\/www.2000m2.eu\\\/wp-content\\\/uploads\\\/logo.png\",\"width\":445,\"height\":140,\"caption\":\"2000m2\"},\"image\":{\"@id\":\"https:\\\/\\\/www.2000m2.eu\\\/de\\\/#\\\/schema\\\/logo\\\/image\\\/\"}}]}<\/script>\n<!-- \/ Yoast SEO plugin. -->","yoast_head_json":{"title":"Impressum - 2000m2","robots":{"index":"index","follow":"follow","max-snippet":"max-snippet:-1","max-image-preview":"max-image-preview:large","max-video-preview":"max-video-preview:-1"},"canonical":"https:\/\/www.2000m2.eu\/de\/impressum\/","og_locale":"de_DE","og_type":"article","og_title":"Impressum - 2000m2","og_description":"Impressum V.i.S.d.P.: Benedikt Haerlin, c\/oZukunftsstiftung Landwirtschaft \/ Marienstra\u00dfe 19-20 \/ 10117 Berlin \/&nbsp;www.zukunftsstiftung-landwirtschaft.de Urheberrecht Der Inhalt von www.2000m2.eu ist verwendbar unter den Bedingungen einer&nbsp;Creative Commons-Lizenz: Namensnennung-Keine kommerzielle Nutzung-Weitergabe unter gleichen Bedingungen-3.0-Deutschland. Die auf&nbsp;www.2000m2.eu eingebundenen Links k\u00f6nnen sich kurzfristig \u00e4ndern. Die Zukunftsstiftung Landwirtschaft \u00fcbernimmt f\u00fcr verlinkte Seiten keine Verantwortung. Design Illustrationen (wenn nicht anders gekennzeichnet):&nbsp;Annika Huskamp...","og_url":"https:\/\/www.2000m2.eu\/de\/impressum\/","og_site_name":"2000m2","article_modified_time":"2024-11-22T12:15:25+00:00","twitter_card":"summary_large_image","twitter_misc":{"Gesch\u00e4tzte Lesezeit":"1\u00a0Minute"},"schema":{"@context":"https:\/\/schema.org","@graph":[{"@type":"WebPage","@id":"https:\/\/www.2000m2.eu\/de\/impressum\/","url":"https:\/\/www.2000m2.eu\/de\/impressum\/","name":"Impressum - 2000m2","isPartOf":{"@id":"https:\/\/www.2000m2.eu\/de\/#website"},"datePublished":"2024-09-17T11:57:13+00:00","dateModified":"2024-11-22T12:15:25+00:00","breadcrumb":{"@id":"https:\/\/www.2000m2.eu\/de\/impressum\/#breadcrumb"},"inLanguage":"de","potentialAction":[{"@type":"ReadAction","target":["https:\/\/www.2000m2.eu\/de\/impressum\/"]}]},{"@type":"BreadcrumbList","@id":"https:\/\/www.2000m2.eu\/de\/impressum\/#breadcrumb","itemListElement":[{"@type":"ListItem","position":1,"name":"Home","item":"https:\/\/www.2000m2.eu\/de\/startseite\/"},{"@type":"ListItem","position":2,"name":"Impressum"}]},{"@type":"WebSite","@id":"https:\/\/www.2000m2.eu\/de\/#website","url":"https:\/\/www.2000m2.eu\/de\/","name":"2000m2","description":"","publisher":{"@id":"https:\/\/www.2000m2.eu\/de\/#organization"},"potentialAction":[{"@type":"SearchAction","target":{"@type":"EntryPoint","urlTemplate":"https:\/\/www.2000m2.eu\/de\/?s={search_term_string}"},"query-input":{"@type":"PropertyValueSpecification","valueRequired":true,"valueName":"search_term_string"}}],"inLanguage":"de"},{"@type":"Organization","@id":"https:\/\/www.2000m2.eu\/de\/#organization","name":"2000m2","url":"https:\/\/www.2000m2.eu\/de\/","logo":{"@type":"ImageObject","inLanguage":"de","@id":"https:\/\/www.2000m2.eu\/de\/#\/schema\/logo\/image\/","url":"https:\/\/www.2000m2.eu\/wp-content\/uploads\/logo.png","contentUrl":"https:\/\/www.2000m2.eu\/wp-content\/uploads\/logo.png","width":445,"height":140,"caption":"2000m2"},"image":{"@id":"https:\/\/www.2000m2.eu\/de\/#\/schema\/logo\/image\/"}}]}},"_links":{"self":[{"href":"https:\/\/www.2000m2.eu\/de\/wp-json\/wp\/v2\/pages\/511","targetHints":{"allow":["GET"]}}],"collection":[{"href":"https:\/\/www.2000m2.eu\/de\/wp-json\/wp\/v2\/pages"}],"about":[{"href":"https:\/\/www.2000m2.eu\/de\/wp-json\/wp\/v2\/types\/page"}],"author":[{"embeddable":true,"href":"https:\/\/www.2000m2.eu\/de\/wp-json\/wp\/v2\/users\/1"}],"replies":[{"embeddable":true,"href":"https:\/\/www.2000m2.eu\/de\/wp-json\/wp\/v2\/comments?post=511"}],"version-history":[{"count":4,"href":"https:\/\/www.2000m2.eu\/de\/wp-json\/wp\/v2\/pages\/511\/revisions"}],"predecessor-version":[{"id":1980,"href":"https:\/\/www.2000m2.eu\/de\/wp-json\/wp\/v2\/pages\/511\/revisions\/1980"}],"wp:attachment":[{"href":"https:\/\/www.2000m2.eu\/de\/wp-json\/wp\/v2\/media?parent=511"}],"curies":[{"name":"wp","href":"https:\/\/api.w.org\/{rel}","templated":true}]}}