{"id":53,"date":"2024-09-10T07:55:00","date_gmt":"2024-09-10T07:55:00","guid":{"rendered":"https:\/\/www.2000m2.eu\/?page_id=53"},"modified":"2026-02-06T07:02:51","modified_gmt":"2026-02-06T07:02:51","slug":"unterstuetze-uns","status":"publish","type":"page","link":"https:\/\/www.2000m2.eu\/de\/ueber-uns\/unterstuetze-uns\/","title":{"rendered":"Unterst\u00fctze uns"},"content":{"rendered":"\n<h1 class=\"wp-block-heading\">Wir brauchen euch! <\/h1>\n\n\n\n<p>Euch gef\u00e4llt unsere Arbeit und ihr wollt uns dabei helfen? Wir freuen uns \u00fcber jede Unterst\u00fctzung &#8211; ob in Form einer Spende, ehrenamtlicher Hilfe oder ganz anders. Denn auch wenn ein Teil unserer Arbeit gef\u00f6rdert wird, sind wir auf Spenden angewiesen. Eure Spende flie\u00dft zu 100% in die Projekte der internationalen Weltacker-Koordination und hilft uns zum Beispiel beim Erstellen neuer Bildungsinhalte, der Beratung neuer Initiativen oder auch bei der Erstellung von Brosch\u00fcren oder der Weiterentwicklung unserer Wanderausstellung.<\/p>\n\n\n\n<p>Ihr k\u00f6nnt gerne spenden an:<\/p>\n\n\n\n<p><strong>Zahlungsempf\u00e4ngerin:<\/strong> Zukunftsstiftung Landwirtschaft<br><strong>IBAN:<\/strong> DE72 4306 0967 0030 0054 05<br><strong>BIC:<\/strong> GENODEM1GLS<br><strong>Bank:<\/strong> GLS Gemeinschaftsbank eG<br><strong>Betreff:<\/strong> Spende 2000m2<\/p>\n\n\n<style>.kb-row-layout-wrap.wp-block-kadence-rowlayout.kb-row-layout-id53_21da57-58{margin-bottom:0px;margin-bottom:var(--global-kb-spacing-lg, 3rem);}.kb-row-layout-id53_21da57-58 > .kt-row-column-wrap{align-content:start;}:where(.kb-row-layout-id53_21da57-58 > .kt-row-column-wrap) > .wp-block-kadence-column{justify-content:start;}.kb-row-layout-id53_21da57-58 > .kt-row-column-wrap{column-gap:var(--global-kb-gap-md, 2rem);row-gap:var(--global-kb-gap-md, 2rem);padding-top:var(--global-kb-spacing-sm, 1.5rem);grid-template-columns:minmax(0, 1fr);}.kb-row-layout-id53_21da57-58 > .kt-row-layout-overlay{opacity:0.30;}@media all and (max-width: 1024px){.kb-row-layout-id53_21da57-58 > .kt-row-column-wrap{grid-template-columns:minmax(0, 1fr);}}@media all and (max-width: 767px){.kb-row-layout-id53_21da57-58 > .kt-row-column-wrap{grid-template-columns:minmax(0, 1fr);}}<\/style><div class=\"kb-row-layout-wrap kb-row-layout-id53_21da57-58 alignnone wp-block-kadence-rowlayout\"><div class=\"kt-row-column-wrap kt-has-1-columns kt-row-layout-equal kt-tab-layout-inherit kt-mobile-layout-row kt-row-valign-top\">\n<style>.kadence-column53_384961-bf > .kt-inside-inner-col,.kadence-column53_384961-bf > .kt-inside-inner-col:before{border-top-left-radius:0px;border-top-right-radius:0px;border-bottom-right-radius:0px;border-bottom-left-radius:0px;}.kadence-column53_384961-bf > .kt-inside-inner-col{column-gap:var(--global-kb-gap-sm, 1rem);}.kadence-column53_384961-bf > .kt-inside-inner-col{flex-direction:column;}.kadence-column53_384961-bf > .kt-inside-inner-col > .aligncenter{width:100%;}.kadence-column53_384961-bf > .kt-inside-inner-col:before{opacity:0.3;}.kadence-column53_384961-bf{position:relative;}@media all and (max-width: 1024px){.kadence-column53_384961-bf > .kt-inside-inner-col{flex-direction:column;justify-content:center;}}@media all and (max-width: 767px){.kadence-column53_384961-bf > .kt-inside-inner-col{flex-direction:column;justify-content:center;}}<\/style>\n<div class=\"wp-block-kadence-column kadence-column53_384961-bf\"><div class=\"kt-inside-inner-col\"><\/div><\/div>\n\n<\/div><\/div>\n\n\n<h2 class=\"wp-block-heading\">Ehrenamtliche Mitarbeit<\/h2>\n\n\n\n<p>Bei uns gibt es immer viel zu tun und wir freuen uns \u00fcber engagierte Ehrenamtliche. Wenn ihr Lust habt, uns zum Beispiel bei Recherche-T\u00e4tigkeiten, beim Schreiben von Artikeln und Texten, in der \u00d6ffentlichkeitsarbeit oder bei unseren Veranstaltungen zu unterst\u00fctzen, meldet euch gerne bei uns. Gerne vermitteln wir euch auch zum Weltacker in eurer N\u00e4he.<\/p>\n","protected":false},"excerpt":{"rendered":"<p>Wir brauchen euch! Euch gef\u00e4llt unsere Arbeit und ihr wollt uns dabei helfen? Wir freuen uns \u00fcber jede Unterst\u00fctzung &#8211; ob in Form einer Spende, ehrenamtlicher Hilfe oder ganz anders. Denn auch wenn ein Teil unserer Arbeit gef\u00f6rdert wird, sind wir auf Spenden angewiesen. Eure Spende flie\u00dft zu 100% in die Projekte der internationalen Weltacker-Koordination&#8230;<\/p>\n","protected":false},"author":1,"featured_media":1437,"parent":12,"menu_order":16,"comment_status":"closed","ping_status":"closed","template":"","meta":{"footnotes":""},"class_list":["post-53","page","type-page","status-publish","has-post-thumbnail"],"yoast_head":"<!-- This site is optimized with the Yoast SEO plugin v27.5 - https:\/\/yoast.com\/product\/yoast-seo-wordpress\/ -->\n<title>Unterst\u00fctze uns - 2000m2<\/title>\n<meta name=\"robots\" content=\"index, follow, max-snippet:-1, max-image-preview:large, max-video-preview:-1\" \/>\n<link rel=\"canonical\" href=\"https:\/\/www.2000m2.eu\/de\/ueber-uns\/unterstuetze-uns\/\" \/>\n<meta property=\"og:locale\" content=\"de_DE\" \/>\n<meta property=\"og:type\" content=\"article\" \/>\n<meta property=\"og:title\" content=\"Unterst\u00fctze uns - 2000m2\" \/>\n<meta property=\"og:description\" content=\"Wir brauchen euch! Euch gef\u00e4llt unsere Arbeit und ihr wollt uns dabei helfen? Wir freuen uns \u00fcber jede Unterst\u00fctzung &#8211; ob in Form einer Spende, ehrenamtlicher Hilfe oder ganz anders. Denn auch wenn ein Teil unserer Arbeit gef\u00f6rdert wird, sind wir auf Spenden angewiesen. Eure Spende flie\u00dft zu 100% in die Projekte der internationalen Weltacker-Koordination...\" \/>\n<meta property=\"og:url\" content=\"https:\/\/www.2000m2.eu\/de\/ueber-uns\/unterstuetze-uns\/\" \/>\n<meta property=\"og:site_name\" content=\"2000m2\" \/>\n<meta property=\"article:modified_time\" content=\"2026-02-06T07:02:51+00:00\" \/>\n<meta property=\"og:image\" content=\"https:\/\/www.2000m2.eu\/wp-content\/uploads\/Featured_Images_unterstutze-uns.jpg\" \/>\n\t<meta property=\"og:image:width\" content=\"1800\" \/>\n\t<meta property=\"og:image:height\" content=\"180\" \/>\n\t<meta property=\"og:image:type\" content=\"image\/jpeg\" \/>\n<meta name=\"twitter:card\" content=\"summary_large_image\" \/>\n<meta name=\"twitter:label1\" content=\"Gesch\u00e4tzte Lesezeit\" \/>\n\t<meta name=\"twitter:data1\" content=\"1\u00a0Minute\" \/>\n<script type=\"application\/ld+json\" class=\"yoast-schema-graph\">{\"@context\":\"https:\\\/\\\/schema.org\",\"@graph\":[{\"@type\":\"WebPage\",\"@id\":\"https:\\\/\\\/www.2000m2.eu\\\/de\\\/ueber-uns\\\/unterstuetze-uns\\\/\",\"url\":\"https:\\\/\\\/www.2000m2.eu\\\/de\\\/ueber-uns\\\/unterstuetze-uns\\\/\",\"name\":\"Unterst\u00fctze uns - 2000m2\",\"isPartOf\":{\"@id\":\"https:\\\/\\\/www.2000m2.eu\\\/de\\\/#website\"},\"primaryImageOfPage\":{\"@id\":\"https:\\\/\\\/www.2000m2.eu\\\/de\\\/ueber-uns\\\/unterstuetze-uns\\\/#primaryimage\"},\"image\":{\"@id\":\"https:\\\/\\\/www.2000m2.eu\\\/de\\\/ueber-uns\\\/unterstuetze-uns\\\/#primaryimage\"},\"thumbnailUrl\":\"https:\\\/\\\/www.2000m2.eu\\\/wp-content\\\/uploads\\\/Featured_Images_unterstutze-uns.jpg\",\"datePublished\":\"2024-09-10T07:55:00+00:00\",\"dateModified\":\"2026-02-06T07:02:51+00:00\",\"breadcrumb\":{\"@id\":\"https:\\\/\\\/www.2000m2.eu\\\/de\\\/ueber-uns\\\/unterstuetze-uns\\\/#breadcrumb\"},\"inLanguage\":\"de\",\"potentialAction\":[{\"@type\":\"ReadAction\",\"target\":[\"https:\\\/\\\/www.2000m2.eu\\\/de\\\/ueber-uns\\\/unterstuetze-uns\\\/\"]}]},{\"@type\":\"ImageObject\",\"inLanguage\":\"de\",\"@id\":\"https:\\\/\\\/www.2000m2.eu\\\/de\\\/ueber-uns\\\/unterstuetze-uns\\\/#primaryimage\",\"url\":\"https:\\\/\\\/www.2000m2.eu\\\/wp-content\\\/uploads\\\/Featured_Images_unterstutze-uns.jpg\",\"contentUrl\":\"https:\\\/\\\/www.2000m2.eu\\\/wp-content\\\/uploads\\\/Featured_Images_unterstutze-uns.jpg\",\"width\":1800,\"height\":180},{\"@type\":\"BreadcrumbList\",\"@id\":\"https:\\\/\\\/www.2000m2.eu\\\/de\\\/ueber-uns\\\/unterstuetze-uns\\\/#breadcrumb\",\"itemListElement\":[{\"@type\":\"ListItem\",\"position\":1,\"name\":\"Home\",\"item\":\"https:\\\/\\\/www.2000m2.eu\\\/de\\\/startseite\\\/\"},{\"@type\":\"ListItem\",\"position\":2,\"name\":\"\u00dcber uns\",\"item\":\"https:\\\/\\\/www.2000m2.eu\\\/de\\\/ueber-uns\\\/\"},{\"@type\":\"ListItem\",\"position\":3,\"name\":\"Unterst\u00fctze uns\"}]},{\"@type\":\"WebSite\",\"@id\":\"https:\\\/\\\/www.2000m2.eu\\\/de\\\/#website\",\"url\":\"https:\\\/\\\/www.2000m2.eu\\\/de\\\/\",\"name\":\"2000m2\",\"description\":\"\",\"publisher\":{\"@id\":\"https:\\\/\\\/www.2000m2.eu\\\/de\\\/#organization\"},\"potentialAction\":[{\"@type\":\"SearchAction\",\"target\":{\"@type\":\"EntryPoint\",\"urlTemplate\":\"https:\\\/\\\/www.2000m2.eu\\\/de\\\/?s={search_term_string}\"},\"query-input\":{\"@type\":\"PropertyValueSpecification\",\"valueRequired\":true,\"valueName\":\"search_term_string\"}}],\"inLanguage\":\"de\"},{\"@type\":\"Organization\",\"@id\":\"https:\\\/\\\/www.2000m2.eu\\\/de\\\/#organization\",\"name\":\"2000m2\",\"url\":\"https:\\\/\\\/www.2000m2.eu\\\/de\\\/\",\"logo\":{\"@type\":\"ImageObject\",\"inLanguage\":\"de\",\"@id\":\"https:\\\/\\\/www.2000m2.eu\\\/de\\\/#\\\/schema\\\/logo\\\/image\\\/\",\"url\":\"https:\\\/\\\/www.2000m2.eu\\\/wp-content\\\/uploads\\\/logo.png\",\"contentUrl\":\"https:\\\/\\\/www.2000m2.eu\\\/wp-content\\\/uploads\\\/logo.png\",\"width\":445,\"height\":140,\"caption\":\"2000m2\"},\"image\":{\"@id\":\"https:\\\/\\\/www.2000m2.eu\\\/de\\\/#\\\/schema\\\/logo\\\/image\\\/\"}}]}<\/script>\n<!-- \/ Yoast SEO plugin. -->","yoast_head_json":{"title":"Unterst\u00fctze uns - 2000m2","robots":{"index":"index","follow":"follow","max-snippet":"max-snippet:-1","max-image-preview":"max-image-preview:large","max-video-preview":"max-video-preview:-1"},"canonical":"https:\/\/www.2000m2.eu\/de\/ueber-uns\/unterstuetze-uns\/","og_locale":"de_DE","og_type":"article","og_title":"Unterst\u00fctze uns - 2000m2","og_description":"Wir brauchen euch! Euch gef\u00e4llt unsere Arbeit und ihr wollt uns dabei helfen? Wir freuen uns \u00fcber jede Unterst\u00fctzung &#8211; ob in Form einer Spende, ehrenamtlicher Hilfe oder ganz anders. Denn auch wenn ein Teil unserer Arbeit gef\u00f6rdert wird, sind wir auf Spenden angewiesen. Eure Spende flie\u00dft zu 100% in die Projekte der internationalen Weltacker-Koordination...","og_url":"https:\/\/www.2000m2.eu\/de\/ueber-uns\/unterstuetze-uns\/","og_site_name":"2000m2","article_modified_time":"2026-02-06T07:02:51+00:00","og_image":[{"width":1800,"height":180,"url":"https:\/\/www.2000m2.eu\/wp-content\/uploads\/Featured_Images_unterstutze-uns.jpg","type":"image\/jpeg"}],"twitter_card":"summary_large_image","twitter_misc":{"Gesch\u00e4tzte Lesezeit":"1\u00a0Minute"},"schema":{"@context":"https:\/\/schema.org","@graph":[{"@type":"WebPage","@id":"https:\/\/www.2000m2.eu\/de\/ueber-uns\/unterstuetze-uns\/","url":"https:\/\/www.2000m2.eu\/de\/ueber-uns\/unterstuetze-uns\/","name":"Unterst\u00fctze uns - 2000m2","isPartOf":{"@id":"https:\/\/www.2000m2.eu\/de\/#website"},"primaryImageOfPage":{"@id":"https:\/\/www.2000m2.eu\/de\/ueber-uns\/unterstuetze-uns\/#primaryimage"},"image":{"@id":"https:\/\/www.2000m2.eu\/de\/ueber-uns\/unterstuetze-uns\/#primaryimage"},"thumbnailUrl":"https:\/\/www.2000m2.eu\/wp-content\/uploads\/Featured_Images_unterstutze-uns.jpg","datePublished":"2024-09-10T07:55:00+00:00","dateModified":"2026-02-06T07:02:51+00:00","breadcrumb":{"@id":"https:\/\/www.2000m2.eu\/de\/ueber-uns\/unterstuetze-uns\/#breadcrumb"},"inLanguage":"de","potentialAction":[{"@type":"ReadAction","target":["https:\/\/www.2000m2.eu\/de\/ueber-uns\/unterstuetze-uns\/"]}]},{"@type":"ImageObject","inLanguage":"de","@id":"https:\/\/www.2000m2.eu\/de\/ueber-uns\/unterstuetze-uns\/#primaryimage","url":"https:\/\/www.2000m2.eu\/wp-content\/uploads\/Featured_Images_unterstutze-uns.jpg","contentUrl":"https:\/\/www.2000m2.eu\/wp-content\/uploads\/Featured_Images_unterstutze-uns.jpg","width":1800,"height":180},{"@type":"BreadcrumbList","@id":"https:\/\/www.2000m2.eu\/de\/ueber-uns\/unterstuetze-uns\/#breadcrumb","itemListElement":[{"@type":"ListItem","position":1,"name":"Home","item":"https:\/\/www.2000m2.eu\/de\/startseite\/"},{"@type":"ListItem","position":2,"name":"\u00dcber uns","item":"https:\/\/www.2000m2.eu\/de\/ueber-uns\/"},{"@type":"ListItem","position":3,"name":"Unterst\u00fctze uns"}]},{"@type":"WebSite","@id":"https:\/\/www.2000m2.eu\/de\/#website","url":"https:\/\/www.2000m2.eu\/de\/","name":"2000m2","description":"","publisher":{"@id":"https:\/\/www.2000m2.eu\/de\/#organization"},"potentialAction":[{"@type":"SearchAction","target":{"@type":"EntryPoint","urlTemplate":"https:\/\/www.2000m2.eu\/de\/?s={search_term_string}"},"query-input":{"@type":"PropertyValueSpecification","valueRequired":true,"valueName":"search_term_string"}}],"inLanguage":"de"},{"@type":"Organization","@id":"https:\/\/www.2000m2.eu\/de\/#organization","name":"2000m2","url":"https:\/\/www.2000m2.eu\/de\/","logo":{"@type":"ImageObject","inLanguage":"de","@id":"https:\/\/www.2000m2.eu\/de\/#\/schema\/logo\/image\/","url":"https:\/\/www.2000m2.eu\/wp-content\/uploads\/logo.png","contentUrl":"https:\/\/www.2000m2.eu\/wp-content\/uploads\/logo.png","width":445,"height":140,"caption":"2000m2"},"image":{"@id":"https:\/\/www.2000m2.eu\/de\/#\/schema\/logo\/image\/"}}]}},"_links":{"self":[{"href":"https:\/\/www.2000m2.eu\/de\/wp-json\/wp\/v2\/pages\/53","targetHints":{"allow":["GET"]}}],"collection":[{"href":"https:\/\/www.2000m2.eu\/de\/wp-json\/wp\/v2\/pages"}],"about":[{"href":"https:\/\/www.2000m2.eu\/de\/wp-json\/wp\/v2\/types\/page"}],"author":[{"embeddable":true,"href":"https:\/\/www.2000m2.eu\/de\/wp-json\/wp\/v2\/users\/1"}],"replies":[{"embeddable":true,"href":"https:\/\/www.2000m2.eu\/de\/wp-json\/wp\/v2\/comments?post=53"}],"version-history":[{"count":29,"href":"https:\/\/www.2000m2.eu\/de\/wp-json\/wp\/v2\/pages\/53\/revisions"}],"predecessor-version":[{"id":27582,"href":"https:\/\/www.2000m2.eu\/de\/wp-json\/wp\/v2\/pages\/53\/revisions\/27582"}],"up":[{"embeddable":true,"href":"https:\/\/www.2000m2.eu\/de\/wp-json\/wp\/v2\/pages\/12"}],"wp:featuredmedia":[{"embeddable":true,"href":"https:\/\/www.2000m2.eu\/de\/wp-json\/wp\/v2\/media\/1437"}],"wp:attachment":[{"href":"https:\/\/www.2000m2.eu\/de\/wp-json\/wp\/v2\/media?parent=53"}],"curies":[{"name":"wp","href":"https:\/\/api.w.org\/{rel}","templated":true}]}}