{"id":59,"date":"2024-09-17T11:50:23","date_gmt":"2024-09-17T11:50:23","guid":{"rendered":"https:\/\/www.2000m2.eu\/?page_id=59"},"modified":"2025-09-08T08:18:46","modified_gmt":"2025-09-08T08:18:46","slug":"weltacker-gruenden","status":"publish","type":"page","link":"https:\/\/www.2000m2.eu\/de\/angebote\/weltacker-gruenden\/","title":{"rendered":"Weltacker gr\u00fcnden"},"content":{"rendered":"\n<h1 class=\"wp-block-heading\">Einen Weltacker\u00ae gr\u00fcnden &#8211; wie geht das?<\/h1>\n\n\n\n<p>Ihr wollt in eurer Nachbarschaft einen Weltacker\u00ae aufbauen? Ihr wollt Teil des globalen Weltacker-Netzwerks werden und mit uns gemeinsam die Bildung f\u00fcr eine nachhaltige Landwirtschaft und ein zukunftsf\u00e4higes globales Ern\u00e4hrungssystem vorantreiben? Dann stehen wir euch sehr gerne mit unserer Expertise zur Seite. Gerne senden wir euch unseren Leitfaden zum Aufbau eines Weltackers\u00ae, beraten euch und begleiten euch, so gut es geht, bis zur Projekter\u00f6ffnung und dar\u00fcber hinaus.<\/p>\n\n\n\n<h2 class=\"wp-block-heading\">Was wir bieten<\/h2>\n\n\n\n<p>Wenn ihr einen Weltacker\u00ae aufbauen wollt, stehen wir mit unser langj\u00e4hrigen Erfahrung gerne an eurer Seite. Folgende Leistungen k\u00f6nnen wir euch, nat\u00fcrlich kostenlos, bieten:<\/p>\n\n\n\n<ul class=\"wp-block-list\">\n<li>Einen Leitfaden zum Aufbau eines Weltackers<\/li>\n\n\n\n<li>Erstberatungsgespr\u00e4ch<\/li>\n\n\n\n<li>Eine feste Ansprechperson f\u00fcr alle Fragen und zur Vermittlung zu einzelnen Projekten<\/li>\n\n\n\n<li>Besuch vor Ort, wenn euer Projekt Gestalt annimmt<\/li>\n\n\n\n<li>Anbaupl\u00e4ne und Hintergrundwissen zum Weltacker<\/li>\n\n\n\n<li>Druckvorlagen f\u00fcr Schilder und Bildungsmaterial<\/li>\n\n\n\n<li>Eine Vielzahl von Bildungsmodulen &#8211; gerne vermitteln wir auch Weltacker-Schulungen f\u00fcr eure Bildungsreferent*innen<\/li>\n\n\n\n<li>Das Konzept des Fl\u00e4chenbuffets<\/li>\n\n\n\n<li>Informationsmaterialien, Illustrationen und Bildmaterial <\/li>\n\n\n\n<li>Austausch mit Welt\u00e4ckern rund um den Globus<\/li>\n<\/ul>\n\n\n\n<p>Was wir euch leider nicht bieten k\u00f6nnen, sind finanzielle Mittel f\u00fcr euren Weltacker oder eine kostenlose Dauerbetreuung. <\/p>\n\n\n\n<h2 class=\"wp-block-heading\">Was ihr beachten m\u00fcsst<\/h2>\n\n\n\n<p>Wenn ihr einen &#8222;Weltacker\u00ae&#8220; aufbauen wollt, m\u00f6chten wir dar\u00fcber informiert werden und wissen, was ihr vorhabt. Au\u00dferdem gibt es ein paar grunds\u00e4tzliche Richtlinien, die ihr beachten m\u00fcsst. Schaut gerne rein:<\/p>\n\n\n\n<div data-wp-interactive=\"core\/file\" class=\"wp-block-file\"><object data-wp-bind--hidden=\"!state.hasPdfPreview\" hidden class=\"wp-block-file__embed\" data=\"https:\/\/www.2000m2.eu\/wp-content\/uploads\/Weltacker-Richtlinien.pdf\" type=\"application\/pdf\" style=\"width:100%;height:600px\" aria-label=\"Einbettung von Weltacker-Richtlinien.\"><\/object><a id=\"wp-block-file--media-af8e655c-fdd0-4919-a470-754b56cf772a\" href=\"https:\/\/www.2000m2.eu\/wp-content\/uploads\/Weltacker-Richtlinien.pdf\">Weltacker-Richtlinien<\/a><a href=\"https:\/\/www.2000m2.eu\/wp-content\/uploads\/Weltacker-Richtlinien.pdf\" class=\"wp-block-file__button wp-element-button\" download aria-describedby=\"wp-block-file--media-af8e655c-fdd0-4919-a470-754b56cf772a\">Download<\/a><\/div>\n\n\n\n<p>Euer Ansprechpartner f\u00fcr Beratungen ist <a href=\"mailto:jordan@2000m2.eu\">Jasper<\/a>. Wenn ihr kein Deutsch oder Englisch sprecht, schreibt uns das &#8211; wir finden sicherlich eine Person im Netzwerk, die bei \u00dcbersetzungen unterst\u00fctzt. <\/p>\n","protected":false},"excerpt":{"rendered":"<p>Einen Weltacker\u00ae gr\u00fcnden &#8211; wie geht das? Ihr wollt in eurer Nachbarschaft einen Weltacker\u00ae aufbauen? Ihr wollt Teil des globalen Weltacker-Netzwerks werden und mit uns gemeinsam die Bildung f\u00fcr eine nachhaltige Landwirtschaft und ein zukunftsf\u00e4higes globales Ern\u00e4hrungssystem vorantreiben? Dann stehen wir euch sehr gerne mit unserer Expertise zur Seite. Gerne senden wir euch unseren Leitfaden&#8230;<\/p>\n","protected":false},"author":1,"featured_media":1441,"parent":57,"menu_order":20,"comment_status":"closed","ping_status":"closed","template":"","meta":{"footnotes":""},"class_list":["post-59","page","type-page","status-publish","has-post-thumbnail"],"yoast_head":"<!-- This site is optimized with the Yoast SEO plugin v27.4 - https:\/\/yoast.com\/product\/yoast-seo-wordpress\/ -->\n<title>Weltacker gr\u00fcnden - 2000m2<\/title>\n<meta name=\"robots\" content=\"index, follow, max-snippet:-1, max-image-preview:large, max-video-preview:-1\" \/>\n<link rel=\"canonical\" href=\"https:\/\/www.2000m2.eu\/de\/angebote\/weltacker-gruenden\/\" \/>\n<meta property=\"og:locale\" content=\"de_DE\" \/>\n<meta property=\"og:type\" content=\"article\" \/>\n<meta property=\"og:title\" content=\"Weltacker gr\u00fcnden - 2000m2\" \/>\n<meta property=\"og:description\" content=\"Einen Weltacker\u00ae gr\u00fcnden &#8211; wie geht das? Ihr wollt in eurer Nachbarschaft einen Weltacker\u00ae aufbauen? Ihr wollt Teil des globalen Weltacker-Netzwerks werden und mit uns gemeinsam die Bildung f\u00fcr eine nachhaltige Landwirtschaft und ein zukunftsf\u00e4higes globales Ern\u00e4hrungssystem vorantreiben? Dann stehen wir euch sehr gerne mit unserer Expertise zur Seite. Gerne senden wir euch unseren Leitfaden...\" \/>\n<meta property=\"og:url\" content=\"https:\/\/www.2000m2.eu\/de\/angebote\/weltacker-gruenden\/\" \/>\n<meta property=\"og:site_name\" content=\"2000m2\" \/>\n<meta property=\"article:modified_time\" content=\"2025-09-08T08:18:46+00:00\" \/>\n<meta property=\"og:image\" content=\"https:\/\/www.2000m2.eu\/wp-content\/uploads\/Featured_Images_Weltacker-grunden.jpg\" \/>\n\t<meta property=\"og:image:width\" content=\"1800\" \/>\n\t<meta property=\"og:image:height\" content=\"180\" \/>\n\t<meta property=\"og:image:type\" content=\"image\/jpeg\" \/>\n<meta name=\"twitter:card\" content=\"summary_large_image\" \/>\n<meta name=\"twitter:label1\" content=\"Gesch\u00e4tzte Lesezeit\" \/>\n\t<meta name=\"twitter:data1\" content=\"2\u00a0Minuten\" \/>\n<script type=\"application\/ld+json\" class=\"yoast-schema-graph\">{\"@context\":\"https:\\\/\\\/schema.org\",\"@graph\":[{\"@type\":\"WebPage\",\"@id\":\"https:\\\/\\\/www.2000m2.eu\\\/de\\\/angebote\\\/weltacker-gruenden\\\/\",\"url\":\"https:\\\/\\\/www.2000m2.eu\\\/de\\\/angebote\\\/weltacker-gruenden\\\/\",\"name\":\"Weltacker gr\u00fcnden - 2000m2\",\"isPartOf\":{\"@id\":\"https:\\\/\\\/www.2000m2.eu\\\/de\\\/#website\"},\"primaryImageOfPage\":{\"@id\":\"https:\\\/\\\/www.2000m2.eu\\\/de\\\/angebote\\\/weltacker-gruenden\\\/#primaryimage\"},\"image\":{\"@id\":\"https:\\\/\\\/www.2000m2.eu\\\/de\\\/angebote\\\/weltacker-gruenden\\\/#primaryimage\"},\"thumbnailUrl\":\"https:\\\/\\\/www.2000m2.eu\\\/wp-content\\\/uploads\\\/Featured_Images_Weltacker-grunden.jpg\",\"datePublished\":\"2024-09-17T11:50:23+00:00\",\"dateModified\":\"2025-09-08T08:18:46+00:00\",\"breadcrumb\":{\"@id\":\"https:\\\/\\\/www.2000m2.eu\\\/de\\\/angebote\\\/weltacker-gruenden\\\/#breadcrumb\"},\"inLanguage\":\"de\",\"potentialAction\":[{\"@type\":\"ReadAction\",\"target\":[\"https:\\\/\\\/www.2000m2.eu\\\/de\\\/angebote\\\/weltacker-gruenden\\\/\"]}]},{\"@type\":\"ImageObject\",\"inLanguage\":\"de\",\"@id\":\"https:\\\/\\\/www.2000m2.eu\\\/de\\\/angebote\\\/weltacker-gruenden\\\/#primaryimage\",\"url\":\"https:\\\/\\\/www.2000m2.eu\\\/wp-content\\\/uploads\\\/Featured_Images_Weltacker-grunden.jpg\",\"contentUrl\":\"https:\\\/\\\/www.2000m2.eu\\\/wp-content\\\/uploads\\\/Featured_Images_Weltacker-grunden.jpg\",\"width\":1800,\"height\":180},{\"@type\":\"BreadcrumbList\",\"@id\":\"https:\\\/\\\/www.2000m2.eu\\\/de\\\/angebote\\\/weltacker-gruenden\\\/#breadcrumb\",\"itemListElement\":[{\"@type\":\"ListItem\",\"position\":1,\"name\":\"Home\",\"item\":\"https:\\\/\\\/www.2000m2.eu\\\/de\\\/startseite\\\/\"},{\"@type\":\"ListItem\",\"position\":2,\"name\":\"Unsere Angebote\",\"item\":\"https:\\\/\\\/www.2000m2.eu\\\/de\\\/angebote\\\/\"},{\"@type\":\"ListItem\",\"position\":3,\"name\":\"Weltacker gr\u00fcnden\"}]},{\"@type\":\"WebSite\",\"@id\":\"https:\\\/\\\/www.2000m2.eu\\\/de\\\/#website\",\"url\":\"https:\\\/\\\/www.2000m2.eu\\\/de\\\/\",\"name\":\"2000m2\",\"description\":\"\",\"publisher\":{\"@id\":\"https:\\\/\\\/www.2000m2.eu\\\/de\\\/#organization\"},\"potentialAction\":[{\"@type\":\"SearchAction\",\"target\":{\"@type\":\"EntryPoint\",\"urlTemplate\":\"https:\\\/\\\/www.2000m2.eu\\\/de\\\/?s={search_term_string}\"},\"query-input\":{\"@type\":\"PropertyValueSpecification\",\"valueRequired\":true,\"valueName\":\"search_term_string\"}}],\"inLanguage\":\"de\"},{\"@type\":\"Organization\",\"@id\":\"https:\\\/\\\/www.2000m2.eu\\\/de\\\/#organization\",\"name\":\"2000m2\",\"url\":\"https:\\\/\\\/www.2000m2.eu\\\/de\\\/\",\"logo\":{\"@type\":\"ImageObject\",\"inLanguage\":\"de\",\"@id\":\"https:\\\/\\\/www.2000m2.eu\\\/de\\\/#\\\/schema\\\/logo\\\/image\\\/\",\"url\":\"https:\\\/\\\/www.2000m2.eu\\\/wp-content\\\/uploads\\\/logo.png\",\"contentUrl\":\"https:\\\/\\\/www.2000m2.eu\\\/wp-content\\\/uploads\\\/logo.png\",\"width\":445,\"height\":140,\"caption\":\"2000m2\"},\"image\":{\"@id\":\"https:\\\/\\\/www.2000m2.eu\\\/de\\\/#\\\/schema\\\/logo\\\/image\\\/\"}}]}<\/script>\n<!-- \/ Yoast SEO plugin. -->","yoast_head_json":{"title":"Weltacker gr\u00fcnden - 2000m2","robots":{"index":"index","follow":"follow","max-snippet":"max-snippet:-1","max-image-preview":"max-image-preview:large","max-video-preview":"max-video-preview:-1"},"canonical":"https:\/\/www.2000m2.eu\/de\/angebote\/weltacker-gruenden\/","og_locale":"de_DE","og_type":"article","og_title":"Weltacker gr\u00fcnden - 2000m2","og_description":"Einen Weltacker\u00ae gr\u00fcnden &#8211; wie geht das? Ihr wollt in eurer Nachbarschaft einen Weltacker\u00ae aufbauen? Ihr wollt Teil des globalen Weltacker-Netzwerks werden und mit uns gemeinsam die Bildung f\u00fcr eine nachhaltige Landwirtschaft und ein zukunftsf\u00e4higes globales Ern\u00e4hrungssystem vorantreiben? Dann stehen wir euch sehr gerne mit unserer Expertise zur Seite. Gerne senden wir euch unseren Leitfaden...","og_url":"https:\/\/www.2000m2.eu\/de\/angebote\/weltacker-gruenden\/","og_site_name":"2000m2","article_modified_time":"2025-09-08T08:18:46+00:00","og_image":[{"width":1800,"height":180,"url":"https:\/\/www.2000m2.eu\/wp-content\/uploads\/Featured_Images_Weltacker-grunden.jpg","type":"image\/jpeg"}],"twitter_card":"summary_large_image","twitter_misc":{"Gesch\u00e4tzte Lesezeit":"2\u00a0Minuten"},"schema":{"@context":"https:\/\/schema.org","@graph":[{"@type":"WebPage","@id":"https:\/\/www.2000m2.eu\/de\/angebote\/weltacker-gruenden\/","url":"https:\/\/www.2000m2.eu\/de\/angebote\/weltacker-gruenden\/","name":"Weltacker gr\u00fcnden - 2000m2","isPartOf":{"@id":"https:\/\/www.2000m2.eu\/de\/#website"},"primaryImageOfPage":{"@id":"https:\/\/www.2000m2.eu\/de\/angebote\/weltacker-gruenden\/#primaryimage"},"image":{"@id":"https:\/\/www.2000m2.eu\/de\/angebote\/weltacker-gruenden\/#primaryimage"},"thumbnailUrl":"https:\/\/www.2000m2.eu\/wp-content\/uploads\/Featured_Images_Weltacker-grunden.jpg","datePublished":"2024-09-17T11:50:23+00:00","dateModified":"2025-09-08T08:18:46+00:00","breadcrumb":{"@id":"https:\/\/www.2000m2.eu\/de\/angebote\/weltacker-gruenden\/#breadcrumb"},"inLanguage":"de","potentialAction":[{"@type":"ReadAction","target":["https:\/\/www.2000m2.eu\/de\/angebote\/weltacker-gruenden\/"]}]},{"@type":"ImageObject","inLanguage":"de","@id":"https:\/\/www.2000m2.eu\/de\/angebote\/weltacker-gruenden\/#primaryimage","url":"https:\/\/www.2000m2.eu\/wp-content\/uploads\/Featured_Images_Weltacker-grunden.jpg","contentUrl":"https:\/\/www.2000m2.eu\/wp-content\/uploads\/Featured_Images_Weltacker-grunden.jpg","width":1800,"height":180},{"@type":"BreadcrumbList","@id":"https:\/\/www.2000m2.eu\/de\/angebote\/weltacker-gruenden\/#breadcrumb","itemListElement":[{"@type":"ListItem","position":1,"name":"Home","item":"https:\/\/www.2000m2.eu\/de\/startseite\/"},{"@type":"ListItem","position":2,"name":"Unsere Angebote","item":"https:\/\/www.2000m2.eu\/de\/angebote\/"},{"@type":"ListItem","position":3,"name":"Weltacker gr\u00fcnden"}]},{"@type":"WebSite","@id":"https:\/\/www.2000m2.eu\/de\/#website","url":"https:\/\/www.2000m2.eu\/de\/","name":"2000m2","description":"","publisher":{"@id":"https:\/\/www.2000m2.eu\/de\/#organization"},"potentialAction":[{"@type":"SearchAction","target":{"@type":"EntryPoint","urlTemplate":"https:\/\/www.2000m2.eu\/de\/?s={search_term_string}"},"query-input":{"@type":"PropertyValueSpecification","valueRequired":true,"valueName":"search_term_string"}}],"inLanguage":"de"},{"@type":"Organization","@id":"https:\/\/www.2000m2.eu\/de\/#organization","name":"2000m2","url":"https:\/\/www.2000m2.eu\/de\/","logo":{"@type":"ImageObject","inLanguage":"de","@id":"https:\/\/www.2000m2.eu\/de\/#\/schema\/logo\/image\/","url":"https:\/\/www.2000m2.eu\/wp-content\/uploads\/logo.png","contentUrl":"https:\/\/www.2000m2.eu\/wp-content\/uploads\/logo.png","width":445,"height":140,"caption":"2000m2"},"image":{"@id":"https:\/\/www.2000m2.eu\/de\/#\/schema\/logo\/image\/"}}]}},"_links":{"self":[{"href":"https:\/\/www.2000m2.eu\/de\/wp-json\/wp\/v2\/pages\/59","targetHints":{"allow":["GET"]}}],"collection":[{"href":"https:\/\/www.2000m2.eu\/de\/wp-json\/wp\/v2\/pages"}],"about":[{"href":"https:\/\/www.2000m2.eu\/de\/wp-json\/wp\/v2\/types\/page"}],"author":[{"embeddable":true,"href":"https:\/\/www.2000m2.eu\/de\/wp-json\/wp\/v2\/users\/1"}],"replies":[{"embeddable":true,"href":"https:\/\/www.2000m2.eu\/de\/wp-json\/wp\/v2\/comments?post=59"}],"version-history":[{"count":6,"href":"https:\/\/www.2000m2.eu\/de\/wp-json\/wp\/v2\/pages\/59\/revisions"}],"predecessor-version":[{"id":6124,"href":"https:\/\/www.2000m2.eu\/de\/wp-json\/wp\/v2\/pages\/59\/revisions\/6124"}],"up":[{"embeddable":true,"href":"https:\/\/www.2000m2.eu\/de\/wp-json\/wp\/v2\/pages\/57"}],"wp:featuredmedia":[{"embeddable":true,"href":"https:\/\/www.2000m2.eu\/de\/wp-json\/wp\/v2\/media\/1441"}],"wp:attachment":[{"href":"https:\/\/www.2000m2.eu\/de\/wp-json\/wp\/v2\/media?parent=59"}],"curies":[{"name":"wp","href":"https:\/\/api.w.org\/{rel}","templated":true}]}}