{"id":63,"date":"2024-09-17T11:51:34","date_gmt":"2024-09-17T11:51:34","guid":{"rendered":"https:\/\/www.2000m2.eu\/?page_id=63"},"modified":"2024-11-28T17:22:34","modified_gmt":"2024-11-28T17:22:34","slug":"flaechenbuffet","status":"publish","type":"page","link":"https:\/\/www.2000m2.eu\/de\/angebote\/flaechenbuffet\/","title":{"rendered":"Das Fl\u00e4chenbuffet"},"content":{"rendered":"\n<h1 class=\"wp-block-heading\">Unser Fl\u00e4chenbuffet<\/h1>\n\n\n\n<h2 class=\"wp-block-heading\">Wie viel Acker kommt auf den Teller?<\/h2>\n\n\n\n<p>Tischlein deck dich! Wie viel Acker braucht ein Schnitzel mit Bratkartoffeln und wie viel eine Portion Spaghetti mit Tomatensauce? Und wie viel macht ein Glas Bier oder Apfelsaft dazu aus? Das Fl\u00e4chenbuffet zeigt, wie viel Ackerfl\u00e4che alle Zutaten einzelner Gerichte ben\u00f6tigen. Um das zu veranschaulichen, haben wir alles, was zu den Gerichten geh\u00f6rt, zusammen an einem Ort angebaut. Im wirklichen Leben wachsen diese Zutaten ja oft tausende Kilometer voneinander entfernt.<\/p>\n\n\n\n<p>Das Getreide f\u00fcr das Mehl zum Backen und verschiedenes Gem\u00fcse kommen vom Acker, klar. Aber was hat das Schnitzel mit dem Acker zu tun?! Auf unserem Fl\u00e4chenbuffet w\u00e4chst viel Soja \u2013 als exemplarisches Futter f\u00fcr die tierischen Produkte (Milch, K\u00e4se, Schweinefleisch). F\u00fcr ein Kilogramm Schweinefleisch zum Beispiel werden knapp neun Quadratmeter Ackerfl\u00e4che ben\u00f6tigt. Von der gleichen Fl\u00e4che k\u00f6nnten wir fast 18 kg Kartoffeln ernten!<\/p>\n\n\n<style>.kb-gallery-id-63_7e6b7a-19.kb-gallery-ul.kb-gallery-type-fluidcarousel .kt-blocks-carousel figure .kb-gal-image-radius, .kb-gallery-id-63_7e6b7a-19.kb-gallery-ul.kb-gallery-type-fluidcarousel .kt-blocks-carousel figure .kb-gal-image-radius img{height:300px;}.kb-gallery-id-63_7e6b7a-19 .kadence-blocks-gallery-item .kb-gal-image-radius, .kb-gallery-id-63_7e6b7a-19 .kb-slide-item .kb-gal-image-radius img{border-radius:0px 0px 0px 0px;;}.kb-gallery-wrap-id-63_7e6b7a-19.wp-block-kadence-advancedgallery{overflow:visible;}.kb-gallery-wrap-id-63_7e6b7a-19.wp-block-kadence-advancedgallery .kt-blocks-carousel{overflow:visible;max-width:100%;}<\/style><div class=\"kb-gallery-wrap-id-63_7e6b7a-19 alignnone wp-block-kadence-advancedgallery\"><div class=\"kb-gallery-ul kb-gallery-non-static kb-gallery-type-fluidcarousel kb-gallery-id-63_7e6b7a-19 kb-gallery-caption-style-bottom-hover kb-gallery-filter-none\" data-image-filter=\"none\" data-lightbox-caption=\"true\"><div class=\"kt-blocks-carousel kt-carousel-container-dotstyle-dark\"><div class=\"kt-blocks-carousel-init kb-blocks-fluid-carousel kt-carousel-arrowstyle-whiteondark kt-carousel-dotstyle-dark kb-slider-group-arrow kb-slider-arrow-position-center\" data-slider-anim-speed=\"400\" data-slider-scroll=\"1\" data-slider-arrows=\"true\" data-slider-dots=\"true\" data-slider-hover-pause=\"false\" data-slider-auto=\"\" data-slider-speed=\"7000\" data-slider-type=\"fluidcarousel\" data-slider-center-mode=\"true\" data-slider-gap=\"10px\" data-slider-gap-tablet=\"10px\" data-slider-gap-mobile=\"10px\" data-show-pause-button=\"false\"><li class=\"kb-slide-item kb-gallery-carousel-item\"><div class=\"kadence-blocks-gallery-item\"><div class=\"kadence-blocks-gallery-item-inner\"><figure class=\"kb-gallery-figure kadence-blocks-gallery-item-hide-caption\"><div class=\"kb-gal-image-radius\"><div class=\"kb-gallery-image-contain\" ><img decoding=\"async\" src=\"https:\/\/www.2000m2.eu\/wp-content\/uploads\/20170612_092649-min.jpg\" width=\"337\" height=\"600\" alt=\"\" data-full-image=\"https:\/\/www.2000m2.eu\/wp-content\/uploads\/20170612_092649-min.jpg\" data-light-image=\"https:\/\/www.2000m2.eu\/wp-content\/uploads\/20170612_092649-min.jpg\" data-id=\"2689\" class=\"wp-image-2689 skip-lazy\" srcset=\"https:\/\/www.2000m2.eu\/wp-content\/uploads\/20170612_092649-min.jpg 337w, https:\/\/www.2000m2.eu\/wp-content\/uploads\/20170612_092649-min-169x300.jpg 169w\" sizes=\"(max-width: 337px) 100vw, 337px\" \/><\/div><\/div><\/figure><\/div><\/div><\/li><li class=\"kb-slide-item kb-gallery-carousel-item\"><div class=\"kadence-blocks-gallery-item\"><div class=\"kadence-blocks-gallery-item-inner\"><figure class=\"kb-gallery-figure kadence-blocks-gallery-item-hide-caption\"><div class=\"kb-gal-image-radius\"><div class=\"kb-gallery-image-contain\" ><img decoding=\"async\" src=\"https:\/\/www.2000m2.eu\/wp-content\/uploads\/20170613_152724-min.jpg\" width=\"950\" height=\"534\" alt=\"\" data-full-image=\"https:\/\/www.2000m2.eu\/wp-content\/uploads\/20170613_152724-min.jpg\" data-light-image=\"https:\/\/www.2000m2.eu\/wp-content\/uploads\/20170613_152724-min.jpg\" data-id=\"2691\" class=\"wp-image-2691 skip-lazy\" srcset=\"https:\/\/www.2000m2.eu\/wp-content\/uploads\/20170613_152724-min.jpg 950w, https:\/\/www.2000m2.eu\/wp-content\/uploads\/20170613_152724-min-300x169.jpg 300w, https:\/\/www.2000m2.eu\/wp-content\/uploads\/20170613_152724-min-768x432.jpg 768w\" sizes=\"(max-width: 950px) 100vw, 950px\" \/><\/div><\/div><\/figure><\/div><\/div><\/li><li class=\"kb-slide-item kb-gallery-carousel-item\"><div class=\"kadence-blocks-gallery-item\"><div class=\"kadence-blocks-gallery-item-inner\"><figure class=\"kb-gallery-figure kadence-blocks-gallery-item-hide-caption\"><div class=\"kb-gal-image-radius\"><div class=\"kb-gallery-image-contain\" ><img decoding=\"async\" src=\"https:\/\/www.2000m2.eu\/wp-content\/uploads\/20170619_121216-min.jpg\" width=\"950\" height=\"534\" alt=\"\" data-full-image=\"https:\/\/www.2000m2.eu\/wp-content\/uploads\/20170619_121216-min.jpg\" data-light-image=\"https:\/\/www.2000m2.eu\/wp-content\/uploads\/20170619_121216-min.jpg\" data-id=\"2693\" class=\"wp-image-2693 skip-lazy\" srcset=\"https:\/\/www.2000m2.eu\/wp-content\/uploads\/20170619_121216-min.jpg 950w, https:\/\/www.2000m2.eu\/wp-content\/uploads\/20170619_121216-min-300x169.jpg 300w, https:\/\/www.2000m2.eu\/wp-content\/uploads\/20170619_121216-min-768x432.jpg 768w\" sizes=\"(max-width: 950px) 100vw, 950px\" \/><\/div><\/div><\/figure><\/div><\/div><\/li><li class=\"kb-slide-item kb-gallery-carousel-item\"><div class=\"kadence-blocks-gallery-item\"><div class=\"kadence-blocks-gallery-item-inner\"><figure class=\"kb-gallery-figure kadence-blocks-gallery-item-hide-caption\"><div class=\"kb-gal-image-radius\"><div class=\"kb-gallery-image-contain\" ><img decoding=\"async\" src=\"https:\/\/www.2000m2.eu\/wp-content\/uploads\/20170619_121343-min-1.jpg\" width=\"337\" height=\"600\" alt=\"\" data-full-image=\"https:\/\/www.2000m2.eu\/wp-content\/uploads\/20170619_121343-min-1.jpg\" data-light-image=\"https:\/\/www.2000m2.eu\/wp-content\/uploads\/20170619_121343-min-1.jpg\" data-id=\"2695\" class=\"wp-image-2695 skip-lazy\" srcset=\"https:\/\/www.2000m2.eu\/wp-content\/uploads\/20170619_121343-min-1.jpg 337w, https:\/\/www.2000m2.eu\/wp-content\/uploads\/20170619_121343-min-1-169x300.jpg 169w\" sizes=\"(max-width: 337px) 100vw, 337px\" \/><\/div><\/div><\/figure><\/div><\/div><\/li><\/div><\/div><\/div><\/div>\n\n\n<p>Auf vielen Welt\u00e4ckern und auch an zahlreichen anderen Orten werden Fl\u00e4chenbuffets angelegt und sprie\u00dfen so die Zutaten f\u00fcr leckere Gerichte. Ihr k\u00f6nnt neben Nudeln und Schnitzel zum Beispiel auch D\u00f6ner, Falafel, M\u00fcsli und Pizza entdecken. Wisst ihr, was ihr anbauen m\u00fcsst, um diese Gerichte kochen zu k\u00f6nnen? Und wie viel Fl\u00e4che braucht ihr wohl f\u00fcr euer Mittagessen?<\/p>\n\n\n\n<p>Wenn ihr diese Fragen erforschen wollt, besucht doch mal einen Weltacker oder schaut euch in unserem <a href=\"http:\/\/www.mym2.de\">Fl\u00e4chenrechner<\/a> um. Hier k\u00f6nnt ihr auch berechnen, wie viel Fl\u00e4che ihr pro Tag verspeist. Reichen euch 2000 m\u00b2? <\/p>\n\n\n\n<h2 class=\"wp-block-heading\">Selber ein Fl\u00e4chenbuffet anlegen<\/h2>\n\n\n\n<p>Fl\u00e4chenbuffets sind kleine, lehrreiche Installationen, die sich nicht nur auf Welt\u00e4ckern gut machen, sondern zum Beispiel auch in Schulg\u00e4rten, Bildungseinrichtungen oder auf \u00f6ffentlichen Fl\u00e4chen. Vielleicht k\u00f6nnen ja die Gr\u00fcnstreifen und Parks in eurer Stadt mit Fl\u00e4chenbuffets kreativ gestaltet werden? Wenn ihr vorhabt, selber ein Fl\u00e4chenbuffet anzubauen, senden wir euch gerne Anleitungen, Anbaupl\u00e4ne und alle Materialien wie Druckvorlagen, die ihr braucht. Meldet euch einfach <a href=\"https:\/\/www.2000m2.eu\/de\/ueber-uns\/kontakt\/\">bei uns<\/a>!<\/p>\n\n\n\n<p><\/p>\n","protected":false},"excerpt":{"rendered":"<p>Unser Fl\u00e4chenbuffet Wie viel Acker kommt auf den Teller? Tischlein deck dich! Wie viel Acker braucht ein Schnitzel mit Bratkartoffeln und wie viel eine Portion Spaghetti mit Tomatensauce? Und wie viel macht ein Glas Bier oder Apfelsaft dazu aus? Das Fl\u00e4chenbuffet zeigt, wie viel Ackerfl\u00e4che alle Zutaten einzelner Gerichte ben\u00f6tigen. Um das zu veranschaulichen, haben&#8230;<\/p>\n","protected":false},"author":1,"featured_media":1445,"parent":57,"menu_order":26,"comment_status":"closed","ping_status":"closed","template":"","meta":{"footnotes":""},"class_list":["post-63","page","type-page","status-publish","has-post-thumbnail"],"yoast_head":"<!-- This site is optimized with the Yoast SEO plugin v27.5 - https:\/\/yoast.com\/product\/yoast-seo-wordpress\/ -->\n<title>Das Fl\u00e4chenbuffet - 2000m2<\/title>\n<meta name=\"robots\" content=\"index, follow, max-snippet:-1, max-image-preview:large, max-video-preview:-1\" \/>\n<link rel=\"canonical\" href=\"https:\/\/www.2000m2.eu\/de\/angebote\/flaechenbuffet\/\" \/>\n<meta property=\"og:locale\" content=\"de_DE\" \/>\n<meta property=\"og:type\" content=\"article\" \/>\n<meta property=\"og:title\" content=\"Das Fl\u00e4chenbuffet - 2000m2\" \/>\n<meta property=\"og:description\" content=\"Unser Fl\u00e4chenbuffet Wie viel Acker kommt auf den Teller? Tischlein deck dich! Wie viel Acker braucht ein Schnitzel mit Bratkartoffeln und wie viel eine Portion Spaghetti mit Tomatensauce? Und wie viel macht ein Glas Bier oder Apfelsaft dazu aus? Das Fl\u00e4chenbuffet zeigt, wie viel Ackerfl\u00e4che alle Zutaten einzelner Gerichte ben\u00f6tigen. Um das zu veranschaulichen, haben...\" \/>\n<meta property=\"og:url\" content=\"https:\/\/www.2000m2.eu\/de\/angebote\/flaechenbuffet\/\" \/>\n<meta property=\"og:site_name\" content=\"2000m2\" \/>\n<meta property=\"article:modified_time\" content=\"2024-11-28T17:22:34+00:00\" \/>\n<meta property=\"og:image\" content=\"https:\/\/www.2000m2.eu\/wp-content\/uploads\/Featured_Images_Flachenbuffet.jpg\" \/>\n\t<meta property=\"og:image:width\" content=\"1800\" \/>\n\t<meta property=\"og:image:height\" content=\"180\" \/>\n\t<meta property=\"og:image:type\" content=\"image\/jpeg\" \/>\n<meta name=\"twitter:card\" content=\"summary_large_image\" \/>\n<meta name=\"twitter:label1\" content=\"Gesch\u00e4tzte Lesezeit\" \/>\n\t<meta name=\"twitter:data1\" content=\"2\u00a0Minuten\" \/>\n<script type=\"application\/ld+json\" class=\"yoast-schema-graph\">{\"@context\":\"https:\\\/\\\/schema.org\",\"@graph\":[{\"@type\":\"WebPage\",\"@id\":\"https:\\\/\\\/www.2000m2.eu\\\/de\\\/angebote\\\/flaechenbuffet\\\/\",\"url\":\"https:\\\/\\\/www.2000m2.eu\\\/de\\\/angebote\\\/flaechenbuffet\\\/\",\"name\":\"Das Fl\u00e4chenbuffet - 2000m2\",\"isPartOf\":{\"@id\":\"https:\\\/\\\/www.2000m2.eu\\\/de\\\/#website\"},\"primaryImageOfPage\":{\"@id\":\"https:\\\/\\\/www.2000m2.eu\\\/de\\\/angebote\\\/flaechenbuffet\\\/#primaryimage\"},\"image\":{\"@id\":\"https:\\\/\\\/www.2000m2.eu\\\/de\\\/angebote\\\/flaechenbuffet\\\/#primaryimage\"},\"thumbnailUrl\":\"https:\\\/\\\/www.2000m2.eu\\\/wp-content\\\/uploads\\\/Featured_Images_Flachenbuffet.jpg\",\"datePublished\":\"2024-09-17T11:51:34+00:00\",\"dateModified\":\"2024-11-28T17:22:34+00:00\",\"breadcrumb\":{\"@id\":\"https:\\\/\\\/www.2000m2.eu\\\/de\\\/angebote\\\/flaechenbuffet\\\/#breadcrumb\"},\"inLanguage\":\"de\",\"potentialAction\":[{\"@type\":\"ReadAction\",\"target\":[\"https:\\\/\\\/www.2000m2.eu\\\/de\\\/angebote\\\/flaechenbuffet\\\/\"]}]},{\"@type\":\"ImageObject\",\"inLanguage\":\"de\",\"@id\":\"https:\\\/\\\/www.2000m2.eu\\\/de\\\/angebote\\\/flaechenbuffet\\\/#primaryimage\",\"url\":\"https:\\\/\\\/www.2000m2.eu\\\/wp-content\\\/uploads\\\/Featured_Images_Flachenbuffet.jpg\",\"contentUrl\":\"https:\\\/\\\/www.2000m2.eu\\\/wp-content\\\/uploads\\\/Featured_Images_Flachenbuffet.jpg\",\"width\":1800,\"height\":180},{\"@type\":\"BreadcrumbList\",\"@id\":\"https:\\\/\\\/www.2000m2.eu\\\/de\\\/angebote\\\/flaechenbuffet\\\/#breadcrumb\",\"itemListElement\":[{\"@type\":\"ListItem\",\"position\":1,\"name\":\"Home\",\"item\":\"https:\\\/\\\/www.2000m2.eu\\\/de\\\/startseite\\\/\"},{\"@type\":\"ListItem\",\"position\":2,\"name\":\"Unsere Angebote\",\"item\":\"https:\\\/\\\/www.2000m2.eu\\\/de\\\/angebote\\\/\"},{\"@type\":\"ListItem\",\"position\":3,\"name\":\"Das Fl\u00e4chenbuffet\"}]},{\"@type\":\"WebSite\",\"@id\":\"https:\\\/\\\/www.2000m2.eu\\\/de\\\/#website\",\"url\":\"https:\\\/\\\/www.2000m2.eu\\\/de\\\/\",\"name\":\"2000m2\",\"description\":\"\",\"publisher\":{\"@id\":\"https:\\\/\\\/www.2000m2.eu\\\/de\\\/#organization\"},\"potentialAction\":[{\"@type\":\"SearchAction\",\"target\":{\"@type\":\"EntryPoint\",\"urlTemplate\":\"https:\\\/\\\/www.2000m2.eu\\\/de\\\/?s={search_term_string}\"},\"query-input\":{\"@type\":\"PropertyValueSpecification\",\"valueRequired\":true,\"valueName\":\"search_term_string\"}}],\"inLanguage\":\"de\"},{\"@type\":\"Organization\",\"@id\":\"https:\\\/\\\/www.2000m2.eu\\\/de\\\/#organization\",\"name\":\"2000m2\",\"url\":\"https:\\\/\\\/www.2000m2.eu\\\/de\\\/\",\"logo\":{\"@type\":\"ImageObject\",\"inLanguage\":\"de\",\"@id\":\"https:\\\/\\\/www.2000m2.eu\\\/de\\\/#\\\/schema\\\/logo\\\/image\\\/\",\"url\":\"https:\\\/\\\/www.2000m2.eu\\\/wp-content\\\/uploads\\\/logo.png\",\"contentUrl\":\"https:\\\/\\\/www.2000m2.eu\\\/wp-content\\\/uploads\\\/logo.png\",\"width\":445,\"height\":140,\"caption\":\"2000m2\"},\"image\":{\"@id\":\"https:\\\/\\\/www.2000m2.eu\\\/de\\\/#\\\/schema\\\/logo\\\/image\\\/\"}}]}<\/script>\n<!-- \/ Yoast SEO plugin. -->","yoast_head_json":{"title":"Das Fl\u00e4chenbuffet - 2000m2","robots":{"index":"index","follow":"follow","max-snippet":"max-snippet:-1","max-image-preview":"max-image-preview:large","max-video-preview":"max-video-preview:-1"},"canonical":"https:\/\/www.2000m2.eu\/de\/angebote\/flaechenbuffet\/","og_locale":"de_DE","og_type":"article","og_title":"Das Fl\u00e4chenbuffet - 2000m2","og_description":"Unser Fl\u00e4chenbuffet Wie viel Acker kommt auf den Teller? Tischlein deck dich! Wie viel Acker braucht ein Schnitzel mit Bratkartoffeln und wie viel eine Portion Spaghetti mit Tomatensauce? Und wie viel macht ein Glas Bier oder Apfelsaft dazu aus? Das Fl\u00e4chenbuffet zeigt, wie viel Ackerfl\u00e4che alle Zutaten einzelner Gerichte ben\u00f6tigen. Um das zu veranschaulichen, haben...","og_url":"https:\/\/www.2000m2.eu\/de\/angebote\/flaechenbuffet\/","og_site_name":"2000m2","article_modified_time":"2024-11-28T17:22:34+00:00","og_image":[{"width":1800,"height":180,"url":"https:\/\/www.2000m2.eu\/wp-content\/uploads\/Featured_Images_Flachenbuffet.jpg","type":"image\/jpeg"}],"twitter_card":"summary_large_image","twitter_misc":{"Gesch\u00e4tzte Lesezeit":"2\u00a0Minuten"},"schema":{"@context":"https:\/\/schema.org","@graph":[{"@type":"WebPage","@id":"https:\/\/www.2000m2.eu\/de\/angebote\/flaechenbuffet\/","url":"https:\/\/www.2000m2.eu\/de\/angebote\/flaechenbuffet\/","name":"Das Fl\u00e4chenbuffet - 2000m2","isPartOf":{"@id":"https:\/\/www.2000m2.eu\/de\/#website"},"primaryImageOfPage":{"@id":"https:\/\/www.2000m2.eu\/de\/angebote\/flaechenbuffet\/#primaryimage"},"image":{"@id":"https:\/\/www.2000m2.eu\/de\/angebote\/flaechenbuffet\/#primaryimage"},"thumbnailUrl":"https:\/\/www.2000m2.eu\/wp-content\/uploads\/Featured_Images_Flachenbuffet.jpg","datePublished":"2024-09-17T11:51:34+00:00","dateModified":"2024-11-28T17:22:34+00:00","breadcrumb":{"@id":"https:\/\/www.2000m2.eu\/de\/angebote\/flaechenbuffet\/#breadcrumb"},"inLanguage":"de","potentialAction":[{"@type":"ReadAction","target":["https:\/\/www.2000m2.eu\/de\/angebote\/flaechenbuffet\/"]}]},{"@type":"ImageObject","inLanguage":"de","@id":"https:\/\/www.2000m2.eu\/de\/angebote\/flaechenbuffet\/#primaryimage","url":"https:\/\/www.2000m2.eu\/wp-content\/uploads\/Featured_Images_Flachenbuffet.jpg","contentUrl":"https:\/\/www.2000m2.eu\/wp-content\/uploads\/Featured_Images_Flachenbuffet.jpg","width":1800,"height":180},{"@type":"BreadcrumbList","@id":"https:\/\/www.2000m2.eu\/de\/angebote\/flaechenbuffet\/#breadcrumb","itemListElement":[{"@type":"ListItem","position":1,"name":"Home","item":"https:\/\/www.2000m2.eu\/de\/startseite\/"},{"@type":"ListItem","position":2,"name":"Unsere Angebote","item":"https:\/\/www.2000m2.eu\/de\/angebote\/"},{"@type":"ListItem","position":3,"name":"Das Fl\u00e4chenbuffet"}]},{"@type":"WebSite","@id":"https:\/\/www.2000m2.eu\/de\/#website","url":"https:\/\/www.2000m2.eu\/de\/","name":"2000m2","description":"","publisher":{"@id":"https:\/\/www.2000m2.eu\/de\/#organization"},"potentialAction":[{"@type":"SearchAction","target":{"@type":"EntryPoint","urlTemplate":"https:\/\/www.2000m2.eu\/de\/?s={search_term_string}"},"query-input":{"@type":"PropertyValueSpecification","valueRequired":true,"valueName":"search_term_string"}}],"inLanguage":"de"},{"@type":"Organization","@id":"https:\/\/www.2000m2.eu\/de\/#organization","name":"2000m2","url":"https:\/\/www.2000m2.eu\/de\/","logo":{"@type":"ImageObject","inLanguage":"de","@id":"https:\/\/www.2000m2.eu\/de\/#\/schema\/logo\/image\/","url":"https:\/\/www.2000m2.eu\/wp-content\/uploads\/logo.png","contentUrl":"https:\/\/www.2000m2.eu\/wp-content\/uploads\/logo.png","width":445,"height":140,"caption":"2000m2"},"image":{"@id":"https:\/\/www.2000m2.eu\/de\/#\/schema\/logo\/image\/"}}]}},"_links":{"self":[{"href":"https:\/\/www.2000m2.eu\/de\/wp-json\/wp\/v2\/pages\/63","targetHints":{"allow":["GET"]}}],"collection":[{"href":"https:\/\/www.2000m2.eu\/de\/wp-json\/wp\/v2\/pages"}],"about":[{"href":"https:\/\/www.2000m2.eu\/de\/wp-json\/wp\/v2\/types\/page"}],"author":[{"embeddable":true,"href":"https:\/\/www.2000m2.eu\/de\/wp-json\/wp\/v2\/users\/1"}],"replies":[{"embeddable":true,"href":"https:\/\/www.2000m2.eu\/de\/wp-json\/wp\/v2\/comments?post=63"}],"version-history":[{"count":5,"href":"https:\/\/www.2000m2.eu\/de\/wp-json\/wp\/v2\/pages\/63\/revisions"}],"predecessor-version":[{"id":2771,"href":"https:\/\/www.2000m2.eu\/de\/wp-json\/wp\/v2\/pages\/63\/revisions\/2771"}],"up":[{"embeddable":true,"href":"https:\/\/www.2000m2.eu\/de\/wp-json\/wp\/v2\/pages\/57"}],"wp:featuredmedia":[{"embeddable":true,"href":"https:\/\/www.2000m2.eu\/de\/wp-json\/wp\/v2\/media\/1445"}],"wp:attachment":[{"href":"https:\/\/www.2000m2.eu\/de\/wp-json\/wp\/v2\/media?parent=63"}],"curies":[{"name":"wp","href":"https:\/\/api.w.org\/{rel}","templated":true}]}}