{"id":68,"date":"2024-09-11T12:00:31","date_gmt":"2024-09-11T12:00:31","guid":{"rendered":"https:\/\/www.2000m2.eu\/?page_id=68"},"modified":"2024-12-23T11:46:33","modified_gmt":"2024-12-23T11:46:33","slug":"material","status":"publish","type":"page","link":"https:\/\/www.2000m2.eu\/de\/angebote\/material\/","title":{"rendered":"Presse und Material"},"content":{"rendered":"\n<h1 class=\"wp-block-heading\">Material<\/h1>\n\n\n\n<p>Unsere Weltacker-Brosch\u00fcre k\u00f6nnt ihr bei uns gerne bestellen. Schickt uns dazu einfach eine E-Mail mit eurer Anschrift und sagt uns, wie viele Exemplare ihr braucht. Wir freuen uns \u00fcber eine kleine Spende f\u00fcr die Brosch\u00fcren. <\/p>\n\n\n\n<div data-wp-interactive=\"core\/file\" class=\"wp-block-file has-link-color wp-elements-657cdaa73affc033673180692f5ba90c\"><object data-wp-bind--hidden=\"!state.hasPdfPreview\" hidden class=\"wp-block-file__embed\" data=\"https:\/\/www.2000m2.eu\/wp-content\/uploads\/Weltacker_Broschure_2024_web.pdf\" type=\"application\/pdf\" style=\"width:100%;height:600px\" aria-label=\"Einbettung von Weltacker_Broschure_2024_web.\"><\/object><a id=\"wp-block-file--media-b0218444-5859-4c0a-a583-a20ac86c0c55\" href=\"https:\/\/www.2000m2.eu\/wp-content\/uploads\/Weltacker_Broschure_2024_web.pdf\">Weltacker_Broschure_2024_web<\/a><a href=\"https:\/\/www.2000m2.eu\/wp-content\/uploads\/Weltacker_Broschure_2024_web.pdf\" class=\"wp-block-file__button wp-element-button\" download aria-describedby=\"wp-block-file--media-b0218444-5859-4c0a-a583-a20ac86c0c55\">Download<\/a><\/div>\n\n\n\n<p><\/p>\n\n\n\n<p>Weltacker Schweiz hat das tolle Kinderbuch &#8222;Lina im Bohnengl\u00fcck&#8220; entwickelt. Auch dieses Buch k\u00f6nnt Ihr bei uns bekommen. <\/p>\n\n\n\n<div data-wp-interactive=\"core\/file\" class=\"wp-block-file\"><object data-wp-bind--hidden=\"!state.hasPdfPreview\" hidden class=\"wp-block-file__embed\" data=\"https:\/\/www.2000m2.eu\/wp-content\/uploads\/Lina-im-Bohnenglueck_Umschlag.pdf\" type=\"application\/pdf\" style=\"width:100%;height:600px\" aria-label=\"Einbettung von Lina im Bohnenglueck_Umschlag.\"><\/object><a id=\"wp-block-file--media-030874bb-93cd-4689-b862-d2acbd868f86\" href=\"https:\/\/www.2000m2.eu\/wp-content\/uploads\/Lina-im-Bohnenglueck_Umschlag.pdf\">Lina im Bohnenglueck_Umschlag<\/a><a href=\"https:\/\/www.2000m2.eu\/wp-content\/uploads\/Lina-im-Bohnenglueck_Umschlag.pdf\" class=\"wp-block-file__button wp-element-button\" download aria-describedby=\"wp-block-file--media-030874bb-93cd-4689-b862-d2acbd868f86\">Download<\/a><\/div>\n\n\n\n<p>Auch andere Informationsmaterialien wie Poster, Postkarten oder andere Give-Aways k\u00f6nnt ihr gerne von uns bekommen. <\/p>\n\n\n\n<p>Au\u00dferdem findet ihr hier demn\u00e4chst eine Sammlung von Fotos, die ihr f\u00fcr Artikel und Ver\u00f6ffentlichungen zum Weltacker verwenden d\u00fcrft. Bitte beachtet immer das Copyright der Fotos und gebt es bei der Verwendung an. Wenn ihr die Fotos in hoher Aufl\u00f6sung ben\u00f6tigt, schreibt uns einfach unter <a href=\"mailto:info@2000m2.eu\">info@2000m2.eu<\/a>. <\/p>\n\n\n\n<p><\/p>\n","protected":false},"excerpt":{"rendered":"<p>Material Unsere Weltacker-Brosch\u00fcre k\u00f6nnt ihr bei uns gerne bestellen. Schickt uns dazu einfach eine E-Mail mit eurer Anschrift und sagt uns, wie viele Exemplare ihr braucht. Wir freuen uns \u00fcber eine kleine Spende f\u00fcr die Brosch\u00fcren. Weltacker Schweiz hat das tolle Kinderbuch &#8222;Lina im Bohnengl\u00fcck&#8220; entwickelt. Auch dieses Buch k\u00f6nnt Ihr bei uns bekommen. Auch&#8230;<\/p>\n","protected":false},"author":1,"featured_media":1447,"parent":57,"menu_order":29,"comment_status":"closed","ping_status":"closed","template":"","meta":{"footnotes":""},"class_list":["post-68","page","type-page","status-publish","has-post-thumbnail"],"yoast_head":"<!-- This site is optimized with the Yoast SEO plugin v27.5 - https:\/\/yoast.com\/product\/yoast-seo-wordpress\/ -->\n<title>Presse und Material - 2000m2<\/title>\n<meta name=\"robots\" content=\"index, follow, max-snippet:-1, max-image-preview:large, max-video-preview:-1\" \/>\n<link rel=\"canonical\" href=\"https:\/\/www.2000m2.eu\/de\/angebote\/material\/\" \/>\n<meta property=\"og:locale\" content=\"de_DE\" \/>\n<meta property=\"og:type\" content=\"article\" \/>\n<meta property=\"og:title\" content=\"Presse und Material - 2000m2\" \/>\n<meta property=\"og:description\" content=\"Material Unsere Weltacker-Brosch\u00fcre k\u00f6nnt ihr bei uns gerne bestellen. Schickt uns dazu einfach eine E-Mail mit eurer Anschrift und sagt uns, wie viele Exemplare ihr braucht. Wir freuen uns \u00fcber eine kleine Spende f\u00fcr die Brosch\u00fcren. Weltacker Schweiz hat das tolle Kinderbuch &#8222;Lina im Bohnengl\u00fcck&#8220; entwickelt. Auch dieses Buch k\u00f6nnt Ihr bei uns bekommen. Auch...\" \/>\n<meta property=\"og:url\" content=\"https:\/\/www.2000m2.eu\/de\/angebote\/material\/\" \/>\n<meta property=\"og:site_name\" content=\"2000m2\" \/>\n<meta property=\"article:modified_time\" content=\"2024-12-23T11:46:33+00:00\" \/>\n<meta property=\"og:image\" content=\"https:\/\/www.2000m2.eu\/wp-content\/uploads\/Featured_Images_Material.jpg\" \/>\n\t<meta property=\"og:image:width\" content=\"1800\" \/>\n\t<meta property=\"og:image:height\" content=\"180\" \/>\n\t<meta property=\"og:image:type\" content=\"image\/jpeg\" \/>\n<meta name=\"twitter:card\" content=\"summary_large_image\" \/>\n<meta name=\"twitter:label1\" content=\"Gesch\u00e4tzte Lesezeit\" \/>\n\t<meta name=\"twitter:data1\" content=\"1\u00a0Minute\" \/>\n<script type=\"application\/ld+json\" class=\"yoast-schema-graph\">{\"@context\":\"https:\\\/\\\/schema.org\",\"@graph\":[{\"@type\":\"WebPage\",\"@id\":\"https:\\\/\\\/www.2000m2.eu\\\/de\\\/angebote\\\/material\\\/\",\"url\":\"https:\\\/\\\/www.2000m2.eu\\\/de\\\/angebote\\\/material\\\/\",\"name\":\"Presse und Material - 2000m2\",\"isPartOf\":{\"@id\":\"https:\\\/\\\/www.2000m2.eu\\\/de\\\/#website\"},\"primaryImageOfPage\":{\"@id\":\"https:\\\/\\\/www.2000m2.eu\\\/de\\\/angebote\\\/material\\\/#primaryimage\"},\"image\":{\"@id\":\"https:\\\/\\\/www.2000m2.eu\\\/de\\\/angebote\\\/material\\\/#primaryimage\"},\"thumbnailUrl\":\"https:\\\/\\\/www.2000m2.eu\\\/wp-content\\\/uploads\\\/Featured_Images_Material.jpg\",\"datePublished\":\"2024-09-11T12:00:31+00:00\",\"dateModified\":\"2024-12-23T11:46:33+00:00\",\"breadcrumb\":{\"@id\":\"https:\\\/\\\/www.2000m2.eu\\\/de\\\/angebote\\\/material\\\/#breadcrumb\"},\"inLanguage\":\"de\",\"potentialAction\":[{\"@type\":\"ReadAction\",\"target\":[\"https:\\\/\\\/www.2000m2.eu\\\/de\\\/angebote\\\/material\\\/\"]}]},{\"@type\":\"ImageObject\",\"inLanguage\":\"de\",\"@id\":\"https:\\\/\\\/www.2000m2.eu\\\/de\\\/angebote\\\/material\\\/#primaryimage\",\"url\":\"https:\\\/\\\/www.2000m2.eu\\\/wp-content\\\/uploads\\\/Featured_Images_Material.jpg\",\"contentUrl\":\"https:\\\/\\\/www.2000m2.eu\\\/wp-content\\\/uploads\\\/Featured_Images_Material.jpg\",\"width\":1800,\"height\":180},{\"@type\":\"BreadcrumbList\",\"@id\":\"https:\\\/\\\/www.2000m2.eu\\\/de\\\/angebote\\\/material\\\/#breadcrumb\",\"itemListElement\":[{\"@type\":\"ListItem\",\"position\":1,\"name\":\"Home\",\"item\":\"https:\\\/\\\/www.2000m2.eu\\\/de\\\/startseite\\\/\"},{\"@type\":\"ListItem\",\"position\":2,\"name\":\"Unsere Angebote\",\"item\":\"https:\\\/\\\/www.2000m2.eu\\\/de\\\/angebote\\\/\"},{\"@type\":\"ListItem\",\"position\":3,\"name\":\"Presse und Material\"}]},{\"@type\":\"WebSite\",\"@id\":\"https:\\\/\\\/www.2000m2.eu\\\/de\\\/#website\",\"url\":\"https:\\\/\\\/www.2000m2.eu\\\/de\\\/\",\"name\":\"2000m2\",\"description\":\"\",\"publisher\":{\"@id\":\"https:\\\/\\\/www.2000m2.eu\\\/de\\\/#organization\"},\"potentialAction\":[{\"@type\":\"SearchAction\",\"target\":{\"@type\":\"EntryPoint\",\"urlTemplate\":\"https:\\\/\\\/www.2000m2.eu\\\/de\\\/?s={search_term_string}\"},\"query-input\":{\"@type\":\"PropertyValueSpecification\",\"valueRequired\":true,\"valueName\":\"search_term_string\"}}],\"inLanguage\":\"de\"},{\"@type\":\"Organization\",\"@id\":\"https:\\\/\\\/www.2000m2.eu\\\/de\\\/#organization\",\"name\":\"2000m2\",\"url\":\"https:\\\/\\\/www.2000m2.eu\\\/de\\\/\",\"logo\":{\"@type\":\"ImageObject\",\"inLanguage\":\"de\",\"@id\":\"https:\\\/\\\/www.2000m2.eu\\\/de\\\/#\\\/schema\\\/logo\\\/image\\\/\",\"url\":\"https:\\\/\\\/www.2000m2.eu\\\/wp-content\\\/uploads\\\/logo.png\",\"contentUrl\":\"https:\\\/\\\/www.2000m2.eu\\\/wp-content\\\/uploads\\\/logo.png\",\"width\":445,\"height\":140,\"caption\":\"2000m2\"},\"image\":{\"@id\":\"https:\\\/\\\/www.2000m2.eu\\\/de\\\/#\\\/schema\\\/logo\\\/image\\\/\"}}]}<\/script>\n<!-- \/ Yoast SEO plugin. -->","yoast_head_json":{"title":"Presse und Material - 2000m2","robots":{"index":"index","follow":"follow","max-snippet":"max-snippet:-1","max-image-preview":"max-image-preview:large","max-video-preview":"max-video-preview:-1"},"canonical":"https:\/\/www.2000m2.eu\/de\/angebote\/material\/","og_locale":"de_DE","og_type":"article","og_title":"Presse und Material - 2000m2","og_description":"Material Unsere Weltacker-Brosch\u00fcre k\u00f6nnt ihr bei uns gerne bestellen. Schickt uns dazu einfach eine E-Mail mit eurer Anschrift und sagt uns, wie viele Exemplare ihr braucht. Wir freuen uns \u00fcber eine kleine Spende f\u00fcr die Brosch\u00fcren. Weltacker Schweiz hat das tolle Kinderbuch &#8222;Lina im Bohnengl\u00fcck&#8220; entwickelt. Auch dieses Buch k\u00f6nnt Ihr bei uns bekommen. Auch...","og_url":"https:\/\/www.2000m2.eu\/de\/angebote\/material\/","og_site_name":"2000m2","article_modified_time":"2024-12-23T11:46:33+00:00","og_image":[{"width":1800,"height":180,"url":"https:\/\/www.2000m2.eu\/wp-content\/uploads\/Featured_Images_Material.jpg","type":"image\/jpeg"}],"twitter_card":"summary_large_image","twitter_misc":{"Gesch\u00e4tzte Lesezeit":"1\u00a0Minute"},"schema":{"@context":"https:\/\/schema.org","@graph":[{"@type":"WebPage","@id":"https:\/\/www.2000m2.eu\/de\/angebote\/material\/","url":"https:\/\/www.2000m2.eu\/de\/angebote\/material\/","name":"Presse und Material - 2000m2","isPartOf":{"@id":"https:\/\/www.2000m2.eu\/de\/#website"},"primaryImageOfPage":{"@id":"https:\/\/www.2000m2.eu\/de\/angebote\/material\/#primaryimage"},"image":{"@id":"https:\/\/www.2000m2.eu\/de\/angebote\/material\/#primaryimage"},"thumbnailUrl":"https:\/\/www.2000m2.eu\/wp-content\/uploads\/Featured_Images_Material.jpg","datePublished":"2024-09-11T12:00:31+00:00","dateModified":"2024-12-23T11:46:33+00:00","breadcrumb":{"@id":"https:\/\/www.2000m2.eu\/de\/angebote\/material\/#breadcrumb"},"inLanguage":"de","potentialAction":[{"@type":"ReadAction","target":["https:\/\/www.2000m2.eu\/de\/angebote\/material\/"]}]},{"@type":"ImageObject","inLanguage":"de","@id":"https:\/\/www.2000m2.eu\/de\/angebote\/material\/#primaryimage","url":"https:\/\/www.2000m2.eu\/wp-content\/uploads\/Featured_Images_Material.jpg","contentUrl":"https:\/\/www.2000m2.eu\/wp-content\/uploads\/Featured_Images_Material.jpg","width":1800,"height":180},{"@type":"BreadcrumbList","@id":"https:\/\/www.2000m2.eu\/de\/angebote\/material\/#breadcrumb","itemListElement":[{"@type":"ListItem","position":1,"name":"Home","item":"https:\/\/www.2000m2.eu\/de\/startseite\/"},{"@type":"ListItem","position":2,"name":"Unsere Angebote","item":"https:\/\/www.2000m2.eu\/de\/angebote\/"},{"@type":"ListItem","position":3,"name":"Presse und Material"}]},{"@type":"WebSite","@id":"https:\/\/www.2000m2.eu\/de\/#website","url":"https:\/\/www.2000m2.eu\/de\/","name":"2000m2","description":"","publisher":{"@id":"https:\/\/www.2000m2.eu\/de\/#organization"},"potentialAction":[{"@type":"SearchAction","target":{"@type":"EntryPoint","urlTemplate":"https:\/\/www.2000m2.eu\/de\/?s={search_term_string}"},"query-input":{"@type":"PropertyValueSpecification","valueRequired":true,"valueName":"search_term_string"}}],"inLanguage":"de"},{"@type":"Organization","@id":"https:\/\/www.2000m2.eu\/de\/#organization","name":"2000m2","url":"https:\/\/www.2000m2.eu\/de\/","logo":{"@type":"ImageObject","inLanguage":"de","@id":"https:\/\/www.2000m2.eu\/de\/#\/schema\/logo\/image\/","url":"https:\/\/www.2000m2.eu\/wp-content\/uploads\/logo.png","contentUrl":"https:\/\/www.2000m2.eu\/wp-content\/uploads\/logo.png","width":445,"height":140,"caption":"2000m2"},"image":{"@id":"https:\/\/www.2000m2.eu\/de\/#\/schema\/logo\/image\/"}}]}},"_links":{"self":[{"href":"https:\/\/www.2000m2.eu\/de\/wp-json\/wp\/v2\/pages\/68","targetHints":{"allow":["GET"]}}],"collection":[{"href":"https:\/\/www.2000m2.eu\/de\/wp-json\/wp\/v2\/pages"}],"about":[{"href":"https:\/\/www.2000m2.eu\/de\/wp-json\/wp\/v2\/types\/page"}],"author":[{"embeddable":true,"href":"https:\/\/www.2000m2.eu\/de\/wp-json\/wp\/v2\/users\/1"}],"replies":[{"embeddable":true,"href":"https:\/\/www.2000m2.eu\/de\/wp-json\/wp\/v2\/comments?post=68"}],"version-history":[{"count":7,"href":"https:\/\/www.2000m2.eu\/de\/wp-json\/wp\/v2\/pages\/68\/revisions"}],"predecessor-version":[{"id":4225,"href":"https:\/\/www.2000m2.eu\/de\/wp-json\/wp\/v2\/pages\/68\/revisions\/4225"}],"up":[{"embeddable":true,"href":"https:\/\/www.2000m2.eu\/de\/wp-json\/wp\/v2\/pages\/57"}],"wp:featuredmedia":[{"embeddable":true,"href":"https:\/\/www.2000m2.eu\/de\/wp-json\/wp\/v2\/media\/1447"}],"wp:attachment":[{"href":"https:\/\/www.2000m2.eu\/de\/wp-json\/wp\/v2\/media?parent=68"}],"curies":[{"name":"wp","href":"https:\/\/api.w.org\/{rel}","templated":true}]}}