{"id":12867,"date":"2024-09-17T11:48:34","date_gmt":"2024-09-17T11:48:34","guid":{"rendered":"https:\/\/www.2000m2.eu\/sobre-nosotros\/la-idea-campo-global\/"},"modified":"2025-08-02T16:14:22","modified_gmt":"2025-08-02T16:14:22","slug":"la-idea-campo-global","status":"publish","type":"page","link":"https:\/\/www.2000m2.eu\/es\/sobre-nosotros\/la-idea-campo-global\/","title":{"rendered":"La idea Campo Global"},"content":{"rendered":"\n<h1 class=\"wp-block-heading\">El mundo en un campo<\/h1>\n\n<p>Si dividimos los aproximadamente 1.600 millones de hect\u00e1reas de tierra cultivable de todo el mundo por el n\u00famero de habitantes de la Tierra, cada persona recibe 2.000 metros cuadrados. \u00c9sa es la parte de tierra cultivable a la que aritm\u00e9ticamente todos tenemos derecho. Necesitamos cultivar todo lo que nos alimenta y abastece: trigo para el pan, patatas, coles, zanahorias, as\u00ed como ma\u00edz y soja para la alimentaci\u00f3n animal, pero tambi\u00e9n remolacha azucarera para el az\u00facar del t\u00e9 o el caf\u00e9, algod\u00f3n para las camisetas, girasoles para el aceite de cocina y colza para el biodi\u00e9sel.  <\/p>\n\n<p>La futura fertilidad y biodiversidad de nuestro suelo dependen de c\u00f3mo lo tratemos. Esto significa c\u00f3mo cultivamos el suelo, tratamos las plantas y procesamos la cosecha.   <\/p>\n\n<p>Para darte una idea de la agricultura mundial y hacer tangibles las conexiones entre agricultura, nutrici\u00f3n, clima mundial, justicia alimentaria y biodiversidad, se han creado centros educativos Campo Global en muchos lugares del mundo. En ellos, unos 45 de los cultivos m\u00e1s importantes del mundo crecen a escala en 2000 metros cuadrados. Los equipos locales de los Campos Globales te ofrecen una experiencia de aprendizaje \u00fanica en amplios programas educativos.  <\/p>\n\n<figure class=\"wp-block-embed is-type-video is-provider-youtube wp-block-embed-youtube wp-embed-aspect-16-9 wp-has-aspect-ratio\"><div class=\"wp-block-embed__wrapper\">\n <div class=\"brlbs-cmpnt-container brlbs-cmpnt-content-blocker brlbs-cmpnt-with-individual-styles\" data-borlabs-cookie-content-blocker-id=\"default\" data-borlabs-cookie-content=\"PGlmcmFtZSB0aXRsZT0iV2VsdGFja2VyLUZpbG0iIHdpZHRoPSIxMjAwIiBoZWlnaHQ9IjY3NSIgc3JjPSJodHRwczovL3d3dy55b3V0dWJlLmNvbS9lbWJlZC9vd2lYWlRSSnlyMD9mZWF0dXJlPW9lbWJlZCIgZnJhbWVib3JkZXI9IjAiIGFsbG93PSJhY2NlbGVyb21ldGVyOyBhdXRvcGxheTsgY2xpcGJvYXJkLXdyaXRlOyBlbmNyeXB0ZWQtbWVkaWE7IGd5cm9zY29wZTsgcGljdHVyZS1pbi1waWN0dXJlOyB3ZWItc2hhcmUiIHJlZmVycmVycG9saWN5PSJzdHJpY3Qtb3JpZ2luLXdoZW4tY3Jvc3Mtb3JpZ2luIiBhbGxvd2Z1bGxzY3JlZW4+PC9pZnJhbWU+\"><div class=\"brlbs-cmpnt-cb-preset-a\"> <p class=\"brlbs-cmpnt-cb-description\">Est\u00e1s viendo un contenido de marcador de posici\u00f3n de <strong>Predeterminado<\/strong>. Para acceder al contenido real, haz clic en el siguiente bot\u00f3n. Ten en cuenta que al hacerlo compartir\u00e1s datos con terceros proveedores.<\/p> <div class=\"brlbs-cmpnt-cb-buttons\"> <a class=\"brlbs-cmpnt-cb-btn\" href=\"#\" data-borlabs-cookie-unblock role=\"button\">Desbloquear contenido<\/a> <a class=\"brlbs-cmpnt-cb-btn\" href=\"#\" data-borlabs-cookie-accept-service role=\"button\" style=\"display: none\">Aceptar el servicio requerido y desbloquear los contenidos<\/a> <\/div> <a class=\"brlbs-cmpnt-cb-provider-toggle\" href=\"#\" data-borlabs-cookie-show-provider-information role=\"button\">M\u00e1s informaci\u00f3n<\/a> <\/div><\/div>\n<\/div><figcaption class=\"wp-element-caption\">El Campo Global de Berl\u00edn fue el primero &#8211; en nuestro cortometraje sobre el Campo Global puedes obtener algunas impresiones de los comienzos.<\/figcaption><\/figure>\n\n<h2 class=\"wp-block-heading\">Nuestros mensajes<\/h2>\n\n<p><strong>\u00a1Hay bastante para todos! <\/strong><br\/>En 2000 metros cuadrados crece m\u00e1s de lo que puede comer una persona. Si repartimos equitativamente la tierra cultivable mundial, habr\u00e1 suficiente para todos. <\/p>\n\n<p><strong>Cada bocado tiene su lugar<\/strong><br\/>Con cada bocado que comemos, estamos dando un mandato a alg\u00fan lugar del mundo para que cultive algo de una determinada manera. Por tanto, nuestra dieta influye en la salud y la belleza de nuestros biotopos y ecosistemas. <\/p>\n\n<p><strong>La diversidad es vida<\/strong><br\/>Para que el campo siga siendo f\u00e9rtil y se conserve la biodiversidad, en mis 2.000 metros cuadrados debe vivir un n\u00famero enorme de otros organismos. Un suelo vivo es la base de un organismo vivo. Esto requiere cooperaci\u00f3n y consideraci\u00f3n.  <\/p>\n\n<p>Adem\u00e1s, puedes aprender sobre muchos temas en los <a href=\"https:\/\/2000m2.eu\/de\/aecker\/\">Campos Mundiales locales: ya sea el clima, la alimentaci\u00f3n sana, la justicia alimentaria mundial, las semillas o mucho m\u00e1s: descubre los Campos Mundiales<\/a> y sus programas educativos.<\/p>\n\n<h2 class=\"wp-block-heading\">Retos de la agricultura mundial<\/h2>\n\n<p>S\u00ed, la buena noticia es que una sola persona apenas puede comer lo que crece en 2000 metros cuadrados en un a\u00f1o. La Organizaci\u00f3n de las Naciones Unidas para la Agricultura y la Alimentaci\u00f3n (FAO) ha calculado que las calor\u00edas que producimos en todo el mundo bastan para alimentar a unos 12.000 millones de personas. <\/p>\n\n<p>Pero en realidad, cientos de millones de personas en todo el mundo siguen pasando hambre. Pero \u00bfpor qu\u00e9, si tenemos tanto? Si tiramos un tercio de la producci\u00f3n agr\u00edcola o dejamos que se eche a perder, alimentamos con m\u00e1s de un tercio a los animales y cosechamos cada vez m\u00e1s de los campos para producir gasolina y electricidad, entonces nuestros recursos se est\u00e1n agotando lentamente. Es m\u00e1s, los recursos no se distribuyen equitativamente: los habitantes de la UE consumen actualmente una media de 3.000 metros cuadrados por persona, por ejemplo. La dieta de cada individuo determina cu\u00e1nta tierra utilizamos para alimentarnos.      <\/p>\n\n<p>Cuantos m\u00e1s alimentos de origen animal consumamos que no procedan de pastos, bosques u oc\u00e9anos, m\u00e1s tierra cultivable necesitaremos. Por supuesto, la superficie utilizada por s\u00ed sola no es un indicador suficiente de gesti\u00f3n sostenible. La biodiversidad es ecol\u00f3gicamente decisiva. \u00bfC\u00f3mo les va a los miles de millones de organismos unicelulares, la lombriz de tierra, la liebre y la alondra, que tambi\u00e9n viven en estas superficies? Sin ellos, el suelo no ser\u00eda f\u00e9rtil y no podr\u00eda proporcionarnos alimentos suficientes. La energ\u00eda f\u00f3sil contenida en nuestros campos y la cantidad de gases de efecto invernadero que escapan o son absorbidos por ellos tambi\u00e9n desempe\u00f1an un papel decisivo. Es un reto devolver el carbono de la atm\u00f3sfera al suelo mediante la formaci\u00f3n selectiva de humus.      <\/p>\n\n<p>La sostenibilidad social, el desarrollo regional y la seguridad alimentaria mundial se miden sobre todo por la cantidad de trabajo humano que da lugar a qu\u00e9 ingresos o por la cantidad de valor nutritivo directo para cientos de millones de agricultores autosuficientes que contienen 2000 metros cuadrados. Una granja en Asia o \u00c1frica tiene un tama\u00f1o medio de una hect\u00e1rea. Tiene que alimentar a mucho m\u00e1s que una familia de cinco miembros (2000 metros cuadrados son 0,2 hect\u00e1reas). Por regla general, lo consigue, mientras que en Europa normalmente no podemos arregl\u00e1rnoslas con 2000 metros cuadrados. Los impulsos y las innovaciones agroecol\u00f3gicas son necesarios aqu\u00ed y all\u00e1 y est\u00e1n en marcha. Queremos dar a conocer estos retos, as\u00ed como las numerosas soluciones, con nuestro movimiento global.     <\/p>\n\n<p>Para profundizar en los retos y soluciones de nuestro sistema agr\u00edcola, echa un vistazo a nuestros <a href=\"https:\/\/www.2000m2.eu\/topics\/\">temas <\/a>Campo Global .<\/p>\n","protected":false},"excerpt":{"rendered":"<p>El mundo en un campo Si dividimos los aproximadamente 1.600 millones de hect\u00e1reas de tierra cultivable de todo el mundo por el n\u00famero de habitantes de la Tierra, cada persona recibe 2.000 metros cuadrados. \u00c9sa es la parte de tierra cultivable a la que aritm\u00e9ticamente todos tenemos derecho. Necesitamos cultivar todo lo que nos alimenta&#8230;<\/p>\n","protected":false},"author":1,"featured_media":12868,"parent":12851,"menu_order":8,"comment_status":"closed","ping_status":"closed","template":"","meta":{"footnotes":""},"class_list":["post-12867","page","type-page","status-publish","has-post-thumbnail"],"yoast_head":"<!-- This site is optimized with the Yoast SEO plugin v27.3 - https:\/\/yoast.com\/product\/yoast-seo-wordpress\/ -->\n<title>La idea Campo Global - 2000m2<\/title>\n<meta name=\"robots\" content=\"index, follow, max-snippet:-1, max-image-preview:large, max-video-preview:-1\" \/>\n<link rel=\"canonical\" href=\"https:\/\/www.2000m2.eu\/es\/sobre-nosotros\/la-idea-campo-global\/\" \/>\n<meta property=\"og:locale\" content=\"es_ES\" \/>\n<meta property=\"og:type\" content=\"article\" \/>\n<meta property=\"og:title\" content=\"La idea Campo Global - 2000m2\" \/>\n<meta property=\"og:description\" content=\"El mundo en un campo Si dividimos los aproximadamente 1.600 millones de hect\u00e1reas de tierra cultivable de todo el mundo por el n\u00famero de habitantes de la Tierra, cada persona recibe 2.000 metros cuadrados. \u00c9sa es la parte de tierra cultivable a la que aritm\u00e9ticamente todos tenemos derecho. Necesitamos cultivar todo lo que nos alimenta...\" \/>\n<meta property=\"og:url\" content=\"https:\/\/www.2000m2.eu\/es\/sobre-nosotros\/la-idea-campo-global\/\" \/>\n<meta property=\"og:site_name\" content=\"2000m2\" \/>\n<meta property=\"article:modified_time\" content=\"2025-08-02T16:14:22+00:00\" \/>\n<meta property=\"og:image\" content=\"https:\/\/www.2000m2.eu\/wp-content\/uploads\/Featured_Images_Weltacker-Idee.jpg\" \/>\n\t<meta property=\"og:image:width\" content=\"1800\" \/>\n\t<meta property=\"og:image:height\" content=\"180\" \/>\n\t<meta property=\"og:image:type\" content=\"image\/jpeg\" \/>\n<meta name=\"twitter:card\" content=\"summary_large_image\" \/>\n<meta name=\"twitter:label1\" content=\"Tiempo de lectura\" \/>\n\t<meta name=\"twitter:data1\" content=\"4 minutos\" \/>\n<script type=\"application\/ld+json\" class=\"yoast-schema-graph\">{\"@context\":\"https:\\\/\\\/schema.org\",\"@graph\":[{\"@type\":\"WebPage\",\"@id\":\"https:\\\/\\\/www.2000m2.eu\\\/es\\\/sobre-nosotros\\\/la-idea-campo-global\\\/\",\"url\":\"https:\\\/\\\/www.2000m2.eu\\\/es\\\/sobre-nosotros\\\/la-idea-campo-global\\\/\",\"name\":\"La idea Campo Global - 2000m2\",\"isPartOf\":{\"@id\":\"https:\\\/\\\/www.2000m2.eu\\\/es\\\/#website\"},\"primaryImageOfPage\":{\"@id\":\"https:\\\/\\\/www.2000m2.eu\\\/es\\\/sobre-nosotros\\\/la-idea-campo-global\\\/#primaryimage\"},\"image\":{\"@id\":\"https:\\\/\\\/www.2000m2.eu\\\/es\\\/sobre-nosotros\\\/la-idea-campo-global\\\/#primaryimage\"},\"thumbnailUrl\":\"https:\\\/\\\/www.2000m2.eu\\\/wp-content\\\/uploads\\\/Featured_Images_Weltacker-Idee.jpg\",\"datePublished\":\"2024-09-17T11:48:34+00:00\",\"dateModified\":\"2025-08-02T16:14:22+00:00\",\"breadcrumb\":{\"@id\":\"https:\\\/\\\/www.2000m2.eu\\\/es\\\/sobre-nosotros\\\/la-idea-campo-global\\\/#breadcrumb\"},\"inLanguage\":\"es\",\"potentialAction\":[{\"@type\":\"ReadAction\",\"target\":[\"https:\\\/\\\/www.2000m2.eu\\\/es\\\/sobre-nosotros\\\/la-idea-campo-global\\\/\"]}]},{\"@type\":\"ImageObject\",\"inLanguage\":\"es\",\"@id\":\"https:\\\/\\\/www.2000m2.eu\\\/es\\\/sobre-nosotros\\\/la-idea-campo-global\\\/#primaryimage\",\"url\":\"https:\\\/\\\/www.2000m2.eu\\\/wp-content\\\/uploads\\\/Featured_Images_Weltacker-Idee.jpg\",\"contentUrl\":\"https:\\\/\\\/www.2000m2.eu\\\/wp-content\\\/uploads\\\/Featured_Images_Weltacker-Idee.jpg\",\"width\":1800,\"height\":180},{\"@type\":\"BreadcrumbList\",\"@id\":\"https:\\\/\\\/www.2000m2.eu\\\/es\\\/sobre-nosotros\\\/la-idea-campo-global\\\/#breadcrumb\",\"itemListElement\":[{\"@type\":\"ListItem\",\"position\":1,\"name\":\"Home\",\"item\":\"https:\\\/\\\/www.2000m2.eu\\\/es\\\/\"},{\"@type\":\"ListItem\",\"position\":2,\"name\":\"Sobre nosotros\",\"item\":\"https:\\\/\\\/www.2000m2.eu\\\/es\\\/sobre-nosotros\\\/\"},{\"@type\":\"ListItem\",\"position\":3,\"name\":\"La idea Campo Global\"}]},{\"@type\":\"WebSite\",\"@id\":\"https:\\\/\\\/www.2000m2.eu\\\/es\\\/#website\",\"url\":\"https:\\\/\\\/www.2000m2.eu\\\/es\\\/\",\"name\":\"2000m2\",\"description\":\"\",\"publisher\":{\"@id\":\"https:\\\/\\\/www.2000m2.eu\\\/es\\\/#organization\"},\"potentialAction\":[{\"@type\":\"SearchAction\",\"target\":{\"@type\":\"EntryPoint\",\"urlTemplate\":\"https:\\\/\\\/www.2000m2.eu\\\/es\\\/?s={search_term_string}\"},\"query-input\":{\"@type\":\"PropertyValueSpecification\",\"valueRequired\":true,\"valueName\":\"search_term_string\"}}],\"inLanguage\":\"es\"},{\"@type\":\"Organization\",\"@id\":\"https:\\\/\\\/www.2000m2.eu\\\/es\\\/#organization\",\"name\":\"2000m2\",\"url\":\"https:\\\/\\\/www.2000m2.eu\\\/es\\\/\",\"logo\":{\"@type\":\"ImageObject\",\"inLanguage\":\"es\",\"@id\":\"https:\\\/\\\/www.2000m2.eu\\\/es\\\/#\\\/schema\\\/logo\\\/image\\\/\",\"url\":\"https:\\\/\\\/www.2000m2.eu\\\/wp-content\\\/uploads\\\/logo.png\",\"contentUrl\":\"https:\\\/\\\/www.2000m2.eu\\\/wp-content\\\/uploads\\\/logo.png\",\"width\":445,\"height\":140,\"caption\":\"2000m2\"},\"image\":{\"@id\":\"https:\\\/\\\/www.2000m2.eu\\\/es\\\/#\\\/schema\\\/logo\\\/image\\\/\"}}]}<\/script>\n<!-- \/ Yoast SEO plugin. -->","yoast_head_json":{"title":"La idea Campo Global - 2000m2","robots":{"index":"index","follow":"follow","max-snippet":"max-snippet:-1","max-image-preview":"max-image-preview:large","max-video-preview":"max-video-preview:-1"},"canonical":"https:\/\/www.2000m2.eu\/es\/sobre-nosotros\/la-idea-campo-global\/","og_locale":"es_ES","og_type":"article","og_title":"La idea Campo Global - 2000m2","og_description":"El mundo en un campo Si dividimos los aproximadamente 1.600 millones de hect\u00e1reas de tierra cultivable de todo el mundo por el n\u00famero de habitantes de la Tierra, cada persona recibe 2.000 metros cuadrados. \u00c9sa es la parte de tierra cultivable a la que aritm\u00e9ticamente todos tenemos derecho. Necesitamos cultivar todo lo que nos alimenta...","og_url":"https:\/\/www.2000m2.eu\/es\/sobre-nosotros\/la-idea-campo-global\/","og_site_name":"2000m2","article_modified_time":"2025-08-02T16:14:22+00:00","og_image":[{"width":1800,"height":180,"url":"https:\/\/www.2000m2.eu\/wp-content\/uploads\/Featured_Images_Weltacker-Idee.jpg","type":"image\/jpeg"}],"twitter_card":"summary_large_image","twitter_misc":{"Tiempo de lectura":"4 minutos"},"schema":{"@context":"https:\/\/schema.org","@graph":[{"@type":"WebPage","@id":"https:\/\/www.2000m2.eu\/es\/sobre-nosotros\/la-idea-campo-global\/","url":"https:\/\/www.2000m2.eu\/es\/sobre-nosotros\/la-idea-campo-global\/","name":"La idea Campo Global - 2000m2","isPartOf":{"@id":"https:\/\/www.2000m2.eu\/es\/#website"},"primaryImageOfPage":{"@id":"https:\/\/www.2000m2.eu\/es\/sobre-nosotros\/la-idea-campo-global\/#primaryimage"},"image":{"@id":"https:\/\/www.2000m2.eu\/es\/sobre-nosotros\/la-idea-campo-global\/#primaryimage"},"thumbnailUrl":"https:\/\/www.2000m2.eu\/wp-content\/uploads\/Featured_Images_Weltacker-Idee.jpg","datePublished":"2024-09-17T11:48:34+00:00","dateModified":"2025-08-02T16:14:22+00:00","breadcrumb":{"@id":"https:\/\/www.2000m2.eu\/es\/sobre-nosotros\/la-idea-campo-global\/#breadcrumb"},"inLanguage":"es","potentialAction":[{"@type":"ReadAction","target":["https:\/\/www.2000m2.eu\/es\/sobre-nosotros\/la-idea-campo-global\/"]}]},{"@type":"ImageObject","inLanguage":"es","@id":"https:\/\/www.2000m2.eu\/es\/sobre-nosotros\/la-idea-campo-global\/#primaryimage","url":"https:\/\/www.2000m2.eu\/wp-content\/uploads\/Featured_Images_Weltacker-Idee.jpg","contentUrl":"https:\/\/www.2000m2.eu\/wp-content\/uploads\/Featured_Images_Weltacker-Idee.jpg","width":1800,"height":180},{"@type":"BreadcrumbList","@id":"https:\/\/www.2000m2.eu\/es\/sobre-nosotros\/la-idea-campo-global\/#breadcrumb","itemListElement":[{"@type":"ListItem","position":1,"name":"Home","item":"https:\/\/www.2000m2.eu\/es\/"},{"@type":"ListItem","position":2,"name":"Sobre nosotros","item":"https:\/\/www.2000m2.eu\/es\/sobre-nosotros\/"},{"@type":"ListItem","position":3,"name":"La idea Campo Global"}]},{"@type":"WebSite","@id":"https:\/\/www.2000m2.eu\/es\/#website","url":"https:\/\/www.2000m2.eu\/es\/","name":"2000m2","description":"","publisher":{"@id":"https:\/\/www.2000m2.eu\/es\/#organization"},"potentialAction":[{"@type":"SearchAction","target":{"@type":"EntryPoint","urlTemplate":"https:\/\/www.2000m2.eu\/es\/?s={search_term_string}"},"query-input":{"@type":"PropertyValueSpecification","valueRequired":true,"valueName":"search_term_string"}}],"inLanguage":"es"},{"@type":"Organization","@id":"https:\/\/www.2000m2.eu\/es\/#organization","name":"2000m2","url":"https:\/\/www.2000m2.eu\/es\/","logo":{"@type":"ImageObject","inLanguage":"es","@id":"https:\/\/www.2000m2.eu\/es\/#\/schema\/logo\/image\/","url":"https:\/\/www.2000m2.eu\/wp-content\/uploads\/logo.png","contentUrl":"https:\/\/www.2000m2.eu\/wp-content\/uploads\/logo.png","width":445,"height":140,"caption":"2000m2"},"image":{"@id":"https:\/\/www.2000m2.eu\/es\/#\/schema\/logo\/image\/"}}]}},"_links":{"self":[{"href":"https:\/\/www.2000m2.eu\/es\/wp-json\/wp\/v2\/pages\/12867","targetHints":{"allow":["GET"]}}],"collection":[{"href":"https:\/\/www.2000m2.eu\/es\/wp-json\/wp\/v2\/pages"}],"about":[{"href":"https:\/\/www.2000m2.eu\/es\/wp-json\/wp\/v2\/types\/page"}],"author":[{"embeddable":true,"href":"https:\/\/www.2000m2.eu\/es\/wp-json\/wp\/v2\/users\/1"}],"replies":[{"embeddable":true,"href":"https:\/\/www.2000m2.eu\/es\/wp-json\/wp\/v2\/comments?post=12867"}],"version-history":[{"count":1,"href":"https:\/\/www.2000m2.eu\/es\/wp-json\/wp\/v2\/pages\/12867\/revisions"}],"predecessor-version":[{"id":12869,"href":"https:\/\/www.2000m2.eu\/es\/wp-json\/wp\/v2\/pages\/12867\/revisions\/12869"}],"up":[{"embeddable":true,"href":"https:\/\/www.2000m2.eu\/es\/wp-json\/wp\/v2\/pages\/12851"}],"wp:featuredmedia":[{"embeddable":true,"href":"https:\/\/www.2000m2.eu\/es\/wp-json\/wp\/v2\/media\/12868"}],"wp:attachment":[{"href":"https:\/\/www.2000m2.eu\/es\/wp-json\/wp\/v2\/media?parent=12867"}],"curies":[{"name":"wp","href":"https:\/\/api.w.org\/{rel}","templated":true}]}}