{"id":12881,"date":"2024-09-10T07:50:48","date_gmt":"2024-09-10T07:50:48","guid":{"rendered":"https:\/\/www.2000m2.eu\/sobre-nosotros\/quien-nos-apoya\/"},"modified":"2025-08-02T16:23:32","modified_gmt":"2025-08-02T16:23:32","slug":"quien-nos-apoya","status":"publish","type":"page","link":"https:\/\/www.2000m2.eu\/es\/sobre-nosotros\/quien-nos-apoya\/","title":{"rendered":"Qui\u00e9n nos apoya"},"content":{"rendered":"\n<h1 class=\"wp-block-heading\">Qui\u00e9n nos apoya<\/h1>\n\n<p>Cada Campo Global es financieramente y jur\u00eddicamente independiente. Numerosos patrocinadores apoyan el trabajo de los proyectos regionales. El trabajo de la coordinaci\u00f3n internacional, es decir, la oficina de Berl\u00edn de la <a href=\"https:\/\/zukunftsstiftung-landwirtschaft.de\/\">Zukunftsstiftung Landwirtschaft<\/a>, es posible actualmente gracias a la siguiente generosa financiaci\u00f3n:  <\/p>\n<div class=\"wp-block-image\">\n<figure class=\"aligncenter size-full\"><a href=\"https:\/\/www.deutsche-stiftung-engagement-und-ehrenamt.de\/\"><img decoding=\"async\" width=\"500\" height=\"197\" src=\"https:\/\/www.2000m2.eu\/wp-content\/uploads\/2023_DSEE_Gefoerdert_Logo_2zlg_RGB_Kreis_Schwarze-Schrift_500px-1.png\" alt=\"Logotipo de la Fundaci&#xF3;n Alemana para el Compromiso y el Voluntariado\" class=\"wp-image-686\" srcset=\"https:\/\/www.2000m2.eu\/wp-content\/uploads\/2023_DSEE_Gefoerdert_Logo_2zlg_RGB_Kreis_Schwarze-Schrift_500px-1.png 500w, https:\/\/www.2000m2.eu\/wp-content\/uploads\/2023_DSEE_Gefoerdert_Logo_2zlg_RGB_Kreis_Schwarze-Schrift_500px-1-300x118.png 300w\" sizes=\"(max-width: 500px) 100vw, 500px\" \/><\/a><\/figure>\n<\/div>\n<p>La <a href=\"https:\/\/www.deutsche-stiftung-engagement-und-ehrenamt.de\/\">Fundaci\u00f3n Alemana para el Compromiso y el Voluntariado (DSEE<\/a> ) nos apoya en la ampliaci\u00f3n del movimiento Campo Global, especialmente en Alemania, como parte de su programa de financiaci\u00f3n \u00abtransform-D\u00bb.<\/p>\n<div class=\"wp-block-image\">\n<figure class=\"aligncenter size-full is-resized\"><a href=\"https:\/\/www.heidehof-stiftung.de\/\"><img decoding=\"async\" width=\"567\" height=\"228\" src=\"https:\/\/www.2000m2.eu\/wp-content\/uploads\/hhs_logo_neu_jpg.jpg\" alt=\"Logotipo de la Fundaci&#xF3;n Heidehof\" class=\"wp-image-1166\" style=\"width:408px;height:auto\" srcset=\"https:\/\/www.2000m2.eu\/wp-content\/uploads\/hhs_logo_neu_jpg.jpg 567w, https:\/\/www.2000m2.eu\/wp-content\/uploads\/hhs_logo_neu_jpg-300x121.jpg 300w\" sizes=\"(max-width: 567px) 100vw, 567px\" \/><\/a><\/figure>\n<\/div>\n<p>En particular, la <a href=\"https:\/\/www.heidehof-stiftung.de\/\">Fundaci\u00f3n Heidehof<\/a> promueve el intercambio internacional con nuestros socios de Europa y del Sur Global.<\/p>\n<div class=\"wp-block-image\">\n<figure class=\"aligncenter size-large is-resized\"><a href=\"https:\/\/erasmus-plus.ec.europa.eu\/de\"><img decoding=\"async\" width=\"1024\" height=\"215\" src=\"https:\/\/www.2000m2.eu\/wp-content\/uploads\/Logo-Kofinanziert-von-der-Europaeischen-Union-1024x215.png\" alt=\"Logotipo de la bandera de la UE con la inscripci&#xF3;n: Cofinanciado por la Uni&#xF3;n Europea.\" class=\"wp-image-11024\" style=\"width:486px;height:auto\" srcset=\"https:\/\/www.2000m2.eu\/wp-content\/uploads\/Logo-Kofinanziert-von-der-Europaeischen-Union-1024x215.png 1024w, https:\/\/www.2000m2.eu\/wp-content\/uploads\/Logo-Kofinanziert-von-der-Europaeischen-Union-300x63.png 300w, https:\/\/www.2000m2.eu\/wp-content\/uploads\/Logo-Kofinanziert-von-der-Europaeischen-Union-768x161.png 768w, https:\/\/www.2000m2.eu\/wp-content\/uploads\/Logo-Kofinanziert-von-der-Europaeischen-Union-1536x322.png 1536w, https:\/\/www.2000m2.eu\/wp-content\/uploads\/Logo-Kofinanziert-von-der-Europaeischen-Union.png 1920w\" sizes=\"(max-width: 1024px) 100vw, 1024px\" \/><\/a><\/figure>\n<\/div>\n<p>El <a href=\"https:\/\/erasmus-plus.ec.europa.eu\/de\">programa Erasmus+<\/a> de la UE nos permite adquirir experiencia de aprendizaje en otros pa\u00edses europeos.  <\/p>\n","protected":false},"excerpt":{"rendered":"<p>Qui\u00e9n nos apoya Cada Campo Global es financieramente y jur\u00eddicamente independiente. Numerosos patrocinadores apoyan el trabajo de los proyectos regionales. El trabajo de la coordinaci\u00f3n internacional, es decir, la oficina de Berl\u00edn de la Zukunftsstiftung Landwirtschaft, es posible actualmente gracias a la siguiente generosa financiaci\u00f3n: La Fundaci\u00f3n Alemana para el Compromiso y el Voluntariado (DSEE&#8230;<\/p>\n","protected":false},"author":1,"featured_media":12888,"parent":12851,"menu_order":14,"comment_status":"closed","ping_status":"closed","template":"","meta":{"footnotes":""},"class_list":["post-12881","page","type-page","status-publish","has-post-thumbnail"],"yoast_head":"<!-- This site is optimized with the Yoast SEO plugin v27.3 - https:\/\/yoast.com\/product\/yoast-seo-wordpress\/ -->\n<title>Qui\u00e9n nos apoya - 2000m2<\/title>\n<meta name=\"robots\" content=\"index, follow, max-snippet:-1, max-image-preview:large, max-video-preview:-1\" \/>\n<link rel=\"canonical\" href=\"https:\/\/www.2000m2.eu\/es\/sobre-nosotros\/quien-nos-apoya\/\" \/>\n<meta property=\"og:locale\" content=\"es_ES\" \/>\n<meta property=\"og:type\" content=\"article\" \/>\n<meta property=\"og:title\" content=\"Qui\u00e9n nos apoya - 2000m2\" \/>\n<meta property=\"og:description\" content=\"Qui\u00e9n nos apoya Cada Campo Global es financieramente y jur\u00eddicamente independiente. Numerosos patrocinadores apoyan el trabajo de los proyectos regionales. El trabajo de la coordinaci\u00f3n internacional, es decir, la oficina de Berl\u00edn de la Zukunftsstiftung Landwirtschaft, es posible actualmente gracias a la siguiente generosa financiaci\u00f3n: La Fundaci\u00f3n Alemana para el Compromiso y el Voluntariado (DSEE...\" \/>\n<meta property=\"og:url\" content=\"https:\/\/www.2000m2.eu\/es\/sobre-nosotros\/quien-nos-apoya\/\" \/>\n<meta property=\"og:site_name\" content=\"2000m2\" \/>\n<meta property=\"article:modified_time\" content=\"2025-08-02T16:23:32+00:00\" \/>\n<meta property=\"og:image\" content=\"https:\/\/www.2000m2.eu\/wp-content\/uploads\/Featured_Images_Forderer.jpg\" \/>\n\t<meta property=\"og:image:width\" content=\"1800\" \/>\n\t<meta property=\"og:image:height\" content=\"180\" \/>\n\t<meta property=\"og:image:type\" content=\"image\/jpeg\" \/>\n<meta name=\"twitter:card\" content=\"summary_large_image\" \/>\n<meta name=\"twitter:label1\" content=\"Tiempo de lectura\" \/>\n\t<meta name=\"twitter:data1\" content=\"1 minuto\" \/>\n<script type=\"application\/ld+json\" class=\"yoast-schema-graph\">{\"@context\":\"https:\\\/\\\/schema.org\",\"@graph\":[{\"@type\":\"WebPage\",\"@id\":\"https:\\\/\\\/www.2000m2.eu\\\/es\\\/sobre-nosotros\\\/quien-nos-apoya\\\/\",\"url\":\"https:\\\/\\\/www.2000m2.eu\\\/es\\\/sobre-nosotros\\\/quien-nos-apoya\\\/\",\"name\":\"Qui\u00e9n nos apoya - 2000m2\",\"isPartOf\":{\"@id\":\"https:\\\/\\\/www.2000m2.eu\\\/es\\\/#website\"},\"primaryImageOfPage\":{\"@id\":\"https:\\\/\\\/www.2000m2.eu\\\/es\\\/sobre-nosotros\\\/quien-nos-apoya\\\/#primaryimage\"},\"image\":{\"@id\":\"https:\\\/\\\/www.2000m2.eu\\\/es\\\/sobre-nosotros\\\/quien-nos-apoya\\\/#primaryimage\"},\"thumbnailUrl\":\"https:\\\/\\\/www.2000m2.eu\\\/wp-content\\\/uploads\\\/Featured_Images_Forderer.jpg\",\"datePublished\":\"2024-09-10T07:50:48+00:00\",\"dateModified\":\"2025-08-02T16:23:32+00:00\",\"breadcrumb\":{\"@id\":\"https:\\\/\\\/www.2000m2.eu\\\/es\\\/sobre-nosotros\\\/quien-nos-apoya\\\/#breadcrumb\"},\"inLanguage\":\"es\",\"potentialAction\":[{\"@type\":\"ReadAction\",\"target\":[\"https:\\\/\\\/www.2000m2.eu\\\/es\\\/sobre-nosotros\\\/quien-nos-apoya\\\/\"]}]},{\"@type\":\"ImageObject\",\"inLanguage\":\"es\",\"@id\":\"https:\\\/\\\/www.2000m2.eu\\\/es\\\/sobre-nosotros\\\/quien-nos-apoya\\\/#primaryimage\",\"url\":\"https:\\\/\\\/www.2000m2.eu\\\/wp-content\\\/uploads\\\/Featured_Images_Forderer.jpg\",\"contentUrl\":\"https:\\\/\\\/www.2000m2.eu\\\/wp-content\\\/uploads\\\/Featured_Images_Forderer.jpg\",\"width\":1800,\"height\":180},{\"@type\":\"BreadcrumbList\",\"@id\":\"https:\\\/\\\/www.2000m2.eu\\\/es\\\/sobre-nosotros\\\/quien-nos-apoya\\\/#breadcrumb\",\"itemListElement\":[{\"@type\":\"ListItem\",\"position\":1,\"name\":\"Home\",\"item\":\"https:\\\/\\\/www.2000m2.eu\\\/es\\\/\"},{\"@type\":\"ListItem\",\"position\":2,\"name\":\"Sobre nosotros\",\"item\":\"https:\\\/\\\/www.2000m2.eu\\\/es\\\/sobre-nosotros\\\/\"},{\"@type\":\"ListItem\",\"position\":3,\"name\":\"Qui\u00e9n nos apoya\"}]},{\"@type\":\"WebSite\",\"@id\":\"https:\\\/\\\/www.2000m2.eu\\\/es\\\/#website\",\"url\":\"https:\\\/\\\/www.2000m2.eu\\\/es\\\/\",\"name\":\"2000m2\",\"description\":\"\",\"publisher\":{\"@id\":\"https:\\\/\\\/www.2000m2.eu\\\/es\\\/#organization\"},\"potentialAction\":[{\"@type\":\"SearchAction\",\"target\":{\"@type\":\"EntryPoint\",\"urlTemplate\":\"https:\\\/\\\/www.2000m2.eu\\\/es\\\/?s={search_term_string}\"},\"query-input\":{\"@type\":\"PropertyValueSpecification\",\"valueRequired\":true,\"valueName\":\"search_term_string\"}}],\"inLanguage\":\"es\"},{\"@type\":\"Organization\",\"@id\":\"https:\\\/\\\/www.2000m2.eu\\\/es\\\/#organization\",\"name\":\"2000m2\",\"url\":\"https:\\\/\\\/www.2000m2.eu\\\/es\\\/\",\"logo\":{\"@type\":\"ImageObject\",\"inLanguage\":\"es\",\"@id\":\"https:\\\/\\\/www.2000m2.eu\\\/es\\\/#\\\/schema\\\/logo\\\/image\\\/\",\"url\":\"https:\\\/\\\/www.2000m2.eu\\\/wp-content\\\/uploads\\\/logo.png\",\"contentUrl\":\"https:\\\/\\\/www.2000m2.eu\\\/wp-content\\\/uploads\\\/logo.png\",\"width\":445,\"height\":140,\"caption\":\"2000m2\"},\"image\":{\"@id\":\"https:\\\/\\\/www.2000m2.eu\\\/es\\\/#\\\/schema\\\/logo\\\/image\\\/\"}}]}<\/script>\n<!-- \/ Yoast SEO plugin. -->","yoast_head_json":{"title":"Qui\u00e9n nos apoya - 2000m2","robots":{"index":"index","follow":"follow","max-snippet":"max-snippet:-1","max-image-preview":"max-image-preview:large","max-video-preview":"max-video-preview:-1"},"canonical":"https:\/\/www.2000m2.eu\/es\/sobre-nosotros\/quien-nos-apoya\/","og_locale":"es_ES","og_type":"article","og_title":"Qui\u00e9n nos apoya - 2000m2","og_description":"Qui\u00e9n nos apoya Cada Campo Global es financieramente y jur\u00eddicamente independiente. Numerosos patrocinadores apoyan el trabajo de los proyectos regionales. El trabajo de la coordinaci\u00f3n internacional, es decir, la oficina de Berl\u00edn de la Zukunftsstiftung Landwirtschaft, es posible actualmente gracias a la siguiente generosa financiaci\u00f3n: La Fundaci\u00f3n Alemana para el Compromiso y el Voluntariado (DSEE...","og_url":"https:\/\/www.2000m2.eu\/es\/sobre-nosotros\/quien-nos-apoya\/","og_site_name":"2000m2","article_modified_time":"2025-08-02T16:23:32+00:00","og_image":[{"width":1800,"height":180,"url":"https:\/\/www.2000m2.eu\/wp-content\/uploads\/Featured_Images_Forderer.jpg","type":"image\/jpeg"}],"twitter_card":"summary_large_image","twitter_misc":{"Tiempo de lectura":"1 minuto"},"schema":{"@context":"https:\/\/schema.org","@graph":[{"@type":"WebPage","@id":"https:\/\/www.2000m2.eu\/es\/sobre-nosotros\/quien-nos-apoya\/","url":"https:\/\/www.2000m2.eu\/es\/sobre-nosotros\/quien-nos-apoya\/","name":"Qui\u00e9n nos apoya - 2000m2","isPartOf":{"@id":"https:\/\/www.2000m2.eu\/es\/#website"},"primaryImageOfPage":{"@id":"https:\/\/www.2000m2.eu\/es\/sobre-nosotros\/quien-nos-apoya\/#primaryimage"},"image":{"@id":"https:\/\/www.2000m2.eu\/es\/sobre-nosotros\/quien-nos-apoya\/#primaryimage"},"thumbnailUrl":"https:\/\/www.2000m2.eu\/wp-content\/uploads\/Featured_Images_Forderer.jpg","datePublished":"2024-09-10T07:50:48+00:00","dateModified":"2025-08-02T16:23:32+00:00","breadcrumb":{"@id":"https:\/\/www.2000m2.eu\/es\/sobre-nosotros\/quien-nos-apoya\/#breadcrumb"},"inLanguage":"es","potentialAction":[{"@type":"ReadAction","target":["https:\/\/www.2000m2.eu\/es\/sobre-nosotros\/quien-nos-apoya\/"]}]},{"@type":"ImageObject","inLanguage":"es","@id":"https:\/\/www.2000m2.eu\/es\/sobre-nosotros\/quien-nos-apoya\/#primaryimage","url":"https:\/\/www.2000m2.eu\/wp-content\/uploads\/Featured_Images_Forderer.jpg","contentUrl":"https:\/\/www.2000m2.eu\/wp-content\/uploads\/Featured_Images_Forderer.jpg","width":1800,"height":180},{"@type":"BreadcrumbList","@id":"https:\/\/www.2000m2.eu\/es\/sobre-nosotros\/quien-nos-apoya\/#breadcrumb","itemListElement":[{"@type":"ListItem","position":1,"name":"Home","item":"https:\/\/www.2000m2.eu\/es\/"},{"@type":"ListItem","position":2,"name":"Sobre nosotros","item":"https:\/\/www.2000m2.eu\/es\/sobre-nosotros\/"},{"@type":"ListItem","position":3,"name":"Qui\u00e9n nos apoya"}]},{"@type":"WebSite","@id":"https:\/\/www.2000m2.eu\/es\/#website","url":"https:\/\/www.2000m2.eu\/es\/","name":"2000m2","description":"","publisher":{"@id":"https:\/\/www.2000m2.eu\/es\/#organization"},"potentialAction":[{"@type":"SearchAction","target":{"@type":"EntryPoint","urlTemplate":"https:\/\/www.2000m2.eu\/es\/?s={search_term_string}"},"query-input":{"@type":"PropertyValueSpecification","valueRequired":true,"valueName":"search_term_string"}}],"inLanguage":"es"},{"@type":"Organization","@id":"https:\/\/www.2000m2.eu\/es\/#organization","name":"2000m2","url":"https:\/\/www.2000m2.eu\/es\/","logo":{"@type":"ImageObject","inLanguage":"es","@id":"https:\/\/www.2000m2.eu\/es\/#\/schema\/logo\/image\/","url":"https:\/\/www.2000m2.eu\/wp-content\/uploads\/logo.png","contentUrl":"https:\/\/www.2000m2.eu\/wp-content\/uploads\/logo.png","width":445,"height":140,"caption":"2000m2"},"image":{"@id":"https:\/\/www.2000m2.eu\/es\/#\/schema\/logo\/image\/"}}]}},"_links":{"self":[{"href":"https:\/\/www.2000m2.eu\/es\/wp-json\/wp\/v2\/pages\/12881","targetHints":{"allow":["GET"]}}],"collection":[{"href":"https:\/\/www.2000m2.eu\/es\/wp-json\/wp\/v2\/pages"}],"about":[{"href":"https:\/\/www.2000m2.eu\/es\/wp-json\/wp\/v2\/types\/page"}],"author":[{"embeddable":true,"href":"https:\/\/www.2000m2.eu\/es\/wp-json\/wp\/v2\/users\/1"}],"replies":[{"embeddable":true,"href":"https:\/\/www.2000m2.eu\/es\/wp-json\/wp\/v2\/comments?post=12881"}],"version-history":[{"count":1,"href":"https:\/\/www.2000m2.eu\/es\/wp-json\/wp\/v2\/pages\/12881\/revisions"}],"predecessor-version":[{"id":12890,"href":"https:\/\/www.2000m2.eu\/es\/wp-json\/wp\/v2\/pages\/12881\/revisions\/12890"}],"up":[{"embeddable":true,"href":"https:\/\/www.2000m2.eu\/es\/wp-json\/wp\/v2\/pages\/12851"}],"wp:featuredmedia":[{"embeddable":true,"href":"https:\/\/www.2000m2.eu\/es\/wp-json\/wp\/v2\/media\/12888"}],"wp:attachment":[{"href":"https:\/\/www.2000m2.eu\/es\/wp-json\/wp\/v2\/media?parent=12881"}],"curies":[{"name":"wp","href":"https:\/\/api.w.org\/{rel}","templated":true}]}}