{"id":12891,"date":"2024-09-10T07:55:00","date_gmt":"2024-09-10T07:55:00","guid":{"rendered":"https:\/\/www.2000m2.eu\/sobre-nosotros\/apoyanos\/"},"modified":"2026-02-06T07:05:51","modified_gmt":"2026-02-06T07:05:51","slug":"apoyanos","status":"publish","type":"page","link":"https:\/\/www.2000m2.eu\/es\/sobre-nosotros\/apoyanos\/","title":{"rendered":"Ap\u00f3yanos"},"content":{"rendered":"\n<h1 class=\"wp-block-heading\">\u00a1Te necesitamos!  <\/h1>\n\n\n\n<p>\u00bfTe gusta nuestro trabajo y quieres ayudarnos? Agradecemos cualquier apoyo, ya sea en forma de donativo, ayuda voluntaria o en cualquier otra forma. Porque aunque parte de nuestro trabajo est\u00e9 financiado, seguimos dependiendo de las donaciones. Tu donativo se destina al 100% a los proyectos de la coordinaci\u00f3n internacional Campo Global y nos ayuda, por ejemplo, a crear nuevos contenidos educativos, asesorar sobre nuevas iniciativas, elaborar folletos o seguir desarrollando nuestra exposici\u00f3n itinerante.   <\/p>\n\n\n\n<p>Puedes hacer un donativo directamente a:<\/p>\n\n\n\n<p><strong>Beneficiario:<\/strong> Zukunftsstiftung Landwirtschaft<br><strong>IBAN:<\/strong> DE72 4306 0967 0030 0054 05<br> BIC<strong>:<\/strong> GENODEM1GLS<br><strong>Banco:<\/strong> GLS Gemeinschaftsbank eG<br><strong>Asunto:<\/strong> Donaci\u00f3n 2000m2<\/p>\n\n\n<style>.kb-row-layout-wrap.wp-block-kadence-rowlayout.kb-row-layout-id12891_d759d0-3a{margin-bottom:0px;margin-bottom:var(--global-kb-spacing-lg, 3rem);}.kb-row-layout-id12891_d759d0-3a > .kt-row-column-wrap{align-content:start;}:where(.kb-row-layout-id12891_d759d0-3a > .kt-row-column-wrap) > .wp-block-kadence-column{justify-content:start;}.kb-row-layout-id12891_d759d0-3a > .kt-row-column-wrap{column-gap:var(--global-kb-gap-md, 2rem);row-gap:var(--global-kb-gap-md, 2rem);padding-top:var(--global-kb-spacing-sm, 1.5rem);grid-template-columns:minmax(0, 1fr);}.kb-row-layout-id12891_d759d0-3a > .kt-row-layout-overlay{opacity:0.30;}@media all and (max-width: 1024px){.kb-row-layout-id12891_d759d0-3a > .kt-row-column-wrap{grid-template-columns:minmax(0, 1fr);}}@media all and (max-width: 767px){.kb-row-layout-id12891_d759d0-3a > .kt-row-column-wrap{grid-template-columns:minmax(0, 1fr);}}<\/style><div class=\"kb-row-layout-wrap kb-row-layout-id12891_d759d0-3a alignnone wp-block-kadence-rowlayout\"><div class=\"kt-row-column-wrap kt-has-1-columns kt-row-layout-equal kt-tab-layout-inherit kt-mobile-layout-row kt-row-valign-top\">\n<style>.kadence-column12891_08e9e0-f4 > .kt-inside-inner-col,.kadence-column12891_08e9e0-f4 > .kt-inside-inner-col:before{border-top-left-radius:0px;border-top-right-radius:0px;border-bottom-right-radius:0px;border-bottom-left-radius:0px;}.kadence-column12891_08e9e0-f4 > .kt-inside-inner-col{column-gap:var(--global-kb-gap-sm, 1rem);}.kadence-column12891_08e9e0-f4 > .kt-inside-inner-col{flex-direction:column;}.kadence-column12891_08e9e0-f4 > .kt-inside-inner-col > .aligncenter{width:100%;}.kadence-column12891_08e9e0-f4 > .kt-inside-inner-col:before{opacity:0.3;}.kadence-column12891_08e9e0-f4{position:relative;}@media all and (max-width: 1024px){.kadence-column12891_08e9e0-f4 > .kt-inside-inner-col{flex-direction:column;justify-content:center;}}@media all and (max-width: 767px){.kadence-column12891_08e9e0-f4 > .kt-inside-inner-col{flex-direction:column;justify-content:center;}}<\/style>\n<div class=\"wp-block-kadence-column kadence-column12891_08e9e0-f4\"><div class=\"kt-inside-inner-col\"><\/div><\/div>\n\n<\/div><\/div>\n\n\n<h2 class=\"wp-block-heading\">Voluntariado<\/h2>\n\n\n\n<p>Siempre hay mucho que hacer en nuestra organizaci\u00f3n y damos la bienvenida a voluntarios comprometidos. Si quieres colaborar con nosotros, por ejemplo en actividades de investigaci\u00f3n, redacci\u00f3n de art\u00edculos y textos, relaciones p\u00fablicas o en nuestros actos, ponte en contacto con nosotros. Tambi\u00e9n estaremos encantados de ponerte en contacto con tu Campo Global local.  <\/p>\n","protected":false},"excerpt":{"rendered":"<p>\u00a1Te necesitamos! \u00bfTe gusta nuestro trabajo y quieres ayudarnos? Agradecemos cualquier apoyo, ya sea en forma de donativo, ayuda voluntaria o en cualquier otra forma. Porque aunque parte de nuestro trabajo est\u00e9 financiado, seguimos dependiendo de las donaciones. Tu donativo se destina al 100% a los proyectos de la coordinaci\u00f3n internacional Campo Global y nos&#8230;<\/p>\n","protected":false},"author":1,"featured_media":12896,"parent":12851,"menu_order":16,"comment_status":"closed","ping_status":"closed","template":"","meta":{"footnotes":""},"class_list":["post-12891","page","type-page","status-publish","has-post-thumbnail"],"yoast_head":"<!-- This site is optimized with the Yoast SEO plugin v27.3 - https:\/\/yoast.com\/product\/yoast-seo-wordpress\/ -->\n<title>Ap\u00f3yanos - 2000m2<\/title>\n<meta name=\"robots\" content=\"index, follow, max-snippet:-1, max-image-preview:large, max-video-preview:-1\" \/>\n<link rel=\"canonical\" href=\"https:\/\/www.2000m2.eu\/es\/sobre-nosotros\/apoyanos\/\" \/>\n<meta property=\"og:locale\" content=\"es_ES\" \/>\n<meta property=\"og:type\" content=\"article\" \/>\n<meta property=\"og:title\" content=\"Ap\u00f3yanos - 2000m2\" \/>\n<meta property=\"og:description\" content=\"\u00a1Te necesitamos! \u00bfTe gusta nuestro trabajo y quieres ayudarnos? Agradecemos cualquier apoyo, ya sea en forma de donativo, ayuda voluntaria o en cualquier otra forma. Porque aunque parte de nuestro trabajo est\u00e9 financiado, seguimos dependiendo de las donaciones. Tu donativo se destina al 100% a los proyectos de la coordinaci\u00f3n internacional Campo Global y nos...\" \/>\n<meta property=\"og:url\" content=\"https:\/\/www.2000m2.eu\/es\/sobre-nosotros\/apoyanos\/\" \/>\n<meta property=\"og:site_name\" content=\"2000m2\" \/>\n<meta property=\"article:modified_time\" content=\"2026-02-06T07:05:51+00:00\" \/>\n<meta property=\"og:image\" content=\"https:\/\/www.2000m2.eu\/wp-content\/uploads\/Featured_Images_unterstutze-uns.jpg\" \/>\n\t<meta property=\"og:image:width\" content=\"1800\" \/>\n\t<meta property=\"og:image:height\" content=\"180\" \/>\n\t<meta property=\"og:image:type\" content=\"image\/jpeg\" \/>\n<meta name=\"twitter:card\" content=\"summary_large_image\" \/>\n<meta name=\"twitter:label1\" content=\"Tiempo de lectura\" \/>\n\t<meta name=\"twitter:data1\" content=\"1 minuto\" \/>\n<script type=\"application\/ld+json\" class=\"yoast-schema-graph\">{\"@context\":\"https:\\\/\\\/schema.org\",\"@graph\":[{\"@type\":\"WebPage\",\"@id\":\"https:\\\/\\\/www.2000m2.eu\\\/es\\\/sobre-nosotros\\\/apoyanos\\\/\",\"url\":\"https:\\\/\\\/www.2000m2.eu\\\/es\\\/sobre-nosotros\\\/apoyanos\\\/\",\"name\":\"Ap\u00f3yanos - 2000m2\",\"isPartOf\":{\"@id\":\"https:\\\/\\\/www.2000m2.eu\\\/es\\\/#website\"},\"primaryImageOfPage\":{\"@id\":\"https:\\\/\\\/www.2000m2.eu\\\/es\\\/sobre-nosotros\\\/apoyanos\\\/#primaryimage\"},\"image\":{\"@id\":\"https:\\\/\\\/www.2000m2.eu\\\/es\\\/sobre-nosotros\\\/apoyanos\\\/#primaryimage\"},\"thumbnailUrl\":\"https:\\\/\\\/www.2000m2.eu\\\/wp-content\\\/uploads\\\/Featured_Images_unterstutze-uns.jpg\",\"datePublished\":\"2024-09-10T07:55:00+00:00\",\"dateModified\":\"2026-02-06T07:05:51+00:00\",\"breadcrumb\":{\"@id\":\"https:\\\/\\\/www.2000m2.eu\\\/es\\\/sobre-nosotros\\\/apoyanos\\\/#breadcrumb\"},\"inLanguage\":\"es\",\"potentialAction\":[{\"@type\":\"ReadAction\",\"target\":[\"https:\\\/\\\/www.2000m2.eu\\\/es\\\/sobre-nosotros\\\/apoyanos\\\/\"]}]},{\"@type\":\"ImageObject\",\"inLanguage\":\"es\",\"@id\":\"https:\\\/\\\/www.2000m2.eu\\\/es\\\/sobre-nosotros\\\/apoyanos\\\/#primaryimage\",\"url\":\"https:\\\/\\\/www.2000m2.eu\\\/wp-content\\\/uploads\\\/Featured_Images_unterstutze-uns.jpg\",\"contentUrl\":\"https:\\\/\\\/www.2000m2.eu\\\/wp-content\\\/uploads\\\/Featured_Images_unterstutze-uns.jpg\",\"width\":1800,\"height\":180},{\"@type\":\"BreadcrumbList\",\"@id\":\"https:\\\/\\\/www.2000m2.eu\\\/es\\\/sobre-nosotros\\\/apoyanos\\\/#breadcrumb\",\"itemListElement\":[{\"@type\":\"ListItem\",\"position\":1,\"name\":\"Home\",\"item\":\"https:\\\/\\\/www.2000m2.eu\\\/es\\\/\"},{\"@type\":\"ListItem\",\"position\":2,\"name\":\"Sobre nosotros\",\"item\":\"https:\\\/\\\/www.2000m2.eu\\\/es\\\/sobre-nosotros\\\/\"},{\"@type\":\"ListItem\",\"position\":3,\"name\":\"Ap\u00f3yanos\"}]},{\"@type\":\"WebSite\",\"@id\":\"https:\\\/\\\/www.2000m2.eu\\\/es\\\/#website\",\"url\":\"https:\\\/\\\/www.2000m2.eu\\\/es\\\/\",\"name\":\"2000m2\",\"description\":\"\",\"publisher\":{\"@id\":\"https:\\\/\\\/www.2000m2.eu\\\/es\\\/#organization\"},\"potentialAction\":[{\"@type\":\"SearchAction\",\"target\":{\"@type\":\"EntryPoint\",\"urlTemplate\":\"https:\\\/\\\/www.2000m2.eu\\\/es\\\/?s={search_term_string}\"},\"query-input\":{\"@type\":\"PropertyValueSpecification\",\"valueRequired\":true,\"valueName\":\"search_term_string\"}}],\"inLanguage\":\"es\"},{\"@type\":\"Organization\",\"@id\":\"https:\\\/\\\/www.2000m2.eu\\\/es\\\/#organization\",\"name\":\"2000m2\",\"url\":\"https:\\\/\\\/www.2000m2.eu\\\/es\\\/\",\"logo\":{\"@type\":\"ImageObject\",\"inLanguage\":\"es\",\"@id\":\"https:\\\/\\\/www.2000m2.eu\\\/es\\\/#\\\/schema\\\/logo\\\/image\\\/\",\"url\":\"https:\\\/\\\/www.2000m2.eu\\\/wp-content\\\/uploads\\\/logo.png\",\"contentUrl\":\"https:\\\/\\\/www.2000m2.eu\\\/wp-content\\\/uploads\\\/logo.png\",\"width\":445,\"height\":140,\"caption\":\"2000m2\"},\"image\":{\"@id\":\"https:\\\/\\\/www.2000m2.eu\\\/es\\\/#\\\/schema\\\/logo\\\/image\\\/\"}}]}<\/script>\n<!-- \/ Yoast SEO plugin. -->","yoast_head_json":{"title":"Ap\u00f3yanos - 2000m2","robots":{"index":"index","follow":"follow","max-snippet":"max-snippet:-1","max-image-preview":"max-image-preview:large","max-video-preview":"max-video-preview:-1"},"canonical":"https:\/\/www.2000m2.eu\/es\/sobre-nosotros\/apoyanos\/","og_locale":"es_ES","og_type":"article","og_title":"Ap\u00f3yanos - 2000m2","og_description":"\u00a1Te necesitamos! \u00bfTe gusta nuestro trabajo y quieres ayudarnos? Agradecemos cualquier apoyo, ya sea en forma de donativo, ayuda voluntaria o en cualquier otra forma. Porque aunque parte de nuestro trabajo est\u00e9 financiado, seguimos dependiendo de las donaciones. Tu donativo se destina al 100% a los proyectos de la coordinaci\u00f3n internacional Campo Global y nos...","og_url":"https:\/\/www.2000m2.eu\/es\/sobre-nosotros\/apoyanos\/","og_site_name":"2000m2","article_modified_time":"2026-02-06T07:05:51+00:00","og_image":[{"width":1800,"height":180,"url":"https:\/\/www.2000m2.eu\/wp-content\/uploads\/Featured_Images_unterstutze-uns.jpg","type":"image\/jpeg"}],"twitter_card":"summary_large_image","twitter_misc":{"Tiempo de lectura":"1 minuto"},"schema":{"@context":"https:\/\/schema.org","@graph":[{"@type":"WebPage","@id":"https:\/\/www.2000m2.eu\/es\/sobre-nosotros\/apoyanos\/","url":"https:\/\/www.2000m2.eu\/es\/sobre-nosotros\/apoyanos\/","name":"Ap\u00f3yanos - 2000m2","isPartOf":{"@id":"https:\/\/www.2000m2.eu\/es\/#website"},"primaryImageOfPage":{"@id":"https:\/\/www.2000m2.eu\/es\/sobre-nosotros\/apoyanos\/#primaryimage"},"image":{"@id":"https:\/\/www.2000m2.eu\/es\/sobre-nosotros\/apoyanos\/#primaryimage"},"thumbnailUrl":"https:\/\/www.2000m2.eu\/wp-content\/uploads\/Featured_Images_unterstutze-uns.jpg","datePublished":"2024-09-10T07:55:00+00:00","dateModified":"2026-02-06T07:05:51+00:00","breadcrumb":{"@id":"https:\/\/www.2000m2.eu\/es\/sobre-nosotros\/apoyanos\/#breadcrumb"},"inLanguage":"es","potentialAction":[{"@type":"ReadAction","target":["https:\/\/www.2000m2.eu\/es\/sobre-nosotros\/apoyanos\/"]}]},{"@type":"ImageObject","inLanguage":"es","@id":"https:\/\/www.2000m2.eu\/es\/sobre-nosotros\/apoyanos\/#primaryimage","url":"https:\/\/www.2000m2.eu\/wp-content\/uploads\/Featured_Images_unterstutze-uns.jpg","contentUrl":"https:\/\/www.2000m2.eu\/wp-content\/uploads\/Featured_Images_unterstutze-uns.jpg","width":1800,"height":180},{"@type":"BreadcrumbList","@id":"https:\/\/www.2000m2.eu\/es\/sobre-nosotros\/apoyanos\/#breadcrumb","itemListElement":[{"@type":"ListItem","position":1,"name":"Home","item":"https:\/\/www.2000m2.eu\/es\/"},{"@type":"ListItem","position":2,"name":"Sobre nosotros","item":"https:\/\/www.2000m2.eu\/es\/sobre-nosotros\/"},{"@type":"ListItem","position":3,"name":"Ap\u00f3yanos"}]},{"@type":"WebSite","@id":"https:\/\/www.2000m2.eu\/es\/#website","url":"https:\/\/www.2000m2.eu\/es\/","name":"2000m2","description":"","publisher":{"@id":"https:\/\/www.2000m2.eu\/es\/#organization"},"potentialAction":[{"@type":"SearchAction","target":{"@type":"EntryPoint","urlTemplate":"https:\/\/www.2000m2.eu\/es\/?s={search_term_string}"},"query-input":{"@type":"PropertyValueSpecification","valueRequired":true,"valueName":"search_term_string"}}],"inLanguage":"es"},{"@type":"Organization","@id":"https:\/\/www.2000m2.eu\/es\/#organization","name":"2000m2","url":"https:\/\/www.2000m2.eu\/es\/","logo":{"@type":"ImageObject","inLanguage":"es","@id":"https:\/\/www.2000m2.eu\/es\/#\/schema\/logo\/image\/","url":"https:\/\/www.2000m2.eu\/wp-content\/uploads\/logo.png","contentUrl":"https:\/\/www.2000m2.eu\/wp-content\/uploads\/logo.png","width":445,"height":140,"caption":"2000m2"},"image":{"@id":"https:\/\/www.2000m2.eu\/es\/#\/schema\/logo\/image\/"}}]}},"_links":{"self":[{"href":"https:\/\/www.2000m2.eu\/es\/wp-json\/wp\/v2\/pages\/12891","targetHints":{"allow":["GET"]}}],"collection":[{"href":"https:\/\/www.2000m2.eu\/es\/wp-json\/wp\/v2\/pages"}],"about":[{"href":"https:\/\/www.2000m2.eu\/es\/wp-json\/wp\/v2\/types\/page"}],"author":[{"embeddable":true,"href":"https:\/\/www.2000m2.eu\/es\/wp-json\/wp\/v2\/users\/1"}],"replies":[{"embeddable":true,"href":"https:\/\/www.2000m2.eu\/es\/wp-json\/wp\/v2\/comments?post=12891"}],"version-history":[{"count":2,"href":"https:\/\/www.2000m2.eu\/es\/wp-json\/wp\/v2\/pages\/12891\/revisions"}],"predecessor-version":[{"id":27587,"href":"https:\/\/www.2000m2.eu\/es\/wp-json\/wp\/v2\/pages\/12891\/revisions\/27587"}],"up":[{"embeddable":true,"href":"https:\/\/www.2000m2.eu\/es\/wp-json\/wp\/v2\/pages\/12851"}],"wp:featuredmedia":[{"embeddable":true,"href":"https:\/\/www.2000m2.eu\/es\/wp-json\/wp\/v2\/media\/12896"}],"wp:attachment":[{"href":"https:\/\/www.2000m2.eu\/es\/wp-json\/wp\/v2\/media?parent=12891"}],"curies":[{"name":"wp","href":"https:\/\/api.w.org\/{rel}","templated":true}]}}