{"id":12906,"date":"2024-09-17T11:50:23","date_gmt":"2024-09-17T11:50:23","guid":{"rendered":"https:\/\/www.2000m2.eu\/nuestras-ofertas\/fundar-un-campo-global\/"},"modified":"2025-09-08T08:18:46","modified_gmt":"2025-09-08T08:18:46","slug":"fundar-un-campo-global","status":"publish","type":"page","link":"https:\/\/www.2000m2.eu\/es\/nuestras-ofertas\/fundar-un-campo-global\/","title":{"rendered":"Fundar un Campo Global"},"content":{"rendered":"\n<h1 class=\"wp-block-heading\">Fundar un Campo Global: \u00bfc\u00f3mo funciona?<\/h1>\n\n<p>\u00bfQuieres crear un Campo Global en tu barrio? \u00bfTe gustar\u00eda formar parte de la red mundial Campo Global y trabajar con nosotros para promover la educaci\u00f3n para una agricultura sostenible y un sistema alimentario mundial preparado para el futuro? Entonces estaremos encantados de apoyarte con nuestra experiencia. Estaremos encantados de enviarte nuestras gu\u00edas para crear un Campo Global, asesorarte y apoyarte lo mejor que podamos hasta que se ponga en marcha el proyecto y m\u00e1s all\u00e1 de eso.   <\/p>\n\n<h2 class=\"wp-block-heading\">Qu\u00e9 ofrecemos<\/h2>\n\n<p>Si quieres montar un Campo Global, estaremos encantados de ayudarte con nuestros muchos a\u00f1os de experiencia. Podemos ofrecerte los siguientes servicios, por supuesto gratuitos: <\/p>\n\n<ul class=\"wp-block-list\">\n<li>Gu\u00eda para crear un Campo Global<\/li>\n\n\n\n<li>Consulta inicial<\/li>\n\n\n\n<li>Una persona de contacto fija para todas las preguntas y para la mediaci\u00f3n en proyectos individuales<\/li>\n\n\n\n<li>Visita in situ a medida que tu proyecto va tomando forma<\/li>\n\n\n\n<li>Planes de cultivo y conocimientos previos sobre el Campo Global<\/li>\n\n\n\n<li>Plantillas de impresi\u00f3n para carteles y material educativo<\/li>\n\n\n\n<li>Una variedad de m\u00f3dulos educativos &#8211; tambi\u00e9n estamos encantados de organizar cursos de formaci\u00f3n Campo Global para tus facilitadores educativos<\/li>\n\n\n\n<li>El concepto de buffet de superficie<\/li>\n\n\n\n<li>Material informativo, ilustraciones y material fotogr\u00e1fico <\/li>\n\n\n\n<li>Intercambio con Campos Globales alrededor del mundo<\/li>\n<\/ul>\n\n<p>Por desgracia, no podemos ofrecerte recursos econ\u00f3micos para tu Weltacker ni atenci\u00f3n permanente gratuita.  <\/p>\n\n<h2 class=\"wp-block-heading\">Lo que debes tener en cuenta<\/h2>\n\n<p>Si quieres montar un \u00abWeltacker\u00bb, nos gustar\u00eda estar informados y saber qu\u00e9 pretendes hacer. Tambi\u00e9n hay algunas directrices b\u00e1sicas que debes seguir. Por favor, \u00e9chales un vistazo:  <\/p>\n\n<div data-wp-interactive=\"core\/file\" class=\"wp-block-file\"><object data-wp-bind--hidden=\"!state.hasPdfPreview\" hidden class=\"wp-block-file__embed\" data=\"https:\/\/www.2000m2.eu\/wp-content\/uploads\/Weltacker-Richtlinien.pdf\" type=\"application\/pdf\" style=\"width:100%;height:600px\" aria-label=\"Incrustado de Weltacker-Richtlinien.\"><\/object><a id=\"wp-block-file--media-af8e655c-fdd0-4919-a470-754b56cf772a\" href=\"https:\/\/www.2000m2.eu\/wp-content\/uploads\/Weltacker-Richtlinien.pdf\">Weltacker<\/a><a href=\"https:\/\/www.2000m2.eu\/wp-content\/uploads\/Weltacker-Richtlinien.pdf\" class=\"wp-block-file__button wp-element-button\" download=\"\" aria-describedby=\"wp-block-file--media-af8e655c-fdd0-4919-a470-754b56cf772a\">descargar<\/a><\/div>\n\n<p>Tu persona de contacto para consultas es <a href=\"mailto:jordan@2000m2.eu\">Jasper<\/a>. Si no hablas alem\u00e1n o ingl\u00e9s, d\u00ednoslo: seguro que encontramos a alguien en la red que pueda ayudarte con las traducciones.   <\/p>\n","protected":false},"excerpt":{"rendered":"<p>Fundar un Campo Global: \u00bfc\u00f3mo funciona? \u00bfQuieres crear un Campo Global en tu barrio? \u00bfTe gustar\u00eda formar parte de la red mundial Campo Global y trabajar con nosotros para promover la educaci\u00f3n para una agricultura sostenible y un sistema alimentario mundial preparado para el futuro? Entonces estaremos encantados de apoyarte con nuestra experiencia. Estaremos encantados&#8230;<\/p>\n","protected":false},"author":1,"featured_media":12907,"parent":12898,"menu_order":20,"comment_status":"closed","ping_status":"closed","template":"","meta":{"footnotes":""},"class_list":["post-12906","page","type-page","status-publish","has-post-thumbnail"],"yoast_head":"<!-- This site is optimized with the Yoast SEO plugin v27.3 - https:\/\/yoast.com\/product\/yoast-seo-wordpress\/ -->\n<title>Fundar un Campo Global - 2000m2<\/title>\n<meta name=\"robots\" content=\"index, follow, max-snippet:-1, max-image-preview:large, max-video-preview:-1\" \/>\n<link rel=\"canonical\" href=\"https:\/\/www.2000m2.eu\/es\/nuestras-ofertas\/fundar-un-campo-global\/\" \/>\n<meta property=\"og:locale\" content=\"es_ES\" \/>\n<meta property=\"og:type\" content=\"article\" \/>\n<meta property=\"og:title\" content=\"Fundar un Campo Global - 2000m2\" \/>\n<meta property=\"og:description\" content=\"Fundar un Campo Global: \u00bfc\u00f3mo funciona? \u00bfQuieres crear un Campo Global en tu barrio? \u00bfTe gustar\u00eda formar parte de la red mundial Campo Global y trabajar con nosotros para promover la educaci\u00f3n para una agricultura sostenible y un sistema alimentario mundial preparado para el futuro? Entonces estaremos encantados de apoyarte con nuestra experiencia. Estaremos encantados...\" \/>\n<meta property=\"og:url\" content=\"https:\/\/www.2000m2.eu\/es\/nuestras-ofertas\/fundar-un-campo-global\/\" \/>\n<meta property=\"og:site_name\" content=\"2000m2\" \/>\n<meta property=\"article:modified_time\" content=\"2025-09-08T08:18:46+00:00\" \/>\n<meta property=\"og:image\" content=\"https:\/\/www.2000m2.eu\/wp-content\/uploads\/Featured_Images_Weltacker-grunden.jpg\" \/>\n\t<meta property=\"og:image:width\" content=\"1800\" \/>\n\t<meta property=\"og:image:height\" content=\"180\" \/>\n\t<meta property=\"og:image:type\" content=\"image\/jpeg\" \/>\n<meta name=\"twitter:card\" content=\"summary_large_image\" \/>\n<meta name=\"twitter:label1\" content=\"Tiempo de lectura\" \/>\n\t<meta name=\"twitter:data1\" content=\"2 minutos\" \/>\n<script type=\"application\/ld+json\" class=\"yoast-schema-graph\">{\"@context\":\"https:\\\/\\\/schema.org\",\"@graph\":[{\"@type\":\"WebPage\",\"@id\":\"https:\\\/\\\/www.2000m2.eu\\\/es\\\/nuestras-ofertas\\\/fundar-un-campo-global\\\/\",\"url\":\"https:\\\/\\\/www.2000m2.eu\\\/es\\\/nuestras-ofertas\\\/fundar-un-campo-global\\\/\",\"name\":\"Fundar un Campo Global - 2000m2\",\"isPartOf\":{\"@id\":\"https:\\\/\\\/www.2000m2.eu\\\/es\\\/#website\"},\"primaryImageOfPage\":{\"@id\":\"https:\\\/\\\/www.2000m2.eu\\\/es\\\/nuestras-ofertas\\\/fundar-un-campo-global\\\/#primaryimage\"},\"image\":{\"@id\":\"https:\\\/\\\/www.2000m2.eu\\\/es\\\/nuestras-ofertas\\\/fundar-un-campo-global\\\/#primaryimage\"},\"thumbnailUrl\":\"https:\\\/\\\/www.2000m2.eu\\\/wp-content\\\/uploads\\\/Featured_Images_Weltacker-grunden.jpg\",\"datePublished\":\"2024-09-17T11:50:23+00:00\",\"dateModified\":\"2025-09-08T08:18:46+00:00\",\"breadcrumb\":{\"@id\":\"https:\\\/\\\/www.2000m2.eu\\\/es\\\/nuestras-ofertas\\\/fundar-un-campo-global\\\/#breadcrumb\"},\"inLanguage\":\"es\",\"potentialAction\":[{\"@type\":\"ReadAction\",\"target\":[\"https:\\\/\\\/www.2000m2.eu\\\/es\\\/nuestras-ofertas\\\/fundar-un-campo-global\\\/\"]}]},{\"@type\":\"ImageObject\",\"inLanguage\":\"es\",\"@id\":\"https:\\\/\\\/www.2000m2.eu\\\/es\\\/nuestras-ofertas\\\/fundar-un-campo-global\\\/#primaryimage\",\"url\":\"https:\\\/\\\/www.2000m2.eu\\\/wp-content\\\/uploads\\\/Featured_Images_Weltacker-grunden.jpg\",\"contentUrl\":\"https:\\\/\\\/www.2000m2.eu\\\/wp-content\\\/uploads\\\/Featured_Images_Weltacker-grunden.jpg\",\"width\":1800,\"height\":180},{\"@type\":\"BreadcrumbList\",\"@id\":\"https:\\\/\\\/www.2000m2.eu\\\/es\\\/nuestras-ofertas\\\/fundar-un-campo-global\\\/#breadcrumb\",\"itemListElement\":[{\"@type\":\"ListItem\",\"position\":1,\"name\":\"Home\",\"item\":\"https:\\\/\\\/www.2000m2.eu\\\/es\\\/\"},{\"@type\":\"ListItem\",\"position\":2,\"name\":\"Nuestras ofertas\",\"item\":\"https:\\\/\\\/www.2000m2.eu\\\/es\\\/nuestras-ofertas\\\/\"},{\"@type\":\"ListItem\",\"position\":3,\"name\":\"Fundar un Campo Global\"}]},{\"@type\":\"WebSite\",\"@id\":\"https:\\\/\\\/www.2000m2.eu\\\/es\\\/#website\",\"url\":\"https:\\\/\\\/www.2000m2.eu\\\/es\\\/\",\"name\":\"2000m2\",\"description\":\"\",\"publisher\":{\"@id\":\"https:\\\/\\\/www.2000m2.eu\\\/es\\\/#organization\"},\"potentialAction\":[{\"@type\":\"SearchAction\",\"target\":{\"@type\":\"EntryPoint\",\"urlTemplate\":\"https:\\\/\\\/www.2000m2.eu\\\/es\\\/?s={search_term_string}\"},\"query-input\":{\"@type\":\"PropertyValueSpecification\",\"valueRequired\":true,\"valueName\":\"search_term_string\"}}],\"inLanguage\":\"es\"},{\"@type\":\"Organization\",\"@id\":\"https:\\\/\\\/www.2000m2.eu\\\/es\\\/#organization\",\"name\":\"2000m2\",\"url\":\"https:\\\/\\\/www.2000m2.eu\\\/es\\\/\",\"logo\":{\"@type\":\"ImageObject\",\"inLanguage\":\"es\",\"@id\":\"https:\\\/\\\/www.2000m2.eu\\\/es\\\/#\\\/schema\\\/logo\\\/image\\\/\",\"url\":\"https:\\\/\\\/www.2000m2.eu\\\/wp-content\\\/uploads\\\/logo.png\",\"contentUrl\":\"https:\\\/\\\/www.2000m2.eu\\\/wp-content\\\/uploads\\\/logo.png\",\"width\":445,\"height\":140,\"caption\":\"2000m2\"},\"image\":{\"@id\":\"https:\\\/\\\/www.2000m2.eu\\\/es\\\/#\\\/schema\\\/logo\\\/image\\\/\"}}]}<\/script>\n<!-- \/ Yoast SEO plugin. -->","yoast_head_json":{"title":"Fundar un Campo Global - 2000m2","robots":{"index":"index","follow":"follow","max-snippet":"max-snippet:-1","max-image-preview":"max-image-preview:large","max-video-preview":"max-video-preview:-1"},"canonical":"https:\/\/www.2000m2.eu\/es\/nuestras-ofertas\/fundar-un-campo-global\/","og_locale":"es_ES","og_type":"article","og_title":"Fundar un Campo Global - 2000m2","og_description":"Fundar un Campo Global: \u00bfc\u00f3mo funciona? \u00bfQuieres crear un Campo Global en tu barrio? \u00bfTe gustar\u00eda formar parte de la red mundial Campo Global y trabajar con nosotros para promover la educaci\u00f3n para una agricultura sostenible y un sistema alimentario mundial preparado para el futuro? Entonces estaremos encantados de apoyarte con nuestra experiencia. Estaremos encantados...","og_url":"https:\/\/www.2000m2.eu\/es\/nuestras-ofertas\/fundar-un-campo-global\/","og_site_name":"2000m2","article_modified_time":"2025-09-08T08:18:46+00:00","og_image":[{"width":1800,"height":180,"url":"https:\/\/www.2000m2.eu\/wp-content\/uploads\/Featured_Images_Weltacker-grunden.jpg","type":"image\/jpeg"}],"twitter_card":"summary_large_image","twitter_misc":{"Tiempo de lectura":"2 minutos"},"schema":{"@context":"https:\/\/schema.org","@graph":[{"@type":"WebPage","@id":"https:\/\/www.2000m2.eu\/es\/nuestras-ofertas\/fundar-un-campo-global\/","url":"https:\/\/www.2000m2.eu\/es\/nuestras-ofertas\/fundar-un-campo-global\/","name":"Fundar un Campo Global - 2000m2","isPartOf":{"@id":"https:\/\/www.2000m2.eu\/es\/#website"},"primaryImageOfPage":{"@id":"https:\/\/www.2000m2.eu\/es\/nuestras-ofertas\/fundar-un-campo-global\/#primaryimage"},"image":{"@id":"https:\/\/www.2000m2.eu\/es\/nuestras-ofertas\/fundar-un-campo-global\/#primaryimage"},"thumbnailUrl":"https:\/\/www.2000m2.eu\/wp-content\/uploads\/Featured_Images_Weltacker-grunden.jpg","datePublished":"2024-09-17T11:50:23+00:00","dateModified":"2025-09-08T08:18:46+00:00","breadcrumb":{"@id":"https:\/\/www.2000m2.eu\/es\/nuestras-ofertas\/fundar-un-campo-global\/#breadcrumb"},"inLanguage":"es","potentialAction":[{"@type":"ReadAction","target":["https:\/\/www.2000m2.eu\/es\/nuestras-ofertas\/fundar-un-campo-global\/"]}]},{"@type":"ImageObject","inLanguage":"es","@id":"https:\/\/www.2000m2.eu\/es\/nuestras-ofertas\/fundar-un-campo-global\/#primaryimage","url":"https:\/\/www.2000m2.eu\/wp-content\/uploads\/Featured_Images_Weltacker-grunden.jpg","contentUrl":"https:\/\/www.2000m2.eu\/wp-content\/uploads\/Featured_Images_Weltacker-grunden.jpg","width":1800,"height":180},{"@type":"BreadcrumbList","@id":"https:\/\/www.2000m2.eu\/es\/nuestras-ofertas\/fundar-un-campo-global\/#breadcrumb","itemListElement":[{"@type":"ListItem","position":1,"name":"Home","item":"https:\/\/www.2000m2.eu\/es\/"},{"@type":"ListItem","position":2,"name":"Nuestras ofertas","item":"https:\/\/www.2000m2.eu\/es\/nuestras-ofertas\/"},{"@type":"ListItem","position":3,"name":"Fundar un Campo Global"}]},{"@type":"WebSite","@id":"https:\/\/www.2000m2.eu\/es\/#website","url":"https:\/\/www.2000m2.eu\/es\/","name":"2000m2","description":"","publisher":{"@id":"https:\/\/www.2000m2.eu\/es\/#organization"},"potentialAction":[{"@type":"SearchAction","target":{"@type":"EntryPoint","urlTemplate":"https:\/\/www.2000m2.eu\/es\/?s={search_term_string}"},"query-input":{"@type":"PropertyValueSpecification","valueRequired":true,"valueName":"search_term_string"}}],"inLanguage":"es"},{"@type":"Organization","@id":"https:\/\/www.2000m2.eu\/es\/#organization","name":"2000m2","url":"https:\/\/www.2000m2.eu\/es\/","logo":{"@type":"ImageObject","inLanguage":"es","@id":"https:\/\/www.2000m2.eu\/es\/#\/schema\/logo\/image\/","url":"https:\/\/www.2000m2.eu\/wp-content\/uploads\/logo.png","contentUrl":"https:\/\/www.2000m2.eu\/wp-content\/uploads\/logo.png","width":445,"height":140,"caption":"2000m2"},"image":{"@id":"https:\/\/www.2000m2.eu\/es\/#\/schema\/logo\/image\/"}}]}},"_links":{"self":[{"href":"https:\/\/www.2000m2.eu\/es\/wp-json\/wp\/v2\/pages\/12906","targetHints":{"allow":["GET"]}}],"collection":[{"href":"https:\/\/www.2000m2.eu\/es\/wp-json\/wp\/v2\/pages"}],"about":[{"href":"https:\/\/www.2000m2.eu\/es\/wp-json\/wp\/v2\/types\/page"}],"author":[{"embeddable":true,"href":"https:\/\/www.2000m2.eu\/es\/wp-json\/wp\/v2\/users\/1"}],"replies":[{"embeddable":true,"href":"https:\/\/www.2000m2.eu\/es\/wp-json\/wp\/v2\/comments?post=12906"}],"version-history":[{"count":1,"href":"https:\/\/www.2000m2.eu\/es\/wp-json\/wp\/v2\/pages\/12906\/revisions"}],"predecessor-version":[{"id":12909,"href":"https:\/\/www.2000m2.eu\/es\/wp-json\/wp\/v2\/pages\/12906\/revisions\/12909"}],"up":[{"embeddable":true,"href":"https:\/\/www.2000m2.eu\/es\/wp-json\/wp\/v2\/pages\/12898"}],"wp:featuredmedia":[{"embeddable":true,"href":"https:\/\/www.2000m2.eu\/es\/wp-json\/wp\/v2\/media\/12907"}],"wp:attachment":[{"href":"https:\/\/www.2000m2.eu\/es\/wp-json\/wp\/v2\/media?parent=12906"}],"curies":[{"name":"wp","href":"https:\/\/api.w.org\/{rel}","templated":true}]}}