{"id":12910,"date":"2024-09-17T11:51:01","date_gmt":"2024-09-17T11:51:01","guid":{"rendered":"https:\/\/www.2000m2.eu\/nuestras-ofertas\/la-calculadora-de-superficies\/"},"modified":"2025-08-02T16:44:01","modified_gmt":"2025-08-02T16:44:01","slug":"la-calculadora-de-superficies","status":"publish","type":"page","link":"https:\/\/www.2000m2.eu\/es\/nuestras-ofertas\/la-calculadora-de-superficies\/","title":{"rendered":"La calculadora de superficies"},"content":{"rendered":"\n<h1 class=\"wp-block-heading\">Nuestra calculadora de superficies &#8211; MYM2<\/h1>\n\n<p><\/p>\n<style>.wp-block-kadence-column.kb-section-dir-horizontal > .kt-inside-inner-col > .kt-info-box61_f55e17-b2{max-width:637px;}.wp-block-kadence-column.kb-section-dir-horizontal > .kt-inside-inner-col > .kt-info-box61_f55e17-b2 .kt-blocks-info-box-link-wrap{max-width:unset;}.kt-info-box61_f55e17-b2 .kt-blocks-info-box-link-wrap{border-top:1px solid var(--accent);border-right:1px solid var(--accent);border-bottom:1px solid var(--accent);border-left:1px solid var(--accent);border-top-left-radius:30px;border-top-right-radius:30px;border-bottom-right-radius:30px;border-bottom-left-radius:30px;background:var(--base-3);max-width:637px;padding-top:var(--global-kb-spacing-sm, 1.5rem);padding-right:var(--global-kb-spacing-sm, 1.5rem);padding-bottom:var(--global-kb-spacing-sm, 1.5rem);padding-left:var(--global-kb-spacing-sm, 1.5rem);margin-top:10px;}.kt-info-box61_f55e17-b2.wp-block-kadence-infobox{max-width:100%;}.kt-info-box61_f55e17-b2 .kadence-info-box-image-inner-intrisic-container{max-width:100px;}.kt-info-box61_f55e17-b2 .kadence-info-box-image-inner-intrisic-container .kadence-info-box-image-intrisic{padding-bottom:100%;width:1416px;height:0px;max-width:100%;}.kt-info-box61_f55e17-b2 .kadence-info-box-icon-container .kt-info-svg-icon, .kt-info-box61_f55e17-b2 .kt-info-svg-icon-flip, .kt-info-box61_f55e17-b2 .kt-blocks-info-box-number{font-size:50px;}.kt-info-box61_f55e17-b2 .kt-blocks-info-box-media{border-color:var(--global-palette7, #eeeeee);border-radius:200px;overflow:hidden;border-top-width:0px;border-right-width:0px;border-bottom-width:0px;border-left-width:0px;padding-top:0px;padding-right:0px;padding-bottom:0px;padding-left:0px;margin-top:0px;margin-right:20px;margin-bottom:0px;margin-left:0px;}.kt-info-box61_f55e17-b2 .kt-infobox-textcontent h2.kt-blocks-info-box-title{color:var(--contrast);padding-top:0px;padding-right:0px;padding-bottom:0px;padding-left:0px;margin-top:5px;margin-right:0px;margin-bottom:10px;margin-left:0px;}.kt-info-box61_f55e17-b2 .kt-blocks-info-box-link-wrap:hover h2.kt-blocks-info-box-title{color:var(--accent);}.wp-block-kadence-infobox.kt-info-box61_f55e17-b2 .kt-blocks-info-box-text{margin-top:0px;margin-right:0px;margin-bottom:15px;margin-left:0px;}.kt-info-box61_f55e17-b2 .kt-blocks-info-box-learnmore{color:var(--base-3);background:var(--accent);border-radius:25px;border-width:0px 0px 0px 0px;padding-top:4px;padding-right:8px;padding-bottom:4px;padding-left:8px;margin-top:10px;margin-right:0px;margin-bottom:10px;margin-left:0px;}.kt-info-box61_f55e17-b2 .kt-blocks-info-box-link-wrap{box-shadow:2px 2px 2px 3px var(--base-2);}.kt-info-box61_f55e17-b2 .kt-blocks-info-box-link-wrap:hover{box-shadow:0px 0px 14px 0px var(--contrast-2);}@media all and (max-width: 1024px){.kt-info-box61_f55e17-b2 .kt-blocks-info-box-link-wrap{border-top:1px solid var(--accent);border-right:1px solid var(--accent);border-bottom:1px solid var(--accent);border-left:1px solid var(--accent);box-shadow:2px 2px 2px 3px var(--base-2);}}@media all and (max-width: 1024px){.kt-info-box61_f55e17-b2 .kt-blocks-info-box-link-wrap:hover{box-shadow:0px 0px 14px 0px var(--contrast-2);}}@media all and (max-width: 767px){.kt-info-box61_f55e17-b2 .kt-blocks-info-box-link-wrap{border-top:1px solid var(--accent);border-right:1px solid var(--accent);border-bottom:1px solid var(--accent);border-left:1px solid var(--accent);text-align:center;display:block;box-shadow:2px 2px 2px 3px var(--base-2);}.kt-info-box61_f55e17-b2 .kt-blocks-info-box-link-wrap .kt-blocks-info-box-media{display:inline-block;max-width:100%;}.kt-info-box61_f55e17-b2 .kt-blocks-info-box-link-wrap:hover{box-shadow:0px 0px 14px 0px var(--contrast-2);}}<\/style>\n<div class=\"wp-block-kadence-infobox kt-info-box61_f55e17-b2\"><a class=\"kt-blocks-info-box-link-wrap info-box-link kt-blocks-info-box-media-align-left kt-info-halign-left kb-info-mobile-halign-center\" href=\"https:\/\/rechner.2000m2.eu\/de\/\"><div class=\"kt-blocks-info-box-media-container\"><div class=\"kt-blocks-info-box-media kt-info-media-animate-none\"><div class=\"kadence-info-box-image-inner-intrisic-container\"><div class=\"kadence-info-box-image-intrisic kt-info-animate-none kb-info-box-image-ratio kb-info-box-image-ratio-square\"><div class=\"kadence-info-box-image-inner-intrisic\"><img decoding=\"async\" src=\"https:\/\/www.2000m2.eu\/wp-content\/uploads\/2000m2_Logo_MyM2_ohneEbenen.jpg\" alt=\"\" width=\"1416\" height=\"1516\" class=\"kt-info-box-image wp-image-2818\" srcset=\"https:\/\/www.2000m2.eu\/wp-content\/uploads\/2000m2_Logo_MyM2_ohneEbenen.jpg 1416w, https:\/\/www.2000m2.eu\/wp-content\/uploads\/2000m2_Logo_MyM2_ohneEbenen-280x300.jpg 280w, https:\/\/www.2000m2.eu\/wp-content\/uploads\/2000m2_Logo_MyM2_ohneEbenen-956x1024.jpg 956w, https:\/\/www.2000m2.eu\/wp-content\/uploads\/2000m2_Logo_MyM2_ohneEbenen-768x822.jpg 768w\" sizes=\"(max-width: 1416px) 100vw, 1416px\" \/><\/div><\/div><\/div><\/div><\/div><div class=\"kt-infobox-textcontent\"><h2 class=\"kt-blocks-info-box-title\">Directamente a la calculadora de superficie<\/h2><\/div><\/a><\/div>\n\n<p><\/p>\n\n<h3 class=\"wp-block-heading\">\u00bfCu\u00e1nta tierra cultivable hay en mis alimentos?<\/h3>\n\n<p>La calculadora de superficie MYM2 puede utilizarse para calcular cu\u00e1nta tierra cultivable se utiliza para las comidas. \u00bfC\u00f3mo funciona? Es muy sencillo: s\u00f3lo tienes que introducir los ingredientes utilizados en las cantidades correspondientes y se mostrar\u00e1 autom\u00e1ticamente la superficie necesaria. \u00a1Pero eso no es todo! El plato consumido tambi\u00e9n se pone en relaci\u00f3n con la raci\u00f3n diaria disponible para la alimentaci\u00f3n (4,2 m\u00b2) de una persona. Esto permite comprobar r\u00e1pida y f\u00e1cilmente cu\u00e1nto queda de los 2000 m\u00b2.     <\/p>\n\n<p>\u00bfPor qu\u00e9 2000 m\u00b2? Actualmente viven en el mundo unos 8.000 millones de personas que se reparten unos 1.600 millones de hect\u00e1reas de tierra cultivable. Por cada persona, eso supone unos 2000 metros cuadrados de tierra cultivable en la que tiene que crecer todo lo que se consume en un a\u00f1o. Dividido por 365 d\u00edas, quedan 5,5 metros cuadrados por persona y d\u00eda. S\u00f3lo para alimentos, es decir, excluyendo ropa, energ\u00eda, etc., esto da como resultado 4,2 m\u00b2 de tierra cultivable.<\/p>\n\n<p>\u00bfYa has desayunado toda la raci\u00f3n del d\u00eda?   <a href=\"http:\/\/www.mym2.de\">Ahora haz los c\u00e1lculos en la calculadora.<\/a> <\/p>\n\n<h3 class=\"wp-block-heading\">Y esto es lo que parece:<\/h3>\n\n <div class=\"brlbs-cmpnt-container brlbs-cmpnt-content-blocker brlbs-cmpnt-with-individual-styles\" data-borlabs-cookie-content-blocker-id=\"default\" data-borlabs-cookie-content=\"PGlmcmFtZSBzcmM9Imh0dHBzOi8vcmVjaG5lci4yMDAwbTIuZXUvZGUvcmVzdWx0L3BpenphLXNhbGFtaSIgY2xhc3M9ImZsYWVjaGVucmVjaG5lciIgd2lkdGg9IjEyMDBweCIgaGVpZ2h0PSIxMDAwcHgiPjwvaWZyYW1lPg==\"><div class=\"brlbs-cmpnt-cb-preset-a\"> <p class=\"brlbs-cmpnt-cb-description\">Est\u00e1s viendo un contenido de marcador de posici\u00f3n de <strong>Predeterminado<\/strong>. Para acceder al contenido real, haz clic en el siguiente bot\u00f3n. Ten en cuenta que al hacerlo compartir\u00e1s datos con terceros proveedores.<\/p> <div class=\"brlbs-cmpnt-cb-buttons\"> <a class=\"brlbs-cmpnt-cb-btn\" href=\"#\" data-borlabs-cookie-unblock role=\"button\">Desbloquear contenido<\/a> <a class=\"brlbs-cmpnt-cb-btn\" href=\"#\" data-borlabs-cookie-accept-service role=\"button\" style=\"display: none\">Aceptar el servicio requerido y desbloquear los contenidos<\/a> <\/div> <a class=\"brlbs-cmpnt-cb-provider-toggle\" href=\"#\" data-borlabs-cookie-show-provider-information role=\"button\">M\u00e1s informaci\u00f3n<\/a> <\/div><\/div>\n","protected":false},"excerpt":{"rendered":"<p>Nuestra calculadora de superficies &#8211; MYM2 \u00bfCu\u00e1nta tierra cultivable hay en mis alimentos? La calculadora de superficie MYM2 puede utilizarse para calcular cu\u00e1nta tierra cultivable se utiliza para las comidas. \u00bfC\u00f3mo funciona? Es muy sencillo: s\u00f3lo tienes que introducir los ingredientes utilizados en las cantidades correspondientes y se mostrar\u00e1 autom\u00e1ticamente la superficie necesaria. \u00a1Pero eso&#8230;<\/p>\n","protected":false},"author":1,"featured_media":12911,"parent":12898,"menu_order":22,"comment_status":"closed","ping_status":"closed","template":"","meta":{"footnotes":""},"class_list":["post-12910","page","type-page","status-publish","has-post-thumbnail"],"yoast_head":"<!-- This site is optimized with the Yoast SEO plugin v27.3 - https:\/\/yoast.com\/product\/yoast-seo-wordpress\/ -->\n<title>La calculadora de superficies - 2000m2<\/title>\n<meta name=\"robots\" content=\"index, follow, max-snippet:-1, max-image-preview:large, max-video-preview:-1\" \/>\n<link rel=\"canonical\" href=\"https:\/\/www.2000m2.eu\/es\/nuestras-ofertas\/la-calculadora-de-superficies\/\" \/>\n<meta property=\"og:locale\" content=\"es_ES\" \/>\n<meta property=\"og:type\" content=\"article\" \/>\n<meta property=\"og:title\" content=\"La calculadora de superficies - 2000m2\" \/>\n<meta property=\"og:description\" content=\"Nuestra calculadora de superficies &#8211; MYM2 \u00bfCu\u00e1nta tierra cultivable hay en mis alimentos? La calculadora de superficie MYM2 puede utilizarse para calcular cu\u00e1nta tierra cultivable se utiliza para las comidas. \u00bfC\u00f3mo funciona? Es muy sencillo: s\u00f3lo tienes que introducir los ingredientes utilizados en las cantidades correspondientes y se mostrar\u00e1 autom\u00e1ticamente la superficie necesaria. \u00a1Pero eso...\" \/>\n<meta property=\"og:url\" content=\"https:\/\/www.2000m2.eu\/es\/nuestras-ofertas\/la-calculadora-de-superficies\/\" \/>\n<meta property=\"og:site_name\" content=\"2000m2\" \/>\n<meta property=\"article:modified_time\" content=\"2025-08-02T16:44:01+00:00\" \/>\n<meta property=\"og:image\" content=\"https:\/\/www.2000m2.eu\/wp-content\/uploads\/Featured_Images_Flachenrechner.jpg\" \/>\n\t<meta property=\"og:image:width\" content=\"1800\" \/>\n\t<meta property=\"og:image:height\" content=\"180\" \/>\n\t<meta property=\"og:image:type\" content=\"image\/jpeg\" \/>\n<meta name=\"twitter:card\" content=\"summary_large_image\" \/>\n<meta name=\"twitter:label1\" content=\"Tiempo de lectura\" \/>\n\t<meta name=\"twitter:data1\" content=\"1 minuto\" \/>\n<script type=\"application\/ld+json\" class=\"yoast-schema-graph\">{\"@context\":\"https:\\\/\\\/schema.org\",\"@graph\":[{\"@type\":\"WebPage\",\"@id\":\"https:\\\/\\\/www.2000m2.eu\\\/es\\\/nuestras-ofertas\\\/la-calculadora-de-superficies\\\/\",\"url\":\"https:\\\/\\\/www.2000m2.eu\\\/es\\\/nuestras-ofertas\\\/la-calculadora-de-superficies\\\/\",\"name\":\"La calculadora de superficies - 2000m2\",\"isPartOf\":{\"@id\":\"https:\\\/\\\/www.2000m2.eu\\\/es\\\/#website\"},\"primaryImageOfPage\":{\"@id\":\"https:\\\/\\\/www.2000m2.eu\\\/es\\\/nuestras-ofertas\\\/la-calculadora-de-superficies\\\/#primaryimage\"},\"image\":{\"@id\":\"https:\\\/\\\/www.2000m2.eu\\\/es\\\/nuestras-ofertas\\\/la-calculadora-de-superficies\\\/#primaryimage\"},\"thumbnailUrl\":\"https:\\\/\\\/www.2000m2.eu\\\/wp-content\\\/uploads\\\/Featured_Images_Flachenrechner.jpg\",\"datePublished\":\"2024-09-17T11:51:01+00:00\",\"dateModified\":\"2025-08-02T16:44:01+00:00\",\"breadcrumb\":{\"@id\":\"https:\\\/\\\/www.2000m2.eu\\\/es\\\/nuestras-ofertas\\\/la-calculadora-de-superficies\\\/#breadcrumb\"},\"inLanguage\":\"es\",\"potentialAction\":[{\"@type\":\"ReadAction\",\"target\":[\"https:\\\/\\\/www.2000m2.eu\\\/es\\\/nuestras-ofertas\\\/la-calculadora-de-superficies\\\/\"]}]},{\"@type\":\"ImageObject\",\"inLanguage\":\"es\",\"@id\":\"https:\\\/\\\/www.2000m2.eu\\\/es\\\/nuestras-ofertas\\\/la-calculadora-de-superficies\\\/#primaryimage\",\"url\":\"https:\\\/\\\/www.2000m2.eu\\\/wp-content\\\/uploads\\\/Featured_Images_Flachenrechner.jpg\",\"contentUrl\":\"https:\\\/\\\/www.2000m2.eu\\\/wp-content\\\/uploads\\\/Featured_Images_Flachenrechner.jpg\",\"width\":1800,\"height\":180},{\"@type\":\"BreadcrumbList\",\"@id\":\"https:\\\/\\\/www.2000m2.eu\\\/es\\\/nuestras-ofertas\\\/la-calculadora-de-superficies\\\/#breadcrumb\",\"itemListElement\":[{\"@type\":\"ListItem\",\"position\":1,\"name\":\"Home\",\"item\":\"https:\\\/\\\/www.2000m2.eu\\\/es\\\/\"},{\"@type\":\"ListItem\",\"position\":2,\"name\":\"Nuestras ofertas\",\"item\":\"https:\\\/\\\/www.2000m2.eu\\\/es\\\/nuestras-ofertas\\\/\"},{\"@type\":\"ListItem\",\"position\":3,\"name\":\"La calculadora de superficies\"}]},{\"@type\":\"WebSite\",\"@id\":\"https:\\\/\\\/www.2000m2.eu\\\/es\\\/#website\",\"url\":\"https:\\\/\\\/www.2000m2.eu\\\/es\\\/\",\"name\":\"2000m2\",\"description\":\"\",\"publisher\":{\"@id\":\"https:\\\/\\\/www.2000m2.eu\\\/es\\\/#organization\"},\"potentialAction\":[{\"@type\":\"SearchAction\",\"target\":{\"@type\":\"EntryPoint\",\"urlTemplate\":\"https:\\\/\\\/www.2000m2.eu\\\/es\\\/?s={search_term_string}\"},\"query-input\":{\"@type\":\"PropertyValueSpecification\",\"valueRequired\":true,\"valueName\":\"search_term_string\"}}],\"inLanguage\":\"es\"},{\"@type\":\"Organization\",\"@id\":\"https:\\\/\\\/www.2000m2.eu\\\/es\\\/#organization\",\"name\":\"2000m2\",\"url\":\"https:\\\/\\\/www.2000m2.eu\\\/es\\\/\",\"logo\":{\"@type\":\"ImageObject\",\"inLanguage\":\"es\",\"@id\":\"https:\\\/\\\/www.2000m2.eu\\\/es\\\/#\\\/schema\\\/logo\\\/image\\\/\",\"url\":\"https:\\\/\\\/www.2000m2.eu\\\/wp-content\\\/uploads\\\/logo.png\",\"contentUrl\":\"https:\\\/\\\/www.2000m2.eu\\\/wp-content\\\/uploads\\\/logo.png\",\"width\":445,\"height\":140,\"caption\":\"2000m2\"},\"image\":{\"@id\":\"https:\\\/\\\/www.2000m2.eu\\\/es\\\/#\\\/schema\\\/logo\\\/image\\\/\"}}]}<\/script>\n<!-- \/ Yoast SEO plugin. -->","yoast_head_json":{"title":"La calculadora de superficies - 2000m2","robots":{"index":"index","follow":"follow","max-snippet":"max-snippet:-1","max-image-preview":"max-image-preview:large","max-video-preview":"max-video-preview:-1"},"canonical":"https:\/\/www.2000m2.eu\/es\/nuestras-ofertas\/la-calculadora-de-superficies\/","og_locale":"es_ES","og_type":"article","og_title":"La calculadora de superficies - 2000m2","og_description":"Nuestra calculadora de superficies &#8211; MYM2 \u00bfCu\u00e1nta tierra cultivable hay en mis alimentos? La calculadora de superficie MYM2 puede utilizarse para calcular cu\u00e1nta tierra cultivable se utiliza para las comidas. \u00bfC\u00f3mo funciona? Es muy sencillo: s\u00f3lo tienes que introducir los ingredientes utilizados en las cantidades correspondientes y se mostrar\u00e1 autom\u00e1ticamente la superficie necesaria. \u00a1Pero eso...","og_url":"https:\/\/www.2000m2.eu\/es\/nuestras-ofertas\/la-calculadora-de-superficies\/","og_site_name":"2000m2","article_modified_time":"2025-08-02T16:44:01+00:00","og_image":[{"width":1800,"height":180,"url":"https:\/\/www.2000m2.eu\/wp-content\/uploads\/Featured_Images_Flachenrechner.jpg","type":"image\/jpeg"}],"twitter_card":"summary_large_image","twitter_misc":{"Tiempo de lectura":"1 minuto"},"schema":{"@context":"https:\/\/schema.org","@graph":[{"@type":"WebPage","@id":"https:\/\/www.2000m2.eu\/es\/nuestras-ofertas\/la-calculadora-de-superficies\/","url":"https:\/\/www.2000m2.eu\/es\/nuestras-ofertas\/la-calculadora-de-superficies\/","name":"La calculadora de superficies - 2000m2","isPartOf":{"@id":"https:\/\/www.2000m2.eu\/es\/#website"},"primaryImageOfPage":{"@id":"https:\/\/www.2000m2.eu\/es\/nuestras-ofertas\/la-calculadora-de-superficies\/#primaryimage"},"image":{"@id":"https:\/\/www.2000m2.eu\/es\/nuestras-ofertas\/la-calculadora-de-superficies\/#primaryimage"},"thumbnailUrl":"https:\/\/www.2000m2.eu\/wp-content\/uploads\/Featured_Images_Flachenrechner.jpg","datePublished":"2024-09-17T11:51:01+00:00","dateModified":"2025-08-02T16:44:01+00:00","breadcrumb":{"@id":"https:\/\/www.2000m2.eu\/es\/nuestras-ofertas\/la-calculadora-de-superficies\/#breadcrumb"},"inLanguage":"es","potentialAction":[{"@type":"ReadAction","target":["https:\/\/www.2000m2.eu\/es\/nuestras-ofertas\/la-calculadora-de-superficies\/"]}]},{"@type":"ImageObject","inLanguage":"es","@id":"https:\/\/www.2000m2.eu\/es\/nuestras-ofertas\/la-calculadora-de-superficies\/#primaryimage","url":"https:\/\/www.2000m2.eu\/wp-content\/uploads\/Featured_Images_Flachenrechner.jpg","contentUrl":"https:\/\/www.2000m2.eu\/wp-content\/uploads\/Featured_Images_Flachenrechner.jpg","width":1800,"height":180},{"@type":"BreadcrumbList","@id":"https:\/\/www.2000m2.eu\/es\/nuestras-ofertas\/la-calculadora-de-superficies\/#breadcrumb","itemListElement":[{"@type":"ListItem","position":1,"name":"Home","item":"https:\/\/www.2000m2.eu\/es\/"},{"@type":"ListItem","position":2,"name":"Nuestras ofertas","item":"https:\/\/www.2000m2.eu\/es\/nuestras-ofertas\/"},{"@type":"ListItem","position":3,"name":"La calculadora de superficies"}]},{"@type":"WebSite","@id":"https:\/\/www.2000m2.eu\/es\/#website","url":"https:\/\/www.2000m2.eu\/es\/","name":"2000m2","description":"","publisher":{"@id":"https:\/\/www.2000m2.eu\/es\/#organization"},"potentialAction":[{"@type":"SearchAction","target":{"@type":"EntryPoint","urlTemplate":"https:\/\/www.2000m2.eu\/es\/?s={search_term_string}"},"query-input":{"@type":"PropertyValueSpecification","valueRequired":true,"valueName":"search_term_string"}}],"inLanguage":"es"},{"@type":"Organization","@id":"https:\/\/www.2000m2.eu\/es\/#organization","name":"2000m2","url":"https:\/\/www.2000m2.eu\/es\/","logo":{"@type":"ImageObject","inLanguage":"es","@id":"https:\/\/www.2000m2.eu\/es\/#\/schema\/logo\/image\/","url":"https:\/\/www.2000m2.eu\/wp-content\/uploads\/logo.png","contentUrl":"https:\/\/www.2000m2.eu\/wp-content\/uploads\/logo.png","width":445,"height":140,"caption":"2000m2"},"image":{"@id":"https:\/\/www.2000m2.eu\/es\/#\/schema\/logo\/image\/"}}]}},"_links":{"self":[{"href":"https:\/\/www.2000m2.eu\/es\/wp-json\/wp\/v2\/pages\/12910","targetHints":{"allow":["GET"]}}],"collection":[{"href":"https:\/\/www.2000m2.eu\/es\/wp-json\/wp\/v2\/pages"}],"about":[{"href":"https:\/\/www.2000m2.eu\/es\/wp-json\/wp\/v2\/types\/page"}],"author":[{"embeddable":true,"href":"https:\/\/www.2000m2.eu\/es\/wp-json\/wp\/v2\/users\/1"}],"replies":[{"embeddable":true,"href":"https:\/\/www.2000m2.eu\/es\/wp-json\/wp\/v2\/comments?post=12910"}],"version-history":[{"count":1,"href":"https:\/\/www.2000m2.eu\/es\/wp-json\/wp\/v2\/pages\/12910\/revisions"}],"predecessor-version":[{"id":12913,"href":"https:\/\/www.2000m2.eu\/es\/wp-json\/wp\/v2\/pages\/12910\/revisions\/12913"}],"up":[{"embeddable":true,"href":"https:\/\/www.2000m2.eu\/es\/wp-json\/wp\/v2\/pages\/12898"}],"wp:featuredmedia":[{"embeddable":true,"href":"https:\/\/www.2000m2.eu\/es\/wp-json\/wp\/v2\/media\/12911"}],"wp:attachment":[{"href":"https:\/\/www.2000m2.eu\/es\/wp-json\/wp\/v2\/media?parent=12910"}],"curies":[{"name":"wp","href":"https:\/\/api.w.org\/{rel}","templated":true}]}}