{"id":12914,"date":"2024-09-17T11:51:34","date_gmt":"2024-09-17T11:51:34","guid":{"rendered":"https:\/\/www.2000m2.eu\/nuestras-ofertas\/el-buffet-de-superficie\/"},"modified":"2025-08-02T16:52:04","modified_gmt":"2025-08-02T16:52:04","slug":"el-buffet-de-superficie","status":"publish","type":"page","link":"https:\/\/www.2000m2.eu\/es\/nuestras-ofertas\/el-buffet-de-superficie\/","title":{"rendered":"El buffet de superficie"},"content":{"rendered":"\n<h1 class=\"wp-block-heading\">Nuestro buffet de superficie<\/h1>\n\n<h2 class=\"wp-block-heading\">\u00bfCu\u00e1nta tierra cultivable hay en tu plato?<\/h2>\n\n<p>\u00a1Pon la mesa! \u00bfCu\u00e1nta superficie necesita un schnitzel con patatas fritas y cu\u00e1nta una raci\u00f3n de espaguetis con salsa de tomate? \u00bfY a cu\u00e1nto asciende un vaso de cerveza o de zumo de manzana? El buffet de superficies muestra cu\u00e1nta tierra cultivable necesitan todos los ingredientes de los distintos platos. Para visualizarlo, hemos cultivado todos los ingredientes de los platos juntos en un mismo lugar. En la vida real, estos ingredientes suelen crecer a miles de kil\u00f3metros de distancia.     <\/p>\n\n<p>El grano para la harina de panader\u00eda y diversas verduras proceden del campo, por supuesto. Pero, \u00bfqu\u00e9 tiene que ver el schnitzel con el campo? En nuestro buffet de tierra crece mucha soja, como forraje ejemplar para productos animales (leche, queso, carne de cerdo). Un kilo de carne de cerdo, por ejemplo, requiere algo menos de nueve metros cuadrados de tierra cultivable. \u00a1Podr\u00edamos cosechar casi 18 kg de patatas en la misma superficie!    <\/p>\n<style>.kb-gallery-id-63_7e6b7a-19.kb-gallery-ul.kb-gallery-type-fluidcarousel .kt-blocks-carousel figure .kb-gal-image-radius, .kb-gallery-id-63_7e6b7a-19.kb-gallery-ul.kb-gallery-type-fluidcarousel .kt-blocks-carousel figure .kb-gal-image-radius img{height:300px;}.kb-gallery-id-63_7e6b7a-19 .kadence-blocks-gallery-item .kb-gal-image-radius, .kb-gallery-id-63_7e6b7a-19 .kb-slide-item .kb-gal-image-radius img{border-radius:0px 0px 0px 0px;;}.kb-gallery-wrap-id-63_7e6b7a-19.wp-block-kadence-advancedgallery{overflow:visible;}.kb-gallery-wrap-id-63_7e6b7a-19.wp-block-kadence-advancedgallery .kt-blocks-carousel{overflow:visible;max-width:100%;}<\/style><div class=\"kb-gallery-wrap-id-63_7e6b7a-19 alignnone wp-block-kadence-advancedgallery\"><div class=\"kb-gallery-ul kb-gallery-non-static kb-gallery-type-fluidcarousel kb-gallery-id-63_7e6b7a-19 kb-gallery-caption-style-bottom-hover kb-gallery-filter-none\" data-image-filter=\"none\" data-lightbox-caption=\"true\"><div class=\"kt-blocks-carousel kt-carousel-container-dotstyle-dark\"><div class=\"kt-blocks-carousel-init kb-blocks-fluid-carousel kt-carousel-arrowstyle-whiteondark kt-carousel-dotstyle-dark kb-slider-group-arrow kb-slider-arrow-position-center\" data-slider-anim-speed=\"400\" data-slider-scroll=\"1\" data-slider-arrows=\"true\" data-slider-dots=\"true\" data-slider-hover-pause=\"false\" data-slider-auto=\"\" data-slider-speed=\"7000\" data-slider-type=\"fluidcarousel\" data-slider-center-mode=\"true\" data-slider-gap=\"10px\" data-slider-gap-tablet=\"10px\" data-slider-gap-mobile=\"10px\" data-show-pause-button=\"false\"><li class=\"kb-slide-item kb-gallery-carousel-item\"><div class=\"kadence-blocks-gallery-item\"><div class=\"kadence-blocks-gallery-item-inner\"><figure class=\"kb-gallery-figure kadence-blocks-gallery-item-hide-caption\"><div class=\"kb-gal-image-radius\"><div class=\"kb-gallery-image-contain\" ><img decoding=\"async\" src=\"https:\/\/www.2000m2.eu\/wp-content\/uploads\/20170612_092649-min.jpg\" width=\"337\" height=\"600\" alt=\"\" data-full-image=\"https:\/\/www.2000m2.eu\/wp-content\/uploads\/20170612_092649-min.jpg\" data-light-image=\"https:\/\/www.2000m2.eu\/wp-content\/uploads\/20170612_092649-min.jpg\" data-id=\"2689\" class=\"wp-image-2689 skip-lazy\" srcset=\"https:\/\/www.2000m2.eu\/wp-content\/uploads\/20170612_092649-min.jpg 337w, https:\/\/www.2000m2.eu\/wp-content\/uploads\/20170612_092649-min-169x300.jpg 169w\" sizes=\"(max-width: 337px) 100vw, 337px\" \/><\/div><\/div><\/figure><\/div><\/div><\/li><li class=\"kb-slide-item kb-gallery-carousel-item\"><div class=\"kadence-blocks-gallery-item\"><div class=\"kadence-blocks-gallery-item-inner\"><figure class=\"kb-gallery-figure kadence-blocks-gallery-item-hide-caption\"><div class=\"kb-gal-image-radius\"><div class=\"kb-gallery-image-contain\" ><img decoding=\"async\" src=\"https:\/\/www.2000m2.eu\/wp-content\/uploads\/20170613_152724-min.jpg\" width=\"950\" height=\"534\" alt=\"\" data-full-image=\"https:\/\/www.2000m2.eu\/wp-content\/uploads\/20170613_152724-min.jpg\" data-light-image=\"https:\/\/www.2000m2.eu\/wp-content\/uploads\/20170613_152724-min.jpg\" data-id=\"2691\" class=\"wp-image-2691 skip-lazy\" srcset=\"https:\/\/www.2000m2.eu\/wp-content\/uploads\/20170613_152724-min.jpg 950w, https:\/\/www.2000m2.eu\/wp-content\/uploads\/20170613_152724-min-300x169.jpg 300w, https:\/\/www.2000m2.eu\/wp-content\/uploads\/20170613_152724-min-768x432.jpg 768w\" sizes=\"(max-width: 950px) 100vw, 950px\" \/><\/div><\/div><\/figure><\/div><\/div><\/li><li class=\"kb-slide-item kb-gallery-carousel-item\"><div class=\"kadence-blocks-gallery-item\"><div class=\"kadence-blocks-gallery-item-inner\"><figure class=\"kb-gallery-figure kadence-blocks-gallery-item-hide-caption\"><div class=\"kb-gal-image-radius\"><div class=\"kb-gallery-image-contain\" ><img decoding=\"async\" src=\"https:\/\/www.2000m2.eu\/wp-content\/uploads\/20170619_121216-min.jpg\" width=\"950\" height=\"534\" alt=\"\" data-full-image=\"https:\/\/www.2000m2.eu\/wp-content\/uploads\/20170619_121216-min.jpg\" data-light-image=\"https:\/\/www.2000m2.eu\/wp-content\/uploads\/20170619_121216-min.jpg\" data-id=\"2693\" class=\"wp-image-2693 skip-lazy\" srcset=\"https:\/\/www.2000m2.eu\/wp-content\/uploads\/20170619_121216-min.jpg 950w, https:\/\/www.2000m2.eu\/wp-content\/uploads\/20170619_121216-min-300x169.jpg 300w, https:\/\/www.2000m2.eu\/wp-content\/uploads\/20170619_121216-min-768x432.jpg 768w\" sizes=\"(max-width: 950px) 100vw, 950px\" \/><\/div><\/div><\/figure><\/div><\/div><\/li><li class=\"kb-slide-item kb-gallery-carousel-item\"><div class=\"kadence-blocks-gallery-item\"><div class=\"kadence-blocks-gallery-item-inner\"><figure class=\"kb-gallery-figure kadence-blocks-gallery-item-hide-caption\"><div class=\"kb-gal-image-radius\"><div class=\"kb-gallery-image-contain\" ><img decoding=\"async\" src=\"https:\/\/www.2000m2.eu\/wp-content\/uploads\/20170619_121343-min-1.jpg\" width=\"337\" height=\"600\" alt=\"\" data-full-image=\"https:\/\/www.2000m2.eu\/wp-content\/uploads\/20170619_121343-min-1.jpg\" data-light-image=\"https:\/\/www.2000m2.eu\/wp-content\/uploads\/20170619_121343-min-1.jpg\" data-id=\"2695\" class=\"wp-image-2695 skip-lazy\" srcset=\"https:\/\/www.2000m2.eu\/wp-content\/uploads\/20170619_121343-min-1.jpg 337w, https:\/\/www.2000m2.eu\/wp-content\/uploads\/20170619_121343-min-1-169x300.jpg 169w\" sizes=\"(max-width: 337px) 100vw, 337px\" \/><\/div><\/div><\/figure><\/div><\/div><\/li><\/div><\/div><\/div><\/div>\n<p>En muchos de los Campos Globales y en otros muchos lugares, se est\u00e1n plantando buffets de superficie para cultivar los ingredientes de deliciosos platos. Adem\u00e1s de pasta y schnitzel, tambi\u00e9n puedes descubrir kebabs, falafel, muesli y pizza, por ejemplo. \u00bfSabes qu\u00e9 necesitas cultivar para cocinar estos platos? \u00bfY cu\u00e1nto espacio crees que necesitas para tu comida?   <\/p>\n\n<p>Si quieres explorar estas cuestiones, \u00bfpor qu\u00e9 no visitas un Campo Global o echas un vistazo a nuestra <a href=\"http:\/\/www.mym2.de\">calculadora de superficie<\/a>? Aqu\u00ed tambi\u00e9n puedes calcular cu\u00e1nta superficie consumes al d\u00eda. \u00bfTe bastan 2000 m\u00b2?   <\/p>\n\n<h2 class=\"wp-block-heading\">Crea tu propio buffet de superficie<\/h2>\n\n<p>Los buffets de superficie son peque\u00f1as instalaciones educativas que no s\u00f3lo quedan bien en los Campos Globales, sino tambi\u00e9n en jardines escolares, centros educativos o espacios p\u00fablicos, por ejemplo. \u00bfQuiz\u00e1 las franjas verdes y los parques de tu ciudad puedan dise\u00f1arse de forma creativa con buffets de superficie? Si est\u00e1s pensando en cultivar tu propio buffet, estaremos encantados de enviarte instrucciones, planes de cultivo y todos los materiales que necesites, como plantillas para imprimir. \u00a1Ponte en <a href=\"https:\/\/www.2000m2.eu\/about\/contact\/\">contacto con nosotros<\/a>!   <\/p>\n\n<p><\/p>\n","protected":false},"excerpt":{"rendered":"<p>Nuestro buffet de superficie \u00bfCu\u00e1nta tierra cultivable hay en tu plato? \u00a1Pon la mesa! \u00bfCu\u00e1nta superficie necesita un schnitzel con patatas fritas y cu\u00e1nta una raci\u00f3n de espaguetis con salsa de tomate? \u00bfY a cu\u00e1nto asciende un vaso de cerveza o de zumo de manzana? El buffet de superficies muestra cu\u00e1nta tierra cultivable necesitan todos&#8230;<\/p>\n","protected":false},"author":1,"featured_media":12915,"parent":12898,"menu_order":26,"comment_status":"closed","ping_status":"closed","template":"","meta":{"footnotes":""},"class_list":["post-12914","page","type-page","status-publish","has-post-thumbnail"],"yoast_head":"<!-- This site is optimized with the Yoast SEO plugin v27.3 - https:\/\/yoast.com\/product\/yoast-seo-wordpress\/ -->\n<title>El buffet de superficie - 2000m2<\/title>\n<meta name=\"robots\" content=\"index, follow, max-snippet:-1, max-image-preview:large, max-video-preview:-1\" \/>\n<link rel=\"canonical\" href=\"https:\/\/www.2000m2.eu\/es\/nuestras-ofertas\/el-buffet-de-superficie\/\" \/>\n<meta property=\"og:locale\" content=\"es_ES\" \/>\n<meta property=\"og:type\" content=\"article\" \/>\n<meta property=\"og:title\" content=\"El buffet de superficie - 2000m2\" \/>\n<meta property=\"og:description\" content=\"Nuestro buffet de superficie \u00bfCu\u00e1nta tierra cultivable hay en tu plato? \u00a1Pon la mesa! \u00bfCu\u00e1nta superficie necesita un schnitzel con patatas fritas y cu\u00e1nta una raci\u00f3n de espaguetis con salsa de tomate? \u00bfY a cu\u00e1nto asciende un vaso de cerveza o de zumo de manzana? El buffet de superficies muestra cu\u00e1nta tierra cultivable necesitan todos...\" \/>\n<meta property=\"og:url\" content=\"https:\/\/www.2000m2.eu\/es\/nuestras-ofertas\/el-buffet-de-superficie\/\" \/>\n<meta property=\"og:site_name\" content=\"2000m2\" \/>\n<meta property=\"article:modified_time\" content=\"2025-08-02T16:52:04+00:00\" \/>\n<meta property=\"og:image\" content=\"https:\/\/www.2000m2.eu\/wp-content\/uploads\/Featured_Images_Flachenbuffet.jpg\" \/>\n\t<meta property=\"og:image:width\" content=\"1800\" \/>\n\t<meta property=\"og:image:height\" content=\"180\" \/>\n\t<meta property=\"og:image:type\" content=\"image\/jpeg\" \/>\n<meta name=\"twitter:card\" content=\"summary_large_image\" \/>\n<meta name=\"twitter:label1\" content=\"Tiempo de lectura\" \/>\n\t<meta name=\"twitter:data1\" content=\"2 minutos\" \/>\n<script type=\"application\/ld+json\" class=\"yoast-schema-graph\">{\"@context\":\"https:\\\/\\\/schema.org\",\"@graph\":[{\"@type\":\"WebPage\",\"@id\":\"https:\\\/\\\/www.2000m2.eu\\\/es\\\/nuestras-ofertas\\\/el-buffet-de-superficie\\\/\",\"url\":\"https:\\\/\\\/www.2000m2.eu\\\/es\\\/nuestras-ofertas\\\/el-buffet-de-superficie\\\/\",\"name\":\"El buffet de superficie - 2000m2\",\"isPartOf\":{\"@id\":\"https:\\\/\\\/www.2000m2.eu\\\/es\\\/#website\"},\"primaryImageOfPage\":{\"@id\":\"https:\\\/\\\/www.2000m2.eu\\\/es\\\/nuestras-ofertas\\\/el-buffet-de-superficie\\\/#primaryimage\"},\"image\":{\"@id\":\"https:\\\/\\\/www.2000m2.eu\\\/es\\\/nuestras-ofertas\\\/el-buffet-de-superficie\\\/#primaryimage\"},\"thumbnailUrl\":\"https:\\\/\\\/www.2000m2.eu\\\/wp-content\\\/uploads\\\/Featured_Images_Flachenbuffet.jpg\",\"datePublished\":\"2024-09-17T11:51:34+00:00\",\"dateModified\":\"2025-08-02T16:52:04+00:00\",\"breadcrumb\":{\"@id\":\"https:\\\/\\\/www.2000m2.eu\\\/es\\\/nuestras-ofertas\\\/el-buffet-de-superficie\\\/#breadcrumb\"},\"inLanguage\":\"es\",\"potentialAction\":[{\"@type\":\"ReadAction\",\"target\":[\"https:\\\/\\\/www.2000m2.eu\\\/es\\\/nuestras-ofertas\\\/el-buffet-de-superficie\\\/\"]}]},{\"@type\":\"ImageObject\",\"inLanguage\":\"es\",\"@id\":\"https:\\\/\\\/www.2000m2.eu\\\/es\\\/nuestras-ofertas\\\/el-buffet-de-superficie\\\/#primaryimage\",\"url\":\"https:\\\/\\\/www.2000m2.eu\\\/wp-content\\\/uploads\\\/Featured_Images_Flachenbuffet.jpg\",\"contentUrl\":\"https:\\\/\\\/www.2000m2.eu\\\/wp-content\\\/uploads\\\/Featured_Images_Flachenbuffet.jpg\",\"width\":1800,\"height\":180},{\"@type\":\"BreadcrumbList\",\"@id\":\"https:\\\/\\\/www.2000m2.eu\\\/es\\\/nuestras-ofertas\\\/el-buffet-de-superficie\\\/#breadcrumb\",\"itemListElement\":[{\"@type\":\"ListItem\",\"position\":1,\"name\":\"Home\",\"item\":\"https:\\\/\\\/www.2000m2.eu\\\/es\\\/\"},{\"@type\":\"ListItem\",\"position\":2,\"name\":\"Nuestras ofertas\",\"item\":\"https:\\\/\\\/www.2000m2.eu\\\/es\\\/nuestras-ofertas\\\/\"},{\"@type\":\"ListItem\",\"position\":3,\"name\":\"El buffet de superficie\"}]},{\"@type\":\"WebSite\",\"@id\":\"https:\\\/\\\/www.2000m2.eu\\\/es\\\/#website\",\"url\":\"https:\\\/\\\/www.2000m2.eu\\\/es\\\/\",\"name\":\"2000m2\",\"description\":\"\",\"publisher\":{\"@id\":\"https:\\\/\\\/www.2000m2.eu\\\/es\\\/#organization\"},\"potentialAction\":[{\"@type\":\"SearchAction\",\"target\":{\"@type\":\"EntryPoint\",\"urlTemplate\":\"https:\\\/\\\/www.2000m2.eu\\\/es\\\/?s={search_term_string}\"},\"query-input\":{\"@type\":\"PropertyValueSpecification\",\"valueRequired\":true,\"valueName\":\"search_term_string\"}}],\"inLanguage\":\"es\"},{\"@type\":\"Organization\",\"@id\":\"https:\\\/\\\/www.2000m2.eu\\\/es\\\/#organization\",\"name\":\"2000m2\",\"url\":\"https:\\\/\\\/www.2000m2.eu\\\/es\\\/\",\"logo\":{\"@type\":\"ImageObject\",\"inLanguage\":\"es\",\"@id\":\"https:\\\/\\\/www.2000m2.eu\\\/es\\\/#\\\/schema\\\/logo\\\/image\\\/\",\"url\":\"https:\\\/\\\/www.2000m2.eu\\\/wp-content\\\/uploads\\\/logo.png\",\"contentUrl\":\"https:\\\/\\\/www.2000m2.eu\\\/wp-content\\\/uploads\\\/logo.png\",\"width\":445,\"height\":140,\"caption\":\"2000m2\"},\"image\":{\"@id\":\"https:\\\/\\\/www.2000m2.eu\\\/es\\\/#\\\/schema\\\/logo\\\/image\\\/\"}}]}<\/script>\n<!-- \/ Yoast SEO plugin. -->","yoast_head_json":{"title":"El buffet de superficie - 2000m2","robots":{"index":"index","follow":"follow","max-snippet":"max-snippet:-1","max-image-preview":"max-image-preview:large","max-video-preview":"max-video-preview:-1"},"canonical":"https:\/\/www.2000m2.eu\/es\/nuestras-ofertas\/el-buffet-de-superficie\/","og_locale":"es_ES","og_type":"article","og_title":"El buffet de superficie - 2000m2","og_description":"Nuestro buffet de superficie \u00bfCu\u00e1nta tierra cultivable hay en tu plato? \u00a1Pon la mesa! \u00bfCu\u00e1nta superficie necesita un schnitzel con patatas fritas y cu\u00e1nta una raci\u00f3n de espaguetis con salsa de tomate? \u00bfY a cu\u00e1nto asciende un vaso de cerveza o de zumo de manzana? El buffet de superficies muestra cu\u00e1nta tierra cultivable necesitan todos...","og_url":"https:\/\/www.2000m2.eu\/es\/nuestras-ofertas\/el-buffet-de-superficie\/","og_site_name":"2000m2","article_modified_time":"2025-08-02T16:52:04+00:00","og_image":[{"width":1800,"height":180,"url":"https:\/\/www.2000m2.eu\/wp-content\/uploads\/Featured_Images_Flachenbuffet.jpg","type":"image\/jpeg"}],"twitter_card":"summary_large_image","twitter_misc":{"Tiempo de lectura":"2 minutos"},"schema":{"@context":"https:\/\/schema.org","@graph":[{"@type":"WebPage","@id":"https:\/\/www.2000m2.eu\/es\/nuestras-ofertas\/el-buffet-de-superficie\/","url":"https:\/\/www.2000m2.eu\/es\/nuestras-ofertas\/el-buffet-de-superficie\/","name":"El buffet de superficie - 2000m2","isPartOf":{"@id":"https:\/\/www.2000m2.eu\/es\/#website"},"primaryImageOfPage":{"@id":"https:\/\/www.2000m2.eu\/es\/nuestras-ofertas\/el-buffet-de-superficie\/#primaryimage"},"image":{"@id":"https:\/\/www.2000m2.eu\/es\/nuestras-ofertas\/el-buffet-de-superficie\/#primaryimage"},"thumbnailUrl":"https:\/\/www.2000m2.eu\/wp-content\/uploads\/Featured_Images_Flachenbuffet.jpg","datePublished":"2024-09-17T11:51:34+00:00","dateModified":"2025-08-02T16:52:04+00:00","breadcrumb":{"@id":"https:\/\/www.2000m2.eu\/es\/nuestras-ofertas\/el-buffet-de-superficie\/#breadcrumb"},"inLanguage":"es","potentialAction":[{"@type":"ReadAction","target":["https:\/\/www.2000m2.eu\/es\/nuestras-ofertas\/el-buffet-de-superficie\/"]}]},{"@type":"ImageObject","inLanguage":"es","@id":"https:\/\/www.2000m2.eu\/es\/nuestras-ofertas\/el-buffet-de-superficie\/#primaryimage","url":"https:\/\/www.2000m2.eu\/wp-content\/uploads\/Featured_Images_Flachenbuffet.jpg","contentUrl":"https:\/\/www.2000m2.eu\/wp-content\/uploads\/Featured_Images_Flachenbuffet.jpg","width":1800,"height":180},{"@type":"BreadcrumbList","@id":"https:\/\/www.2000m2.eu\/es\/nuestras-ofertas\/el-buffet-de-superficie\/#breadcrumb","itemListElement":[{"@type":"ListItem","position":1,"name":"Home","item":"https:\/\/www.2000m2.eu\/es\/"},{"@type":"ListItem","position":2,"name":"Nuestras ofertas","item":"https:\/\/www.2000m2.eu\/es\/nuestras-ofertas\/"},{"@type":"ListItem","position":3,"name":"El buffet de superficie"}]},{"@type":"WebSite","@id":"https:\/\/www.2000m2.eu\/es\/#website","url":"https:\/\/www.2000m2.eu\/es\/","name":"2000m2","description":"","publisher":{"@id":"https:\/\/www.2000m2.eu\/es\/#organization"},"potentialAction":[{"@type":"SearchAction","target":{"@type":"EntryPoint","urlTemplate":"https:\/\/www.2000m2.eu\/es\/?s={search_term_string}"},"query-input":{"@type":"PropertyValueSpecification","valueRequired":true,"valueName":"search_term_string"}}],"inLanguage":"es"},{"@type":"Organization","@id":"https:\/\/www.2000m2.eu\/es\/#organization","name":"2000m2","url":"https:\/\/www.2000m2.eu\/es\/","logo":{"@type":"ImageObject","inLanguage":"es","@id":"https:\/\/www.2000m2.eu\/es\/#\/schema\/logo\/image\/","url":"https:\/\/www.2000m2.eu\/wp-content\/uploads\/logo.png","contentUrl":"https:\/\/www.2000m2.eu\/wp-content\/uploads\/logo.png","width":445,"height":140,"caption":"2000m2"},"image":{"@id":"https:\/\/www.2000m2.eu\/es\/#\/schema\/logo\/image\/"}}]}},"_links":{"self":[{"href":"https:\/\/www.2000m2.eu\/es\/wp-json\/wp\/v2\/pages\/12914","targetHints":{"allow":["GET"]}}],"collection":[{"href":"https:\/\/www.2000m2.eu\/es\/wp-json\/wp\/v2\/pages"}],"about":[{"href":"https:\/\/www.2000m2.eu\/es\/wp-json\/wp\/v2\/types\/page"}],"author":[{"embeddable":true,"href":"https:\/\/www.2000m2.eu\/es\/wp-json\/wp\/v2\/users\/1"}],"replies":[{"embeddable":true,"href":"https:\/\/www.2000m2.eu\/es\/wp-json\/wp\/v2\/comments?post=12914"}],"version-history":[{"count":1,"href":"https:\/\/www.2000m2.eu\/es\/wp-json\/wp\/v2\/pages\/12914\/revisions"}],"predecessor-version":[{"id":12921,"href":"https:\/\/www.2000m2.eu\/es\/wp-json\/wp\/v2\/pages\/12914\/revisions\/12921"}],"up":[{"embeddable":true,"href":"https:\/\/www.2000m2.eu\/es\/wp-json\/wp\/v2\/pages\/12898"}],"wp:featuredmedia":[{"embeddable":true,"href":"https:\/\/www.2000m2.eu\/es\/wp-json\/wp\/v2\/media\/12915"}],"wp:attachment":[{"href":"https:\/\/www.2000m2.eu\/es\/wp-json\/wp\/v2\/media?parent=12914"}],"curies":[{"name":"wp","href":"https:\/\/api.w.org\/{rel}","templated":true}]}}