{"id":12967,"date":"2024-09-11T12:00:31","date_gmt":"2024-09-11T12:00:31","guid":{"rendered":"https:\/\/www.2000m2.eu\/nuestras-ofertas\/prensa-y-material\/"},"modified":"2025-08-02T17:06:35","modified_gmt":"2025-08-02T17:06:35","slug":"prensa-y-material","status":"publish","type":"page","link":"https:\/\/www.2000m2.eu\/es\/nuestras-ofertas\/prensa-y-material\/","title":{"rendered":"Prensa y material"},"content":{"rendered":"\n<h1 class=\"wp-block-heading\">Material<\/h1>\n\n<p>Te invitamos a que nos pidas nuestro folleto sobre el Campo Global. S\u00f3lo tienes que enviarnos un correo electr\u00f3nico con tu direcci\u00f3n y decirnos cu\u00e1ntos ejemplares necesitas. Estaremos encantados de recibir un peque\u00f1o donativo por los folletos.   <\/p>\n\n<div data-wp-interactive=\"core\/file\" class=\"wp-block-file has-link-color wp-elements-795bbe246e4eb013d45f0b56b92b41bd\"><object data-wp-bind--hidden=\"!state.hasPdfPreview\" hidden class=\"wp-block-file__embed\" data=\"https:\/\/www.2000m2.eu\/wp-content\/uploads\/Weltacker_Broschure_2024_web.pdf\" type=\"application\/pdf\" style=\"width:100%;height:600px\" aria-label=\"Incrustado de Weltacker_Broschure_2024_web.\"><\/object><a id=\"wp-block-file--media-b0218444-5859-4c0a-a583-a20ac86c0c55\" href=\"https:\/\/www.2000m2.eu\/wp-content\/uploads\/Weltacker_Broschure_2024_web.pdf\">World_tiller_brochure_2024_web<\/a><a href=\"https:\/\/www.2000m2.eu\/wp-content\/uploads\/Weltacker_Broschure_2024_web.pdf\" class=\"wp-block-file__button wp-element-button\" download=\"\" aria-describedby=\"wp-block-file--media-b0218444-5859-4c0a-a583-a20ac86c0c55\">descargar<\/a><\/div>\n\n<p><\/p>\n\n<p>El Campo Global Suiza ha desarrollado el fant\u00e1stico libro infantil \u00abLina im Bohnengl\u00fcck\u00bb. Tambi\u00e9n puedes conseguir este libro a trav\u00e9s de nosotros.  <\/p>\n\n<div data-wp-interactive=\"core\/file\" class=\"wp-block-file\"><object data-wp-bind--hidden=\"!state.hasPdfPreview\" hidden class=\"wp-block-file__embed\" data=\"https:\/\/www.2000m2.eu\/wp-content\/uploads\/Lina-im-Bohnenglueck_Umschlag.pdf\" type=\"application\/pdf\" style=\"width:100%;height:600px\" aria-label=\"Incrustado de Lina im Bohnenglueck_Umschlag.\"><\/object><a id=\"wp-block-file--media-030874bb-93cd-4689-b862-d2acbd868f86\" href=\"https:\/\/www.2000m2.eu\/wp-content\/uploads\/Lina-im-Bohnenglueck_Umschlag.pdf\">Lina en frijol felicidad_sobre<\/a><a href=\"https:\/\/www.2000m2.eu\/wp-content\/uploads\/Lina-im-Bohnenglueck_Umschlag.pdf\" class=\"wp-block-file__button wp-element-button\" download=\"\" aria-describedby=\"wp-block-file--media-030874bb-93cd-4689-b862-d2acbd868f86\">descargar<\/a><\/div>\n\n<p>Tambi\u00e9n puedes obtener de nosotros otro material informativo, como carteles, postales u otros obsequios. <\/p>\n\n<p>Pronto encontrar\u00e1s tambi\u00e9n aqu\u00ed una colecci\u00f3n de fotos que podr\u00e1s utilizar para art\u00edculos y publicaciones sobre el Campo Global. Por favor, respeta siempre los derechos de autor de las fotos e ind\u00edcalos al utilizarlas. Si necesitas las fotos en alta resoluci\u00f3n, escr\u00edbenos a <a href=\"mailto:info@2000m2.eu\">info@2000m2.eu.<\/a>   <\/p>\n\n<p><\/p>\n","protected":false},"excerpt":{"rendered":"<p>Material Te invitamos a que nos pidas nuestro folleto sobre el Campo Global. S\u00f3lo tienes que enviarnos un correo electr\u00f3nico con tu direcci\u00f3n y decirnos cu\u00e1ntos ejemplares necesitas. Estaremos encantados de recibir un peque\u00f1o donativo por los folletos. El Campo Global Suiza ha desarrollado el fant\u00e1stico libro infantil \u00abLina im Bohnengl\u00fcck\u00bb. Tambi\u00e9n puedes conseguir este&#8230;<\/p>\n","protected":false},"author":1,"featured_media":12968,"parent":12898,"menu_order":29,"comment_status":"closed","ping_status":"closed","template":"","meta":{"footnotes":""},"class_list":["post-12967","page","type-page","status-publish","has-post-thumbnail"],"yoast_head":"<!-- This site is optimized with the Yoast SEO plugin v27.3 - https:\/\/yoast.com\/product\/yoast-seo-wordpress\/ -->\n<title>Prensa y material - 2000m2<\/title>\n<meta name=\"robots\" content=\"index, follow, max-snippet:-1, max-image-preview:large, max-video-preview:-1\" \/>\n<link rel=\"canonical\" href=\"https:\/\/www.2000m2.eu\/es\/nuestras-ofertas\/prensa-y-material\/\" \/>\n<meta property=\"og:locale\" content=\"es_ES\" \/>\n<meta property=\"og:type\" content=\"article\" \/>\n<meta property=\"og:title\" content=\"Prensa y material - 2000m2\" \/>\n<meta property=\"og:description\" content=\"Material Te invitamos a que nos pidas nuestro folleto sobre el Campo Global. S\u00f3lo tienes que enviarnos un correo electr\u00f3nico con tu direcci\u00f3n y decirnos cu\u00e1ntos ejemplares necesitas. Estaremos encantados de recibir un peque\u00f1o donativo por los folletos. El Campo Global Suiza ha desarrollado el fant\u00e1stico libro infantil \u00abLina im Bohnengl\u00fcck\u00bb. Tambi\u00e9n puedes conseguir este...\" \/>\n<meta property=\"og:url\" content=\"https:\/\/www.2000m2.eu\/es\/nuestras-ofertas\/prensa-y-material\/\" \/>\n<meta property=\"og:site_name\" content=\"2000m2\" \/>\n<meta property=\"article:modified_time\" content=\"2025-08-02T17:06:35+00:00\" \/>\n<meta property=\"og:image\" content=\"https:\/\/www.2000m2.eu\/wp-content\/uploads\/Featured_Images_Material.jpg\" \/>\n\t<meta property=\"og:image:width\" content=\"1800\" \/>\n\t<meta property=\"og:image:height\" content=\"180\" \/>\n\t<meta property=\"og:image:type\" content=\"image\/jpeg\" \/>\n<meta name=\"twitter:card\" content=\"summary_large_image\" \/>\n<meta name=\"twitter:label1\" content=\"Tiempo de lectura\" \/>\n\t<meta name=\"twitter:data1\" content=\"1 minuto\" \/>\n<script type=\"application\/ld+json\" class=\"yoast-schema-graph\">{\"@context\":\"https:\\\/\\\/schema.org\",\"@graph\":[{\"@type\":\"WebPage\",\"@id\":\"https:\\\/\\\/www.2000m2.eu\\\/es\\\/nuestras-ofertas\\\/prensa-y-material\\\/\",\"url\":\"https:\\\/\\\/www.2000m2.eu\\\/es\\\/nuestras-ofertas\\\/prensa-y-material\\\/\",\"name\":\"Prensa y material - 2000m2\",\"isPartOf\":{\"@id\":\"https:\\\/\\\/www.2000m2.eu\\\/es\\\/#website\"},\"primaryImageOfPage\":{\"@id\":\"https:\\\/\\\/www.2000m2.eu\\\/es\\\/nuestras-ofertas\\\/prensa-y-material\\\/#primaryimage\"},\"image\":{\"@id\":\"https:\\\/\\\/www.2000m2.eu\\\/es\\\/nuestras-ofertas\\\/prensa-y-material\\\/#primaryimage\"},\"thumbnailUrl\":\"https:\\\/\\\/www.2000m2.eu\\\/wp-content\\\/uploads\\\/Featured_Images_Material.jpg\",\"datePublished\":\"2024-09-11T12:00:31+00:00\",\"dateModified\":\"2025-08-02T17:06:35+00:00\",\"breadcrumb\":{\"@id\":\"https:\\\/\\\/www.2000m2.eu\\\/es\\\/nuestras-ofertas\\\/prensa-y-material\\\/#breadcrumb\"},\"inLanguage\":\"es\",\"potentialAction\":[{\"@type\":\"ReadAction\",\"target\":[\"https:\\\/\\\/www.2000m2.eu\\\/es\\\/nuestras-ofertas\\\/prensa-y-material\\\/\"]}]},{\"@type\":\"ImageObject\",\"inLanguage\":\"es\",\"@id\":\"https:\\\/\\\/www.2000m2.eu\\\/es\\\/nuestras-ofertas\\\/prensa-y-material\\\/#primaryimage\",\"url\":\"https:\\\/\\\/www.2000m2.eu\\\/wp-content\\\/uploads\\\/Featured_Images_Material.jpg\",\"contentUrl\":\"https:\\\/\\\/www.2000m2.eu\\\/wp-content\\\/uploads\\\/Featured_Images_Material.jpg\",\"width\":1800,\"height\":180},{\"@type\":\"BreadcrumbList\",\"@id\":\"https:\\\/\\\/www.2000m2.eu\\\/es\\\/nuestras-ofertas\\\/prensa-y-material\\\/#breadcrumb\",\"itemListElement\":[{\"@type\":\"ListItem\",\"position\":1,\"name\":\"Home\",\"item\":\"https:\\\/\\\/www.2000m2.eu\\\/es\\\/\"},{\"@type\":\"ListItem\",\"position\":2,\"name\":\"Nuestras ofertas\",\"item\":\"https:\\\/\\\/www.2000m2.eu\\\/es\\\/nuestras-ofertas\\\/\"},{\"@type\":\"ListItem\",\"position\":3,\"name\":\"Prensa y material\"}]},{\"@type\":\"WebSite\",\"@id\":\"https:\\\/\\\/www.2000m2.eu\\\/es\\\/#website\",\"url\":\"https:\\\/\\\/www.2000m2.eu\\\/es\\\/\",\"name\":\"2000m2\",\"description\":\"\",\"publisher\":{\"@id\":\"https:\\\/\\\/www.2000m2.eu\\\/es\\\/#organization\"},\"potentialAction\":[{\"@type\":\"SearchAction\",\"target\":{\"@type\":\"EntryPoint\",\"urlTemplate\":\"https:\\\/\\\/www.2000m2.eu\\\/es\\\/?s={search_term_string}\"},\"query-input\":{\"@type\":\"PropertyValueSpecification\",\"valueRequired\":true,\"valueName\":\"search_term_string\"}}],\"inLanguage\":\"es\"},{\"@type\":\"Organization\",\"@id\":\"https:\\\/\\\/www.2000m2.eu\\\/es\\\/#organization\",\"name\":\"2000m2\",\"url\":\"https:\\\/\\\/www.2000m2.eu\\\/es\\\/\",\"logo\":{\"@type\":\"ImageObject\",\"inLanguage\":\"es\",\"@id\":\"https:\\\/\\\/www.2000m2.eu\\\/es\\\/#\\\/schema\\\/logo\\\/image\\\/\",\"url\":\"https:\\\/\\\/www.2000m2.eu\\\/wp-content\\\/uploads\\\/logo.png\",\"contentUrl\":\"https:\\\/\\\/www.2000m2.eu\\\/wp-content\\\/uploads\\\/logo.png\",\"width\":445,\"height\":140,\"caption\":\"2000m2\"},\"image\":{\"@id\":\"https:\\\/\\\/www.2000m2.eu\\\/es\\\/#\\\/schema\\\/logo\\\/image\\\/\"}}]}<\/script>\n<!-- \/ Yoast SEO plugin. -->","yoast_head_json":{"title":"Prensa y material - 2000m2","robots":{"index":"index","follow":"follow","max-snippet":"max-snippet:-1","max-image-preview":"max-image-preview:large","max-video-preview":"max-video-preview:-1"},"canonical":"https:\/\/www.2000m2.eu\/es\/nuestras-ofertas\/prensa-y-material\/","og_locale":"es_ES","og_type":"article","og_title":"Prensa y material - 2000m2","og_description":"Material Te invitamos a que nos pidas nuestro folleto sobre el Campo Global. S\u00f3lo tienes que enviarnos un correo electr\u00f3nico con tu direcci\u00f3n y decirnos cu\u00e1ntos ejemplares necesitas. Estaremos encantados de recibir un peque\u00f1o donativo por los folletos. El Campo Global Suiza ha desarrollado el fant\u00e1stico libro infantil \u00abLina im Bohnengl\u00fcck\u00bb. Tambi\u00e9n puedes conseguir este...","og_url":"https:\/\/www.2000m2.eu\/es\/nuestras-ofertas\/prensa-y-material\/","og_site_name":"2000m2","article_modified_time":"2025-08-02T17:06:35+00:00","og_image":[{"width":1800,"height":180,"url":"https:\/\/www.2000m2.eu\/wp-content\/uploads\/Featured_Images_Material.jpg","type":"image\/jpeg"}],"twitter_card":"summary_large_image","twitter_misc":{"Tiempo de lectura":"1 minuto"},"schema":{"@context":"https:\/\/schema.org","@graph":[{"@type":"WebPage","@id":"https:\/\/www.2000m2.eu\/es\/nuestras-ofertas\/prensa-y-material\/","url":"https:\/\/www.2000m2.eu\/es\/nuestras-ofertas\/prensa-y-material\/","name":"Prensa y material - 2000m2","isPartOf":{"@id":"https:\/\/www.2000m2.eu\/es\/#website"},"primaryImageOfPage":{"@id":"https:\/\/www.2000m2.eu\/es\/nuestras-ofertas\/prensa-y-material\/#primaryimage"},"image":{"@id":"https:\/\/www.2000m2.eu\/es\/nuestras-ofertas\/prensa-y-material\/#primaryimage"},"thumbnailUrl":"https:\/\/www.2000m2.eu\/wp-content\/uploads\/Featured_Images_Material.jpg","datePublished":"2024-09-11T12:00:31+00:00","dateModified":"2025-08-02T17:06:35+00:00","breadcrumb":{"@id":"https:\/\/www.2000m2.eu\/es\/nuestras-ofertas\/prensa-y-material\/#breadcrumb"},"inLanguage":"es","potentialAction":[{"@type":"ReadAction","target":["https:\/\/www.2000m2.eu\/es\/nuestras-ofertas\/prensa-y-material\/"]}]},{"@type":"ImageObject","inLanguage":"es","@id":"https:\/\/www.2000m2.eu\/es\/nuestras-ofertas\/prensa-y-material\/#primaryimage","url":"https:\/\/www.2000m2.eu\/wp-content\/uploads\/Featured_Images_Material.jpg","contentUrl":"https:\/\/www.2000m2.eu\/wp-content\/uploads\/Featured_Images_Material.jpg","width":1800,"height":180},{"@type":"BreadcrumbList","@id":"https:\/\/www.2000m2.eu\/es\/nuestras-ofertas\/prensa-y-material\/#breadcrumb","itemListElement":[{"@type":"ListItem","position":1,"name":"Home","item":"https:\/\/www.2000m2.eu\/es\/"},{"@type":"ListItem","position":2,"name":"Nuestras ofertas","item":"https:\/\/www.2000m2.eu\/es\/nuestras-ofertas\/"},{"@type":"ListItem","position":3,"name":"Prensa y material"}]},{"@type":"WebSite","@id":"https:\/\/www.2000m2.eu\/es\/#website","url":"https:\/\/www.2000m2.eu\/es\/","name":"2000m2","description":"","publisher":{"@id":"https:\/\/www.2000m2.eu\/es\/#organization"},"potentialAction":[{"@type":"SearchAction","target":{"@type":"EntryPoint","urlTemplate":"https:\/\/www.2000m2.eu\/es\/?s={search_term_string}"},"query-input":{"@type":"PropertyValueSpecification","valueRequired":true,"valueName":"search_term_string"}}],"inLanguage":"es"},{"@type":"Organization","@id":"https:\/\/www.2000m2.eu\/es\/#organization","name":"2000m2","url":"https:\/\/www.2000m2.eu\/es\/","logo":{"@type":"ImageObject","inLanguage":"es","@id":"https:\/\/www.2000m2.eu\/es\/#\/schema\/logo\/image\/","url":"https:\/\/www.2000m2.eu\/wp-content\/uploads\/logo.png","contentUrl":"https:\/\/www.2000m2.eu\/wp-content\/uploads\/logo.png","width":445,"height":140,"caption":"2000m2"},"image":{"@id":"https:\/\/www.2000m2.eu\/es\/#\/schema\/logo\/image\/"}}]}},"_links":{"self":[{"href":"https:\/\/www.2000m2.eu\/es\/wp-json\/wp\/v2\/pages\/12967","targetHints":{"allow":["GET"]}}],"collection":[{"href":"https:\/\/www.2000m2.eu\/es\/wp-json\/wp\/v2\/pages"}],"about":[{"href":"https:\/\/www.2000m2.eu\/es\/wp-json\/wp\/v2\/types\/page"}],"author":[{"embeddable":true,"href":"https:\/\/www.2000m2.eu\/es\/wp-json\/wp\/v2\/users\/1"}],"replies":[{"embeddable":true,"href":"https:\/\/www.2000m2.eu\/es\/wp-json\/wp\/v2\/comments?post=12967"}],"version-history":[{"count":1,"href":"https:\/\/www.2000m2.eu\/es\/wp-json\/wp\/v2\/pages\/12967\/revisions"}],"predecessor-version":[{"id":12974,"href":"https:\/\/www.2000m2.eu\/es\/wp-json\/wp\/v2\/pages\/12967\/revisions\/12974"}],"up":[{"embeddable":true,"href":"https:\/\/www.2000m2.eu\/es\/wp-json\/wp\/v2\/pages\/12898"}],"wp:featuredmedia":[{"embeddable":true,"href":"https:\/\/www.2000m2.eu\/es\/wp-json\/wp\/v2\/media\/12968"}],"wp:attachment":[{"href":"https:\/\/www.2000m2.eu\/es\/wp-json\/wp\/v2\/media?parent=12967"}],"curies":[{"name":"wp","href":"https:\/\/api.w.org\/{rel}","templated":true}]}}