{"id":13099,"date":"2024-09-11T11:26:01","date_gmt":"2024-09-11T11:26:01","guid":{"rendered":"https:\/\/www.2000m2.eu\/nuestra-red\/el-proyecto-global-bean\/"},"modified":"2025-08-06T12:55:06","modified_gmt":"2025-08-06T12:55:06","slug":"el-proyecto-global-bean","status":"publish","type":"page","link":"https:\/\/www.2000m2.eu\/es\/nuestra-red\/el-proyecto-global-bean\/","title":{"rendered":"El proyecto Global Bean"},"content":{"rendered":"\n<h1 class=\"wp-block-heading\">El proyecto Global Bean<\/h1>\n\n<p>El proyecto Global Bean pretende concienciar sobre los muchos beneficios de las legumbres y, como red internacional, aumentar su cultivo y consumo en todo el mundo. Creada en 2021 por la Zukunftsstiftung Landwirtschaft, la variada red cuenta ahora con casi un centenar de organizaciones asociadas de todo el mundo y, por tanto, con innumerables expertos y otras personas apasionados por las legumbres. <\/p>\n\n<p>Las legumbres son una fuente de alimentos ricos en prote\u00ednas para el ser humano, mucho m\u00e1s sanos, sostenibles y, en la mayor\u00eda de los casos, m\u00e1s baratos que las prote\u00ednas animales. Las alubias, los guisantes, las lentejas y otras legumbres se pueden preparar en muchos platos deliciosos y nutritivos y forman parte integrante de muchas tradiciones culinarias regionales. Adem\u00e1s, las legumbres tienen propiedades naturales de mejora del suelo: pueden fijar el nitr\u00f3geno en el suelo y ayudar a reducir la dependencia de los fertilizantes minerales artificiales, lo que tiene menos repercusiones negativas en los ecosistemas y la salud humana. Por tanto, las legumbres desempe\u00f1an un papel crucial en la necesaria transici\u00f3n de los sistemas alimentarios mundiales y en la lucha contra el cambio clim\u00e1tico.     <\/p>\n\n<p>Con conocimientos especializados, publicaciones y actos en l\u00ednea, el proyecto Global Bean promueve el cultivo y el consumo de legumbres y da a conocer sus beneficios a un amplio p\u00fablico.<\/p>\n<style>.wp-block-kadence-spacer.kt-block-spacer-72_16b57c-3b .kt-block-spacer{height:60px;}.wp-block-kadence-spacer.kt-block-spacer-72_16b57c-3b .kt-divider{border-top-width:1px;height:1px;border-top-color:#eee;width:80%;border-top-style:solid;}<\/style>\n<div class=\"wp-block-kadence-spacer aligncenter kt-block-spacer-72_16b57c-3b\"><div class=\"kt-block-spacer kt-block-spacer-halign-center\"><\/div><\/div>\n<style>.wp-block-kadence-advancedbtn.kb-btns72_03c5f8-d2{gap:var(--global-kb-gap-xs, 0.5rem );justify-content:center;align-items:center;}.kt-btns72_03c5f8-d2 .kt-button{font-weight:normal;font-style:normal;}.kt-btns72_03c5f8-d2 .kt-btn-wrap-0{margin-right:5px;}.wp-block-kadence-advancedbtn.kt-btns72_03c5f8-d2 .kt-btn-wrap-0 .kt-button{color:#555555;border-color:#555555;}.wp-block-kadence-advancedbtn.kt-btns72_03c5f8-d2 .kt-btn-wrap-0 .kt-button:hover, .wp-block-kadence-advancedbtn.kt-btns72_03c5f8-d2 .kt-btn-wrap-0 .kt-button:focus{color:#ffffff;border-color:#444444;}.wp-block-kadence-advancedbtn.kt-btns72_03c5f8-d2 .kt-btn-wrap-0 .kt-button::before{display:none;}.wp-block-kadence-advancedbtn.kt-btns72_03c5f8-d2 .kt-btn-wrap-0 .kt-button:hover, .wp-block-kadence-advancedbtn.kt-btns72_03c5f8-d2 .kt-btn-wrap-0 .kt-button:focus{background:#444444;}<\/style>\n<div class=\"wp-block-kadence-advancedbtn kb-buttons-wrap kb-btns72_03c5f8-d2\"><style>ul.menu .wp-block-kadence-advancedbtn .kb-btn72_9278fe-fc.kb-button{width:initial;}.wp-block-kadence-advancedbtn .kb-btn72_9278fe-fc.kb-button{background:var(--accent);}.wp-block-kadence-advancedbtn .kb-btn72_9278fe-fc.kb-button:hover, .wp-block-kadence-advancedbtn .kb-btn72_9278fe-fc.kb-button:focus{background:var(--accent-1);}<\/style><a class=\"kb-button kt-button button kb-btn72_9278fe-fc kt-btn-size-standard kt-btn-width-type-auto kb-btn-global-fill  kt-btn-has-text-true kt-btn-has-svg-false  wp-block-kadence-singlebtn\" href=\"https:\/\/www.globalbean.eu\/\"><span class=\"kt-btn-inner-text\">M\u00e1s informaci\u00f3n sobre el proyecto Global Bean aqu\u00ed<\/span><\/a><\/div>\n<style>.wp-block-kadence-spacer.kt-block-spacer-72_894082-ae .kt-block-spacer{height:60px;}.wp-block-kadence-spacer.kt-block-spacer-72_894082-ae .kt-divider{border-top-width:1px;height:1px;border-top-color:#eee;width:80%;border-top-style:solid;}<\/style>\n<div class=\"wp-block-kadence-spacer aligncenter kt-block-spacer-72_894082-ae\"><div class=\"kt-block-spacer kt-block-spacer-halign-center\"><\/div><\/div>\n<style>.kb-row-layout-wrap.wp-block-kadence-rowlayout.kb-row-layout-id72_854a31-31{margin-bottom:0px;}.kb-row-layout-id72_854a31-31 > .kt-row-column-wrap{align-content:start;}:where(.kb-row-layout-id72_854a31-31 > .kt-row-column-wrap) > .wp-block-kadence-column{justify-content:start;}.kb-row-layout-id72_854a31-31 > .kt-row-column-wrap{column-gap:var(--global-kb-gap-md, 2rem);row-gap:var(--global-kb-gap-md, 2rem);padding-top:var(--global-kb-spacing-sm, 1.5rem);padding-bottom:var(--global-kb-spacing-sm, 1.5rem);}.kb-row-layout-id72_854a31-31 > .kt-row-column-wrap > div:not(.added-for-specificity){grid-column:initial;}.kb-row-layout-id72_854a31-31 > .kt-row-column-wrap{grid-template-columns:repeat(3, minmax(0, 1fr));}.kb-row-layout-id72_854a31-31 > .kt-row-layout-overlay{opacity:0.30;}@media all and (max-width: 1024px){.kb-row-layout-id72_854a31-31 > .kt-row-column-wrap > div:not(.added-for-specificity){grid-column:initial;}}@media all and (max-width: 1024px){.kb-row-layout-id72_854a31-31 > .kt-row-column-wrap{grid-template-columns:repeat(3, minmax(0, 1fr));}}@media all and (max-width: 767px){.kb-row-layout-id72_854a31-31 > .kt-row-column-wrap > div:not(.added-for-specificity){grid-column:initial;}.kb-row-layout-id72_854a31-31 > .kt-row-column-wrap{grid-template-columns:minmax(0, 1fr);}}<\/style><div class=\"kb-row-layout-wrap kb-row-layout-id72_854a31-31 alignnone wp-block-kadence-rowlayout\"><div class=\"kt-row-column-wrap kt-has-3-columns kt-row-layout-equal kt-tab-layout-inherit kt-mobile-layout-row kt-row-valign-top\">\n<style>.kadence-column72_98ef7a-55 > .kt-inside-inner-col,.kadence-column72_98ef7a-55 > .kt-inside-inner-col:before{border-top-left-radius:0px;border-top-right-radius:0px;border-bottom-right-radius:0px;border-bottom-left-radius:0px;}.kadence-column72_98ef7a-55 > .kt-inside-inner-col{column-gap:var(--global-kb-gap-sm, 1rem);}.kadence-column72_98ef7a-55 > .kt-inside-inner-col{flex-direction:column;}.kadence-column72_98ef7a-55 > .kt-inside-inner-col > .aligncenter{width:100%;}.kadence-column72_98ef7a-55 > .kt-inside-inner-col:before{opacity:0.3;}.kadence-column72_98ef7a-55{position:relative;}@media all and (max-width: 1024px){.kadence-column72_98ef7a-55 > .kt-inside-inner-col{flex-direction:column;justify-content:center;}}@media all and (max-width: 767px){.kadence-column72_98ef7a-55 > .kt-inside-inner-col{flex-direction:column;justify-content:center;}}<\/style>\n<div class=\"wp-block-kadence-column kadence-column72_98ef7a-55\"><div class=\"kt-inside-inner-col\"><div class=\"wp-block-image\">\n<figure class=\"aligncenter size-full is-resized\"><img decoding=\"async\" width=\"995\" height=\"659\" src=\"https:\/\/www.2000m2.eu\/wp-content\/uploads\/team-bildGlobalBean-1.jpg\" alt=\"Tres empleados del Proyecto Frijol Global frente a la mesa de informaci&#xF3;n sobre el Frijol Global.\" class=\"wp-image-1180\" style=\"width:296px;height:auto\" srcset=\"https:\/\/www.2000m2.eu\/wp-content\/uploads\/team-bildGlobalBean-1.jpg 995w, https:\/\/www.2000m2.eu\/wp-content\/uploads\/team-bildGlobalBean-1-300x199.jpg 300w, https:\/\/www.2000m2.eu\/wp-content\/uploads\/team-bildGlobalBean-1-768x509.jpg 768w\" sizes=\"(max-width: 995px) 100vw, 995px\" \/><\/figure>\n<\/div><\/div><\/div>\n\n\n<style>.kadence-column72_c103ee-9d > .kt-inside-inner-col,.kadence-column72_c103ee-9d > .kt-inside-inner-col:before{border-top-left-radius:0px;border-top-right-radius:0px;border-bottom-right-radius:0px;border-bottom-left-radius:0px;}.kadence-column72_c103ee-9d > .kt-inside-inner-col{column-gap:var(--global-kb-gap-sm, 1rem);}.kadence-column72_c103ee-9d > .kt-inside-inner-col{flex-direction:column;}.kadence-column72_c103ee-9d > .kt-inside-inner-col > .aligncenter{width:100%;}.kadence-column72_c103ee-9d > .kt-inside-inner-col:before{opacity:0.3;}.kadence-column72_c103ee-9d{position:relative;}@media all and (max-width: 1024px){.kadence-column72_c103ee-9d > .kt-inside-inner-col{flex-direction:column;justify-content:center;}}@media all and (max-width: 767px){.kadence-column72_c103ee-9d > .kt-inside-inner-col{flex-direction:column;justify-content:center;}}<\/style>\n<div class=\"wp-block-kadence-column kadence-column72_c103ee-9d\"><div class=\"kt-inside-inner-col\">\n<figure class=\"wp-block-image size-full is-resized\"><img decoding=\"async\" width=\"1024\" height=\"576\" src=\"https:\/\/www.2000m2.eu\/wp-content\/uploads\/PXL_20221022_1306178731-1-1024x576-1-1.jpg\" alt=\"El grupo coreano Kbean, el Equipo Global de la Alubia y un cocinero est&#xE1;n juntos en la mesa de informaci&#xF3;n.\" class=\"wp-image-1182\" style=\"width:357px\" srcset=\"https:\/\/www.2000m2.eu\/wp-content\/uploads\/PXL_20221022_1306178731-1-1024x576-1-1.jpg 1024w, https:\/\/www.2000m2.eu\/wp-content\/uploads\/PXL_20221022_1306178731-1-1024x576-1-1-300x169.jpg 300w, https:\/\/www.2000m2.eu\/wp-content\/uploads\/PXL_20221022_1306178731-1-1024x576-1-1-768x432.jpg 768w\" sizes=\"(max-width: 1024px) 100vw, 1024px\" \/><\/figure>\n<\/div><\/div>\n\n\n<style>.kadence-column72_d19e8a-4f > .kt-inside-inner-col,.kadence-column72_d19e8a-4f > .kt-inside-inner-col:before{border-top-left-radius:0px;border-top-right-radius:0px;border-bottom-right-radius:0px;border-bottom-left-radius:0px;}.kadence-column72_d19e8a-4f > .kt-inside-inner-col{column-gap:var(--global-kb-gap-sm, 1rem);}.kadence-column72_d19e8a-4f > .kt-inside-inner-col{flex-direction:column;}.kadence-column72_d19e8a-4f > .kt-inside-inner-col > .aligncenter{width:100%;}.kadence-column72_d19e8a-4f > .kt-inside-inner-col:before{opacity:0.3;}.kadence-column72_d19e8a-4f{position:relative;}@media all and (max-width: 1024px){.kadence-column72_d19e8a-4f > .kt-inside-inner-col{flex-direction:column;justify-content:center;}}@media all and (max-width: 767px){.kadence-column72_d19e8a-4f > .kt-inside-inner-col{flex-direction:column;justify-content:center;}}<\/style>\n<div class=\"wp-block-kadence-column kadence-column72_d19e8a-4f\"><div class=\"kt-inside-inner-col\">\n<figure class=\"wp-block-image size-large is-resized\"><img decoding=\"async\" width=\"1024\" height=\"576\" src=\"https:\/\/www.2000m2.eu\/wp-content\/uploads\/PXL_20220910_161119775.PORTRAIT-scaled-2-1024x576.jpg\" alt=\"En un acto, una mujer mira con inter&#xE9;s el expositor sobre Global Bean y habla animadamente con el empleado del proyecto.  \" class=\"wp-image-1184\" style=\"width:357px\" srcset=\"https:\/\/www.2000m2.eu\/wp-content\/uploads\/PXL_20220910_161119775.PORTRAIT-scaled-2-1024x576.jpg 1024w, https:\/\/www.2000m2.eu\/wp-content\/uploads\/PXL_20220910_161119775.PORTRAIT-scaled-2-300x169.jpg 300w, https:\/\/www.2000m2.eu\/wp-content\/uploads\/PXL_20220910_161119775.PORTRAIT-scaled-2-768x432.jpg 768w, https:\/\/www.2000m2.eu\/wp-content\/uploads\/PXL_20220910_161119775.PORTRAIT-scaled-2-1536x864.jpg 1536w, https:\/\/www.2000m2.eu\/wp-content\/uploads\/PXL_20220910_161119775.PORTRAIT-scaled-2-2048x1152.jpg 2048w\" sizes=\"(max-width: 1024px) 100vw, 1024px\" \/><\/figure>\n<\/div><\/div>\n\n<\/div><\/div>\n<p><\/p>\n","protected":false},"excerpt":{"rendered":"<p>El proyecto Global Bean El proyecto Global Bean pretende concienciar sobre los muchos beneficios de las legumbres y, como red internacional, aumentar su cultivo y consumo en todo el mundo. Creada en 2021 por la Zukunftsstiftung Landwirtschaft, la variada red cuenta ahora con casi un centenar de organizaciones asociadas de todo el mundo y, por&#8230;<\/p>\n","protected":false},"author":1,"featured_media":13108,"parent":12978,"menu_order":33,"comment_status":"closed","ping_status":"closed","template":"","meta":{"footnotes":""},"class_list":["post-13099","page","type-page","status-publish","has-post-thumbnail"],"yoast_head":"<!-- This site is optimized with the Yoast SEO plugin v27.3 - https:\/\/yoast.com\/product\/yoast-seo-wordpress\/ -->\n<title>El proyecto Global Bean - 2000m2<\/title>\n<meta name=\"robots\" content=\"index, follow, max-snippet:-1, max-image-preview:large, max-video-preview:-1\" \/>\n<link rel=\"canonical\" href=\"https:\/\/www.2000m2.eu\/es\/nuestra-red\/el-proyecto-global-bean\/\" \/>\n<meta property=\"og:locale\" content=\"es_ES\" \/>\n<meta property=\"og:type\" content=\"article\" \/>\n<meta property=\"og:title\" content=\"El proyecto Global Bean - 2000m2\" \/>\n<meta property=\"og:description\" content=\"El proyecto Global Bean El proyecto Global Bean pretende concienciar sobre los muchos beneficios de las legumbres y, como red internacional, aumentar su cultivo y consumo en todo el mundo. Creada en 2021 por la Zukunftsstiftung Landwirtschaft, la variada red cuenta ahora con casi un centenar de organizaciones asociadas de todo el mundo y, por...\" \/>\n<meta property=\"og:url\" content=\"https:\/\/www.2000m2.eu\/es\/nuestra-red\/el-proyecto-global-bean\/\" \/>\n<meta property=\"og:site_name\" content=\"2000m2\" \/>\n<meta property=\"article:modified_time\" content=\"2025-08-06T12:55:06+00:00\" \/>\n<meta property=\"og:image\" content=\"https:\/\/www.2000m2.eu\/wp-content\/uploads\/Featured_Images_Global-Bean.jpg\" \/>\n\t<meta property=\"og:image:width\" content=\"1800\" \/>\n\t<meta property=\"og:image:height\" content=\"180\" \/>\n\t<meta property=\"og:image:type\" content=\"image\/jpeg\" \/>\n<meta name=\"twitter:card\" content=\"summary_large_image\" \/>\n<meta name=\"twitter:label1\" content=\"Tiempo de lectura\" \/>\n\t<meta name=\"twitter:data1\" content=\"1 minuto\" \/>\n<script type=\"application\/ld+json\" class=\"yoast-schema-graph\">{\"@context\":\"https:\\\/\\\/schema.org\",\"@graph\":[{\"@type\":\"WebPage\",\"@id\":\"https:\\\/\\\/www.2000m2.eu\\\/es\\\/nuestra-red\\\/el-proyecto-global-bean\\\/\",\"url\":\"https:\\\/\\\/www.2000m2.eu\\\/es\\\/nuestra-red\\\/el-proyecto-global-bean\\\/\",\"name\":\"El proyecto Global Bean - 2000m2\",\"isPartOf\":{\"@id\":\"https:\\\/\\\/www.2000m2.eu\\\/es\\\/#website\"},\"primaryImageOfPage\":{\"@id\":\"https:\\\/\\\/www.2000m2.eu\\\/es\\\/nuestra-red\\\/el-proyecto-global-bean\\\/#primaryimage\"},\"image\":{\"@id\":\"https:\\\/\\\/www.2000m2.eu\\\/es\\\/nuestra-red\\\/el-proyecto-global-bean\\\/#primaryimage\"},\"thumbnailUrl\":\"https:\\\/\\\/www.2000m2.eu\\\/wp-content\\\/uploads\\\/Featured_Images_Global-Bean.jpg\",\"datePublished\":\"2024-09-11T11:26:01+00:00\",\"dateModified\":\"2025-08-06T12:55:06+00:00\",\"breadcrumb\":{\"@id\":\"https:\\\/\\\/www.2000m2.eu\\\/es\\\/nuestra-red\\\/el-proyecto-global-bean\\\/#breadcrumb\"},\"inLanguage\":\"es\",\"potentialAction\":[{\"@type\":\"ReadAction\",\"target\":[\"https:\\\/\\\/www.2000m2.eu\\\/es\\\/nuestra-red\\\/el-proyecto-global-bean\\\/\"]}]},{\"@type\":\"ImageObject\",\"inLanguage\":\"es\",\"@id\":\"https:\\\/\\\/www.2000m2.eu\\\/es\\\/nuestra-red\\\/el-proyecto-global-bean\\\/#primaryimage\",\"url\":\"https:\\\/\\\/www.2000m2.eu\\\/wp-content\\\/uploads\\\/Featured_Images_Global-Bean.jpg\",\"contentUrl\":\"https:\\\/\\\/www.2000m2.eu\\\/wp-content\\\/uploads\\\/Featured_Images_Global-Bean.jpg\",\"width\":1800,\"height\":180},{\"@type\":\"BreadcrumbList\",\"@id\":\"https:\\\/\\\/www.2000m2.eu\\\/es\\\/nuestra-red\\\/el-proyecto-global-bean\\\/#breadcrumb\",\"itemListElement\":[{\"@type\":\"ListItem\",\"position\":1,\"name\":\"Home\",\"item\":\"https:\\\/\\\/www.2000m2.eu\\\/es\\\/\"},{\"@type\":\"ListItem\",\"position\":2,\"name\":\"Nuestra red\",\"item\":\"https:\\\/\\\/www.2000m2.eu\\\/es\\\/nuestra-red\\\/\"},{\"@type\":\"ListItem\",\"position\":3,\"name\":\"El proyecto Global Bean\"}]},{\"@type\":\"WebSite\",\"@id\":\"https:\\\/\\\/www.2000m2.eu\\\/es\\\/#website\",\"url\":\"https:\\\/\\\/www.2000m2.eu\\\/es\\\/\",\"name\":\"2000m2\",\"description\":\"\",\"publisher\":{\"@id\":\"https:\\\/\\\/www.2000m2.eu\\\/es\\\/#organization\"},\"potentialAction\":[{\"@type\":\"SearchAction\",\"target\":{\"@type\":\"EntryPoint\",\"urlTemplate\":\"https:\\\/\\\/www.2000m2.eu\\\/es\\\/?s={search_term_string}\"},\"query-input\":{\"@type\":\"PropertyValueSpecification\",\"valueRequired\":true,\"valueName\":\"search_term_string\"}}],\"inLanguage\":\"es\"},{\"@type\":\"Organization\",\"@id\":\"https:\\\/\\\/www.2000m2.eu\\\/es\\\/#organization\",\"name\":\"2000m2\",\"url\":\"https:\\\/\\\/www.2000m2.eu\\\/es\\\/\",\"logo\":{\"@type\":\"ImageObject\",\"inLanguage\":\"es\",\"@id\":\"https:\\\/\\\/www.2000m2.eu\\\/es\\\/#\\\/schema\\\/logo\\\/image\\\/\",\"url\":\"https:\\\/\\\/www.2000m2.eu\\\/wp-content\\\/uploads\\\/logo.png\",\"contentUrl\":\"https:\\\/\\\/www.2000m2.eu\\\/wp-content\\\/uploads\\\/logo.png\",\"width\":445,\"height\":140,\"caption\":\"2000m2\"},\"image\":{\"@id\":\"https:\\\/\\\/www.2000m2.eu\\\/es\\\/#\\\/schema\\\/logo\\\/image\\\/\"}}]}<\/script>\n<!-- \/ Yoast SEO plugin. -->","yoast_head_json":{"title":"El proyecto Global Bean - 2000m2","robots":{"index":"index","follow":"follow","max-snippet":"max-snippet:-1","max-image-preview":"max-image-preview:large","max-video-preview":"max-video-preview:-1"},"canonical":"https:\/\/www.2000m2.eu\/es\/nuestra-red\/el-proyecto-global-bean\/","og_locale":"es_ES","og_type":"article","og_title":"El proyecto Global Bean - 2000m2","og_description":"El proyecto Global Bean El proyecto Global Bean pretende concienciar sobre los muchos beneficios de las legumbres y, como red internacional, aumentar su cultivo y consumo en todo el mundo. Creada en 2021 por la Zukunftsstiftung Landwirtschaft, la variada red cuenta ahora con casi un centenar de organizaciones asociadas de todo el mundo y, por...","og_url":"https:\/\/www.2000m2.eu\/es\/nuestra-red\/el-proyecto-global-bean\/","og_site_name":"2000m2","article_modified_time":"2025-08-06T12:55:06+00:00","og_image":[{"width":1800,"height":180,"url":"https:\/\/www.2000m2.eu\/wp-content\/uploads\/Featured_Images_Global-Bean.jpg","type":"image\/jpeg"}],"twitter_card":"summary_large_image","twitter_misc":{"Tiempo de lectura":"1 minuto"},"schema":{"@context":"https:\/\/schema.org","@graph":[{"@type":"WebPage","@id":"https:\/\/www.2000m2.eu\/es\/nuestra-red\/el-proyecto-global-bean\/","url":"https:\/\/www.2000m2.eu\/es\/nuestra-red\/el-proyecto-global-bean\/","name":"El proyecto Global Bean - 2000m2","isPartOf":{"@id":"https:\/\/www.2000m2.eu\/es\/#website"},"primaryImageOfPage":{"@id":"https:\/\/www.2000m2.eu\/es\/nuestra-red\/el-proyecto-global-bean\/#primaryimage"},"image":{"@id":"https:\/\/www.2000m2.eu\/es\/nuestra-red\/el-proyecto-global-bean\/#primaryimage"},"thumbnailUrl":"https:\/\/www.2000m2.eu\/wp-content\/uploads\/Featured_Images_Global-Bean.jpg","datePublished":"2024-09-11T11:26:01+00:00","dateModified":"2025-08-06T12:55:06+00:00","breadcrumb":{"@id":"https:\/\/www.2000m2.eu\/es\/nuestra-red\/el-proyecto-global-bean\/#breadcrumb"},"inLanguage":"es","potentialAction":[{"@type":"ReadAction","target":["https:\/\/www.2000m2.eu\/es\/nuestra-red\/el-proyecto-global-bean\/"]}]},{"@type":"ImageObject","inLanguage":"es","@id":"https:\/\/www.2000m2.eu\/es\/nuestra-red\/el-proyecto-global-bean\/#primaryimage","url":"https:\/\/www.2000m2.eu\/wp-content\/uploads\/Featured_Images_Global-Bean.jpg","contentUrl":"https:\/\/www.2000m2.eu\/wp-content\/uploads\/Featured_Images_Global-Bean.jpg","width":1800,"height":180},{"@type":"BreadcrumbList","@id":"https:\/\/www.2000m2.eu\/es\/nuestra-red\/el-proyecto-global-bean\/#breadcrumb","itemListElement":[{"@type":"ListItem","position":1,"name":"Home","item":"https:\/\/www.2000m2.eu\/es\/"},{"@type":"ListItem","position":2,"name":"Nuestra red","item":"https:\/\/www.2000m2.eu\/es\/nuestra-red\/"},{"@type":"ListItem","position":3,"name":"El proyecto Global Bean"}]},{"@type":"WebSite","@id":"https:\/\/www.2000m2.eu\/es\/#website","url":"https:\/\/www.2000m2.eu\/es\/","name":"2000m2","description":"","publisher":{"@id":"https:\/\/www.2000m2.eu\/es\/#organization"},"potentialAction":[{"@type":"SearchAction","target":{"@type":"EntryPoint","urlTemplate":"https:\/\/www.2000m2.eu\/es\/?s={search_term_string}"},"query-input":{"@type":"PropertyValueSpecification","valueRequired":true,"valueName":"search_term_string"}}],"inLanguage":"es"},{"@type":"Organization","@id":"https:\/\/www.2000m2.eu\/es\/#organization","name":"2000m2","url":"https:\/\/www.2000m2.eu\/es\/","logo":{"@type":"ImageObject","inLanguage":"es","@id":"https:\/\/www.2000m2.eu\/es\/#\/schema\/logo\/image\/","url":"https:\/\/www.2000m2.eu\/wp-content\/uploads\/logo.png","contentUrl":"https:\/\/www.2000m2.eu\/wp-content\/uploads\/logo.png","width":445,"height":140,"caption":"2000m2"},"image":{"@id":"https:\/\/www.2000m2.eu\/es\/#\/schema\/logo\/image\/"}}]}},"_links":{"self":[{"href":"https:\/\/www.2000m2.eu\/es\/wp-json\/wp\/v2\/pages\/13099","targetHints":{"allow":["GET"]}}],"collection":[{"href":"https:\/\/www.2000m2.eu\/es\/wp-json\/wp\/v2\/pages"}],"about":[{"href":"https:\/\/www.2000m2.eu\/es\/wp-json\/wp\/v2\/types\/page"}],"author":[{"embeddable":true,"href":"https:\/\/www.2000m2.eu\/es\/wp-json\/wp\/v2\/users\/1"}],"replies":[{"embeddable":true,"href":"https:\/\/www.2000m2.eu\/es\/wp-json\/wp\/v2\/comments?post=13099"}],"version-history":[{"count":1,"href":"https:\/\/www.2000m2.eu\/es\/wp-json\/wp\/v2\/pages\/13099\/revisions"}],"predecessor-version":[{"id":13109,"href":"https:\/\/www.2000m2.eu\/es\/wp-json\/wp\/v2\/pages\/13099\/revisions\/13109"}],"up":[{"embeddable":true,"href":"https:\/\/www.2000m2.eu\/es\/wp-json\/wp\/v2\/pages\/12978"}],"wp:featuredmedia":[{"embeddable":true,"href":"https:\/\/www.2000m2.eu\/es\/wp-json\/wp\/v2\/media\/13108"}],"wp:attachment":[{"href":"https:\/\/www.2000m2.eu\/es\/wp-json\/wp\/v2\/media?parent=13099"}],"curies":[{"name":"wp","href":"https:\/\/api.w.org\/{rel}","templated":true}]}}