{"id":15079,"date":"2024-07-24T11:13:42","date_gmt":"2024-07-24T11:13:42","guid":{"rendered":"https:\/\/www.2000m2.eu\/proteccion-de-datos\/"},"modified":"2025-09-02T18:44:34","modified_gmt":"2025-09-02T18:44:34","slug":"proteccion-de-datos","status":"publish","type":"page","link":"https:\/\/www.2000m2.eu\/es\/proteccion-de-datos\/","title":{"rendered":"Protecci\u00f3n de datos"},"content":{"rendered":"\n<h1 class=\"wp-block-heading\">Pol\u00edtica de privacidad<\/h1>\n\n<p>Esta pol\u00edtica de privacidad aclara la naturaleza, el alcance y la finalidad del tratamiento de datos personales (en lo sucesivo, \u00abdatos\u00bb) dentro de nuestra oferta en l\u00ednea y los sitios web, funciones y contenidos asociados, as\u00ed como las presencias en l\u00ednea externas, como nuestro perfil en las redes sociales (en lo sucesivo, denominados colectivamente \u00aboferta en l\u00ednea\u00bb). Con respecto a los t\u00e9rminos utilizados, como \u00abtratamiento\u00bb o \u00abresponsable del tratamiento\u00bb, nos remitimos a las definiciones del Art. 4 del Reglamento General de Protecci\u00f3n de Datos (RGPD). <\/p>\n\n<p><strong>Persona responsable<\/strong><\/p>\n\n<p>Zukunftsstiftung Landwirtschaft<br\/>Oficina de Berl\u00edn<br\/>Benedikt Haerlin<br\/>Tel\u00e9fono: 030 \/ 24047146<br\/>Fax: 030 \/ 27590312<br\/><a href=\"mailto:berlin@zs-l.de\">berlin@zs-l.de<\/a><\/p>\n\n<p>El responsable externo de protecci\u00f3n de datos de nuestra empresa es:<br\/>Stefan Str\u00fcwe<br\/>Abogado (abogado interno)<br\/>CURACON GmbH<br\/>Am Mittelhafen 14<br\/>48155 M\u00fcnster<br\/>Tel.: 0251 \/ 92208 &#8211; 209<br\/>Email: <a href=\"mailto:stefan.struewe@curacon.de\">stefan.struewe@curacon.de<\/a><\/p>\n\n<p><strong>Datos de acceso\/archivos de registro del servidor<\/strong><\/p>\n\n<p>Nosotros, o nuestro proveedor de alojamiento, recopilamos datos sobre la base de nuestros intereses leg\u00edtimos en el sentido del Art. 6 p\u00e1rr. 1 lit. f. GDPR. GDPR, recopilamos datos sobre cada acceso al servidor en el que se encuentra este servicio (los denominados archivos de registro del servidor). Los datos de acceso incluyen el nombre del sitio web al que se accede, el archivo, la fecha y hora de acceso, la cantidad de datos transferidos, la notificaci\u00f3n de acceso correcto, el tipo y versi\u00f3n del navegador, el sistema operativo del usuario, la URL de referencia (la p\u00e1gina visitada anteriormente), la direcci\u00f3n IP y el proveedor solicitante.   <\/p>\n\n<p>La informaci\u00f3n de los archivos de registro se almacena por motivos de seguridad (por ejemplo, para investigar un uso indebido o un fraude) durante un m\u00e1ximo de 7 d\u00edas y luego se elimina. Los datos cuyo almacenamiento posterior sea necesario con fines probatorios quedan excluidos de la eliminaci\u00f3n hasta que se haya aclarado definitivamente el incidente correspondiente. <\/p>\n\n<p><strong>Contacta con nosotros<\/strong><\/p>\n\n<p>Cuando te pones en contacto con nosotros (por ejemplo, mediante un formulario de contacto, correo electr\u00f3nico, tel\u00e9fono o a trav\u00e9s de las redes sociales), los datos del usuario se procesan para tramitar la solicitud de contacto y su gesti\u00f3n de conformidad con el Art. 6 p\u00e1rr. 1 lit. b) del GDPR. Los datos del usuario pueden almacenarse en un sistema de gesti\u00f3n de relaciones con los clientes (\u00absistema CRM\u00bb) o en una organizaci\u00f3n de consultas comparable.    <\/p>\n\n<p>Eliminamos las consultas si ya no son necesarias. Revisamos la necesidad cada dos a\u00f1os; adem\u00e1s, se aplican las obligaciones legales de archivo. <\/p>\n\n<p><strong>Cookies<\/strong><\/p>\n\n<p>En nuestro sitio web utilizamos cookies. Se trata de peque\u00f1os archivos que tu navegador crea autom\u00e1ticamente y que se almacenan en tu dispositivo final (ordenador port\u00e1til, tableta, tel\u00e9fono inteligente, etc.) cuando visitas nuestro sitio web. Las cookies no causan ning\u00fan da\u00f1o a tu dispositivo final y no contienen virus, troyanos u otros programas maliciosos.  <\/p>\n\n<p>En la cookie se almacena informaci\u00f3n que resulta en cada caso en relaci\u00f3n con el dispositivo final espec\u00edfico utilizado. Sin embargo, esto no significa que obtengamos un conocimiento directo de tu identidad. <\/p>\n\n<p>Por un lado, el uso de cookies sirve para que el uso de nuestro sitio web te resulte m\u00e1s agradable. Por ejemplo, utilizamos las llamadas cookies de sesi\u00f3n para reconocer que ya has visitado p\u00e1ginas individuales de nuestro sitio web. \u00c9stas se eliminan autom\u00e1ticamente cuando abandonas nuestro sitio. Cuando inicias sesi\u00f3n en tu cuenta de usuario, tambi\u00e9n se establece una cookie que permite el acceso a los datos de tu cuenta de usuario y a tus derechos de usuario. No es posible iniciar sesi\u00f3n sin esta cookie.    <\/p>\n\n<p>Los datos procesados por las cookies son necesarios para los fines mencionados para proteger nuestros intereses leg\u00edtimos y los de terceros de acuerdo con el Art. 6 p\u00e1rrafo 1 frase 1 lit. f GDPR.  <\/p>\n\n<p>La mayor\u00eda de los navegadores aceptan cookies autom\u00e1ticamente. Sin embargo, puedes configurar tu navegador para que no se almacenen cookies en tu ordenador o para que aparezca siempre un mensaje antes de que se cree una nueva cookie. Sin embargo, desactivar completamente las cookies puede significar que no puedas utilizar todas las funciones de nuestro sitio web.  <\/p>\n\n<p><strong>Herramienta de an\u00e1lisis Matomo<\/strong><\/p>\n\n<p>Este sitio web utiliza <a href=\"https:\/\/matomo.org\/\" target=\"_blank\" rel=\"noreferrer noopener\">Matomo<\/a>, un software de c\u00f3digo abierto para el an\u00e1lisis estad\u00edstico del acceso de los usuarios. Para ello se utilizan cookies. La informaci\u00f3n generada por la cookie sobre el uso del sitio web se transmite a nuestro servidor web y se resume en perfiles de usuario seud\u00f3nimos. La informaci\u00f3n se utiliza para analizar el uso del sitio web y permitir un dise\u00f1o de nuestro sitio web basado en las necesidades. La informaci\u00f3n no se transmite a terceros.    <\/p>\n\n<p>En ning\u00fan caso se asocia la direcci\u00f3n IP a otros datos relativos al usuario. Las direcciones IP se anonimizan para que no puedan asignarse (enmascaramiento de IP). El almacenamiento de los datos de uso anonimizados tiene lugar sobre la base del Art. 6 p\u00e1rr. 1 lit. f GDPR.    <\/p>\n\n<p>Se considera que el operador del sitio web tiene un inter\u00e9s leg\u00edtimo en el an\u00e1lisis an\u00f3nimo del comportamiento de los usuarios para optimizar su sitio web.<\/p>\n\n<p>Si no est\u00e1s de acuerdo con el almacenamiento y uso de tus datos, puedes desactivar el almacenamiento y uso aqu\u00ed. En este caso, se almacenar\u00e1 una cookie de inhabilitaci\u00f3n en tu navegador que impedir\u00e1 que se rastreen y almacenen tus datos de uso. Si eliminas tus cookies, tambi\u00e9n se eliminar\u00e1 esta cookie de inhabilitaci\u00f3n. La inhabilitaci\u00f3n debe reactivarse cuando vuelvas a visitar nuestro sitio.   <\/p>\n\n<span data-href=\"#moove_gdpr_cookie_modal\" class=\"change-settings-button\">Configuraci\u00f3n de las cookies<\/span>\n\n<p><strong>Integraci\u00f3n de servicios y contenidos de terceros<\/strong><\/p>\n\n<p>Sobre la base de nuestros intereses leg\u00edtimos (es decir, el inter\u00e9s en el an\u00e1lisis, la optimizaci\u00f3n y el funcionamiento econ\u00f3mico de nuestra oferta en l\u00ednea en el sentido del Art. 6 p\u00e1rr. 1 lit. f. GDPR), utilizamos ofertas de contenidos o servicios de terceros proveedores dentro de nuestra oferta en l\u00ednea. GDPR), utilizamos ofertas de contenidos o servicios de terceros proveedores para integrar sus contenidos y servicios, como v\u00eddeos o fuentes (en lo sucesivo denominados uniformemente \u00abcontenidos\u00bb).<\/p>\n\n<p>Esto presupone siempre que los terceros proveedores de este contenido reconocen la direcci\u00f3n IP del usuario, ya que no podr\u00edan enviar el contenido a su navegador sin la direcci\u00f3n IP. Por tanto, la direcci\u00f3n IP es necesaria para mostrar este contenido. Nos esforzamos por utilizar \u00fanicamente contenidos cuyos respectivos proveedores s\u00f3lo utilizan la direcci\u00f3n IP para ofrecer el contenido. Los proveedores externos tambi\u00e9n pueden utilizar las llamadas etiquetas de p\u00edxel (gr\u00e1ficos invisibles, tambi\u00e9n conocidos como \u00abbalizas web\u00bb) con fines estad\u00edsticos o de marketing. Las etiquetas de p\u00edxel pueden utilizarse para analizar informaci\u00f3n como el tr\u00e1fico de visitantes en las p\u00e1ginas de este sitio web. La informaci\u00f3n seud\u00f3nima tambi\u00e9n puede almacenarse en cookies en el dispositivo del usuario y puede contener, entre otras cosas, informaci\u00f3n t\u00e9cnica sobre el navegador y el sistema operativo, sitios web de referencia, tiempo de visita y otra informaci\u00f3n sobre el uso de nuestra oferta en l\u00ednea, as\u00ed como estar vinculada a dicha informaci\u00f3n procedente de otras fuentes.     <\/p>\n\n<p><strong>Youtube<\/strong><\/p>\n\n<p>Integramos los v\u00eddeos de la plataforma \u00abYouTube\u00bb del proveedor Google LLC, 1600 Amphitheatre Parkway, Mountain View, CA 94043, EEUU. Pol\u00edtica de privacidad: <a href=\"https:\/\/www.google.com\/policies\/privacy\/\" target=\"_blank\" rel=\"noreferrer noopener\">https:\/\/www.google.com\/policies\/privacy\/,<\/a> Opt-Out: <a href=\"https:\/\/adssettings.google.com\/authenticated\" target=\"_blank\" rel=\"noreferrer noopener\">https:\/\/adssettings.google.com\/authenticated.<\/a> <\/p>\n\n<p><strong>Vimeo<\/strong><\/p>\n\n<p>Los v\u00eddeos de la plataforma Vimeo est\u00e1n integrados en algunas subp\u00e1ginas de nuestro sitio web. El proveedor es Vimeo.com, Inc, 555 West 18th Street, New York, New York 10011, USA. Cuando accedes a estas p\u00e1ginas, Vimeo puede recoger datos personales (por ejemplo, tu direcci\u00f3n IP) y establecer cookies. Puedes encontrar m\u00e1s informaci\u00f3n en la pol\u00edtica de privacidad de Vimeo en <a>https:\/\/vimeo.com\/privacy.<\/a><\/p>\n\n<p><strong>Derechos de los interesados<\/strong><\/p>\n\n<p>Como visitante del sitio web, tienes los siguientes derechos en virtud del GDPR:<\/p>\n\n<ul class=\"wp-block-list\">\n<li>de conformidad con el Art. 15 del GDPR, solicitar informaci\u00f3n sobre tus datos personales procesados por nosotros. En particular, puedes solicitar informaci\u00f3n sobre los fines del tratamiento, la categor\u00eda de los datos personales, las categor\u00edas de destinatarios a los que se han comunicado o se comunicar\u00e1n tus datos, el per\u00edodo de conservaci\u00f3n previsto, la existencia de un derecho de rectificaci\u00f3n, supresi\u00f3n, limitaci\u00f3n del tratamiento u oposici\u00f3n, la existencia de un derecho de recurso, el origen de tus datos si no los hemos recogido nosotros, as\u00ed como la existencia de una toma de decisiones automatizada, incluida la elaboraci\u00f3n de perfiles y, si procede, informaci\u00f3n significativa sobre sus detalles; <\/li>\n\n\n\n<li>de acuerdo con el Art. 16 GDPR, a solicitar inmediatamente la correcci\u00f3n de datos personales incorrectos o incompletos almacenados por nosotros;<\/li>\n\n\n\n<li>exigir la supresi\u00f3n de tus datos personales almacenados por nosotros de conformidad con el Art. 17 GDPR, a menos que el tratamiento sea necesario para el ejercicio del derecho a la libertad de expresi\u00f3n e informaci\u00f3n, para el cumplimiento de una obligaci\u00f3n legal, por razones de inter\u00e9s p\u00fablico o para el establecimiento, ejercicio o defensa de reclamaciones legales;<\/li>\n\n\n\n<li>de conformidad con el art. 18 del RGPD, a exigir la limitaci\u00f3n del tratamiento de tus datos personales si impugnas la exactitud de los mismos, el tratamiento es il\u00edcito pero te niegas a suprimirlo y ya no necesitamos los datos, pero t\u00fa los necesitas para la formulaci\u00f3n, el ejercicio o la defensa de reclamaciones legales o has presentado una objeci\u00f3n al tratamiento de conformidad con el art. 21 del RGPD;<\/li>\n\n\n\n<li>de conformidad con el art. 20 del RGPD, a recibir los datos personales que nos hayas facilitado en un formato estructurado, de uso com\u00fan y lectura mec\u00e1nica, o a solicitar que se transmitan a otro responsable del tratamiento;<\/li>\n\n\n\n<li>de conformidad con el art. 7, apdo. 3 del RGPD, a revocar en cualquier momento el consentimiento que nos hayas dado. La consecuencia de ello es que ya no podremos continuar en el futuro con el tratamiento de datos que se bas\u00f3 en dicho consentimiento y  <\/li>\n\n\n\n<li>presentar una reclamaci\u00f3n ante una autoridad supervisora de conformidad con el Art. 77 del GDPR. Por regla general, puedes ponerte en contacto con la autoridad de control de tu lugar de residencia habitual o de tu lugar de trabajo. <\/li>\n<\/ul>\n\n<p><strong>Derecho de oposici\u00f3n<\/strong><\/p>\n\n<p>Si tus datos personales se procesan sobre la base de intereses leg\u00edtimos de acuerdo con el Art. 6 p\u00e1rrafo 1 frase 1 lit. f GDPR, tienes derecho a oponerte al procesamiento de tus datos personales de acuerdo con el Art. 21 GDPR, siempre que existan razones para ello derivadas de tu situaci\u00f3n particular o la objeci\u00f3n se dirija contra la publicidad directa. En este \u00faltimo caso, tienes un derecho general de oposici\u00f3n, que nosotros aplicaremos sin especificar una situaci\u00f3n particular.   <\/p>\n\n<p>Si deseas ejercer tu derecho de cancelaci\u00f3n u oposici\u00f3n, s\u00f3lo tienes que enviar un correo electr\u00f3nico a <a href=\"mailto:berlin@zs-l.de\">berlin@zs-l.de. <\/a> <\/p>\n\n<p><strong>Seguridad de los datos<\/strong><\/p>\n\n<p>El proveedor utiliza el m\u00e9todo generalizado SSL (Secure Socket Layer) junto con el nivel m\u00e1s alto de encriptaci\u00f3n que admita tu navegador. Por regla general, se trata de una encriptaci\u00f3n de 256 bits. Si tu navegador no admite la encriptaci\u00f3n de 256 bits, utilizamos en su lugar la tecnolog\u00eda de 128 bits v3. Puedes reconocer si una p\u00e1gina concreta de nuestro sitio web se transmite de forma encriptada por el s\u00edmbolo del candado que aparece en la barra de direcciones de tu navegador.   <\/p>\n","protected":false},"excerpt":{"rendered":"<p>Pol\u00edtica de privacidad Esta pol\u00edtica de privacidad aclara la naturaleza, el alcance y la finalidad del tratamiento de datos personales (en lo sucesivo, \u00abdatos\u00bb) dentro de nuestra oferta en l\u00ednea y los sitios web, funciones y contenidos asociados, as\u00ed como las presencias en l\u00ednea externas, como nuestro perfil en las redes sociales (en lo sucesivo,&#8230;<\/p>\n","protected":false},"author":1,"featured_media":0,"parent":0,"menu_order":46,"comment_status":"closed","ping_status":"closed","template":"","meta":{"footnotes":""},"class_list":["post-15079","page","type-page","status-publish"],"yoast_head":"<!-- This site is optimized with the Yoast SEO plugin v27.3 - https:\/\/yoast.com\/product\/yoast-seo-wordpress\/ -->\n<title>Protecci\u00f3n de datos - 2000m2<\/title>\n<meta name=\"robots\" content=\"index, follow, max-snippet:-1, max-image-preview:large, max-video-preview:-1\" \/>\n<link rel=\"canonical\" href=\"https:\/\/www.2000m2.eu\/es\/proteccion-de-datos\/\" \/>\n<meta property=\"og:locale\" content=\"es_ES\" \/>\n<meta property=\"og:type\" content=\"article\" \/>\n<meta property=\"og:title\" content=\"Protecci\u00f3n de datos - 2000m2\" \/>\n<meta property=\"og:description\" content=\"Pol\u00edtica de privacidad Esta pol\u00edtica de privacidad aclara la naturaleza, el alcance y la finalidad del tratamiento de datos personales (en lo sucesivo, \u00abdatos\u00bb) dentro de nuestra oferta en l\u00ednea y los sitios web, funciones y contenidos asociados, as\u00ed como las presencias en l\u00ednea externas, como nuestro perfil en las redes sociales (en lo sucesivo,...\" \/>\n<meta property=\"og:url\" content=\"https:\/\/www.2000m2.eu\/es\/proteccion-de-datos\/\" \/>\n<meta property=\"og:site_name\" content=\"2000m2\" \/>\n<meta property=\"article:modified_time\" content=\"2025-09-02T18:44:34+00:00\" \/>\n<meta name=\"twitter:card\" content=\"summary_large_image\" \/>\n<meta name=\"twitter:label1\" content=\"Tiempo de lectura\" \/>\n\t<meta name=\"twitter:data1\" content=\"10 minutos\" \/>\n<script type=\"application\/ld+json\" class=\"yoast-schema-graph\">{\"@context\":\"https:\\\/\\\/schema.org\",\"@graph\":[{\"@type\":\"WebPage\",\"@id\":\"https:\\\/\\\/www.2000m2.eu\\\/es\\\/proteccion-de-datos\\\/\",\"url\":\"https:\\\/\\\/www.2000m2.eu\\\/es\\\/proteccion-de-datos\\\/\",\"name\":\"Protecci\u00f3n de datos - 2000m2\",\"isPartOf\":{\"@id\":\"https:\\\/\\\/www.2000m2.eu\\\/es\\\/#website\"},\"datePublished\":\"2024-07-24T11:13:42+00:00\",\"dateModified\":\"2025-09-02T18:44:34+00:00\",\"breadcrumb\":{\"@id\":\"https:\\\/\\\/www.2000m2.eu\\\/es\\\/proteccion-de-datos\\\/#breadcrumb\"},\"inLanguage\":\"es\",\"potentialAction\":[{\"@type\":\"ReadAction\",\"target\":[\"https:\\\/\\\/www.2000m2.eu\\\/es\\\/proteccion-de-datos\\\/\"]}]},{\"@type\":\"BreadcrumbList\",\"@id\":\"https:\\\/\\\/www.2000m2.eu\\\/es\\\/proteccion-de-datos\\\/#breadcrumb\",\"itemListElement\":[{\"@type\":\"ListItem\",\"position\":1,\"name\":\"Home\",\"item\":\"https:\\\/\\\/www.2000m2.eu\\\/es\\\/\"},{\"@type\":\"ListItem\",\"position\":2,\"name\":\"Protecci\u00f3n de datos\"}]},{\"@type\":\"WebSite\",\"@id\":\"https:\\\/\\\/www.2000m2.eu\\\/es\\\/#website\",\"url\":\"https:\\\/\\\/www.2000m2.eu\\\/es\\\/\",\"name\":\"2000m2\",\"description\":\"\",\"publisher\":{\"@id\":\"https:\\\/\\\/www.2000m2.eu\\\/es\\\/#organization\"},\"potentialAction\":[{\"@type\":\"SearchAction\",\"target\":{\"@type\":\"EntryPoint\",\"urlTemplate\":\"https:\\\/\\\/www.2000m2.eu\\\/es\\\/?s={search_term_string}\"},\"query-input\":{\"@type\":\"PropertyValueSpecification\",\"valueRequired\":true,\"valueName\":\"search_term_string\"}}],\"inLanguage\":\"es\"},{\"@type\":\"Organization\",\"@id\":\"https:\\\/\\\/www.2000m2.eu\\\/es\\\/#organization\",\"name\":\"2000m2\",\"url\":\"https:\\\/\\\/www.2000m2.eu\\\/es\\\/\",\"logo\":{\"@type\":\"ImageObject\",\"inLanguage\":\"es\",\"@id\":\"https:\\\/\\\/www.2000m2.eu\\\/es\\\/#\\\/schema\\\/logo\\\/image\\\/\",\"url\":\"https:\\\/\\\/www.2000m2.eu\\\/wp-content\\\/uploads\\\/logo.png\",\"contentUrl\":\"https:\\\/\\\/www.2000m2.eu\\\/wp-content\\\/uploads\\\/logo.png\",\"width\":445,\"height\":140,\"caption\":\"2000m2\"},\"image\":{\"@id\":\"https:\\\/\\\/www.2000m2.eu\\\/es\\\/#\\\/schema\\\/logo\\\/image\\\/\"}}]}<\/script>\n<!-- \/ Yoast SEO plugin. -->","yoast_head_json":{"title":"Protecci\u00f3n de datos - 2000m2","robots":{"index":"index","follow":"follow","max-snippet":"max-snippet:-1","max-image-preview":"max-image-preview:large","max-video-preview":"max-video-preview:-1"},"canonical":"https:\/\/www.2000m2.eu\/es\/proteccion-de-datos\/","og_locale":"es_ES","og_type":"article","og_title":"Protecci\u00f3n de datos - 2000m2","og_description":"Pol\u00edtica de privacidad Esta pol\u00edtica de privacidad aclara la naturaleza, el alcance y la finalidad del tratamiento de datos personales (en lo sucesivo, \u00abdatos\u00bb) dentro de nuestra oferta en l\u00ednea y los sitios web, funciones y contenidos asociados, as\u00ed como las presencias en l\u00ednea externas, como nuestro perfil en las redes sociales (en lo sucesivo,...","og_url":"https:\/\/www.2000m2.eu\/es\/proteccion-de-datos\/","og_site_name":"2000m2","article_modified_time":"2025-09-02T18:44:34+00:00","twitter_card":"summary_large_image","twitter_misc":{"Tiempo de lectura":"10 minutos"},"schema":{"@context":"https:\/\/schema.org","@graph":[{"@type":"WebPage","@id":"https:\/\/www.2000m2.eu\/es\/proteccion-de-datos\/","url":"https:\/\/www.2000m2.eu\/es\/proteccion-de-datos\/","name":"Protecci\u00f3n de datos - 2000m2","isPartOf":{"@id":"https:\/\/www.2000m2.eu\/es\/#website"},"datePublished":"2024-07-24T11:13:42+00:00","dateModified":"2025-09-02T18:44:34+00:00","breadcrumb":{"@id":"https:\/\/www.2000m2.eu\/es\/proteccion-de-datos\/#breadcrumb"},"inLanguage":"es","potentialAction":[{"@type":"ReadAction","target":["https:\/\/www.2000m2.eu\/es\/proteccion-de-datos\/"]}]},{"@type":"BreadcrumbList","@id":"https:\/\/www.2000m2.eu\/es\/proteccion-de-datos\/#breadcrumb","itemListElement":[{"@type":"ListItem","position":1,"name":"Home","item":"https:\/\/www.2000m2.eu\/es\/"},{"@type":"ListItem","position":2,"name":"Protecci\u00f3n de datos"}]},{"@type":"WebSite","@id":"https:\/\/www.2000m2.eu\/es\/#website","url":"https:\/\/www.2000m2.eu\/es\/","name":"2000m2","description":"","publisher":{"@id":"https:\/\/www.2000m2.eu\/es\/#organization"},"potentialAction":[{"@type":"SearchAction","target":{"@type":"EntryPoint","urlTemplate":"https:\/\/www.2000m2.eu\/es\/?s={search_term_string}"},"query-input":{"@type":"PropertyValueSpecification","valueRequired":true,"valueName":"search_term_string"}}],"inLanguage":"es"},{"@type":"Organization","@id":"https:\/\/www.2000m2.eu\/es\/#organization","name":"2000m2","url":"https:\/\/www.2000m2.eu\/es\/","logo":{"@type":"ImageObject","inLanguage":"es","@id":"https:\/\/www.2000m2.eu\/es\/#\/schema\/logo\/image\/","url":"https:\/\/www.2000m2.eu\/wp-content\/uploads\/logo.png","contentUrl":"https:\/\/www.2000m2.eu\/wp-content\/uploads\/logo.png","width":445,"height":140,"caption":"2000m2"},"image":{"@id":"https:\/\/www.2000m2.eu\/es\/#\/schema\/logo\/image\/"}}]}},"_links":{"self":[{"href":"https:\/\/www.2000m2.eu\/es\/wp-json\/wp\/v2\/pages\/15079","targetHints":{"allow":["GET"]}}],"collection":[{"href":"https:\/\/www.2000m2.eu\/es\/wp-json\/wp\/v2\/pages"}],"about":[{"href":"https:\/\/www.2000m2.eu\/es\/wp-json\/wp\/v2\/types\/page"}],"author":[{"embeddable":true,"href":"https:\/\/www.2000m2.eu\/es\/wp-json\/wp\/v2\/users\/1"}],"replies":[{"embeddable":true,"href":"https:\/\/www.2000m2.eu\/es\/wp-json\/wp\/v2\/comments?post=15079"}],"version-history":[{"count":1,"href":"https:\/\/www.2000m2.eu\/es\/wp-json\/wp\/v2\/pages\/15079\/revisions"}],"predecessor-version":[{"id":15080,"href":"https:\/\/www.2000m2.eu\/es\/wp-json\/wp\/v2\/pages\/15079\/revisions\/15080"}],"wp:attachment":[{"href":"https:\/\/www.2000m2.eu\/es\/wp-json\/wp\/v2\/media?parent=15079"}],"curies":[{"name":"wp","href":"https:\/\/api.w.org\/{rel}","templated":true}]}}