{"id":25443,"date":"2025-12-01T09:05:39","date_gmt":"2025-12-01T09:05:39","guid":{"rendered":"https:\/\/www.2000m2.eu\/accesibilidad\/"},"modified":"2025-12-01T09:11:15","modified_gmt":"2025-12-01T09:11:15","slug":"accesibilidad","status":"publish","type":"page","link":"https:\/\/www.2000m2.eu\/es\/accesibilidad\/","title":{"rendered":"Accesibilidad"},"content":{"rendered":"\n<h1 class=\"wp-block-heading\">Declaraci\u00f3n sobre accesibilidad<\/h1>\n\n<p>Esta declaraci\u00f3n sobre accesibilidad se aplica a todas las versiones ling\u00fc\u00edsticas del sitio web <a href=\"http:\/\/www.2000m2.eu\/de\" target=\"_blank\" rel=\"noreferrer noopener\">www.2000m2.eu<\/a>.<br\/>Zukunftsstiftung Landwirtschaft (dentro de GLS Treuhand e.V.) se compromete a hacer accesibles sus servicios digitales al mayor n\u00famero posible de personas.<\/p>\n\n<h2 class=\"wp-block-heading\">Descripci\u00f3n del servicio<\/h2>\n\n<p>Puedes hacer donativos en nuestro sitio web, ponerte en contacto con nosotros e inscribirte (gratuitamente) en actos.<\/p>\n\n<h2 class=\"wp-block-heading\">Estado de compatibilidad con los requisitos<\/h2>\n\n<p>La accesibilidad del sitio web se basa en los requisitos de las Pautas de Accesibilidad al Contenido en la Web (WCAG) 2.1 en el nivel de conformidad AA, as\u00ed como en los requisitos de accesibilidad digital aplicables en la Uni\u00f3n Europea y en Alemania, en particular la Directiva (UE) 2016\/2102, la Barrierefreie-Informationstechnik-Verordnung (BITV 2.0), la Barrierefreiheitsst\u00e4rkungsgesetz (BFSG) y la Barrierefreiheitsst\u00e4rkungsverordnung (BFSGV), en su caso.<\/p>\n\n<p>La prueba de accesibilidad se llev\u00f3 a cabo utilizando el software de pruebas Eye-Able, que analiza los sitios web en funci\u00f3n de las normas seg\u00fan los criterios WCAG.<\/p>\n\n<h2 class=\"wp-block-heading\">Restricciones conocidas  <\/h2>\n\n<p>A pesar de nuestros esfuerzos, pueden seguir aplic\u00e1ndose las siguientes restricciones:<\/p>\n\n<ul class=\"wp-block-list\">\n<li>Es posible que algunos contenidos, especialmente los documentos y soportes PDF m\u00e1s antiguos, a\u00fan no sean totalmente accesibles.<\/li>\n\n\n\n<li>En algunos lugares el tama\u00f1o de la letra puede ser peque\u00f1o y los textos alternativos a las im\u00e1genes y enlaces pueden ser m\u00e1s cortos o m\u00e1s largos de lo recomendado.  <\/li>\n<\/ul>\n\n<p>Trabajamos continuamente para eliminar estas restricciones y aplicar nuevas mejoras.<\/p>\n\n<p>Esta declaraci\u00f3n se cre\u00f3 el <strong>01\/12\/2025<\/strong>. El sitio web fue revisado con la ayuda de una comprobaci\u00f3n WCAG automatizada por Eye-Able y las subsiguientes correcciones t\u00e9cnicas basadas en los resultados obtenidos. <\/p>\n\n<h2 class=\"wp-block-heading\">Comentarios y datos de contacto<\/h2>\n\n<p>\u00bfTienes alg\u00fan comentario sobre las barreras de este sitio web? Ponte en contacto con nosotros. Te explicaremos qu\u00e9 barreras existen. Puedes averiguar qu\u00e9 excepciones hemos hecho. Responderemos a tus preguntas lo antes posible, pero a m\u00e1s tardar en el plazo legal de un mes. Gracias por tus comentarios. Puedes ponerte en contacto con nosotros en la siguiente direcci\u00f3n      <\/p>\n\n<p>Responsable del contenido y mantenimiento del sitio web:<br\/>Zukunftsstiftung Landwirtschaft<br\/>Marienstra\u00dfe 19-20<br\/>10117 Berlin<\/p>\n\n<p>info@2000m2.eu <\/p>\n\n<p>\u00bfHas encontrado un obst\u00e1culo? Ponte en contacto con nosotros y facil\u00edtanos una descripci\u00f3n lo m\u00e1s precisa posible del problema, as\u00ed como la URL de la p\u00e1gina afectada. Nos esforzaremos por procesar tu solicitud lo m\u00e1s r\u00e1pidamente posible y solucionar la situaci\u00f3n.  <\/p>\n\n<p><\/p>\n","protected":false},"excerpt":{"rendered":"<p>Declaraci\u00f3n sobre accesibilidad Esta declaraci\u00f3n sobre accesibilidad se aplica a todas las versiones ling\u00fc\u00edsticas del sitio web www.2000m2.eu.Zukunftsstiftung Landwirtschaft (dentro de GLS Treuhand e.V.) se compromete a hacer accesibles sus servicios digitales al mayor n\u00famero posible de personas. Descripci\u00f3n del servicio Puedes hacer donativos en nuestro sitio web, ponerte en contacto con nosotros e inscribirte&#8230;<\/p>\n","protected":false},"author":1,"featured_media":0,"parent":0,"menu_order":0,"comment_status":"closed","ping_status":"closed","template":"","meta":{"footnotes":""},"class_list":["post-25443","page","type-page","status-publish"],"yoast_head":"<!-- This site is optimized with the Yoast SEO plugin v27.3 - https:\/\/yoast.com\/product\/yoast-seo-wordpress\/ -->\n<title>Accesibilidad - 2000m2<\/title>\n<meta name=\"robots\" content=\"index, follow, max-snippet:-1, max-image-preview:large, max-video-preview:-1\" \/>\n<link rel=\"canonical\" href=\"https:\/\/www.2000m2.eu\/es\/accesibilidad\/\" \/>\n<meta property=\"og:locale\" content=\"es_ES\" \/>\n<meta property=\"og:type\" content=\"article\" \/>\n<meta property=\"og:title\" content=\"Accesibilidad - 2000m2\" \/>\n<meta property=\"og:description\" content=\"Declaraci\u00f3n sobre accesibilidad Esta declaraci\u00f3n sobre accesibilidad se aplica a todas las versiones ling\u00fc\u00edsticas del sitio web www.2000m2.eu.Zukunftsstiftung Landwirtschaft (dentro de GLS Treuhand e.V.) se compromete a hacer accesibles sus servicios digitales al mayor n\u00famero posible de personas. Descripci\u00f3n del servicio Puedes hacer donativos en nuestro sitio web, ponerte en contacto con nosotros e inscribirte...\" \/>\n<meta property=\"og:url\" content=\"https:\/\/www.2000m2.eu\/es\/accesibilidad\/\" \/>\n<meta property=\"og:site_name\" content=\"2000m2\" \/>\n<meta property=\"article:modified_time\" content=\"2025-12-01T09:11:15+00:00\" \/>\n<meta name=\"twitter:card\" content=\"summary_large_image\" \/>\n<meta name=\"twitter:label1\" content=\"Tiempo de lectura\" \/>\n\t<meta name=\"twitter:data1\" content=\"2 minutos\" \/>\n<script type=\"application\/ld+json\" class=\"yoast-schema-graph\">{\"@context\":\"https:\\\/\\\/schema.org\",\"@graph\":[{\"@type\":\"WebPage\",\"@id\":\"https:\\\/\\\/www.2000m2.eu\\\/es\\\/accesibilidad\\\/\",\"url\":\"https:\\\/\\\/www.2000m2.eu\\\/es\\\/accesibilidad\\\/\",\"name\":\"Accesibilidad - 2000m2\",\"isPartOf\":{\"@id\":\"https:\\\/\\\/www.2000m2.eu\\\/es\\\/#website\"},\"datePublished\":\"2025-12-01T09:05:39+00:00\",\"dateModified\":\"2025-12-01T09:11:15+00:00\",\"breadcrumb\":{\"@id\":\"https:\\\/\\\/www.2000m2.eu\\\/es\\\/accesibilidad\\\/#breadcrumb\"},\"inLanguage\":\"es\",\"potentialAction\":[{\"@type\":\"ReadAction\",\"target\":[\"https:\\\/\\\/www.2000m2.eu\\\/es\\\/accesibilidad\\\/\"]}]},{\"@type\":\"BreadcrumbList\",\"@id\":\"https:\\\/\\\/www.2000m2.eu\\\/es\\\/accesibilidad\\\/#breadcrumb\",\"itemListElement\":[{\"@type\":\"ListItem\",\"position\":1,\"name\":\"Home\",\"item\":\"https:\\\/\\\/www.2000m2.eu\\\/es\\\/\"},{\"@type\":\"ListItem\",\"position\":2,\"name\":\"Accesibilidad\"}]},{\"@type\":\"WebSite\",\"@id\":\"https:\\\/\\\/www.2000m2.eu\\\/es\\\/#website\",\"url\":\"https:\\\/\\\/www.2000m2.eu\\\/es\\\/\",\"name\":\"2000m2\",\"description\":\"\",\"publisher\":{\"@id\":\"https:\\\/\\\/www.2000m2.eu\\\/es\\\/#organization\"},\"potentialAction\":[{\"@type\":\"SearchAction\",\"target\":{\"@type\":\"EntryPoint\",\"urlTemplate\":\"https:\\\/\\\/www.2000m2.eu\\\/es\\\/?s={search_term_string}\"},\"query-input\":{\"@type\":\"PropertyValueSpecification\",\"valueRequired\":true,\"valueName\":\"search_term_string\"}}],\"inLanguage\":\"es\"},{\"@type\":\"Organization\",\"@id\":\"https:\\\/\\\/www.2000m2.eu\\\/es\\\/#organization\",\"name\":\"2000m2\",\"url\":\"https:\\\/\\\/www.2000m2.eu\\\/es\\\/\",\"logo\":{\"@type\":\"ImageObject\",\"inLanguage\":\"es\",\"@id\":\"https:\\\/\\\/www.2000m2.eu\\\/es\\\/#\\\/schema\\\/logo\\\/image\\\/\",\"url\":\"https:\\\/\\\/www.2000m2.eu\\\/wp-content\\\/uploads\\\/logo.png\",\"contentUrl\":\"https:\\\/\\\/www.2000m2.eu\\\/wp-content\\\/uploads\\\/logo.png\",\"width\":445,\"height\":140,\"caption\":\"2000m2\"},\"image\":{\"@id\":\"https:\\\/\\\/www.2000m2.eu\\\/es\\\/#\\\/schema\\\/logo\\\/image\\\/\"}}]}<\/script>\n<!-- \/ Yoast SEO plugin. -->","yoast_head_json":{"title":"Accesibilidad - 2000m2","robots":{"index":"index","follow":"follow","max-snippet":"max-snippet:-1","max-image-preview":"max-image-preview:large","max-video-preview":"max-video-preview:-1"},"canonical":"https:\/\/www.2000m2.eu\/es\/accesibilidad\/","og_locale":"es_ES","og_type":"article","og_title":"Accesibilidad - 2000m2","og_description":"Declaraci\u00f3n sobre accesibilidad Esta declaraci\u00f3n sobre accesibilidad se aplica a todas las versiones ling\u00fc\u00edsticas del sitio web www.2000m2.eu.Zukunftsstiftung Landwirtschaft (dentro de GLS Treuhand e.V.) se compromete a hacer accesibles sus servicios digitales al mayor n\u00famero posible de personas. Descripci\u00f3n del servicio Puedes hacer donativos en nuestro sitio web, ponerte en contacto con nosotros e inscribirte...","og_url":"https:\/\/www.2000m2.eu\/es\/accesibilidad\/","og_site_name":"2000m2","article_modified_time":"2025-12-01T09:11:15+00:00","twitter_card":"summary_large_image","twitter_misc":{"Tiempo de lectura":"2 minutos"},"schema":{"@context":"https:\/\/schema.org","@graph":[{"@type":"WebPage","@id":"https:\/\/www.2000m2.eu\/es\/accesibilidad\/","url":"https:\/\/www.2000m2.eu\/es\/accesibilidad\/","name":"Accesibilidad - 2000m2","isPartOf":{"@id":"https:\/\/www.2000m2.eu\/es\/#website"},"datePublished":"2025-12-01T09:05:39+00:00","dateModified":"2025-12-01T09:11:15+00:00","breadcrumb":{"@id":"https:\/\/www.2000m2.eu\/es\/accesibilidad\/#breadcrumb"},"inLanguage":"es","potentialAction":[{"@type":"ReadAction","target":["https:\/\/www.2000m2.eu\/es\/accesibilidad\/"]}]},{"@type":"BreadcrumbList","@id":"https:\/\/www.2000m2.eu\/es\/accesibilidad\/#breadcrumb","itemListElement":[{"@type":"ListItem","position":1,"name":"Home","item":"https:\/\/www.2000m2.eu\/es\/"},{"@type":"ListItem","position":2,"name":"Accesibilidad"}]},{"@type":"WebSite","@id":"https:\/\/www.2000m2.eu\/es\/#website","url":"https:\/\/www.2000m2.eu\/es\/","name":"2000m2","description":"","publisher":{"@id":"https:\/\/www.2000m2.eu\/es\/#organization"},"potentialAction":[{"@type":"SearchAction","target":{"@type":"EntryPoint","urlTemplate":"https:\/\/www.2000m2.eu\/es\/?s={search_term_string}"},"query-input":{"@type":"PropertyValueSpecification","valueRequired":true,"valueName":"search_term_string"}}],"inLanguage":"es"},{"@type":"Organization","@id":"https:\/\/www.2000m2.eu\/es\/#organization","name":"2000m2","url":"https:\/\/www.2000m2.eu\/es\/","logo":{"@type":"ImageObject","inLanguage":"es","@id":"https:\/\/www.2000m2.eu\/es\/#\/schema\/logo\/image\/","url":"https:\/\/www.2000m2.eu\/wp-content\/uploads\/logo.png","contentUrl":"https:\/\/www.2000m2.eu\/wp-content\/uploads\/logo.png","width":445,"height":140,"caption":"2000m2"},"image":{"@id":"https:\/\/www.2000m2.eu\/es\/#\/schema\/logo\/image\/"}}]}},"_links":{"self":[{"href":"https:\/\/www.2000m2.eu\/es\/wp-json\/wp\/v2\/pages\/25443","targetHints":{"allow":["GET"]}}],"collection":[{"href":"https:\/\/www.2000m2.eu\/es\/wp-json\/wp\/v2\/pages"}],"about":[{"href":"https:\/\/www.2000m2.eu\/es\/wp-json\/wp\/v2\/types\/page"}],"author":[{"embeddable":true,"href":"https:\/\/www.2000m2.eu\/es\/wp-json\/wp\/v2\/users\/1"}],"replies":[{"embeddable":true,"href":"https:\/\/www.2000m2.eu\/es\/wp-json\/wp\/v2\/comments?post=25443"}],"version-history":[{"count":1,"href":"https:\/\/www.2000m2.eu\/es\/wp-json\/wp\/v2\/pages\/25443\/revisions"}],"predecessor-version":[{"id":25444,"href":"https:\/\/www.2000m2.eu\/es\/wp-json\/wp\/v2\/pages\/25443\/revisions\/25444"}],"wp:attachment":[{"href":"https:\/\/www.2000m2.eu\/es\/wp-json\/wp\/v2\/media?parent=25443"}],"curies":[{"name":"wp","href":"https:\/\/api.w.org\/{rel}","templated":true}]}}