{"id":25437,"date":"2025-12-01T09:05:39","date_gmt":"2025-12-01T09:05:39","guid":{"rendered":"https:\/\/www.2000m2.eu\/accessibilite\/"},"modified":"2025-12-01T09:09:14","modified_gmt":"2025-12-01T09:09:14","slug":"accessibilite","status":"publish","type":"page","link":"https:\/\/www.2000m2.eu\/fr\/accessibilite\/","title":{"rendered":"Accessibilit\u00e9"},"content":{"rendered":"\n<h1 class=\"wp-block-heading\">D\u00e9claration d&rsquo;accessibilit\u00e9<\/h1>\n\n<p>Cette d\u00e9claration d&rsquo;accessibilit\u00e9 s&rsquo;applique \u00e0 toutes les versions linguistiques du site <a href=\"http:\/\/www.2000m2.eu\/de\" target=\"_blank\" rel=\"noreferrer noopener\">www.2000m2.eu.<\/a><br\/>La Zukunftsstiftung Landwirtschaft (au sein de GLS Treuhand e.V.) s&rsquo;engage \u00e0 rendre ses offres num\u00e9riques accessibles au plus grand nombre.<\/p>\n\n<h2 class=\"wp-block-heading\">Description du service<\/h2>\n\n<p>Vous pouvez faire des dons, nous contacter et vous inscrire (gratuitement) \u00e0 des \u00e9v\u00e9nements sur notre site.<\/p>\n\n<h2 class=\"wp-block-heading\">\u00c9tat de la compatibilit\u00e9 avec les exigences<\/h2>\n\n<p>L&rsquo;accessibilit\u00e9 du site Web s&rsquo;oriente vers les exigences des Web Content Accessibility Guidelines (WCAG) 2.1 au niveau de conformit\u00e9 AA ainsi que vers les prescriptions en vigueur dans l&rsquo;Union europ\u00e9enne et en Allemagne en mati\u00e8re d&rsquo;accessibilit\u00e9 num\u00e9rique, notamment la directive (UE) 2016\/2102, le r\u00e8glement sur les technologies de l&rsquo;information sans barri\u00e8res (BITV 2.0), la loi sur le renforcement de l&rsquo;accessibilit\u00e9 (BFSG) et le r\u00e8glement sur le renforcement de l&rsquo;accessibilit\u00e9 (BFSGV), le cas \u00e9ch\u00e9ant.<\/p>\n\n<p>Le contr\u00f4le de l&rsquo;accessibilit\u00e9 a \u00e9t\u00e9 effectu\u00e9 \u00e0 l&rsquo;aide du logiciel de contr\u00f4le Eye-Able, qui analyse les sites Web selon les crit\u00e8res WCAG sur la base de normes.<\/p>\n\n<h2 class=\"wp-block-heading\">Restrictions connues  <\/h2>\n\n<p>Malgr\u00e9 nos efforts, les restrictions suivantes peuvent encore exister \u00e0 l&rsquo;heure actuelle :<\/p>\n\n<ul class=\"wp-block-list\">\n<li>Certains contenus, notamment les anciens documents PDF et les m\u00e9dias, peuvent ne pas \u00eatre encore totalement accessibles.<\/li>\n\n\n\n<li>A certains endroits, la taille de la police peut \u00eatre petite et les textes alternatifs aux images et aux liens peuvent \u00eatre plus courts ou plus longs que ceux recommand\u00e9s.  <\/li>\n<\/ul>\n\n<p>Nous travaillons en permanence \u00e0 la r\u00e9solution de ces limitations et \u00e0 la mise en \u0153uvre d&rsquo;autres am\u00e9liorations.<\/p>\n\n<p>Cette d\u00e9claration a \u00e9t\u00e9 \u00e9tablie le <strong>01.12.2025<\/strong>. Le site a \u00e9t\u00e9 v\u00e9rifi\u00e9 \u00e0 l&rsquo;aide d&rsquo;un contr\u00f4le WCAG automatis\u00e9 par Eye-Able, puis des corrections techniques ont \u00e9t\u00e9 apport\u00e9es sur la base des r\u00e9sultats obtenus. <\/p>\n\n<h2 class=\"wp-block-heading\">R\u00e9action et coordonn\u00e9es<\/h2>\n\n<p>Vous avez un commentaire ou une remarque concernant les barri\u00e8res sur ce site ? N&rsquo;h\u00e9sitez pas \u00e0 nous contacter. Nous vous expliquerons quelles sont les barri\u00e8res existantes. Vous pouvez vous renseigner sur les exceptions que nous avons faites. Nous r\u00e9pondrons \u00e0 vos questions dans les meilleurs d\u00e9lais, et au plus tard dans le d\u00e9lai l\u00e9gal d&rsquo;un mois. Nous vous remercions de vos commentaires. Vous pouvez nous contacter \u00e0 l&rsquo;adresse suivante :      <\/p>\n\n<p>Responsable du contenu et de la maintenance du site web :<br\/>Zukunftsstiftung Landwirtschaft<br\/>Marienstra\u00dfe 19-20<br\/>10117 Berlin<\/p>\n\n<p>info@2000m2.eu <\/p>\n\n<p>Vous avez rencontr\u00e9 des barri\u00e8res ? Veuillez nous contacter en fournissant une description aussi pr\u00e9cise que possible du probl\u00e8me et l&rsquo;URL de la page concern\u00e9e. Nous nous efforcerons de traiter votre demande et d&rsquo;y rem\u00e9dier dans les meilleurs d\u00e9lais.  <\/p>\n\n<p><\/p>\n","protected":false},"excerpt":{"rendered":"<p>D\u00e9claration d&rsquo;accessibilit\u00e9 Cette d\u00e9claration d&rsquo;accessibilit\u00e9 s&rsquo;applique \u00e0 toutes les versions linguistiques du site www.2000m2.eu.La Zukunftsstiftung Landwirtschaft (au sein de GLS Treuhand e.V.) s&rsquo;engage \u00e0 rendre ses offres num\u00e9riques accessibles au plus grand nombre. Description du service Vous pouvez faire des dons, nous contacter et vous inscrire (gratuitement) \u00e0 des \u00e9v\u00e9nements sur notre site. \u00c9tat de&#8230;<\/p>\n","protected":false},"author":1,"featured_media":0,"parent":0,"menu_order":0,"comment_status":"closed","ping_status":"closed","template":"","meta":{"footnotes":""},"class_list":["post-25437","page","type-page","status-publish"],"yoast_head":"<!-- This site is optimized with the Yoast SEO plugin v27.3 - https:\/\/yoast.com\/product\/yoast-seo-wordpress\/ -->\n<title>Accessibilit\u00e9 - 2000m2<\/title>\n<meta name=\"robots\" content=\"index, follow, max-snippet:-1, max-image-preview:large, max-video-preview:-1\" \/>\n<link rel=\"canonical\" href=\"https:\/\/www.2000m2.eu\/fr\/accessibilite\/\" \/>\n<meta property=\"og:locale\" content=\"fr_FR\" \/>\n<meta property=\"og:type\" content=\"article\" \/>\n<meta property=\"og:title\" content=\"Accessibilit\u00e9 - 2000m2\" \/>\n<meta property=\"og:description\" content=\"D\u00e9claration d&rsquo;accessibilit\u00e9 Cette d\u00e9claration d&rsquo;accessibilit\u00e9 s&rsquo;applique \u00e0 toutes les versions linguistiques du site www.2000m2.eu.La Zukunftsstiftung Landwirtschaft (au sein de GLS Treuhand e.V.) s&rsquo;engage \u00e0 rendre ses offres num\u00e9riques accessibles au plus grand nombre. Description du service Vous pouvez faire des dons, nous contacter et vous inscrire (gratuitement) \u00e0 des \u00e9v\u00e9nements sur notre site. \u00c9tat de...\" \/>\n<meta property=\"og:url\" content=\"https:\/\/www.2000m2.eu\/fr\/accessibilite\/\" \/>\n<meta property=\"og:site_name\" content=\"2000m2\" \/>\n<meta property=\"article:modified_time\" content=\"2025-12-01T09:09:14+00:00\" \/>\n<meta name=\"twitter:card\" content=\"summary_large_image\" \/>\n<meta name=\"twitter:label1\" content=\"Dur\u00e9e de lecture estim\u00e9e\" \/>\n\t<meta name=\"twitter:data1\" content=\"2 minutes\" \/>\n<script type=\"application\/ld+json\" class=\"yoast-schema-graph\">{\"@context\":\"https:\\\/\\\/schema.org\",\"@graph\":[{\"@type\":\"WebPage\",\"@id\":\"https:\\\/\\\/www.2000m2.eu\\\/fr\\\/accessibilite\\\/\",\"url\":\"https:\\\/\\\/www.2000m2.eu\\\/fr\\\/accessibilite\\\/\",\"name\":\"Accessibilit\u00e9 - 2000m2\",\"isPartOf\":{\"@id\":\"https:\\\/\\\/www.2000m2.eu\\\/fr\\\/#website\"},\"datePublished\":\"2025-12-01T09:05:39+00:00\",\"dateModified\":\"2025-12-01T09:09:14+00:00\",\"breadcrumb\":{\"@id\":\"https:\\\/\\\/www.2000m2.eu\\\/fr\\\/accessibilite\\\/#breadcrumb\"},\"inLanguage\":\"fr-FR\",\"potentialAction\":[{\"@type\":\"ReadAction\",\"target\":[\"https:\\\/\\\/www.2000m2.eu\\\/fr\\\/accessibilite\\\/\"]}]},{\"@type\":\"BreadcrumbList\",\"@id\":\"https:\\\/\\\/www.2000m2.eu\\\/fr\\\/accessibilite\\\/#breadcrumb\",\"itemListElement\":[{\"@type\":\"ListItem\",\"position\":1,\"name\":\"Home\",\"item\":\"https:\\\/\\\/www.2000m2.eu\\\/fr\\\/\"},{\"@type\":\"ListItem\",\"position\":2,\"name\":\"Accessibilit\u00e9\"}]},{\"@type\":\"WebSite\",\"@id\":\"https:\\\/\\\/www.2000m2.eu\\\/fr\\\/#website\",\"url\":\"https:\\\/\\\/www.2000m2.eu\\\/fr\\\/\",\"name\":\"2000m2\",\"description\":\"\",\"publisher\":{\"@id\":\"https:\\\/\\\/www.2000m2.eu\\\/fr\\\/#organization\"},\"potentialAction\":[{\"@type\":\"SearchAction\",\"target\":{\"@type\":\"EntryPoint\",\"urlTemplate\":\"https:\\\/\\\/www.2000m2.eu\\\/fr\\\/?s={search_term_string}\"},\"query-input\":{\"@type\":\"PropertyValueSpecification\",\"valueRequired\":true,\"valueName\":\"search_term_string\"}}],\"inLanguage\":\"fr-FR\"},{\"@type\":\"Organization\",\"@id\":\"https:\\\/\\\/www.2000m2.eu\\\/fr\\\/#organization\",\"name\":\"2000m2\",\"url\":\"https:\\\/\\\/www.2000m2.eu\\\/fr\\\/\",\"logo\":{\"@type\":\"ImageObject\",\"inLanguage\":\"fr-FR\",\"@id\":\"https:\\\/\\\/www.2000m2.eu\\\/fr\\\/#\\\/schema\\\/logo\\\/image\\\/\",\"url\":\"https:\\\/\\\/www.2000m2.eu\\\/wp-content\\\/uploads\\\/logo.png\",\"contentUrl\":\"https:\\\/\\\/www.2000m2.eu\\\/wp-content\\\/uploads\\\/logo.png\",\"width\":445,\"height\":140,\"caption\":\"2000m2\"},\"image\":{\"@id\":\"https:\\\/\\\/www.2000m2.eu\\\/fr\\\/#\\\/schema\\\/logo\\\/image\\\/\"}}]}<\/script>\n<!-- \/ Yoast SEO plugin. -->","yoast_head_json":{"title":"Accessibilit\u00e9 - 2000m2","robots":{"index":"index","follow":"follow","max-snippet":"max-snippet:-1","max-image-preview":"max-image-preview:large","max-video-preview":"max-video-preview:-1"},"canonical":"https:\/\/www.2000m2.eu\/fr\/accessibilite\/","og_locale":"fr_FR","og_type":"article","og_title":"Accessibilit\u00e9 - 2000m2","og_description":"D\u00e9claration d&rsquo;accessibilit\u00e9 Cette d\u00e9claration d&rsquo;accessibilit\u00e9 s&rsquo;applique \u00e0 toutes les versions linguistiques du site www.2000m2.eu.La Zukunftsstiftung Landwirtschaft (au sein de GLS Treuhand e.V.) s&rsquo;engage \u00e0 rendre ses offres num\u00e9riques accessibles au plus grand nombre. Description du service Vous pouvez faire des dons, nous contacter et vous inscrire (gratuitement) \u00e0 des \u00e9v\u00e9nements sur notre site. \u00c9tat de...","og_url":"https:\/\/www.2000m2.eu\/fr\/accessibilite\/","og_site_name":"2000m2","article_modified_time":"2025-12-01T09:09:14+00:00","twitter_card":"summary_large_image","twitter_misc":{"Dur\u00e9e de lecture estim\u00e9e":"2 minutes"},"schema":{"@context":"https:\/\/schema.org","@graph":[{"@type":"WebPage","@id":"https:\/\/www.2000m2.eu\/fr\/accessibilite\/","url":"https:\/\/www.2000m2.eu\/fr\/accessibilite\/","name":"Accessibilit\u00e9 - 2000m2","isPartOf":{"@id":"https:\/\/www.2000m2.eu\/fr\/#website"},"datePublished":"2025-12-01T09:05:39+00:00","dateModified":"2025-12-01T09:09:14+00:00","breadcrumb":{"@id":"https:\/\/www.2000m2.eu\/fr\/accessibilite\/#breadcrumb"},"inLanguage":"fr-FR","potentialAction":[{"@type":"ReadAction","target":["https:\/\/www.2000m2.eu\/fr\/accessibilite\/"]}]},{"@type":"BreadcrumbList","@id":"https:\/\/www.2000m2.eu\/fr\/accessibilite\/#breadcrumb","itemListElement":[{"@type":"ListItem","position":1,"name":"Home","item":"https:\/\/www.2000m2.eu\/fr\/"},{"@type":"ListItem","position":2,"name":"Accessibilit\u00e9"}]},{"@type":"WebSite","@id":"https:\/\/www.2000m2.eu\/fr\/#website","url":"https:\/\/www.2000m2.eu\/fr\/","name":"2000m2","description":"","publisher":{"@id":"https:\/\/www.2000m2.eu\/fr\/#organization"},"potentialAction":[{"@type":"SearchAction","target":{"@type":"EntryPoint","urlTemplate":"https:\/\/www.2000m2.eu\/fr\/?s={search_term_string}"},"query-input":{"@type":"PropertyValueSpecification","valueRequired":true,"valueName":"search_term_string"}}],"inLanguage":"fr-FR"},{"@type":"Organization","@id":"https:\/\/www.2000m2.eu\/fr\/#organization","name":"2000m2","url":"https:\/\/www.2000m2.eu\/fr\/","logo":{"@type":"ImageObject","inLanguage":"fr-FR","@id":"https:\/\/www.2000m2.eu\/fr\/#\/schema\/logo\/image\/","url":"https:\/\/www.2000m2.eu\/wp-content\/uploads\/logo.png","contentUrl":"https:\/\/www.2000m2.eu\/wp-content\/uploads\/logo.png","width":445,"height":140,"caption":"2000m2"},"image":{"@id":"https:\/\/www.2000m2.eu\/fr\/#\/schema\/logo\/image\/"}}]}},"_links":{"self":[{"href":"https:\/\/www.2000m2.eu\/fr\/wp-json\/wp\/v2\/pages\/25437","targetHints":{"allow":["GET"]}}],"collection":[{"href":"https:\/\/www.2000m2.eu\/fr\/wp-json\/wp\/v2\/pages"}],"about":[{"href":"https:\/\/www.2000m2.eu\/fr\/wp-json\/wp\/v2\/types\/page"}],"author":[{"embeddable":true,"href":"https:\/\/www.2000m2.eu\/fr\/wp-json\/wp\/v2\/users\/1"}],"replies":[{"embeddable":true,"href":"https:\/\/www.2000m2.eu\/fr\/wp-json\/wp\/v2\/comments?post=25437"}],"version-history":[{"count":1,"href":"https:\/\/www.2000m2.eu\/fr\/wp-json\/wp\/v2\/pages\/25437\/revisions"}],"predecessor-version":[{"id":25438,"href":"https:\/\/www.2000m2.eu\/fr\/wp-json\/wp\/v2\/pages\/25437\/revisions\/25438"}],"wp:attachment":[{"href":"https:\/\/www.2000m2.eu\/fr\/wp-json\/wp\/v2\/media?parent=25437"}],"curies":[{"name":"wp","href":"https:\/\/api.w.org\/{rel}","templated":true}]}}