{"id":7605,"date":"2024-09-17T11:48:34","date_gmt":"2024-09-17T11:48:34","guid":{"rendered":"https:\/\/www.2000m2.eu\/a-propos-de-nous\/lidee-des-champs-du-monde\/"},"modified":"2025-06-30T09:13:24","modified_gmt":"2025-06-30T09:13:24","slug":"idee","status":"publish","type":"page","link":"https:\/\/www.2000m2.eu\/fr\/a-propos-de-nous\/idee\/","title":{"rendered":"L&rsquo;id\u00e9e des Champs du Monde"},"content":{"rendered":"\n<h1 class=\"wp-block-heading\">Le monde dans un champ<\/h1>\n\n\n\n<p>Si nous divisons les quelques 1,6 milliard d&rsquo;hectares de terres arables dans le monde par le nombre d&rsquo;habitants de la plan\u00e8te, chaque personne re\u00e7oit 2000 m\u00b2. C&rsquo;est donc la part de terres arables \u00e0 laquelle nous avons tous droit. Le bl\u00e9 pour le pain, les pommes de terre, les choux, les carottes, le ma\u00efs et le soja pour nourrir les animaux, mais aussi la betterave sucri\u00e8re pour le sucre du th\u00e9 ou du caf\u00e9, le coton pour les T-shirts, le tournesol pour l&rsquo;huile alimentaire et le colza pour le biodi\u00e9sel doivent pousser sur ces terres.  <\/p>\n\n\n\n<p>La fertilit\u00e9 future et la biodiversit\u00e9 de nos sols d\u00e9pendent de la mani\u00e8re dont nous les traitons. En d&rsquo;autres termes, comment nous travaillons le sol, soignons les plantes et transformons les r\u00e9coltes.  <\/p>\n\n\n\n<p>Afin de vous donner un aper\u00e7u de l&rsquo;agriculture mondiale et de vous permettre de comprendre les relations entre l&rsquo;agriculture, l&rsquo;alimentation, le climat mondial, la justice alimentaire et la biodiversit\u00e9, des sites \u00e9ducatifs Champs du Monde\u00ae (Weltacker\u00ae) ont \u00e9t\u00e9 cr\u00e9\u00e9s dans de nombreux endroits partout dans le monde. Ici, les 45 cultures les plus importantes du monde poussent sur 2000 m\u00b2. Les \u00e9quipes locales de ces Champs du Monde vous proposent une exp\u00e9rience d&rsquo;apprentissage unique dans le cadre d&rsquo;un programme \u00e9ducatif complet.  <\/p>\n\n\n\n<figure class=\"wp-block-embed is-type-video is-provider-youtube wp-block-embed-youtube wp-embed-aspect-16-9 wp-has-aspect-ratio\"><div class=\"wp-block-embed__wrapper\">\n <div class=\"brlbs-cmpnt-container brlbs-cmpnt-content-blocker brlbs-cmpnt-with-individual-styles\" data-borlabs-cookie-content-blocker-id=\"default\" data-borlabs-cookie-content=\"PGlmcmFtZSB0aXRsZT0iV2VsdGFja2VyLUZpbG0iIHdpZHRoPSIxMjAwIiBoZWlnaHQ9IjY3NSIgc3JjPSJodHRwczovL3d3dy55b3V0dWJlLmNvbS9lbWJlZC9vd2lYWlRSSnlyMD9mZWF0dXJlPW9lbWJlZCIgZnJhbWVib3JkZXI9IjAiIGFsbG93PSJhY2NlbGVyb21ldGVyOyBhdXRvcGxheTsgY2xpcGJvYXJkLXdyaXRlOyBlbmNyeXB0ZWQtbWVkaWE7IGd5cm9zY29wZTsgcGljdHVyZS1pbi1waWN0dXJlOyB3ZWItc2hhcmUiIHJlZmVycmVycG9saWN5PSJzdHJpY3Qtb3JpZ2luLXdoZW4tY3Jvc3Mtb3JpZ2luIiBhbGxvd2Z1bGxzY3JlZW4+PC9pZnJhbWU+\"><div class=\"brlbs-cmpnt-cb-preset-a\"> <p class=\"brlbs-cmpnt-cb-description\">Vous \u00eates actuellement en train de consulter le contenu d&rsquo;un espace r\u00e9serv\u00e9 de <strong>Par d\u00e9faut<\/strong>. Pour acc\u00e9der au contenu r\u00e9el, cliquez sur le bouton ci-dessous. Veuillez noter que ce faisant, des donn\u00e9es seront partag\u00e9es avec des providers tiers.<\/p> <div class=\"brlbs-cmpnt-cb-buttons\"> <a class=\"brlbs-cmpnt-cb-btn\" href=\"#\" data-borlabs-cookie-unblock role=\"button\">D\u00e9bloquer le contenu<\/a> <a class=\"brlbs-cmpnt-cb-btn\" href=\"#\" data-borlabs-cookie-accept-service role=\"button\" style=\"display: none\">Accepter le service requis et d\u00e9bloquer les contenus<\/a> <\/div> <a class=\"brlbs-cmpnt-cb-provider-toggle\" href=\"#\" data-borlabs-cookie-show-provider-information role=\"button\">Plus d&rsquo;informations<\/a> <\/div><\/div>\n<\/div><figcaption class=\"wp-element-caption\">Le Champ du Monde\u00ae \u00e0 Berlin \u00e9tait le premier &#8211; quelques impressions des d\u00e9buts dans notre petit film.<\/figcaption><\/figure>\n\n\n\n<h2 class=\"wp-block-heading\">Nos messages<\/h2>\n\n\n\n<p><strong>Il y a assez pour tout le monde ! <\/strong><br>2 000 m\u00b2 produisent plus que ce qu&rsquo;un \u00eatre humain peut manger. Si nous r\u00e9partissons \u00e9quitablement la surface agricole mondiale, il y en aura assez pour tout le monde. <\/p>\n\n\n\n<p><strong>Chaque bouch\u00e9e a son origine<\/strong><br>Chaque fois que nous mangeons, nous commandons \u00e0 quelque part dans le monde de cultiver quelque chose d&rsquo;une certaine mani\u00e8re. Nous influen\u00e7ons donc, par notre alimentation, la sant\u00e9 et la beaut\u00e9 de nos biotopes et \u00e9cosyst\u00e8mes. <\/p>\n\n\n\n<p><strong>La diversit\u00e9, c&rsquo;est la vie<\/strong><br>Une \u00e9norme quantit\u00e9 d&rsquo;autres organismes doit vivre de mes 2000 m\u00b2 pour que le sol soit fertile et que la biodiversit\u00e9 soit maintenue. Un sol vivant est la base d&rsquo;un organisme vivant. Cela exige de la coop\u00e9ration et de la consid\u00e9ration.  <\/p>\n\n\n\n<p>En outre, vous pouvez apprendre dans les Champs du Monde locaux sur de nombreux th\u00e8mes-cl\u00e9s : qu&rsquo;il s&rsquo;agisse du climat, d&rsquo;une alimentation saine, de la justice alimentaire mondiale, des semences ou de bien d&rsquo;autres choses &#8211; d\u00e9couvrez les <a href=\"https:\/\/2000m2.eu\/de\/aecker\/\">Champs du Monde<\/a> et leurs offres \u00e9ducatives.<\/p>\n\n\n\n<h2 class=\"wp-block-heading\">Les d\u00e9fis de l&rsquo;agriculture mondiale<\/h2>\n\n\n\n<p>La bonne nouvelle est que ce qui pousse sur 2000 m\u00e8tres carr\u00e9s peut \u00e0 peine \u00eatre consomm\u00e9 par une seule personne en un an. L&rsquo;Organisation des Nations Unies pour l&rsquo;alimentation et l&rsquo;agriculture (FAO) a calcul\u00e9 que les calories que nous produisons dans le monde suffisent \u00e0 nourrir environ 12 milliards de personnes. <\/p>\n\n\n\n<p>Mais en r\u00e9alit\u00e9, des centaines de millions de personnes dans le monde souffrent tout de m\u00eame de la faim. Mais pourquoi donc, alors que nous avons tant ? Si nous jetons ou gaspillons un tiers de la production agricole, si nous en donnons plus d&rsquo;un tiers aux animaux et si nous en r\u00e9coltons toujours plus pour produire du carburant et de l&rsquo;\u00e9lectricit\u00e9, nos r\u00e9coltes pour l&rsquo;alimentation commencent \u00e0 manquer. De plus, les ressources ne sont pas r\u00e9parties de mani\u00e8re \u00e9gale : actuellement, les habitants de l&rsquo;UE consomment en moyenne 3000 m\u00b2 par personne, par exemple. L&rsquo;alimentation de chacun d\u00e9termine en partie la surface que nous utilisons pour manger \u00e0 notre faim.     <\/p>\n\n\n\n<p>Plus nous consommons d&rsquo;aliments d&rsquo;origine animale qui ne proviennent pas de p\u00e2turages, de for\u00eats ou d&rsquo;oc\u00e9ans, plus la surface de terres arables n\u00e9cessaire augmente. La surface utilis\u00e9e n&rsquo;est toutefois pas un indicateur suffisant pour une gestion durable. La biodiversit\u00e9 est d\u00e9cisive sur le plan \u00e9cologique. Comment se portent les milliards d&rsquo;organismes unicellulaires, le ver de terre, le li\u00e8vre et l&rsquo;alouette, qui vivent \u00e9galement de ces surfaces ? Sans eux, le sol ne serait pas fertile et ne pourrait pas nous nourrir suffisamment. L&rsquo;\u00e9nergie fossile contenue dans nos champs et la quantit\u00e9 de gaz \u00e0 effet de serre qui s&rsquo;en \u00e9chappe ou qu&rsquo;ils absorbent jouent \u00e9galement un r\u00f4le crucial. C&rsquo;est un d\u00e9fi que de r\u00e9introduire dans le sol le carbone de l&rsquo;atmosph\u00e8re par un d\u00e9veloppement cibl\u00e9 de l&rsquo;humus.      <\/p>\n\n\n\n<p>La durabilit\u00e9 sociale, le d\u00e9veloppement r\u00e9gional et la s\u00e9curit\u00e9 alimentaire mondiale se mesurent principalement \u00e0 l&rsquo;aune de la quantit\u00e9 de travail humain g\u00e9n\u00e9rant des revenus ou de la valeur nutritive directe de 2000 m\u00e8tres carr\u00e9s pour des centaines de millions d&rsquo;agriculteurs autosuffisants. Une ferme en Asie ou en Afrique s&rsquo;\u00e9tend en moyenne sur un hectare. Elle doit nourrir bien plus qu&rsquo;une famille de cinq personnes (2000 m\u00b2 repr\u00e9sentent 0,2 hectare). C&rsquo;est ce qu&rsquo;elle fait en g\u00e9n\u00e9ral, alors qu&rsquo;en Europe, nous ne pouvons g\u00e9n\u00e9ralement pas nous contenter de 2000 m\u00e8tres carr\u00e9s. Des impulsions et des innovations agro\u00e9cologiques sont n\u00e9cessaires et en cours de r\u00e9alisation ici comme l\u00e0-bas. C&rsquo;est \u00e0 ces d\u00e9fis, mais aussi aux nombreuses solutions, que nous voulons faire prendre conscience avec notre mouvement mondial.     <\/p>\n\n\n\n<p>Pour un aper\u00e7u plus d\u00e9taill\u00e9 des d\u00e9fis et des solutions de notre syst\u00e8me agricole, consultez nos rubriques <a href=\"https:\/\/www.2000m2.eu\/fr\/les-themes-des-champs-du-monde\/\">\u00ab\u00a0Champ du Monde\u00a0\u00bb.<\/a><\/p>\n","protected":false},"excerpt":{"rendered":"<p>Le monde dans un champ Si nous divisons les quelques 1,6 milliard d&rsquo;hectares de terres arables dans le monde par le nombre d&rsquo;habitants de la plan\u00e8te, chaque personne re\u00e7oit 2000 m\u00b2. C&rsquo;est donc la part de terres arables \u00e0 laquelle nous avons tous droit. Le bl\u00e9 pour le pain, les pommes de terre, les choux,&#8230;<\/p>\n","protected":false},"author":1,"featured_media":7606,"parent":7592,"menu_order":8,"comment_status":"closed","ping_status":"closed","template":"","meta":{"footnotes":""},"class_list":["post-7605","page","type-page","status-publish","has-post-thumbnail"],"yoast_head":"<!-- This site is optimized with the Yoast SEO plugin v27.4 - https:\/\/yoast.com\/product\/yoast-seo-wordpress\/ -->\n<title>L&#039;id\u00e9e des Champs du Monde - 2000m2<\/title>\n<meta name=\"robots\" content=\"index, follow, max-snippet:-1, max-image-preview:large, max-video-preview:-1\" \/>\n<link rel=\"canonical\" href=\"https:\/\/www.2000m2.eu\/fr\/a-propos-de-nous\/idee\/\" \/>\n<meta property=\"og:locale\" content=\"fr_FR\" \/>\n<meta property=\"og:type\" content=\"article\" \/>\n<meta property=\"og:title\" content=\"L&#039;id\u00e9e des Champs du Monde - 2000m2\" \/>\n<meta property=\"og:description\" content=\"Le monde dans un champ Si nous divisons les quelques 1,6 milliard d&rsquo;hectares de terres arables dans le monde par le nombre d&rsquo;habitants de la plan\u00e8te, chaque personne re\u00e7oit 2000 m\u00b2. C&rsquo;est donc la part de terres arables \u00e0 laquelle nous avons tous droit. Le bl\u00e9 pour le pain, les pommes de terre, les choux,...\" \/>\n<meta property=\"og:url\" content=\"https:\/\/www.2000m2.eu\/fr\/a-propos-de-nous\/idee\/\" \/>\n<meta property=\"og:site_name\" content=\"2000m2\" \/>\n<meta property=\"article:modified_time\" content=\"2025-06-30T09:13:24+00:00\" \/>\n<meta property=\"og:image\" content=\"https:\/\/www.2000m2.eu\/wp-content\/uploads\/Featured_Images_Weltacker-Idee.jpg\" \/>\n\t<meta property=\"og:image:width\" content=\"1800\" \/>\n\t<meta property=\"og:image:height\" content=\"180\" \/>\n\t<meta property=\"og:image:type\" content=\"image\/jpeg\" \/>\n<meta name=\"twitter:card\" content=\"summary_large_image\" \/>\n<meta name=\"twitter:label1\" content=\"Dur\u00e9e de lecture estim\u00e9e\" \/>\n\t<meta name=\"twitter:data1\" content=\"5 minutes\" \/>\n<script type=\"application\/ld+json\" class=\"yoast-schema-graph\">{\"@context\":\"https:\\\/\\\/schema.org\",\"@graph\":[{\"@type\":\"WebPage\",\"@id\":\"https:\\\/\\\/www.2000m2.eu\\\/fr\\\/a-propos-de-nous\\\/idee\\\/\",\"url\":\"https:\\\/\\\/www.2000m2.eu\\\/fr\\\/a-propos-de-nous\\\/idee\\\/\",\"name\":\"L'id\u00e9e des Champs du Monde - 2000m2\",\"isPartOf\":{\"@id\":\"https:\\\/\\\/www.2000m2.eu\\\/fr\\\/#website\"},\"primaryImageOfPage\":{\"@id\":\"https:\\\/\\\/www.2000m2.eu\\\/fr\\\/a-propos-de-nous\\\/idee\\\/#primaryimage\"},\"image\":{\"@id\":\"https:\\\/\\\/www.2000m2.eu\\\/fr\\\/a-propos-de-nous\\\/idee\\\/#primaryimage\"},\"thumbnailUrl\":\"https:\\\/\\\/www.2000m2.eu\\\/wp-content\\\/uploads\\\/Featured_Images_Weltacker-Idee.jpg\",\"datePublished\":\"2024-09-17T11:48:34+00:00\",\"dateModified\":\"2025-06-30T09:13:24+00:00\",\"breadcrumb\":{\"@id\":\"https:\\\/\\\/www.2000m2.eu\\\/fr\\\/a-propos-de-nous\\\/idee\\\/#breadcrumb\"},\"inLanguage\":\"fr-FR\",\"potentialAction\":[{\"@type\":\"ReadAction\",\"target\":[\"https:\\\/\\\/www.2000m2.eu\\\/fr\\\/a-propos-de-nous\\\/idee\\\/\"]}]},{\"@type\":\"ImageObject\",\"inLanguage\":\"fr-FR\",\"@id\":\"https:\\\/\\\/www.2000m2.eu\\\/fr\\\/a-propos-de-nous\\\/idee\\\/#primaryimage\",\"url\":\"https:\\\/\\\/www.2000m2.eu\\\/wp-content\\\/uploads\\\/Featured_Images_Weltacker-Idee.jpg\",\"contentUrl\":\"https:\\\/\\\/www.2000m2.eu\\\/wp-content\\\/uploads\\\/Featured_Images_Weltacker-Idee.jpg\",\"width\":1800,\"height\":180},{\"@type\":\"BreadcrumbList\",\"@id\":\"https:\\\/\\\/www.2000m2.eu\\\/fr\\\/a-propos-de-nous\\\/idee\\\/#breadcrumb\",\"itemListElement\":[{\"@type\":\"ListItem\",\"position\":1,\"name\":\"Home\",\"item\":\"https:\\\/\\\/www.2000m2.eu\\\/fr\\\/\"},{\"@type\":\"ListItem\",\"position\":2,\"name\":\"\u00c0 propos de nous\",\"item\":\"https:\\\/\\\/www.2000m2.eu\\\/fr\\\/a-propos-de-nous\\\/\"},{\"@type\":\"ListItem\",\"position\":3,\"name\":\"L&#8217;id\u00e9e des Champs du Monde\"}]},{\"@type\":\"WebSite\",\"@id\":\"https:\\\/\\\/www.2000m2.eu\\\/fr\\\/#website\",\"url\":\"https:\\\/\\\/www.2000m2.eu\\\/fr\\\/\",\"name\":\"2000m2\",\"description\":\"\",\"publisher\":{\"@id\":\"https:\\\/\\\/www.2000m2.eu\\\/fr\\\/#organization\"},\"potentialAction\":[{\"@type\":\"SearchAction\",\"target\":{\"@type\":\"EntryPoint\",\"urlTemplate\":\"https:\\\/\\\/www.2000m2.eu\\\/fr\\\/?s={search_term_string}\"},\"query-input\":{\"@type\":\"PropertyValueSpecification\",\"valueRequired\":true,\"valueName\":\"search_term_string\"}}],\"inLanguage\":\"fr-FR\"},{\"@type\":\"Organization\",\"@id\":\"https:\\\/\\\/www.2000m2.eu\\\/fr\\\/#organization\",\"name\":\"2000m2\",\"url\":\"https:\\\/\\\/www.2000m2.eu\\\/fr\\\/\",\"logo\":{\"@type\":\"ImageObject\",\"inLanguage\":\"fr-FR\",\"@id\":\"https:\\\/\\\/www.2000m2.eu\\\/fr\\\/#\\\/schema\\\/logo\\\/image\\\/\",\"url\":\"https:\\\/\\\/www.2000m2.eu\\\/wp-content\\\/uploads\\\/logo.png\",\"contentUrl\":\"https:\\\/\\\/www.2000m2.eu\\\/wp-content\\\/uploads\\\/logo.png\",\"width\":445,\"height\":140,\"caption\":\"2000m2\"},\"image\":{\"@id\":\"https:\\\/\\\/www.2000m2.eu\\\/fr\\\/#\\\/schema\\\/logo\\\/image\\\/\"}}]}<\/script>\n<!-- \/ Yoast SEO plugin. -->","yoast_head_json":{"title":"L'id\u00e9e des Champs du Monde - 2000m2","robots":{"index":"index","follow":"follow","max-snippet":"max-snippet:-1","max-image-preview":"max-image-preview:large","max-video-preview":"max-video-preview:-1"},"canonical":"https:\/\/www.2000m2.eu\/fr\/a-propos-de-nous\/idee\/","og_locale":"fr_FR","og_type":"article","og_title":"L'id\u00e9e des Champs du Monde - 2000m2","og_description":"Le monde dans un champ Si nous divisons les quelques 1,6 milliard d&rsquo;hectares de terres arables dans le monde par le nombre d&rsquo;habitants de la plan\u00e8te, chaque personne re\u00e7oit 2000 m\u00b2. C&rsquo;est donc la part de terres arables \u00e0 laquelle nous avons tous droit. Le bl\u00e9 pour le pain, les pommes de terre, les choux,...","og_url":"https:\/\/www.2000m2.eu\/fr\/a-propos-de-nous\/idee\/","og_site_name":"2000m2","article_modified_time":"2025-06-30T09:13:24+00:00","og_image":[{"width":1800,"height":180,"url":"https:\/\/www.2000m2.eu\/wp-content\/uploads\/Featured_Images_Weltacker-Idee.jpg","type":"image\/jpeg"}],"twitter_card":"summary_large_image","twitter_misc":{"Dur\u00e9e de lecture estim\u00e9e":"5 minutes"},"schema":{"@context":"https:\/\/schema.org","@graph":[{"@type":"WebPage","@id":"https:\/\/www.2000m2.eu\/fr\/a-propos-de-nous\/idee\/","url":"https:\/\/www.2000m2.eu\/fr\/a-propos-de-nous\/idee\/","name":"L'id\u00e9e des Champs du Monde - 2000m2","isPartOf":{"@id":"https:\/\/www.2000m2.eu\/fr\/#website"},"primaryImageOfPage":{"@id":"https:\/\/www.2000m2.eu\/fr\/a-propos-de-nous\/idee\/#primaryimage"},"image":{"@id":"https:\/\/www.2000m2.eu\/fr\/a-propos-de-nous\/idee\/#primaryimage"},"thumbnailUrl":"https:\/\/www.2000m2.eu\/wp-content\/uploads\/Featured_Images_Weltacker-Idee.jpg","datePublished":"2024-09-17T11:48:34+00:00","dateModified":"2025-06-30T09:13:24+00:00","breadcrumb":{"@id":"https:\/\/www.2000m2.eu\/fr\/a-propos-de-nous\/idee\/#breadcrumb"},"inLanguage":"fr-FR","potentialAction":[{"@type":"ReadAction","target":["https:\/\/www.2000m2.eu\/fr\/a-propos-de-nous\/idee\/"]}]},{"@type":"ImageObject","inLanguage":"fr-FR","@id":"https:\/\/www.2000m2.eu\/fr\/a-propos-de-nous\/idee\/#primaryimage","url":"https:\/\/www.2000m2.eu\/wp-content\/uploads\/Featured_Images_Weltacker-Idee.jpg","contentUrl":"https:\/\/www.2000m2.eu\/wp-content\/uploads\/Featured_Images_Weltacker-Idee.jpg","width":1800,"height":180},{"@type":"BreadcrumbList","@id":"https:\/\/www.2000m2.eu\/fr\/a-propos-de-nous\/idee\/#breadcrumb","itemListElement":[{"@type":"ListItem","position":1,"name":"Home","item":"https:\/\/www.2000m2.eu\/fr\/"},{"@type":"ListItem","position":2,"name":"\u00c0 propos de nous","item":"https:\/\/www.2000m2.eu\/fr\/a-propos-de-nous\/"},{"@type":"ListItem","position":3,"name":"L&#8217;id\u00e9e des Champs du Monde"}]},{"@type":"WebSite","@id":"https:\/\/www.2000m2.eu\/fr\/#website","url":"https:\/\/www.2000m2.eu\/fr\/","name":"2000m2","description":"","publisher":{"@id":"https:\/\/www.2000m2.eu\/fr\/#organization"},"potentialAction":[{"@type":"SearchAction","target":{"@type":"EntryPoint","urlTemplate":"https:\/\/www.2000m2.eu\/fr\/?s={search_term_string}"},"query-input":{"@type":"PropertyValueSpecification","valueRequired":true,"valueName":"search_term_string"}}],"inLanguage":"fr-FR"},{"@type":"Organization","@id":"https:\/\/www.2000m2.eu\/fr\/#organization","name":"2000m2","url":"https:\/\/www.2000m2.eu\/fr\/","logo":{"@type":"ImageObject","inLanguage":"fr-FR","@id":"https:\/\/www.2000m2.eu\/fr\/#\/schema\/logo\/image\/","url":"https:\/\/www.2000m2.eu\/wp-content\/uploads\/logo.png","contentUrl":"https:\/\/www.2000m2.eu\/wp-content\/uploads\/logo.png","width":445,"height":140,"caption":"2000m2"},"image":{"@id":"https:\/\/www.2000m2.eu\/fr\/#\/schema\/logo\/image\/"}}]}},"_links":{"self":[{"href":"https:\/\/www.2000m2.eu\/fr\/wp-json\/wp\/v2\/pages\/7605","targetHints":{"allow":["GET"]}}],"collection":[{"href":"https:\/\/www.2000m2.eu\/fr\/wp-json\/wp\/v2\/pages"}],"about":[{"href":"https:\/\/www.2000m2.eu\/fr\/wp-json\/wp\/v2\/types\/page"}],"author":[{"embeddable":true,"href":"https:\/\/www.2000m2.eu\/fr\/wp-json\/wp\/v2\/users\/1"}],"replies":[{"embeddable":true,"href":"https:\/\/www.2000m2.eu\/fr\/wp-json\/wp\/v2\/comments?post=7605"}],"version-history":[{"count":5,"href":"https:\/\/www.2000m2.eu\/fr\/wp-json\/wp\/v2\/pages\/7605\/revisions"}],"predecessor-version":[{"id":10216,"href":"https:\/\/www.2000m2.eu\/fr\/wp-json\/wp\/v2\/pages\/7605\/revisions\/10216"}],"up":[{"embeddable":true,"href":"https:\/\/www.2000m2.eu\/fr\/wp-json\/wp\/v2\/pages\/7592"}],"wp:featuredmedia":[{"embeddable":true,"href":"https:\/\/www.2000m2.eu\/fr\/wp-json\/wp\/v2\/media\/7606"}],"wp:attachment":[{"href":"https:\/\/www.2000m2.eu\/fr\/wp-json\/wp\/v2\/media?parent=7605"}],"curies":[{"name":"wp","href":"https:\/\/api.w.org\/{rel}","templated":true}]}}