{"id":7631,"date":"2024-09-10T07:55:00","date_gmt":"2024-09-10T07:55:00","guid":{"rendered":"https:\/\/www.2000m2.eu\/a-propos-de-nous\/soutenez-nous\/"},"modified":"2026-02-06T07:04:13","modified_gmt":"2026-02-06T07:04:13","slug":"soutenez-nous","status":"publish","type":"page","link":"https:\/\/www.2000m2.eu\/fr\/a-propos-de-nous\/soutenez-nous\/","title":{"rendered":"Soutenez-nous"},"content":{"rendered":"\n<h1 class=\"wp-block-heading\">Nous avons besoin de vous !  <\/h1>\n\n\n\n<p>Vous appr\u00e9ciez notre travail et vous voulez nous aider ? Tout soutien est le bienvenu, qu&rsquo;il s&rsquo;agisse d&rsquo;un don, d&rsquo;une aide b\u00e9n\u00e9vole ou autre. Car m\u00eame si une partie de notre travail est subventionn\u00e9e, nous d\u00e9pendons des dons. Vos dons sont revers\u00e9s \u00e0 100% aux projets de la coordination internationale des Champs du Monde et nous aident par exemple \u00e0 cr\u00e9er de nouveaux contenus \u00e9ducatifs, \u00e0 conseiller de nouvelles initiatives ou encore \u00e0 cr\u00e9er des brochures ou \u00e0 d\u00e9velopper notre exposition itin\u00e9rante.   <\/p>\n\n\n\n<p>Vous pouvez faire un don directement \u00e0 :<\/p>\n\n\n\n<p><strong>B\u00e9n\u00e9ficiaire du paiement :<\/strong> Zukunftsstiftung Landwirtschaft<br><strong>IBAN :<\/strong> DE72 4306 0967 0030 0054 05<br> BIC<strong>:<\/strong> GENODEM1GLS<br><strong>Banque :<\/strong> GLS Gemeinschaftsbank eG<br><strong>Objet :<\/strong> Don 2000m2<\/p>\n\n\n<style>.kb-row-layout-wrap.wp-block-kadence-rowlayout.kb-row-layout-id7631_849f01-94{margin-bottom:0px;margin-bottom:var(--global-kb-spacing-lg, 3rem);}.kb-row-layout-id7631_849f01-94 > .kt-row-column-wrap{align-content:start;}:where(.kb-row-layout-id7631_849f01-94 > .kt-row-column-wrap) > .wp-block-kadence-column{justify-content:start;}.kb-row-layout-id7631_849f01-94 > .kt-row-column-wrap{column-gap:var(--global-kb-gap-md, 2rem);row-gap:var(--global-kb-gap-md, 2rem);padding-top:var(--global-kb-spacing-sm, 1.5rem);grid-template-columns:minmax(0, 1fr);}.kb-row-layout-id7631_849f01-94 > .kt-row-layout-overlay{opacity:0.30;}@media all and (max-width: 1024px){.kb-row-layout-id7631_849f01-94 > .kt-row-column-wrap{grid-template-columns:minmax(0, 1fr);}}@media all and (max-width: 767px){.kb-row-layout-id7631_849f01-94 > .kt-row-column-wrap{grid-template-columns:minmax(0, 1fr);}}<\/style><div class=\"kb-row-layout-wrap kb-row-layout-id7631_849f01-94 alignnone wp-block-kadence-rowlayout\"><div class=\"kt-row-column-wrap kt-has-1-columns kt-row-layout-equal kt-tab-layout-inherit kt-mobile-layout-row kt-row-valign-top\">\n<style>.kadence-column7631_258781-0d > .kt-inside-inner-col,.kadence-column7631_258781-0d > .kt-inside-inner-col:before{border-top-left-radius:0px;border-top-right-radius:0px;border-bottom-right-radius:0px;border-bottom-left-radius:0px;}.kadence-column7631_258781-0d > .kt-inside-inner-col{column-gap:var(--global-kb-gap-sm, 1rem);}.kadence-column7631_258781-0d > .kt-inside-inner-col{flex-direction:column;}.kadence-column7631_258781-0d > .kt-inside-inner-col > .aligncenter{width:100%;}.kadence-column7631_258781-0d > .kt-inside-inner-col:before{opacity:0.3;}.kadence-column7631_258781-0d{position:relative;}@media all and (max-width: 1024px){.kadence-column7631_258781-0d > .kt-inside-inner-col{flex-direction:column;justify-content:center;}}@media all and (max-width: 767px){.kadence-column7631_258781-0d > .kt-inside-inner-col{flex-direction:column;justify-content:center;}}<\/style>\n<div class=\"wp-block-kadence-column kadence-column7631_258781-0d\"><div class=\"kt-inside-inner-col\"><\/div><\/div>\n\n<\/div><\/div>\n\n\n<h2 class=\"wp-block-heading\">B\u00e9n\u00e9volat<\/h2>\n\n\n\n<p>Il y a toujours beaucoup \u00e0 faire chez nous et nous sommes heureux d&rsquo;accueillir des b\u00e9n\u00e9voles engag\u00e9s. Si vous avez envie de nous aider, par exemple dans des activit\u00e9s de recherche, dans la r\u00e9daction d&rsquo;articles et de textes, dans les relations publiques ou lors de nos \u00e9v\u00e8nements, n&rsquo;h\u00e9sitez pas \u00e0 nous contacter. Nous pouvons \u00e9galement vous mettre en contact avec le Champ du Monde le plus proche de chez vous.  <\/p>\n","protected":false},"excerpt":{"rendered":"<p>Nous avons besoin de vous ! Vous appr\u00e9ciez notre travail et vous voulez nous aider ? Tout soutien est le bienvenu, qu&rsquo;il s&rsquo;agisse d&rsquo;un don, d&rsquo;une aide b\u00e9n\u00e9vole ou autre. Car m\u00eame si une partie de notre travail est subventionn\u00e9e, nous d\u00e9pendons des dons. Vos dons sont revers\u00e9s \u00e0 100% aux projets de la coordination&#8230;<\/p>\n","protected":false},"author":1,"featured_media":7636,"parent":7592,"menu_order":16,"comment_status":"closed","ping_status":"closed","template":"","meta":{"footnotes":""},"class_list":["post-7631","page","type-page","status-publish","has-post-thumbnail"],"yoast_head":"<!-- This site is optimized with the Yoast SEO plugin v27.4 - https:\/\/yoast.com\/product\/yoast-seo-wordpress\/ -->\n<title>Soutenez-nous - 2000m2<\/title>\n<meta name=\"robots\" content=\"index, follow, max-snippet:-1, max-image-preview:large, max-video-preview:-1\" \/>\n<link rel=\"canonical\" href=\"https:\/\/www.2000m2.eu\/fr\/a-propos-de-nous\/soutenez-nous\/\" \/>\n<meta property=\"og:locale\" content=\"fr_FR\" \/>\n<meta property=\"og:type\" content=\"article\" \/>\n<meta property=\"og:title\" content=\"Soutenez-nous - 2000m2\" \/>\n<meta property=\"og:description\" content=\"Nous avons besoin de vous ! Vous appr\u00e9ciez notre travail et vous voulez nous aider ? Tout soutien est le bienvenu, qu&rsquo;il s&rsquo;agisse d&rsquo;un don, d&rsquo;une aide b\u00e9n\u00e9vole ou autre. Car m\u00eame si une partie de notre travail est subventionn\u00e9e, nous d\u00e9pendons des dons. Vos dons sont revers\u00e9s \u00e0 100% aux projets de la coordination...\" \/>\n<meta property=\"og:url\" content=\"https:\/\/www.2000m2.eu\/fr\/a-propos-de-nous\/soutenez-nous\/\" \/>\n<meta property=\"og:site_name\" content=\"2000m2\" \/>\n<meta property=\"article:modified_time\" content=\"2026-02-06T07:04:13+00:00\" \/>\n<meta property=\"og:image\" content=\"https:\/\/www.2000m2.eu\/wp-content\/uploads\/Featured_Images_unterstutze-uns.jpg\" \/>\n\t<meta property=\"og:image:width\" content=\"1800\" \/>\n\t<meta property=\"og:image:height\" content=\"180\" \/>\n\t<meta property=\"og:image:type\" content=\"image\/jpeg\" \/>\n<meta name=\"twitter:card\" content=\"summary_large_image\" \/>\n<meta name=\"twitter:label1\" content=\"Dur\u00e9e de lecture estim\u00e9e\" \/>\n\t<meta name=\"twitter:data1\" content=\"2 minutes\" \/>\n<script type=\"application\/ld+json\" class=\"yoast-schema-graph\">{\"@context\":\"https:\\\/\\\/schema.org\",\"@graph\":[{\"@type\":\"WebPage\",\"@id\":\"https:\\\/\\\/www.2000m2.eu\\\/fr\\\/a-propos-de-nous\\\/soutenez-nous\\\/\",\"url\":\"https:\\\/\\\/www.2000m2.eu\\\/fr\\\/a-propos-de-nous\\\/soutenez-nous\\\/\",\"name\":\"Soutenez-nous - 2000m2\",\"isPartOf\":{\"@id\":\"https:\\\/\\\/www.2000m2.eu\\\/fr\\\/#website\"},\"primaryImageOfPage\":{\"@id\":\"https:\\\/\\\/www.2000m2.eu\\\/fr\\\/a-propos-de-nous\\\/soutenez-nous\\\/#primaryimage\"},\"image\":{\"@id\":\"https:\\\/\\\/www.2000m2.eu\\\/fr\\\/a-propos-de-nous\\\/soutenez-nous\\\/#primaryimage\"},\"thumbnailUrl\":\"https:\\\/\\\/www.2000m2.eu\\\/wp-content\\\/uploads\\\/Featured_Images_unterstutze-uns.jpg\",\"datePublished\":\"2024-09-10T07:55:00+00:00\",\"dateModified\":\"2026-02-06T07:04:13+00:00\",\"breadcrumb\":{\"@id\":\"https:\\\/\\\/www.2000m2.eu\\\/fr\\\/a-propos-de-nous\\\/soutenez-nous\\\/#breadcrumb\"},\"inLanguage\":\"fr-FR\",\"potentialAction\":[{\"@type\":\"ReadAction\",\"target\":[\"https:\\\/\\\/www.2000m2.eu\\\/fr\\\/a-propos-de-nous\\\/soutenez-nous\\\/\"]}]},{\"@type\":\"ImageObject\",\"inLanguage\":\"fr-FR\",\"@id\":\"https:\\\/\\\/www.2000m2.eu\\\/fr\\\/a-propos-de-nous\\\/soutenez-nous\\\/#primaryimage\",\"url\":\"https:\\\/\\\/www.2000m2.eu\\\/wp-content\\\/uploads\\\/Featured_Images_unterstutze-uns.jpg\",\"contentUrl\":\"https:\\\/\\\/www.2000m2.eu\\\/wp-content\\\/uploads\\\/Featured_Images_unterstutze-uns.jpg\",\"width\":1800,\"height\":180},{\"@type\":\"BreadcrumbList\",\"@id\":\"https:\\\/\\\/www.2000m2.eu\\\/fr\\\/a-propos-de-nous\\\/soutenez-nous\\\/#breadcrumb\",\"itemListElement\":[{\"@type\":\"ListItem\",\"position\":1,\"name\":\"Home\",\"item\":\"https:\\\/\\\/www.2000m2.eu\\\/fr\\\/\"},{\"@type\":\"ListItem\",\"position\":2,\"name\":\"\u00c0 propos de nous\",\"item\":\"https:\\\/\\\/www.2000m2.eu\\\/fr\\\/a-propos-de-nous\\\/\"},{\"@type\":\"ListItem\",\"position\":3,\"name\":\"Soutenez-nous\"}]},{\"@type\":\"WebSite\",\"@id\":\"https:\\\/\\\/www.2000m2.eu\\\/fr\\\/#website\",\"url\":\"https:\\\/\\\/www.2000m2.eu\\\/fr\\\/\",\"name\":\"2000m2\",\"description\":\"\",\"publisher\":{\"@id\":\"https:\\\/\\\/www.2000m2.eu\\\/fr\\\/#organization\"},\"potentialAction\":[{\"@type\":\"SearchAction\",\"target\":{\"@type\":\"EntryPoint\",\"urlTemplate\":\"https:\\\/\\\/www.2000m2.eu\\\/fr\\\/?s={search_term_string}\"},\"query-input\":{\"@type\":\"PropertyValueSpecification\",\"valueRequired\":true,\"valueName\":\"search_term_string\"}}],\"inLanguage\":\"fr-FR\"},{\"@type\":\"Organization\",\"@id\":\"https:\\\/\\\/www.2000m2.eu\\\/fr\\\/#organization\",\"name\":\"2000m2\",\"url\":\"https:\\\/\\\/www.2000m2.eu\\\/fr\\\/\",\"logo\":{\"@type\":\"ImageObject\",\"inLanguage\":\"fr-FR\",\"@id\":\"https:\\\/\\\/www.2000m2.eu\\\/fr\\\/#\\\/schema\\\/logo\\\/image\\\/\",\"url\":\"https:\\\/\\\/www.2000m2.eu\\\/wp-content\\\/uploads\\\/logo.png\",\"contentUrl\":\"https:\\\/\\\/www.2000m2.eu\\\/wp-content\\\/uploads\\\/logo.png\",\"width\":445,\"height\":140,\"caption\":\"2000m2\"},\"image\":{\"@id\":\"https:\\\/\\\/www.2000m2.eu\\\/fr\\\/#\\\/schema\\\/logo\\\/image\\\/\"}}]}<\/script>\n<!-- \/ Yoast SEO plugin. -->","yoast_head_json":{"title":"Soutenez-nous - 2000m2","robots":{"index":"index","follow":"follow","max-snippet":"max-snippet:-1","max-image-preview":"max-image-preview:large","max-video-preview":"max-video-preview:-1"},"canonical":"https:\/\/www.2000m2.eu\/fr\/a-propos-de-nous\/soutenez-nous\/","og_locale":"fr_FR","og_type":"article","og_title":"Soutenez-nous - 2000m2","og_description":"Nous avons besoin de vous ! Vous appr\u00e9ciez notre travail et vous voulez nous aider ? Tout soutien est le bienvenu, qu&rsquo;il s&rsquo;agisse d&rsquo;un don, d&rsquo;une aide b\u00e9n\u00e9vole ou autre. Car m\u00eame si une partie de notre travail est subventionn\u00e9e, nous d\u00e9pendons des dons. Vos dons sont revers\u00e9s \u00e0 100% aux projets de la coordination...","og_url":"https:\/\/www.2000m2.eu\/fr\/a-propos-de-nous\/soutenez-nous\/","og_site_name":"2000m2","article_modified_time":"2026-02-06T07:04:13+00:00","og_image":[{"width":1800,"height":180,"url":"https:\/\/www.2000m2.eu\/wp-content\/uploads\/Featured_Images_unterstutze-uns.jpg","type":"image\/jpeg"}],"twitter_card":"summary_large_image","twitter_misc":{"Dur\u00e9e de lecture estim\u00e9e":"2 minutes"},"schema":{"@context":"https:\/\/schema.org","@graph":[{"@type":"WebPage","@id":"https:\/\/www.2000m2.eu\/fr\/a-propos-de-nous\/soutenez-nous\/","url":"https:\/\/www.2000m2.eu\/fr\/a-propos-de-nous\/soutenez-nous\/","name":"Soutenez-nous - 2000m2","isPartOf":{"@id":"https:\/\/www.2000m2.eu\/fr\/#website"},"primaryImageOfPage":{"@id":"https:\/\/www.2000m2.eu\/fr\/a-propos-de-nous\/soutenez-nous\/#primaryimage"},"image":{"@id":"https:\/\/www.2000m2.eu\/fr\/a-propos-de-nous\/soutenez-nous\/#primaryimage"},"thumbnailUrl":"https:\/\/www.2000m2.eu\/wp-content\/uploads\/Featured_Images_unterstutze-uns.jpg","datePublished":"2024-09-10T07:55:00+00:00","dateModified":"2026-02-06T07:04:13+00:00","breadcrumb":{"@id":"https:\/\/www.2000m2.eu\/fr\/a-propos-de-nous\/soutenez-nous\/#breadcrumb"},"inLanguage":"fr-FR","potentialAction":[{"@type":"ReadAction","target":["https:\/\/www.2000m2.eu\/fr\/a-propos-de-nous\/soutenez-nous\/"]}]},{"@type":"ImageObject","inLanguage":"fr-FR","@id":"https:\/\/www.2000m2.eu\/fr\/a-propos-de-nous\/soutenez-nous\/#primaryimage","url":"https:\/\/www.2000m2.eu\/wp-content\/uploads\/Featured_Images_unterstutze-uns.jpg","contentUrl":"https:\/\/www.2000m2.eu\/wp-content\/uploads\/Featured_Images_unterstutze-uns.jpg","width":1800,"height":180},{"@type":"BreadcrumbList","@id":"https:\/\/www.2000m2.eu\/fr\/a-propos-de-nous\/soutenez-nous\/#breadcrumb","itemListElement":[{"@type":"ListItem","position":1,"name":"Home","item":"https:\/\/www.2000m2.eu\/fr\/"},{"@type":"ListItem","position":2,"name":"\u00c0 propos de nous","item":"https:\/\/www.2000m2.eu\/fr\/a-propos-de-nous\/"},{"@type":"ListItem","position":3,"name":"Soutenez-nous"}]},{"@type":"WebSite","@id":"https:\/\/www.2000m2.eu\/fr\/#website","url":"https:\/\/www.2000m2.eu\/fr\/","name":"2000m2","description":"","publisher":{"@id":"https:\/\/www.2000m2.eu\/fr\/#organization"},"potentialAction":[{"@type":"SearchAction","target":{"@type":"EntryPoint","urlTemplate":"https:\/\/www.2000m2.eu\/fr\/?s={search_term_string}"},"query-input":{"@type":"PropertyValueSpecification","valueRequired":true,"valueName":"search_term_string"}}],"inLanguage":"fr-FR"},{"@type":"Organization","@id":"https:\/\/www.2000m2.eu\/fr\/#organization","name":"2000m2","url":"https:\/\/www.2000m2.eu\/fr\/","logo":{"@type":"ImageObject","inLanguage":"fr-FR","@id":"https:\/\/www.2000m2.eu\/fr\/#\/schema\/logo\/image\/","url":"https:\/\/www.2000m2.eu\/wp-content\/uploads\/logo.png","contentUrl":"https:\/\/www.2000m2.eu\/wp-content\/uploads\/logo.png","width":445,"height":140,"caption":"2000m2"},"image":{"@id":"https:\/\/www.2000m2.eu\/fr\/#\/schema\/logo\/image\/"}}]}},"_links":{"self":[{"href":"https:\/\/www.2000m2.eu\/fr\/wp-json\/wp\/v2\/pages\/7631","targetHints":{"allow":["GET"]}}],"collection":[{"href":"https:\/\/www.2000m2.eu\/fr\/wp-json\/wp\/v2\/pages"}],"about":[{"href":"https:\/\/www.2000m2.eu\/fr\/wp-json\/wp\/v2\/types\/page"}],"author":[{"embeddable":true,"href":"https:\/\/www.2000m2.eu\/fr\/wp-json\/wp\/v2\/users\/1"}],"replies":[{"embeddable":true,"href":"https:\/\/www.2000m2.eu\/fr\/wp-json\/wp\/v2\/comments?post=7631"}],"version-history":[{"count":2,"href":"https:\/\/www.2000m2.eu\/fr\/wp-json\/wp\/v2\/pages\/7631\/revisions"}],"predecessor-version":[{"id":27584,"href":"https:\/\/www.2000m2.eu\/fr\/wp-json\/wp\/v2\/pages\/7631\/revisions\/27584"}],"up":[{"embeddable":true,"href":"https:\/\/www.2000m2.eu\/fr\/wp-json\/wp\/v2\/pages\/7592"}],"wp:featuredmedia":[{"embeddable":true,"href":"https:\/\/www.2000m2.eu\/fr\/wp-json\/wp\/v2\/media\/7636"}],"wp:attachment":[{"href":"https:\/\/www.2000m2.eu\/fr\/wp-json\/wp\/v2\/media?parent=7631"}],"curies":[{"name":"wp","href":"https:\/\/api.w.org\/{rel}","templated":true}]}}