{"id":7660,"date":"2024-09-17T11:51:01","date_gmt":"2024-09-17T11:51:01","guid":{"rendered":"https:\/\/www.2000m2.eu\/nos-offres\/le-calculateur-de-surface\/"},"modified":"2025-04-23T21:26:50","modified_gmt":"2025-04-23T21:26:50","slug":"le-calculateur-de-surface","status":"publish","type":"page","link":"https:\/\/www.2000m2.eu\/fr\/nos-offres\/le-calculateur-de-surface\/","title":{"rendered":"Le calculateur de surface"},"content":{"rendered":"\n<h1 class=\"wp-block-heading\">Notre calculateur de surface &#8211; MYM2<\/h1>\n\n<p><\/p>\n<style>.wp-block-kadence-column.kb-section-dir-horizontal > .kt-inside-inner-col > .kt-info-box61_f55e17-b2{max-width:637px;}.wp-block-kadence-column.kb-section-dir-horizontal > .kt-inside-inner-col > .kt-info-box61_f55e17-b2 .kt-blocks-info-box-link-wrap{max-width:unset;}.kt-info-box61_f55e17-b2 .kt-blocks-info-box-link-wrap{border-top:1px solid var(--accent);border-right:1px solid var(--accent);border-bottom:1px solid var(--accent);border-left:1px solid var(--accent);border-top-left-radius:30px;border-top-right-radius:30px;border-bottom-right-radius:30px;border-bottom-left-radius:30px;background:var(--base-3);max-width:637px;padding-top:var(--global-kb-spacing-sm, 1.5rem);padding-right:var(--global-kb-spacing-sm, 1.5rem);padding-bottom:var(--global-kb-spacing-sm, 1.5rem);padding-left:var(--global-kb-spacing-sm, 1.5rem);margin-top:10px;}.kt-info-box61_f55e17-b2.wp-block-kadence-infobox{max-width:100%;}.kt-info-box61_f55e17-b2 .kadence-info-box-image-inner-intrisic-container{max-width:100px;}.kt-info-box61_f55e17-b2 .kadence-info-box-image-inner-intrisic-container .kadence-info-box-image-intrisic{padding-bottom:100%;width:1416px;height:0px;max-width:100%;}.kt-info-box61_f55e17-b2 .kadence-info-box-icon-container .kt-info-svg-icon, .kt-info-box61_f55e17-b2 .kt-info-svg-icon-flip, .kt-info-box61_f55e17-b2 .kt-blocks-info-box-number{font-size:50px;}.kt-info-box61_f55e17-b2 .kt-blocks-info-box-media{border-color:var(--global-palette7, #eeeeee);border-radius:200px;overflow:hidden;border-top-width:0px;border-right-width:0px;border-bottom-width:0px;border-left-width:0px;padding-top:0px;padding-right:0px;padding-bottom:0px;padding-left:0px;margin-top:0px;margin-right:20px;margin-bottom:0px;margin-left:0px;}.kt-info-box61_f55e17-b2 .kt-infobox-textcontent h2.kt-blocks-info-box-title{color:var(--contrast);padding-top:0px;padding-right:0px;padding-bottom:0px;padding-left:0px;margin-top:5px;margin-right:0px;margin-bottom:10px;margin-left:0px;}.kt-info-box61_f55e17-b2 .kt-blocks-info-box-link-wrap:hover h2.kt-blocks-info-box-title{color:var(--accent);}.wp-block-kadence-infobox.kt-info-box61_f55e17-b2 .kt-blocks-info-box-text{margin-top:0px;margin-right:0px;margin-bottom:15px;margin-left:0px;}.kt-info-box61_f55e17-b2 .kt-blocks-info-box-learnmore{color:var(--base-3);background:var(--accent);border-radius:25px;border-width:0px 0px 0px 0px;padding-top:4px;padding-right:8px;padding-bottom:4px;padding-left:8px;margin-top:10px;margin-right:0px;margin-bottom:10px;margin-left:0px;}.kt-info-box61_f55e17-b2 .kt-blocks-info-box-link-wrap{box-shadow:2px 2px 2px 3px var(--base-2);}.kt-info-box61_f55e17-b2 .kt-blocks-info-box-link-wrap:hover{box-shadow:0px 0px 14px 0px var(--contrast-2);}@media all and (max-width: 1024px){.kt-info-box61_f55e17-b2 .kt-blocks-info-box-link-wrap{border-top:1px solid var(--accent);border-right:1px solid var(--accent);border-bottom:1px solid var(--accent);border-left:1px solid var(--accent);box-shadow:2px 2px 2px 3px var(--base-2);}}@media all and (max-width: 1024px){.kt-info-box61_f55e17-b2 .kt-blocks-info-box-link-wrap:hover{box-shadow:0px 0px 14px 0px var(--contrast-2);}}@media all and (max-width: 767px){.kt-info-box61_f55e17-b2 .kt-blocks-info-box-link-wrap{border-top:1px solid var(--accent);border-right:1px solid var(--accent);border-bottom:1px solid var(--accent);border-left:1px solid var(--accent);text-align:center;display:block;box-shadow:2px 2px 2px 3px var(--base-2);}.kt-info-box61_f55e17-b2 .kt-blocks-info-box-link-wrap .kt-blocks-info-box-media{display:inline-block;max-width:100%;}.kt-info-box61_f55e17-b2 .kt-blocks-info-box-link-wrap:hover{box-shadow:0px 0px 14px 0px var(--contrast-2);}}<\/style>\n<div class=\"wp-block-kadence-infobox kt-info-box61_f55e17-b2\"><a class=\"kt-blocks-info-box-link-wrap info-box-link kt-blocks-info-box-media-align-left kt-info-halign-left kb-info-mobile-halign-center\" href=\"https:\/\/rechner.2000m2.eu\/de\/\"><div class=\"kt-blocks-info-box-media-container\"><div class=\"kt-blocks-info-box-media kt-info-media-animate-none\"><div class=\"kadence-info-box-image-inner-intrisic-container\"><div class=\"kadence-info-box-image-intrisic kt-info-animate-none kb-info-box-image-ratio kb-info-box-image-ratio-square\"><div class=\"kadence-info-box-image-inner-intrisic\"><img decoding=\"async\" src=\"https:\/\/www.2000m2.eu\/wp-content\/uploads\/2000m2_Logo_MyM2_ohneEbenen.jpg\" alt=\"\" width=\"1416\" height=\"1516\" class=\"kt-info-box-image wp-image-2818\" srcset=\"https:\/\/www.2000m2.eu\/wp-content\/uploads\/2000m2_Logo_MyM2_ohneEbenen.jpg 1416w, https:\/\/www.2000m2.eu\/wp-content\/uploads\/2000m2_Logo_MyM2_ohneEbenen-280x300.jpg 280w, https:\/\/www.2000m2.eu\/wp-content\/uploads\/2000m2_Logo_MyM2_ohneEbenen-956x1024.jpg 956w, https:\/\/www.2000m2.eu\/wp-content\/uploads\/2000m2_Logo_MyM2_ohneEbenen-768x822.jpg 768w\" sizes=\"(max-width: 1416px) 100vw, 1416px\" \/><\/div><\/div><\/div><\/div><\/div><div class=\"kt-infobox-textcontent\"><h2 class=\"kt-blocks-info-box-title\">Acc\u00e8s direct au calculateur de surface<\/h2><\/div><\/a><\/div>\n\n<p><\/p>\n\n<h3 class=\"wp-block-heading\">Quelle est la part de l&rsquo;agriculture dans ma nourriture ?<\/h3>\n\n<p>Le calculateur de surface MYM2 permet de calculer combien de terres arables sont utilis\u00e9es pour cuisiner des plats. Comment cela fonctionne-t-il ? C&rsquo;est tr\u00e8s simple : il suffit d&rsquo;entrer les ingr\u00e9dients utilis\u00e9s dans les quantit\u00e9s correspondantes et la surface n\u00e9cessaire est automatiquement indiqu\u00e9e. Mais ce n&rsquo;est pas tout ! Le plat consomm\u00e9 est \u00e9galement mis en relation avec la surface journali\u00e8re disponible pour l&rsquo;alimentation (4,2 m\u00b2) d&rsquo;une personne. Il est donc facile et rapide de v\u00e9rifier la surface restante sur les 2000 m\u00b2.     <\/p>\n\n<p>Pourquoi 2000 m\u00b2 ? Plus de 8 milliards de personnes vivent actuellement sur la plan\u00e8te et se partagent environ 1,6 milliard d&rsquo;hectares de terres arables. Pour chaque personne, cela repr\u00e9sente donc environ 2000 m\u00b2 de terres arables sur lesquelles doit pousser tout ce qui est consomm\u00e9 en un an. Divis\u00e9 par 365 jours, il reste 5,5 m\u00b2 par personne et par jour. Rien que pour l&rsquo;alimentation, c&rsquo;est-\u00e0-dire sans compter les v\u00eatements, l&rsquo;\u00e9nergie, etc., cela repr\u00e9sente 4,2 m\u00b2 de terres arables.<\/p>\n\n<p>Alors, vous avez d\u00e9j\u00e0 mang\u00e9 toute votre ration quotidienne au petit-d\u00e9jeuner ?   <a href=\"http:\/\/www.mym2.de\">Calculez maintenant avec le calculateur.<\/a> <\/p>\n\n<h3 class=\"wp-block-heading\">Et voici \u00e0 quoi cela ressemble :<\/h3>\n\n <div class=\"brlbs-cmpnt-container brlbs-cmpnt-content-blocker brlbs-cmpnt-with-individual-styles\" data-borlabs-cookie-content-blocker-id=\"default\" data-borlabs-cookie-content=\"PGlmcmFtZSBzcmM9Imh0dHBzOi8vcmVjaG5lci4yMDAwbTIuZXUvZGUvcmVzdWx0L3BpenphLXNhbGFtaSIgY2xhc3M9ImZsYWVjaGVucmVjaG5lciIgd2lkdGg9IjEyMDBweCIgaGVpZ2h0PSIxMDAwcHgiPjwvaWZyYW1lPg==\"><div class=\"brlbs-cmpnt-cb-preset-a\"> <p class=\"brlbs-cmpnt-cb-description\">Vous \u00eates actuellement en train de consulter le contenu d&rsquo;un espace r\u00e9serv\u00e9 de <strong>Par d\u00e9faut<\/strong>. Pour acc\u00e9der au contenu r\u00e9el, cliquez sur le bouton ci-dessous. Veuillez noter que ce faisant, des donn\u00e9es seront partag\u00e9es avec des providers tiers.<\/p> <div class=\"brlbs-cmpnt-cb-buttons\"> <a class=\"brlbs-cmpnt-cb-btn\" href=\"#\" data-borlabs-cookie-unblock role=\"button\">D\u00e9bloquer le contenu<\/a> <a class=\"brlbs-cmpnt-cb-btn\" href=\"#\" data-borlabs-cookie-accept-service role=\"button\" style=\"display: none\">Accepter le service requis et d\u00e9bloquer les contenus<\/a> <\/div> <a class=\"brlbs-cmpnt-cb-provider-toggle\" href=\"#\" data-borlabs-cookie-show-provider-information role=\"button\">Plus d&rsquo;informations<\/a> <\/div><\/div>\n","protected":false},"excerpt":{"rendered":"<p>Notre calculateur de surface &#8211; MYM2 Quelle est la part de l&rsquo;agriculture dans ma nourriture ? Le calculateur de surface MYM2 permet de calculer combien de terres arables sont utilis\u00e9es pour cuisiner des plats. Comment cela fonctionne-t-il ? C&rsquo;est tr\u00e8s simple : il suffit d&rsquo;entrer les ingr\u00e9dients utilis\u00e9s dans les quantit\u00e9s correspondantes et la surface&#8230;<\/p>\n","protected":false},"author":1,"featured_media":7661,"parent":7638,"menu_order":22,"comment_status":"closed","ping_status":"closed","template":"","meta":{"footnotes":""},"class_list":["post-7660","page","type-page","status-publish","has-post-thumbnail"],"yoast_head":"<!-- This site is optimized with the Yoast SEO plugin v27.4 - https:\/\/yoast.com\/product\/yoast-seo-wordpress\/ -->\n<title>Le calculateur de surface - 2000m2<\/title>\n<meta name=\"robots\" content=\"index, follow, max-snippet:-1, max-image-preview:large, max-video-preview:-1\" \/>\n<link rel=\"canonical\" href=\"https:\/\/www.2000m2.eu\/fr\/nos-offres\/le-calculateur-de-surface\/\" \/>\n<meta property=\"og:locale\" content=\"fr_FR\" \/>\n<meta property=\"og:type\" content=\"article\" \/>\n<meta property=\"og:title\" content=\"Le calculateur de surface - 2000m2\" \/>\n<meta property=\"og:description\" content=\"Notre calculateur de surface &#8211; MYM2 Quelle est la part de l&rsquo;agriculture dans ma nourriture ? Le calculateur de surface MYM2 permet de calculer combien de terres arables sont utilis\u00e9es pour cuisiner des plats. Comment cela fonctionne-t-il ? C&rsquo;est tr\u00e8s simple : il suffit d&rsquo;entrer les ingr\u00e9dients utilis\u00e9s dans les quantit\u00e9s correspondantes et la surface...\" \/>\n<meta property=\"og:url\" content=\"https:\/\/www.2000m2.eu\/fr\/nos-offres\/le-calculateur-de-surface\/\" \/>\n<meta property=\"og:site_name\" content=\"2000m2\" \/>\n<meta property=\"article:modified_time\" content=\"2025-04-23T21:26:50+00:00\" \/>\n<meta property=\"og:image\" content=\"https:\/\/www.2000m2.eu\/wp-content\/uploads\/Featured_Images_Flachenrechner.jpg\" \/>\n\t<meta property=\"og:image:width\" content=\"1800\" \/>\n\t<meta property=\"og:image:height\" content=\"180\" \/>\n\t<meta property=\"og:image:type\" content=\"image\/jpeg\" \/>\n<meta name=\"twitter:card\" content=\"summary_large_image\" \/>\n<meta name=\"twitter:label1\" content=\"Dur\u00e9e de lecture estim\u00e9e\" \/>\n\t<meta name=\"twitter:data1\" content=\"1 minute\" \/>\n<script type=\"application\/ld+json\" class=\"yoast-schema-graph\">{\"@context\":\"https:\\\/\\\/schema.org\",\"@graph\":[{\"@type\":\"WebPage\",\"@id\":\"https:\\\/\\\/www.2000m2.eu\\\/fr\\\/nos-offres\\\/le-calculateur-de-surface\\\/\",\"url\":\"https:\\\/\\\/www.2000m2.eu\\\/fr\\\/nos-offres\\\/le-calculateur-de-surface\\\/\",\"name\":\"Le calculateur de surface - 2000m2\",\"isPartOf\":{\"@id\":\"https:\\\/\\\/www.2000m2.eu\\\/fr\\\/#website\"},\"primaryImageOfPage\":{\"@id\":\"https:\\\/\\\/www.2000m2.eu\\\/fr\\\/nos-offres\\\/le-calculateur-de-surface\\\/#primaryimage\"},\"image\":{\"@id\":\"https:\\\/\\\/www.2000m2.eu\\\/fr\\\/nos-offres\\\/le-calculateur-de-surface\\\/#primaryimage\"},\"thumbnailUrl\":\"https:\\\/\\\/www.2000m2.eu\\\/wp-content\\\/uploads\\\/Featured_Images_Flachenrechner.jpg\",\"datePublished\":\"2024-09-17T11:51:01+00:00\",\"dateModified\":\"2025-04-23T21:26:50+00:00\",\"breadcrumb\":{\"@id\":\"https:\\\/\\\/www.2000m2.eu\\\/fr\\\/nos-offres\\\/le-calculateur-de-surface\\\/#breadcrumb\"},\"inLanguage\":\"fr-FR\",\"potentialAction\":[{\"@type\":\"ReadAction\",\"target\":[\"https:\\\/\\\/www.2000m2.eu\\\/fr\\\/nos-offres\\\/le-calculateur-de-surface\\\/\"]}]},{\"@type\":\"ImageObject\",\"inLanguage\":\"fr-FR\",\"@id\":\"https:\\\/\\\/www.2000m2.eu\\\/fr\\\/nos-offres\\\/le-calculateur-de-surface\\\/#primaryimage\",\"url\":\"https:\\\/\\\/www.2000m2.eu\\\/wp-content\\\/uploads\\\/Featured_Images_Flachenrechner.jpg\",\"contentUrl\":\"https:\\\/\\\/www.2000m2.eu\\\/wp-content\\\/uploads\\\/Featured_Images_Flachenrechner.jpg\",\"width\":1800,\"height\":180},{\"@type\":\"BreadcrumbList\",\"@id\":\"https:\\\/\\\/www.2000m2.eu\\\/fr\\\/nos-offres\\\/le-calculateur-de-surface\\\/#breadcrumb\",\"itemListElement\":[{\"@type\":\"ListItem\",\"position\":1,\"name\":\"Home\",\"item\":\"https:\\\/\\\/www.2000m2.eu\\\/fr\\\/\"},{\"@type\":\"ListItem\",\"position\":2,\"name\":\"Nos offres\",\"item\":\"https:\\\/\\\/www.2000m2.eu\\\/fr\\\/nos-offres\\\/\"},{\"@type\":\"ListItem\",\"position\":3,\"name\":\"Le calculateur de surface\"}]},{\"@type\":\"WebSite\",\"@id\":\"https:\\\/\\\/www.2000m2.eu\\\/fr\\\/#website\",\"url\":\"https:\\\/\\\/www.2000m2.eu\\\/fr\\\/\",\"name\":\"2000m2\",\"description\":\"\",\"publisher\":{\"@id\":\"https:\\\/\\\/www.2000m2.eu\\\/fr\\\/#organization\"},\"potentialAction\":[{\"@type\":\"SearchAction\",\"target\":{\"@type\":\"EntryPoint\",\"urlTemplate\":\"https:\\\/\\\/www.2000m2.eu\\\/fr\\\/?s={search_term_string}\"},\"query-input\":{\"@type\":\"PropertyValueSpecification\",\"valueRequired\":true,\"valueName\":\"search_term_string\"}}],\"inLanguage\":\"fr-FR\"},{\"@type\":\"Organization\",\"@id\":\"https:\\\/\\\/www.2000m2.eu\\\/fr\\\/#organization\",\"name\":\"2000m2\",\"url\":\"https:\\\/\\\/www.2000m2.eu\\\/fr\\\/\",\"logo\":{\"@type\":\"ImageObject\",\"inLanguage\":\"fr-FR\",\"@id\":\"https:\\\/\\\/www.2000m2.eu\\\/fr\\\/#\\\/schema\\\/logo\\\/image\\\/\",\"url\":\"https:\\\/\\\/www.2000m2.eu\\\/wp-content\\\/uploads\\\/logo.png\",\"contentUrl\":\"https:\\\/\\\/www.2000m2.eu\\\/wp-content\\\/uploads\\\/logo.png\",\"width\":445,\"height\":140,\"caption\":\"2000m2\"},\"image\":{\"@id\":\"https:\\\/\\\/www.2000m2.eu\\\/fr\\\/#\\\/schema\\\/logo\\\/image\\\/\"}}]}<\/script>\n<!-- \/ Yoast SEO plugin. -->","yoast_head_json":{"title":"Le calculateur de surface - 2000m2","robots":{"index":"index","follow":"follow","max-snippet":"max-snippet:-1","max-image-preview":"max-image-preview:large","max-video-preview":"max-video-preview:-1"},"canonical":"https:\/\/www.2000m2.eu\/fr\/nos-offres\/le-calculateur-de-surface\/","og_locale":"fr_FR","og_type":"article","og_title":"Le calculateur de surface - 2000m2","og_description":"Notre calculateur de surface &#8211; MYM2 Quelle est la part de l&rsquo;agriculture dans ma nourriture ? Le calculateur de surface MYM2 permet de calculer combien de terres arables sont utilis\u00e9es pour cuisiner des plats. Comment cela fonctionne-t-il ? C&rsquo;est tr\u00e8s simple : il suffit d&rsquo;entrer les ingr\u00e9dients utilis\u00e9s dans les quantit\u00e9s correspondantes et la surface...","og_url":"https:\/\/www.2000m2.eu\/fr\/nos-offres\/le-calculateur-de-surface\/","og_site_name":"2000m2","article_modified_time":"2025-04-23T21:26:50+00:00","og_image":[{"width":1800,"height":180,"url":"https:\/\/www.2000m2.eu\/wp-content\/uploads\/Featured_Images_Flachenrechner.jpg","type":"image\/jpeg"}],"twitter_card":"summary_large_image","twitter_misc":{"Dur\u00e9e de lecture estim\u00e9e":"1 minute"},"schema":{"@context":"https:\/\/schema.org","@graph":[{"@type":"WebPage","@id":"https:\/\/www.2000m2.eu\/fr\/nos-offres\/le-calculateur-de-surface\/","url":"https:\/\/www.2000m2.eu\/fr\/nos-offres\/le-calculateur-de-surface\/","name":"Le calculateur de surface - 2000m2","isPartOf":{"@id":"https:\/\/www.2000m2.eu\/fr\/#website"},"primaryImageOfPage":{"@id":"https:\/\/www.2000m2.eu\/fr\/nos-offres\/le-calculateur-de-surface\/#primaryimage"},"image":{"@id":"https:\/\/www.2000m2.eu\/fr\/nos-offres\/le-calculateur-de-surface\/#primaryimage"},"thumbnailUrl":"https:\/\/www.2000m2.eu\/wp-content\/uploads\/Featured_Images_Flachenrechner.jpg","datePublished":"2024-09-17T11:51:01+00:00","dateModified":"2025-04-23T21:26:50+00:00","breadcrumb":{"@id":"https:\/\/www.2000m2.eu\/fr\/nos-offres\/le-calculateur-de-surface\/#breadcrumb"},"inLanguage":"fr-FR","potentialAction":[{"@type":"ReadAction","target":["https:\/\/www.2000m2.eu\/fr\/nos-offres\/le-calculateur-de-surface\/"]}]},{"@type":"ImageObject","inLanguage":"fr-FR","@id":"https:\/\/www.2000m2.eu\/fr\/nos-offres\/le-calculateur-de-surface\/#primaryimage","url":"https:\/\/www.2000m2.eu\/wp-content\/uploads\/Featured_Images_Flachenrechner.jpg","contentUrl":"https:\/\/www.2000m2.eu\/wp-content\/uploads\/Featured_Images_Flachenrechner.jpg","width":1800,"height":180},{"@type":"BreadcrumbList","@id":"https:\/\/www.2000m2.eu\/fr\/nos-offres\/le-calculateur-de-surface\/#breadcrumb","itemListElement":[{"@type":"ListItem","position":1,"name":"Home","item":"https:\/\/www.2000m2.eu\/fr\/"},{"@type":"ListItem","position":2,"name":"Nos offres","item":"https:\/\/www.2000m2.eu\/fr\/nos-offres\/"},{"@type":"ListItem","position":3,"name":"Le calculateur de surface"}]},{"@type":"WebSite","@id":"https:\/\/www.2000m2.eu\/fr\/#website","url":"https:\/\/www.2000m2.eu\/fr\/","name":"2000m2","description":"","publisher":{"@id":"https:\/\/www.2000m2.eu\/fr\/#organization"},"potentialAction":[{"@type":"SearchAction","target":{"@type":"EntryPoint","urlTemplate":"https:\/\/www.2000m2.eu\/fr\/?s={search_term_string}"},"query-input":{"@type":"PropertyValueSpecification","valueRequired":true,"valueName":"search_term_string"}}],"inLanguage":"fr-FR"},{"@type":"Organization","@id":"https:\/\/www.2000m2.eu\/fr\/#organization","name":"2000m2","url":"https:\/\/www.2000m2.eu\/fr\/","logo":{"@type":"ImageObject","inLanguage":"fr-FR","@id":"https:\/\/www.2000m2.eu\/fr\/#\/schema\/logo\/image\/","url":"https:\/\/www.2000m2.eu\/wp-content\/uploads\/logo.png","contentUrl":"https:\/\/www.2000m2.eu\/wp-content\/uploads\/logo.png","width":445,"height":140,"caption":"2000m2"},"image":{"@id":"https:\/\/www.2000m2.eu\/fr\/#\/schema\/logo\/image\/"}}]}},"_links":{"self":[{"href":"https:\/\/www.2000m2.eu\/fr\/wp-json\/wp\/v2\/pages\/7660","targetHints":{"allow":["GET"]}}],"collection":[{"href":"https:\/\/www.2000m2.eu\/fr\/wp-json\/wp\/v2\/pages"}],"about":[{"href":"https:\/\/www.2000m2.eu\/fr\/wp-json\/wp\/v2\/types\/page"}],"author":[{"embeddable":true,"href":"https:\/\/www.2000m2.eu\/fr\/wp-json\/wp\/v2\/users\/1"}],"replies":[{"embeddable":true,"href":"https:\/\/www.2000m2.eu\/fr\/wp-json\/wp\/v2\/comments?post=7660"}],"version-history":[{"count":5,"href":"https:\/\/www.2000m2.eu\/fr\/wp-json\/wp\/v2\/pages\/7660\/revisions"}],"predecessor-version":[{"id":7868,"href":"https:\/\/www.2000m2.eu\/fr\/wp-json\/wp\/v2\/pages\/7660\/revisions\/7868"}],"up":[{"embeddable":true,"href":"https:\/\/www.2000m2.eu\/fr\/wp-json\/wp\/v2\/pages\/7638"}],"wp:featuredmedia":[{"embeddable":true,"href":"https:\/\/www.2000m2.eu\/fr\/wp-json\/wp\/v2\/media\/7661"}],"wp:attachment":[{"href":"https:\/\/www.2000m2.eu\/fr\/wp-json\/wp\/v2\/media?parent=7660"}],"curies":[{"name":"wp","href":"https:\/\/api.w.org\/{rel}","templated":true}]}}