{"id":7664,"date":"2024-09-17T11:51:34","date_gmt":"2024-09-17T11:51:34","guid":{"rendered":"https:\/\/www.2000m2.eu\/nos-offres\/de-la-surface-a-la-carte\/"},"modified":"2025-04-23T21:37:00","modified_gmt":"2025-04-23T21:37:00","slug":"de-la-surface-a-la-carte","status":"publish","type":"page","link":"https:\/\/www.2000m2.eu\/fr\/nos-offres\/de-la-surface-a-la-carte\/","title":{"rendered":"Le buffet de surface"},"content":{"rendered":"\n<h1 class=\"wp-block-heading\">De la superficie \u00e0 notre carte<\/h1>\n\n<h2 class=\"wp-block-heading\">Quelle part des terres arables finit dans notre assiette ?<\/h2>\n\n<p>\u00c0 table! Combien de champ faut-il pour une escalope avec des pommes de terre saut\u00e9es et combien pour une portion de spaghetti avec de la sauce tomate ? Et combien repr\u00e9sente un verre de bi\u00e8re ou de jus de pomme ? Le buffet montre combien de surface agricole est n\u00e9cessaire pour tous les ingr\u00e9dients des diff\u00e9rents plats. Pour illustrer cela, nous avons cultiv\u00e9 tous les ingr\u00e9dients des plats ensemble, au m\u00eame endroit. Dans la vie r\u00e9elle, ces ingr\u00e9dients sont souvent cultiv\u00e9s \u00e0 des milliers de kilom\u00e8tres les uns des autres.     <\/p>\n\n<p>Les c\u00e9r\u00e9ales pour la farine et les diff\u00e9rents l\u00e9gumes proviennent directement des champs, bien s\u00fbr. Mais quel est le rapport entre l&rsquo;escalope et le champ ? Le soja pousse en abondance sur notre buffet de superficie &#8211; en tant que fourrage exemplaire pour les produits animaux (lait, fromage, viande de porc). Pour un kilogramme de viande de porc, par exemple, il faut pr\u00e8s de neuf m\u00e8tres carr\u00e9s de terres arables. Avec la m\u00eame surface, nous pourrions r\u00e9colter pr\u00e8s de 18 kg de pommes de terre !    <\/p>\n<style>.kb-gallery-id-63_7e6b7a-19.kb-gallery-ul.kb-gallery-type-fluidcarousel .kt-blocks-carousel figure .kb-gal-image-radius, .kb-gallery-id-63_7e6b7a-19.kb-gallery-ul.kb-gallery-type-fluidcarousel .kt-blocks-carousel figure .kb-gal-image-radius img{height:300px;}.kb-gallery-id-63_7e6b7a-19 .kadence-blocks-gallery-item .kb-gal-image-radius, .kb-gallery-id-63_7e6b7a-19 .kb-slide-item .kb-gal-image-radius img{border-radius:0px 0px 0px 0px;;}.kb-gallery-wrap-id-63_7e6b7a-19.wp-block-kadence-advancedgallery{overflow:visible;}.kb-gallery-wrap-id-63_7e6b7a-19.wp-block-kadence-advancedgallery .kt-blocks-carousel{overflow:visible;max-width:100%;}<\/style><div class=\"kb-gallery-wrap-id-63_7e6b7a-19 alignnone wp-block-kadence-advancedgallery\"><div class=\"kb-gallery-ul kb-gallery-non-static kb-gallery-type-fluidcarousel kb-gallery-id-63_7e6b7a-19 kb-gallery-caption-style-bottom-hover kb-gallery-filter-none\" data-image-filter=\"none\" data-lightbox-caption=\"true\"><div class=\"kt-blocks-carousel kt-carousel-container-dotstyle-dark\"><div class=\"kt-blocks-carousel-init kb-blocks-fluid-carousel kt-carousel-arrowstyle-whiteondark kt-carousel-dotstyle-dark kb-slider-group-arrow kb-slider-arrow-position-center\" data-slider-anim-speed=\"400\" data-slider-scroll=\"1\" data-slider-arrows=\"true\" data-slider-dots=\"true\" data-slider-hover-pause=\"false\" data-slider-auto=\"\" data-slider-speed=\"7000\" data-slider-type=\"fluidcarousel\" data-slider-center-mode=\"true\" data-slider-gap=\"10px\" data-slider-gap-tablet=\"10px\" data-slider-gap-mobile=\"10px\" data-show-pause-button=\"false\"><li class=\"kb-slide-item kb-gallery-carousel-item\"><div class=\"kadence-blocks-gallery-item\"><div class=\"kadence-blocks-gallery-item-inner\"><figure class=\"kb-gallery-figure kadence-blocks-gallery-item-hide-caption\"><div class=\"kb-gal-image-radius\"><div class=\"kb-gallery-image-contain\" ><img decoding=\"async\" src=\"https:\/\/www.2000m2.eu\/wp-content\/uploads\/20170612_092649-min.jpg\" width=\"337\" height=\"600\" alt=\"\" data-full-image=\"https:\/\/www.2000m2.eu\/wp-content\/uploads\/20170612_092649-min.jpg\" data-light-image=\"https:\/\/www.2000m2.eu\/wp-content\/uploads\/20170612_092649-min.jpg\" data-id=\"2689\" class=\"wp-image-2689 skip-lazy\" srcset=\"https:\/\/www.2000m2.eu\/wp-content\/uploads\/20170612_092649-min.jpg 337w, https:\/\/www.2000m2.eu\/wp-content\/uploads\/20170612_092649-min-169x300.jpg 169w\" sizes=\"(max-width: 337px) 100vw, 337px\" \/><\/div><\/div><\/figure><\/div><\/div><\/li><li class=\"kb-slide-item kb-gallery-carousel-item\"><div class=\"kadence-blocks-gallery-item\"><div class=\"kadence-blocks-gallery-item-inner\"><figure class=\"kb-gallery-figure kadence-blocks-gallery-item-hide-caption\"><div class=\"kb-gal-image-radius\"><div class=\"kb-gallery-image-contain\" ><img decoding=\"async\" src=\"https:\/\/www.2000m2.eu\/wp-content\/uploads\/20170613_152724-min.jpg\" width=\"950\" height=\"534\" alt=\"\" data-full-image=\"https:\/\/www.2000m2.eu\/wp-content\/uploads\/20170613_152724-min.jpg\" data-light-image=\"https:\/\/www.2000m2.eu\/wp-content\/uploads\/20170613_152724-min.jpg\" data-id=\"2691\" class=\"wp-image-2691 skip-lazy\" srcset=\"https:\/\/www.2000m2.eu\/wp-content\/uploads\/20170613_152724-min.jpg 950w, https:\/\/www.2000m2.eu\/wp-content\/uploads\/20170613_152724-min-300x169.jpg 300w, https:\/\/www.2000m2.eu\/wp-content\/uploads\/20170613_152724-min-768x432.jpg 768w\" sizes=\"(max-width: 950px) 100vw, 950px\" \/><\/div><\/div><\/figure><\/div><\/div><\/li><li class=\"kb-slide-item kb-gallery-carousel-item\"><div class=\"kadence-blocks-gallery-item\"><div class=\"kadence-blocks-gallery-item-inner\"><figure class=\"kb-gallery-figure kadence-blocks-gallery-item-hide-caption\"><div class=\"kb-gal-image-radius\"><div class=\"kb-gallery-image-contain\" ><img decoding=\"async\" src=\"https:\/\/www.2000m2.eu\/wp-content\/uploads\/20170619_121216-min.jpg\" width=\"950\" height=\"534\" alt=\"\" data-full-image=\"https:\/\/www.2000m2.eu\/wp-content\/uploads\/20170619_121216-min.jpg\" data-light-image=\"https:\/\/www.2000m2.eu\/wp-content\/uploads\/20170619_121216-min.jpg\" data-id=\"2693\" class=\"wp-image-2693 skip-lazy\" srcset=\"https:\/\/www.2000m2.eu\/wp-content\/uploads\/20170619_121216-min.jpg 950w, https:\/\/www.2000m2.eu\/wp-content\/uploads\/20170619_121216-min-300x169.jpg 300w, https:\/\/www.2000m2.eu\/wp-content\/uploads\/20170619_121216-min-768x432.jpg 768w\" sizes=\"(max-width: 950px) 100vw, 950px\" \/><\/div><\/div><\/figure><\/div><\/div><\/li><li class=\"kb-slide-item kb-gallery-carousel-item\"><div class=\"kadence-blocks-gallery-item\"><div class=\"kadence-blocks-gallery-item-inner\"><figure class=\"kb-gallery-figure kadence-blocks-gallery-item-hide-caption\"><div class=\"kb-gal-image-radius\"><div class=\"kb-gallery-image-contain\" ><img decoding=\"async\" src=\"https:\/\/www.2000m2.eu\/wp-content\/uploads\/20170619_121343-min-1.jpg\" width=\"337\" height=\"600\" alt=\"\" data-full-image=\"https:\/\/www.2000m2.eu\/wp-content\/uploads\/20170619_121343-min-1.jpg\" data-light-image=\"https:\/\/www.2000m2.eu\/wp-content\/uploads\/20170619_121343-min-1.jpg\" data-id=\"2695\" class=\"wp-image-2695 skip-lazy\" srcset=\"https:\/\/www.2000m2.eu\/wp-content\/uploads\/20170619_121343-min-1.jpg 337w, https:\/\/www.2000m2.eu\/wp-content\/uploads\/20170619_121343-min-1-169x300.jpg 169w\" sizes=\"(max-width: 337px) 100vw, 337px\" \/><\/div><\/div><\/figure><\/div><\/div><\/li><\/div><\/div><\/div><\/div>\n<p>Dans de nombreux champs du monde, mais aussi dans d&rsquo;autres endroits, des buffets de surface sont cr\u00e9\u00e9s et les ingr\u00e9dients pour de d\u00e9licieux plats poussent. Outre les p\u00e2tes et les escalopes, vous pouvez \u00e9galement d\u00e9couvrir des kebabs, des falafels, des c\u00e9r\u00e9ales et des pizzas. Savez-vous ce que vous devez cultiver pour pouvoir cuisiner ces plats ? Et combien de surface pensez-vous avoir besoin pour votre d\u00e9jeuner ?   <\/p>\n\n<p>Si vous souhaitez explorer ces questions, rendez-vous sur champ du monde ou consultez notre <a href=\"http:\/\/www.mym2.de\">calculateur de superficie<\/a>. Vous pouvez \u00e9galement y calculer la superficie que vous consommez par jour. Est-ce que 2000 m\u00b2 vous suffisent ?   <\/p>\n\n<h2 class=\"wp-block-heading\">Cr\u00e9er soi-m\u00eame un buffet de surface<\/h2>\n\n<p>Les buffets de surface sont de petites installations \u00e9ducatives qui s&rsquo;int\u00e8grent bien non seulement dans les champs du monde, mais aussi, par exemple, dans les jardins d&rsquo;\u00e9cole, les \u00e9tablissements d&rsquo;enseignement ou les espaces publics. Peut-\u00eatre les espaces verts et les parcs de votre ville peuvent-ils \u00eatre am\u00e9nag\u00e9s de mani\u00e8re cr\u00e9ative avec des buffets de surface ? Si vous avez l&rsquo;intention de cultiver vous-m\u00eame un buffet de surface, nous vous enverrons volontiers des instructions, des plans de culture et tout le mat\u00e9riel dont vous avez besoin, comme des mod\u00e8les \u00e0 imprimer. N&rsquo;h\u00e9sitez pas \u00e0 <a href=\"https:\/\/www.2000m2.eu\/about\/contact\/\">nous<\/a> contacter !   <\/p>\n\n<p><\/p>\n","protected":false},"excerpt":{"rendered":"<p>De la superficie \u00e0 notre carte Quelle part des terres arables finit dans notre assiette ? \u00c0 table! Combien de champ faut-il pour une escalope avec des pommes de terre saut\u00e9es et combien pour une portion de spaghetti avec de la sauce tomate ? Et combien repr\u00e9sente un verre de bi\u00e8re ou de jus de&#8230;<\/p>\n","protected":false},"author":1,"featured_media":7665,"parent":7638,"menu_order":26,"comment_status":"closed","ping_status":"closed","template":"","meta":{"footnotes":""},"class_list":["post-7664","page","type-page","status-publish","has-post-thumbnail"],"yoast_head":"<!-- This site is optimized with the Yoast SEO plugin v27.4 - https:\/\/yoast.com\/product\/yoast-seo-wordpress\/ -->\n<title>Le buffet de surface - 2000m2<\/title>\n<meta name=\"robots\" content=\"index, follow, max-snippet:-1, max-image-preview:large, max-video-preview:-1\" \/>\n<link rel=\"canonical\" href=\"https:\/\/www.2000m2.eu\/fr\/nos-offres\/de-la-surface-a-la-carte\/\" \/>\n<meta property=\"og:locale\" content=\"fr_FR\" \/>\n<meta property=\"og:type\" content=\"article\" \/>\n<meta property=\"og:title\" content=\"Le buffet de surface - 2000m2\" \/>\n<meta property=\"og:description\" content=\"De la superficie \u00e0 notre carte Quelle part des terres arables finit dans notre assiette ? \u00c0 table! Combien de champ faut-il pour une escalope avec des pommes de terre saut\u00e9es et combien pour une portion de spaghetti avec de la sauce tomate ? Et combien repr\u00e9sente un verre de bi\u00e8re ou de jus de...\" \/>\n<meta property=\"og:url\" content=\"https:\/\/www.2000m2.eu\/fr\/nos-offres\/de-la-surface-a-la-carte\/\" \/>\n<meta property=\"og:site_name\" content=\"2000m2\" \/>\n<meta property=\"article:modified_time\" content=\"2025-04-23T21:37:00+00:00\" \/>\n<meta property=\"og:image\" content=\"https:\/\/www.2000m2.eu\/wp-content\/uploads\/Featured_Images_Flachenbuffet.jpg\" \/>\n\t<meta property=\"og:image:width\" content=\"1800\" \/>\n\t<meta property=\"og:image:height\" content=\"180\" \/>\n\t<meta property=\"og:image:type\" content=\"image\/jpeg\" \/>\n<meta name=\"twitter:card\" content=\"summary_large_image\" \/>\n<meta name=\"twitter:label1\" content=\"Dur\u00e9e de lecture estim\u00e9e\" \/>\n\t<meta name=\"twitter:data1\" content=\"2 minutes\" \/>\n<script type=\"application\/ld+json\" class=\"yoast-schema-graph\">{\"@context\":\"https:\\\/\\\/schema.org\",\"@graph\":[{\"@type\":\"WebPage\",\"@id\":\"https:\\\/\\\/www.2000m2.eu\\\/fr\\\/nos-offres\\\/de-la-surface-a-la-carte\\\/\",\"url\":\"https:\\\/\\\/www.2000m2.eu\\\/fr\\\/nos-offres\\\/de-la-surface-a-la-carte\\\/\",\"name\":\"Le buffet de surface - 2000m2\",\"isPartOf\":{\"@id\":\"https:\\\/\\\/www.2000m2.eu\\\/fr\\\/#website\"},\"primaryImageOfPage\":{\"@id\":\"https:\\\/\\\/www.2000m2.eu\\\/fr\\\/nos-offres\\\/de-la-surface-a-la-carte\\\/#primaryimage\"},\"image\":{\"@id\":\"https:\\\/\\\/www.2000m2.eu\\\/fr\\\/nos-offres\\\/de-la-surface-a-la-carte\\\/#primaryimage\"},\"thumbnailUrl\":\"https:\\\/\\\/www.2000m2.eu\\\/wp-content\\\/uploads\\\/Featured_Images_Flachenbuffet.jpg\",\"datePublished\":\"2024-09-17T11:51:34+00:00\",\"dateModified\":\"2025-04-23T21:37:00+00:00\",\"breadcrumb\":{\"@id\":\"https:\\\/\\\/www.2000m2.eu\\\/fr\\\/nos-offres\\\/de-la-surface-a-la-carte\\\/#breadcrumb\"},\"inLanguage\":\"fr-FR\",\"potentialAction\":[{\"@type\":\"ReadAction\",\"target\":[\"https:\\\/\\\/www.2000m2.eu\\\/fr\\\/nos-offres\\\/de-la-surface-a-la-carte\\\/\"]}]},{\"@type\":\"ImageObject\",\"inLanguage\":\"fr-FR\",\"@id\":\"https:\\\/\\\/www.2000m2.eu\\\/fr\\\/nos-offres\\\/de-la-surface-a-la-carte\\\/#primaryimage\",\"url\":\"https:\\\/\\\/www.2000m2.eu\\\/wp-content\\\/uploads\\\/Featured_Images_Flachenbuffet.jpg\",\"contentUrl\":\"https:\\\/\\\/www.2000m2.eu\\\/wp-content\\\/uploads\\\/Featured_Images_Flachenbuffet.jpg\",\"width\":1800,\"height\":180},{\"@type\":\"BreadcrumbList\",\"@id\":\"https:\\\/\\\/www.2000m2.eu\\\/fr\\\/nos-offres\\\/de-la-surface-a-la-carte\\\/#breadcrumb\",\"itemListElement\":[{\"@type\":\"ListItem\",\"position\":1,\"name\":\"Home\",\"item\":\"https:\\\/\\\/www.2000m2.eu\\\/fr\\\/\"},{\"@type\":\"ListItem\",\"position\":2,\"name\":\"Nos offres\",\"item\":\"https:\\\/\\\/www.2000m2.eu\\\/fr\\\/nos-offres\\\/\"},{\"@type\":\"ListItem\",\"position\":3,\"name\":\"Le buffet de surface\"}]},{\"@type\":\"WebSite\",\"@id\":\"https:\\\/\\\/www.2000m2.eu\\\/fr\\\/#website\",\"url\":\"https:\\\/\\\/www.2000m2.eu\\\/fr\\\/\",\"name\":\"2000m2\",\"description\":\"\",\"publisher\":{\"@id\":\"https:\\\/\\\/www.2000m2.eu\\\/fr\\\/#organization\"},\"potentialAction\":[{\"@type\":\"SearchAction\",\"target\":{\"@type\":\"EntryPoint\",\"urlTemplate\":\"https:\\\/\\\/www.2000m2.eu\\\/fr\\\/?s={search_term_string}\"},\"query-input\":{\"@type\":\"PropertyValueSpecification\",\"valueRequired\":true,\"valueName\":\"search_term_string\"}}],\"inLanguage\":\"fr-FR\"},{\"@type\":\"Organization\",\"@id\":\"https:\\\/\\\/www.2000m2.eu\\\/fr\\\/#organization\",\"name\":\"2000m2\",\"url\":\"https:\\\/\\\/www.2000m2.eu\\\/fr\\\/\",\"logo\":{\"@type\":\"ImageObject\",\"inLanguage\":\"fr-FR\",\"@id\":\"https:\\\/\\\/www.2000m2.eu\\\/fr\\\/#\\\/schema\\\/logo\\\/image\\\/\",\"url\":\"https:\\\/\\\/www.2000m2.eu\\\/wp-content\\\/uploads\\\/logo.png\",\"contentUrl\":\"https:\\\/\\\/www.2000m2.eu\\\/wp-content\\\/uploads\\\/logo.png\",\"width\":445,\"height\":140,\"caption\":\"2000m2\"},\"image\":{\"@id\":\"https:\\\/\\\/www.2000m2.eu\\\/fr\\\/#\\\/schema\\\/logo\\\/image\\\/\"}}]}<\/script>\n<!-- \/ Yoast SEO plugin. -->","yoast_head_json":{"title":"Le buffet de surface - 2000m2","robots":{"index":"index","follow":"follow","max-snippet":"max-snippet:-1","max-image-preview":"max-image-preview:large","max-video-preview":"max-video-preview:-1"},"canonical":"https:\/\/www.2000m2.eu\/fr\/nos-offres\/de-la-surface-a-la-carte\/","og_locale":"fr_FR","og_type":"article","og_title":"Le buffet de surface - 2000m2","og_description":"De la superficie \u00e0 notre carte Quelle part des terres arables finit dans notre assiette ? \u00c0 table! Combien de champ faut-il pour une escalope avec des pommes de terre saut\u00e9es et combien pour une portion de spaghetti avec de la sauce tomate ? Et combien repr\u00e9sente un verre de bi\u00e8re ou de jus de...","og_url":"https:\/\/www.2000m2.eu\/fr\/nos-offres\/de-la-surface-a-la-carte\/","og_site_name":"2000m2","article_modified_time":"2025-04-23T21:37:00+00:00","og_image":[{"width":1800,"height":180,"url":"https:\/\/www.2000m2.eu\/wp-content\/uploads\/Featured_Images_Flachenbuffet.jpg","type":"image\/jpeg"}],"twitter_card":"summary_large_image","twitter_misc":{"Dur\u00e9e de lecture estim\u00e9e":"2 minutes"},"schema":{"@context":"https:\/\/schema.org","@graph":[{"@type":"WebPage","@id":"https:\/\/www.2000m2.eu\/fr\/nos-offres\/de-la-surface-a-la-carte\/","url":"https:\/\/www.2000m2.eu\/fr\/nos-offres\/de-la-surface-a-la-carte\/","name":"Le buffet de surface - 2000m2","isPartOf":{"@id":"https:\/\/www.2000m2.eu\/fr\/#website"},"primaryImageOfPage":{"@id":"https:\/\/www.2000m2.eu\/fr\/nos-offres\/de-la-surface-a-la-carte\/#primaryimage"},"image":{"@id":"https:\/\/www.2000m2.eu\/fr\/nos-offres\/de-la-surface-a-la-carte\/#primaryimage"},"thumbnailUrl":"https:\/\/www.2000m2.eu\/wp-content\/uploads\/Featured_Images_Flachenbuffet.jpg","datePublished":"2024-09-17T11:51:34+00:00","dateModified":"2025-04-23T21:37:00+00:00","breadcrumb":{"@id":"https:\/\/www.2000m2.eu\/fr\/nos-offres\/de-la-surface-a-la-carte\/#breadcrumb"},"inLanguage":"fr-FR","potentialAction":[{"@type":"ReadAction","target":["https:\/\/www.2000m2.eu\/fr\/nos-offres\/de-la-surface-a-la-carte\/"]}]},{"@type":"ImageObject","inLanguage":"fr-FR","@id":"https:\/\/www.2000m2.eu\/fr\/nos-offres\/de-la-surface-a-la-carte\/#primaryimage","url":"https:\/\/www.2000m2.eu\/wp-content\/uploads\/Featured_Images_Flachenbuffet.jpg","contentUrl":"https:\/\/www.2000m2.eu\/wp-content\/uploads\/Featured_Images_Flachenbuffet.jpg","width":1800,"height":180},{"@type":"BreadcrumbList","@id":"https:\/\/www.2000m2.eu\/fr\/nos-offres\/de-la-surface-a-la-carte\/#breadcrumb","itemListElement":[{"@type":"ListItem","position":1,"name":"Home","item":"https:\/\/www.2000m2.eu\/fr\/"},{"@type":"ListItem","position":2,"name":"Nos offres","item":"https:\/\/www.2000m2.eu\/fr\/nos-offres\/"},{"@type":"ListItem","position":3,"name":"Le buffet de surface"}]},{"@type":"WebSite","@id":"https:\/\/www.2000m2.eu\/fr\/#website","url":"https:\/\/www.2000m2.eu\/fr\/","name":"2000m2","description":"","publisher":{"@id":"https:\/\/www.2000m2.eu\/fr\/#organization"},"potentialAction":[{"@type":"SearchAction","target":{"@type":"EntryPoint","urlTemplate":"https:\/\/www.2000m2.eu\/fr\/?s={search_term_string}"},"query-input":{"@type":"PropertyValueSpecification","valueRequired":true,"valueName":"search_term_string"}}],"inLanguage":"fr-FR"},{"@type":"Organization","@id":"https:\/\/www.2000m2.eu\/fr\/#organization","name":"2000m2","url":"https:\/\/www.2000m2.eu\/fr\/","logo":{"@type":"ImageObject","inLanguage":"fr-FR","@id":"https:\/\/www.2000m2.eu\/fr\/#\/schema\/logo\/image\/","url":"https:\/\/www.2000m2.eu\/wp-content\/uploads\/logo.png","contentUrl":"https:\/\/www.2000m2.eu\/wp-content\/uploads\/logo.png","width":445,"height":140,"caption":"2000m2"},"image":{"@id":"https:\/\/www.2000m2.eu\/fr\/#\/schema\/logo\/image\/"}}]}},"_links":{"self":[{"href":"https:\/\/www.2000m2.eu\/fr\/wp-json\/wp\/v2\/pages\/7664","targetHints":{"allow":["GET"]}}],"collection":[{"href":"https:\/\/www.2000m2.eu\/fr\/wp-json\/wp\/v2\/pages"}],"about":[{"href":"https:\/\/www.2000m2.eu\/fr\/wp-json\/wp\/v2\/types\/page"}],"author":[{"embeddable":true,"href":"https:\/\/www.2000m2.eu\/fr\/wp-json\/wp\/v2\/users\/1"}],"replies":[{"embeddable":true,"href":"https:\/\/www.2000m2.eu\/fr\/wp-json\/wp\/v2\/comments?post=7664"}],"version-history":[{"count":5,"href":"https:\/\/www.2000m2.eu\/fr\/wp-json\/wp\/v2\/pages\/7664\/revisions"}],"predecessor-version":[{"id":7871,"href":"https:\/\/www.2000m2.eu\/fr\/wp-json\/wp\/v2\/pages\/7664\/revisions\/7871"}],"up":[{"embeddable":true,"href":"https:\/\/www.2000m2.eu\/fr\/wp-json\/wp\/v2\/pages\/7638"}],"wp:featuredmedia":[{"embeddable":true,"href":"https:\/\/www.2000m2.eu\/fr\/wp-json\/wp\/v2\/media\/7665"}],"wp:attachment":[{"href":"https:\/\/www.2000m2.eu\/fr\/wp-json\/wp\/v2\/media?parent=7664"}],"curies":[{"name":"wp","href":"https:\/\/api.w.org\/{rel}","templated":true}]}}