{"id":7684,"date":"2024-09-11T12:00:31","date_gmt":"2024-09-11T12:00:31","guid":{"rendered":"https:\/\/www.2000m2.eu\/nos-offres\/presse-et-communication\/"},"modified":"2025-10-23T15:21:12","modified_gmt":"2025-10-23T15:21:12","slug":"materiaux","status":"publish","type":"page","link":"https:\/\/www.2000m2.eu\/fr\/nos-offres\/materiaux\/","title":{"rendered":"Mat\u00e9riaux"},"content":{"rendered":"\n<h1 class=\"wp-block-heading\">Supports<\/h1>\n\n\n\n<p>Vous pouvez commander notre brochure des Champs du Monde. Il vous suffit de nous envoyer un e-mail avec votre adresse et de nous indiquer le nombre d&rsquo;exemplaires dont vous avez besoin. Nous serions heureux de recevoir une petite donation pour les brochures.   <\/p>\n\n\n\n<div data-wp-interactive=\"core\/file\" class=\"wp-block-file has-link-color wp-elements-0aa93fe29728798151e40233fc2f589a\"><object data-wp-bind--hidden=\"!state.hasPdfPreview\" hidden class=\"wp-block-file__embed\" data=\"https:\/\/www.2000m2.eu\/wp-content\/uploads\/BROCHURE_2025_Francais_web-1.pdf\" type=\"application\/pdf\" style=\"width:100%;height:610px\" aria-label=\"Contenu embarqu\u00e9 BROCHURE_2025_Francais_web.\"><\/object><a id=\"wp-block-file--media-cb3a6a73-5418-4e85-9100-8cf0f782c4d0\" href=\"https:\/\/www.2000m2.eu\/wp-content\/uploads\/BROCHURE_2025_Francais_web-1.pdf\">BROCHURE_2025_Francais_web<\/a><a href=\"https:\/\/www.2000m2.eu\/wp-content\/uploads\/BROCHURE_2025_Francais_web-1.pdf\" class=\"wp-block-file__button wp-element-button\" download aria-describedby=\"wp-block-file--media-cb3a6a73-5418-4e85-9100-8cf0f782c4d0\">T\u00e9l\u00e9charger<\/a><\/div>\n\n\n\n<p><\/p>\n\n\n\n<p>Nous pouvons \u00e9galement vous fournir d&rsquo;autres supports d&rsquo;information tels que des affiches, des cartes postales ou d&rsquo;autres petits cadeaux. <\/p>\n\n\n\n<p>De plus, vous trouverez bient\u00f4t ici une collection de photos que vous pouvez utiliser pour des articles et des publications sur les Champs du Monde. Veuillez toujours respecter le copyright des photos et le mentionner lorsque vous les utilisez. Si vous avez besoin de photos en haute r\u00e9solution, \u00e9crivez-nous \u00e0 <a href=\"mailto:info@2000m2.eu\">info@2000m2.eu<\/a>.   <\/p>\n\n\n\n<p><\/p>\n","protected":false},"excerpt":{"rendered":"<p>Supports Vous pouvez commander notre brochure des Champs du Monde. Il vous suffit de nous envoyer un e-mail avec votre adresse et de nous indiquer le nombre d&rsquo;exemplaires dont vous avez besoin. Nous serions heureux de recevoir une petite donation pour les brochures. Nous pouvons \u00e9galement vous fournir d&rsquo;autres supports d&rsquo;information tels que des affiches,&#8230;<\/p>\n","protected":false},"author":1,"featured_media":7685,"parent":7638,"menu_order":29,"comment_status":"closed","ping_status":"closed","template":"","meta":{"footnotes":""},"class_list":["post-7684","page","type-page","status-publish","has-post-thumbnail"],"yoast_head":"<!-- This site is optimized with the Yoast SEO plugin v27.5 - https:\/\/yoast.com\/product\/yoast-seo-wordpress\/ -->\n<title>Mat\u00e9riaux - 2000m2<\/title>\n<meta name=\"robots\" content=\"index, follow, max-snippet:-1, max-image-preview:large, max-video-preview:-1\" \/>\n<link rel=\"canonical\" href=\"https:\/\/www.2000m2.eu\/fr\/nos-offres\/materiaux\/\" \/>\n<meta property=\"og:locale\" content=\"fr_FR\" \/>\n<meta property=\"og:type\" content=\"article\" \/>\n<meta property=\"og:title\" content=\"Mat\u00e9riaux - 2000m2\" \/>\n<meta property=\"og:description\" content=\"Supports Vous pouvez commander notre brochure des Champs du Monde. Il vous suffit de nous envoyer un e-mail avec votre adresse et de nous indiquer le nombre d&rsquo;exemplaires dont vous avez besoin. Nous serions heureux de recevoir une petite donation pour les brochures. Nous pouvons \u00e9galement vous fournir d&rsquo;autres supports d&rsquo;information tels que des affiches,...\" \/>\n<meta property=\"og:url\" content=\"https:\/\/www.2000m2.eu\/fr\/nos-offres\/materiaux\/\" \/>\n<meta property=\"og:site_name\" content=\"2000m2\" \/>\n<meta property=\"article:modified_time\" content=\"2025-10-23T15:21:12+00:00\" \/>\n<meta property=\"og:image\" content=\"https:\/\/www.2000m2.eu\/wp-content\/uploads\/Featured_Images_Material.jpg\" \/>\n\t<meta property=\"og:image:width\" content=\"1800\" \/>\n\t<meta property=\"og:image:height\" content=\"180\" \/>\n\t<meta property=\"og:image:type\" content=\"image\/jpeg\" \/>\n<meta name=\"twitter:card\" content=\"summary_large_image\" \/>\n<meta name=\"twitter:label1\" content=\"Dur\u00e9e de lecture estim\u00e9e\" \/>\n\t<meta name=\"twitter:data1\" content=\"1 minute\" \/>\n<script type=\"application\/ld+json\" class=\"yoast-schema-graph\">{\"@context\":\"https:\\\/\\\/schema.org\",\"@graph\":[{\"@type\":\"WebPage\",\"@id\":\"https:\\\/\\\/www.2000m2.eu\\\/fr\\\/nos-offres\\\/materiaux\\\/\",\"url\":\"https:\\\/\\\/www.2000m2.eu\\\/fr\\\/nos-offres\\\/materiaux\\\/\",\"name\":\"Mat\u00e9riaux - 2000m2\",\"isPartOf\":{\"@id\":\"https:\\\/\\\/www.2000m2.eu\\\/fr\\\/#website\"},\"primaryImageOfPage\":{\"@id\":\"https:\\\/\\\/www.2000m2.eu\\\/fr\\\/nos-offres\\\/materiaux\\\/#primaryimage\"},\"image\":{\"@id\":\"https:\\\/\\\/www.2000m2.eu\\\/fr\\\/nos-offres\\\/materiaux\\\/#primaryimage\"},\"thumbnailUrl\":\"https:\\\/\\\/www.2000m2.eu\\\/wp-content\\\/uploads\\\/Featured_Images_Material.jpg\",\"datePublished\":\"2024-09-11T12:00:31+00:00\",\"dateModified\":\"2025-10-23T15:21:12+00:00\",\"breadcrumb\":{\"@id\":\"https:\\\/\\\/www.2000m2.eu\\\/fr\\\/nos-offres\\\/materiaux\\\/#breadcrumb\"},\"inLanguage\":\"fr-FR\",\"potentialAction\":[{\"@type\":\"ReadAction\",\"target\":[\"https:\\\/\\\/www.2000m2.eu\\\/fr\\\/nos-offres\\\/materiaux\\\/\"]}]},{\"@type\":\"ImageObject\",\"inLanguage\":\"fr-FR\",\"@id\":\"https:\\\/\\\/www.2000m2.eu\\\/fr\\\/nos-offres\\\/materiaux\\\/#primaryimage\",\"url\":\"https:\\\/\\\/www.2000m2.eu\\\/wp-content\\\/uploads\\\/Featured_Images_Material.jpg\",\"contentUrl\":\"https:\\\/\\\/www.2000m2.eu\\\/wp-content\\\/uploads\\\/Featured_Images_Material.jpg\",\"width\":1800,\"height\":180},{\"@type\":\"BreadcrumbList\",\"@id\":\"https:\\\/\\\/www.2000m2.eu\\\/fr\\\/nos-offres\\\/materiaux\\\/#breadcrumb\",\"itemListElement\":[{\"@type\":\"ListItem\",\"position\":1,\"name\":\"Home\",\"item\":\"https:\\\/\\\/www.2000m2.eu\\\/fr\\\/\"},{\"@type\":\"ListItem\",\"position\":2,\"name\":\"Nos offres\",\"item\":\"https:\\\/\\\/www.2000m2.eu\\\/fr\\\/nos-offres\\\/\"},{\"@type\":\"ListItem\",\"position\":3,\"name\":\"Mat\u00e9riaux\"}]},{\"@type\":\"WebSite\",\"@id\":\"https:\\\/\\\/www.2000m2.eu\\\/fr\\\/#website\",\"url\":\"https:\\\/\\\/www.2000m2.eu\\\/fr\\\/\",\"name\":\"2000m2\",\"description\":\"\",\"publisher\":{\"@id\":\"https:\\\/\\\/www.2000m2.eu\\\/fr\\\/#organization\"},\"potentialAction\":[{\"@type\":\"SearchAction\",\"target\":{\"@type\":\"EntryPoint\",\"urlTemplate\":\"https:\\\/\\\/www.2000m2.eu\\\/fr\\\/?s={search_term_string}\"},\"query-input\":{\"@type\":\"PropertyValueSpecification\",\"valueRequired\":true,\"valueName\":\"search_term_string\"}}],\"inLanguage\":\"fr-FR\"},{\"@type\":\"Organization\",\"@id\":\"https:\\\/\\\/www.2000m2.eu\\\/fr\\\/#organization\",\"name\":\"2000m2\",\"url\":\"https:\\\/\\\/www.2000m2.eu\\\/fr\\\/\",\"logo\":{\"@type\":\"ImageObject\",\"inLanguage\":\"fr-FR\",\"@id\":\"https:\\\/\\\/www.2000m2.eu\\\/fr\\\/#\\\/schema\\\/logo\\\/image\\\/\",\"url\":\"https:\\\/\\\/www.2000m2.eu\\\/wp-content\\\/uploads\\\/logo.png\",\"contentUrl\":\"https:\\\/\\\/www.2000m2.eu\\\/wp-content\\\/uploads\\\/logo.png\",\"width\":445,\"height\":140,\"caption\":\"2000m2\"},\"image\":{\"@id\":\"https:\\\/\\\/www.2000m2.eu\\\/fr\\\/#\\\/schema\\\/logo\\\/image\\\/\"}}]}<\/script>\n<!-- \/ Yoast SEO plugin. -->","yoast_head_json":{"title":"Mat\u00e9riaux - 2000m2","robots":{"index":"index","follow":"follow","max-snippet":"max-snippet:-1","max-image-preview":"max-image-preview:large","max-video-preview":"max-video-preview:-1"},"canonical":"https:\/\/www.2000m2.eu\/fr\/nos-offres\/materiaux\/","og_locale":"fr_FR","og_type":"article","og_title":"Mat\u00e9riaux - 2000m2","og_description":"Supports Vous pouvez commander notre brochure des Champs du Monde. Il vous suffit de nous envoyer un e-mail avec votre adresse et de nous indiquer le nombre d&rsquo;exemplaires dont vous avez besoin. Nous serions heureux de recevoir une petite donation pour les brochures. Nous pouvons \u00e9galement vous fournir d&rsquo;autres supports d&rsquo;information tels que des affiches,...","og_url":"https:\/\/www.2000m2.eu\/fr\/nos-offres\/materiaux\/","og_site_name":"2000m2","article_modified_time":"2025-10-23T15:21:12+00:00","og_image":[{"width":1800,"height":180,"url":"https:\/\/www.2000m2.eu\/wp-content\/uploads\/Featured_Images_Material.jpg","type":"image\/jpeg"}],"twitter_card":"summary_large_image","twitter_misc":{"Dur\u00e9e de lecture estim\u00e9e":"1 minute"},"schema":{"@context":"https:\/\/schema.org","@graph":[{"@type":"WebPage","@id":"https:\/\/www.2000m2.eu\/fr\/nos-offres\/materiaux\/","url":"https:\/\/www.2000m2.eu\/fr\/nos-offres\/materiaux\/","name":"Mat\u00e9riaux - 2000m2","isPartOf":{"@id":"https:\/\/www.2000m2.eu\/fr\/#website"},"primaryImageOfPage":{"@id":"https:\/\/www.2000m2.eu\/fr\/nos-offres\/materiaux\/#primaryimage"},"image":{"@id":"https:\/\/www.2000m2.eu\/fr\/nos-offres\/materiaux\/#primaryimage"},"thumbnailUrl":"https:\/\/www.2000m2.eu\/wp-content\/uploads\/Featured_Images_Material.jpg","datePublished":"2024-09-11T12:00:31+00:00","dateModified":"2025-10-23T15:21:12+00:00","breadcrumb":{"@id":"https:\/\/www.2000m2.eu\/fr\/nos-offres\/materiaux\/#breadcrumb"},"inLanguage":"fr-FR","potentialAction":[{"@type":"ReadAction","target":["https:\/\/www.2000m2.eu\/fr\/nos-offres\/materiaux\/"]}]},{"@type":"ImageObject","inLanguage":"fr-FR","@id":"https:\/\/www.2000m2.eu\/fr\/nos-offres\/materiaux\/#primaryimage","url":"https:\/\/www.2000m2.eu\/wp-content\/uploads\/Featured_Images_Material.jpg","contentUrl":"https:\/\/www.2000m2.eu\/wp-content\/uploads\/Featured_Images_Material.jpg","width":1800,"height":180},{"@type":"BreadcrumbList","@id":"https:\/\/www.2000m2.eu\/fr\/nos-offres\/materiaux\/#breadcrumb","itemListElement":[{"@type":"ListItem","position":1,"name":"Home","item":"https:\/\/www.2000m2.eu\/fr\/"},{"@type":"ListItem","position":2,"name":"Nos offres","item":"https:\/\/www.2000m2.eu\/fr\/nos-offres\/"},{"@type":"ListItem","position":3,"name":"Mat\u00e9riaux"}]},{"@type":"WebSite","@id":"https:\/\/www.2000m2.eu\/fr\/#website","url":"https:\/\/www.2000m2.eu\/fr\/","name":"2000m2","description":"","publisher":{"@id":"https:\/\/www.2000m2.eu\/fr\/#organization"},"potentialAction":[{"@type":"SearchAction","target":{"@type":"EntryPoint","urlTemplate":"https:\/\/www.2000m2.eu\/fr\/?s={search_term_string}"},"query-input":{"@type":"PropertyValueSpecification","valueRequired":true,"valueName":"search_term_string"}}],"inLanguage":"fr-FR"},{"@type":"Organization","@id":"https:\/\/www.2000m2.eu\/fr\/#organization","name":"2000m2","url":"https:\/\/www.2000m2.eu\/fr\/","logo":{"@type":"ImageObject","inLanguage":"fr-FR","@id":"https:\/\/www.2000m2.eu\/fr\/#\/schema\/logo\/image\/","url":"https:\/\/www.2000m2.eu\/wp-content\/uploads\/logo.png","contentUrl":"https:\/\/www.2000m2.eu\/wp-content\/uploads\/logo.png","width":445,"height":140,"caption":"2000m2"},"image":{"@id":"https:\/\/www.2000m2.eu\/fr\/#\/schema\/logo\/image\/"}}]}},"_links":{"self":[{"href":"https:\/\/www.2000m2.eu\/fr\/wp-json\/wp\/v2\/pages\/7684","targetHints":{"allow":["GET"]}}],"collection":[{"href":"https:\/\/www.2000m2.eu\/fr\/wp-json\/wp\/v2\/pages"}],"about":[{"href":"https:\/\/www.2000m2.eu\/fr\/wp-json\/wp\/v2\/types\/page"}],"author":[{"embeddable":true,"href":"https:\/\/www.2000m2.eu\/fr\/wp-json\/wp\/v2\/users\/1"}],"replies":[{"embeddable":true,"href":"https:\/\/www.2000m2.eu\/fr\/wp-json\/wp\/v2\/comments?post=7684"}],"version-history":[{"count":6,"href":"https:\/\/www.2000m2.eu\/fr\/wp-json\/wp\/v2\/pages\/7684\/revisions"}],"predecessor-version":[{"id":17243,"href":"https:\/\/www.2000m2.eu\/fr\/wp-json\/wp\/v2\/pages\/7684\/revisions\/17243"}],"up":[{"embeddable":true,"href":"https:\/\/www.2000m2.eu\/fr\/wp-json\/wp\/v2\/pages\/7638"}],"wp:featuredmedia":[{"embeddable":true,"href":"https:\/\/www.2000m2.eu\/fr\/wp-json\/wp\/v2\/media\/7685"}],"wp:attachment":[{"href":"https:\/\/www.2000m2.eu\/fr\/wp-json\/wp\/v2\/media?parent=7684"}],"curies":[{"name":"wp","href":"https:\/\/api.w.org\/{rel}","templated":true}]}}