{"id":7710,"date":"2024-09-11T11:26:01","date_gmt":"2024-09-11T11:26:01","guid":{"rendered":"https:\/\/www.2000m2.eu\/notre-reseau\/le-projet-global-bean-legumineuse-globale\/"},"modified":"2025-04-20T17:46:02","modified_gmt":"2025-04-20T17:46:02","slug":"le-projet-global-bean-legumineuse-globale","status":"publish","type":"page","link":"https:\/\/www.2000m2.eu\/fr\/notre-reseau\/le-projet-global-bean-legumineuse-globale\/","title":{"rendered":"Le projet Global Bean (l\u00e9gumineuse globale)"},"content":{"rendered":"\n<h1 class=\"wp-block-heading\">Le projet Global Bean (l\u00e9gumineuse globale)<\/h1>\n\n<p>Le \u00ab\u00a0Global Bean Project\u00a0\u00bb (projet des l\u00e9gumineuses globales) a pour objectif de faire connaitre les nombreux avantages des l\u00e9gumineuses et, en tant que r\u00e9seau international, d&rsquo;augmenter leur culture et leur consommation dans le monde entier. Fond\u00e9 en 2021 par Zukunftsstiftung Landwirtschaft, ce r\u00e9seau tr\u00e8s divers compte aujourd&rsquo;hui pr\u00e8s d&rsquo;une centaine d&rsquo;organisations partenaires dans le monde entier, ce qui repr\u00e9sente un nombre incalculable d&rsquo;experts et d&rsquo;amateurs passionn\u00e9s par les l\u00e9gumineuses. <\/p>\n\n<p>Les l\u00e9gumineuses sont une source de nourriture riche en prot\u00e9ines pour les humains, bien plus saine, durable et, dans la plupart des cas, moins ch\u00e8re que les prot\u00e9ines animales. Les haricots, les pois, les lentilles et autres peuvent \u00eatre utilis\u00e9s pour pr\u00e9parer de nombreux repas d\u00e9licieux et nutritifs et font partie int\u00e9grante de nombreuses traditions culinaires r\u00e9gionales. En outre, les l\u00e9gumineuses poss\u00e8dent des propri\u00e9t\u00e9s naturelles d&rsquo;am\u00e9lioration des sols : elles peuvent fixer l&rsquo;azote dans le sol et contribuent \u00e0 r\u00e9duire la d\u00e9pendance aux engrais min\u00e9raux artificiels, ce qui entra\u00eene moins d&rsquo;effets n\u00e9gatifs sur les \u00e9cosyst\u00e8mes et la sant\u00e9 humaine. Les l\u00e9gumineuses jouent donc un r\u00f4le crucial dans la n\u00e9cessaire transformation des syst\u00e8mes alimentaires mondiaux et dans la lutte contre le changement climatique.     <\/p>\n\n<p>De part son expertise \u00e0 travers des publications et des \u00e9v\u00e8nements en ligne, le projet Global Bean promeut la culture et la consommation des l\u00e9gumineuses et fait connaitre leurs avantages \u00e0 un large public.<\/p>\n<style>.wp-block-kadence-spacer.kt-block-spacer-72_16b57c-3b .kt-block-spacer{height:60px;}.wp-block-kadence-spacer.kt-block-spacer-72_16b57c-3b .kt-divider{border-top-width:1px;height:1px;border-top-color:#eee;width:80%;border-top-style:solid;}<\/style>\n<div class=\"wp-block-kadence-spacer aligncenter kt-block-spacer-72_16b57c-3b\"><div class=\"kt-block-spacer kt-block-spacer-halign-center\"><\/div><\/div>\n<style>.wp-block-kadence-advancedbtn.kb-btns72_03c5f8-d2{gap:var(--global-kb-gap-xs, 0.5rem );justify-content:center;align-items:center;}.kt-btns72_03c5f8-d2 .kt-button{font-weight:normal;font-style:normal;}.kt-btns72_03c5f8-d2 .kt-btn-wrap-0{margin-right:5px;}.wp-block-kadence-advancedbtn.kt-btns72_03c5f8-d2 .kt-btn-wrap-0 .kt-button{color:#555555;border-color:#555555;}.wp-block-kadence-advancedbtn.kt-btns72_03c5f8-d2 .kt-btn-wrap-0 .kt-button:hover, .wp-block-kadence-advancedbtn.kt-btns72_03c5f8-d2 .kt-btn-wrap-0 .kt-button:focus{color:#ffffff;border-color:#444444;}.wp-block-kadence-advancedbtn.kt-btns72_03c5f8-d2 .kt-btn-wrap-0 .kt-button::before{display:none;}.wp-block-kadence-advancedbtn.kt-btns72_03c5f8-d2 .kt-btn-wrap-0 .kt-button:hover, .wp-block-kadence-advancedbtn.kt-btns72_03c5f8-d2 .kt-btn-wrap-0 .kt-button:focus{background:#444444;}<\/style>\n<div class=\"wp-block-kadence-advancedbtn kb-buttons-wrap kb-btns72_03c5f8-d2\"><style>ul.menu .wp-block-kadence-advancedbtn .kb-btn72_9278fe-fc.kb-button{width:initial;}.wp-block-kadence-advancedbtn .kb-btn72_9278fe-fc.kb-button{background:var(--accent);}.wp-block-kadence-advancedbtn .kb-btn72_9278fe-fc.kb-button:hover, .wp-block-kadence-advancedbtn .kb-btn72_9278fe-fc.kb-button:focus{background:var(--accent-1);}<\/style><a class=\"kb-button kt-button button kb-btn72_9278fe-fc kt-btn-size-standard kt-btn-width-type-auto kb-btn-global-fill  kt-btn-has-text-true kt-btn-has-svg-false  wp-block-kadence-singlebtn\" href=\"https:\/\/www.globalbean.eu\/\"><span class=\"kt-btn-inner-text\">En savoir plus sur le projet Global Bean<\/span><\/a><\/div>\n<style>.wp-block-kadence-spacer.kt-block-spacer-72_894082-ae .kt-block-spacer{height:60px;}.wp-block-kadence-spacer.kt-block-spacer-72_894082-ae .kt-divider{border-top-width:1px;height:1px;border-top-color:#eee;width:80%;border-top-style:solid;}<\/style>\n<div class=\"wp-block-kadence-spacer aligncenter kt-block-spacer-72_894082-ae\"><div class=\"kt-block-spacer kt-block-spacer-halign-center\"><\/div><\/div>\n<style>.kb-row-layout-wrap.wp-block-kadence-rowlayout.kb-row-layout-id72_854a31-31{margin-bottom:0px;}.kb-row-layout-id72_854a31-31 > .kt-row-column-wrap{align-content:start;}:where(.kb-row-layout-id72_854a31-31 > .kt-row-column-wrap) > .wp-block-kadence-column{justify-content:start;}.kb-row-layout-id72_854a31-31 > .kt-row-column-wrap{column-gap:var(--global-kb-gap-md, 2rem);row-gap:var(--global-kb-gap-md, 2rem);padding-top:var(--global-kb-spacing-sm, 1.5rem);padding-bottom:var(--global-kb-spacing-sm, 1.5rem);}.kb-row-layout-id72_854a31-31 > .kt-row-column-wrap > div:not(.added-for-specificity){grid-column:initial;}.kb-row-layout-id72_854a31-31 > .kt-row-column-wrap{grid-template-columns:repeat(3, minmax(0, 1fr));}.kb-row-layout-id72_854a31-31 > .kt-row-layout-overlay{opacity:0.30;}@media all and (max-width: 1024px){.kb-row-layout-id72_854a31-31 > .kt-row-column-wrap > div:not(.added-for-specificity){grid-column:initial;}}@media all and (max-width: 1024px){.kb-row-layout-id72_854a31-31 > .kt-row-column-wrap{grid-template-columns:repeat(3, minmax(0, 1fr));}}@media all and (max-width: 767px){.kb-row-layout-id72_854a31-31 > .kt-row-column-wrap > div:not(.added-for-specificity){grid-column:initial;}.kb-row-layout-id72_854a31-31 > .kt-row-column-wrap{grid-template-columns:minmax(0, 1fr);}}<\/style><div class=\"kb-row-layout-wrap kb-row-layout-id72_854a31-31 alignnone wp-block-kadence-rowlayout\"><div class=\"kt-row-column-wrap kt-has-3-columns kt-row-layout-equal kt-tab-layout-inherit kt-mobile-layout-row kt-row-valign-top\">\n<style>.kadence-column72_98ef7a-55 > .kt-inside-inner-col,.kadence-column72_98ef7a-55 > .kt-inside-inner-col:before{border-top-left-radius:0px;border-top-right-radius:0px;border-bottom-right-radius:0px;border-bottom-left-radius:0px;}.kadence-column72_98ef7a-55 > .kt-inside-inner-col{column-gap:var(--global-kb-gap-sm, 1rem);}.kadence-column72_98ef7a-55 > .kt-inside-inner-col{flex-direction:column;}.kadence-column72_98ef7a-55 > .kt-inside-inner-col > .aligncenter{width:100%;}.kadence-column72_98ef7a-55 > .kt-inside-inner-col:before{opacity:0.3;}.kadence-column72_98ef7a-55{position:relative;}@media all and (max-width: 1024px){.kadence-column72_98ef7a-55 > .kt-inside-inner-col{flex-direction:column;justify-content:center;}}@media all and (max-width: 767px){.kadence-column72_98ef7a-55 > .kt-inside-inner-col{flex-direction:column;justify-content:center;}}<\/style>\n<div class=\"wp-block-kadence-column kadence-column72_98ef7a-55\"><div class=\"kt-inside-inner-col\"><div class=\"wp-block-image\">\n<figure class=\"aligncenter size-full is-resized\"><img decoding=\"async\" width=\"995\" height=\"659\" src=\"https:\/\/www.2000m2.eu\/wp-content\/uploads\/team-bildGlobalBean-1.jpg\" alt=\"Trois membres du projet Global Bean se tiennent devant la table d'information Global Bean.\" class=\"wp-image-1180\" style=\"width:296px;height:auto\" srcset=\"https:\/\/www.2000m2.eu\/wp-content\/uploads\/team-bildGlobalBean-1.jpg 995w, https:\/\/www.2000m2.eu\/wp-content\/uploads\/team-bildGlobalBean-1-300x199.jpg 300w, https:\/\/www.2000m2.eu\/wp-content\/uploads\/team-bildGlobalBean-1-768x509.jpg 768w\" sizes=\"(max-width: 995px) 100vw, 995px\" \/><\/figure>\n<\/div><\/div><\/div>\n\n\n<style>.kadence-column72_c103ee-9d > .kt-inside-inner-col,.kadence-column72_c103ee-9d > .kt-inside-inner-col:before{border-top-left-radius:0px;border-top-right-radius:0px;border-bottom-right-radius:0px;border-bottom-left-radius:0px;}.kadence-column72_c103ee-9d > .kt-inside-inner-col{column-gap:var(--global-kb-gap-sm, 1rem);}.kadence-column72_c103ee-9d > .kt-inside-inner-col{flex-direction:column;}.kadence-column72_c103ee-9d > .kt-inside-inner-col > .aligncenter{width:100%;}.kadence-column72_c103ee-9d > .kt-inside-inner-col:before{opacity:0.3;}.kadence-column72_c103ee-9d{position:relative;}@media all and (max-width: 1024px){.kadence-column72_c103ee-9d > .kt-inside-inner-col{flex-direction:column;justify-content:center;}}@media all and (max-width: 767px){.kadence-column72_c103ee-9d > .kt-inside-inner-col{flex-direction:column;justify-content:center;}}<\/style>\n<div class=\"wp-block-kadence-column kadence-column72_c103ee-9d\"><div class=\"kt-inside-inner-col\">\n<figure class=\"wp-block-image size-full is-resized\"><img decoding=\"async\" width=\"1024\" height=\"576\" src=\"https:\/\/www.2000m2.eu\/wp-content\/uploads\/PXL_20221022_1306178731-1-1024x576-1-1.jpg\" alt=\"Le groupe cor&#xE9;en Kbean, l'&#xE9;quipe Global Bean et un cuisinier sont ensemble &#xE0; la table d'information.\" class=\"wp-image-1182\" style=\"width:357px\" srcset=\"https:\/\/www.2000m2.eu\/wp-content\/uploads\/PXL_20221022_1306178731-1-1024x576-1-1.jpg 1024w, https:\/\/www.2000m2.eu\/wp-content\/uploads\/PXL_20221022_1306178731-1-1024x576-1-1-300x169.jpg 300w, https:\/\/www.2000m2.eu\/wp-content\/uploads\/PXL_20221022_1306178731-1-1024x576-1-1-768x432.jpg 768w\" sizes=\"(max-width: 1024px) 100vw, 1024px\" \/><\/figure>\n<\/div><\/div>\n\n\n<style>.kadence-column72_d19e8a-4f > .kt-inside-inner-col,.kadence-column72_d19e8a-4f > .kt-inside-inner-col:before{border-top-left-radius:0px;border-top-right-radius:0px;border-bottom-right-radius:0px;border-bottom-left-radius:0px;}.kadence-column72_d19e8a-4f > .kt-inside-inner-col{column-gap:var(--global-kb-gap-sm, 1rem);}.kadence-column72_d19e8a-4f > .kt-inside-inner-col{flex-direction:column;}.kadence-column72_d19e8a-4f > .kt-inside-inner-col > .aligncenter{width:100%;}.kadence-column72_d19e8a-4f > .kt-inside-inner-col:before{opacity:0.3;}.kadence-column72_d19e8a-4f{position:relative;}@media all and (max-width: 1024px){.kadence-column72_d19e8a-4f > .kt-inside-inner-col{flex-direction:column;justify-content:center;}}@media all and (max-width: 767px){.kadence-column72_d19e8a-4f > .kt-inside-inner-col{flex-direction:column;justify-content:center;}}<\/style>\n<div class=\"wp-block-kadence-column kadence-column72_d19e8a-4f\"><div class=\"kt-inside-inner-col\">\n<figure class=\"wp-block-image size-large is-resized\"><img decoding=\"async\" width=\"1024\" height=\"576\" src=\"https:\/\/www.2000m2.eu\/wp-content\/uploads\/PXL_20220910_161119775.PORTRAIT-scaled-2-1024x576.jpg\" alt=\"Lors d'un &#xE9;v&#xE9;nement, une femme regarde avec int&#xE9;r&#xEA;t le pr&#xE9;sentoir de Global Bean et discute avec la collaboratrice du projet.  \" class=\"wp-image-1184\" style=\"width:357px\" srcset=\"https:\/\/www.2000m2.eu\/wp-content\/uploads\/PXL_20220910_161119775.PORTRAIT-scaled-2-1024x576.jpg 1024w, https:\/\/www.2000m2.eu\/wp-content\/uploads\/PXL_20220910_161119775.PORTRAIT-scaled-2-300x169.jpg 300w, https:\/\/www.2000m2.eu\/wp-content\/uploads\/PXL_20220910_161119775.PORTRAIT-scaled-2-768x432.jpg 768w, https:\/\/www.2000m2.eu\/wp-content\/uploads\/PXL_20220910_161119775.PORTRAIT-scaled-2-1536x864.jpg 1536w, https:\/\/www.2000m2.eu\/wp-content\/uploads\/PXL_20220910_161119775.PORTRAIT-scaled-2-2048x1152.jpg 2048w\" sizes=\"(max-width: 1024px) 100vw, 1024px\" \/><\/figure>\n<\/div><\/div>\n\n<\/div><\/div>\n<p><\/p>\n","protected":false},"excerpt":{"rendered":"<p>Le projet Global Bean (l\u00e9gumineuse globale) Le \u00ab\u00a0Global Bean Project\u00a0\u00bb (projet des l\u00e9gumineuses globales) a pour objectif de faire connaitre les nombreux avantages des l\u00e9gumineuses et, en tant que r\u00e9seau international, d&rsquo;augmenter leur culture et leur consommation dans le monde entier. Fond\u00e9 en 2021 par Zukunftsstiftung Landwirtschaft, ce r\u00e9seau tr\u00e8s divers compte aujourd&rsquo;hui pr\u00e8s d&rsquo;une&#8230;<\/p>\n","protected":false},"author":1,"featured_media":7711,"parent":7706,"menu_order":33,"comment_status":"closed","ping_status":"closed","template":"","meta":{"footnotes":""},"class_list":["post-7710","page","type-page","status-publish","has-post-thumbnail"],"yoast_head":"<!-- This site is optimized with the Yoast SEO plugin v27.3 - https:\/\/yoast.com\/product\/yoast-seo-wordpress\/ -->\n<title>Le projet Global Bean (l\u00e9gumineuse globale) - 2000m2<\/title>\n<meta name=\"robots\" content=\"index, follow, max-snippet:-1, max-image-preview:large, max-video-preview:-1\" \/>\n<link rel=\"canonical\" href=\"https:\/\/www.2000m2.eu\/fr\/notre-reseau\/le-projet-global-bean-legumineuse-globale\/\" \/>\n<meta property=\"og:locale\" content=\"fr_FR\" \/>\n<meta property=\"og:type\" content=\"article\" \/>\n<meta property=\"og:title\" content=\"Le projet Global Bean (l\u00e9gumineuse globale) - 2000m2\" \/>\n<meta property=\"og:description\" content=\"Le projet Global Bean (l\u00e9gumineuse globale) Le \u00ab\u00a0Global Bean Project\u00a0\u00bb (projet des l\u00e9gumineuses globales) a pour objectif de faire connaitre les nombreux avantages des l\u00e9gumineuses et, en tant que r\u00e9seau international, d&rsquo;augmenter leur culture et leur consommation dans le monde entier. Fond\u00e9 en 2021 par Zukunftsstiftung Landwirtschaft, ce r\u00e9seau tr\u00e8s divers compte aujourd&rsquo;hui pr\u00e8s d&rsquo;une...\" \/>\n<meta property=\"og:url\" content=\"https:\/\/www.2000m2.eu\/fr\/notre-reseau\/le-projet-global-bean-legumineuse-globale\/\" \/>\n<meta property=\"og:site_name\" content=\"2000m2\" \/>\n<meta property=\"article:modified_time\" content=\"2025-04-20T17:46:02+00:00\" \/>\n<meta property=\"og:image\" content=\"https:\/\/www.2000m2.eu\/wp-content\/uploads\/Featured_Images_Global-Bean.jpg\" \/>\n\t<meta property=\"og:image:width\" content=\"1800\" \/>\n\t<meta property=\"og:image:height\" content=\"180\" \/>\n\t<meta property=\"og:image:type\" content=\"image\/jpeg\" \/>\n<meta name=\"twitter:card\" content=\"summary_large_image\" \/>\n<meta name=\"twitter:label1\" content=\"Dur\u00e9e de lecture estim\u00e9e\" \/>\n\t<meta name=\"twitter:data1\" content=\"1 minute\" \/>\n<script type=\"application\/ld+json\" class=\"yoast-schema-graph\">{\"@context\":\"https:\\\/\\\/schema.org\",\"@graph\":[{\"@type\":\"WebPage\",\"@id\":\"https:\\\/\\\/www.2000m2.eu\\\/fr\\\/notre-reseau\\\/le-projet-global-bean-legumineuse-globale\\\/\",\"url\":\"https:\\\/\\\/www.2000m2.eu\\\/fr\\\/notre-reseau\\\/le-projet-global-bean-legumineuse-globale\\\/\",\"name\":\"Le projet Global Bean (l\u00e9gumineuse globale) - 2000m2\",\"isPartOf\":{\"@id\":\"https:\\\/\\\/www.2000m2.eu\\\/fr\\\/#website\"},\"primaryImageOfPage\":{\"@id\":\"https:\\\/\\\/www.2000m2.eu\\\/fr\\\/notre-reseau\\\/le-projet-global-bean-legumineuse-globale\\\/#primaryimage\"},\"image\":{\"@id\":\"https:\\\/\\\/www.2000m2.eu\\\/fr\\\/notre-reseau\\\/le-projet-global-bean-legumineuse-globale\\\/#primaryimage\"},\"thumbnailUrl\":\"https:\\\/\\\/www.2000m2.eu\\\/wp-content\\\/uploads\\\/Featured_Images_Global-Bean.jpg\",\"datePublished\":\"2024-09-11T11:26:01+00:00\",\"dateModified\":\"2025-04-20T17:46:02+00:00\",\"breadcrumb\":{\"@id\":\"https:\\\/\\\/www.2000m2.eu\\\/fr\\\/notre-reseau\\\/le-projet-global-bean-legumineuse-globale\\\/#breadcrumb\"},\"inLanguage\":\"fr-FR\",\"potentialAction\":[{\"@type\":\"ReadAction\",\"target\":[\"https:\\\/\\\/www.2000m2.eu\\\/fr\\\/notre-reseau\\\/le-projet-global-bean-legumineuse-globale\\\/\"]}]},{\"@type\":\"ImageObject\",\"inLanguage\":\"fr-FR\",\"@id\":\"https:\\\/\\\/www.2000m2.eu\\\/fr\\\/notre-reseau\\\/le-projet-global-bean-legumineuse-globale\\\/#primaryimage\",\"url\":\"https:\\\/\\\/www.2000m2.eu\\\/wp-content\\\/uploads\\\/Featured_Images_Global-Bean.jpg\",\"contentUrl\":\"https:\\\/\\\/www.2000m2.eu\\\/wp-content\\\/uploads\\\/Featured_Images_Global-Bean.jpg\",\"width\":1800,\"height\":180},{\"@type\":\"BreadcrumbList\",\"@id\":\"https:\\\/\\\/www.2000m2.eu\\\/fr\\\/notre-reseau\\\/le-projet-global-bean-legumineuse-globale\\\/#breadcrumb\",\"itemListElement\":[{\"@type\":\"ListItem\",\"position\":1,\"name\":\"Home\",\"item\":\"https:\\\/\\\/www.2000m2.eu\\\/fr\\\/\"},{\"@type\":\"ListItem\",\"position\":2,\"name\":\"Notre r\u00e9seau\",\"item\":\"https:\\\/\\\/www.2000m2.eu\\\/fr\\\/notre-reseau\\\/\"},{\"@type\":\"ListItem\",\"position\":3,\"name\":\"Le projet Global Bean (l\u00e9gumineuse globale)\"}]},{\"@type\":\"WebSite\",\"@id\":\"https:\\\/\\\/www.2000m2.eu\\\/fr\\\/#website\",\"url\":\"https:\\\/\\\/www.2000m2.eu\\\/fr\\\/\",\"name\":\"2000m2\",\"description\":\"\",\"publisher\":{\"@id\":\"https:\\\/\\\/www.2000m2.eu\\\/fr\\\/#organization\"},\"potentialAction\":[{\"@type\":\"SearchAction\",\"target\":{\"@type\":\"EntryPoint\",\"urlTemplate\":\"https:\\\/\\\/www.2000m2.eu\\\/fr\\\/?s={search_term_string}\"},\"query-input\":{\"@type\":\"PropertyValueSpecification\",\"valueRequired\":true,\"valueName\":\"search_term_string\"}}],\"inLanguage\":\"fr-FR\"},{\"@type\":\"Organization\",\"@id\":\"https:\\\/\\\/www.2000m2.eu\\\/fr\\\/#organization\",\"name\":\"2000m2\",\"url\":\"https:\\\/\\\/www.2000m2.eu\\\/fr\\\/\",\"logo\":{\"@type\":\"ImageObject\",\"inLanguage\":\"fr-FR\",\"@id\":\"https:\\\/\\\/www.2000m2.eu\\\/fr\\\/#\\\/schema\\\/logo\\\/image\\\/\",\"url\":\"https:\\\/\\\/www.2000m2.eu\\\/wp-content\\\/uploads\\\/logo.png\",\"contentUrl\":\"https:\\\/\\\/www.2000m2.eu\\\/wp-content\\\/uploads\\\/logo.png\",\"width\":445,\"height\":140,\"caption\":\"2000m2\"},\"image\":{\"@id\":\"https:\\\/\\\/www.2000m2.eu\\\/fr\\\/#\\\/schema\\\/logo\\\/image\\\/\"}}]}<\/script>\n<!-- \/ Yoast SEO plugin. -->","yoast_head_json":{"title":"Le projet Global Bean (l\u00e9gumineuse globale) - 2000m2","robots":{"index":"index","follow":"follow","max-snippet":"max-snippet:-1","max-image-preview":"max-image-preview:large","max-video-preview":"max-video-preview:-1"},"canonical":"https:\/\/www.2000m2.eu\/fr\/notre-reseau\/le-projet-global-bean-legumineuse-globale\/","og_locale":"fr_FR","og_type":"article","og_title":"Le projet Global Bean (l\u00e9gumineuse globale) - 2000m2","og_description":"Le projet Global Bean (l\u00e9gumineuse globale) Le \u00ab\u00a0Global Bean Project\u00a0\u00bb (projet des l\u00e9gumineuses globales) a pour objectif de faire connaitre les nombreux avantages des l\u00e9gumineuses et, en tant que r\u00e9seau international, d&rsquo;augmenter leur culture et leur consommation dans le monde entier. Fond\u00e9 en 2021 par Zukunftsstiftung Landwirtschaft, ce r\u00e9seau tr\u00e8s divers compte aujourd&rsquo;hui pr\u00e8s d&rsquo;une...","og_url":"https:\/\/www.2000m2.eu\/fr\/notre-reseau\/le-projet-global-bean-legumineuse-globale\/","og_site_name":"2000m2","article_modified_time":"2025-04-20T17:46:02+00:00","og_image":[{"width":1800,"height":180,"url":"https:\/\/www.2000m2.eu\/wp-content\/uploads\/Featured_Images_Global-Bean.jpg","type":"image\/jpeg"}],"twitter_card":"summary_large_image","twitter_misc":{"Dur\u00e9e de lecture estim\u00e9e":"1 minute"},"schema":{"@context":"https:\/\/schema.org","@graph":[{"@type":"WebPage","@id":"https:\/\/www.2000m2.eu\/fr\/notre-reseau\/le-projet-global-bean-legumineuse-globale\/","url":"https:\/\/www.2000m2.eu\/fr\/notre-reseau\/le-projet-global-bean-legumineuse-globale\/","name":"Le projet Global Bean (l\u00e9gumineuse globale) - 2000m2","isPartOf":{"@id":"https:\/\/www.2000m2.eu\/fr\/#website"},"primaryImageOfPage":{"@id":"https:\/\/www.2000m2.eu\/fr\/notre-reseau\/le-projet-global-bean-legumineuse-globale\/#primaryimage"},"image":{"@id":"https:\/\/www.2000m2.eu\/fr\/notre-reseau\/le-projet-global-bean-legumineuse-globale\/#primaryimage"},"thumbnailUrl":"https:\/\/www.2000m2.eu\/wp-content\/uploads\/Featured_Images_Global-Bean.jpg","datePublished":"2024-09-11T11:26:01+00:00","dateModified":"2025-04-20T17:46:02+00:00","breadcrumb":{"@id":"https:\/\/www.2000m2.eu\/fr\/notre-reseau\/le-projet-global-bean-legumineuse-globale\/#breadcrumb"},"inLanguage":"fr-FR","potentialAction":[{"@type":"ReadAction","target":["https:\/\/www.2000m2.eu\/fr\/notre-reseau\/le-projet-global-bean-legumineuse-globale\/"]}]},{"@type":"ImageObject","inLanguage":"fr-FR","@id":"https:\/\/www.2000m2.eu\/fr\/notre-reseau\/le-projet-global-bean-legumineuse-globale\/#primaryimage","url":"https:\/\/www.2000m2.eu\/wp-content\/uploads\/Featured_Images_Global-Bean.jpg","contentUrl":"https:\/\/www.2000m2.eu\/wp-content\/uploads\/Featured_Images_Global-Bean.jpg","width":1800,"height":180},{"@type":"BreadcrumbList","@id":"https:\/\/www.2000m2.eu\/fr\/notre-reseau\/le-projet-global-bean-legumineuse-globale\/#breadcrumb","itemListElement":[{"@type":"ListItem","position":1,"name":"Home","item":"https:\/\/www.2000m2.eu\/fr\/"},{"@type":"ListItem","position":2,"name":"Notre r\u00e9seau","item":"https:\/\/www.2000m2.eu\/fr\/notre-reseau\/"},{"@type":"ListItem","position":3,"name":"Le projet Global Bean (l\u00e9gumineuse globale)"}]},{"@type":"WebSite","@id":"https:\/\/www.2000m2.eu\/fr\/#website","url":"https:\/\/www.2000m2.eu\/fr\/","name":"2000m2","description":"","publisher":{"@id":"https:\/\/www.2000m2.eu\/fr\/#organization"},"potentialAction":[{"@type":"SearchAction","target":{"@type":"EntryPoint","urlTemplate":"https:\/\/www.2000m2.eu\/fr\/?s={search_term_string}"},"query-input":{"@type":"PropertyValueSpecification","valueRequired":true,"valueName":"search_term_string"}}],"inLanguage":"fr-FR"},{"@type":"Organization","@id":"https:\/\/www.2000m2.eu\/fr\/#organization","name":"2000m2","url":"https:\/\/www.2000m2.eu\/fr\/","logo":{"@type":"ImageObject","inLanguage":"fr-FR","@id":"https:\/\/www.2000m2.eu\/fr\/#\/schema\/logo\/image\/","url":"https:\/\/www.2000m2.eu\/wp-content\/uploads\/logo.png","contentUrl":"https:\/\/www.2000m2.eu\/wp-content\/uploads\/logo.png","width":445,"height":140,"caption":"2000m2"},"image":{"@id":"https:\/\/www.2000m2.eu\/fr\/#\/schema\/logo\/image\/"}}]}},"_links":{"self":[{"href":"https:\/\/www.2000m2.eu\/fr\/wp-json\/wp\/v2\/pages\/7710","targetHints":{"allow":["GET"]}}],"collection":[{"href":"https:\/\/www.2000m2.eu\/fr\/wp-json\/wp\/v2\/pages"}],"about":[{"href":"https:\/\/www.2000m2.eu\/fr\/wp-json\/wp\/v2\/types\/page"}],"author":[{"embeddable":true,"href":"https:\/\/www.2000m2.eu\/fr\/wp-json\/wp\/v2\/users\/1"}],"replies":[{"embeddable":true,"href":"https:\/\/www.2000m2.eu\/fr\/wp-json\/wp\/v2\/comments?post=7710"}],"version-history":[{"count":1,"href":"https:\/\/www.2000m2.eu\/fr\/wp-json\/wp\/v2\/pages\/7710\/revisions"}],"predecessor-version":[{"id":7712,"href":"https:\/\/www.2000m2.eu\/fr\/wp-json\/wp\/v2\/pages\/7710\/revisions\/7712"}],"up":[{"embeddable":true,"href":"https:\/\/www.2000m2.eu\/fr\/wp-json\/wp\/v2\/pages\/7706"}],"wp:featuredmedia":[{"embeddable":true,"href":"https:\/\/www.2000m2.eu\/fr\/wp-json\/wp\/v2\/media\/7711"}],"wp:attachment":[{"href":"https:\/\/www.2000m2.eu\/fr\/wp-json\/wp\/v2\/media?parent=7710"}],"curies":[{"name":"wp","href":"https:\/\/api.w.org\/{rel}","templated":true}]}}