{"id":7721,"date":"2024-09-11T15:04:30","date_gmt":"2024-09-11T15:04:30","guid":{"rendered":"https:\/\/www.2000m2.eu\/cultures-arables\/"},"modified":"2025-04-20T18:09:00","modified_gmt":"2025-04-20T18:09:00","slug":"cultures-arables","status":"publish","type":"page","link":"https:\/\/www.2000m2.eu\/fr\/cultures-arables\/","title":{"rendered":"Cultures arables"},"content":{"rendered":"\n<h1 class=\"wp-block-heading\">Les cultures aux Champs du Monde<\/h1>\n\n<p>Sur les 2000 m\u00b2 des Champs du Monde poussent environ 45 des principales cultures du monde. Vous pourrez d\u00e9couvrir lesquelles et apprendre de nombreuses informations passionnantes sur les plantes. <\/p>\n\n<p>Sur les Champs du Monde, les cultures sont ordonn\u00e9es selon les cat\u00e9gories de la FAO et vous pouvez ainsi les d\u00e9couvrir dans ces groupes. Cette classification est principlement bas\u00e9e sur les utilisations des cultures. D&rsquo;ailleurs, vous trouverez certaines cultures dans deux cat\u00e9gories &#8211; par exemple, le soja est repr\u00e9sent\u00e9 dans la cat\u00e9gorie des l\u00e9gumineuses et des ol\u00e9agineux.   <\/p>\n\n<p><\/p>\n","protected":false},"excerpt":{"rendered":"<p>Les cultures aux Champs du Monde Sur les 2000 m\u00b2 des Champs du Monde poussent environ 45 des principales cultures du monde. Vous pourrez d\u00e9couvrir lesquelles et apprendre de nombreuses informations passionnantes sur les plantes. Sur les Champs du Monde, les cultures sont ordonn\u00e9es selon les cat\u00e9gories de la FAO et vous pouvez ainsi les&#8230;<\/p>\n","protected":false},"author":1,"featured_media":6832,"parent":0,"menu_order":39,"comment_status":"closed","ping_status":"closed","template":"page-taxonomy.php","meta":{"footnotes":""},"class_list":["post-7721","page","type-page","status-publish","has-post-thumbnail"],"yoast_head":"<!-- This site is optimized with the Yoast SEO plugin v27.4 - https:\/\/yoast.com\/product\/yoast-seo-wordpress\/ -->\n<title>Cultures arables - 2000m2<\/title>\n<meta name=\"robots\" content=\"index, follow, max-snippet:-1, max-image-preview:large, max-video-preview:-1\" \/>\n<link rel=\"canonical\" href=\"https:\/\/www.2000m2.eu\/fr\/cultures-arables\/\" \/>\n<meta property=\"og:locale\" content=\"fr_FR\" \/>\n<meta property=\"og:type\" content=\"article\" \/>\n<meta property=\"og:title\" content=\"Cultures arables - 2000m2\" \/>\n<meta property=\"og:description\" content=\"Les cultures aux Champs du Monde Sur les 2000 m\u00b2 des Champs du Monde poussent environ 45 des principales cultures du monde. Vous pourrez d\u00e9couvrir lesquelles et apprendre de nombreuses informations passionnantes sur les plantes. Sur les Champs du Monde, les cultures sont ordonn\u00e9es selon les cat\u00e9gories de la FAO et vous pouvez ainsi les...\" \/>\n<meta property=\"og:url\" content=\"https:\/\/www.2000m2.eu\/fr\/cultures-arables\/\" \/>\n<meta property=\"og:site_name\" content=\"2000m2\" \/>\n<meta property=\"article:modified_time\" content=\"2025-04-20T18:09:00+00:00\" \/>\n<meta property=\"og:image\" content=\"https:\/\/www.2000m2.eu\/wp-content\/uploads\/73.jpg\" \/>\n\t<meta property=\"og:image:width\" content=\"1800\" \/>\n\t<meta property=\"og:image:height\" content=\"180\" \/>\n\t<meta property=\"og:image:type\" content=\"image\/jpeg\" \/>\n<meta name=\"twitter:card\" content=\"summary_large_image\" \/>\n<meta name=\"twitter:label1\" content=\"Dur\u00e9e de lecture estim\u00e9e\" \/>\n\t<meta name=\"twitter:data1\" content=\"1 minute\" \/>\n<script type=\"application\/ld+json\" class=\"yoast-schema-graph\">{\"@context\":\"https:\\\/\\\/schema.org\",\"@graph\":[{\"@type\":\"WebPage\",\"@id\":\"https:\\\/\\\/www.2000m2.eu\\\/fr\\\/cultures-arables\\\/\",\"url\":\"https:\\\/\\\/www.2000m2.eu\\\/fr\\\/cultures-arables\\\/\",\"name\":\"Cultures arables - 2000m2\",\"isPartOf\":{\"@id\":\"https:\\\/\\\/www.2000m2.eu\\\/fr\\\/#website\"},\"primaryImageOfPage\":{\"@id\":\"https:\\\/\\\/www.2000m2.eu\\\/fr\\\/cultures-arables\\\/#primaryimage\"},\"image\":{\"@id\":\"https:\\\/\\\/www.2000m2.eu\\\/fr\\\/cultures-arables\\\/#primaryimage\"},\"thumbnailUrl\":\"https:\\\/\\\/www.2000m2.eu\\\/wp-content\\\/uploads\\\/73.jpg\",\"datePublished\":\"2024-09-11T15:04:30+00:00\",\"dateModified\":\"2025-04-20T18:09:00+00:00\",\"breadcrumb\":{\"@id\":\"https:\\\/\\\/www.2000m2.eu\\\/fr\\\/cultures-arables\\\/#breadcrumb\"},\"inLanguage\":\"fr-FR\",\"potentialAction\":[{\"@type\":\"ReadAction\",\"target\":[\"https:\\\/\\\/www.2000m2.eu\\\/fr\\\/cultures-arables\\\/\"]}]},{\"@type\":\"ImageObject\",\"inLanguage\":\"fr-FR\",\"@id\":\"https:\\\/\\\/www.2000m2.eu\\\/fr\\\/cultures-arables\\\/#primaryimage\",\"url\":\"https:\\\/\\\/www.2000m2.eu\\\/wp-content\\\/uploads\\\/73.jpg\",\"contentUrl\":\"https:\\\/\\\/www.2000m2.eu\\\/wp-content\\\/uploads\\\/73.jpg\",\"width\":1800,\"height\":180},{\"@type\":\"BreadcrumbList\",\"@id\":\"https:\\\/\\\/www.2000m2.eu\\\/fr\\\/cultures-arables\\\/#breadcrumb\",\"itemListElement\":[{\"@type\":\"ListItem\",\"position\":1,\"name\":\"Home\",\"item\":\"https:\\\/\\\/www.2000m2.eu\\\/fr\\\/\"},{\"@type\":\"ListItem\",\"position\":2,\"name\":\"Cultures arables\"}]},{\"@type\":\"WebSite\",\"@id\":\"https:\\\/\\\/www.2000m2.eu\\\/fr\\\/#website\",\"url\":\"https:\\\/\\\/www.2000m2.eu\\\/fr\\\/\",\"name\":\"2000m2\",\"description\":\"\",\"publisher\":{\"@id\":\"https:\\\/\\\/www.2000m2.eu\\\/fr\\\/#organization\"},\"potentialAction\":[{\"@type\":\"SearchAction\",\"target\":{\"@type\":\"EntryPoint\",\"urlTemplate\":\"https:\\\/\\\/www.2000m2.eu\\\/fr\\\/?s={search_term_string}\"},\"query-input\":{\"@type\":\"PropertyValueSpecification\",\"valueRequired\":true,\"valueName\":\"search_term_string\"}}],\"inLanguage\":\"fr-FR\"},{\"@type\":\"Organization\",\"@id\":\"https:\\\/\\\/www.2000m2.eu\\\/fr\\\/#organization\",\"name\":\"2000m2\",\"url\":\"https:\\\/\\\/www.2000m2.eu\\\/fr\\\/\",\"logo\":{\"@type\":\"ImageObject\",\"inLanguage\":\"fr-FR\",\"@id\":\"https:\\\/\\\/www.2000m2.eu\\\/fr\\\/#\\\/schema\\\/logo\\\/image\\\/\",\"url\":\"https:\\\/\\\/www.2000m2.eu\\\/wp-content\\\/uploads\\\/logo.png\",\"contentUrl\":\"https:\\\/\\\/www.2000m2.eu\\\/wp-content\\\/uploads\\\/logo.png\",\"width\":445,\"height\":140,\"caption\":\"2000m2\"},\"image\":{\"@id\":\"https:\\\/\\\/www.2000m2.eu\\\/fr\\\/#\\\/schema\\\/logo\\\/image\\\/\"}}]}<\/script>\n<!-- \/ Yoast SEO plugin. -->","yoast_head_json":{"title":"Cultures arables - 2000m2","robots":{"index":"index","follow":"follow","max-snippet":"max-snippet:-1","max-image-preview":"max-image-preview:large","max-video-preview":"max-video-preview:-1"},"canonical":"https:\/\/www.2000m2.eu\/fr\/cultures-arables\/","og_locale":"fr_FR","og_type":"article","og_title":"Cultures arables - 2000m2","og_description":"Les cultures aux Champs du Monde Sur les 2000 m\u00b2 des Champs du Monde poussent environ 45 des principales cultures du monde. Vous pourrez d\u00e9couvrir lesquelles et apprendre de nombreuses informations passionnantes sur les plantes. Sur les Champs du Monde, les cultures sont ordonn\u00e9es selon les cat\u00e9gories de la FAO et vous pouvez ainsi les...","og_url":"https:\/\/www.2000m2.eu\/fr\/cultures-arables\/","og_site_name":"2000m2","article_modified_time":"2025-04-20T18:09:00+00:00","og_image":[{"width":1800,"height":180,"url":"https:\/\/www.2000m2.eu\/wp-content\/uploads\/73.jpg","type":"image\/jpeg"}],"twitter_card":"summary_large_image","twitter_misc":{"Dur\u00e9e de lecture estim\u00e9e":"1 minute"},"schema":{"@context":"https:\/\/schema.org","@graph":[{"@type":"WebPage","@id":"https:\/\/www.2000m2.eu\/fr\/cultures-arables\/","url":"https:\/\/www.2000m2.eu\/fr\/cultures-arables\/","name":"Cultures arables - 2000m2","isPartOf":{"@id":"https:\/\/www.2000m2.eu\/fr\/#website"},"primaryImageOfPage":{"@id":"https:\/\/www.2000m2.eu\/fr\/cultures-arables\/#primaryimage"},"image":{"@id":"https:\/\/www.2000m2.eu\/fr\/cultures-arables\/#primaryimage"},"thumbnailUrl":"https:\/\/www.2000m2.eu\/wp-content\/uploads\/73.jpg","datePublished":"2024-09-11T15:04:30+00:00","dateModified":"2025-04-20T18:09:00+00:00","breadcrumb":{"@id":"https:\/\/www.2000m2.eu\/fr\/cultures-arables\/#breadcrumb"},"inLanguage":"fr-FR","potentialAction":[{"@type":"ReadAction","target":["https:\/\/www.2000m2.eu\/fr\/cultures-arables\/"]}]},{"@type":"ImageObject","inLanguage":"fr-FR","@id":"https:\/\/www.2000m2.eu\/fr\/cultures-arables\/#primaryimage","url":"https:\/\/www.2000m2.eu\/wp-content\/uploads\/73.jpg","contentUrl":"https:\/\/www.2000m2.eu\/wp-content\/uploads\/73.jpg","width":1800,"height":180},{"@type":"BreadcrumbList","@id":"https:\/\/www.2000m2.eu\/fr\/cultures-arables\/#breadcrumb","itemListElement":[{"@type":"ListItem","position":1,"name":"Home","item":"https:\/\/www.2000m2.eu\/fr\/"},{"@type":"ListItem","position":2,"name":"Cultures arables"}]},{"@type":"WebSite","@id":"https:\/\/www.2000m2.eu\/fr\/#website","url":"https:\/\/www.2000m2.eu\/fr\/","name":"2000m2","description":"","publisher":{"@id":"https:\/\/www.2000m2.eu\/fr\/#organization"},"potentialAction":[{"@type":"SearchAction","target":{"@type":"EntryPoint","urlTemplate":"https:\/\/www.2000m2.eu\/fr\/?s={search_term_string}"},"query-input":{"@type":"PropertyValueSpecification","valueRequired":true,"valueName":"search_term_string"}}],"inLanguage":"fr-FR"},{"@type":"Organization","@id":"https:\/\/www.2000m2.eu\/fr\/#organization","name":"2000m2","url":"https:\/\/www.2000m2.eu\/fr\/","logo":{"@type":"ImageObject","inLanguage":"fr-FR","@id":"https:\/\/www.2000m2.eu\/fr\/#\/schema\/logo\/image\/","url":"https:\/\/www.2000m2.eu\/wp-content\/uploads\/logo.png","contentUrl":"https:\/\/www.2000m2.eu\/wp-content\/uploads\/logo.png","width":445,"height":140,"caption":"2000m2"},"image":{"@id":"https:\/\/www.2000m2.eu\/fr\/#\/schema\/logo\/image\/"}}]}},"_links":{"self":[{"href":"https:\/\/www.2000m2.eu\/fr\/wp-json\/wp\/v2\/pages\/7721","targetHints":{"allow":["GET"]}}],"collection":[{"href":"https:\/\/www.2000m2.eu\/fr\/wp-json\/wp\/v2\/pages"}],"about":[{"href":"https:\/\/www.2000m2.eu\/fr\/wp-json\/wp\/v2\/types\/page"}],"author":[{"embeddable":true,"href":"https:\/\/www.2000m2.eu\/fr\/wp-json\/wp\/v2\/users\/1"}],"replies":[{"embeddable":true,"href":"https:\/\/www.2000m2.eu\/fr\/wp-json\/wp\/v2\/comments?post=7721"}],"version-history":[{"count":1,"href":"https:\/\/www.2000m2.eu\/fr\/wp-json\/wp\/v2\/pages\/7721\/revisions"}],"predecessor-version":[{"id":7722,"href":"https:\/\/www.2000m2.eu\/fr\/wp-json\/wp\/v2\/pages\/7721\/revisions\/7722"}],"wp:featuredmedia":[{"embeddable":true,"href":"https:\/\/www.2000m2.eu\/fr\/wp-json\/wp\/v2\/media\/6832"}],"wp:attachment":[{"href":"https:\/\/www.2000m2.eu\/fr\/wp-json\/wp\/v2\/media?parent=7721"}],"curies":[{"name":"wp","href":"https:\/\/api.w.org\/{rel}","templated":true}]}}