{"id":7847,"date":"2024-09-10T07:50:48","date_gmt":"2024-09-10T07:50:48","guid":{"rendered":"https:\/\/www.2000m2.eu\/a-propos-de-nous\/qui-nous-soutient-financierement\/"},"modified":"2025-07-14T09:08:09","modified_gmt":"2025-07-14T09:08:09","slug":"qui-nous-soutient-financierement","status":"publish","type":"page","link":"https:\/\/www.2000m2.eu\/fr\/a-propos-de-nous\/qui-nous-soutient-financierement\/","title":{"rendered":"Qui nous soutient financi\u00e8rement ?"},"content":{"rendered":"\n<h1 class=\"wp-block-heading\">Qui nous soutient financi\u00e8rement ?<\/h1>\n\n<p>Chaque Champ du Monde est financi\u00e8rement et juridiquement ind\u00e9pendant. De nombreuses subventions* soutiennent le travail des projets r\u00e9gionaux. Le travail de la coordination internationale, c&rsquo;est-\u00e0-dire du bureau berlinois de la <a href=\"https:\/\/zukunftsstiftung-landwirtschaft.de\/\">Zukunftsstiftung Landwirtschaft<\/a>est actuellement possible gr\u00e2ce aux g\u00e9n\u00e9reuses subventions suivantes :  <\/p>\n<div class=\"wp-block-image\">\n<figure class=\"aligncenter size-full\"><a href=\"https:\/\/www.deutsche-stiftung-engagement-und-ehrenamt.de\/\"><img decoding=\"async\" width=\"500\" height=\"197\" src=\"https:\/\/www.2000m2.eu\/wp-content\/uploads\/2023_DSEE_Gefoerdert_Logo_2zlg_RGB_Kreis_Schwarze-Schrift_500px-1.png\" alt=\"Logo de la Fondation allemande pour l'engagement et le b&#xE9;n&#xE9;volat\" class=\"wp-image-686\" srcset=\"https:\/\/www.2000m2.eu\/wp-content\/uploads\/2023_DSEE_Gefoerdert_Logo_2zlg_RGB_Kreis_Schwarze-Schrift_500px-1.png 500w, https:\/\/www.2000m2.eu\/wp-content\/uploads\/2023_DSEE_Gefoerdert_Logo_2zlg_RGB_Kreis_Schwarze-Schrift_500px-1-300x118.png 300w\" sizes=\"(max-width: 500px) 100vw, 500px\" \/><\/a><\/figure>\n<\/div>\n<p>La <a href=\"https:\/\/www.deutsche-stiftung-engagement-und-ehrenamt.de\/\">fondation allemande pour l&rsquo;engagement et le b\u00e9n\u00e9volat<\/a> nous soutient dans le cadre de son programme de soutien \u00ab\u00a0transform-D\u00a0\u00bb pour le d\u00e9veloppement \u00e0 grande \u00e9chelle du mouvement des Champs du Monde &#8211; en particulier en Allemagne.<\/p>\n<div class=\"wp-block-image\">\n<figure class=\"aligncenter size-full is-resized\"><a href=\"https:\/\/www.heidehof-stiftung.de\/\"><img decoding=\"async\" width=\"567\" height=\"228\" src=\"https:\/\/www.2000m2.eu\/wp-content\/uploads\/hhs_logo_neu_jpg.jpg\" alt=\"Logo de la fondation Heidehof\" class=\"wp-image-1166\" style=\"width:408px;height:auto\" srcset=\"https:\/\/www.2000m2.eu\/wp-content\/uploads\/hhs_logo_neu_jpg.jpg 567w, https:\/\/www.2000m2.eu\/wp-content\/uploads\/hhs_logo_neu_jpg-300x121.jpg 300w\" sizes=\"(max-width: 567px) 100vw, 567px\" \/><\/a><\/figure>\n<\/div>\n<p>La <a href=\"https:\/\/www.heidehof-stiftung.de\/\">Fondation Heidehof<\/a> encourage en particulier les \u00e9changes internationaux avec nos partenaires en Europe et dans le Sud global.<\/p>\n<div class=\"wp-block-image\">\n<figure class=\"aligncenter size-large is-resized\"><a href=\"https:\/\/erasmus-plus.ec.europa.eu\/de\"><img decoding=\"async\" width=\"1024\" height=\"215\" src=\"https:\/\/www.2000m2.eu\/wp-content\/uploads\/Logo-Kofinanziert-von-der-Europaeischen-Union-1024x215.png\" alt=\"Logo du drapeau de l'UE avec la l&#xE9;gende : Cofinanc&#xE9; par l'Union europ&#xE9;enne.\" class=\"wp-image-11024\" style=\"width:486px;height:auto\" srcset=\"https:\/\/www.2000m2.eu\/wp-content\/uploads\/Logo-Kofinanziert-von-der-Europaeischen-Union-1024x215.png 1024w, https:\/\/www.2000m2.eu\/wp-content\/uploads\/Logo-Kofinanziert-von-der-Europaeischen-Union-300x63.png 300w, https:\/\/www.2000m2.eu\/wp-content\/uploads\/Logo-Kofinanziert-von-der-Europaeischen-Union-768x161.png 768w, https:\/\/www.2000m2.eu\/wp-content\/uploads\/Logo-Kofinanziert-von-der-Europaeischen-Union-1536x322.png 1536w, https:\/\/www.2000m2.eu\/wp-content\/uploads\/Logo-Kofinanziert-von-der-Europaeischen-Union.png 1920w\" sizes=\"(max-width: 1024px) 100vw, 1024px\" \/><\/a><\/figure>\n<\/div>\n<p>Le <a href=\"https:\/\/erasmus-plus.ec.europa.eu\/de\">programme Erasmus+<\/a> de l&rsquo;UE nous permet d&rsquo;acqu\u00e9rir une exp\u00e9rience d&rsquo;apprentissage dans un autre pays europ\u00e9en.  <\/p>\n","protected":false},"excerpt":{"rendered":"<p>Qui nous soutient financi\u00e8rement ? Chaque Champ du Monde est financi\u00e8rement et juridiquement ind\u00e9pendant. De nombreuses subventions* soutiennent le travail des projets r\u00e9gionaux. Le travail de la coordination internationale, c&rsquo;est-\u00e0-dire du bureau berlinois de la Zukunftsstiftung Landwirtschaftest actuellement possible gr\u00e2ce aux g\u00e9n\u00e9reuses subventions suivantes : La fondation allemande pour l&rsquo;engagement et le b\u00e9n\u00e9volat nous soutient&#8230;<\/p>\n","protected":false},"author":1,"featured_media":7854,"parent":7592,"menu_order":14,"comment_status":"closed","ping_status":"closed","template":"","meta":{"footnotes":""},"class_list":["post-7847","page","type-page","status-publish","has-post-thumbnail"],"yoast_head":"<!-- This site is optimized with the Yoast SEO plugin v27.4 - https:\/\/yoast.com\/product\/yoast-seo-wordpress\/ -->\n<title>Qui nous soutient financi\u00e8rement ? - 2000m2<\/title>\n<meta name=\"robots\" content=\"index, follow, max-snippet:-1, max-image-preview:large, max-video-preview:-1\" \/>\n<link rel=\"canonical\" href=\"https:\/\/www.2000m2.eu\/fr\/a-propos-de-nous\/qui-nous-soutient-financierement\/\" \/>\n<meta property=\"og:locale\" content=\"fr_FR\" \/>\n<meta property=\"og:type\" content=\"article\" \/>\n<meta property=\"og:title\" content=\"Qui nous soutient financi\u00e8rement ? - 2000m2\" \/>\n<meta property=\"og:description\" content=\"Qui nous soutient financi\u00e8rement ? Chaque Champ du Monde est financi\u00e8rement et juridiquement ind\u00e9pendant. De nombreuses subventions* soutiennent le travail des projets r\u00e9gionaux. Le travail de la coordination internationale, c&rsquo;est-\u00e0-dire du bureau berlinois de la Zukunftsstiftung Landwirtschaftest actuellement possible gr\u00e2ce aux g\u00e9n\u00e9reuses subventions suivantes : La fondation allemande pour l&rsquo;engagement et le b\u00e9n\u00e9volat nous soutient...\" \/>\n<meta property=\"og:url\" content=\"https:\/\/www.2000m2.eu\/fr\/a-propos-de-nous\/qui-nous-soutient-financierement\/\" \/>\n<meta property=\"og:site_name\" content=\"2000m2\" \/>\n<meta property=\"article:modified_time\" content=\"2025-07-14T09:08:09+00:00\" \/>\n<meta property=\"og:image\" content=\"https:\/\/www.2000m2.eu\/wp-content\/uploads\/Featured_Images_Forderer.jpg\" \/>\n\t<meta property=\"og:image:width\" content=\"1800\" \/>\n\t<meta property=\"og:image:height\" content=\"180\" \/>\n\t<meta property=\"og:image:type\" content=\"image\/jpeg\" \/>\n<meta name=\"twitter:card\" content=\"summary_large_image\" \/>\n<meta name=\"twitter:label1\" content=\"Dur\u00e9e de lecture estim\u00e9e\" \/>\n\t<meta name=\"twitter:data1\" content=\"1 minute\" \/>\n<script type=\"application\/ld+json\" class=\"yoast-schema-graph\">{\"@context\":\"https:\\\/\\\/schema.org\",\"@graph\":[{\"@type\":\"WebPage\",\"@id\":\"https:\\\/\\\/www.2000m2.eu\\\/fr\\\/a-propos-de-nous\\\/qui-nous-soutient-financierement\\\/\",\"url\":\"https:\\\/\\\/www.2000m2.eu\\\/fr\\\/a-propos-de-nous\\\/qui-nous-soutient-financierement\\\/\",\"name\":\"Qui nous soutient financi\u00e8rement ? - 2000m2\",\"isPartOf\":{\"@id\":\"https:\\\/\\\/www.2000m2.eu\\\/fr\\\/#website\"},\"primaryImageOfPage\":{\"@id\":\"https:\\\/\\\/www.2000m2.eu\\\/fr\\\/a-propos-de-nous\\\/qui-nous-soutient-financierement\\\/#primaryimage\"},\"image\":{\"@id\":\"https:\\\/\\\/www.2000m2.eu\\\/fr\\\/a-propos-de-nous\\\/qui-nous-soutient-financierement\\\/#primaryimage\"},\"thumbnailUrl\":\"https:\\\/\\\/www.2000m2.eu\\\/wp-content\\\/uploads\\\/Featured_Images_Forderer.jpg\",\"datePublished\":\"2024-09-10T07:50:48+00:00\",\"dateModified\":\"2025-07-14T09:08:09+00:00\",\"breadcrumb\":{\"@id\":\"https:\\\/\\\/www.2000m2.eu\\\/fr\\\/a-propos-de-nous\\\/qui-nous-soutient-financierement\\\/#breadcrumb\"},\"inLanguage\":\"fr-FR\",\"potentialAction\":[{\"@type\":\"ReadAction\",\"target\":[\"https:\\\/\\\/www.2000m2.eu\\\/fr\\\/a-propos-de-nous\\\/qui-nous-soutient-financierement\\\/\"]}]},{\"@type\":\"ImageObject\",\"inLanguage\":\"fr-FR\",\"@id\":\"https:\\\/\\\/www.2000m2.eu\\\/fr\\\/a-propos-de-nous\\\/qui-nous-soutient-financierement\\\/#primaryimage\",\"url\":\"https:\\\/\\\/www.2000m2.eu\\\/wp-content\\\/uploads\\\/Featured_Images_Forderer.jpg\",\"contentUrl\":\"https:\\\/\\\/www.2000m2.eu\\\/wp-content\\\/uploads\\\/Featured_Images_Forderer.jpg\",\"width\":1800,\"height\":180},{\"@type\":\"BreadcrumbList\",\"@id\":\"https:\\\/\\\/www.2000m2.eu\\\/fr\\\/a-propos-de-nous\\\/qui-nous-soutient-financierement\\\/#breadcrumb\",\"itemListElement\":[{\"@type\":\"ListItem\",\"position\":1,\"name\":\"Home\",\"item\":\"https:\\\/\\\/www.2000m2.eu\\\/fr\\\/\"},{\"@type\":\"ListItem\",\"position\":2,\"name\":\"\u00c0 propos de nous\",\"item\":\"https:\\\/\\\/www.2000m2.eu\\\/fr\\\/a-propos-de-nous\\\/\"},{\"@type\":\"ListItem\",\"position\":3,\"name\":\"Qui nous soutient financi\u00e8rement ?\"}]},{\"@type\":\"WebSite\",\"@id\":\"https:\\\/\\\/www.2000m2.eu\\\/fr\\\/#website\",\"url\":\"https:\\\/\\\/www.2000m2.eu\\\/fr\\\/\",\"name\":\"2000m2\",\"description\":\"\",\"publisher\":{\"@id\":\"https:\\\/\\\/www.2000m2.eu\\\/fr\\\/#organization\"},\"potentialAction\":[{\"@type\":\"SearchAction\",\"target\":{\"@type\":\"EntryPoint\",\"urlTemplate\":\"https:\\\/\\\/www.2000m2.eu\\\/fr\\\/?s={search_term_string}\"},\"query-input\":{\"@type\":\"PropertyValueSpecification\",\"valueRequired\":true,\"valueName\":\"search_term_string\"}}],\"inLanguage\":\"fr-FR\"},{\"@type\":\"Organization\",\"@id\":\"https:\\\/\\\/www.2000m2.eu\\\/fr\\\/#organization\",\"name\":\"2000m2\",\"url\":\"https:\\\/\\\/www.2000m2.eu\\\/fr\\\/\",\"logo\":{\"@type\":\"ImageObject\",\"inLanguage\":\"fr-FR\",\"@id\":\"https:\\\/\\\/www.2000m2.eu\\\/fr\\\/#\\\/schema\\\/logo\\\/image\\\/\",\"url\":\"https:\\\/\\\/www.2000m2.eu\\\/wp-content\\\/uploads\\\/logo.png\",\"contentUrl\":\"https:\\\/\\\/www.2000m2.eu\\\/wp-content\\\/uploads\\\/logo.png\",\"width\":445,\"height\":140,\"caption\":\"2000m2\"},\"image\":{\"@id\":\"https:\\\/\\\/www.2000m2.eu\\\/fr\\\/#\\\/schema\\\/logo\\\/image\\\/\"}}]}<\/script>\n<!-- \/ Yoast SEO plugin. -->","yoast_head_json":{"title":"Qui nous soutient financi\u00e8rement ? - 2000m2","robots":{"index":"index","follow":"follow","max-snippet":"max-snippet:-1","max-image-preview":"max-image-preview:large","max-video-preview":"max-video-preview:-1"},"canonical":"https:\/\/www.2000m2.eu\/fr\/a-propos-de-nous\/qui-nous-soutient-financierement\/","og_locale":"fr_FR","og_type":"article","og_title":"Qui nous soutient financi\u00e8rement ? - 2000m2","og_description":"Qui nous soutient financi\u00e8rement ? Chaque Champ du Monde est financi\u00e8rement et juridiquement ind\u00e9pendant. De nombreuses subventions* soutiennent le travail des projets r\u00e9gionaux. Le travail de la coordination internationale, c&rsquo;est-\u00e0-dire du bureau berlinois de la Zukunftsstiftung Landwirtschaftest actuellement possible gr\u00e2ce aux g\u00e9n\u00e9reuses subventions suivantes : La fondation allemande pour l&rsquo;engagement et le b\u00e9n\u00e9volat nous soutient...","og_url":"https:\/\/www.2000m2.eu\/fr\/a-propos-de-nous\/qui-nous-soutient-financierement\/","og_site_name":"2000m2","article_modified_time":"2025-07-14T09:08:09+00:00","og_image":[{"width":1800,"height":180,"url":"https:\/\/www.2000m2.eu\/wp-content\/uploads\/Featured_Images_Forderer.jpg","type":"image\/jpeg"}],"twitter_card":"summary_large_image","twitter_misc":{"Dur\u00e9e de lecture estim\u00e9e":"1 minute"},"schema":{"@context":"https:\/\/schema.org","@graph":[{"@type":"WebPage","@id":"https:\/\/www.2000m2.eu\/fr\/a-propos-de-nous\/qui-nous-soutient-financierement\/","url":"https:\/\/www.2000m2.eu\/fr\/a-propos-de-nous\/qui-nous-soutient-financierement\/","name":"Qui nous soutient financi\u00e8rement ? - 2000m2","isPartOf":{"@id":"https:\/\/www.2000m2.eu\/fr\/#website"},"primaryImageOfPage":{"@id":"https:\/\/www.2000m2.eu\/fr\/a-propos-de-nous\/qui-nous-soutient-financierement\/#primaryimage"},"image":{"@id":"https:\/\/www.2000m2.eu\/fr\/a-propos-de-nous\/qui-nous-soutient-financierement\/#primaryimage"},"thumbnailUrl":"https:\/\/www.2000m2.eu\/wp-content\/uploads\/Featured_Images_Forderer.jpg","datePublished":"2024-09-10T07:50:48+00:00","dateModified":"2025-07-14T09:08:09+00:00","breadcrumb":{"@id":"https:\/\/www.2000m2.eu\/fr\/a-propos-de-nous\/qui-nous-soutient-financierement\/#breadcrumb"},"inLanguage":"fr-FR","potentialAction":[{"@type":"ReadAction","target":["https:\/\/www.2000m2.eu\/fr\/a-propos-de-nous\/qui-nous-soutient-financierement\/"]}]},{"@type":"ImageObject","inLanguage":"fr-FR","@id":"https:\/\/www.2000m2.eu\/fr\/a-propos-de-nous\/qui-nous-soutient-financierement\/#primaryimage","url":"https:\/\/www.2000m2.eu\/wp-content\/uploads\/Featured_Images_Forderer.jpg","contentUrl":"https:\/\/www.2000m2.eu\/wp-content\/uploads\/Featured_Images_Forderer.jpg","width":1800,"height":180},{"@type":"BreadcrumbList","@id":"https:\/\/www.2000m2.eu\/fr\/a-propos-de-nous\/qui-nous-soutient-financierement\/#breadcrumb","itemListElement":[{"@type":"ListItem","position":1,"name":"Home","item":"https:\/\/www.2000m2.eu\/fr\/"},{"@type":"ListItem","position":2,"name":"\u00c0 propos de nous","item":"https:\/\/www.2000m2.eu\/fr\/a-propos-de-nous\/"},{"@type":"ListItem","position":3,"name":"Qui nous soutient financi\u00e8rement ?"}]},{"@type":"WebSite","@id":"https:\/\/www.2000m2.eu\/fr\/#website","url":"https:\/\/www.2000m2.eu\/fr\/","name":"2000m2","description":"","publisher":{"@id":"https:\/\/www.2000m2.eu\/fr\/#organization"},"potentialAction":[{"@type":"SearchAction","target":{"@type":"EntryPoint","urlTemplate":"https:\/\/www.2000m2.eu\/fr\/?s={search_term_string}"},"query-input":{"@type":"PropertyValueSpecification","valueRequired":true,"valueName":"search_term_string"}}],"inLanguage":"fr-FR"},{"@type":"Organization","@id":"https:\/\/www.2000m2.eu\/fr\/#organization","name":"2000m2","url":"https:\/\/www.2000m2.eu\/fr\/","logo":{"@type":"ImageObject","inLanguage":"fr-FR","@id":"https:\/\/www.2000m2.eu\/fr\/#\/schema\/logo\/image\/","url":"https:\/\/www.2000m2.eu\/wp-content\/uploads\/logo.png","contentUrl":"https:\/\/www.2000m2.eu\/wp-content\/uploads\/logo.png","width":445,"height":140,"caption":"2000m2"},"image":{"@id":"https:\/\/www.2000m2.eu\/fr\/#\/schema\/logo\/image\/"}}]}},"_links":{"self":[{"href":"https:\/\/www.2000m2.eu\/fr\/wp-json\/wp\/v2\/pages\/7847","targetHints":{"allow":["GET"]}}],"collection":[{"href":"https:\/\/www.2000m2.eu\/fr\/wp-json\/wp\/v2\/pages"}],"about":[{"href":"https:\/\/www.2000m2.eu\/fr\/wp-json\/wp\/v2\/types\/page"}],"author":[{"embeddable":true,"href":"https:\/\/www.2000m2.eu\/fr\/wp-json\/wp\/v2\/users\/1"}],"replies":[{"embeddable":true,"href":"https:\/\/www.2000m2.eu\/fr\/wp-json\/wp\/v2\/comments?post=7847"}],"version-history":[{"count":2,"href":"https:\/\/www.2000m2.eu\/fr\/wp-json\/wp\/v2\/pages\/7847\/revisions"}],"predecessor-version":[{"id":11031,"href":"https:\/\/www.2000m2.eu\/fr\/wp-json\/wp\/v2\/pages\/7847\/revisions\/11031"}],"up":[{"embeddable":true,"href":"https:\/\/www.2000m2.eu\/fr\/wp-json\/wp\/v2\/pages\/7592"}],"wp:featuredmedia":[{"embeddable":true,"href":"https:\/\/www.2000m2.eu\/fr\/wp-json\/wp\/v2\/media\/7854"}],"wp:attachment":[{"href":"https:\/\/www.2000m2.eu\/fr\/wp-json\/wp\/v2\/media?parent=7847"}],"curies":[{"name":"wp","href":"https:\/\/api.w.org\/{rel}","templated":true}]}}