{"id":7862,"date":"2024-07-24T11:13:42","date_gmt":"2024-07-24T11:13:42","guid":{"rendered":"https:\/\/www.2000m2.eu\/protection-des-donnees\/"},"modified":"2025-04-23T20:43:08","modified_gmt":"2025-04-23T20:43:08","slug":"protection-des-donnees","status":"publish","type":"page","link":"https:\/\/www.2000m2.eu\/fr\/protection-des-donnees\/","title":{"rendered":"Protection des donn\u00e9es"},"content":{"rendered":"\n<h1 class=\"wp-block-heading\">D\u00e9claration de confidentialit\u00e9<\/h1>\n\n<p>La pr\u00e9sente d\u00e9claration de protection des donn\u00e9es vous informe sur la nature, l&rsquo;\u00e9tendue et la finalit\u00e9 du traitement des donn\u00e9es \u00e0 caract\u00e8re personnel (ci-apr\u00e8s d\u00e9nomm\u00e9es \u00ab\u00a0donn\u00e9es\u00a0\u00bb) au sein de notre offre en ligne et des sites Internet, fonctions et contenus qui y sont li\u00e9s, ainsi que des pr\u00e9sences en ligne externes, comme par exemple nos profils de m\u00e9dias sociaux (ci-apr\u00e8s d\u00e9nomm\u00e9s conjointement \u00ab\u00a0offre en ligne\u00a0\u00bb). En ce qui concerne les termes utilis\u00e9s, tels que \u00ab\u00a0traitement\u00a0\u00bb ou \u00ab\u00a0responsable\u00a0\u00bb, nous nous r\u00e9f\u00e9rons aux d\u00e9finitions de l&rsquo;article 4 du R\u00e8glement g\u00e9n\u00e9ral sur la protection des donn\u00e9es (RGPD). <\/p>\n\n<p><strong>Responsable<\/strong><\/p>\n\n<p>Zukunftsstiftung Landwirtschaft<br\/>Bureau de Berlin<br\/>Benedikt Haerlin<br\/>T\u00e9l\u00e9phone : 030 \/ 24047146<br\/>Fax : 030 \/ 27590312<br\/><a href=\"mailto:berlin@zs-l.de\">berlin@zs-l.de<\/a><\/p>\n\n<p>Notre responsable externe de la protection des donn\u00e9es est :<br\/>Stefan Str\u00fcwe<br\/>Avocat (juriste d&rsquo;entreprise)<br\/>CURACON GmbH<br\/>Am Mittelhafen 14<br\/>48155 M\u00fcnster<br\/>T\u00e9l. : 0251 \/ 92208 &#8211; 209<br\/>Email : <a href=\"mailto:stefan.struewe@curacon.de\">stefan.struewe@curacon.de<\/a><\/p>\n\n<p><strong>Donn\u00e9es d&rsquo;acc\u00e8s\/ fichiers journaux du serveur<\/strong><\/p>\n\n<p>Nous, ou notre h\u00e9bergeur, collectons sur la base de nos int\u00e9r\u00eats l\u00e9gitimes au sens de l&rsquo;art. 6, par. 1, let. f. RGPD, des donn\u00e9es sur chaque acc\u00e8s au serveur sur lequel se trouve ce service (appel\u00e9es fichiers journaux du serveur). Les donn\u00e9es d&rsquo;acc\u00e8s comprennent le nom du site web consult\u00e9, le fichier, la date et l&rsquo;heure de la consultation, la quantit\u00e9 de donn\u00e9es transmises, la notification de la r\u00e9ussite de la consultation, le type de navigateur et sa version, le syst\u00e8me d&rsquo;exploitation de l&rsquo;utilisateur, l&rsquo;URL de r\u00e9f\u00e9rence (la page visit\u00e9e pr\u00e9c\u00e9demment), l&rsquo;adresse IP et le fournisseur d&rsquo;acc\u00e8s.   <\/p>\n\n<p>Les informations du fichier journal sont conserv\u00e9es pour des raisons de s\u00e9curit\u00e9 (par exemple, pour \u00e9lucider les cas d&rsquo;abus ou de fraude) pendant une dur\u00e9e maximale de 7 jours, apr\u00e8s quoi elles sont supprim\u00e9es. Les donn\u00e9es dont la conservation ult\u00e9rieure est n\u00e9cessaire \u00e0 des fins de preuve sont exclues de la suppression jusqu&rsquo;\u00e0 ce que l&rsquo;incident en question soit d\u00e9finitivement r\u00e9solu. <\/p>\n\n<p><strong>Prise de contact<\/strong><\/p>\n\n<p>Lorsque vous nous contactez (par exemple par formulaire de contact, e-mail, t\u00e9l\u00e9phone ou via les m\u00e9dias sociaux), les informations fournies par l&rsquo;utilisateur sont trait\u00e9es pour traiter la demande de contact et son ex\u00e9cution conform\u00e9ment \u00e0 l&rsquo;article 6, paragraphe 1, point b) du RGPD. Les informations fournies par l&rsquo;utilisateur peuvent \u00eatre stock\u00e9es dans un syst\u00e8me de gestion de la relation client (\u00ab\u00a0syst\u00e8me CRM\u00a0\u00bb) ou une organisation de demande comparable.    <\/p>\n\n<p>Nous supprimons les demandes si elles ne sont plus n\u00e9cessaires. Nous v\u00e9rifions la n\u00e9cessit\u00e9 tous les deux ans et les obligations l\u00e9gales d&rsquo;archivage s&rsquo;appliquent. <\/p>\n\n<p><strong>Cookies<\/strong><\/p>\n\n<p>Nous utilisons des cookies sur notre site. Il s&rsquo;agit de petits fichiers que votre navigateur cr\u00e9e automatiquement et qui sont enregistr\u00e9s sur votre terminal (ordinateur portable, tablette, smartphone ou autre) lorsque vous visitez notre site. Les cookies n&rsquo;endommagent pas votre terminal et ne contiennent pas de virus, de chevaux de Troie ou d&rsquo;autres logiciels malveillants.  <\/p>\n\n<p>Le cookie contient des informations relatives au terminal sp\u00e9cifique utilis\u00e9. Cela ne signifie toutefois pas que nous prenons imm\u00e9diatement connaissance de votre identit\u00e9. <\/p>\n\n<p>L&rsquo;utilisation de cookies sert d&rsquo;une part \u00e0 rendre l&rsquo;utilisation de notre offre plus agr\u00e9able pour vous. Nous utilisons ainsi des cookies de session pour reconna\u00eetre que vous avez d\u00e9j\u00e0 visit\u00e9 certaines pages de notre site. Ces cookies sont automatiquement supprim\u00e9s lorsque vous quittez notre site. Lorsque vous vous connectez \u00e0 votre compte d&rsquo;utilisateur, un cookie est \u00e9galement cr\u00e9\u00e9 pour vous permettre d&rsquo;acc\u00e9der aux donn\u00e9es de votre compte d&rsquo;utilisateur et \u00e0 vos droits d&rsquo;utilisateur. Sans ce cookie, il n&rsquo;est pas possible de se connecter.    <\/p>\n\n<p>Les donn\u00e9es trait\u00e9es par les cookies sont n\u00e9cessaires aux fins mentionn\u00e9es pour prot\u00e9ger nos int\u00e9r\u00eats l\u00e9gitimes ainsi que ceux de tiers conform\u00e9ment \u00e0 l&rsquo;article 6, paragraphe 1, phrase 1, point f) du RGPD.  <\/p>\n\n<p>La plupart des navigateurs acceptent automatiquement les cookies. Vous pouvez toutefois configurer votre navigateur de mani\u00e8re \u00e0 ce qu&rsquo;aucun cookie ne soit enregistr\u00e9 sur votre ordinateur ou qu&rsquo;un message apparaisse toujours avant la cr\u00e9ation d&rsquo;un nouveau cookie. Cependant, la d\u00e9sactivation compl\u00e8te des cookies peut vous emp\u00eacher d&rsquo;utiliser toutes les fonctionnalit\u00e9s de notre site.  <\/p>\n\n<p><strong>Outil d&rsquo;analyse Matomo<\/strong><\/p>\n\n<p>Ce site utilise <a href=\"https:\/\/matomo.org\/\" target=\"_blank\" rel=\"noreferrer noopener\">Matomo<\/a>, un logiciel open source pour l&rsquo;\u00e9valuation statistique des acc\u00e8s des utilisateurs. Des cookies sont utilis\u00e9s \u00e0 cet effet. Les informations g\u00e9n\u00e9r\u00e9es par le cookie sur l&rsquo;utilisation du site sont transmises \u00e0 notre serveur Web et rassembl\u00e9es dans des profils d&rsquo;utilisation pseudonymes. Ces informations sont utilis\u00e9es pour \u00e9valuer l&rsquo;utilisation du site web et pour permettre une conception de notre site web adapt\u00e9e aux besoins. Les informations ne sont pas transmises \u00e0 des tiers.    <\/p>\n\n<p>En aucun cas, l&rsquo;adresse IP n&rsquo;est associ\u00e9e \u00e0 d&rsquo;autres donn\u00e9es concernant l&rsquo;utilisateur. Les adresses IP sont rendues anonymes, de sorte qu&rsquo;une attribution n&rsquo;est pas possible (masquage IP). Le stockage des donn\u00e9es d&rsquo;utilisation anonymis\u00e9es est effectu\u00e9 sur la base de l&rsquo;article 6, paragraphe 1, point f) du RGPD.    <\/p>\n\n<p>Dans ce cas, l&rsquo;exploitant du site web a un int\u00e9r\u00eat l\u00e9gitime \u00e0 analyser le comportement des utilisateurs de mani\u00e8re anonyme afin d&rsquo;optimiser son offre web.<\/p>\n\n<p>Si vous n&rsquo;\u00eates pas d&rsquo;accord avec le stockage et l&rsquo;utilisation de vos donn\u00e9es, vous pouvez d\u00e9sactiver ce stockage et cette utilisation ici. Dans ce cas, un cookie opt-out est enregistr\u00e9 dans votre navigateur, ce qui emp\u00eache le suivi et l&rsquo;enregistrement de vos donn\u00e9es d&rsquo;utilisation. Si vous supprimez vos cookies, ce cookie d&rsquo;opt-out sera \u00e9galement supprim\u00e9. L&rsquo;opt-out doit \u00eatre r\u00e9activ\u00e9 lors d&rsquo;une nouvelle visite sur notre site.   <\/p>\n\n<span data-href=\"#moove_gdpr_cookie_modal\" class=\"change-settings-button\">Param\u00e8tres des cookies<\/span>\n\n<p><strong>Int\u00e9gration de services et de contenus de tiers<\/strong><\/p>\n\n<p>Dans le cadre de notre offre en ligne, nous utilisons, sur la base de nos int\u00e9r\u00eats l\u00e9gitimes (c&rsquo;est-\u00e0-dire l&rsquo;int\u00e9r\u00eat pour l&rsquo;analyse, l&rsquo;optimisation et l&rsquo;exploitation \u00e9conomique de notre offre en ligne au sens de l&rsquo;art. 6, par. 1, point f. du Code de la propri\u00e9t\u00e9 intellectuelle), des contenus de tiers. RGPD) des offres de contenus ou de services de fournisseurs tiers afin d&rsquo;int\u00e9grer leurs contenus et services, tels que des vid\u00e9os ou des polices de caract\u00e8res (ci-apr\u00e8s d\u00e9nomm\u00e9s collectivement \u00ab\u00a0contenus\u00a0\u00bb).<\/p>\n\n<p>Cela suppose toujours que les fournisseurs tiers de ces contenus per\u00e7oivent l&rsquo;adresse IP des utilisateurs, car sans cette adresse IP, ils ne pourraient pas envoyer les contenus \u00e0 leur navigateur. L&rsquo;adresse IP est donc n\u00e9cessaire pour l&rsquo;affichage de ces contenus. Nous nous effor\u00e7ons de n&rsquo;utiliser que des contenus dont les fournisseurs respectifs utilisent l&rsquo;adresse IP uniquement pour la livraison des contenus. Les fournisseurs tiers peuvent \u00e9galement utiliser des balises pixel (graphiques invisibles, \u00e9galement appel\u00e9s \u00ab\u00a0balises web\u00a0\u00bb) \u00e0 des fins statistiques ou de marketing. Les balises pixel permettent d&rsquo;analyser des informations telles que le trafic des visiteurs sur les pages de ce site. Les informations pseudonymes peuvent \u00e9galement \u00eatre stock\u00e9es dans des cookies sur l&rsquo;appareil de l&rsquo;utilisateur et contenir, entre autres, des informations techniques sur le navigateur et le syst\u00e8me d&rsquo;exploitation, les pages web de r\u00e9f\u00e9rence, l&rsquo;heure de la visite et d&rsquo;autres informations sur l&rsquo;utilisation de notre offre en ligne, ainsi qu&rsquo;\u00eatre li\u00e9es \u00e0 de telles informations provenant d&rsquo;autres sources.     <\/p>\n\n<p><strong>Youtube<\/strong><\/p>\n\n<p>Nous int\u00e9grons les vid\u00e9os de la plateforme \u00ab\u00a0YouTube\u00a0\u00bb du fournisseur Google LLC, 1600 Amphitheatre Parkway, Mountain View, CA 94043, USA. D\u00e9claration de confidentialit\u00e9 <a href=\"https:\/\/www.google.com\/policies\/privacy\/\" target=\"_blank\" rel=\"noreferrer noopener\">: https:\/\/www.google.com\/policies\/privacy\/,<\/a> Opt-Out <a href=\"https:\/\/adssettings.google.com\/authenticated\" target=\"_blank\" rel=\"noreferrer noopener\">: https:\/\/adssettings.google.com\/authenticated.<\/a> <\/p>\n\n<p><strong>Droits des personnes concern\u00e9es<\/strong><\/p>\n\n<p>En vertu du RGPD, vous disposez en principe des droits suivants en tant que visiteur du site web :<\/p>\n\n<ul class=\"wp-block-list\">\n<li>conform\u00e9ment \u00e0 l&rsquo;article 15 du RGPD, de demander des informations sur les donn\u00e9es \u00e0 caract\u00e8re personnel que nous traitons. Vous pouvez notamment demander des informations sur les finalit\u00e9s du traitement, la cat\u00e9gorie de donn\u00e9es \u00e0 caract\u00e8re personnel, les cat\u00e9gories de destinataires auxquels vos donn\u00e9es ont \u00e9t\u00e9 ou seront divulgu\u00e9es, la dur\u00e9e de conservation pr\u00e9vue, l&rsquo;existence d&rsquo;un droit de rectification, d&rsquo;effacement, de limitation du traitement ou d&rsquo;opposition, l&rsquo;existence d&rsquo;un droit de recours, l&rsquo;origine de vos donn\u00e9es si elles n&rsquo;ont pas \u00e9t\u00e9 collect\u00e9es aupr\u00e8s de nous, ainsi que l&rsquo;existence d&rsquo;une prise de d\u00e9cision automatis\u00e9e, y compris le profilage, et, le cas \u00e9ch\u00e9ant, des informations pertinentes sur les d\u00e9tails de celle-ci ; <\/li>\n\n\n\n<li>conform\u00e9ment \u00e0 l&rsquo;article 16 du RGPD, d&rsquo;exiger sans d\u00e9lai la rectification des donn\u00e9es \u00e0 caract\u00e8re personnel vous concernant qui sont inexactes ou incompl\u00e8tes ;<\/li>\n\n\n\n<li>conform\u00e9ment \u00e0 l&rsquo;article 17 du RGPD, d&rsquo;exiger la suppression de vos donn\u00e9es personnelles stock\u00e9es chez nous, \u00e0 moins que le traitement ne soit n\u00e9cessaire \u00e0 l&rsquo;exercice du droit \u00e0 la libert\u00e9 d&rsquo;expression et d&rsquo;information, au respect d&rsquo;une obligation l\u00e9gale, pour des raisons d&rsquo;int\u00e9r\u00eat public ou pour la constatation, l&rsquo;exercice ou la d\u00e9fense de droits en justice ;<\/li>\n\n\n\n<li>d&rsquo;exiger, conform\u00e9ment \u00e0 l&rsquo;article 18 du RGPD, la limitation du traitement de vos donn\u00e9es \u00e0 caract\u00e8re personnel, dans la mesure o\u00f9 vous contestez l&rsquo;exactitude des donn\u00e9es, o\u00f9 le traitement est illicite mais que vous refusez leur suppression et que nous n&rsquo;avons plus besoin des donn\u00e9es, mais que vous en avez besoin pour faire valoir, exercer ou d\u00e9fendre des droits en justice ou que vous vous \u00eates oppos\u00e9 au traitement conform\u00e9ment \u00e0 l&rsquo;article 21 du RGPD ;<\/li>\n\n\n\n<li>conform\u00e9ment \u00e0 l&rsquo;article 20 du RGPD, de recevoir les donn\u00e9es \u00e0 caract\u00e8re personnel que vous nous avez fournies dans un format structur\u00e9, couramment utilis\u00e9 et lisible par machine, ou de demander leur transmission \u00e0 un autre responsable ;<\/li>\n\n\n\n<li>conform\u00e9ment \u00e0 l&rsquo;article 7, paragraphe 3, du RGPD, de r\u00e9voquer \u00e0 tout moment le consentement que vous nous avez donn\u00e9. Cela a pour cons\u00e9quence que nous ne pouvons plus poursuivre \u00e0 l&rsquo;avenir le traitement des donn\u00e9es qui reposait sur ce consentement et que nous ne sommes plus en droit de le faire.  <\/li>\n\n\n\n<li>de d\u00e9poser une plainte aupr\u00e8s d&rsquo;une autorit\u00e9 de surveillance conform\u00e9ment \u00e0 l&rsquo;article 77 du RGPD. En r\u00e8gle g\u00e9n\u00e9rale, vous pouvez vous adresser \u00e0 l&rsquo;autorit\u00e9 de surveillance de votre lieu de r\u00e9sidence ou de travail habituel. <\/li>\n<\/ul>\n\n<p><strong>Droit d&rsquo;opposition<\/strong><\/p>\n\n<p>Si vos donn\u00e9es personnelles sont trait\u00e9es sur la base d&rsquo;int\u00e9r\u00eats l\u00e9gitimes conform\u00e9ment \u00e0 l&rsquo;article 6, paragraphe 1, phrase 1, point f) du RGPD, vous avez le droit de vous opposer au traitement de vos donn\u00e9es personnelles conform\u00e9ment \u00e0 l&rsquo;article 21 du RGPD, dans la mesure o\u00f9 il existe des raisons li\u00e9es \u00e0 votre situation particuli\u00e8re ou si l&rsquo;opposition est dirig\u00e9e contre la publicit\u00e9 directe. Dans ce dernier cas, vous disposez d&rsquo;un droit d&rsquo;opposition g\u00e9n\u00e9ral que nous mettons en \u0153uvre sans indiquer de situation particuli\u00e8re.   <\/p>\n\n<p>Si vous souhaitez faire usage de votre droit de r\u00e9tractation ou d&rsquo;opposition, il vous suffit d&rsquo;envoyer un e-mail \u00e0 <a href=\"mailto:berlin@zs-l.de\">berlin@zs-l.de <\/a>.  <\/p>\n\n<p><strong>S\u00e9curit\u00e9 des donn\u00e9es<\/strong><\/p>\n\n<p>Le fournisseur utilise le proc\u00e9d\u00e9 SSL (Secure Socket Layer) en combinaison avec le niveau de cryptage le plus \u00e9lev\u00e9 support\u00e9 par votre navigateur. En r\u00e8gle g\u00e9n\u00e9rale, il s&rsquo;agit d&rsquo;un cryptage de 256 bits. Si votre navigateur ne supporte pas le cryptage 256 bits, nous utilisons la technologie 128 bits v3 \u00e0 la place. Le symbole du cadenas dans la barre d&rsquo;adresse de votre navigateur indique si une page de notre site Internet est transmise sous forme crypt\u00e9e.   <\/p>\n","protected":false},"excerpt":{"rendered":"<p>D\u00e9claration de confidentialit\u00e9 La pr\u00e9sente d\u00e9claration de protection des donn\u00e9es vous informe sur la nature, l&rsquo;\u00e9tendue et la finalit\u00e9 du traitement des donn\u00e9es \u00e0 caract\u00e8re personnel (ci-apr\u00e8s d\u00e9nomm\u00e9es \u00ab\u00a0donn\u00e9es\u00a0\u00bb) au sein de notre offre en ligne et des sites Internet, fonctions et contenus qui y sont li\u00e9s, ainsi que des pr\u00e9sences en ligne externes, comme&#8230;<\/p>\n","protected":false},"author":1,"featured_media":0,"parent":0,"menu_order":46,"comment_status":"closed","ping_status":"closed","template":"","meta":{"footnotes":""},"class_list":["post-7862","page","type-page","status-publish"],"yoast_head":"<!-- This site is optimized with the Yoast SEO plugin v27.4 - https:\/\/yoast.com\/product\/yoast-seo-wordpress\/ -->\n<title>Protection des donn\u00e9es - 2000m2<\/title>\n<meta name=\"robots\" content=\"index, follow, max-snippet:-1, max-image-preview:large, max-video-preview:-1\" \/>\n<link rel=\"canonical\" href=\"https:\/\/www.2000m2.eu\/fr\/protection-des-donnees\/\" \/>\n<meta property=\"og:locale\" content=\"fr_FR\" \/>\n<meta property=\"og:type\" content=\"article\" \/>\n<meta property=\"og:title\" content=\"Protection des donn\u00e9es - 2000m2\" \/>\n<meta property=\"og:description\" content=\"D\u00e9claration de confidentialit\u00e9 La pr\u00e9sente d\u00e9claration de protection des donn\u00e9es vous informe sur la nature, l&rsquo;\u00e9tendue et la finalit\u00e9 du traitement des donn\u00e9es \u00e0 caract\u00e8re personnel (ci-apr\u00e8s d\u00e9nomm\u00e9es \u00ab\u00a0donn\u00e9es\u00a0\u00bb) au sein de notre offre en ligne et des sites Internet, fonctions et contenus qui y sont li\u00e9s, ainsi que des pr\u00e9sences en ligne externes, comme...\" \/>\n<meta property=\"og:url\" content=\"https:\/\/www.2000m2.eu\/fr\/protection-des-donnees\/\" \/>\n<meta property=\"og:site_name\" content=\"2000m2\" \/>\n<meta property=\"article:modified_time\" content=\"2025-04-23T20:43:08+00:00\" \/>\n<meta name=\"twitter:card\" content=\"summary_large_image\" \/>\n<meta name=\"twitter:label1\" content=\"Dur\u00e9e de lecture estim\u00e9e\" \/>\n\t<meta name=\"twitter:data1\" content=\"9 minutes\" \/>\n<script type=\"application\/ld+json\" class=\"yoast-schema-graph\">{\"@context\":\"https:\\\/\\\/schema.org\",\"@graph\":[{\"@type\":\"WebPage\",\"@id\":\"https:\\\/\\\/www.2000m2.eu\\\/fr\\\/protection-des-donnees\\\/\",\"url\":\"https:\\\/\\\/www.2000m2.eu\\\/fr\\\/protection-des-donnees\\\/\",\"name\":\"Protection des donn\u00e9es - 2000m2\",\"isPartOf\":{\"@id\":\"https:\\\/\\\/www.2000m2.eu\\\/fr\\\/#website\"},\"datePublished\":\"2024-07-24T11:13:42+00:00\",\"dateModified\":\"2025-04-23T20:43:08+00:00\",\"breadcrumb\":{\"@id\":\"https:\\\/\\\/www.2000m2.eu\\\/fr\\\/protection-des-donnees\\\/#breadcrumb\"},\"inLanguage\":\"fr-FR\",\"potentialAction\":[{\"@type\":\"ReadAction\",\"target\":[\"https:\\\/\\\/www.2000m2.eu\\\/fr\\\/protection-des-donnees\\\/\"]}]},{\"@type\":\"BreadcrumbList\",\"@id\":\"https:\\\/\\\/www.2000m2.eu\\\/fr\\\/protection-des-donnees\\\/#breadcrumb\",\"itemListElement\":[{\"@type\":\"ListItem\",\"position\":1,\"name\":\"Home\",\"item\":\"https:\\\/\\\/www.2000m2.eu\\\/fr\\\/\"},{\"@type\":\"ListItem\",\"position\":2,\"name\":\"Protection des donn\u00e9es\"}]},{\"@type\":\"WebSite\",\"@id\":\"https:\\\/\\\/www.2000m2.eu\\\/fr\\\/#website\",\"url\":\"https:\\\/\\\/www.2000m2.eu\\\/fr\\\/\",\"name\":\"2000m2\",\"description\":\"\",\"publisher\":{\"@id\":\"https:\\\/\\\/www.2000m2.eu\\\/fr\\\/#organization\"},\"potentialAction\":[{\"@type\":\"SearchAction\",\"target\":{\"@type\":\"EntryPoint\",\"urlTemplate\":\"https:\\\/\\\/www.2000m2.eu\\\/fr\\\/?s={search_term_string}\"},\"query-input\":{\"@type\":\"PropertyValueSpecification\",\"valueRequired\":true,\"valueName\":\"search_term_string\"}}],\"inLanguage\":\"fr-FR\"},{\"@type\":\"Organization\",\"@id\":\"https:\\\/\\\/www.2000m2.eu\\\/fr\\\/#organization\",\"name\":\"2000m2\",\"url\":\"https:\\\/\\\/www.2000m2.eu\\\/fr\\\/\",\"logo\":{\"@type\":\"ImageObject\",\"inLanguage\":\"fr-FR\",\"@id\":\"https:\\\/\\\/www.2000m2.eu\\\/fr\\\/#\\\/schema\\\/logo\\\/image\\\/\",\"url\":\"https:\\\/\\\/www.2000m2.eu\\\/wp-content\\\/uploads\\\/logo.png\",\"contentUrl\":\"https:\\\/\\\/www.2000m2.eu\\\/wp-content\\\/uploads\\\/logo.png\",\"width\":445,\"height\":140,\"caption\":\"2000m2\"},\"image\":{\"@id\":\"https:\\\/\\\/www.2000m2.eu\\\/fr\\\/#\\\/schema\\\/logo\\\/image\\\/\"}}]}<\/script>\n<!-- \/ Yoast SEO plugin. -->","yoast_head_json":{"title":"Protection des donn\u00e9es - 2000m2","robots":{"index":"index","follow":"follow","max-snippet":"max-snippet:-1","max-image-preview":"max-image-preview:large","max-video-preview":"max-video-preview:-1"},"canonical":"https:\/\/www.2000m2.eu\/fr\/protection-des-donnees\/","og_locale":"fr_FR","og_type":"article","og_title":"Protection des donn\u00e9es - 2000m2","og_description":"D\u00e9claration de confidentialit\u00e9 La pr\u00e9sente d\u00e9claration de protection des donn\u00e9es vous informe sur la nature, l&rsquo;\u00e9tendue et la finalit\u00e9 du traitement des donn\u00e9es \u00e0 caract\u00e8re personnel (ci-apr\u00e8s d\u00e9nomm\u00e9es \u00ab\u00a0donn\u00e9es\u00a0\u00bb) au sein de notre offre en ligne et des sites Internet, fonctions et contenus qui y sont li\u00e9s, ainsi que des pr\u00e9sences en ligne externes, comme...","og_url":"https:\/\/www.2000m2.eu\/fr\/protection-des-donnees\/","og_site_name":"2000m2","article_modified_time":"2025-04-23T20:43:08+00:00","twitter_card":"summary_large_image","twitter_misc":{"Dur\u00e9e de lecture estim\u00e9e":"9 minutes"},"schema":{"@context":"https:\/\/schema.org","@graph":[{"@type":"WebPage","@id":"https:\/\/www.2000m2.eu\/fr\/protection-des-donnees\/","url":"https:\/\/www.2000m2.eu\/fr\/protection-des-donnees\/","name":"Protection des donn\u00e9es - 2000m2","isPartOf":{"@id":"https:\/\/www.2000m2.eu\/fr\/#website"},"datePublished":"2024-07-24T11:13:42+00:00","dateModified":"2025-04-23T20:43:08+00:00","breadcrumb":{"@id":"https:\/\/www.2000m2.eu\/fr\/protection-des-donnees\/#breadcrumb"},"inLanguage":"fr-FR","potentialAction":[{"@type":"ReadAction","target":["https:\/\/www.2000m2.eu\/fr\/protection-des-donnees\/"]}]},{"@type":"BreadcrumbList","@id":"https:\/\/www.2000m2.eu\/fr\/protection-des-donnees\/#breadcrumb","itemListElement":[{"@type":"ListItem","position":1,"name":"Home","item":"https:\/\/www.2000m2.eu\/fr\/"},{"@type":"ListItem","position":2,"name":"Protection des donn\u00e9es"}]},{"@type":"WebSite","@id":"https:\/\/www.2000m2.eu\/fr\/#website","url":"https:\/\/www.2000m2.eu\/fr\/","name":"2000m2","description":"","publisher":{"@id":"https:\/\/www.2000m2.eu\/fr\/#organization"},"potentialAction":[{"@type":"SearchAction","target":{"@type":"EntryPoint","urlTemplate":"https:\/\/www.2000m2.eu\/fr\/?s={search_term_string}"},"query-input":{"@type":"PropertyValueSpecification","valueRequired":true,"valueName":"search_term_string"}}],"inLanguage":"fr-FR"},{"@type":"Organization","@id":"https:\/\/www.2000m2.eu\/fr\/#organization","name":"2000m2","url":"https:\/\/www.2000m2.eu\/fr\/","logo":{"@type":"ImageObject","inLanguage":"fr-FR","@id":"https:\/\/www.2000m2.eu\/fr\/#\/schema\/logo\/image\/","url":"https:\/\/www.2000m2.eu\/wp-content\/uploads\/logo.png","contentUrl":"https:\/\/www.2000m2.eu\/wp-content\/uploads\/logo.png","width":445,"height":140,"caption":"2000m2"},"image":{"@id":"https:\/\/www.2000m2.eu\/fr\/#\/schema\/logo\/image\/"}}]}},"_links":{"self":[{"href":"https:\/\/www.2000m2.eu\/fr\/wp-json\/wp\/v2\/pages\/7862","targetHints":{"allow":["GET"]}}],"collection":[{"href":"https:\/\/www.2000m2.eu\/fr\/wp-json\/wp\/v2\/pages"}],"about":[{"href":"https:\/\/www.2000m2.eu\/fr\/wp-json\/wp\/v2\/types\/page"}],"author":[{"embeddable":true,"href":"https:\/\/www.2000m2.eu\/fr\/wp-json\/wp\/v2\/users\/1"}],"replies":[{"embeddable":true,"href":"https:\/\/www.2000m2.eu\/fr\/wp-json\/wp\/v2\/comments?post=7862"}],"version-history":[{"count":1,"href":"https:\/\/www.2000m2.eu\/fr\/wp-json\/wp\/v2\/pages\/7862\/revisions"}],"predecessor-version":[{"id":7863,"href":"https:\/\/www.2000m2.eu\/fr\/wp-json\/wp\/v2\/pages\/7862\/revisions\/7863"}],"wp:attachment":[{"href":"https:\/\/www.2000m2.eu\/fr\/wp-json\/wp\/v2\/media?parent=7862"}],"curies":[{"name":"wp","href":"https:\/\/api.w.org\/{rel}","templated":true}]}}