{"id":10556,"date":"2024-09-17T11:48:34","date_gmt":"2024-09-17T11:48:34","guid":{"rendered":"https:\/\/www.2000m2.eu\/chi-siamo\/lidea-del-campo-globale\/"},"modified":"2025-08-18T14:16:05","modified_gmt":"2025-08-18T14:16:05","slug":"lidea-del-campo-globale","status":"publish","type":"page","link":"https:\/\/www.2000m2.eu\/it\/chi-siamo\/lidea-del-campo-globale\/","title":{"rendered":"L&#8217;idea del Campo Globale"},"content":{"rendered":"\n<h1 class=\"wp-block-heading\">Tutto il mondo in un solo campo<\/h1>\n\n<p>Se dividiamo la superficie coltivabile globale di circa 1,6 miliardi di ettari per il numero di persone sulla terra, otteniamo 2000 metri quadrati per persona. Questa \u00e8 la quota di terra coltivabile a cui ognuno di noi ha aritmeticamente diritto. Quindi, tutto ci\u00f2 che \u201cMadre Terra\u201d ci nutre e ci fornisce deve crescerci: il grano per il pane, le patate, i cavoli, le carote, cos\u00ec come il mais e la soia per l&#8217; alimentazione degli animali, ma anche la barbabietola da zucchero per lo zucchero nel t\u00e8 o nel caff\u00e8, il cotone per le magliette, i girasoli per l&#8217; olio da cucina e anche la colza per il biodiesel.  <\/p>\n\n<p>La futura fertilit\u00e0 e la biodiversit\u00e0 del nostro suolo dipendono da come lo gestiamo oggi. Ci\u00f2 significa come coltiviamo il terreno, come trattiamo le piante e come lavoriamo il raccolto.  <\/p>\n\n<p>In molti luoghi del mondo esistono gi\u00e0 campi globali con centri educativi &#8211; per darti un&#8217; idea dell&#8217; agricoltura globale e rendere tangibili le connessioni tra agricoltura, nutrizione, clima globale, giustizia alimentare e biodiversit\u00e0. <br\/>Su un&#8217; area di 2000 mq, pi\u00f9 o meno 45 delle colture pi\u00f9 importanti del mondo crescono in scala reale. I team locali dei campi globali ti offrono un&#8217; esperienza di apprendimento unica grazie ad ampi programmi educativi.  <\/p>\n\n<figure class=\"wp-block-embed is-type-video is-provider-youtube wp-block-embed-youtube wp-embed-aspect-16-9 wp-has-aspect-ratio\"><div class=\"wp-block-embed__wrapper\">\n <div class=\"brlbs-cmpnt-container brlbs-cmpnt-content-blocker brlbs-cmpnt-with-individual-styles\" data-borlabs-cookie-content-blocker-id=\"default\" data-borlabs-cookie-content=\"PGlmcmFtZSB0aXRsZT0iV2VsdGFja2VyLUZpbG0iIHdpZHRoPSIxMjAwIiBoZWlnaHQ9IjY3NSIgc3JjPSJodHRwczovL3d3dy55b3V0dWJlLmNvbS9lbWJlZC9vd2lYWlRSSnlyMD9mZWF0dXJlPW9lbWJlZCIgZnJhbWVib3JkZXI9IjAiIGFsbG93PSJhY2NlbGVyb21ldGVyOyBhdXRvcGxheTsgY2xpcGJvYXJkLXdyaXRlOyBlbmNyeXB0ZWQtbWVkaWE7IGd5cm9zY29wZTsgcGljdHVyZS1pbi1waWN0dXJlOyB3ZWItc2hhcmUiIHJlZmVycmVycG9saWN5PSJzdHJpY3Qtb3JpZ2luLXdoZW4tY3Jvc3Mtb3JpZ2luIiBhbGxvd2Z1bGxzY3JlZW4+PC9pZnJhbWU+\"><div class=\"brlbs-cmpnt-cb-preset-a\"> <p class=\"brlbs-cmpnt-cb-description\">Stai visualizzando un contenuto segnaposto da <strong>Predefinito<\/strong>. Per accedere al contenuto effettivo, clicca sul pulsante sottostante. Si prega di notare che in questo modo si condividono i dati con provider di terze parti.<\/p> <div class=\"brlbs-cmpnt-cb-buttons\"> <a class=\"brlbs-cmpnt-cb-btn\" href=\"#\" data-borlabs-cookie-unblock role=\"button\">Sblocca il contenuto<\/a> <a class=\"brlbs-cmpnt-cb-btn\" href=\"#\" data-borlabs-cookie-accept-service role=\"button\" style=\"display: none\">Accetta il servizio richiesto e sblocca i contenuti<\/a> <\/div> <a class=\"brlbs-cmpnt-cb-provider-toggle\" href=\"#\" data-borlabs-cookie-show-provider-information role=\"button\">Ulteriori informazioni<\/a> <\/div><\/div>\n<\/div><figcaption class=\"wp-element-caption\">Il Weltacker\u00ae di Berlino \u00e8 stato il primo Campo Globale &#8211; nel nostro breve filmato ti facciamo vedere alcune impressioni dagli inizi.<\/figcaption><\/figure>\n\n<h2 class=\"wp-block-heading\">I nostri messaggi<\/h2>\n\n<p><strong>Ce n&#8217;\u00e8 abbastanza per tutti! <\/strong><br\/>Su 2000 mq cresce pi\u00f9 di quanto una persona possa mangiare nell&#8217; anno. Se dividiamo equamente la terra coltivabile globale, ce ne sar\u00e0 abbastanza per tutti. <\/p>\n\n<p><strong>Ogni boccone ha il suo posto<\/strong><br\/>Con ogni boccone che mangiamo, commissioniamo a qualcuno in un qualsiasi luogo del mondo di coltivare qualcosa in un certo modo per noi. La nostra dieta ha quindi un\u00b4influenza sulla salute e sulla bellezza dei nostri biotopi ed ecosistemi. <\/p>\n\n<p><strong>La diversit\u00e0 \u00e8 vita<\/strong><br\/>Sui miei 2000 mq deve vivere un numero enorme di altri organismi affinch\u00e9 il campo rimanga fertile e la biodiversit\u00e0 venga preservata. Un terreno vivo \u00e8 la base di un organismo vivente &#8211; richiedendo cooperazione e considerazione.  <\/p>\n\n<p>Presso i campi globali puoi approfondire anche molti altri argomenti: clima, alimentazione sana, giustizia alimentare globale, trattamento di sementi e molto altro &#8211; scopri qui i c<a href=\"https:\/\/2000m2.eu\/de\/aecker\/\">ampi globali<\/a> e i loro programmi educativi.<\/p>\n\n<h2 class=\"wp-block-heading\">Le sfide per l&#8217; agricoltura globale<\/h2>\n\n<p>S\u00ec, la buona notizia \u00e8 che una sola persona non pu\u00f2 mangiare tutto ci\u00f2 che cresce su 2000 mq in un anno. L&#8217;Organizzazione delle Nazioni Unite per l&#8217;Alimentazione e l&#8217;Agricoltura (FAO) ha calcolato che la somma delle calorie che produciamo nel mondo sono sufficienti a sfamare circa 12 miliardi di persone. <\/p>\n\n<p>Ma in realt\u00e0, centinaia di milioni di persone in tutto il mondo soffrono ancora la fame. Ma perch\u00e9, se abbiamo cos\u00ec tanto? Le ragioni sono diverse: Buttiamo via un terzo della produzione agricola o la lasciamo deperire, ne diamo pi\u00f9 di un terzo agli animali e raccogliamo sempre pi\u00f9 dai campi per produrre benzina ed elettricit\u00e0. Cos\u00ec le nostre risorse si stanno lentamente esaurendo. Inoltre, le risorse non vengono distribuite in modo equo: attualmente, ad esempio, gli abitanti dell&#8217;UE consumano in media 3000 mq a persona. La dieta di ogni individuo determina la quantit\u00e0 di terra che utilizziamo per nutrirci.     <\/p>\n\n<p>Pi\u00f9 cibo di origine animale consumiamo che non proviene da pascoli, foreste o oceani, pi\u00f9 terra coltivabile \u00e8 necessaria. Naturalmente, la sola superficie utilizzata non \u00e8 un indicatore sufficiente per una gestione sostenibile. \u00c8 la biodiversit\u00e0 che \u00e8 ecologicamente decisiva. Come se la cavano i miliardi di organismi unicellulari, il lombrico, la lepre e l&#8217;allodola, che vivono anch&#8217;essi nei nostri campi? Senza di loro, il suolo non sarebbe fertile e non potrebbe fornirci cibo a sufficienza. Anche l&#8217;energia fossile contenuta nei nostri campi e la quantit\u00e0 di gas serra che fuoriesce o viene assorbito da essi giocano un ruolo decisivo. \u00c8 una sfida restituire il carbonio dall&#8217;atmosfera al suolo attraverso la formazione di humus.      <\/p>\n\n<p>La sostenibilit\u00e0 sociale, lo sviluppo regionale e la sicurezza alimentare globale si misurano soprattutto in base a quanto lavoro umano porta a quale reddito &#8211; o anche a quanto valore nutrizionale \u00e8 contenuto in 2000 mq per centinaia di milioni di agricoltori autosufficienti. Un&#8217; azienda agricola in Asia o in Africa ha una dimensione media di un ettaro. Deve sfamare molto pi\u00f9 di una famiglia di cinque persone (2000 mq sono 0,2 ettari). Di norma, il cosiddetto Sud del Mondo ci riesce, mentre in Europa o negli Stati Uniti di solito non riusciamo a cavarcela con 2000 mq. Impulsi e innovazioni nell&#8217; agroecologia sono necessari e sono in corso qua e l\u00e0. Con il nostro movimento globale vogliamo rendere consapevole l&#8217; opinione pubblica a queste sfide e sensibilizzare sulle numerose soluzioni.     <\/p>\n\n<p>Per approfondire le sfide e le soluzioni del nostro sistema agricolo, dai un&#8217;occhiata agli argomenti del sito <a href=\"https:\/\/www.2000m2.eu\/it\/argomenti-del-weltacker\/\">Weltacker.<\/a><\/p>\n","protected":false},"excerpt":{"rendered":"<p>Tutto il mondo in un solo campo Se dividiamo la superficie coltivabile globale di circa 1,6 miliardi di ettari per il numero di persone sulla terra, otteniamo 2000 metri quadrati per persona. Questa \u00e8 la quota di terra coltivabile a cui ognuno di noi ha aritmeticamente diritto. Quindi, tutto ci\u00f2 che \u201cMadre Terra\u201d ci nutre&#8230;<\/p>\n","protected":false},"author":1,"featured_media":10557,"parent":10401,"menu_order":8,"comment_status":"closed","ping_status":"closed","template":"","meta":{"footnotes":""},"class_list":["post-10556","page","type-page","status-publish","has-post-thumbnail"],"yoast_head":"<!-- This site is optimized with the Yoast SEO plugin v27.3 - https:\/\/yoast.com\/product\/yoast-seo-wordpress\/ -->\n<title>L&#039;idea del Campo Globale - 2000m2<\/title>\n<meta name=\"robots\" content=\"index, follow, max-snippet:-1, max-image-preview:large, max-video-preview:-1\" \/>\n<link rel=\"canonical\" href=\"https:\/\/www.2000m2.eu\/it\/chi-siamo\/lidea-del-campo-globale\/\" \/>\n<meta property=\"og:locale\" content=\"it_IT\" \/>\n<meta property=\"og:type\" content=\"article\" \/>\n<meta property=\"og:title\" content=\"L&#039;idea del Campo Globale - 2000m2\" \/>\n<meta property=\"og:description\" content=\"Tutto il mondo in un solo campo Se dividiamo la superficie coltivabile globale di circa 1,6 miliardi di ettari per il numero di persone sulla terra, otteniamo 2000 metri quadrati per persona. Questa \u00e8 la quota di terra coltivabile a cui ognuno di noi ha aritmeticamente diritto. Quindi, tutto ci\u00f2 che \u201cMadre Terra\u201d ci nutre...\" \/>\n<meta property=\"og:url\" content=\"https:\/\/www.2000m2.eu\/it\/chi-siamo\/lidea-del-campo-globale\/\" \/>\n<meta property=\"og:site_name\" content=\"2000m2\" \/>\n<meta property=\"article:modified_time\" content=\"2025-08-18T14:16:05+00:00\" \/>\n<meta property=\"og:image\" content=\"https:\/\/www.2000m2.eu\/wp-content\/uploads\/Featured_Images_Weltacker-Idee.jpg\" \/>\n\t<meta property=\"og:image:width\" content=\"1800\" \/>\n\t<meta property=\"og:image:height\" content=\"180\" \/>\n\t<meta property=\"og:image:type\" content=\"image\/jpeg\" \/>\n<meta name=\"twitter:card\" content=\"summary_large_image\" \/>\n<meta name=\"twitter:label1\" content=\"Tempo di lettura stimato\" \/>\n\t<meta name=\"twitter:data1\" content=\"4 minuti\" \/>\n<script type=\"application\/ld+json\" class=\"yoast-schema-graph\">{\"@context\":\"https:\\\/\\\/schema.org\",\"@graph\":[{\"@type\":\"WebPage\",\"@id\":\"https:\\\/\\\/www.2000m2.eu\\\/it\\\/chi-siamo\\\/lidea-del-campo-globale\\\/\",\"url\":\"https:\\\/\\\/www.2000m2.eu\\\/it\\\/chi-siamo\\\/lidea-del-campo-globale\\\/\",\"name\":\"L'idea del Campo Globale - 2000m2\",\"isPartOf\":{\"@id\":\"https:\\\/\\\/www.2000m2.eu\\\/it\\\/#website\"},\"primaryImageOfPage\":{\"@id\":\"https:\\\/\\\/www.2000m2.eu\\\/it\\\/chi-siamo\\\/lidea-del-campo-globale\\\/#primaryimage\"},\"image\":{\"@id\":\"https:\\\/\\\/www.2000m2.eu\\\/it\\\/chi-siamo\\\/lidea-del-campo-globale\\\/#primaryimage\"},\"thumbnailUrl\":\"https:\\\/\\\/www.2000m2.eu\\\/wp-content\\\/uploads\\\/Featured_Images_Weltacker-Idee.jpg\",\"datePublished\":\"2024-09-17T11:48:34+00:00\",\"dateModified\":\"2025-08-18T14:16:05+00:00\",\"breadcrumb\":{\"@id\":\"https:\\\/\\\/www.2000m2.eu\\\/it\\\/chi-siamo\\\/lidea-del-campo-globale\\\/#breadcrumb\"},\"inLanguage\":\"it-IT\",\"potentialAction\":[{\"@type\":\"ReadAction\",\"target\":[\"https:\\\/\\\/www.2000m2.eu\\\/it\\\/chi-siamo\\\/lidea-del-campo-globale\\\/\"]}]},{\"@type\":\"ImageObject\",\"inLanguage\":\"it-IT\",\"@id\":\"https:\\\/\\\/www.2000m2.eu\\\/it\\\/chi-siamo\\\/lidea-del-campo-globale\\\/#primaryimage\",\"url\":\"https:\\\/\\\/www.2000m2.eu\\\/wp-content\\\/uploads\\\/Featured_Images_Weltacker-Idee.jpg\",\"contentUrl\":\"https:\\\/\\\/www.2000m2.eu\\\/wp-content\\\/uploads\\\/Featured_Images_Weltacker-Idee.jpg\",\"width\":1800,\"height\":180},{\"@type\":\"BreadcrumbList\",\"@id\":\"https:\\\/\\\/www.2000m2.eu\\\/it\\\/chi-siamo\\\/lidea-del-campo-globale\\\/#breadcrumb\",\"itemListElement\":[{\"@type\":\"ListItem\",\"position\":1,\"name\":\"Home\",\"item\":\"https:\\\/\\\/www.2000m2.eu\\\/it\\\/\"},{\"@type\":\"ListItem\",\"position\":2,\"name\":\"Chi siamo\",\"item\":\"https:\\\/\\\/www.2000m2.eu\\\/it\\\/chi-siamo\\\/\"},{\"@type\":\"ListItem\",\"position\":3,\"name\":\"L&#8217;idea del Campo Globale\"}]},{\"@type\":\"WebSite\",\"@id\":\"https:\\\/\\\/www.2000m2.eu\\\/it\\\/#website\",\"url\":\"https:\\\/\\\/www.2000m2.eu\\\/it\\\/\",\"name\":\"2000m2\",\"description\":\"\",\"publisher\":{\"@id\":\"https:\\\/\\\/www.2000m2.eu\\\/it\\\/#organization\"},\"potentialAction\":[{\"@type\":\"SearchAction\",\"target\":{\"@type\":\"EntryPoint\",\"urlTemplate\":\"https:\\\/\\\/www.2000m2.eu\\\/it\\\/?s={search_term_string}\"},\"query-input\":{\"@type\":\"PropertyValueSpecification\",\"valueRequired\":true,\"valueName\":\"search_term_string\"}}],\"inLanguage\":\"it-IT\"},{\"@type\":\"Organization\",\"@id\":\"https:\\\/\\\/www.2000m2.eu\\\/it\\\/#organization\",\"name\":\"2000m2\",\"url\":\"https:\\\/\\\/www.2000m2.eu\\\/it\\\/\",\"logo\":{\"@type\":\"ImageObject\",\"inLanguage\":\"it-IT\",\"@id\":\"https:\\\/\\\/www.2000m2.eu\\\/it\\\/#\\\/schema\\\/logo\\\/image\\\/\",\"url\":\"https:\\\/\\\/www.2000m2.eu\\\/wp-content\\\/uploads\\\/logo.png\",\"contentUrl\":\"https:\\\/\\\/www.2000m2.eu\\\/wp-content\\\/uploads\\\/logo.png\",\"width\":445,\"height\":140,\"caption\":\"2000m2\"},\"image\":{\"@id\":\"https:\\\/\\\/www.2000m2.eu\\\/it\\\/#\\\/schema\\\/logo\\\/image\\\/\"}}]}<\/script>\n<!-- \/ Yoast SEO plugin. -->","yoast_head_json":{"title":"L'idea del Campo Globale - 2000m2","robots":{"index":"index","follow":"follow","max-snippet":"max-snippet:-1","max-image-preview":"max-image-preview:large","max-video-preview":"max-video-preview:-1"},"canonical":"https:\/\/www.2000m2.eu\/it\/chi-siamo\/lidea-del-campo-globale\/","og_locale":"it_IT","og_type":"article","og_title":"L'idea del Campo Globale - 2000m2","og_description":"Tutto il mondo in un solo campo Se dividiamo la superficie coltivabile globale di circa 1,6 miliardi di ettari per il numero di persone sulla terra, otteniamo 2000 metri quadrati per persona. Questa \u00e8 la quota di terra coltivabile a cui ognuno di noi ha aritmeticamente diritto. Quindi, tutto ci\u00f2 che \u201cMadre Terra\u201d ci nutre...","og_url":"https:\/\/www.2000m2.eu\/it\/chi-siamo\/lidea-del-campo-globale\/","og_site_name":"2000m2","article_modified_time":"2025-08-18T14:16:05+00:00","og_image":[{"width":1800,"height":180,"url":"https:\/\/www.2000m2.eu\/wp-content\/uploads\/Featured_Images_Weltacker-Idee.jpg","type":"image\/jpeg"}],"twitter_card":"summary_large_image","twitter_misc":{"Tempo di lettura stimato":"4 minuti"},"schema":{"@context":"https:\/\/schema.org","@graph":[{"@type":"WebPage","@id":"https:\/\/www.2000m2.eu\/it\/chi-siamo\/lidea-del-campo-globale\/","url":"https:\/\/www.2000m2.eu\/it\/chi-siamo\/lidea-del-campo-globale\/","name":"L'idea del Campo Globale - 2000m2","isPartOf":{"@id":"https:\/\/www.2000m2.eu\/it\/#website"},"primaryImageOfPage":{"@id":"https:\/\/www.2000m2.eu\/it\/chi-siamo\/lidea-del-campo-globale\/#primaryimage"},"image":{"@id":"https:\/\/www.2000m2.eu\/it\/chi-siamo\/lidea-del-campo-globale\/#primaryimage"},"thumbnailUrl":"https:\/\/www.2000m2.eu\/wp-content\/uploads\/Featured_Images_Weltacker-Idee.jpg","datePublished":"2024-09-17T11:48:34+00:00","dateModified":"2025-08-18T14:16:05+00:00","breadcrumb":{"@id":"https:\/\/www.2000m2.eu\/it\/chi-siamo\/lidea-del-campo-globale\/#breadcrumb"},"inLanguage":"it-IT","potentialAction":[{"@type":"ReadAction","target":["https:\/\/www.2000m2.eu\/it\/chi-siamo\/lidea-del-campo-globale\/"]}]},{"@type":"ImageObject","inLanguage":"it-IT","@id":"https:\/\/www.2000m2.eu\/it\/chi-siamo\/lidea-del-campo-globale\/#primaryimage","url":"https:\/\/www.2000m2.eu\/wp-content\/uploads\/Featured_Images_Weltacker-Idee.jpg","contentUrl":"https:\/\/www.2000m2.eu\/wp-content\/uploads\/Featured_Images_Weltacker-Idee.jpg","width":1800,"height":180},{"@type":"BreadcrumbList","@id":"https:\/\/www.2000m2.eu\/it\/chi-siamo\/lidea-del-campo-globale\/#breadcrumb","itemListElement":[{"@type":"ListItem","position":1,"name":"Home","item":"https:\/\/www.2000m2.eu\/it\/"},{"@type":"ListItem","position":2,"name":"Chi siamo","item":"https:\/\/www.2000m2.eu\/it\/chi-siamo\/"},{"@type":"ListItem","position":3,"name":"L&#8217;idea del Campo Globale"}]},{"@type":"WebSite","@id":"https:\/\/www.2000m2.eu\/it\/#website","url":"https:\/\/www.2000m2.eu\/it\/","name":"2000m2","description":"","publisher":{"@id":"https:\/\/www.2000m2.eu\/it\/#organization"},"potentialAction":[{"@type":"SearchAction","target":{"@type":"EntryPoint","urlTemplate":"https:\/\/www.2000m2.eu\/it\/?s={search_term_string}"},"query-input":{"@type":"PropertyValueSpecification","valueRequired":true,"valueName":"search_term_string"}}],"inLanguage":"it-IT"},{"@type":"Organization","@id":"https:\/\/www.2000m2.eu\/it\/#organization","name":"2000m2","url":"https:\/\/www.2000m2.eu\/it\/","logo":{"@type":"ImageObject","inLanguage":"it-IT","@id":"https:\/\/www.2000m2.eu\/it\/#\/schema\/logo\/image\/","url":"https:\/\/www.2000m2.eu\/wp-content\/uploads\/logo.png","contentUrl":"https:\/\/www.2000m2.eu\/wp-content\/uploads\/logo.png","width":445,"height":140,"caption":"2000m2"},"image":{"@id":"https:\/\/www.2000m2.eu\/it\/#\/schema\/logo\/image\/"}}]}},"_links":{"self":[{"href":"https:\/\/www.2000m2.eu\/it\/wp-json\/wp\/v2\/pages\/10556","targetHints":{"allow":["GET"]}}],"collection":[{"href":"https:\/\/www.2000m2.eu\/it\/wp-json\/wp\/v2\/pages"}],"about":[{"href":"https:\/\/www.2000m2.eu\/it\/wp-json\/wp\/v2\/types\/page"}],"author":[{"embeddable":true,"href":"https:\/\/www.2000m2.eu\/it\/wp-json\/wp\/v2\/users\/1"}],"replies":[{"embeddable":true,"href":"https:\/\/www.2000m2.eu\/it\/wp-json\/wp\/v2\/comments?post=10556"}],"version-history":[{"count":11,"href":"https:\/\/www.2000m2.eu\/it\/wp-json\/wp\/v2\/pages\/10556\/revisions"}],"predecessor-version":[{"id":14701,"href":"https:\/\/www.2000m2.eu\/it\/wp-json\/wp\/v2\/pages\/10556\/revisions\/14701"}],"up":[{"embeddable":true,"href":"https:\/\/www.2000m2.eu\/it\/wp-json\/wp\/v2\/pages\/10401"}],"wp:featuredmedia":[{"embeddable":true,"href":"https:\/\/www.2000m2.eu\/it\/wp-json\/wp\/v2\/media\/10557"}],"wp:attachment":[{"href":"https:\/\/www.2000m2.eu\/it\/wp-json\/wp\/v2\/media?parent=10556"}],"curies":[{"name":"wp","href":"https:\/\/api.w.org\/{rel}","templated":true}]}}