{"id":10823,"date":"2024-09-10T07:55:00","date_gmt":"2024-09-10T07:55:00","guid":{"rendered":"https:\/\/www.2000m2.eu\/chi-siamo\/sostienici\/"},"modified":"2026-02-06T07:04:46","modified_gmt":"2026-02-06T07:04:46","slug":"sostienici","status":"publish","type":"page","link":"https:\/\/www.2000m2.eu\/it\/chi-siamo\/sostienici\/","title":{"rendered":"Sostienici!"},"content":{"rendered":"\n<h1 class=\"wp-block-heading\">Abbiamo bisogno di te! <\/h1>\n\n\n\n<p>Ti piace il nostro lavoro e vuoi aiutarci? Accettiamo con piacere qualsiasi tipo di sostegno, sia una donazione, sia l&#8217; aiuto volontario o altro. Anche se una parte del nostro lavoro viene finanziata, dipendiamo sempre dalle donazioni. Il 100% della tua donazione \u00e8 destinato ai progetti del coordinamento internazionale dei campi globali e ci aiuta, ad esempio, a creare nuovi contenuti educativi, a consigliare nuove iniziative, a produrre publicazioni o a sviluppare ulteriormente la nostra mostra mobile che \u00e8 in viaggio nel mondo.   <\/p>\n\n\n\n<p>Puoi fare una donazione diretta a:<\/p>\n\n\n\n<p><strong>Intestatario:<\/strong> Zukunftsstiftung Landwirtschaft<br><strong>IBAN:<\/strong> DE72 4306 0967 0030 0054 05<br>BIC<strong>:<\/strong> GENODEM1GLS<br><strong>Banca:<\/strong> GLS Gemeinschaftsbank eG<br><strong>Oggetto:<\/strong> Donazione 2000m2<\/p>\n\n\n<style>.kb-row-layout-wrap.wp-block-kadence-rowlayout.kb-row-layout-id10823_45d855-7a{margin-bottom:0px;margin-bottom:var(--global-kb-spacing-lg, 3rem);}.kb-row-layout-id10823_45d855-7a > .kt-row-column-wrap{align-content:start;}:where(.kb-row-layout-id10823_45d855-7a > .kt-row-column-wrap) > .wp-block-kadence-column{justify-content:start;}.kb-row-layout-id10823_45d855-7a > .kt-row-column-wrap{column-gap:var(--global-kb-gap-md, 2rem);row-gap:var(--global-kb-gap-md, 2rem);padding-top:var(--global-kb-spacing-sm, 1.5rem);grid-template-columns:minmax(0, 1fr);}.kb-row-layout-id10823_45d855-7a > .kt-row-layout-overlay{opacity:0.30;}@media all and (max-width: 1024px){.kb-row-layout-id10823_45d855-7a > .kt-row-column-wrap{grid-template-columns:minmax(0, 1fr);}}@media all and (max-width: 767px){.kb-row-layout-id10823_45d855-7a > .kt-row-column-wrap{grid-template-columns:minmax(0, 1fr);}}<\/style><div class=\"kb-row-layout-wrap kb-row-layout-id10823_45d855-7a alignnone wp-block-kadence-rowlayout\"><div class=\"kt-row-column-wrap kt-has-1-columns kt-row-layout-equal kt-tab-layout-inherit kt-mobile-layout-row kt-row-valign-top\">\n<style>.kadence-column10823_e7a62d-9f > .kt-inside-inner-col,.kadence-column10823_e7a62d-9f > .kt-inside-inner-col:before{border-top-left-radius:0px;border-top-right-radius:0px;border-bottom-right-radius:0px;border-bottom-left-radius:0px;}.kadence-column10823_e7a62d-9f > .kt-inside-inner-col{column-gap:var(--global-kb-gap-sm, 1rem);}.kadence-column10823_e7a62d-9f > .kt-inside-inner-col{flex-direction:column;}.kadence-column10823_e7a62d-9f > .kt-inside-inner-col > .aligncenter{width:100%;}.kadence-column10823_e7a62d-9f > .kt-inside-inner-col:before{opacity:0.3;}.kadence-column10823_e7a62d-9f{position:relative;}@media all and (max-width: 1024px){.kadence-column10823_e7a62d-9f > .kt-inside-inner-col{flex-direction:column;justify-content:center;}}@media all and (max-width: 767px){.kadence-column10823_e7a62d-9f > .kt-inside-inner-col{flex-direction:column;justify-content:center;}}<\/style>\n<div class=\"wp-block-kadence-column kadence-column10823_e7a62d-9f\"><div class=\"kt-inside-inner-col\"><\/div><\/div>\n\n<\/div><\/div>\n\n\n<h2 class=\"wp-block-heading\">Lavoro volontario<\/h2>\n\n\n\n<p>Nella nostra organizzazione c&#8217;\u00e8 sempre molto da fare e accogliamo con piacere i volontari entusiasti. Se vuoi aiutarci, ad esempio con attivit\u00e0 di ricerca, scrittura di articoli e testi, attivit\u00e0 di pubbliche relazioni o nella organizzazione dei nostri eventi, contattaci. Saremo inoltre lieti di metterti in contatto con il prossimo campo globale vicino a te.  <\/p>\n","protected":false},"excerpt":{"rendered":"<p>Abbiamo bisogno di te! Ti piace il nostro lavoro e vuoi aiutarci? Accettiamo con piacere qualsiasi tipo di sostegno, sia una donazione, sia l&#8217; aiuto volontario o altro. Anche se una parte del nostro lavoro viene finanziata, dipendiamo sempre dalle donazioni. Il 100% della tua donazione \u00e8 destinato ai progetti del coordinamento internazionale dei campi&#8230;<\/p>\n","protected":false},"author":1,"featured_media":10828,"parent":10401,"menu_order":16,"comment_status":"closed","ping_status":"closed","template":"","meta":{"footnotes":""},"class_list":["post-10823","page","type-page","status-publish","has-post-thumbnail"],"yoast_head":"<!-- This site is optimized with the Yoast SEO plugin v27.3 - https:\/\/yoast.com\/product\/yoast-seo-wordpress\/ -->\n<title>Sostienici! - 2000m2<\/title>\n<meta name=\"robots\" content=\"index, follow, max-snippet:-1, max-image-preview:large, max-video-preview:-1\" \/>\n<link rel=\"canonical\" href=\"https:\/\/www.2000m2.eu\/it\/chi-siamo\/sostienici\/\" \/>\n<meta property=\"og:locale\" content=\"it_IT\" \/>\n<meta property=\"og:type\" content=\"article\" \/>\n<meta property=\"og:title\" content=\"Sostienici! - 2000m2\" \/>\n<meta property=\"og:description\" content=\"Abbiamo bisogno di te! Ti piace il nostro lavoro e vuoi aiutarci? Accettiamo con piacere qualsiasi tipo di sostegno, sia una donazione, sia l&#8217; aiuto volontario o altro. Anche se una parte del nostro lavoro viene finanziata, dipendiamo sempre dalle donazioni. Il 100% della tua donazione \u00e8 destinato ai progetti del coordinamento internazionale dei campi...\" \/>\n<meta property=\"og:url\" content=\"https:\/\/www.2000m2.eu\/it\/chi-siamo\/sostienici\/\" \/>\n<meta property=\"og:site_name\" content=\"2000m2\" \/>\n<meta property=\"article:modified_time\" content=\"2026-02-06T07:04:46+00:00\" \/>\n<meta property=\"og:image\" content=\"https:\/\/www.2000m2.eu\/wp-content\/uploads\/Featured_Images_unterstutze-uns.jpg\" \/>\n\t<meta property=\"og:image:width\" content=\"1800\" \/>\n\t<meta property=\"og:image:height\" content=\"180\" \/>\n\t<meta property=\"og:image:type\" content=\"image\/jpeg\" \/>\n<meta name=\"twitter:card\" content=\"summary_large_image\" \/>\n<meta name=\"twitter:label1\" content=\"Tempo di lettura stimato\" \/>\n\t<meta name=\"twitter:data1\" content=\"1 minuto\" \/>\n<script type=\"application\/ld+json\" class=\"yoast-schema-graph\">{\"@context\":\"https:\\\/\\\/schema.org\",\"@graph\":[{\"@type\":\"WebPage\",\"@id\":\"https:\\\/\\\/www.2000m2.eu\\\/it\\\/chi-siamo\\\/sostienici\\\/\",\"url\":\"https:\\\/\\\/www.2000m2.eu\\\/it\\\/chi-siamo\\\/sostienici\\\/\",\"name\":\"Sostienici! - 2000m2\",\"isPartOf\":{\"@id\":\"https:\\\/\\\/www.2000m2.eu\\\/it\\\/#website\"},\"primaryImageOfPage\":{\"@id\":\"https:\\\/\\\/www.2000m2.eu\\\/it\\\/chi-siamo\\\/sostienici\\\/#primaryimage\"},\"image\":{\"@id\":\"https:\\\/\\\/www.2000m2.eu\\\/it\\\/chi-siamo\\\/sostienici\\\/#primaryimage\"},\"thumbnailUrl\":\"https:\\\/\\\/www.2000m2.eu\\\/wp-content\\\/uploads\\\/Featured_Images_unterstutze-uns.jpg\",\"datePublished\":\"2024-09-10T07:55:00+00:00\",\"dateModified\":\"2026-02-06T07:04:46+00:00\",\"breadcrumb\":{\"@id\":\"https:\\\/\\\/www.2000m2.eu\\\/it\\\/chi-siamo\\\/sostienici\\\/#breadcrumb\"},\"inLanguage\":\"it-IT\",\"potentialAction\":[{\"@type\":\"ReadAction\",\"target\":[\"https:\\\/\\\/www.2000m2.eu\\\/it\\\/chi-siamo\\\/sostienici\\\/\"]}]},{\"@type\":\"ImageObject\",\"inLanguage\":\"it-IT\",\"@id\":\"https:\\\/\\\/www.2000m2.eu\\\/it\\\/chi-siamo\\\/sostienici\\\/#primaryimage\",\"url\":\"https:\\\/\\\/www.2000m2.eu\\\/wp-content\\\/uploads\\\/Featured_Images_unterstutze-uns.jpg\",\"contentUrl\":\"https:\\\/\\\/www.2000m2.eu\\\/wp-content\\\/uploads\\\/Featured_Images_unterstutze-uns.jpg\",\"width\":1800,\"height\":180},{\"@type\":\"BreadcrumbList\",\"@id\":\"https:\\\/\\\/www.2000m2.eu\\\/it\\\/chi-siamo\\\/sostienici\\\/#breadcrumb\",\"itemListElement\":[{\"@type\":\"ListItem\",\"position\":1,\"name\":\"Home\",\"item\":\"https:\\\/\\\/www.2000m2.eu\\\/it\\\/\"},{\"@type\":\"ListItem\",\"position\":2,\"name\":\"Chi siamo\",\"item\":\"https:\\\/\\\/www.2000m2.eu\\\/it\\\/chi-siamo\\\/\"},{\"@type\":\"ListItem\",\"position\":3,\"name\":\"Sostienici!\"}]},{\"@type\":\"WebSite\",\"@id\":\"https:\\\/\\\/www.2000m2.eu\\\/it\\\/#website\",\"url\":\"https:\\\/\\\/www.2000m2.eu\\\/it\\\/\",\"name\":\"2000m2\",\"description\":\"\",\"publisher\":{\"@id\":\"https:\\\/\\\/www.2000m2.eu\\\/it\\\/#organization\"},\"potentialAction\":[{\"@type\":\"SearchAction\",\"target\":{\"@type\":\"EntryPoint\",\"urlTemplate\":\"https:\\\/\\\/www.2000m2.eu\\\/it\\\/?s={search_term_string}\"},\"query-input\":{\"@type\":\"PropertyValueSpecification\",\"valueRequired\":true,\"valueName\":\"search_term_string\"}}],\"inLanguage\":\"it-IT\"},{\"@type\":\"Organization\",\"@id\":\"https:\\\/\\\/www.2000m2.eu\\\/it\\\/#organization\",\"name\":\"2000m2\",\"url\":\"https:\\\/\\\/www.2000m2.eu\\\/it\\\/\",\"logo\":{\"@type\":\"ImageObject\",\"inLanguage\":\"it-IT\",\"@id\":\"https:\\\/\\\/www.2000m2.eu\\\/it\\\/#\\\/schema\\\/logo\\\/image\\\/\",\"url\":\"https:\\\/\\\/www.2000m2.eu\\\/wp-content\\\/uploads\\\/logo.png\",\"contentUrl\":\"https:\\\/\\\/www.2000m2.eu\\\/wp-content\\\/uploads\\\/logo.png\",\"width\":445,\"height\":140,\"caption\":\"2000m2\"},\"image\":{\"@id\":\"https:\\\/\\\/www.2000m2.eu\\\/it\\\/#\\\/schema\\\/logo\\\/image\\\/\"}}]}<\/script>\n<!-- \/ Yoast SEO plugin. -->","yoast_head_json":{"title":"Sostienici! - 2000m2","robots":{"index":"index","follow":"follow","max-snippet":"max-snippet:-1","max-image-preview":"max-image-preview:large","max-video-preview":"max-video-preview:-1"},"canonical":"https:\/\/www.2000m2.eu\/it\/chi-siamo\/sostienici\/","og_locale":"it_IT","og_type":"article","og_title":"Sostienici! - 2000m2","og_description":"Abbiamo bisogno di te! Ti piace il nostro lavoro e vuoi aiutarci? Accettiamo con piacere qualsiasi tipo di sostegno, sia una donazione, sia l&#8217; aiuto volontario o altro. Anche se una parte del nostro lavoro viene finanziata, dipendiamo sempre dalle donazioni. Il 100% della tua donazione \u00e8 destinato ai progetti del coordinamento internazionale dei campi...","og_url":"https:\/\/www.2000m2.eu\/it\/chi-siamo\/sostienici\/","og_site_name":"2000m2","article_modified_time":"2026-02-06T07:04:46+00:00","og_image":[{"width":1800,"height":180,"url":"https:\/\/www.2000m2.eu\/wp-content\/uploads\/Featured_Images_unterstutze-uns.jpg","type":"image\/jpeg"}],"twitter_card":"summary_large_image","twitter_misc":{"Tempo di lettura stimato":"1 minuto"},"schema":{"@context":"https:\/\/schema.org","@graph":[{"@type":"WebPage","@id":"https:\/\/www.2000m2.eu\/it\/chi-siamo\/sostienici\/","url":"https:\/\/www.2000m2.eu\/it\/chi-siamo\/sostienici\/","name":"Sostienici! - 2000m2","isPartOf":{"@id":"https:\/\/www.2000m2.eu\/it\/#website"},"primaryImageOfPage":{"@id":"https:\/\/www.2000m2.eu\/it\/chi-siamo\/sostienici\/#primaryimage"},"image":{"@id":"https:\/\/www.2000m2.eu\/it\/chi-siamo\/sostienici\/#primaryimage"},"thumbnailUrl":"https:\/\/www.2000m2.eu\/wp-content\/uploads\/Featured_Images_unterstutze-uns.jpg","datePublished":"2024-09-10T07:55:00+00:00","dateModified":"2026-02-06T07:04:46+00:00","breadcrumb":{"@id":"https:\/\/www.2000m2.eu\/it\/chi-siamo\/sostienici\/#breadcrumb"},"inLanguage":"it-IT","potentialAction":[{"@type":"ReadAction","target":["https:\/\/www.2000m2.eu\/it\/chi-siamo\/sostienici\/"]}]},{"@type":"ImageObject","inLanguage":"it-IT","@id":"https:\/\/www.2000m2.eu\/it\/chi-siamo\/sostienici\/#primaryimage","url":"https:\/\/www.2000m2.eu\/wp-content\/uploads\/Featured_Images_unterstutze-uns.jpg","contentUrl":"https:\/\/www.2000m2.eu\/wp-content\/uploads\/Featured_Images_unterstutze-uns.jpg","width":1800,"height":180},{"@type":"BreadcrumbList","@id":"https:\/\/www.2000m2.eu\/it\/chi-siamo\/sostienici\/#breadcrumb","itemListElement":[{"@type":"ListItem","position":1,"name":"Home","item":"https:\/\/www.2000m2.eu\/it\/"},{"@type":"ListItem","position":2,"name":"Chi siamo","item":"https:\/\/www.2000m2.eu\/it\/chi-siamo\/"},{"@type":"ListItem","position":3,"name":"Sostienici!"}]},{"@type":"WebSite","@id":"https:\/\/www.2000m2.eu\/it\/#website","url":"https:\/\/www.2000m2.eu\/it\/","name":"2000m2","description":"","publisher":{"@id":"https:\/\/www.2000m2.eu\/it\/#organization"},"potentialAction":[{"@type":"SearchAction","target":{"@type":"EntryPoint","urlTemplate":"https:\/\/www.2000m2.eu\/it\/?s={search_term_string}"},"query-input":{"@type":"PropertyValueSpecification","valueRequired":true,"valueName":"search_term_string"}}],"inLanguage":"it-IT"},{"@type":"Organization","@id":"https:\/\/www.2000m2.eu\/it\/#organization","name":"2000m2","url":"https:\/\/www.2000m2.eu\/it\/","logo":{"@type":"ImageObject","inLanguage":"it-IT","@id":"https:\/\/www.2000m2.eu\/it\/#\/schema\/logo\/image\/","url":"https:\/\/www.2000m2.eu\/wp-content\/uploads\/logo.png","contentUrl":"https:\/\/www.2000m2.eu\/wp-content\/uploads\/logo.png","width":445,"height":140,"caption":"2000m2"},"image":{"@id":"https:\/\/www.2000m2.eu\/it\/#\/schema\/logo\/image\/"}}]}},"_links":{"self":[{"href":"https:\/\/www.2000m2.eu\/it\/wp-json\/wp\/v2\/pages\/10823","targetHints":{"allow":["GET"]}}],"collection":[{"href":"https:\/\/www.2000m2.eu\/it\/wp-json\/wp\/v2\/pages"}],"about":[{"href":"https:\/\/www.2000m2.eu\/it\/wp-json\/wp\/v2\/types\/page"}],"author":[{"embeddable":true,"href":"https:\/\/www.2000m2.eu\/it\/wp-json\/wp\/v2\/users\/1"}],"replies":[{"embeddable":true,"href":"https:\/\/www.2000m2.eu\/it\/wp-json\/wp\/v2\/comments?post=10823"}],"version-history":[{"count":2,"href":"https:\/\/www.2000m2.eu\/it\/wp-json\/wp\/v2\/pages\/10823\/revisions"}],"predecessor-version":[{"id":27585,"href":"https:\/\/www.2000m2.eu\/it\/wp-json\/wp\/v2\/pages\/10823\/revisions\/27585"}],"up":[{"embeddable":true,"href":"https:\/\/www.2000m2.eu\/it\/wp-json\/wp\/v2\/pages\/10401"}],"wp:featuredmedia":[{"embeddable":true,"href":"https:\/\/www.2000m2.eu\/it\/wp-json\/wp\/v2\/media\/10828"}],"wp:attachment":[{"href":"https:\/\/www.2000m2.eu\/it\/wp-json\/wp\/v2\/media?parent=10823"}],"curies":[{"name":"wp","href":"https:\/\/api.w.org\/{rel}","templated":true}]}}