{"id":12695,"date":"2024-09-17T11:51:01","date_gmt":"2024-09-17T11:51:01","guid":{"rendered":"https:\/\/www.2000m2.eu\/le-nostre-offerte\/il-calcolatore-darea\/"},"modified":"2025-08-04T14:38:09","modified_gmt":"2025-08-04T14:38:09","slug":"il-calcolatore-darea","status":"publish","type":"page","link":"https:\/\/www.2000m2.eu\/it\/le-nostre-offerte\/il-calcolatore-darea\/","title":{"rendered":"Il calcolatore d&#8217;area"},"content":{"rendered":"\n<h1 class=\"wp-block-heading\">Il nostro calcolatore d&#8217;area &#8211; MYM2<\/h1>\n\n<p><\/p>\n<style>.wp-block-kadence-column.kb-section-dir-horizontal > .kt-inside-inner-col > .kt-info-box61_f55e17-b2{max-width:637px;}.wp-block-kadence-column.kb-section-dir-horizontal > .kt-inside-inner-col > .kt-info-box61_f55e17-b2 .kt-blocks-info-box-link-wrap{max-width:unset;}.kt-info-box61_f55e17-b2 .kt-blocks-info-box-link-wrap{border-top:1px solid var(--accent);border-right:1px solid var(--accent);border-bottom:1px solid var(--accent);border-left:1px solid var(--accent);border-top-left-radius:30px;border-top-right-radius:30px;border-bottom-right-radius:30px;border-bottom-left-radius:30px;background:var(--base-3);max-width:637px;padding-top:var(--global-kb-spacing-sm, 1.5rem);padding-right:var(--global-kb-spacing-sm, 1.5rem);padding-bottom:var(--global-kb-spacing-sm, 1.5rem);padding-left:var(--global-kb-spacing-sm, 1.5rem);margin-top:10px;}.kt-info-box61_f55e17-b2.wp-block-kadence-infobox{max-width:100%;}.kt-info-box61_f55e17-b2 .kadence-info-box-image-inner-intrisic-container{max-width:100px;}.kt-info-box61_f55e17-b2 .kadence-info-box-image-inner-intrisic-container .kadence-info-box-image-intrisic{padding-bottom:100%;width:1416px;height:0px;max-width:100%;}.kt-info-box61_f55e17-b2 .kadence-info-box-icon-container .kt-info-svg-icon, .kt-info-box61_f55e17-b2 .kt-info-svg-icon-flip, .kt-info-box61_f55e17-b2 .kt-blocks-info-box-number{font-size:50px;}.kt-info-box61_f55e17-b2 .kt-blocks-info-box-media{border-color:var(--global-palette7, #eeeeee);border-radius:200px;overflow:hidden;border-top-width:0px;border-right-width:0px;border-bottom-width:0px;border-left-width:0px;padding-top:0px;padding-right:0px;padding-bottom:0px;padding-left:0px;margin-top:0px;margin-right:20px;margin-bottom:0px;margin-left:0px;}.kt-info-box61_f55e17-b2 .kt-infobox-textcontent h2.kt-blocks-info-box-title{color:var(--contrast);padding-top:0px;padding-right:0px;padding-bottom:0px;padding-left:0px;margin-top:5px;margin-right:0px;margin-bottom:10px;margin-left:0px;}.kt-info-box61_f55e17-b2 .kt-blocks-info-box-link-wrap:hover h2.kt-blocks-info-box-title{color:var(--accent);}.wp-block-kadence-infobox.kt-info-box61_f55e17-b2 .kt-blocks-info-box-text{margin-top:0px;margin-right:0px;margin-bottom:15px;margin-left:0px;}.kt-info-box61_f55e17-b2 .kt-blocks-info-box-learnmore{color:var(--base-3);background:var(--accent);border-radius:25px;border-width:0px 0px 0px 0px;padding-top:4px;padding-right:8px;padding-bottom:4px;padding-left:8px;margin-top:10px;margin-right:0px;margin-bottom:10px;margin-left:0px;}.kt-info-box61_f55e17-b2 .kt-blocks-info-box-link-wrap{box-shadow:2px 2px 2px 3px var(--base-2);}.kt-info-box61_f55e17-b2 .kt-blocks-info-box-link-wrap:hover{box-shadow:0px 0px 14px 0px var(--contrast-2);}@media all and (max-width: 1024px){.kt-info-box61_f55e17-b2 .kt-blocks-info-box-link-wrap{border-top:1px solid var(--accent);border-right:1px solid var(--accent);border-bottom:1px solid var(--accent);border-left:1px solid var(--accent);box-shadow:2px 2px 2px 3px var(--base-2);}}@media all and (max-width: 1024px){.kt-info-box61_f55e17-b2 .kt-blocks-info-box-link-wrap:hover{box-shadow:0px 0px 14px 0px var(--contrast-2);}}@media all and (max-width: 767px){.kt-info-box61_f55e17-b2 .kt-blocks-info-box-link-wrap{border-top:1px solid var(--accent);border-right:1px solid var(--accent);border-bottom:1px solid var(--accent);border-left:1px solid var(--accent);text-align:center;display:block;box-shadow:2px 2px 2px 3px var(--base-2);}.kt-info-box61_f55e17-b2 .kt-blocks-info-box-link-wrap .kt-blocks-info-box-media{display:inline-block;max-width:100%;}.kt-info-box61_f55e17-b2 .kt-blocks-info-box-link-wrap:hover{box-shadow:0px 0px 14px 0px var(--contrast-2);}}<\/style>\n<div class=\"wp-block-kadence-infobox kt-info-box61_f55e17-b2\"><a class=\"kt-blocks-info-box-link-wrap info-box-link kt-blocks-info-box-media-align-left kt-info-halign-left kb-info-mobile-halign-center\" href=\"https:\/\/rechner.2000m2.eu\/de\/\"><div class=\"kt-blocks-info-box-media-container\"><div class=\"kt-blocks-info-box-media kt-info-media-animate-none\"><div class=\"kadence-info-box-image-inner-intrisic-container\"><div class=\"kadence-info-box-image-intrisic kt-info-animate-none kb-info-box-image-ratio kb-info-box-image-ratio-square\"><div class=\"kadence-info-box-image-inner-intrisic\"><img decoding=\"async\" src=\"https:\/\/www.2000m2.eu\/wp-content\/uploads\/2000m2_Logo_MyM2_ohneEbenen.jpg\" alt=\"\" width=\"1416\" height=\"1516\" class=\"kt-info-box-image wp-image-2818\" srcset=\"https:\/\/www.2000m2.eu\/wp-content\/uploads\/2000m2_Logo_MyM2_ohneEbenen.jpg 1416w, https:\/\/www.2000m2.eu\/wp-content\/uploads\/2000m2_Logo_MyM2_ohneEbenen-280x300.jpg 280w, https:\/\/www.2000m2.eu\/wp-content\/uploads\/2000m2_Logo_MyM2_ohneEbenen-956x1024.jpg 956w, https:\/\/www.2000m2.eu\/wp-content\/uploads\/2000m2_Logo_MyM2_ohneEbenen-768x822.jpg 768w\" sizes=\"(max-width: 1416px) 100vw, 1416px\" \/><\/div><\/div><\/div><\/div><\/div><div class=\"kt-infobox-textcontent\"><h2 class=\"kt-blocks-info-box-title\">Usa qui il calcolatore d&#8217;area<\/h2><\/div><\/a><\/div>\n\n<p><\/p>\n\n<h3 class=\"wp-block-heading\">Quanta terra coltivabile c&#8217;\u00e8 nel mio cibo?<\/h3>\n\n<p>Il calcolatore d&#8217;area MYM2 viene utilizzato per calcolare la quantit\u00e0 di terreno coltivabile utilizzato per i pasti. Come funziona? \u00c8 molto semplice: basta inserire gli ingredienti utilizzati nelle quantit\u00e0 corrispondenti e la superficie richiesta viene visualizzata automaticamente. Ma non \u00e8 tutto! Il piatto consumato viene anche messo in relazione alla porzione giornaliera disponibile per l&#8217;alimentazione (4,2 mq) di una persona. In questo modo \u00e8 possibile verificare in modo semplice e veloce quanti dei tuoi 2000 mq ti rimangono.     <\/p>\n\n<p>Perch\u00e9 2000 mq? Attualmente ci vivono ben 8 miliardi di persone nel mondo che condividono circa 1,6 miliardi di ettari di terreno coltivabile. Per ogni persona, si tratta quindi di circa 2000 mq di terreno coltivabile su cui deve crescere tutto ci\u00f2 che viene consumato durante l&#8217;anno. Diviso per 365 giorni, rimangono 5,5 mq al giorno per persona. Unicamente per l&#8217;alimentazione, escludendo quindi l&#8217;abbigliamento, l&#8217;energia e cos\u00ec via, si arriva a 4,2 mq di terreno coltivabile.<\/p>\n\n<p>E ora? Hai gi\u00e0 mangiato l&#8217;intera razione giornaliera per colazione?  <a href=\"http:\/\/www.mym2.de\">Ora fai i conti con il calcolatore.<\/a> <\/p>\n\n<h3 class=\"wp-block-heading\">Ecco come si presenta:<\/h3>\n\n <div class=\"brlbs-cmpnt-container brlbs-cmpnt-content-blocker brlbs-cmpnt-with-individual-styles\" data-borlabs-cookie-content-blocker-id=\"default\" data-borlabs-cookie-content=\"PGlmcmFtZSBzcmM9Imh0dHBzOi8vcmVjaG5lci4yMDAwbTIuZXUvZGUvcmVzdWx0L3BpenphLXNhbGFtaSIgY2xhc3M9ImZsYWVjaGVucmVjaG5lciIgd2lkdGg9IjEyMDBweCIgaGVpZ2h0PSIxMDAwcHgiPjwvaWZyYW1lPg==\"><div class=\"brlbs-cmpnt-cb-preset-a\"> <p class=\"brlbs-cmpnt-cb-description\">Stai visualizzando un contenuto segnaposto da <strong>Predefinito<\/strong>. Per accedere al contenuto effettivo, clicca sul pulsante sottostante. Si prega di notare che in questo modo si condividono i dati con provider di terze parti.<\/p> <div class=\"brlbs-cmpnt-cb-buttons\"> <a class=\"brlbs-cmpnt-cb-btn\" href=\"#\" data-borlabs-cookie-unblock role=\"button\">Sblocca il contenuto<\/a> <a class=\"brlbs-cmpnt-cb-btn\" href=\"#\" data-borlabs-cookie-accept-service role=\"button\" style=\"display: none\">Accetta il servizio richiesto e sblocca i contenuti<\/a> <\/div> <a class=\"brlbs-cmpnt-cb-provider-toggle\" href=\"#\" data-borlabs-cookie-show-provider-information role=\"button\">Ulteriori informazioni<\/a> <\/div><\/div>\n","protected":false},"excerpt":{"rendered":"<p>Il nostro calcolatore d&#8217;area &#8211; MYM2 Quanta terra coltivabile c&#8217;\u00e8 nel mio cibo? Il calcolatore d&#8217;area MYM2 viene utilizzato per calcolare la quantit\u00e0 di terreno coltivabile utilizzato per i pasti. Come funziona? \u00c8 molto semplice: basta inserire gli ingredienti utilizzati nelle quantit\u00e0 corrispondenti e la superficie richiesta viene visualizzata automaticamente. Ma non \u00e8 tutto! Il&#8230;<\/p>\n","protected":false},"author":1,"featured_media":12696,"parent":11215,"menu_order":22,"comment_status":"closed","ping_status":"closed","template":"","meta":{"footnotes":""},"class_list":["post-12695","page","type-page","status-publish","has-post-thumbnail"],"yoast_head":"<!-- This site is optimized with the Yoast SEO plugin v27.3 - https:\/\/yoast.com\/product\/yoast-seo-wordpress\/ -->\n<title>Il calcolatore d&#039;area - 2000m2<\/title>\n<meta name=\"robots\" content=\"index, follow, max-snippet:-1, max-image-preview:large, max-video-preview:-1\" \/>\n<link rel=\"canonical\" href=\"https:\/\/www.2000m2.eu\/it\/le-nostre-offerte\/il-calcolatore-darea\/\" \/>\n<meta property=\"og:locale\" content=\"it_IT\" \/>\n<meta property=\"og:type\" content=\"article\" \/>\n<meta property=\"og:title\" content=\"Il calcolatore d&#039;area - 2000m2\" \/>\n<meta property=\"og:description\" content=\"Il nostro calcolatore d&#8217;area &#8211; MYM2 Quanta terra coltivabile c&#8217;\u00e8 nel mio cibo? Il calcolatore d&#8217;area MYM2 viene utilizzato per calcolare la quantit\u00e0 di terreno coltivabile utilizzato per i pasti. Come funziona? \u00c8 molto semplice: basta inserire gli ingredienti utilizzati nelle quantit\u00e0 corrispondenti e la superficie richiesta viene visualizzata automaticamente. Ma non \u00e8 tutto! Il...\" \/>\n<meta property=\"og:url\" content=\"https:\/\/www.2000m2.eu\/it\/le-nostre-offerte\/il-calcolatore-darea\/\" \/>\n<meta property=\"og:site_name\" content=\"2000m2\" \/>\n<meta property=\"article:modified_time\" content=\"2025-08-04T14:38:09+00:00\" \/>\n<meta property=\"og:image\" content=\"https:\/\/www.2000m2.eu\/wp-content\/uploads\/Featured_Images_Flachenrechner.jpg\" \/>\n\t<meta property=\"og:image:width\" content=\"1800\" \/>\n\t<meta property=\"og:image:height\" content=\"180\" \/>\n\t<meta property=\"og:image:type\" content=\"image\/jpeg\" \/>\n<meta name=\"twitter:card\" content=\"summary_large_image\" \/>\n<meta name=\"twitter:label1\" content=\"Tempo di lettura stimato\" \/>\n\t<meta name=\"twitter:data1\" content=\"1 minuto\" \/>\n<script type=\"application\/ld+json\" class=\"yoast-schema-graph\">{\"@context\":\"https:\\\/\\\/schema.org\",\"@graph\":[{\"@type\":\"WebPage\",\"@id\":\"https:\\\/\\\/www.2000m2.eu\\\/it\\\/le-nostre-offerte\\\/il-calcolatore-darea\\\/\",\"url\":\"https:\\\/\\\/www.2000m2.eu\\\/it\\\/le-nostre-offerte\\\/il-calcolatore-darea\\\/\",\"name\":\"Il calcolatore d'area - 2000m2\",\"isPartOf\":{\"@id\":\"https:\\\/\\\/www.2000m2.eu\\\/it\\\/#website\"},\"primaryImageOfPage\":{\"@id\":\"https:\\\/\\\/www.2000m2.eu\\\/it\\\/le-nostre-offerte\\\/il-calcolatore-darea\\\/#primaryimage\"},\"image\":{\"@id\":\"https:\\\/\\\/www.2000m2.eu\\\/it\\\/le-nostre-offerte\\\/il-calcolatore-darea\\\/#primaryimage\"},\"thumbnailUrl\":\"https:\\\/\\\/www.2000m2.eu\\\/wp-content\\\/uploads\\\/Featured_Images_Flachenrechner.jpg\",\"datePublished\":\"2024-09-17T11:51:01+00:00\",\"dateModified\":\"2025-08-04T14:38:09+00:00\",\"breadcrumb\":{\"@id\":\"https:\\\/\\\/www.2000m2.eu\\\/it\\\/le-nostre-offerte\\\/il-calcolatore-darea\\\/#breadcrumb\"},\"inLanguage\":\"it-IT\",\"potentialAction\":[{\"@type\":\"ReadAction\",\"target\":[\"https:\\\/\\\/www.2000m2.eu\\\/it\\\/le-nostre-offerte\\\/il-calcolatore-darea\\\/\"]}]},{\"@type\":\"ImageObject\",\"inLanguage\":\"it-IT\",\"@id\":\"https:\\\/\\\/www.2000m2.eu\\\/it\\\/le-nostre-offerte\\\/il-calcolatore-darea\\\/#primaryimage\",\"url\":\"https:\\\/\\\/www.2000m2.eu\\\/wp-content\\\/uploads\\\/Featured_Images_Flachenrechner.jpg\",\"contentUrl\":\"https:\\\/\\\/www.2000m2.eu\\\/wp-content\\\/uploads\\\/Featured_Images_Flachenrechner.jpg\",\"width\":1800,\"height\":180},{\"@type\":\"BreadcrumbList\",\"@id\":\"https:\\\/\\\/www.2000m2.eu\\\/it\\\/le-nostre-offerte\\\/il-calcolatore-darea\\\/#breadcrumb\",\"itemListElement\":[{\"@type\":\"ListItem\",\"position\":1,\"name\":\"Home\",\"item\":\"https:\\\/\\\/www.2000m2.eu\\\/it\\\/\"},{\"@type\":\"ListItem\",\"position\":2,\"name\":\"Le nostre offerte\",\"item\":\"https:\\\/\\\/www.2000m2.eu\\\/it\\\/le-nostre-offerte\\\/\"},{\"@type\":\"ListItem\",\"position\":3,\"name\":\"Il calcolatore d&#8217;area\"}]},{\"@type\":\"WebSite\",\"@id\":\"https:\\\/\\\/www.2000m2.eu\\\/it\\\/#website\",\"url\":\"https:\\\/\\\/www.2000m2.eu\\\/it\\\/\",\"name\":\"2000m2\",\"description\":\"\",\"publisher\":{\"@id\":\"https:\\\/\\\/www.2000m2.eu\\\/it\\\/#organization\"},\"potentialAction\":[{\"@type\":\"SearchAction\",\"target\":{\"@type\":\"EntryPoint\",\"urlTemplate\":\"https:\\\/\\\/www.2000m2.eu\\\/it\\\/?s={search_term_string}\"},\"query-input\":{\"@type\":\"PropertyValueSpecification\",\"valueRequired\":true,\"valueName\":\"search_term_string\"}}],\"inLanguage\":\"it-IT\"},{\"@type\":\"Organization\",\"@id\":\"https:\\\/\\\/www.2000m2.eu\\\/it\\\/#organization\",\"name\":\"2000m2\",\"url\":\"https:\\\/\\\/www.2000m2.eu\\\/it\\\/\",\"logo\":{\"@type\":\"ImageObject\",\"inLanguage\":\"it-IT\",\"@id\":\"https:\\\/\\\/www.2000m2.eu\\\/it\\\/#\\\/schema\\\/logo\\\/image\\\/\",\"url\":\"https:\\\/\\\/www.2000m2.eu\\\/wp-content\\\/uploads\\\/logo.png\",\"contentUrl\":\"https:\\\/\\\/www.2000m2.eu\\\/wp-content\\\/uploads\\\/logo.png\",\"width\":445,\"height\":140,\"caption\":\"2000m2\"},\"image\":{\"@id\":\"https:\\\/\\\/www.2000m2.eu\\\/it\\\/#\\\/schema\\\/logo\\\/image\\\/\"}}]}<\/script>\n<!-- \/ Yoast SEO plugin. -->","yoast_head_json":{"title":"Il calcolatore d'area - 2000m2","robots":{"index":"index","follow":"follow","max-snippet":"max-snippet:-1","max-image-preview":"max-image-preview:large","max-video-preview":"max-video-preview:-1"},"canonical":"https:\/\/www.2000m2.eu\/it\/le-nostre-offerte\/il-calcolatore-darea\/","og_locale":"it_IT","og_type":"article","og_title":"Il calcolatore d'area - 2000m2","og_description":"Il nostro calcolatore d&#8217;area &#8211; MYM2 Quanta terra coltivabile c&#8217;\u00e8 nel mio cibo? Il calcolatore d&#8217;area MYM2 viene utilizzato per calcolare la quantit\u00e0 di terreno coltivabile utilizzato per i pasti. Come funziona? \u00c8 molto semplice: basta inserire gli ingredienti utilizzati nelle quantit\u00e0 corrispondenti e la superficie richiesta viene visualizzata automaticamente. Ma non \u00e8 tutto! Il...","og_url":"https:\/\/www.2000m2.eu\/it\/le-nostre-offerte\/il-calcolatore-darea\/","og_site_name":"2000m2","article_modified_time":"2025-08-04T14:38:09+00:00","og_image":[{"width":1800,"height":180,"url":"https:\/\/www.2000m2.eu\/wp-content\/uploads\/Featured_Images_Flachenrechner.jpg","type":"image\/jpeg"}],"twitter_card":"summary_large_image","twitter_misc":{"Tempo di lettura stimato":"1 minuto"},"schema":{"@context":"https:\/\/schema.org","@graph":[{"@type":"WebPage","@id":"https:\/\/www.2000m2.eu\/it\/le-nostre-offerte\/il-calcolatore-darea\/","url":"https:\/\/www.2000m2.eu\/it\/le-nostre-offerte\/il-calcolatore-darea\/","name":"Il calcolatore d'area - 2000m2","isPartOf":{"@id":"https:\/\/www.2000m2.eu\/it\/#website"},"primaryImageOfPage":{"@id":"https:\/\/www.2000m2.eu\/it\/le-nostre-offerte\/il-calcolatore-darea\/#primaryimage"},"image":{"@id":"https:\/\/www.2000m2.eu\/it\/le-nostre-offerte\/il-calcolatore-darea\/#primaryimage"},"thumbnailUrl":"https:\/\/www.2000m2.eu\/wp-content\/uploads\/Featured_Images_Flachenrechner.jpg","datePublished":"2024-09-17T11:51:01+00:00","dateModified":"2025-08-04T14:38:09+00:00","breadcrumb":{"@id":"https:\/\/www.2000m2.eu\/it\/le-nostre-offerte\/il-calcolatore-darea\/#breadcrumb"},"inLanguage":"it-IT","potentialAction":[{"@type":"ReadAction","target":["https:\/\/www.2000m2.eu\/it\/le-nostre-offerte\/il-calcolatore-darea\/"]}]},{"@type":"ImageObject","inLanguage":"it-IT","@id":"https:\/\/www.2000m2.eu\/it\/le-nostre-offerte\/il-calcolatore-darea\/#primaryimage","url":"https:\/\/www.2000m2.eu\/wp-content\/uploads\/Featured_Images_Flachenrechner.jpg","contentUrl":"https:\/\/www.2000m2.eu\/wp-content\/uploads\/Featured_Images_Flachenrechner.jpg","width":1800,"height":180},{"@type":"BreadcrumbList","@id":"https:\/\/www.2000m2.eu\/it\/le-nostre-offerte\/il-calcolatore-darea\/#breadcrumb","itemListElement":[{"@type":"ListItem","position":1,"name":"Home","item":"https:\/\/www.2000m2.eu\/it\/"},{"@type":"ListItem","position":2,"name":"Le nostre offerte","item":"https:\/\/www.2000m2.eu\/it\/le-nostre-offerte\/"},{"@type":"ListItem","position":3,"name":"Il calcolatore d&#8217;area"}]},{"@type":"WebSite","@id":"https:\/\/www.2000m2.eu\/it\/#website","url":"https:\/\/www.2000m2.eu\/it\/","name":"2000m2","description":"","publisher":{"@id":"https:\/\/www.2000m2.eu\/it\/#organization"},"potentialAction":[{"@type":"SearchAction","target":{"@type":"EntryPoint","urlTemplate":"https:\/\/www.2000m2.eu\/it\/?s={search_term_string}"},"query-input":{"@type":"PropertyValueSpecification","valueRequired":true,"valueName":"search_term_string"}}],"inLanguage":"it-IT"},{"@type":"Organization","@id":"https:\/\/www.2000m2.eu\/it\/#organization","name":"2000m2","url":"https:\/\/www.2000m2.eu\/it\/","logo":{"@type":"ImageObject","inLanguage":"it-IT","@id":"https:\/\/www.2000m2.eu\/it\/#\/schema\/logo\/image\/","url":"https:\/\/www.2000m2.eu\/wp-content\/uploads\/logo.png","contentUrl":"https:\/\/www.2000m2.eu\/wp-content\/uploads\/logo.png","width":445,"height":140,"caption":"2000m2"},"image":{"@id":"https:\/\/www.2000m2.eu\/it\/#\/schema\/logo\/image\/"}}]}},"_links":{"self":[{"href":"https:\/\/www.2000m2.eu\/it\/wp-json\/wp\/v2\/pages\/12695","targetHints":{"allow":["GET"]}}],"collection":[{"href":"https:\/\/www.2000m2.eu\/it\/wp-json\/wp\/v2\/pages"}],"about":[{"href":"https:\/\/www.2000m2.eu\/it\/wp-json\/wp\/v2\/types\/page"}],"author":[{"embeddable":true,"href":"https:\/\/www.2000m2.eu\/it\/wp-json\/wp\/v2\/users\/1"}],"replies":[{"embeddable":true,"href":"https:\/\/www.2000m2.eu\/it\/wp-json\/wp\/v2\/comments?post=12695"}],"version-history":[{"count":3,"href":"https:\/\/www.2000m2.eu\/it\/wp-json\/wp\/v2\/pages\/12695\/revisions"}],"predecessor-version":[{"id":13064,"href":"https:\/\/www.2000m2.eu\/it\/wp-json\/wp\/v2\/pages\/12695\/revisions\/13064"}],"up":[{"embeddable":true,"href":"https:\/\/www.2000m2.eu\/it\/wp-json\/wp\/v2\/pages\/11215"}],"wp:featuredmedia":[{"embeddable":true,"href":"https:\/\/www.2000m2.eu\/it\/wp-json\/wp\/v2\/media\/12696"}],"wp:attachment":[{"href":"https:\/\/www.2000m2.eu\/it\/wp-json\/wp\/v2\/media?parent=12695"}],"curies":[{"name":"wp","href":"https:\/\/api.w.org\/{rel}","templated":true}]}}