{"id":12787,"date":"2024-07-24T11:13:42","date_gmt":"2024-07-24T11:13:42","guid":{"rendered":"https:\/\/www.2000m2.eu\/protezione-dei-dati\/"},"modified":"2025-07-30T15:13:24","modified_gmt":"2025-07-30T15:13:24","slug":"protezione-dei-dati","status":"publish","type":"page","link":"https:\/\/www.2000m2.eu\/it\/protezione-dei-dati\/","title":{"rendered":"Protezione dei dati"},"content":{"rendered":"\n<h1 class=\"wp-block-heading\">Informativa sulla privacy<\/h1>\n\n<p>La presente informativa sulla privacy chiarisce la natura, l&#8217;ambito e le finalit\u00e0 del trattamento dei dati personali (di seguito &#8220;dati&#8221;) nell&#8217;ambito della nostra offerta online e dei siti web, delle funzioni e dei contenuti ad essa associati, nonch\u00e9 delle presenze online esterne, come il nostro profilo sui social media (di seguito, collettivamente, &#8220;offerta online&#8221;). Per quanto riguarda i termini utilizzati, come &#8220;trattamento&#8221; o &#8220;responsabile del trattamento&#8221;, facciamo riferimento alle definizioni di cui all&#8217;art. 4 del Regolamento generale sulla protezione dei dati (GDPR). <\/p>\n\n<p><strong>Persona responsabile<\/strong><\/p>\n\n<p>Zukunftsstiftung Landwirtschaft<br\/>Ufficio di Berlino<br\/>Benedikt Haerlin<br\/>Telefono: 030 \/ 24047146<br\/>Fax: 030 \/ 27590312<br\/><a href=\"mailto:berlin@zs-l.de\">berlin@zs-l.de<\/a><\/p>\n\n<p>Il nostro responsabile esterno della protezione dei dati \u00e8:<br\/>Stefan Str\u00fcwe<br\/>Avvocato (avvocato interno)<br\/>CURACON GmbH<br\/>Am Mittelhafen 14<br\/>48155 M\u00fcnster<br\/>Tel.: 0251 \/ 92208 &#8211; 209<br\/>Email: <a href=\"mailto:stefan.struewe@curacon.de\">stefan.struewe@curacon.de<\/a><\/p>\n\n<p><strong>Dati di accesso\/file di registro del server<\/strong><\/p>\n\n<p>Noi, o il nostro provider di hosting, raccogliamo i dati sulla base dei nostri legittimi interessi ai sensi dell&#8217;art. 6 par. 1 lit. f. GDPR. GDPR, raccogliamo dati su ogni accesso al server su cui si trova questo servizio (i cosiddetti file di registro del server). I dati di accesso includono il nome del sito web a cui si accede, il file, la data e l&#8217;ora di accesso, la quantit\u00e0 di dati trasferiti, la notifica di accesso riuscito, il tipo e la versione del browser, il sistema operativo dell&#8217;utente, l&#8217;URL di riferimento (la pagina precedentemente visitata), l&#8217;indirizzo IP e il provider richiedente.   <\/p>\n\n<p>Le informazioni delle file di registro vengono conservate per motivi di sicurezza (ad esempio per indagare su abusi o frodi) per un massimo di 7 giorni e poi vengono cancellate. I dati la cui ulteriore conservazione \u00e8 necessaria a fini probatori sono esclusi dalla cancellazione fino a quando il rispettivo incidente non sar\u00e0 stato definitivamente chiarito. <\/p>\n\n<p><strong>Contattaci<\/strong><\/p>\n\n<p>Quando ci contatta (ad esempio tramite modulo di contatto, e-mail, telefono o social media), i dati dell&#8217;utente vengono elaborati per elaborare la richiesta di contatto e la sua gestione in conformit\u00e0 con l&#8217;art. 6, par. 1, lett. b) del GDPR. I dati dell&#8217;utente possono essere archiviati in un sistema di gestione delle relazioni con i clienti (&#8220;sistema CRM&#8221;) o in un&#8217;organizzazione analoga per le richieste di informazioni.    <\/p>\n\n<p>Cancelliamo le richieste di informazioni se non sono pi\u00f9 necessarie. Verifichiamo la necessit\u00e0 ogni due anni; inoltre, si applicano gli obblighi di archiviazione previsti dalla legge. <\/p>\n\n<p><strong>Cookie<\/strong><\/p>\n\n<p>Sul nostro sito web utilizziamo i cookie. Si tratta di piccole file che il tuo browser crea automaticamente e che vengono memorizzate sul tuo dispositivo finale (laptop, tablet, smartphone, ecc.) quando visiti il nostro sito web. I cookie non causano alcun danno al tuo dispositivo finale e non contengono virus, trojani o malware.  <\/p>\n\n<p>Le informazioni vengono memorizzate nel cookie che risulta in ogni caso in relazione allo specifico dispositivo finale utilizzato. Tuttavia, ci\u00f2 non significa che siamo direttamente a conoscenza della tua identit\u00e0. <\/p>\n\n<p>Da un lato, l&#8217;uso dei cookie serve a rendere pi\u00f9 piacevole l&#8217;utilizzo del nostro sito web. Ad esempio, utilizziamo i cosiddetti cookie di sessione per riconoscere che hai gi\u00e0 visitato singole pagine del nostro sito web. Questi vengono automaticamente cancellati dopo che hai lasciato il nostro sito. Quando accedi al tuo acconto utente, viene impostato anche un cookie che consente di accedere ai dati del tuo acconto utente e ai tuoi diritti di utente. Non \u00e8 possibile effettuare il login senza questo cookie.    <\/p>\n\n<p>I dati trattati dai cookie sono necessari per le finalit\u00e0 citate per proteggere i nostri legittimi interessi e quelli di terzi in conformit\u00e0 all&#8217;art. 6 par. 1 frase 1 lit. f GDPR.  <\/p>\n\n<p>La maggior parte dei browser accetta automaticamente i cookie. Tuttavia, puoi configurare il tuo browser in modo che non vengano memorizzati cookie sul tuo computer o che venga sempre visualizzato un messaggio prima della creazione di un nuovo cookie. Tuttavia, la disattivazione completa dei cookie pu\u00f2 comportare l&#8217;impossibilit\u00e0 di utilizzare tutte le funzioni del nostro sito web.  <\/p>\n\n<p><strong>Strumento di analisi Matomo<\/strong><\/p>\n\n<p>Questo sito web utilizza <a href=\"https:\/\/matomo.org\/\" target=\"_blank\" rel=\"noreferrer noopener\">Matomo<\/a>, un software open source per l&#8217;analisi statistica degli accessi degli utenti. A tal fine vengono utilizzati dei cookie. Le informazioni generate dal cookie sull&#8217;utilizzo del sito web vengono trasmesse al nostro server web e riassunte in profili utente pseudonimi. Le informazioni vengono utilizzate per analizzare l&#8217;utilizzo del sito web e per consentire una progettazione del nostro sito web basata sulle esigenze. Le informazioni non vengono trasmesse a terzi.    <\/p>\n\n<p>In nessun caso l&#8217;indirizzo IP viene associato ad altri dati relativi all&#8217;utente. Gli indirizzi IP vengono anonimizzati in modo da non poter essere assegnati (mascheramento IP). L&#8217;archiviazione dei dati di utilizzo anonimizzati avviene in base all&#8217;art. 6 comma 1 lett. f GDPR.    <\/p>\n\n<p>In questo caso, si ritiene che l&#8217;operatore del sito web abbia un interesse legittimo nell&#8217;analisi anonima del comportamento degli utenti al fine di ottimizzare il proprio sito web.<\/p>\n\n<p>Se non sei d&#8217;accordo con la memorizzazione e l&#8217;utilizzo dei tuoi dati, puoi disattivarne la memorizzazione e l&#8217;utilizzo qui. In questo caso, nel tuo browser verr\u00e0 memorizzato un cookie di opt-out che impedir\u00e0 il tracciamento e la memorizzazione dei tuoi dati di utilizzo. Se cancelli i tuoi cookie, anche questo cookie di opt-out verr\u00e0 cancellato. L&#8217;opt-out deve essere riattivato quando visiti nuovamente il nostro sito.   <\/p>\n\n<span data-href=\"#moove_gdpr_cookie_modal\" class=\"change-settings-button\">Impostazioni dei cookie<\/span>\n\n<p><strong>Integrazione di servizi e contenuti di terze parti<\/strong><\/p>\n\n<p>Sulla base dei nostri legittimi interessi (ossia l&#8217;interesse all&#8217;analisi, all&#8217;ottimizzazione e al funzionamento economico della nostra offerta online ai sensi dell&#8217;art. 6 par. 1 lett. f. GDPR), utilizziamo contenuti o offerte di servizi di fornitori terzi all&#8217;interno della nostra offerta online. GDPR), utilizziamo contenuti o offerte di servizi di fornitori terzi per integrare i loro contenuti e servizi, come ad esempio video o font (di seguito denominati uniformemente &#8220;contenuti&#8221;).<\/p>\n\n<p>Ci\u00f2 presuppone sempre che i fornitori terzi di questi contenuti riconoscano l&#8217;indirizzo IP dell&#8217;utente, poich\u00e9 senza l&#8217;indirizzo IP non potrebbero inviare i contenuti al browser. L&#8217;indirizzo IP \u00e8 quindi necessario per visualizzare il contenuto. Cerchiamo di utilizzare solo contenuti i cui rispettivi fornitori utilizzano solo l&#8217;indirizzo IP per fornire il contenuto. I fornitori terzi possono anche utilizzare i cosiddetti pixel tag (grafici invisibili, noti anche come &#8220;web beacon&#8221;) per scopi statistici o di marketing. I pixel tag possono essere utilizzati per analizzare informazioni quali il traffico di visitatori sulle pagine di questo sito web. Le informazioni pseudonimizzate possono anche essere memorizzate nei cookie sul dispositivo dell&#8217;utente e possono contenere informazioni tecniche sul browser e sul sistema operativo, sui siti web di riferimento, sull&#8217;ora della visita e altre informazioni sull&#8217;utilizzo della nostra offerta online, oltre a essere collegate a tali informazioni provenienti da altre fonti.     <\/p>\n\n<p><strong>Youtube<\/strong><\/p>\n\n<p>Integriamo i video della piattaforma &#8220;YouTube&#8221; del provider Google LLC, 1600 Amphitheatre Parkway, Mountain View, CA 94043, USA. Informativa sulla privacy: <a href=\"https:\/\/www.google.com\/policies\/privacy\/\" target=\"_blank\" rel=\"noreferrer noopener\">https:\/\/www.google.com\/policies\/privacy\/,<\/a> Opt-Out: <a href=\"https:\/\/adssettings.google.com\/authenticated\" target=\"_blank\" rel=\"noreferrer noopener\">https:\/\/adssettings.google.com\/authenticated.<\/a> <\/p>\n\n<p><strong>Vimeo<\/strong><\/p>\n\n<p>I video della piattaforma Vimeo sono integrati in alcune sottopagine del nostro sito web. Il provider \u00e8 Vimeo.com, Inc, 555 West 18th Street, New York, New York 10011, USA. Quando accedi a queste pagine, Vimeo pu\u00f2 raccogliere dati personali (ad esempio il tuo indirizzo IP) e impostare dei cookie. Ulteriori informazioni sono disponibili nell&#8217;informativa sulla privacy di Vimeo all&#8217;indirizzo <a>https:\/\/vimeo.com\/privacy.<\/a><\/p>\n\n<p><strong>Diritti degli interessati<\/strong><\/p>\n\n<p>In qualit\u00e0 di visitatore del sito web, hai i seguenti diritti ai sensi del GDPR:<\/p>\n\n<ul class=\"wp-block-list\">\n<li>richiedere informazioni sui tuoi dati personali da noi trattati ai sensi dell&#8217;art. 15 GDPR. In particolare, puoi richiedere informazioni sulle finalit\u00e0 del trattamento, sulla categoria di dati personali, sulle categorie di destinatari a cui i tuoi dati sono stati o saranno comunicati, sul periodo di conservazione previsto, sull&#8217;esistenza di un diritto di rettifica, di cancellazione, di limitazione del trattamento o di opposizione, sull&#8217;esistenza di un diritto di ricorso, sull&#8217;origine dei tuoi dati se non sono stati raccolti da noi, nonch\u00e9 sull&#8217;esistenza di un processo decisionale automatizzato, compresa la profilazione e, se applicabile, informazioni significative sui relativi dettagli; <\/li>\n\n\n\n<li>ai sensi dell&#8217;art. 16 GDPR, di richiedere immediatamente la correzione di dati personali errati o incompleti da noi memorizzati;<\/li>\n\n\n\n<li>richiedere la cancellazione dei tuoi dati personali da noi memorizzati ai sensi dell&#8217;art. 17 GDPR, a meno che il trattamento non sia necessario per l&#8217;esercizio del diritto alla libert\u00e0 di espressione e di informazione, per l&#8217;adempimento di un obbligo legale, per motivi di interesse pubblico o per l&#8217;accertamento, l&#8217;esercizio o la difesa di diritti legali;<\/li>\n\n\n\n<li>ai sensi dell&#8217;art. 18 GDPR, per richiedere la limitazione del trattamento dei tuoi dati personali se l&#8217;esattezza dei dati \u00e8 contestata da te, il trattamento \u00e8 illegittimo ma tu rifiuti di cancellarlo e noi non abbiamo pi\u00f9 bisogno dei dati, ma tu ne hai bisogno per l&#8217;affermazione, l&#8217;esercizio o la difesa di rivendicazioni legali o hai presentato un&#8217;obiezione al trattamento ai sensi dell&#8217;art. 21 GDPR;<\/li>\n\n\n\n<li>ai sensi dell&#8217;art. 20 GDPR, di ricevere i tuoi dati personali che ci hai fornito in un formato strutturato, di uso comune e leggibile da dispositivo automatico o di richiederne la trasmissione a un altro titolare del trattamento;<\/li>\n\n\n\n<li>ai sensi dell&#8217;art. 7 par. 3 GDPR, di revocare in qualsiasi momento il consenso che ci hai fornito. La conseguenza di ci\u00f2 \u00e8 che non potremo pi\u00f9 continuare il trattamento dei dati basato su tale consenso in futuro.  <\/li>\n\n\n\n<li>proporre un reclamo a un&#8217;autorit\u00e0 di controllo ai sensi dell&#8217;art. 77 GDPR. Di norma, puoi contattare l&#8217;autorit\u00e0 di controllo del tuo luogo di residenza abituale o del tuo posto di lavoro. <\/li>\n<\/ul>\n\n<p><strong>Diritto di obiezione<\/strong><\/p>\n\n<p>Se i tuoi dati personali sono trattati sulla base di interessi legittimi ai sensi dell&#8217;art. 6 comma 1 frase 1 lit. f GDPR, hai il diritto di opporti al trattamento dei tuoi dati personali ai sensi dell&#8217;art. 21 GDPR, a condizione che vi siano motivi derivanti dalla tua situazione particolare o che l&#8217;obiezione sia diretta contro la pubblicit\u00e0 diretta. In quest&#8217;ultimo caso, hai un diritto generale di opposizione, che sar\u00e0 attuato da noi senza specificare una situazione particolare.   <\/p>\n\n<p>Se desideri esercitare il tuo diritto di cancellazione o di opposizione, invia un&#8217;e-mail a <a href=\"mailto:berlin@zs-l.de\">berlin@zs-l.de. <\/a> <\/p>\n\n<p><strong>Sicurezza dei dati<\/strong><\/p>\n\n<p>Il provider utilizza il diffuso metodo SSL (Secure Socket Layer) insieme al pi\u00f9 alto livello di crittografia supportato dal tuo browser. Di norma, si tratta di una crittografia a 256 bit. Se il tuo browser non supporta la crittografia a 256 bit, utilizziamo invece la tecnologia a 128 bit v3. Puoi riconoscere se una singola pagina del nostro sito web \u00e8 trasmessa in forma criptata dal simbolo del lucchetto nella barra degli indirizzi del tuo browser.   <\/p>\n","protected":false},"excerpt":{"rendered":"<p>Informativa sulla privacy La presente informativa sulla privacy chiarisce la natura, l&#8217;ambito e le finalit\u00e0 del trattamento dei dati personali (di seguito &#8220;dati&#8221;) nell&#8217;ambito della nostra offerta online e dei siti web, delle funzioni e dei contenuti ad essa associati, nonch\u00e9 delle presenze online esterne, come il nostro profilo sui social media (di seguito, collettivamente,&#8230;<\/p>\n","protected":false},"author":1,"featured_media":0,"parent":0,"menu_order":46,"comment_status":"closed","ping_status":"closed","template":"","meta":{"footnotes":""},"class_list":["post-12787","page","type-page","status-publish"],"yoast_head":"<!-- This site is optimized with the Yoast SEO plugin v27.3 - https:\/\/yoast.com\/product\/yoast-seo-wordpress\/ -->\n<title>Protezione dei dati - 2000m2<\/title>\n<meta name=\"robots\" content=\"index, follow, max-snippet:-1, max-image-preview:large, max-video-preview:-1\" \/>\n<link rel=\"canonical\" href=\"https:\/\/www.2000m2.eu\/it\/protezione-dei-dati\/\" \/>\n<meta property=\"og:locale\" content=\"it_IT\" \/>\n<meta property=\"og:type\" content=\"article\" \/>\n<meta property=\"og:title\" content=\"Protezione dei dati - 2000m2\" \/>\n<meta property=\"og:description\" content=\"Informativa sulla privacy La presente informativa sulla privacy chiarisce la natura, l&#8217;ambito e le finalit\u00e0 del trattamento dei dati personali (di seguito &#8220;dati&#8221;) nell&#8217;ambito della nostra offerta online e dei siti web, delle funzioni e dei contenuti ad essa associati, nonch\u00e9 delle presenze online esterne, come il nostro profilo sui social media (di seguito, collettivamente,...\" \/>\n<meta property=\"og:url\" content=\"https:\/\/www.2000m2.eu\/it\/protezione-dei-dati\/\" \/>\n<meta property=\"og:site_name\" content=\"2000m2\" \/>\n<meta property=\"article:modified_time\" content=\"2025-07-30T15:13:24+00:00\" \/>\n<meta name=\"twitter:card\" content=\"summary_large_image\" \/>\n<meta name=\"twitter:label1\" content=\"Tempo di lettura stimato\" \/>\n\t<meta name=\"twitter:data1\" content=\"8 minuti\" \/>\n<script type=\"application\/ld+json\" class=\"yoast-schema-graph\">{\"@context\":\"https:\\\/\\\/schema.org\",\"@graph\":[{\"@type\":\"WebPage\",\"@id\":\"https:\\\/\\\/www.2000m2.eu\\\/it\\\/protezione-dei-dati\\\/\",\"url\":\"https:\\\/\\\/www.2000m2.eu\\\/it\\\/protezione-dei-dati\\\/\",\"name\":\"Protezione dei dati - 2000m2\",\"isPartOf\":{\"@id\":\"https:\\\/\\\/www.2000m2.eu\\\/it\\\/#website\"},\"datePublished\":\"2024-07-24T11:13:42+00:00\",\"dateModified\":\"2025-07-30T15:13:24+00:00\",\"breadcrumb\":{\"@id\":\"https:\\\/\\\/www.2000m2.eu\\\/it\\\/protezione-dei-dati\\\/#breadcrumb\"},\"inLanguage\":\"it-IT\",\"potentialAction\":[{\"@type\":\"ReadAction\",\"target\":[\"https:\\\/\\\/www.2000m2.eu\\\/it\\\/protezione-dei-dati\\\/\"]}]},{\"@type\":\"BreadcrumbList\",\"@id\":\"https:\\\/\\\/www.2000m2.eu\\\/it\\\/protezione-dei-dati\\\/#breadcrumb\",\"itemListElement\":[{\"@type\":\"ListItem\",\"position\":1,\"name\":\"Home\",\"item\":\"https:\\\/\\\/www.2000m2.eu\\\/it\\\/\"},{\"@type\":\"ListItem\",\"position\":2,\"name\":\"Protezione dei dati\"}]},{\"@type\":\"WebSite\",\"@id\":\"https:\\\/\\\/www.2000m2.eu\\\/it\\\/#website\",\"url\":\"https:\\\/\\\/www.2000m2.eu\\\/it\\\/\",\"name\":\"2000m2\",\"description\":\"\",\"publisher\":{\"@id\":\"https:\\\/\\\/www.2000m2.eu\\\/it\\\/#organization\"},\"potentialAction\":[{\"@type\":\"SearchAction\",\"target\":{\"@type\":\"EntryPoint\",\"urlTemplate\":\"https:\\\/\\\/www.2000m2.eu\\\/it\\\/?s={search_term_string}\"},\"query-input\":{\"@type\":\"PropertyValueSpecification\",\"valueRequired\":true,\"valueName\":\"search_term_string\"}}],\"inLanguage\":\"it-IT\"},{\"@type\":\"Organization\",\"@id\":\"https:\\\/\\\/www.2000m2.eu\\\/it\\\/#organization\",\"name\":\"2000m2\",\"url\":\"https:\\\/\\\/www.2000m2.eu\\\/it\\\/\",\"logo\":{\"@type\":\"ImageObject\",\"inLanguage\":\"it-IT\",\"@id\":\"https:\\\/\\\/www.2000m2.eu\\\/it\\\/#\\\/schema\\\/logo\\\/image\\\/\",\"url\":\"https:\\\/\\\/www.2000m2.eu\\\/wp-content\\\/uploads\\\/logo.png\",\"contentUrl\":\"https:\\\/\\\/www.2000m2.eu\\\/wp-content\\\/uploads\\\/logo.png\",\"width\":445,\"height\":140,\"caption\":\"2000m2\"},\"image\":{\"@id\":\"https:\\\/\\\/www.2000m2.eu\\\/it\\\/#\\\/schema\\\/logo\\\/image\\\/\"}}]}<\/script>\n<!-- \/ Yoast SEO plugin. -->","yoast_head_json":{"title":"Protezione dei dati - 2000m2","robots":{"index":"index","follow":"follow","max-snippet":"max-snippet:-1","max-image-preview":"max-image-preview:large","max-video-preview":"max-video-preview:-1"},"canonical":"https:\/\/www.2000m2.eu\/it\/protezione-dei-dati\/","og_locale":"it_IT","og_type":"article","og_title":"Protezione dei dati - 2000m2","og_description":"Informativa sulla privacy La presente informativa sulla privacy chiarisce la natura, l&#8217;ambito e le finalit\u00e0 del trattamento dei dati personali (di seguito &#8220;dati&#8221;) nell&#8217;ambito della nostra offerta online e dei siti web, delle funzioni e dei contenuti ad essa associati, nonch\u00e9 delle presenze online esterne, come il nostro profilo sui social media (di seguito, collettivamente,...","og_url":"https:\/\/www.2000m2.eu\/it\/protezione-dei-dati\/","og_site_name":"2000m2","article_modified_time":"2025-07-30T15:13:24+00:00","twitter_card":"summary_large_image","twitter_misc":{"Tempo di lettura stimato":"8 minuti"},"schema":{"@context":"https:\/\/schema.org","@graph":[{"@type":"WebPage","@id":"https:\/\/www.2000m2.eu\/it\/protezione-dei-dati\/","url":"https:\/\/www.2000m2.eu\/it\/protezione-dei-dati\/","name":"Protezione dei dati - 2000m2","isPartOf":{"@id":"https:\/\/www.2000m2.eu\/it\/#website"},"datePublished":"2024-07-24T11:13:42+00:00","dateModified":"2025-07-30T15:13:24+00:00","breadcrumb":{"@id":"https:\/\/www.2000m2.eu\/it\/protezione-dei-dati\/#breadcrumb"},"inLanguage":"it-IT","potentialAction":[{"@type":"ReadAction","target":["https:\/\/www.2000m2.eu\/it\/protezione-dei-dati\/"]}]},{"@type":"BreadcrumbList","@id":"https:\/\/www.2000m2.eu\/it\/protezione-dei-dati\/#breadcrumb","itemListElement":[{"@type":"ListItem","position":1,"name":"Home","item":"https:\/\/www.2000m2.eu\/it\/"},{"@type":"ListItem","position":2,"name":"Protezione dei dati"}]},{"@type":"WebSite","@id":"https:\/\/www.2000m2.eu\/it\/#website","url":"https:\/\/www.2000m2.eu\/it\/","name":"2000m2","description":"","publisher":{"@id":"https:\/\/www.2000m2.eu\/it\/#organization"},"potentialAction":[{"@type":"SearchAction","target":{"@type":"EntryPoint","urlTemplate":"https:\/\/www.2000m2.eu\/it\/?s={search_term_string}"},"query-input":{"@type":"PropertyValueSpecification","valueRequired":true,"valueName":"search_term_string"}}],"inLanguage":"it-IT"},{"@type":"Organization","@id":"https:\/\/www.2000m2.eu\/it\/#organization","name":"2000m2","url":"https:\/\/www.2000m2.eu\/it\/","logo":{"@type":"ImageObject","inLanguage":"it-IT","@id":"https:\/\/www.2000m2.eu\/it\/#\/schema\/logo\/image\/","url":"https:\/\/www.2000m2.eu\/wp-content\/uploads\/logo.png","contentUrl":"https:\/\/www.2000m2.eu\/wp-content\/uploads\/logo.png","width":445,"height":140,"caption":"2000m2"},"image":{"@id":"https:\/\/www.2000m2.eu\/it\/#\/schema\/logo\/image\/"}}]}},"_links":{"self":[{"href":"https:\/\/www.2000m2.eu\/it\/wp-json\/wp\/v2\/pages\/12787","targetHints":{"allow":["GET"]}}],"collection":[{"href":"https:\/\/www.2000m2.eu\/it\/wp-json\/wp\/v2\/pages"}],"about":[{"href":"https:\/\/www.2000m2.eu\/it\/wp-json\/wp\/v2\/types\/page"}],"author":[{"embeddable":true,"href":"https:\/\/www.2000m2.eu\/it\/wp-json\/wp\/v2\/users\/1"}],"replies":[{"embeddable":true,"href":"https:\/\/www.2000m2.eu\/it\/wp-json\/wp\/v2\/comments?post=12787"}],"version-history":[{"count":1,"href":"https:\/\/www.2000m2.eu\/it\/wp-json\/wp\/v2\/pages\/12787\/revisions"}],"predecessor-version":[{"id":12788,"href":"https:\/\/www.2000m2.eu\/it\/wp-json\/wp\/v2\/pages\/12787\/revisions\/12788"}],"wp:attachment":[{"href":"https:\/\/www.2000m2.eu\/it\/wp-json\/wp\/v2\/media?parent=12787"}],"curies":[{"name":"wp","href":"https:\/\/api.w.org\/{rel}","templated":true}]}}