{"id":25439,"date":"2025-12-01T09:05:39","date_gmt":"2025-12-01T09:05:39","guid":{"rendered":"https:\/\/www.2000m2.eu\/accessibilita\/"},"modified":"2025-12-01T09:09:37","modified_gmt":"2025-12-01T09:09:37","slug":"accessibilita","status":"publish","type":"page","link":"https:\/\/www.2000m2.eu\/it\/accessibilita\/","title":{"rendered":"Accessibilit\u00e0"},"content":{"rendered":"\n<h1 class=\"wp-block-heading\">Dichiarazione sull&#8217;accessibilit\u00e0<\/h1>\n\n<p>La presente dichiarazione di accessibilit\u00e0 si applica a tutte le versioni linguistiche del sito web <a href=\"http:\/\/www.2000m2.eu\/de\" target=\"_blank\" rel=\"noreferrer noopener\">www.2000m2.eu.<\/a><br\/>Zukunftsstiftung Landwirtschaft (all&#8217;interno di GLS Treuhand e.V.) si impegna a rendere i propri servizi digitali accessibili al maggior numero di persone possibile.<\/p>\n\n<h2 class=\"wp-block-heading\">Descrizione del servizio<\/h2>\n\n<p>Puoi fare donazioni sul nostro sito web, contattarci e registrarti (gratuitamente) agli eventi.<\/p>\n\n<h2 class=\"wp-block-heading\">Stato di compatibilit\u00e0 con i requisiti<\/h2>\n\n<p>L&#8217;accessibilit\u00e0 del sito web si basa sui requisiti delle Linee guida per l&#8217;accessibilit\u00e0 dei contenuti web (WCAG) 2.1 al livello di conformit\u00e0 AA, nonch\u00e9 sui requisiti per l&#8217;accessibilit\u00e0 digitale applicabili nell&#8217;Unione Europea e in Germania, in particolare la Direttiva (UE) 2016\/2102, la Barrierefreie-Informationstechnik-Verordnung (BITV 2.0), la Barrierefreiheitsst\u00e4rkungsgesetz (BFSG) e la Barrierefreiheitsst\u00e4rkungsverordnung (BFSGV), ove applicabili.<\/p>\n\n<p>Il test di accessibilit\u00e0 \u00e8 stato effettuato utilizzando il software di test Eye-Able, che analizza i siti web in base agli standard secondo i criteri WCAG.<\/p>\n\n<h2 class=\"wp-block-heading\">Restrizioni note  <\/h2>\n\n<p>Nonostante i nostri sforzi, potrebbero essere applicate le seguenti restrizioni:<\/p>\n\n<ul class=\"wp-block-list\">\n<li>Alcuni contenuti, soprattutto i documenti e i media PDF pi\u00f9 vecchi, potrebbero non essere ancora completamente accessibili.<\/li>\n\n\n\n<li>In alcuni punti le dimensioni dei caratteri possono essere ridotte e i testi alternativi alle immagini e ai link possono essere pi\u00f9 corti o pi\u00f9 lunghi di quelli consigliati.  <\/li>\n<\/ul>\n\n<p>Stiamo lavorando costantemente per eliminare queste restrizioni e implementare ulteriori miglioramenti.<\/p>\n\n<p>Questa dichiarazione \u00e8 stata creata il <strong>01.12.2025<\/strong>. Il sito web \u00e8 stato revisionato con l&#8217;ausilio di un controllo WCAG automatizzato da parte di Eye-Able e le successive correzioni tecniche basate sui risultati ottenuti. <\/p>\n\n<h2 class=\"wp-block-heading\">Feedback e contatti<\/h2>\n\n<p>Hai un commento o un&#8217;osservazione sulle barriere presenti in questo sito? Contattaci. Ti spiegheremo quali barriere esistono. Potrai scoprire quali eccezioni abbiamo fatto. Risponderemo alle tue domande nel pi\u00f9 breve tempo possibile, ma al massimo entro il termine di legge di un mese. Grazie per il tuo feedback. Puoi contattarci al seguente indirizzo:      <\/p>\n\n<p>Responsabile dei contenuti e della manutenzione del sito web:<br\/>Zukunftsstiftung Landwirtschaft<br\/>Marienstra\u00dfe 19-20<br\/>10117 Berlino<\/p>\n\n<p>info@2000m2.eu <\/p>\n\n<p>Hai incontrato un ostacolo? Contattaci e fornisci una descrizione il pi\u00f9 possibile precisa del problema e l&#8217;URL della pagina interessata. Ci impegneremo a elaborare la tua richiesta nel pi\u00f9 breve tempo possibile e a porre rimedio alla situazione.  <\/p>\n\n<p><\/p>\n","protected":false},"excerpt":{"rendered":"<p>Dichiarazione sull&#8217;accessibilit\u00e0 La presente dichiarazione di accessibilit\u00e0 si applica a tutte le versioni linguistiche del sito web www.2000m2.eu.Zukunftsstiftung Landwirtschaft (all&#8217;interno di GLS Treuhand e.V.) si impegna a rendere i propri servizi digitali accessibili al maggior numero di persone possibile. Descrizione del servizio Puoi fare donazioni sul nostro sito web, contattarci e registrarti (gratuitamente) agli eventi&#8230;.<\/p>\n","protected":false},"author":1,"featured_media":0,"parent":0,"menu_order":0,"comment_status":"closed","ping_status":"closed","template":"","meta":{"footnotes":""},"class_list":["post-25439","page","type-page","status-publish"],"yoast_head":"<!-- This site is optimized with the Yoast SEO plugin v27.3 - https:\/\/yoast.com\/product\/yoast-seo-wordpress\/ -->\n<title>Accessibilit\u00e0 - 2000m2<\/title>\n<meta name=\"robots\" content=\"index, follow, max-snippet:-1, max-image-preview:large, max-video-preview:-1\" \/>\n<link rel=\"canonical\" href=\"https:\/\/www.2000m2.eu\/it\/accessibilita\/\" \/>\n<meta property=\"og:locale\" content=\"it_IT\" \/>\n<meta property=\"og:type\" content=\"article\" \/>\n<meta property=\"og:title\" content=\"Accessibilit\u00e0 - 2000m2\" \/>\n<meta property=\"og:description\" content=\"Dichiarazione sull&#8217;accessibilit\u00e0 La presente dichiarazione di accessibilit\u00e0 si applica a tutte le versioni linguistiche del sito web www.2000m2.eu.Zukunftsstiftung Landwirtschaft (all&#8217;interno di GLS Treuhand e.V.) si impegna a rendere i propri servizi digitali accessibili al maggior numero di persone possibile. Descrizione del servizio Puoi fare donazioni sul nostro sito web, contattarci e registrarti (gratuitamente) agli eventi....\" \/>\n<meta property=\"og:url\" content=\"https:\/\/www.2000m2.eu\/it\/accessibilita\/\" \/>\n<meta property=\"og:site_name\" content=\"2000m2\" \/>\n<meta property=\"article:modified_time\" content=\"2025-12-01T09:09:37+00:00\" \/>\n<meta name=\"twitter:card\" content=\"summary_large_image\" \/>\n<meta name=\"twitter:label1\" content=\"Tempo di lettura stimato\" \/>\n\t<meta name=\"twitter:data1\" content=\"2 minuti\" \/>\n<script type=\"application\/ld+json\" class=\"yoast-schema-graph\">{\"@context\":\"https:\\\/\\\/schema.org\",\"@graph\":[{\"@type\":\"WebPage\",\"@id\":\"https:\\\/\\\/www.2000m2.eu\\\/it\\\/accessibilita\\\/\",\"url\":\"https:\\\/\\\/www.2000m2.eu\\\/it\\\/accessibilita\\\/\",\"name\":\"Accessibilit\u00e0 - 2000m2\",\"isPartOf\":{\"@id\":\"https:\\\/\\\/www.2000m2.eu\\\/it\\\/#website\"},\"datePublished\":\"2025-12-01T09:05:39+00:00\",\"dateModified\":\"2025-12-01T09:09:37+00:00\",\"breadcrumb\":{\"@id\":\"https:\\\/\\\/www.2000m2.eu\\\/it\\\/accessibilita\\\/#breadcrumb\"},\"inLanguage\":\"it-IT\",\"potentialAction\":[{\"@type\":\"ReadAction\",\"target\":[\"https:\\\/\\\/www.2000m2.eu\\\/it\\\/accessibilita\\\/\"]}]},{\"@type\":\"BreadcrumbList\",\"@id\":\"https:\\\/\\\/www.2000m2.eu\\\/it\\\/accessibilita\\\/#breadcrumb\",\"itemListElement\":[{\"@type\":\"ListItem\",\"position\":1,\"name\":\"Home\",\"item\":\"https:\\\/\\\/www.2000m2.eu\\\/it\\\/\"},{\"@type\":\"ListItem\",\"position\":2,\"name\":\"Accessibilit\u00e0\"}]},{\"@type\":\"WebSite\",\"@id\":\"https:\\\/\\\/www.2000m2.eu\\\/it\\\/#website\",\"url\":\"https:\\\/\\\/www.2000m2.eu\\\/it\\\/\",\"name\":\"2000m2\",\"description\":\"\",\"publisher\":{\"@id\":\"https:\\\/\\\/www.2000m2.eu\\\/it\\\/#organization\"},\"potentialAction\":[{\"@type\":\"SearchAction\",\"target\":{\"@type\":\"EntryPoint\",\"urlTemplate\":\"https:\\\/\\\/www.2000m2.eu\\\/it\\\/?s={search_term_string}\"},\"query-input\":{\"@type\":\"PropertyValueSpecification\",\"valueRequired\":true,\"valueName\":\"search_term_string\"}}],\"inLanguage\":\"it-IT\"},{\"@type\":\"Organization\",\"@id\":\"https:\\\/\\\/www.2000m2.eu\\\/it\\\/#organization\",\"name\":\"2000m2\",\"url\":\"https:\\\/\\\/www.2000m2.eu\\\/it\\\/\",\"logo\":{\"@type\":\"ImageObject\",\"inLanguage\":\"it-IT\",\"@id\":\"https:\\\/\\\/www.2000m2.eu\\\/it\\\/#\\\/schema\\\/logo\\\/image\\\/\",\"url\":\"https:\\\/\\\/www.2000m2.eu\\\/wp-content\\\/uploads\\\/logo.png\",\"contentUrl\":\"https:\\\/\\\/www.2000m2.eu\\\/wp-content\\\/uploads\\\/logo.png\",\"width\":445,\"height\":140,\"caption\":\"2000m2\"},\"image\":{\"@id\":\"https:\\\/\\\/www.2000m2.eu\\\/it\\\/#\\\/schema\\\/logo\\\/image\\\/\"}}]}<\/script>\n<!-- \/ Yoast SEO plugin. -->","yoast_head_json":{"title":"Accessibilit\u00e0 - 2000m2","robots":{"index":"index","follow":"follow","max-snippet":"max-snippet:-1","max-image-preview":"max-image-preview:large","max-video-preview":"max-video-preview:-1"},"canonical":"https:\/\/www.2000m2.eu\/it\/accessibilita\/","og_locale":"it_IT","og_type":"article","og_title":"Accessibilit\u00e0 - 2000m2","og_description":"Dichiarazione sull&#8217;accessibilit\u00e0 La presente dichiarazione di accessibilit\u00e0 si applica a tutte le versioni linguistiche del sito web www.2000m2.eu.Zukunftsstiftung Landwirtschaft (all&#8217;interno di GLS Treuhand e.V.) si impegna a rendere i propri servizi digitali accessibili al maggior numero di persone possibile. Descrizione del servizio Puoi fare donazioni sul nostro sito web, contattarci e registrarti (gratuitamente) agli eventi....","og_url":"https:\/\/www.2000m2.eu\/it\/accessibilita\/","og_site_name":"2000m2","article_modified_time":"2025-12-01T09:09:37+00:00","twitter_card":"summary_large_image","twitter_misc":{"Tempo di lettura stimato":"2 minuti"},"schema":{"@context":"https:\/\/schema.org","@graph":[{"@type":"WebPage","@id":"https:\/\/www.2000m2.eu\/it\/accessibilita\/","url":"https:\/\/www.2000m2.eu\/it\/accessibilita\/","name":"Accessibilit\u00e0 - 2000m2","isPartOf":{"@id":"https:\/\/www.2000m2.eu\/it\/#website"},"datePublished":"2025-12-01T09:05:39+00:00","dateModified":"2025-12-01T09:09:37+00:00","breadcrumb":{"@id":"https:\/\/www.2000m2.eu\/it\/accessibilita\/#breadcrumb"},"inLanguage":"it-IT","potentialAction":[{"@type":"ReadAction","target":["https:\/\/www.2000m2.eu\/it\/accessibilita\/"]}]},{"@type":"BreadcrumbList","@id":"https:\/\/www.2000m2.eu\/it\/accessibilita\/#breadcrumb","itemListElement":[{"@type":"ListItem","position":1,"name":"Home","item":"https:\/\/www.2000m2.eu\/it\/"},{"@type":"ListItem","position":2,"name":"Accessibilit\u00e0"}]},{"@type":"WebSite","@id":"https:\/\/www.2000m2.eu\/it\/#website","url":"https:\/\/www.2000m2.eu\/it\/","name":"2000m2","description":"","publisher":{"@id":"https:\/\/www.2000m2.eu\/it\/#organization"},"potentialAction":[{"@type":"SearchAction","target":{"@type":"EntryPoint","urlTemplate":"https:\/\/www.2000m2.eu\/it\/?s={search_term_string}"},"query-input":{"@type":"PropertyValueSpecification","valueRequired":true,"valueName":"search_term_string"}}],"inLanguage":"it-IT"},{"@type":"Organization","@id":"https:\/\/www.2000m2.eu\/it\/#organization","name":"2000m2","url":"https:\/\/www.2000m2.eu\/it\/","logo":{"@type":"ImageObject","inLanguage":"it-IT","@id":"https:\/\/www.2000m2.eu\/it\/#\/schema\/logo\/image\/","url":"https:\/\/www.2000m2.eu\/wp-content\/uploads\/logo.png","contentUrl":"https:\/\/www.2000m2.eu\/wp-content\/uploads\/logo.png","width":445,"height":140,"caption":"2000m2"},"image":{"@id":"https:\/\/www.2000m2.eu\/it\/#\/schema\/logo\/image\/"}}]}},"_links":{"self":[{"href":"https:\/\/www.2000m2.eu\/it\/wp-json\/wp\/v2\/pages\/25439","targetHints":{"allow":["GET"]}}],"collection":[{"href":"https:\/\/www.2000m2.eu\/it\/wp-json\/wp\/v2\/pages"}],"about":[{"href":"https:\/\/www.2000m2.eu\/it\/wp-json\/wp\/v2\/types\/page"}],"author":[{"embeddable":true,"href":"https:\/\/www.2000m2.eu\/it\/wp-json\/wp\/v2\/users\/1"}],"replies":[{"embeddable":true,"href":"https:\/\/www.2000m2.eu\/it\/wp-json\/wp\/v2\/comments?post=25439"}],"version-history":[{"count":1,"href":"https:\/\/www.2000m2.eu\/it\/wp-json\/wp\/v2\/pages\/25439\/revisions"}],"predecessor-version":[{"id":25440,"href":"https:\/\/www.2000m2.eu\/it\/wp-json\/wp\/v2\/pages\/25439\/revisions\/25440"}],"wp:attachment":[{"href":"https:\/\/www.2000m2.eu\/it\/wp-json\/wp\/v2\/media?parent=25439"}],"curies":[{"name":"wp","href":"https:\/\/api.w.org\/{rel}","templated":true}]}}