{"id":13640,"date":"2024-09-17T11:48:34","date_gmt":"2024-09-17T11:48:34","guid":{"rendered":"https:\/\/www.2000m2.eu\/sobre-nos\/ideia-do-campo-global\/"},"modified":"2025-08-11T10:54:12","modified_gmt":"2025-08-11T10:54:12","slug":"ideia-do-campo-global","status":"publish","type":"page","link":"https:\/\/www.2000m2.eu\/pt\/sobre-nos\/ideia-do-campo-global\/","title":{"rendered":"Ideia do Campo Global"},"content":{"rendered":"\n<h1 class=\"wp-block-heading\">O mundo num campo<\/h1>\n\n<p>Se dividirmos cerca de 1,6 bilh\u00e3o de hectares de terras agr\u00edcolas no mundo pelo n\u00famero de pessoas na Terra, cada ser humano receberia 2.000 m\u00b2. Esse \u00e9, portanto, a parcela de terra cultiv\u00e1vel que nos cabe, em m\u00e9dia. Nela precisa crescer tudo o que nos alimenta e abastece: trigo para o p\u00e3o, batatas, repolho, cenouras, al\u00e9m de milho e soja como ra\u00e7\u00e3o para os animais; tamb\u00e9m beterraba-a\u00e7ucareira para o a\u00e7\u00facar do ch\u00e1 ou do caf\u00e9, algod\u00e3o para as camisetas, girassol para o \u00f3leo de cozinha e canola para o biodiesel.  <\/p>\n\n<p>A futura fertilidade e biodiversidade do nosso solo dependem da forma como o tratamos. Isto significa como cultivamos o solo, tratamos as plantas e processamos a colheita.   <\/p>\n\n<p>Para oferecer a voc\u00eas uma vis\u00e3o da agricultura global e tornar sens\u00edveis e compreens\u00edveis as conex\u00f5es entre agricultura, alimenta\u00e7\u00e3o, clima global, justi\u00e7a alimentar e biodiversidade, foram criados, em diversos lugares ao redor do mundo, espa\u00e7os educativos do Campo Global\u00ae. Nesses espa\u00e7os, crescem, de forma proporcional em 2.000 m\u00b2, cerca de 45 das culturas mais importantes do mundo. Por meio de uma ampla oferta educativa, as equipes locais dos Campos Globais oferecem a voc\u00eas uma experi\u00eancia de aprendizado \u00fanica.  <\/p>\n\n<figure class=\"wp-block-embed is-type-video is-provider-youtube wp-block-embed-youtube wp-embed-aspect-16-9 wp-has-aspect-ratio\"><div class=\"wp-block-embed__wrapper\">\n <div class=\"brlbs-cmpnt-container brlbs-cmpnt-content-blocker brlbs-cmpnt-with-individual-styles\" data-borlabs-cookie-content-blocker-id=\"default\" data-borlabs-cookie-content=\"PGlmcmFtZSB0aXRsZT0iV2VsdGFja2VyLUZpbG0iIHdpZHRoPSIxMjAwIiBoZWlnaHQ9IjY3NSIgc3JjPSJodHRwczovL3d3dy55b3V0dWJlLmNvbS9lbWJlZC9vd2lYWlRSSnlyMD9mZWF0dXJlPW9lbWJlZCIgZnJhbWVib3JkZXI9IjAiIGFsbG93PSJhY2NlbGVyb21ldGVyOyBhdXRvcGxheTsgY2xpcGJvYXJkLXdyaXRlOyBlbmNyeXB0ZWQtbWVkaWE7IGd5cm9zY29wZTsgcGljdHVyZS1pbi1waWN0dXJlOyB3ZWItc2hhcmUiIHJlZmVycmVycG9saWN5PSJzdHJpY3Qtb3JpZ2luLXdoZW4tY3Jvc3Mtb3JpZ2luIiBhbGxvd2Z1bGxzY3JlZW4+PC9pZnJhbWU+\"><div class=\"brlbs-cmpnt-cb-preset-a\"> <p class=\"brlbs-cmpnt-cb-description\">You are currently viewing a placeholder content from <strong>Default<\/strong>. To access the actual content, click the button below. Please note that doing so will share data with third-party providers.<\/p> <div class=\"brlbs-cmpnt-cb-buttons\"> <a class=\"brlbs-cmpnt-cb-btn\" href=\"#\" data-borlabs-cookie-unblock role=\"button\">Unblock content<\/a> <a class=\"brlbs-cmpnt-cb-btn\" href=\"#\" data-borlabs-cookie-accept-service role=\"button\" style=\"display: none\">Accept required service and unblock content<\/a> <\/div> <a class=\"brlbs-cmpnt-cb-provider-toggle\" href=\"#\" data-borlabs-cookie-show-provider-information role=\"button\">More Information<\/a> <\/div><\/div>\n<\/div><figcaption class=\"wp-element-caption\">O Campo Global\u00ae em Berlim foi o primeiro Campo Global\u00ae \u2013 em nosso pequeno filme sobre o Campo Global, voc\u00eas podem ter algumas impress\u00f5es sobre os seus prim\u00f3rdios.<\/figcaption><\/figure>\n\n<h2 class=\"wp-block-heading\">As nossas mensagens<\/h2>\n\n<p><strong>H\u00e1 que chegue para todos!  <\/strong><br\/>Em 2.000 m\u00b2 cresce mais do que uma pessoa pode consumir. Se dividirmos a \u00e1rea agr\u00edcola global de forma justa, haver\u00e1 o suficiente para todos. <\/p>\n\n<p><strong>Cada mordida tem o seu lugar<\/strong><br\/>A cada mordida que damos, estamos, em algum lugar do mundo, encomendando que algo seja cultivado de uma determinada maneira. Assim, com a nossa alimenta\u00e7\u00e3o, influenciamos a sa\u00fade e a beleza dos nossos bi\u00f3topos e ecossistemas. <\/p>\n\n<p><strong>Diversidade \u00e9 vida<\/strong><br\/>Para que o campo permane\u00e7a f\u00e9rtil e a biodiversidade seja preservada, \u00e9 necess\u00e1rio que um n\u00famero enorme de outros organismos viva nos meus 2.000 metros quadrados. Um solo vivo \u00e9 a base de um organismo vivo. Isto requer coopera\u00e7\u00e3o e considera\u00e7\u00e3o.  <\/p>\n\n<p>Al\u00e9m disso, nos <a href=\"https:\/\/2000m2.eu\/de\/aecker\/\">Campos Globais<\/a> locais voc\u00eas podem aprender sobre muitos temas centrais: seja clima, alimenta\u00e7\u00e3o saud\u00e1vel, justi\u00e7a alimentar global, sementes ou muito mais \u2013 descubram os Campos Globais e suas ofertas educativas.<\/p>\n\n<h2 class=\"wp-block-heading\">Desafios da agricultura mundial<\/h2>\n\n<p>Sim, a boa not\u00edcia \u00e9 que uma \u00fanica pessoa dificilmente consegue comer o que cresce em 2000 metros quadrados num ano. A Organiza\u00e7\u00e3o das Na\u00e7\u00f5es Unidas para a Alimenta\u00e7\u00e3o e a Agricultura (FAO) calculou que as calorias que produzimos em todo o mundo s\u00e3o suficientes para alimentar cerca de 12 mil milh\u00f5es de pessoas. <\/p>\n\n<p>Mas, na realidade, centenas de milh\u00f5es de pessoas em todo o mundo continuam a passar fome. Mas porqu\u00ea, se temos tanto? Se deitarmos fora um ter\u00e7o da produ\u00e7\u00e3o agr\u00edcola ou a deixarmos estragar-se, se alimentarmos os animais com mais de um ter\u00e7o e se colhermos cada vez mais dos campos para produzir gasolina e eletricidade, os nossos recursos est\u00e3o a esgotar-se lentamente. Al\u00e9m disso, os recursos n\u00e3o est\u00e3o a ser distribu\u00eddos de forma equitativa: os cidad\u00e3os da UE consomem atualmente uma m\u00e9dia de 3.000 metros quadrados por pessoa, por exemplo. A dieta de cada indiv\u00edduo determina a quantidade de terra que utilizamos para nos alimentarmos.      <\/p>\n\n<p>Quanto mais alimentos de origem animal consumimos e que n\u00e3o prov\u00eam de pastagens, florestas ou oceanos, mais terra ar\u00e1vel \u00e9 necess\u00e1ria. \u00c9 claro que a \u00e1rea utilizada, por si s\u00f3, n\u00e3o \u00e9 um indicador suficiente de uma gest\u00e3o sustent\u00e1vel. A biodiversidade \u00e9 ecologicamente decisiva. Como se comportam os milhares de milh\u00f5es de organismos unicelulares, a minhoca, a lebre e a cotovia, que tamb\u00e9m vivem nestas \u00e1reas? Sem eles, o solo n\u00e3o seria f\u00e9rtil e n\u00e3o nos poderia fornecer alimentos suficientes. A energia f\u00f3ssil contida nos nossos campos e a quantidade de gases com efeito de estufa que deles escapam ou s\u00e3o absorvidos desempenham tamb\u00e9m um papel decisivo. \u00c9 um desafio devolver o carbono da atmosfera ao solo atrav\u00e9s da forma\u00e7\u00e3o de h\u00famus.      <\/p>\n\n<p>A sustentabilidade social, o desenvolvimento regional e a seguran\u00e7a alimentar global medem-se, sobretudo, pela quantidade de trabalho humano que conduz a que rendimento ou pela quantidade de valor nutricional direto que, para centenas de milh\u00f5es de agricultores auto-suficientes, est\u00e1 contida em 2000 metros quadrados. Uma explora\u00e7\u00e3o agr\u00edcola na \u00c1sia ou em \u00c1frica tem, em m\u00e9dia, um hectare. Tem de alimentar muito mais do que uma fam\u00edlia de cinco pessoas (2000 metros quadrados s\u00e3o 0,2 hectares). Regra geral, consegue faz\u00ea-lo, ao passo que na Europa, normalmente, n\u00e3o conseguimos fazer isso com 2000 metros quadrados. Os impulsos e as inova\u00e7\u00f5es agroecol\u00f3gicas s\u00e3o necess\u00e1rios aqui e ali e est\u00e3o em curso. Com o nosso movimento global, queremos sensibilizar-te para estes desafios, bem como para as numerosas solu\u00e7\u00f5es.     <\/p>\n\n<p>Para uma vis\u00e3o mais aprofundada dos desafios e solu\u00e7\u00f5es do nosso sistema agr\u00edcola, d\u00e1 uma vista de olhos aos nossos <a href=\"https:\/\/www.2000m2.eu\/de\/themen\/\">t\u00f3picos mundiais sobre as culturas arvenses<\/a>.<\/p>\n","protected":false},"excerpt":{"rendered":"<p>O mundo num campo Se dividirmos cerca de 1,6 bilh\u00e3o de hectares de terras agr\u00edcolas no mundo pelo n\u00famero de pessoas na Terra, cada ser humano receberia 2.000 m\u00b2. Esse \u00e9, portanto, a parcela de terra cultiv\u00e1vel que nos cabe, em m\u00e9dia. Nela precisa crescer tudo o que nos alimenta e abastece: trigo para o&#8230;<\/p>\n","protected":false},"author":1,"featured_media":0,"parent":13617,"menu_order":8,"comment_status":"closed","ping_status":"closed","template":"","meta":{"footnotes":""},"class_list":["post-13640","page","type-page","status-publish"],"yoast_head":"<!-- This site is optimized with the Yoast SEO plugin v27.4 - https:\/\/yoast.com\/product\/yoast-seo-wordpress\/ -->\n<title>Ideia do Campo Global - 2000m2<\/title>\n<meta name=\"robots\" content=\"index, follow, max-snippet:-1, max-image-preview:large, max-video-preview:-1\" \/>\n<link rel=\"canonical\" href=\"https:\/\/www.2000m2.eu\/pt\/sobre-nos\/ideia-do-campo-global\/\" \/>\n<meta property=\"og:locale\" content=\"pt_PT\" \/>\n<meta property=\"og:type\" content=\"article\" \/>\n<meta property=\"og:title\" content=\"Ideia do Campo Global - 2000m2\" \/>\n<meta property=\"og:description\" content=\"O mundo num campo Se dividirmos cerca de 1,6 bilh\u00e3o de hectares de terras agr\u00edcolas no mundo pelo n\u00famero de pessoas na Terra, cada ser humano receberia 2.000 m\u00b2. Esse \u00e9, portanto, a parcela de terra cultiv\u00e1vel que nos cabe, em m\u00e9dia. Nela precisa crescer tudo o que nos alimenta e abastece: trigo para o...\" \/>\n<meta property=\"og:url\" content=\"https:\/\/www.2000m2.eu\/pt\/sobre-nos\/ideia-do-campo-global\/\" \/>\n<meta property=\"og:site_name\" content=\"2000m2\" \/>\n<meta property=\"article:modified_time\" content=\"2025-08-11T10:54:12+00:00\" \/>\n<meta property=\"og:image\" content=\"https:\/\/www.2000m2.eu\/wp-content\/uploads\/Featured_Images_Weltacker-Idee.jpg\" \/>\n\t<meta property=\"og:image:width\" content=\"1800\" \/>\n\t<meta property=\"og:image:height\" content=\"180\" \/>\n\t<meta property=\"og:image:type\" content=\"image\/jpeg\" \/>\n<meta name=\"twitter:card\" content=\"summary_large_image\" \/>\n<meta name=\"twitter:label1\" content=\"Tempo estimado de leitura\" \/>\n\t<meta name=\"twitter:data1\" content=\"4 minutos\" \/>\n<script type=\"application\/ld+json\" class=\"yoast-schema-graph\">{\"@context\":\"https:\\\/\\\/schema.org\",\"@graph\":[{\"@type\":\"WebPage\",\"@id\":\"https:\\\/\\\/www.2000m2.eu\\\/pt\\\/sobre-nos\\\/ideia-do-campo-global\\\/\",\"url\":\"https:\\\/\\\/www.2000m2.eu\\\/pt\\\/sobre-nos\\\/ideia-do-campo-global\\\/\",\"name\":\"Ideia do Campo Global - 2000m2\",\"isPartOf\":{\"@id\":\"https:\\\/\\\/www.2000m2.eu\\\/pt\\\/#website\"},\"datePublished\":\"2024-09-17T11:48:34+00:00\",\"dateModified\":\"2025-08-11T10:54:12+00:00\",\"breadcrumb\":{\"@id\":\"https:\\\/\\\/www.2000m2.eu\\\/pt\\\/sobre-nos\\\/ideia-do-campo-global\\\/#breadcrumb\"},\"inLanguage\":\"pt-PT\",\"potentialAction\":[{\"@type\":\"ReadAction\",\"target\":[\"https:\\\/\\\/www.2000m2.eu\\\/pt\\\/sobre-nos\\\/ideia-do-campo-global\\\/\"]}]},{\"@type\":\"BreadcrumbList\",\"@id\":\"https:\\\/\\\/www.2000m2.eu\\\/pt\\\/sobre-nos\\\/ideia-do-campo-global\\\/#breadcrumb\",\"itemListElement\":[{\"@type\":\"ListItem\",\"position\":1,\"name\":\"Home\",\"item\":\"https:\\\/\\\/www.2000m2.eu\\\/pt\\\/\"},{\"@type\":\"ListItem\",\"position\":2,\"name\":\"Sobre n\u00f3s\",\"item\":\"https:\\\/\\\/www.2000m2.eu\\\/pt\\\/pt-pt\\\/sobre-nos\\\/\"},{\"@type\":\"ListItem\",\"position\":3,\"name\":\"Ideia do Campo Global\"}]},{\"@type\":\"WebSite\",\"@id\":\"https:\\\/\\\/www.2000m2.eu\\\/pt\\\/#website\",\"url\":\"https:\\\/\\\/www.2000m2.eu\\\/pt\\\/\",\"name\":\"2000m2\",\"description\":\"\",\"publisher\":{\"@id\":\"https:\\\/\\\/www.2000m2.eu\\\/pt\\\/#organization\"},\"potentialAction\":[{\"@type\":\"SearchAction\",\"target\":{\"@type\":\"EntryPoint\",\"urlTemplate\":\"https:\\\/\\\/www.2000m2.eu\\\/pt\\\/?s={search_term_string}\"},\"query-input\":{\"@type\":\"PropertyValueSpecification\",\"valueRequired\":true,\"valueName\":\"search_term_string\"}}],\"inLanguage\":\"pt-PT\"},{\"@type\":\"Organization\",\"@id\":\"https:\\\/\\\/www.2000m2.eu\\\/pt\\\/#organization\",\"name\":\"2000m2\",\"url\":\"https:\\\/\\\/www.2000m2.eu\\\/pt\\\/\",\"logo\":{\"@type\":\"ImageObject\",\"inLanguage\":\"pt-PT\",\"@id\":\"https:\\\/\\\/www.2000m2.eu\\\/pt\\\/#\\\/schema\\\/logo\\\/image\\\/\",\"url\":\"https:\\\/\\\/www.2000m2.eu\\\/wp-content\\\/uploads\\\/logo.png\",\"contentUrl\":\"https:\\\/\\\/www.2000m2.eu\\\/wp-content\\\/uploads\\\/logo.png\",\"width\":445,\"height\":140,\"caption\":\"2000m2\"},\"image\":{\"@id\":\"https:\\\/\\\/www.2000m2.eu\\\/pt\\\/#\\\/schema\\\/logo\\\/image\\\/\"}}]}<\/script>\n<!-- \/ Yoast SEO plugin. -->","yoast_head_json":{"title":"Ideia do Campo Global - 2000m2","robots":{"index":"index","follow":"follow","max-snippet":"max-snippet:-1","max-image-preview":"max-image-preview:large","max-video-preview":"max-video-preview:-1"},"canonical":"https:\/\/www.2000m2.eu\/pt\/sobre-nos\/ideia-do-campo-global\/","og_locale":"pt_PT","og_type":"article","og_title":"Ideia do Campo Global - 2000m2","og_description":"O mundo num campo Se dividirmos cerca de 1,6 bilh\u00e3o de hectares de terras agr\u00edcolas no mundo pelo n\u00famero de pessoas na Terra, cada ser humano receberia 2.000 m\u00b2. Esse \u00e9, portanto, a parcela de terra cultiv\u00e1vel que nos cabe, em m\u00e9dia. Nela precisa crescer tudo o que nos alimenta e abastece: trigo para o...","og_url":"https:\/\/www.2000m2.eu\/pt\/sobre-nos\/ideia-do-campo-global\/","og_site_name":"2000m2","article_modified_time":"2025-08-11T10:54:12+00:00","og_image":[{"width":1800,"height":180,"url":"https:\/\/www.2000m2.eu\/wp-content\/uploads\/Featured_Images_Weltacker-Idee.jpg","type":"image\/jpeg"}],"twitter_card":"summary_large_image","twitter_misc":{"Tempo estimado de leitura":"4 minutos"},"schema":{"@context":"https:\/\/schema.org","@graph":[{"@type":"WebPage","@id":"https:\/\/www.2000m2.eu\/pt\/sobre-nos\/ideia-do-campo-global\/","url":"https:\/\/www.2000m2.eu\/pt\/sobre-nos\/ideia-do-campo-global\/","name":"Ideia do Campo Global - 2000m2","isPartOf":{"@id":"https:\/\/www.2000m2.eu\/pt\/#website"},"datePublished":"2024-09-17T11:48:34+00:00","dateModified":"2025-08-11T10:54:12+00:00","breadcrumb":{"@id":"https:\/\/www.2000m2.eu\/pt\/sobre-nos\/ideia-do-campo-global\/#breadcrumb"},"inLanguage":"pt-PT","potentialAction":[{"@type":"ReadAction","target":["https:\/\/www.2000m2.eu\/pt\/sobre-nos\/ideia-do-campo-global\/"]}]},{"@type":"BreadcrumbList","@id":"https:\/\/www.2000m2.eu\/pt\/sobre-nos\/ideia-do-campo-global\/#breadcrumb","itemListElement":[{"@type":"ListItem","position":1,"name":"Home","item":"https:\/\/www.2000m2.eu\/pt\/"},{"@type":"ListItem","position":2,"name":"Sobre n\u00f3s","item":"https:\/\/www.2000m2.eu\/pt\/pt-pt\/sobre-nos\/"},{"@type":"ListItem","position":3,"name":"Ideia do Campo Global"}]},{"@type":"WebSite","@id":"https:\/\/www.2000m2.eu\/pt\/#website","url":"https:\/\/www.2000m2.eu\/pt\/","name":"2000m2","description":"","publisher":{"@id":"https:\/\/www.2000m2.eu\/pt\/#organization"},"potentialAction":[{"@type":"SearchAction","target":{"@type":"EntryPoint","urlTemplate":"https:\/\/www.2000m2.eu\/pt\/?s={search_term_string}"},"query-input":{"@type":"PropertyValueSpecification","valueRequired":true,"valueName":"search_term_string"}}],"inLanguage":"pt-PT"},{"@type":"Organization","@id":"https:\/\/www.2000m2.eu\/pt\/#organization","name":"2000m2","url":"https:\/\/www.2000m2.eu\/pt\/","logo":{"@type":"ImageObject","inLanguage":"pt-PT","@id":"https:\/\/www.2000m2.eu\/pt\/#\/schema\/logo\/image\/","url":"https:\/\/www.2000m2.eu\/wp-content\/uploads\/logo.png","contentUrl":"https:\/\/www.2000m2.eu\/wp-content\/uploads\/logo.png","width":445,"height":140,"caption":"2000m2"},"image":{"@id":"https:\/\/www.2000m2.eu\/pt\/#\/schema\/logo\/image\/"}}]}},"_links":{"self":[{"href":"https:\/\/www.2000m2.eu\/pt\/wp-json\/wp\/v2\/pages\/13640","targetHints":{"allow":["GET"]}}],"collection":[{"href":"https:\/\/www.2000m2.eu\/pt\/wp-json\/wp\/v2\/pages"}],"about":[{"href":"https:\/\/www.2000m2.eu\/pt\/wp-json\/wp\/v2\/types\/page"}],"author":[{"embeddable":true,"href":"https:\/\/www.2000m2.eu\/pt\/wp-json\/wp\/v2\/users\/1"}],"replies":[{"embeddable":true,"href":"https:\/\/www.2000m2.eu\/pt\/wp-json\/wp\/v2\/comments?post=13640"}],"version-history":[{"count":1,"href":"https:\/\/www.2000m2.eu\/pt\/wp-json\/wp\/v2\/pages\/13640\/revisions"}],"predecessor-version":[{"id":13642,"href":"https:\/\/www.2000m2.eu\/pt\/wp-json\/wp\/v2\/pages\/13640\/revisions\/13642"}],"up":[{"embeddable":true,"href":"https:\/\/www.2000m2.eu\/pt\/wp-json\/wp\/v2\/pages\/13617"}],"wp:attachment":[{"href":"https:\/\/www.2000m2.eu\/pt\/wp-json\/wp\/v2\/media?parent=13640"}],"curies":[{"name":"wp","href":"https:\/\/api.w.org\/{rel}","templated":true}]}}