{"id":13652,"date":"2024-09-10T07:50:48","date_gmt":"2024-09-10T07:50:48","guid":{"rendered":"https:\/\/www.2000m2.eu\/sobre-nos\/quem-nos-apoia\/"},"modified":"2025-08-11T11:18:10","modified_gmt":"2025-08-11T11:18:10","slug":"quem-nos-apoia","status":"publish","type":"page","link":"https:\/\/www.2000m2.eu\/pt\/sobre-nos\/quem-nos-apoia\/","title":{"rendered":"Quem nos apoia"},"content":{"rendered":"\n<h1 class=\"wp-block-heading\">Quem nos apoia<\/h1>\n\n<p>Cada Campo Global \u00e9 financeira e juridicamente independente. Muitos patrocinadores apoiam o trabalho dos projectos regionais. O trabalho da coordena\u00e7\u00e3o internacional, ou seja, o escrit\u00f3rio de Berlim da <a href=\"https:\/\/zukunftsstiftung-landwirtschaft.de\/\">Future Foundation for Agriculture<\/a>, \u00e9 atualmente poss\u00edvel gra\u00e7as aos seguintes generosos financiamentos: Cada Campo Global \u00e9 financeiramente e juridicamente independente. Numerosos apoiadores contribuem para o trabalho dos projetos regionais.O trabalho da coordena\u00e7\u00e3o internacional \u2014 ou seja, do escrit\u00f3rio de Berlim da Funda\u00e7\u00e3o Futuro da Agricultura \u2014 \u00e9 atualmente poss\u00edvel gra\u00e7as \u00e0s seguintes generosos financiamentos:  <\/p>\n<div class=\"wp-block-image\">\n<figure class=\"aligncenter size-full\"><a href=\"https:\/\/www.deutsche-stiftung-engagement-und-ehrenamt.de\/\"><img decoding=\"async\" width=\"500\" height=\"197\" src=\"https:\/\/www.2000m2.eu\/wp-content\/uploads\/2023_DSEE_Gefoerdert_Logo_2zlg_RGB_Kreis_Schwarze-Schrift_500px-1.png\" alt=\"Log&#xF3;tipo da Funda&#xE7;&#xE3;o Alem&#xE3; para o Empenhamento e o Voluntariado\" class=\"wp-image-686\" srcset=\"https:\/\/www.2000m2.eu\/wp-content\/uploads\/2023_DSEE_Gefoerdert_Logo_2zlg_RGB_Kreis_Schwarze-Schrift_500px-1.png 500w, https:\/\/www.2000m2.eu\/wp-content\/uploads\/2023_DSEE_Gefoerdert_Logo_2zlg_RGB_Kreis_Schwarze-Schrift_500px-1-300x118.png 300w\" sizes=\"(max-width: 500px) 100vw, 500px\" \/><\/a><\/figure>\n<\/div>\n<p>A<a href=\"https:\/\/www.deutsche-stiftung-engagement-und-ehrenamt.de\/\"> Funda\u00e7\u00e3o Alem\u00e3 para o Compromisso e o Voluntariado (DSEE)<\/a> nos apoia, no \u00e2mbito de seu programa de incentivo \u201ctransform-D\u201d, na amplia\u00e7\u00e3o do alcance do movimento Campo Global \u2013 especialmente na Alemanha.<\/p>\n<div class=\"wp-block-image\">\n<figure class=\"aligncenter size-full is-resized\"><a href=\"https:\/\/www.heidehof-stiftung.de\/\"><img decoding=\"async\" width=\"567\" height=\"228\" src=\"https:\/\/www.2000m2.eu\/wp-content\/uploads\/hhs_logo_neu_jpg.jpg\" alt=\"Log&#xF3;tipo da Funda&#xE7;&#xE3;o Heidehof\" class=\"wp-image-1166\" style=\"width:408px;height:auto\" srcset=\"https:\/\/www.2000m2.eu\/wp-content\/uploads\/hhs_logo_neu_jpg.jpg 567w, https:\/\/www.2000m2.eu\/wp-content\/uploads\/hhs_logo_neu_jpg-300x121.jpg 300w\" sizes=\"(max-width: 567px) 100vw, 567px\" \/><\/a><\/figure>\n<\/div>\n<p>Em particular, a <a href=\"https:\/\/www.heidehof-stiftung.de\/\">Funda\u00e7\u00e3o Heidehof<\/a> promove o interc\u00e2mbio internacional com os nossos parceiros na Europa e no Sul Global.<\/p>\n<div class=\"wp-block-image\">\n<figure class=\"aligncenter size-large is-resized\"><a href=\"https:\/\/erasmus-plus.ec.europa.eu\/de\"><img decoding=\"async\" width=\"1024\" height=\"215\" src=\"https:\/\/www.2000m2.eu\/wp-content\/uploads\/Logo-Kofinanziert-von-der-Europaeischen-Union-1024x215.png\" alt=\"Logotipo da bandeira da UE com a inscri&#xE7;&#xE3;o: Cofinanciado pela Uni&#xE3;o Europeia.\" class=\"wp-image-11024\" style=\"width:486px;height:auto\" srcset=\"https:\/\/www.2000m2.eu\/wp-content\/uploads\/Logo-Kofinanziert-von-der-Europaeischen-Union-1024x215.png 1024w, https:\/\/www.2000m2.eu\/wp-content\/uploads\/Logo-Kofinanziert-von-der-Europaeischen-Union-300x63.png 300w, https:\/\/www.2000m2.eu\/wp-content\/uploads\/Logo-Kofinanziert-von-der-Europaeischen-Union-768x161.png 768w, https:\/\/www.2000m2.eu\/wp-content\/uploads\/Logo-Kofinanziert-von-der-Europaeischen-Union-1536x322.png 1536w, https:\/\/www.2000m2.eu\/wp-content\/uploads\/Logo-Kofinanziert-von-der-Europaeischen-Union.png 1920w\" sizes=\"(max-width: 1024px) 100vw, 1024px\" \/><\/a><\/figure>\n<\/div>\n<p>O <a href=\"https:\/\/erasmus-plus.ec.europa.eu\/de\">programa Erasmus+<\/a> da UE permite-nos adquirir experi\u00eancia de aprendizagem noutros pa\u00edses europeus.  <\/p>\n","protected":false},"excerpt":{"rendered":"<p>Quem nos apoia Cada Campo Global \u00e9 financeira e juridicamente independente. Muitos patrocinadores apoiam o trabalho dos projectos regionais. O trabalho da coordena\u00e7\u00e3o internacional, ou seja, o escrit\u00f3rio de Berlim da Future Foundation for Agriculture, \u00e9 atualmente poss\u00edvel gra\u00e7as aos seguintes generosos financiamentos: Cada Campo Global \u00e9 financeiramente e juridicamente independente. Numerosos apoiadores contribuem para&#8230;<\/p>\n","protected":false},"author":1,"featured_media":17198,"parent":13617,"menu_order":14,"comment_status":"closed","ping_status":"closed","template":"","meta":{"footnotes":""},"class_list":["post-13652","page","type-page","status-publish","has-post-thumbnail"],"yoast_head":"<!-- This site is optimized with the Yoast SEO plugin v27.4 - https:\/\/yoast.com\/product\/yoast-seo-wordpress\/ -->\n<title>Quem nos apoia - 2000m2<\/title>\n<meta name=\"robots\" content=\"index, follow, max-snippet:-1, max-image-preview:large, max-video-preview:-1\" \/>\n<link rel=\"canonical\" href=\"https:\/\/www.2000m2.eu\/pt\/sobre-nos\/quem-nos-apoia\/\" \/>\n<meta property=\"og:locale\" content=\"pt_PT\" \/>\n<meta property=\"og:type\" content=\"article\" \/>\n<meta property=\"og:title\" content=\"Quem nos apoia - 2000m2\" \/>\n<meta property=\"og:description\" content=\"Quem nos apoia Cada Campo Global \u00e9 financeira e juridicamente independente. Muitos patrocinadores apoiam o trabalho dos projectos regionais. O trabalho da coordena\u00e7\u00e3o internacional, ou seja, o escrit\u00f3rio de Berlim da Future Foundation for Agriculture, \u00e9 atualmente poss\u00edvel gra\u00e7as aos seguintes generosos financiamentos: Cada Campo Global \u00e9 financeiramente e juridicamente independente. Numerosos apoiadores contribuem para...\" \/>\n<meta property=\"og:url\" content=\"https:\/\/www.2000m2.eu\/pt\/sobre-nos\/quem-nos-apoia\/\" \/>\n<meta property=\"og:site_name\" content=\"2000m2\" \/>\n<meta property=\"article:modified_time\" content=\"2025-08-11T11:18:10+00:00\" \/>\n<meta property=\"og:image\" content=\"https:\/\/www.2000m2.eu\/wp-content\/uploads\/Featured_Images_Forderer.jpg\" \/>\n\t<meta property=\"og:image:width\" content=\"1800\" \/>\n\t<meta property=\"og:image:height\" content=\"180\" \/>\n\t<meta property=\"og:image:type\" content=\"image\/jpeg\" \/>\n<meta name=\"twitter:card\" content=\"summary_large_image\" \/>\n<meta name=\"twitter:label1\" content=\"Tempo estimado de leitura\" \/>\n\t<meta name=\"twitter:data1\" content=\"1 minuto\" \/>\n<script type=\"application\/ld+json\" class=\"yoast-schema-graph\">{\"@context\":\"https:\\\/\\\/schema.org\",\"@graph\":[{\"@type\":\"WebPage\",\"@id\":\"https:\\\/\\\/www.2000m2.eu\\\/pt\\\/sobre-nos\\\/quem-nos-apoia\\\/\",\"url\":\"https:\\\/\\\/www.2000m2.eu\\\/pt\\\/sobre-nos\\\/quem-nos-apoia\\\/\",\"name\":\"Quem nos apoia - 2000m2\",\"isPartOf\":{\"@id\":\"https:\\\/\\\/www.2000m2.eu\\\/pt\\\/#website\"},\"primaryImageOfPage\":{\"@id\":\"https:\\\/\\\/www.2000m2.eu\\\/pt\\\/sobre-nos\\\/quem-nos-apoia\\\/#primaryimage\"},\"image\":{\"@id\":\"https:\\\/\\\/www.2000m2.eu\\\/pt\\\/sobre-nos\\\/quem-nos-apoia\\\/#primaryimage\"},\"thumbnailUrl\":\"https:\\\/\\\/www.2000m2.eu\\\/wp-content\\\/uploads\\\/Featured_Images_Forderer.jpg\",\"datePublished\":\"2024-09-10T07:50:48+00:00\",\"dateModified\":\"2025-08-11T11:18:10+00:00\",\"breadcrumb\":{\"@id\":\"https:\\\/\\\/www.2000m2.eu\\\/pt\\\/sobre-nos\\\/quem-nos-apoia\\\/#breadcrumb\"},\"inLanguage\":\"pt-PT\",\"potentialAction\":[{\"@type\":\"ReadAction\",\"target\":[\"https:\\\/\\\/www.2000m2.eu\\\/pt\\\/sobre-nos\\\/quem-nos-apoia\\\/\"]}]},{\"@type\":\"ImageObject\",\"inLanguage\":\"pt-PT\",\"@id\":\"https:\\\/\\\/www.2000m2.eu\\\/pt\\\/sobre-nos\\\/quem-nos-apoia\\\/#primaryimage\",\"url\":\"https:\\\/\\\/www.2000m2.eu\\\/wp-content\\\/uploads\\\/Featured_Images_Forderer.jpg\",\"contentUrl\":\"https:\\\/\\\/www.2000m2.eu\\\/wp-content\\\/uploads\\\/Featured_Images_Forderer.jpg\",\"width\":1800,\"height\":180},{\"@type\":\"BreadcrumbList\",\"@id\":\"https:\\\/\\\/www.2000m2.eu\\\/pt\\\/sobre-nos\\\/quem-nos-apoia\\\/#breadcrumb\",\"itemListElement\":[{\"@type\":\"ListItem\",\"position\":1,\"name\":\"Home\",\"item\":\"https:\\\/\\\/www.2000m2.eu\\\/pt\\\/\"},{\"@type\":\"ListItem\",\"position\":2,\"name\":\"Sobre n\u00f3s\",\"item\":\"https:\\\/\\\/www.2000m2.eu\\\/pt\\\/pt-pt\\\/sobre-nos\\\/\"},{\"@type\":\"ListItem\",\"position\":3,\"name\":\"Quem nos apoia\"}]},{\"@type\":\"WebSite\",\"@id\":\"https:\\\/\\\/www.2000m2.eu\\\/pt\\\/#website\",\"url\":\"https:\\\/\\\/www.2000m2.eu\\\/pt\\\/\",\"name\":\"2000m2\",\"description\":\"\",\"publisher\":{\"@id\":\"https:\\\/\\\/www.2000m2.eu\\\/pt\\\/#organization\"},\"potentialAction\":[{\"@type\":\"SearchAction\",\"target\":{\"@type\":\"EntryPoint\",\"urlTemplate\":\"https:\\\/\\\/www.2000m2.eu\\\/pt\\\/?s={search_term_string}\"},\"query-input\":{\"@type\":\"PropertyValueSpecification\",\"valueRequired\":true,\"valueName\":\"search_term_string\"}}],\"inLanguage\":\"pt-PT\"},{\"@type\":\"Organization\",\"@id\":\"https:\\\/\\\/www.2000m2.eu\\\/pt\\\/#organization\",\"name\":\"2000m2\",\"url\":\"https:\\\/\\\/www.2000m2.eu\\\/pt\\\/\",\"logo\":{\"@type\":\"ImageObject\",\"inLanguage\":\"pt-PT\",\"@id\":\"https:\\\/\\\/www.2000m2.eu\\\/pt\\\/#\\\/schema\\\/logo\\\/image\\\/\",\"url\":\"https:\\\/\\\/www.2000m2.eu\\\/wp-content\\\/uploads\\\/logo.png\",\"contentUrl\":\"https:\\\/\\\/www.2000m2.eu\\\/wp-content\\\/uploads\\\/logo.png\",\"width\":445,\"height\":140,\"caption\":\"2000m2\"},\"image\":{\"@id\":\"https:\\\/\\\/www.2000m2.eu\\\/pt\\\/#\\\/schema\\\/logo\\\/image\\\/\"}}]}<\/script>\n<!-- \/ Yoast SEO plugin. -->","yoast_head_json":{"title":"Quem nos apoia - 2000m2","robots":{"index":"index","follow":"follow","max-snippet":"max-snippet:-1","max-image-preview":"max-image-preview:large","max-video-preview":"max-video-preview:-1"},"canonical":"https:\/\/www.2000m2.eu\/pt\/sobre-nos\/quem-nos-apoia\/","og_locale":"pt_PT","og_type":"article","og_title":"Quem nos apoia - 2000m2","og_description":"Quem nos apoia Cada Campo Global \u00e9 financeira e juridicamente independente. Muitos patrocinadores apoiam o trabalho dos projectos regionais. O trabalho da coordena\u00e7\u00e3o internacional, ou seja, o escrit\u00f3rio de Berlim da Future Foundation for Agriculture, \u00e9 atualmente poss\u00edvel gra\u00e7as aos seguintes generosos financiamentos: Cada Campo Global \u00e9 financeiramente e juridicamente independente. Numerosos apoiadores contribuem para...","og_url":"https:\/\/www.2000m2.eu\/pt\/sobre-nos\/quem-nos-apoia\/","og_site_name":"2000m2","article_modified_time":"2025-08-11T11:18:10+00:00","og_image":[{"width":1800,"height":180,"url":"https:\/\/www.2000m2.eu\/wp-content\/uploads\/Featured_Images_Forderer.jpg","type":"image\/jpeg"}],"twitter_card":"summary_large_image","twitter_misc":{"Tempo estimado de leitura":"1 minuto"},"schema":{"@context":"https:\/\/schema.org","@graph":[{"@type":"WebPage","@id":"https:\/\/www.2000m2.eu\/pt\/sobre-nos\/quem-nos-apoia\/","url":"https:\/\/www.2000m2.eu\/pt\/sobre-nos\/quem-nos-apoia\/","name":"Quem nos apoia - 2000m2","isPartOf":{"@id":"https:\/\/www.2000m2.eu\/pt\/#website"},"primaryImageOfPage":{"@id":"https:\/\/www.2000m2.eu\/pt\/sobre-nos\/quem-nos-apoia\/#primaryimage"},"image":{"@id":"https:\/\/www.2000m2.eu\/pt\/sobre-nos\/quem-nos-apoia\/#primaryimage"},"thumbnailUrl":"https:\/\/www.2000m2.eu\/wp-content\/uploads\/Featured_Images_Forderer.jpg","datePublished":"2024-09-10T07:50:48+00:00","dateModified":"2025-08-11T11:18:10+00:00","breadcrumb":{"@id":"https:\/\/www.2000m2.eu\/pt\/sobre-nos\/quem-nos-apoia\/#breadcrumb"},"inLanguage":"pt-PT","potentialAction":[{"@type":"ReadAction","target":["https:\/\/www.2000m2.eu\/pt\/sobre-nos\/quem-nos-apoia\/"]}]},{"@type":"ImageObject","inLanguage":"pt-PT","@id":"https:\/\/www.2000m2.eu\/pt\/sobre-nos\/quem-nos-apoia\/#primaryimage","url":"https:\/\/www.2000m2.eu\/wp-content\/uploads\/Featured_Images_Forderer.jpg","contentUrl":"https:\/\/www.2000m2.eu\/wp-content\/uploads\/Featured_Images_Forderer.jpg","width":1800,"height":180},{"@type":"BreadcrumbList","@id":"https:\/\/www.2000m2.eu\/pt\/sobre-nos\/quem-nos-apoia\/#breadcrumb","itemListElement":[{"@type":"ListItem","position":1,"name":"Home","item":"https:\/\/www.2000m2.eu\/pt\/"},{"@type":"ListItem","position":2,"name":"Sobre n\u00f3s","item":"https:\/\/www.2000m2.eu\/pt\/pt-pt\/sobre-nos\/"},{"@type":"ListItem","position":3,"name":"Quem nos apoia"}]},{"@type":"WebSite","@id":"https:\/\/www.2000m2.eu\/pt\/#website","url":"https:\/\/www.2000m2.eu\/pt\/","name":"2000m2","description":"","publisher":{"@id":"https:\/\/www.2000m2.eu\/pt\/#organization"},"potentialAction":[{"@type":"SearchAction","target":{"@type":"EntryPoint","urlTemplate":"https:\/\/www.2000m2.eu\/pt\/?s={search_term_string}"},"query-input":{"@type":"PropertyValueSpecification","valueRequired":true,"valueName":"search_term_string"}}],"inLanguage":"pt-PT"},{"@type":"Organization","@id":"https:\/\/www.2000m2.eu\/pt\/#organization","name":"2000m2","url":"https:\/\/www.2000m2.eu\/pt\/","logo":{"@type":"ImageObject","inLanguage":"pt-PT","@id":"https:\/\/www.2000m2.eu\/pt\/#\/schema\/logo\/image\/","url":"https:\/\/www.2000m2.eu\/wp-content\/uploads\/logo.png","contentUrl":"https:\/\/www.2000m2.eu\/wp-content\/uploads\/logo.png","width":445,"height":140,"caption":"2000m2"},"image":{"@id":"https:\/\/www.2000m2.eu\/pt\/#\/schema\/logo\/image\/"}}]}},"_links":{"self":[{"href":"https:\/\/www.2000m2.eu\/pt\/wp-json\/wp\/v2\/pages\/13652","targetHints":{"allow":["GET"]}}],"collection":[{"href":"https:\/\/www.2000m2.eu\/pt\/wp-json\/wp\/v2\/pages"}],"about":[{"href":"https:\/\/www.2000m2.eu\/pt\/wp-json\/wp\/v2\/types\/page"}],"author":[{"embeddable":true,"href":"https:\/\/www.2000m2.eu\/pt\/wp-json\/wp\/v2\/users\/1"}],"replies":[{"embeddable":true,"href":"https:\/\/www.2000m2.eu\/pt\/wp-json\/wp\/v2\/comments?post=13652"}],"version-history":[{"count":1,"href":"https:\/\/www.2000m2.eu\/pt\/wp-json\/wp\/v2\/pages\/13652\/revisions"}],"predecessor-version":[{"id":13661,"href":"https:\/\/www.2000m2.eu\/pt\/wp-json\/wp\/v2\/pages\/13652\/revisions\/13661"}],"up":[{"embeddable":true,"href":"https:\/\/www.2000m2.eu\/pt\/wp-json\/wp\/v2\/pages\/13617"}],"wp:featuredmedia":[{"embeddable":true,"href":"https:\/\/www.2000m2.eu\/pt\/wp-json\/wp\/v2\/media\/17198"}],"wp:attachment":[{"href":"https:\/\/www.2000m2.eu\/pt\/wp-json\/wp\/v2\/media?parent=13652"}],"curies":[{"name":"wp","href":"https:\/\/api.w.org\/{rel}","templated":true}]}}