{"id":13662,"date":"2024-09-10T07:55:00","date_gmt":"2024-09-10T07:55:00","guid":{"rendered":"https:\/\/www.2000m2.eu\/sobre-nos\/apoia-nos\/"},"modified":"2026-02-06T07:05:16","modified_gmt":"2026-02-06T07:05:16","slug":"apoia-nos","status":"publish","type":"page","link":"https:\/\/www.2000m2.eu\/pt\/sobre-nos\/apoia-nos\/","title":{"rendered":"Apoia-nos"},"content":{"rendered":"\n<h1 class=\"wp-block-heading\">N\u00f3s precisamos de voc\u00eas! <\/h1>\n\n\n\n<p>Gostas do nosso trabalho e queres ajudar-nos? Agradecemos qualquer apoio &#8211; seja sob a forma de donativo, de ajuda volunt\u00e1ria ou de qualquer outra coisa. Porque mesmo que uma parte do nosso trabalho seja financiada, continuamos a depender de donativos. O teu donativo reverte a 100% para os projectos da Coordena\u00e7\u00e3o Internacional do Campo Mundial e ajuda-nos, por exemplo, a criar novos conte\u00fados educativos, a aconselhar novas iniciativas, a produzir brochuras ou a desenvolver a nossa exposi\u00e7\u00e3o itinerante.   <\/p>\n\n\n\n<p>Podes fazer um donativo diretamente para<\/p>\n\n\n\n<p><strong>Benefici\u00e1rio:<\/strong> Zukunftsstiftung Landwirtschaft<br><strong>IBAN:<\/strong> DE72 4306 0967 0030 0054 05<br> BIC<strong>:<\/strong> GENODEM1GLS<br><strong>Banco:<\/strong> GLS Gemeinschaftsbank eG<br><strong>Assunto:<\/strong> Donativo 2000m2<\/p>\n\n\n<style>.kb-row-layout-wrap.wp-block-kadence-rowlayout.kb-row-layout-id13662_e36e6f-76{margin-bottom:0px;margin-bottom:var(--global-kb-spacing-lg, 3rem);}.kb-row-layout-id13662_e36e6f-76 > .kt-row-column-wrap{align-content:start;}:where(.kb-row-layout-id13662_e36e6f-76 > .kt-row-column-wrap) > .wp-block-kadence-column{justify-content:start;}.kb-row-layout-id13662_e36e6f-76 > .kt-row-column-wrap{column-gap:var(--global-kb-gap-md, 2rem);row-gap:var(--global-kb-gap-md, 2rem);padding-top:var(--global-kb-spacing-sm, 1.5rem);grid-template-columns:minmax(0, 1fr);}.kb-row-layout-id13662_e36e6f-76 > .kt-row-layout-overlay{opacity:0.30;}@media all and (max-width: 1024px){.kb-row-layout-id13662_e36e6f-76 > .kt-row-column-wrap{grid-template-columns:minmax(0, 1fr);}}@media all and (max-width: 767px){.kb-row-layout-id13662_e36e6f-76 > .kt-row-column-wrap{grid-template-columns:minmax(0, 1fr);}}<\/style><div class=\"kb-row-layout-wrap kb-row-layout-id13662_e36e6f-76 alignnone wp-block-kadence-rowlayout\"><div class=\"kt-row-column-wrap kt-has-1-columns kt-row-layout-equal kt-tab-layout-inherit kt-mobile-layout-row kt-row-valign-top\">\n<style>.kadence-column13662_320ad5-e4 > .kt-inside-inner-col,.kadence-column13662_320ad5-e4 > .kt-inside-inner-col:before{border-top-left-radius:0px;border-top-right-radius:0px;border-bottom-right-radius:0px;border-bottom-left-radius:0px;}.kadence-column13662_320ad5-e4 > .kt-inside-inner-col{column-gap:var(--global-kb-gap-sm, 1rem);}.kadence-column13662_320ad5-e4 > .kt-inside-inner-col{flex-direction:column;}.kadence-column13662_320ad5-e4 > .kt-inside-inner-col > .aligncenter{width:100%;}.kadence-column13662_320ad5-e4 > .kt-inside-inner-col:before{opacity:0.3;}.kadence-column13662_320ad5-e4{position:relative;}@media all and (max-width: 1024px){.kadence-column13662_320ad5-e4 > .kt-inside-inner-col{flex-direction:column;justify-content:center;}}@media all and (max-width: 767px){.kadence-column13662_320ad5-e4 > .kt-inside-inner-col{flex-direction:column;justify-content:center;}}<\/style>\n<div class=\"wp-block-kadence-column kadence-column13662_320ad5-e4\"><div class=\"kt-inside-inner-col\"><\/div><\/div>\n\n<\/div><\/div>\n\n\n<h2 class=\"wp-block-heading\">Trabalho volunt\u00e1rio<\/h2>\n\n\n\n<p>H\u00e1 sempre muito para fazer na nossa organiza\u00e7\u00e3o e damos as boas-vindas a volunt\u00e1rios empenhados. Se quiseres apoiar-nos, por exemplo, em actividades de investiga\u00e7\u00e3o, na reda\u00e7\u00e3o de artigos e textos, no trabalho de rela\u00e7\u00f5es p\u00fablicas ou nos nossos eventos, entra em contacto connosco. Tamb\u00e9m teremos todo o gosto em p\u00f4r-te em contacto com o seu Campo Global local.  <\/p>\n","protected":false},"excerpt":{"rendered":"<p>N\u00f3s precisamos de voc\u00eas! Gostas do nosso trabalho e queres ajudar-nos? Agradecemos qualquer apoio &#8211; seja sob a forma de donativo, de ajuda volunt\u00e1ria ou de qualquer outra coisa. Porque mesmo que uma parte do nosso trabalho seja financiada, continuamos a depender de donativos. O teu donativo reverte a 100% para os projectos da Coordena\u00e7\u00e3o&#8230;<\/p>\n","protected":false},"author":1,"featured_media":23179,"parent":13617,"menu_order":16,"comment_status":"closed","ping_status":"closed","template":"","meta":{"footnotes":""},"class_list":["post-13662","page","type-page","status-publish","has-post-thumbnail"],"yoast_head":"<!-- This site is optimized with the Yoast SEO plugin v27.4 - https:\/\/yoast.com\/product\/yoast-seo-wordpress\/ -->\n<title>Apoia-nos - 2000m2<\/title>\n<meta name=\"robots\" content=\"index, follow, max-snippet:-1, max-image-preview:large, max-video-preview:-1\" \/>\n<link rel=\"canonical\" href=\"https:\/\/www.2000m2.eu\/pt\/sobre-nos\/apoia-nos\/\" \/>\n<meta property=\"og:locale\" content=\"pt_PT\" \/>\n<meta property=\"og:type\" content=\"article\" \/>\n<meta property=\"og:title\" content=\"Apoia-nos - 2000m2\" \/>\n<meta property=\"og:description\" content=\"N\u00f3s precisamos de voc\u00eas! Gostas do nosso trabalho e queres ajudar-nos? Agradecemos qualquer apoio &#8211; seja sob a forma de donativo, de ajuda volunt\u00e1ria ou de qualquer outra coisa. Porque mesmo que uma parte do nosso trabalho seja financiada, continuamos a depender de donativos. O teu donativo reverte a 100% para os projectos da Coordena\u00e7\u00e3o...\" \/>\n<meta property=\"og:url\" content=\"https:\/\/www.2000m2.eu\/pt\/sobre-nos\/apoia-nos\/\" \/>\n<meta property=\"og:site_name\" content=\"2000m2\" \/>\n<meta property=\"article:modified_time\" content=\"2026-02-06T07:05:16+00:00\" \/>\n<meta property=\"og:image\" content=\"https:\/\/www.2000m2.eu\/wp-content\/uploads\/Featured_Images_unterstutze-uns.jpg\" \/>\n\t<meta property=\"og:image:width\" content=\"1800\" \/>\n\t<meta property=\"og:image:height\" content=\"180\" \/>\n\t<meta property=\"og:image:type\" content=\"image\/jpeg\" \/>\n<meta name=\"twitter:card\" content=\"summary_large_image\" \/>\n<meta name=\"twitter:label1\" content=\"Tempo estimado de leitura\" \/>\n\t<meta name=\"twitter:data1\" content=\"1 minuto\" \/>\n<script type=\"application\/ld+json\" class=\"yoast-schema-graph\">{\"@context\":\"https:\\\/\\\/schema.org\",\"@graph\":[{\"@type\":\"WebPage\",\"@id\":\"https:\\\/\\\/www.2000m2.eu\\\/pt\\\/sobre-nos\\\/apoia-nos\\\/\",\"url\":\"https:\\\/\\\/www.2000m2.eu\\\/pt\\\/sobre-nos\\\/apoia-nos\\\/\",\"name\":\"Apoia-nos - 2000m2\",\"isPartOf\":{\"@id\":\"https:\\\/\\\/www.2000m2.eu\\\/pt\\\/#website\"},\"primaryImageOfPage\":{\"@id\":\"https:\\\/\\\/www.2000m2.eu\\\/pt\\\/sobre-nos\\\/apoia-nos\\\/#primaryimage\"},\"image\":{\"@id\":\"https:\\\/\\\/www.2000m2.eu\\\/pt\\\/sobre-nos\\\/apoia-nos\\\/#primaryimage\"},\"thumbnailUrl\":\"https:\\\/\\\/www.2000m2.eu\\\/wp-content\\\/uploads\\\/Featured_Images_unterstutze-uns.jpg\",\"datePublished\":\"2024-09-10T07:55:00+00:00\",\"dateModified\":\"2026-02-06T07:05:16+00:00\",\"breadcrumb\":{\"@id\":\"https:\\\/\\\/www.2000m2.eu\\\/pt\\\/sobre-nos\\\/apoia-nos\\\/#breadcrumb\"},\"inLanguage\":\"pt-PT\",\"potentialAction\":[{\"@type\":\"ReadAction\",\"target\":[\"https:\\\/\\\/www.2000m2.eu\\\/pt\\\/sobre-nos\\\/apoia-nos\\\/\"]}]},{\"@type\":\"ImageObject\",\"inLanguage\":\"pt-PT\",\"@id\":\"https:\\\/\\\/www.2000m2.eu\\\/pt\\\/sobre-nos\\\/apoia-nos\\\/#primaryimage\",\"url\":\"https:\\\/\\\/www.2000m2.eu\\\/wp-content\\\/uploads\\\/Featured_Images_unterstutze-uns.jpg\",\"contentUrl\":\"https:\\\/\\\/www.2000m2.eu\\\/wp-content\\\/uploads\\\/Featured_Images_unterstutze-uns.jpg\",\"width\":1800,\"height\":180},{\"@type\":\"BreadcrumbList\",\"@id\":\"https:\\\/\\\/www.2000m2.eu\\\/pt\\\/sobre-nos\\\/apoia-nos\\\/#breadcrumb\",\"itemListElement\":[{\"@type\":\"ListItem\",\"position\":1,\"name\":\"Home\",\"item\":\"https:\\\/\\\/www.2000m2.eu\\\/pt\\\/\"},{\"@type\":\"ListItem\",\"position\":2,\"name\":\"Sobre n\u00f3s\",\"item\":\"https:\\\/\\\/www.2000m2.eu\\\/pt\\\/pt-pt\\\/sobre-nos\\\/\"},{\"@type\":\"ListItem\",\"position\":3,\"name\":\"Apoia-nos\"}]},{\"@type\":\"WebSite\",\"@id\":\"https:\\\/\\\/www.2000m2.eu\\\/pt\\\/#website\",\"url\":\"https:\\\/\\\/www.2000m2.eu\\\/pt\\\/\",\"name\":\"2000m2\",\"description\":\"\",\"publisher\":{\"@id\":\"https:\\\/\\\/www.2000m2.eu\\\/pt\\\/#organization\"},\"potentialAction\":[{\"@type\":\"SearchAction\",\"target\":{\"@type\":\"EntryPoint\",\"urlTemplate\":\"https:\\\/\\\/www.2000m2.eu\\\/pt\\\/?s={search_term_string}\"},\"query-input\":{\"@type\":\"PropertyValueSpecification\",\"valueRequired\":true,\"valueName\":\"search_term_string\"}}],\"inLanguage\":\"pt-PT\"},{\"@type\":\"Organization\",\"@id\":\"https:\\\/\\\/www.2000m2.eu\\\/pt\\\/#organization\",\"name\":\"2000m2\",\"url\":\"https:\\\/\\\/www.2000m2.eu\\\/pt\\\/\",\"logo\":{\"@type\":\"ImageObject\",\"inLanguage\":\"pt-PT\",\"@id\":\"https:\\\/\\\/www.2000m2.eu\\\/pt\\\/#\\\/schema\\\/logo\\\/image\\\/\",\"url\":\"https:\\\/\\\/www.2000m2.eu\\\/wp-content\\\/uploads\\\/logo.png\",\"contentUrl\":\"https:\\\/\\\/www.2000m2.eu\\\/wp-content\\\/uploads\\\/logo.png\",\"width\":445,\"height\":140,\"caption\":\"2000m2\"},\"image\":{\"@id\":\"https:\\\/\\\/www.2000m2.eu\\\/pt\\\/#\\\/schema\\\/logo\\\/image\\\/\"}}]}<\/script>\n<!-- \/ Yoast SEO plugin. -->","yoast_head_json":{"title":"Apoia-nos - 2000m2","robots":{"index":"index","follow":"follow","max-snippet":"max-snippet:-1","max-image-preview":"max-image-preview:large","max-video-preview":"max-video-preview:-1"},"canonical":"https:\/\/www.2000m2.eu\/pt\/sobre-nos\/apoia-nos\/","og_locale":"pt_PT","og_type":"article","og_title":"Apoia-nos - 2000m2","og_description":"N\u00f3s precisamos de voc\u00eas! Gostas do nosso trabalho e queres ajudar-nos? Agradecemos qualquer apoio &#8211; seja sob a forma de donativo, de ajuda volunt\u00e1ria ou de qualquer outra coisa. Porque mesmo que uma parte do nosso trabalho seja financiada, continuamos a depender de donativos. O teu donativo reverte a 100% para os projectos da Coordena\u00e7\u00e3o...","og_url":"https:\/\/www.2000m2.eu\/pt\/sobre-nos\/apoia-nos\/","og_site_name":"2000m2","article_modified_time":"2026-02-06T07:05:16+00:00","og_image":[{"width":1800,"height":180,"url":"https:\/\/www.2000m2.eu\/wp-content\/uploads\/Featured_Images_unterstutze-uns.jpg","type":"image\/jpeg"}],"twitter_card":"summary_large_image","twitter_misc":{"Tempo estimado de leitura":"1 minuto"},"schema":{"@context":"https:\/\/schema.org","@graph":[{"@type":"WebPage","@id":"https:\/\/www.2000m2.eu\/pt\/sobre-nos\/apoia-nos\/","url":"https:\/\/www.2000m2.eu\/pt\/sobre-nos\/apoia-nos\/","name":"Apoia-nos - 2000m2","isPartOf":{"@id":"https:\/\/www.2000m2.eu\/pt\/#website"},"primaryImageOfPage":{"@id":"https:\/\/www.2000m2.eu\/pt\/sobre-nos\/apoia-nos\/#primaryimage"},"image":{"@id":"https:\/\/www.2000m2.eu\/pt\/sobre-nos\/apoia-nos\/#primaryimage"},"thumbnailUrl":"https:\/\/www.2000m2.eu\/wp-content\/uploads\/Featured_Images_unterstutze-uns.jpg","datePublished":"2024-09-10T07:55:00+00:00","dateModified":"2026-02-06T07:05:16+00:00","breadcrumb":{"@id":"https:\/\/www.2000m2.eu\/pt\/sobre-nos\/apoia-nos\/#breadcrumb"},"inLanguage":"pt-PT","potentialAction":[{"@type":"ReadAction","target":["https:\/\/www.2000m2.eu\/pt\/sobre-nos\/apoia-nos\/"]}]},{"@type":"ImageObject","inLanguage":"pt-PT","@id":"https:\/\/www.2000m2.eu\/pt\/sobre-nos\/apoia-nos\/#primaryimage","url":"https:\/\/www.2000m2.eu\/wp-content\/uploads\/Featured_Images_unterstutze-uns.jpg","contentUrl":"https:\/\/www.2000m2.eu\/wp-content\/uploads\/Featured_Images_unterstutze-uns.jpg","width":1800,"height":180},{"@type":"BreadcrumbList","@id":"https:\/\/www.2000m2.eu\/pt\/sobre-nos\/apoia-nos\/#breadcrumb","itemListElement":[{"@type":"ListItem","position":1,"name":"Home","item":"https:\/\/www.2000m2.eu\/pt\/"},{"@type":"ListItem","position":2,"name":"Sobre n\u00f3s","item":"https:\/\/www.2000m2.eu\/pt\/pt-pt\/sobre-nos\/"},{"@type":"ListItem","position":3,"name":"Apoia-nos"}]},{"@type":"WebSite","@id":"https:\/\/www.2000m2.eu\/pt\/#website","url":"https:\/\/www.2000m2.eu\/pt\/","name":"2000m2","description":"","publisher":{"@id":"https:\/\/www.2000m2.eu\/pt\/#organization"},"potentialAction":[{"@type":"SearchAction","target":{"@type":"EntryPoint","urlTemplate":"https:\/\/www.2000m2.eu\/pt\/?s={search_term_string}"},"query-input":{"@type":"PropertyValueSpecification","valueRequired":true,"valueName":"search_term_string"}}],"inLanguage":"pt-PT"},{"@type":"Organization","@id":"https:\/\/www.2000m2.eu\/pt\/#organization","name":"2000m2","url":"https:\/\/www.2000m2.eu\/pt\/","logo":{"@type":"ImageObject","inLanguage":"pt-PT","@id":"https:\/\/www.2000m2.eu\/pt\/#\/schema\/logo\/image\/","url":"https:\/\/www.2000m2.eu\/wp-content\/uploads\/logo.png","contentUrl":"https:\/\/www.2000m2.eu\/wp-content\/uploads\/logo.png","width":445,"height":140,"caption":"2000m2"},"image":{"@id":"https:\/\/www.2000m2.eu\/pt\/#\/schema\/logo\/image\/"}}]}},"_links":{"self":[{"href":"https:\/\/www.2000m2.eu\/pt\/wp-json\/wp\/v2\/pages\/13662","targetHints":{"allow":["GET"]}}],"collection":[{"href":"https:\/\/www.2000m2.eu\/pt\/wp-json\/wp\/v2\/pages"}],"about":[{"href":"https:\/\/www.2000m2.eu\/pt\/wp-json\/wp\/v2\/types\/page"}],"author":[{"embeddable":true,"href":"https:\/\/www.2000m2.eu\/pt\/wp-json\/wp\/v2\/users\/1"}],"replies":[{"embeddable":true,"href":"https:\/\/www.2000m2.eu\/pt\/wp-json\/wp\/v2\/comments?post=13662"}],"version-history":[{"count":2,"href":"https:\/\/www.2000m2.eu\/pt\/wp-json\/wp\/v2\/pages\/13662\/revisions"}],"predecessor-version":[{"id":27586,"href":"https:\/\/www.2000m2.eu\/pt\/wp-json\/wp\/v2\/pages\/13662\/revisions\/27586"}],"up":[{"embeddable":true,"href":"https:\/\/www.2000m2.eu\/pt\/wp-json\/wp\/v2\/pages\/13617"}],"wp:featuredmedia":[{"embeddable":true,"href":"https:\/\/www.2000m2.eu\/pt\/wp-json\/wp\/v2\/media\/23179"}],"wp:attachment":[{"href":"https:\/\/www.2000m2.eu\/pt\/wp-json\/wp\/v2\/media?parent=13662"}],"curies":[{"name":"wp","href":"https:\/\/api.w.org\/{rel}","templated":true}]}}