{"id":13678,"date":"2024-09-17T11:50:23","date_gmt":"2024-09-17T11:50:23","guid":{"rendered":"https:\/\/www.2000m2.eu\/nossas-ofertas\/fundar-um-campo-global\/"},"modified":"2025-09-08T08:18:46","modified_gmt":"2025-09-08T08:18:46","slug":"fundar-um-campo-global","status":"publish","type":"page","link":"https:\/\/www.2000m2.eu\/pt\/nossas-ofertas\/fundar-um-campo-global\/","title":{"rendered":"Fundar um Campo Global"},"content":{"rendered":"\n<h1 class=\"wp-block-heading\">Criar um Campo Global\u00ae \u2013 como fazer?<\/h1>\n\n<p>Voc\u00eas querem criar um Campo Global\u00ae no seu bairro? Querem fazer parte da rede global de Campos Globais e, junto conosco, impulsionar a educa\u00e7\u00e3o para uma agricultura sustent\u00e1vel e um sistema alimentar global vi\u00e1vel para o futuro? Ent\u00e3o, teremos imenso prazer em oferecer a nossa experi\u00eancia para apoiar voc\u00eas. Com satisfa\u00e7\u00e3o, enviaremos nosso guia para a cria\u00e7\u00e3o de um Campo Global\u00ae, oferecendo consultoria e acompanhamento durante todo o processo \u2014 desde as primeiras etapas at\u00e9 a inaugura\u00e7\u00e3o do projeto e, sempre que poss\u00edvel, tamb\u00e9m depois dela.   <\/p>\n\n<h2 class=\"wp-block-heading\">O que oferecemos<\/h2>\n\n<p>Se voc\u00eas desejarem criar um Campo Global\u00ae, estaremos ao lado de voc\u00eas com a nossa ampla experi\u00eancia. Podemos oferecer, totalmente de forma gratuita, os seguintes servi\u00e7os: <\/p>\n\n<ul class=\"wp-block-list\">\n<li>Um guia para a cria\u00e7\u00e3o de um Campo Global\u00ae<\/li>\n\n\n\n<li>Consulta inicial<\/li>\n\n\n\n<li>Uma pessoa de contacto fixa para todas as quest\u00f5es e para a media\u00e7\u00e3o de projectos individuais<\/li>\n\n\n\n<li>Visita ao local \u00e0 medida que o teu projeto ganha forma<\/li>\n\n\n\n<li>Planos de cultivo e conhecimentos sobre o Campo Global<\/li>\n\n\n\n<li>Imprime modelos para cartazes e material did\u00e1tico<\/li>\n\n\n\n<li>Uma variedade de m\u00f3dulos educacionais &#8211; tamb\u00e9m temos o prazer de organizar cursos de forma\u00e7\u00e3o Weltacker para os teus conselheiros educacionais<\/li>\n\n\n\n<li>O conceito do Buffet de Parcelas<\/li>\n\n\n\n<li>Material informativo, ilustra\u00e7\u00f5es e imagens  <\/li>\n\n\n\n<li>Interc\u00e2mbio com agricultores de todo o mundo<\/li>\n<\/ul>\n\n<p>Infelizmente, n\u00e3o podemos oferecer-te quaisquer recursos financeiros para o teu campo mundial ou cuidados permanentes gratuitos.  <\/p>\n\n<h2 class=\"wp-block-heading\">O que tens de considerar<\/h2>\n\n<p>Se voc\u00eas quiserem criar um Campo Global\u00ae, queremos ser informados e conhecer o que voc\u00eas pretendem realizar. Al\u00e9m disso, h\u00e1 algumas diretrizes b\u00e1sicas que devem ser seguidas.<br\/>Confiram aqui:  <\/p>\n\n<div data-wp-interactive=\"core\/file\" class=\"wp-block-file\"><object data-wp-bind--hidden=\"!state.hasPdfPreview\" hidden class=\"wp-block-file__embed\" data=\"https:\/\/www.2000m2.eu\/wp-content\/uploads\/Weltacker-Richtlinien.pdf\" type=\"application\/pdf\" style=\"width:100%;height:600px\" aria-label=\"Incorpora\u00e7\u00e3o de Weltacker-Richtlinien.\"><\/object><a id=\"wp-block-file--media-af8e655c-fdd0-4919-a470-754b56cf772a\" href=\"https:\/\/www.2000m2.eu\/wp-content\/uploads\/Weltacker-Richtlinien.pdf\">Diretrizes do Campo Global<\/a><a href=\"https:\/\/www.2000m2.eu\/wp-content\/uploads\/Weltacker-Richtlinien.pdf\" class=\"wp-block-file__button wp-element-button\" download=\"\" aria-describedby=\"wp-block-file--media-af8e655c-fdd0-4919-a470-754b56cf772a\">Baixar<\/a><\/div>\n\n<p>A pessoa de contato para orienta\u00e7\u00f5es \u00e9 o <a href=\"mailto:jordan@2000m2.eu\">Jasper.<\/a> Se voc\u00eas n\u00e3o falam alem\u00e3o ou ingl\u00eas, informem-nos \u2014 certamente encontraremos algu\u00e9m na rede que possa ajudar com as tradu\u00e7\u00f5es.  <\/p>\n","protected":false},"excerpt":{"rendered":"<p>Criar um Campo Global\u00ae \u2013 como fazer? Voc\u00eas querem criar um Campo Global\u00ae no seu bairro? Querem fazer parte da rede global de Campos Globais e, junto conosco, impulsionar a educa\u00e7\u00e3o para uma agricultura sustent\u00e1vel e um sistema alimentar global vi\u00e1vel para o futuro? Ent\u00e3o, teremos imenso prazer em oferecer a nossa experi\u00eancia para apoiar&#8230;<\/p>\n","protected":false},"author":1,"featured_media":0,"parent":13669,"menu_order":20,"comment_status":"closed","ping_status":"closed","template":"","meta":{"footnotes":""},"class_list":["post-13678","page","type-page","status-publish"],"yoast_head":"<!-- This site is optimized with the Yoast SEO plugin v27.4 - https:\/\/yoast.com\/product\/yoast-seo-wordpress\/ -->\n<title>Fundar um Campo Global - 2000m2<\/title>\n<meta name=\"robots\" content=\"index, follow, max-snippet:-1, max-image-preview:large, max-video-preview:-1\" \/>\n<link rel=\"canonical\" href=\"https:\/\/www.2000m2.eu\/pt\/nossas-ofertas\/fundar-um-campo-global\/\" \/>\n<meta property=\"og:locale\" content=\"pt_PT\" \/>\n<meta property=\"og:type\" content=\"article\" \/>\n<meta property=\"og:title\" content=\"Fundar um Campo Global - 2000m2\" \/>\n<meta property=\"og:description\" content=\"Criar um Campo Global\u00ae \u2013 como fazer? Voc\u00eas querem criar um Campo Global\u00ae no seu bairro? Querem fazer parte da rede global de Campos Globais e, junto conosco, impulsionar a educa\u00e7\u00e3o para uma agricultura sustent\u00e1vel e um sistema alimentar global vi\u00e1vel para o futuro? Ent\u00e3o, teremos imenso prazer em oferecer a nossa experi\u00eancia para apoiar...\" \/>\n<meta property=\"og:url\" content=\"https:\/\/www.2000m2.eu\/pt\/nossas-ofertas\/fundar-um-campo-global\/\" \/>\n<meta property=\"og:site_name\" content=\"2000m2\" \/>\n<meta property=\"article:modified_time\" content=\"2025-09-08T08:18:46+00:00\" \/>\n<meta property=\"og:image\" content=\"https:\/\/www.2000m2.eu\/wp-content\/uploads\/Featured_Images_Weltacker-grunden.jpg\" \/>\n\t<meta property=\"og:image:width\" content=\"1800\" \/>\n\t<meta property=\"og:image:height\" content=\"180\" \/>\n\t<meta property=\"og:image:type\" content=\"image\/jpeg\" \/>\n<meta name=\"twitter:card\" content=\"summary_large_image\" \/>\n<meta name=\"twitter:label1\" content=\"Tempo estimado de leitura\" \/>\n\t<meta name=\"twitter:data1\" content=\"2 minutos\" \/>\n<script type=\"application\/ld+json\" class=\"yoast-schema-graph\">{\"@context\":\"https:\\\/\\\/schema.org\",\"@graph\":[{\"@type\":\"WebPage\",\"@id\":\"https:\\\/\\\/www.2000m2.eu\\\/pt\\\/nossas-ofertas\\\/fundar-um-campo-global\\\/\",\"url\":\"https:\\\/\\\/www.2000m2.eu\\\/pt\\\/nossas-ofertas\\\/fundar-um-campo-global\\\/\",\"name\":\"Fundar um Campo Global - 2000m2\",\"isPartOf\":{\"@id\":\"https:\\\/\\\/www.2000m2.eu\\\/pt\\\/#website\"},\"datePublished\":\"2024-09-17T11:50:23+00:00\",\"dateModified\":\"2025-09-08T08:18:46+00:00\",\"breadcrumb\":{\"@id\":\"https:\\\/\\\/www.2000m2.eu\\\/pt\\\/nossas-ofertas\\\/fundar-um-campo-global\\\/#breadcrumb\"},\"inLanguage\":\"pt-PT\",\"potentialAction\":[{\"@type\":\"ReadAction\",\"target\":[\"https:\\\/\\\/www.2000m2.eu\\\/pt\\\/nossas-ofertas\\\/fundar-um-campo-global\\\/\"]}]},{\"@type\":\"BreadcrumbList\",\"@id\":\"https:\\\/\\\/www.2000m2.eu\\\/pt\\\/nossas-ofertas\\\/fundar-um-campo-global\\\/#breadcrumb\",\"itemListElement\":[{\"@type\":\"ListItem\",\"position\":1,\"name\":\"Home\",\"item\":\"https:\\\/\\\/www.2000m2.eu\\\/pt\\\/\"},{\"@type\":\"ListItem\",\"position\":2,\"name\":\"Nossas ofertas\",\"item\":\"https:\\\/\\\/www.2000m2.eu\\\/pt\\\/nossas-ofertas\\\/\"},{\"@type\":\"ListItem\",\"position\":3,\"name\":\"Fundar um Campo Global\"}]},{\"@type\":\"WebSite\",\"@id\":\"https:\\\/\\\/www.2000m2.eu\\\/pt\\\/#website\",\"url\":\"https:\\\/\\\/www.2000m2.eu\\\/pt\\\/\",\"name\":\"2000m2\",\"description\":\"\",\"publisher\":{\"@id\":\"https:\\\/\\\/www.2000m2.eu\\\/pt\\\/#organization\"},\"potentialAction\":[{\"@type\":\"SearchAction\",\"target\":{\"@type\":\"EntryPoint\",\"urlTemplate\":\"https:\\\/\\\/www.2000m2.eu\\\/pt\\\/?s={search_term_string}\"},\"query-input\":{\"@type\":\"PropertyValueSpecification\",\"valueRequired\":true,\"valueName\":\"search_term_string\"}}],\"inLanguage\":\"pt-PT\"},{\"@type\":\"Organization\",\"@id\":\"https:\\\/\\\/www.2000m2.eu\\\/pt\\\/#organization\",\"name\":\"2000m2\",\"url\":\"https:\\\/\\\/www.2000m2.eu\\\/pt\\\/\",\"logo\":{\"@type\":\"ImageObject\",\"inLanguage\":\"pt-PT\",\"@id\":\"https:\\\/\\\/www.2000m2.eu\\\/pt\\\/#\\\/schema\\\/logo\\\/image\\\/\",\"url\":\"https:\\\/\\\/www.2000m2.eu\\\/wp-content\\\/uploads\\\/logo.png\",\"contentUrl\":\"https:\\\/\\\/www.2000m2.eu\\\/wp-content\\\/uploads\\\/logo.png\",\"width\":445,\"height\":140,\"caption\":\"2000m2\"},\"image\":{\"@id\":\"https:\\\/\\\/www.2000m2.eu\\\/pt\\\/#\\\/schema\\\/logo\\\/image\\\/\"}}]}<\/script>\n<!-- \/ Yoast SEO plugin. -->","yoast_head_json":{"title":"Fundar um Campo Global - 2000m2","robots":{"index":"index","follow":"follow","max-snippet":"max-snippet:-1","max-image-preview":"max-image-preview:large","max-video-preview":"max-video-preview:-1"},"canonical":"https:\/\/www.2000m2.eu\/pt\/nossas-ofertas\/fundar-um-campo-global\/","og_locale":"pt_PT","og_type":"article","og_title":"Fundar um Campo Global - 2000m2","og_description":"Criar um Campo Global\u00ae \u2013 como fazer? Voc\u00eas querem criar um Campo Global\u00ae no seu bairro? Querem fazer parte da rede global de Campos Globais e, junto conosco, impulsionar a educa\u00e7\u00e3o para uma agricultura sustent\u00e1vel e um sistema alimentar global vi\u00e1vel para o futuro? Ent\u00e3o, teremos imenso prazer em oferecer a nossa experi\u00eancia para apoiar...","og_url":"https:\/\/www.2000m2.eu\/pt\/nossas-ofertas\/fundar-um-campo-global\/","og_site_name":"2000m2","article_modified_time":"2025-09-08T08:18:46+00:00","og_image":[{"width":1800,"height":180,"url":"https:\/\/www.2000m2.eu\/wp-content\/uploads\/Featured_Images_Weltacker-grunden.jpg","type":"image\/jpeg"}],"twitter_card":"summary_large_image","twitter_misc":{"Tempo estimado de leitura":"2 minutos"},"schema":{"@context":"https:\/\/schema.org","@graph":[{"@type":"WebPage","@id":"https:\/\/www.2000m2.eu\/pt\/nossas-ofertas\/fundar-um-campo-global\/","url":"https:\/\/www.2000m2.eu\/pt\/nossas-ofertas\/fundar-um-campo-global\/","name":"Fundar um Campo Global - 2000m2","isPartOf":{"@id":"https:\/\/www.2000m2.eu\/pt\/#website"},"datePublished":"2024-09-17T11:50:23+00:00","dateModified":"2025-09-08T08:18:46+00:00","breadcrumb":{"@id":"https:\/\/www.2000m2.eu\/pt\/nossas-ofertas\/fundar-um-campo-global\/#breadcrumb"},"inLanguage":"pt-PT","potentialAction":[{"@type":"ReadAction","target":["https:\/\/www.2000m2.eu\/pt\/nossas-ofertas\/fundar-um-campo-global\/"]}]},{"@type":"BreadcrumbList","@id":"https:\/\/www.2000m2.eu\/pt\/nossas-ofertas\/fundar-um-campo-global\/#breadcrumb","itemListElement":[{"@type":"ListItem","position":1,"name":"Home","item":"https:\/\/www.2000m2.eu\/pt\/"},{"@type":"ListItem","position":2,"name":"Nossas ofertas","item":"https:\/\/www.2000m2.eu\/pt\/nossas-ofertas\/"},{"@type":"ListItem","position":3,"name":"Fundar um Campo Global"}]},{"@type":"WebSite","@id":"https:\/\/www.2000m2.eu\/pt\/#website","url":"https:\/\/www.2000m2.eu\/pt\/","name":"2000m2","description":"","publisher":{"@id":"https:\/\/www.2000m2.eu\/pt\/#organization"},"potentialAction":[{"@type":"SearchAction","target":{"@type":"EntryPoint","urlTemplate":"https:\/\/www.2000m2.eu\/pt\/?s={search_term_string}"},"query-input":{"@type":"PropertyValueSpecification","valueRequired":true,"valueName":"search_term_string"}}],"inLanguage":"pt-PT"},{"@type":"Organization","@id":"https:\/\/www.2000m2.eu\/pt\/#organization","name":"2000m2","url":"https:\/\/www.2000m2.eu\/pt\/","logo":{"@type":"ImageObject","inLanguage":"pt-PT","@id":"https:\/\/www.2000m2.eu\/pt\/#\/schema\/logo\/image\/","url":"https:\/\/www.2000m2.eu\/wp-content\/uploads\/logo.png","contentUrl":"https:\/\/www.2000m2.eu\/wp-content\/uploads\/logo.png","width":445,"height":140,"caption":"2000m2"},"image":{"@id":"https:\/\/www.2000m2.eu\/pt\/#\/schema\/logo\/image\/"}}]}},"_links":{"self":[{"href":"https:\/\/www.2000m2.eu\/pt\/wp-json\/wp\/v2\/pages\/13678","targetHints":{"allow":["GET"]}}],"collection":[{"href":"https:\/\/www.2000m2.eu\/pt\/wp-json\/wp\/v2\/pages"}],"about":[{"href":"https:\/\/www.2000m2.eu\/pt\/wp-json\/wp\/v2\/types\/page"}],"author":[{"embeddable":true,"href":"https:\/\/www.2000m2.eu\/pt\/wp-json\/wp\/v2\/users\/1"}],"replies":[{"embeddable":true,"href":"https:\/\/www.2000m2.eu\/pt\/wp-json\/wp\/v2\/comments?post=13678"}],"version-history":[{"count":1,"href":"https:\/\/www.2000m2.eu\/pt\/wp-json\/wp\/v2\/pages\/13678\/revisions"}],"predecessor-version":[{"id":13681,"href":"https:\/\/www.2000m2.eu\/pt\/wp-json\/wp\/v2\/pages\/13678\/revisions\/13681"}],"up":[{"embeddable":true,"href":"https:\/\/www.2000m2.eu\/pt\/wp-json\/wp\/v2\/pages\/13669"}],"wp:attachment":[{"href":"https:\/\/www.2000m2.eu\/pt\/wp-json\/wp\/v2\/media?parent=13678"}],"curies":[{"name":"wp","href":"https:\/\/api.w.org\/{rel}","templated":true}]}}