{"id":13682,"date":"2024-09-17T11:51:01","date_gmt":"2024-09-17T11:51:01","guid":{"rendered":"https:\/\/www.2000m2.eu\/nossas-ofertas\/o-calculador-de-area\/"},"modified":"2025-08-11T12:02:15","modified_gmt":"2025-08-11T12:02:15","slug":"o-calculador-de-area","status":"publish","type":"page","link":"https:\/\/www.2000m2.eu\/pt\/nossas-ofertas\/o-calculador-de-area\/","title":{"rendered":"O calculador de \u00e1rea"},"content":{"rendered":"\n<h1 class=\"wp-block-heading\">Calculadora da nossa \u00e1rea &#8211; MYM2<\/h1>\n\n<p><\/p>\n<style>.wp-block-kadence-column.kb-section-dir-horizontal > .kt-inside-inner-col > .kt-info-box61_f55e17-b2{max-width:637px;}.wp-block-kadence-column.kb-section-dir-horizontal > .kt-inside-inner-col > .kt-info-box61_f55e17-b2 .kt-blocks-info-box-link-wrap{max-width:unset;}.kt-info-box61_f55e17-b2 .kt-blocks-info-box-link-wrap{border-top:1px solid var(--accent);border-right:1px solid var(--accent);border-bottom:1px solid var(--accent);border-left:1px solid var(--accent);border-top-left-radius:30px;border-top-right-radius:30px;border-bottom-right-radius:30px;border-bottom-left-radius:30px;background:var(--base-3);max-width:637px;padding-top:var(--global-kb-spacing-sm, 1.5rem);padding-right:var(--global-kb-spacing-sm, 1.5rem);padding-bottom:var(--global-kb-spacing-sm, 1.5rem);padding-left:var(--global-kb-spacing-sm, 1.5rem);margin-top:10px;}.kt-info-box61_f55e17-b2.wp-block-kadence-infobox{max-width:100%;}.kt-info-box61_f55e17-b2 .kadence-info-box-image-inner-intrisic-container{max-width:100px;}.kt-info-box61_f55e17-b2 .kadence-info-box-image-inner-intrisic-container .kadence-info-box-image-intrisic{padding-bottom:100%;width:1416px;height:0px;max-width:100%;}.kt-info-box61_f55e17-b2 .kadence-info-box-icon-container .kt-info-svg-icon, .kt-info-box61_f55e17-b2 .kt-info-svg-icon-flip, .kt-info-box61_f55e17-b2 .kt-blocks-info-box-number{font-size:50px;}.kt-info-box61_f55e17-b2 .kt-blocks-info-box-media{border-color:var(--global-palette7, #eeeeee);border-radius:200px;overflow:hidden;border-top-width:0px;border-right-width:0px;border-bottom-width:0px;border-left-width:0px;padding-top:0px;padding-right:0px;padding-bottom:0px;padding-left:0px;margin-top:0px;margin-right:20px;margin-bottom:0px;margin-left:0px;}.kt-info-box61_f55e17-b2 .kt-infobox-textcontent h2.kt-blocks-info-box-title{color:var(--contrast);padding-top:0px;padding-right:0px;padding-bottom:0px;padding-left:0px;margin-top:5px;margin-right:0px;margin-bottom:10px;margin-left:0px;}.kt-info-box61_f55e17-b2 .kt-blocks-info-box-link-wrap:hover h2.kt-blocks-info-box-title{color:var(--accent);}.wp-block-kadence-infobox.kt-info-box61_f55e17-b2 .kt-blocks-info-box-text{margin-top:0px;margin-right:0px;margin-bottom:15px;margin-left:0px;}.kt-info-box61_f55e17-b2 .kt-blocks-info-box-learnmore{color:var(--base-3);background:var(--accent);border-radius:25px;border-width:0px 0px 0px 0px;padding-top:4px;padding-right:8px;padding-bottom:4px;padding-left:8px;margin-top:10px;margin-right:0px;margin-bottom:10px;margin-left:0px;}.kt-info-box61_f55e17-b2 .kt-blocks-info-box-link-wrap{box-shadow:2px 2px 2px 3px var(--base-2);}.kt-info-box61_f55e17-b2 .kt-blocks-info-box-link-wrap:hover{box-shadow:0px 0px 14px 0px var(--contrast-2);}@media all and (max-width: 1024px){.kt-info-box61_f55e17-b2 .kt-blocks-info-box-link-wrap{border-top:1px solid var(--accent);border-right:1px solid var(--accent);border-bottom:1px solid var(--accent);border-left:1px solid var(--accent);box-shadow:2px 2px 2px 3px var(--base-2);}}@media all and (max-width: 1024px){.kt-info-box61_f55e17-b2 .kt-blocks-info-box-link-wrap:hover{box-shadow:0px 0px 14px 0px var(--contrast-2);}}@media all and (max-width: 767px){.kt-info-box61_f55e17-b2 .kt-blocks-info-box-link-wrap{border-top:1px solid var(--accent);border-right:1px solid var(--accent);border-bottom:1px solid var(--accent);border-left:1px solid var(--accent);text-align:center;display:block;box-shadow:2px 2px 2px 3px var(--base-2);}.kt-info-box61_f55e17-b2 .kt-blocks-info-box-link-wrap .kt-blocks-info-box-media{display:inline-block;max-width:100%;}.kt-info-box61_f55e17-b2 .kt-blocks-info-box-link-wrap:hover{box-shadow:0px 0px 14px 0px var(--contrast-2);}}<\/style>\n<div class=\"wp-block-kadence-infobox kt-info-box61_f55e17-b2\"><a class=\"kt-blocks-info-box-link-wrap info-box-link kt-blocks-info-box-media-align-left kt-info-halign-left kb-info-mobile-halign-center\" href=\"https:\/\/rechner.2000m2.eu\/de\/\"><div class=\"kt-blocks-info-box-media-container\"><div class=\"kt-blocks-info-box-media kt-info-media-animate-none\"><div class=\"kadence-info-box-image-inner-intrisic-container\"><div class=\"kadence-info-box-image-intrisic kt-info-animate-none kb-info-box-image-ratio kb-info-box-image-ratio-square\"><div class=\"kadence-info-box-image-inner-intrisic\"><img decoding=\"async\" src=\"https:\/\/www.2000m2.eu\/wp-content\/uploads\/2000m2_Logo_MyM2_ohneEbenen.jpg\" alt=\"\" width=\"1416\" height=\"1516\" class=\"kt-info-box-image wp-image-2818\" srcset=\"https:\/\/www.2000m2.eu\/wp-content\/uploads\/2000m2_Logo_MyM2_ohneEbenen.jpg 1416w, https:\/\/www.2000m2.eu\/wp-content\/uploads\/2000m2_Logo_MyM2_ohneEbenen-280x300.jpg 280w, https:\/\/www.2000m2.eu\/wp-content\/uploads\/2000m2_Logo_MyM2_ohneEbenen-956x1024.jpg 956w, https:\/\/www.2000m2.eu\/wp-content\/uploads\/2000m2_Logo_MyM2_ohneEbenen-768x822.jpg 768w\" sizes=\"(max-width: 1416px) 100vw, 1416px\" \/><\/div><\/div><\/div><\/div><\/div><div class=\"kt-infobox-textcontent\"><h2 class=\"kt-blocks-info-box-title\">Diretamente para a calculadora da \u00e1rea<\/h2><\/div><\/a><\/div>\n\n<p><\/p>\n\n<h3 class=\"wp-block-heading\">Que quantidade de terra ar\u00e1vel existe nos meus alimentos?<\/h3>\n\n<p>Com a calculadora de \u00e1rea MYM2, \u00e9 poss\u00edvel descobrir quanta \u00e1rea agr\u00edcola \u00e9 utilizada para preparar diferentes pratos. E como funciona? \u00c9 muito simples: basta inserir os ingredientes utilizados nas quantidades correspondentes, e o sistema calcula automaticamente a \u00e1rea necess\u00e1ria.<br\/>E n\u00e3o para por a\u00ed! O prato consumido tamb\u00e9m \u00e9 comparado com a cota di\u00e1ria dispon\u00edvel para alimenta\u00e7\u00e3o (4,2 m\u00b2) de uma pessoa. Assim, \u00e9 r\u00e1pido e f\u00e1cil verificar quanto ainda resta dos seus 2000 m\u00b2 dispon\u00edveis.     <\/p>\n\n<p>Por que 2000 m\u00b2? Atualmente, pouco mais de 8 bilh\u00f5es de pessoas vivem no mundo e compartilham cerca de 1,6 bilh\u00e3o de hectares de terras agr\u00edcolas. Isso significa que cada pessoa tem, em m\u00e9dia, 2000 m\u00b2 de terra ar\u00e1vel, onde precisa crescer tudo o que ser\u00e1 consumido em um ano. Dividindo por 365 dias, restam 5,5 m\u00b2 por pessoa por dia. Somente para a alimenta\u00e7\u00e3o \u2014 ou seja, sem contar roupas, energia etc. \u2014 isso corresponde a 4,2 m\u00b2 de \u00e1rea agr\u00edcola.<\/p>\n\n<p>E a\u00ed? J\u00e1 consumiu toda a sua ra\u00e7\u00e3o di\u00e1ria logo no caf\u00e9 da manh\u00e3?  <a href=\"http:\/\/www.mym2.de\">Agora faz as contas na calculadora.<\/a> <\/p>\n\n<h3 class=\"wp-block-heading\">E isto \u00e9 o que te parece:<\/h3>\n\n <div class=\"brlbs-cmpnt-container brlbs-cmpnt-content-blocker brlbs-cmpnt-with-individual-styles\" data-borlabs-cookie-content-blocker-id=\"default\" data-borlabs-cookie-content=\"PGlmcmFtZSBzcmM9Imh0dHBzOi8vcmVjaG5lci4yMDAwbTIuZXUvZGUvcmVzdWx0L3BpenphLXNhbGFtaSIgY2xhc3M9ImZsYWVjaGVucmVjaG5lciIgd2lkdGg9IjEyMDBweCIgaGVpZ2h0PSIxMDAwcHgiPjwvaWZyYW1lPg==\"><div class=\"brlbs-cmpnt-cb-preset-a\"> <p class=\"brlbs-cmpnt-cb-description\">You are currently viewing a placeholder content from <strong>Default<\/strong>. To access the actual content, click the button below. Please note that doing so will share data with third-party providers.<\/p> <div class=\"brlbs-cmpnt-cb-buttons\"> <a class=\"brlbs-cmpnt-cb-btn\" href=\"#\" data-borlabs-cookie-unblock role=\"button\">Unblock content<\/a> <a class=\"brlbs-cmpnt-cb-btn\" href=\"#\" data-borlabs-cookie-accept-service role=\"button\" style=\"display: none\">Accept required service and unblock content<\/a> <\/div> <a class=\"brlbs-cmpnt-cb-provider-toggle\" href=\"#\" data-borlabs-cookie-show-provider-information role=\"button\">More Information<\/a> <\/div><\/div>\n","protected":false},"excerpt":{"rendered":"<p>Calculadora da nossa \u00e1rea &#8211; MYM2 Que quantidade de terra ar\u00e1vel existe nos meus alimentos? Com a calculadora de \u00e1rea MYM2, \u00e9 poss\u00edvel descobrir quanta \u00e1rea agr\u00edcola \u00e9 utilizada para preparar diferentes pratos. E como funciona? \u00c9 muito simples: basta inserir os ingredientes utilizados nas quantidades correspondentes, e o sistema calcula automaticamente a \u00e1rea necess\u00e1ria.E&#8230;<\/p>\n","protected":false},"author":1,"featured_media":0,"parent":13669,"menu_order":22,"comment_status":"closed","ping_status":"closed","template":"","meta":{"footnotes":""},"class_list":["post-13682","page","type-page","status-publish"],"yoast_head":"<!-- This site is optimized with the Yoast SEO plugin v27.4 - https:\/\/yoast.com\/product\/yoast-seo-wordpress\/ -->\n<title>O calculador de \u00e1rea - 2000m2<\/title>\n<meta name=\"robots\" content=\"index, follow, max-snippet:-1, max-image-preview:large, max-video-preview:-1\" \/>\n<link rel=\"canonical\" href=\"https:\/\/www.2000m2.eu\/pt\/nossas-ofertas\/o-calculador-de-area\/\" \/>\n<meta property=\"og:locale\" content=\"pt_PT\" \/>\n<meta property=\"og:type\" content=\"article\" \/>\n<meta property=\"og:title\" content=\"O calculador de \u00e1rea - 2000m2\" \/>\n<meta property=\"og:description\" content=\"Calculadora da nossa \u00e1rea &#8211; MYM2 Que quantidade de terra ar\u00e1vel existe nos meus alimentos? Com a calculadora de \u00e1rea MYM2, \u00e9 poss\u00edvel descobrir quanta \u00e1rea agr\u00edcola \u00e9 utilizada para preparar diferentes pratos. E como funciona? \u00c9 muito simples: basta inserir os ingredientes utilizados nas quantidades correspondentes, e o sistema calcula automaticamente a \u00e1rea necess\u00e1ria.E...\" \/>\n<meta property=\"og:url\" content=\"https:\/\/www.2000m2.eu\/pt\/nossas-ofertas\/o-calculador-de-area\/\" \/>\n<meta property=\"og:site_name\" content=\"2000m2\" \/>\n<meta property=\"article:modified_time\" content=\"2025-08-11T12:02:15+00:00\" \/>\n<meta property=\"og:image\" content=\"https:\/\/www.2000m2.eu\/wp-content\/uploads\/Featured_Images_Flachenrechner.jpg\" \/>\n\t<meta property=\"og:image:width\" content=\"1800\" \/>\n\t<meta property=\"og:image:height\" content=\"180\" \/>\n\t<meta property=\"og:image:type\" content=\"image\/jpeg\" \/>\n<meta name=\"twitter:card\" content=\"summary_large_image\" \/>\n<meta name=\"twitter:label1\" content=\"Tempo estimado de leitura\" \/>\n\t<meta name=\"twitter:data1\" content=\"1 minuto\" \/>\n<script type=\"application\/ld+json\" class=\"yoast-schema-graph\">{\"@context\":\"https:\\\/\\\/schema.org\",\"@graph\":[{\"@type\":\"WebPage\",\"@id\":\"https:\\\/\\\/www.2000m2.eu\\\/pt\\\/nossas-ofertas\\\/o-calculador-de-area\\\/\",\"url\":\"https:\\\/\\\/www.2000m2.eu\\\/pt\\\/nossas-ofertas\\\/o-calculador-de-area\\\/\",\"name\":\"O calculador de \u00e1rea - 2000m2\",\"isPartOf\":{\"@id\":\"https:\\\/\\\/www.2000m2.eu\\\/pt\\\/#website\"},\"primaryImageOfPage\":{\"@id\":\"https:\\\/\\\/www.2000m2.eu\\\/pt\\\/nossas-ofertas\\\/o-calculador-de-area\\\/#primaryimage\"},\"image\":{\"@id\":\"https:\\\/\\\/www.2000m2.eu\\\/pt\\\/nossas-ofertas\\\/o-calculador-de-area\\\/#primaryimage\"},\"thumbnailUrl\":\"https:\\\/\\\/www.2000m2.eu\\\/wp-content\\\/uploads\\\/2000m2_Logo_MyM2_ohneEbenen.jpg\",\"datePublished\":\"2024-09-17T11:51:01+00:00\",\"dateModified\":\"2025-08-11T12:02:15+00:00\",\"breadcrumb\":{\"@id\":\"https:\\\/\\\/www.2000m2.eu\\\/pt\\\/nossas-ofertas\\\/o-calculador-de-area\\\/#breadcrumb\"},\"inLanguage\":\"pt-PT\",\"potentialAction\":[{\"@type\":\"ReadAction\",\"target\":[\"https:\\\/\\\/www.2000m2.eu\\\/pt\\\/nossas-ofertas\\\/o-calculador-de-area\\\/\"]}]},{\"@type\":\"ImageObject\",\"inLanguage\":\"pt-PT\",\"@id\":\"https:\\\/\\\/www.2000m2.eu\\\/pt\\\/nossas-ofertas\\\/o-calculador-de-area\\\/#primaryimage\",\"url\":\"https:\\\/\\\/www.2000m2.eu\\\/wp-content\\\/uploads\\\/2000m2_Logo_MyM2_ohneEbenen.jpg\",\"contentUrl\":\"https:\\\/\\\/www.2000m2.eu\\\/wp-content\\\/uploads\\\/2000m2_Logo_MyM2_ohneEbenen.jpg\"},{\"@type\":\"BreadcrumbList\",\"@id\":\"https:\\\/\\\/www.2000m2.eu\\\/pt\\\/nossas-ofertas\\\/o-calculador-de-area\\\/#breadcrumb\",\"itemListElement\":[{\"@type\":\"ListItem\",\"position\":1,\"name\":\"Home\",\"item\":\"https:\\\/\\\/www.2000m2.eu\\\/pt\\\/\"},{\"@type\":\"ListItem\",\"position\":2,\"name\":\"Nossas ofertas\",\"item\":\"https:\\\/\\\/www.2000m2.eu\\\/pt\\\/nossas-ofertas\\\/\"},{\"@type\":\"ListItem\",\"position\":3,\"name\":\"O calculador de \u00e1rea\"}]},{\"@type\":\"WebSite\",\"@id\":\"https:\\\/\\\/www.2000m2.eu\\\/pt\\\/#website\",\"url\":\"https:\\\/\\\/www.2000m2.eu\\\/pt\\\/\",\"name\":\"2000m2\",\"description\":\"\",\"publisher\":{\"@id\":\"https:\\\/\\\/www.2000m2.eu\\\/pt\\\/#organization\"},\"potentialAction\":[{\"@type\":\"SearchAction\",\"target\":{\"@type\":\"EntryPoint\",\"urlTemplate\":\"https:\\\/\\\/www.2000m2.eu\\\/pt\\\/?s={search_term_string}\"},\"query-input\":{\"@type\":\"PropertyValueSpecification\",\"valueRequired\":true,\"valueName\":\"search_term_string\"}}],\"inLanguage\":\"pt-PT\"},{\"@type\":\"Organization\",\"@id\":\"https:\\\/\\\/www.2000m2.eu\\\/pt\\\/#organization\",\"name\":\"2000m2\",\"url\":\"https:\\\/\\\/www.2000m2.eu\\\/pt\\\/\",\"logo\":{\"@type\":\"ImageObject\",\"inLanguage\":\"pt-PT\",\"@id\":\"https:\\\/\\\/www.2000m2.eu\\\/pt\\\/#\\\/schema\\\/logo\\\/image\\\/\",\"url\":\"https:\\\/\\\/www.2000m2.eu\\\/wp-content\\\/uploads\\\/logo.png\",\"contentUrl\":\"https:\\\/\\\/www.2000m2.eu\\\/wp-content\\\/uploads\\\/logo.png\",\"width\":445,\"height\":140,\"caption\":\"2000m2\"},\"image\":{\"@id\":\"https:\\\/\\\/www.2000m2.eu\\\/pt\\\/#\\\/schema\\\/logo\\\/image\\\/\"}}]}<\/script>\n<!-- \/ Yoast SEO plugin. -->","yoast_head_json":{"title":"O calculador de \u00e1rea - 2000m2","robots":{"index":"index","follow":"follow","max-snippet":"max-snippet:-1","max-image-preview":"max-image-preview:large","max-video-preview":"max-video-preview:-1"},"canonical":"https:\/\/www.2000m2.eu\/pt\/nossas-ofertas\/o-calculador-de-area\/","og_locale":"pt_PT","og_type":"article","og_title":"O calculador de \u00e1rea - 2000m2","og_description":"Calculadora da nossa \u00e1rea &#8211; MYM2 Que quantidade de terra ar\u00e1vel existe nos meus alimentos? Com a calculadora de \u00e1rea MYM2, \u00e9 poss\u00edvel descobrir quanta \u00e1rea agr\u00edcola \u00e9 utilizada para preparar diferentes pratos. E como funciona? \u00c9 muito simples: basta inserir os ingredientes utilizados nas quantidades correspondentes, e o sistema calcula automaticamente a \u00e1rea necess\u00e1ria.E...","og_url":"https:\/\/www.2000m2.eu\/pt\/nossas-ofertas\/o-calculador-de-area\/","og_site_name":"2000m2","article_modified_time":"2025-08-11T12:02:15+00:00","og_image":[{"width":1800,"height":180,"url":"https:\/\/www.2000m2.eu\/wp-content\/uploads\/Featured_Images_Flachenrechner.jpg","type":"image\/jpeg"}],"twitter_card":"summary_large_image","twitter_misc":{"Tempo estimado de leitura":"1 minuto"},"schema":{"@context":"https:\/\/schema.org","@graph":[{"@type":"WebPage","@id":"https:\/\/www.2000m2.eu\/pt\/nossas-ofertas\/o-calculador-de-area\/","url":"https:\/\/www.2000m2.eu\/pt\/nossas-ofertas\/o-calculador-de-area\/","name":"O calculador de \u00e1rea - 2000m2","isPartOf":{"@id":"https:\/\/www.2000m2.eu\/pt\/#website"},"primaryImageOfPage":{"@id":"https:\/\/www.2000m2.eu\/pt\/nossas-ofertas\/o-calculador-de-area\/#primaryimage"},"image":{"@id":"https:\/\/www.2000m2.eu\/pt\/nossas-ofertas\/o-calculador-de-area\/#primaryimage"},"thumbnailUrl":"https:\/\/www.2000m2.eu\/wp-content\/uploads\/2000m2_Logo_MyM2_ohneEbenen.jpg","datePublished":"2024-09-17T11:51:01+00:00","dateModified":"2025-08-11T12:02:15+00:00","breadcrumb":{"@id":"https:\/\/www.2000m2.eu\/pt\/nossas-ofertas\/o-calculador-de-area\/#breadcrumb"},"inLanguage":"pt-PT","potentialAction":[{"@type":"ReadAction","target":["https:\/\/www.2000m2.eu\/pt\/nossas-ofertas\/o-calculador-de-area\/"]}]},{"@type":"ImageObject","inLanguage":"pt-PT","@id":"https:\/\/www.2000m2.eu\/pt\/nossas-ofertas\/o-calculador-de-area\/#primaryimage","url":"https:\/\/www.2000m2.eu\/wp-content\/uploads\/2000m2_Logo_MyM2_ohneEbenen.jpg","contentUrl":"https:\/\/www.2000m2.eu\/wp-content\/uploads\/2000m2_Logo_MyM2_ohneEbenen.jpg"},{"@type":"BreadcrumbList","@id":"https:\/\/www.2000m2.eu\/pt\/nossas-ofertas\/o-calculador-de-area\/#breadcrumb","itemListElement":[{"@type":"ListItem","position":1,"name":"Home","item":"https:\/\/www.2000m2.eu\/pt\/"},{"@type":"ListItem","position":2,"name":"Nossas ofertas","item":"https:\/\/www.2000m2.eu\/pt\/nossas-ofertas\/"},{"@type":"ListItem","position":3,"name":"O calculador de \u00e1rea"}]},{"@type":"WebSite","@id":"https:\/\/www.2000m2.eu\/pt\/#website","url":"https:\/\/www.2000m2.eu\/pt\/","name":"2000m2","description":"","publisher":{"@id":"https:\/\/www.2000m2.eu\/pt\/#organization"},"potentialAction":[{"@type":"SearchAction","target":{"@type":"EntryPoint","urlTemplate":"https:\/\/www.2000m2.eu\/pt\/?s={search_term_string}"},"query-input":{"@type":"PropertyValueSpecification","valueRequired":true,"valueName":"search_term_string"}}],"inLanguage":"pt-PT"},{"@type":"Organization","@id":"https:\/\/www.2000m2.eu\/pt\/#organization","name":"2000m2","url":"https:\/\/www.2000m2.eu\/pt\/","logo":{"@type":"ImageObject","inLanguage":"pt-PT","@id":"https:\/\/www.2000m2.eu\/pt\/#\/schema\/logo\/image\/","url":"https:\/\/www.2000m2.eu\/wp-content\/uploads\/logo.png","contentUrl":"https:\/\/www.2000m2.eu\/wp-content\/uploads\/logo.png","width":445,"height":140,"caption":"2000m2"},"image":{"@id":"https:\/\/www.2000m2.eu\/pt\/#\/schema\/logo\/image\/"}}]}},"_links":{"self":[{"href":"https:\/\/www.2000m2.eu\/pt\/wp-json\/wp\/v2\/pages\/13682","targetHints":{"allow":["GET"]}}],"collection":[{"href":"https:\/\/www.2000m2.eu\/pt\/wp-json\/wp\/v2\/pages"}],"about":[{"href":"https:\/\/www.2000m2.eu\/pt\/wp-json\/wp\/v2\/types\/page"}],"author":[{"embeddable":true,"href":"https:\/\/www.2000m2.eu\/pt\/wp-json\/wp\/v2\/users\/1"}],"replies":[{"embeddable":true,"href":"https:\/\/www.2000m2.eu\/pt\/wp-json\/wp\/v2\/comments?post=13682"}],"version-history":[{"count":1,"href":"https:\/\/www.2000m2.eu\/pt\/wp-json\/wp\/v2\/pages\/13682\/revisions"}],"predecessor-version":[{"id":13685,"href":"https:\/\/www.2000m2.eu\/pt\/wp-json\/wp\/v2\/pages\/13682\/revisions\/13685"}],"up":[{"embeddable":true,"href":"https:\/\/www.2000m2.eu\/pt\/wp-json\/wp\/v2\/pages\/13669"}],"wp:attachment":[{"href":"https:\/\/www.2000m2.eu\/pt\/wp-json\/wp\/v2\/media?parent=13682"}],"curies":[{"name":"wp","href":"https:\/\/api.w.org\/{rel}","templated":true}]}}