{"id":13686,"date":"2024-09-17T11:51:34","date_gmt":"2024-09-17T11:51:34","guid":{"rendered":"https:\/\/www.2000m2.eu\/nossas-ofertas\/o-buffet-de-areas-cultivaveis\/"},"modified":"2025-08-11T12:16:33","modified_gmt":"2025-08-11T12:16:33","slug":"o-buffet-de-areas-cultivaveis","status":"publish","type":"page","link":"https:\/\/www.2000m2.eu\/pt\/nossas-ofertas\/o-buffet-de-areas-cultivaveis\/","title":{"rendered":"O buffet de \u00e1reas cultiv\u00e1veis"},"content":{"rendered":"\n<h1 class=\"wp-block-heading\">O nosso buffet de superf\u00edcie<\/h1>\n\n<h2 class=\"wp-block-heading\">Que quantidade de terra vai para o seu prato?<\/h2>\n\n<p>Mesa posta! Quanta terra cultiv\u00e1vel \u00e9 necess\u00e1ria para um bife \u00e0 milanesa com batatas salteadas e quanta para uma por\u00e7\u00e3o de espaguete com molho de tomate? E quanto acrescenta um copo de cerveja ou de suco de ma\u00e7\u00e3? O Buffet de \u00c1rea mostra quanta terra cultiv\u00e1vel \u00e9 necess\u00e1ria para todos os ingredientes de cada prato. Para ilustrar isso, cultivamos em um \u00fanico local tudo o que comp\u00f5e cada receita. Na vida real, esses ingredientes costumam crescer a milhares de quil\u00f4metros uns dos outros.     <\/p>\n\n<p>O cereal para a farinha do p\u00e3o e os diferentes legumes v\u00eam da lavoura, claro.<br\/>Mas o que o bife \u00e0 milanesa tem a ver com a terra ar\u00e1vel?! No nosso Buffet de Terras, cultivamos muita soja \u2014 usada como exemplo de ra\u00e7\u00e3o para produtos de origem animal (leite, queijo, carne su\u00edna).<br\/>Para produzir um quilo de carne su\u00edna, por exemplo, s\u00e3o necess\u00e1rios quase nove metros quadrados de terra cultiv\u00e1vel. Da mesma \u00e1rea, poder\u00edamos colher quase 18 quilos de batatas!    <\/p>\n<style>.kb-gallery-id-63_7e6b7a-19.kb-gallery-ul.kb-gallery-type-fluidcarousel .kt-blocks-carousel figure .kb-gal-image-radius, .kb-gallery-id-63_7e6b7a-19.kb-gallery-ul.kb-gallery-type-fluidcarousel .kt-blocks-carousel figure .kb-gal-image-radius img{height:300px;}.kb-gallery-id-63_7e6b7a-19 .kadence-blocks-gallery-item .kb-gal-image-radius, .kb-gallery-id-63_7e6b7a-19 .kb-slide-item .kb-gal-image-radius img{border-radius:0px 0px 0px 0px;;}.kb-gallery-wrap-id-63_7e6b7a-19.wp-block-kadence-advancedgallery{overflow:visible;}.kb-gallery-wrap-id-63_7e6b7a-19.wp-block-kadence-advancedgallery .kt-blocks-carousel{overflow:visible;max-width:100%;}<\/style><div class=\"kb-gallery-wrap-id-63_7e6b7a-19 alignnone wp-block-kadence-advancedgallery\"><div class=\"kb-gallery-ul kb-gallery-non-static kb-gallery-type-fluidcarousel kb-gallery-id-63_7e6b7a-19 kb-gallery-caption-style-bottom-hover kb-gallery-filter-none\" data-image-filter=\"none\" data-lightbox-caption=\"true\"><div class=\"kt-blocks-carousel kt-carousel-container-dotstyle-dark\"><div class=\"kt-blocks-carousel-init kb-blocks-fluid-carousel kt-carousel-arrowstyle-whiteondark kt-carousel-dotstyle-dark kb-slider-group-arrow kb-slider-arrow-position-center\" data-slider-anim-speed=\"400\" data-slider-scroll=\"1\" data-slider-arrows=\"true\" data-slider-dots=\"true\" data-slider-hover-pause=\"false\" data-slider-auto=\"\" data-slider-speed=\"7000\" data-slider-type=\"fluidcarousel\" data-slider-center-mode=\"true\" data-slider-gap=\"10px\" data-slider-gap-tablet=\"10px\" data-slider-gap-mobile=\"10px\" data-show-pause-button=\"false\"><li class=\"kb-slide-item kb-gallery-carousel-item\"><div class=\"kadence-blocks-gallery-item\"><div class=\"kadence-blocks-gallery-item-inner\"><figure class=\"kb-gallery-figure kadence-blocks-gallery-item-hide-caption\"><div class=\"kb-gal-image-radius\"><div class=\"kb-gallery-image-contain\" ><img decoding=\"async\" src=\"https:\/\/www.2000m2.eu\/wp-content\/uploads\/20170612_092649-min.jpg\" width=\"337\" height=\"600\" alt=\"\" data-full-image=\"https:\/\/www.2000m2.eu\/wp-content\/uploads\/20170612_092649-min.jpg\" data-light-image=\"https:\/\/www.2000m2.eu\/wp-content\/uploads\/20170612_092649-min.jpg\" data-id=\"2689\" class=\"wp-image-2689 skip-lazy\" srcset=\"https:\/\/www.2000m2.eu\/wp-content\/uploads\/20170612_092649-min.jpg 337w, https:\/\/www.2000m2.eu\/wp-content\/uploads\/20170612_092649-min-169x300.jpg 169w\" sizes=\"(max-width: 337px) 100vw, 337px\" \/><\/div><\/div><\/figure><\/div><\/div><\/li><li class=\"kb-slide-item kb-gallery-carousel-item\"><div class=\"kadence-blocks-gallery-item\"><div class=\"kadence-blocks-gallery-item-inner\"><figure class=\"kb-gallery-figure kadence-blocks-gallery-item-hide-caption\"><div class=\"kb-gal-image-radius\"><div class=\"kb-gallery-image-contain\" ><img decoding=\"async\" src=\"https:\/\/www.2000m2.eu\/wp-content\/uploads\/20170613_152724-min.jpg\" width=\"950\" height=\"534\" alt=\"\" data-full-image=\"https:\/\/www.2000m2.eu\/wp-content\/uploads\/20170613_152724-min.jpg\" data-light-image=\"https:\/\/www.2000m2.eu\/wp-content\/uploads\/20170613_152724-min.jpg\" data-id=\"2691\" class=\"wp-image-2691 skip-lazy\" srcset=\"https:\/\/www.2000m2.eu\/wp-content\/uploads\/20170613_152724-min.jpg 950w, https:\/\/www.2000m2.eu\/wp-content\/uploads\/20170613_152724-min-300x169.jpg 300w, https:\/\/www.2000m2.eu\/wp-content\/uploads\/20170613_152724-min-768x432.jpg 768w\" sizes=\"(max-width: 950px) 100vw, 950px\" \/><\/div><\/div><\/figure><\/div><\/div><\/li><li class=\"kb-slide-item kb-gallery-carousel-item\"><div class=\"kadence-blocks-gallery-item\"><div class=\"kadence-blocks-gallery-item-inner\"><figure class=\"kb-gallery-figure kadence-blocks-gallery-item-hide-caption\"><div class=\"kb-gal-image-radius\"><div class=\"kb-gallery-image-contain\" ><img decoding=\"async\" src=\"https:\/\/www.2000m2.eu\/wp-content\/uploads\/20170619_121216-min.jpg\" width=\"950\" height=\"534\" alt=\"\" data-full-image=\"https:\/\/www.2000m2.eu\/wp-content\/uploads\/20170619_121216-min.jpg\" data-light-image=\"https:\/\/www.2000m2.eu\/wp-content\/uploads\/20170619_121216-min.jpg\" data-id=\"2693\" class=\"wp-image-2693 skip-lazy\" srcset=\"https:\/\/www.2000m2.eu\/wp-content\/uploads\/20170619_121216-min.jpg 950w, https:\/\/www.2000m2.eu\/wp-content\/uploads\/20170619_121216-min-300x169.jpg 300w, https:\/\/www.2000m2.eu\/wp-content\/uploads\/20170619_121216-min-768x432.jpg 768w\" sizes=\"(max-width: 950px) 100vw, 950px\" \/><\/div><\/div><\/figure><\/div><\/div><\/li><li class=\"kb-slide-item kb-gallery-carousel-item\"><div class=\"kadence-blocks-gallery-item\"><div class=\"kadence-blocks-gallery-item-inner\"><figure class=\"kb-gallery-figure kadence-blocks-gallery-item-hide-caption\"><div class=\"kb-gal-image-radius\"><div class=\"kb-gallery-image-contain\" ><img decoding=\"async\" src=\"https:\/\/www.2000m2.eu\/wp-content\/uploads\/20170619_121343-min-1.jpg\" width=\"337\" height=\"600\" alt=\"\" data-full-image=\"https:\/\/www.2000m2.eu\/wp-content\/uploads\/20170619_121343-min-1.jpg\" data-light-image=\"https:\/\/www.2000m2.eu\/wp-content\/uploads\/20170619_121343-min-1.jpg\" data-id=\"2695\" class=\"wp-image-2695 skip-lazy\" srcset=\"https:\/\/www.2000m2.eu\/wp-content\/uploads\/20170619_121343-min-1.jpg 337w, https:\/\/www.2000m2.eu\/wp-content\/uploads\/20170619_121343-min-1-169x300.jpg 169w\" sizes=\"(max-width: 337px) 100vw, 337px\" \/><\/div><\/div><\/figure><\/div><\/div><\/li><\/div><\/div><\/div><\/div>\n<p>Em muitos dos campos do mundo e em muitos outros locais, est\u00e3o a ser plantados buffets de \u00e1rea para cultivar ingredientes para pratos deliciosos. Para al\u00e9m da massa e do schnitzel, tamb\u00e9m podes descobrir kebabs, falafel, muesli e pizza, por exemplo. Sabes o que precisas de cultivar para cozinhar estes pratos? E de quanto espa\u00e7o achas que precisas para o teu almo\u00e7o?   <\/p>\n\n<p>Se quiseres explorar estas quest\u00f5es, porque n\u00e3o visitas um campo mundial ou d\u00e1s uma vista de olhos \u00e0 nossa <a href=\"http:\/\/www.mym2.de\">calculadora de \u00e1rea<\/a>. Aqui tamb\u00e9m podes calcular a \u00e1rea que comes por dia. 2000 m\u00b2 s\u00e3o suficientes para ti?    <\/p>\n\n<h2 class=\"wp-block-heading\">Criar seu pr\u00f3prio Buffet de Terras<\/h2>\n\n<p>Os buffets de \u00e1rea s\u00e3o pequenas instala\u00e7\u00f5es educativas que n\u00e3o s\u00f3 ficam bem em Campos Globais, mas tamb\u00e9m em jardins de escolas, institui\u00e7\u00f5es de ensino ou espa\u00e7os p\u00fablicos, por exemplo. Talvez as faixas verdes e os parques da tua cidade possam ser concebidos de forma criativa com buffets de \u00e1rea? Se est\u00e1s a planear cultivar o teu pr\u00f3prio buffet, teremos todo o gosto em enviar-te instru\u00e7\u00f5es, planos de cultivo e todos os materiais de que necessitas, tais como modelos para impress\u00e3o. Basta entrares em contacto <a href=\"https:\/\/www.2000m2.eu\/about\/contact\/\">connosco<\/a>!   <\/p>\n\n<p><\/p>\n","protected":false},"excerpt":{"rendered":"<p>O nosso buffet de superf\u00edcie Que quantidade de terra vai para o seu prato? Mesa posta! Quanta terra cultiv\u00e1vel \u00e9 necess\u00e1ria para um bife \u00e0 milanesa com batatas salteadas e quanta para uma por\u00e7\u00e3o de espaguete com molho de tomate? E quanto acrescenta um copo de cerveja ou de suco de ma\u00e7\u00e3? O Buffet de&#8230;<\/p>\n","protected":false},"author":1,"featured_media":0,"parent":13669,"menu_order":26,"comment_status":"closed","ping_status":"closed","template":"","meta":{"footnotes":""},"class_list":["post-13686","page","type-page","status-publish"],"yoast_head":"<!-- This site is optimized with the Yoast SEO plugin v27.4 - https:\/\/yoast.com\/product\/yoast-seo-wordpress\/ -->\n<title>O buffet de \u00e1reas cultiv\u00e1veis - 2000m2<\/title>\n<meta name=\"robots\" content=\"index, follow, max-snippet:-1, max-image-preview:large, max-video-preview:-1\" \/>\n<link rel=\"canonical\" href=\"https:\/\/www.2000m2.eu\/pt\/nossas-ofertas\/o-buffet-de-areas-cultivaveis\/\" \/>\n<meta property=\"og:locale\" content=\"pt_PT\" \/>\n<meta property=\"og:type\" content=\"article\" \/>\n<meta property=\"og:title\" content=\"O buffet de \u00e1reas cultiv\u00e1veis - 2000m2\" \/>\n<meta property=\"og:description\" content=\"O nosso buffet de superf\u00edcie Que quantidade de terra vai para o seu prato? Mesa posta! Quanta terra cultiv\u00e1vel \u00e9 necess\u00e1ria para um bife \u00e0 milanesa com batatas salteadas e quanta para uma por\u00e7\u00e3o de espaguete com molho de tomate? E quanto acrescenta um copo de cerveja ou de suco de ma\u00e7\u00e3? O Buffet de...\" \/>\n<meta property=\"og:url\" content=\"https:\/\/www.2000m2.eu\/pt\/nossas-ofertas\/o-buffet-de-areas-cultivaveis\/\" \/>\n<meta property=\"og:site_name\" content=\"2000m2\" \/>\n<meta property=\"article:modified_time\" content=\"2025-08-11T12:16:33+00:00\" \/>\n<meta property=\"og:image\" content=\"https:\/\/www.2000m2.eu\/wp-content\/uploads\/Featured_Images_Flachenbuffet.jpg\" \/>\n\t<meta property=\"og:image:width\" content=\"1800\" \/>\n\t<meta property=\"og:image:height\" content=\"180\" \/>\n\t<meta property=\"og:image:type\" content=\"image\/jpeg\" \/>\n<meta name=\"twitter:card\" content=\"summary_large_image\" \/>\n<meta name=\"twitter:label1\" content=\"Tempo estimado de leitura\" \/>\n\t<meta name=\"twitter:data1\" content=\"2 minutos\" \/>\n<script type=\"application\/ld+json\" class=\"yoast-schema-graph\">{\"@context\":\"https:\\\/\\\/schema.org\",\"@graph\":[{\"@type\":\"WebPage\",\"@id\":\"https:\\\/\\\/www.2000m2.eu\\\/pt\\\/nossas-ofertas\\\/o-buffet-de-areas-cultivaveis\\\/\",\"url\":\"https:\\\/\\\/www.2000m2.eu\\\/pt\\\/nossas-ofertas\\\/o-buffet-de-areas-cultivaveis\\\/\",\"name\":\"O buffet de \u00e1reas cultiv\u00e1veis - 2000m2\",\"isPartOf\":{\"@id\":\"https:\\\/\\\/www.2000m2.eu\\\/pt\\\/#website\"},\"datePublished\":\"2024-09-17T11:51:34+00:00\",\"dateModified\":\"2025-08-11T12:16:33+00:00\",\"breadcrumb\":{\"@id\":\"https:\\\/\\\/www.2000m2.eu\\\/pt\\\/nossas-ofertas\\\/o-buffet-de-areas-cultivaveis\\\/#breadcrumb\"},\"inLanguage\":\"pt-PT\",\"potentialAction\":[{\"@type\":\"ReadAction\",\"target\":[\"https:\\\/\\\/www.2000m2.eu\\\/pt\\\/nossas-ofertas\\\/o-buffet-de-areas-cultivaveis\\\/\"]}]},{\"@type\":\"BreadcrumbList\",\"@id\":\"https:\\\/\\\/www.2000m2.eu\\\/pt\\\/nossas-ofertas\\\/o-buffet-de-areas-cultivaveis\\\/#breadcrumb\",\"itemListElement\":[{\"@type\":\"ListItem\",\"position\":1,\"name\":\"Home\",\"item\":\"https:\\\/\\\/www.2000m2.eu\\\/pt\\\/\"},{\"@type\":\"ListItem\",\"position\":2,\"name\":\"Nossas ofertas\",\"item\":\"https:\\\/\\\/www.2000m2.eu\\\/pt\\\/nossas-ofertas\\\/\"},{\"@type\":\"ListItem\",\"position\":3,\"name\":\"O buffet de \u00e1reas cultiv\u00e1veis\"}]},{\"@type\":\"WebSite\",\"@id\":\"https:\\\/\\\/www.2000m2.eu\\\/pt\\\/#website\",\"url\":\"https:\\\/\\\/www.2000m2.eu\\\/pt\\\/\",\"name\":\"2000m2\",\"description\":\"\",\"publisher\":{\"@id\":\"https:\\\/\\\/www.2000m2.eu\\\/pt\\\/#organization\"},\"potentialAction\":[{\"@type\":\"SearchAction\",\"target\":{\"@type\":\"EntryPoint\",\"urlTemplate\":\"https:\\\/\\\/www.2000m2.eu\\\/pt\\\/?s={search_term_string}\"},\"query-input\":{\"@type\":\"PropertyValueSpecification\",\"valueRequired\":true,\"valueName\":\"search_term_string\"}}],\"inLanguage\":\"pt-PT\"},{\"@type\":\"Organization\",\"@id\":\"https:\\\/\\\/www.2000m2.eu\\\/pt\\\/#organization\",\"name\":\"2000m2\",\"url\":\"https:\\\/\\\/www.2000m2.eu\\\/pt\\\/\",\"logo\":{\"@type\":\"ImageObject\",\"inLanguage\":\"pt-PT\",\"@id\":\"https:\\\/\\\/www.2000m2.eu\\\/pt\\\/#\\\/schema\\\/logo\\\/image\\\/\",\"url\":\"https:\\\/\\\/www.2000m2.eu\\\/wp-content\\\/uploads\\\/logo.png\",\"contentUrl\":\"https:\\\/\\\/www.2000m2.eu\\\/wp-content\\\/uploads\\\/logo.png\",\"width\":445,\"height\":140,\"caption\":\"2000m2\"},\"image\":{\"@id\":\"https:\\\/\\\/www.2000m2.eu\\\/pt\\\/#\\\/schema\\\/logo\\\/image\\\/\"}}]}<\/script>\n<!-- \/ Yoast SEO plugin. -->","yoast_head_json":{"title":"O buffet de \u00e1reas cultiv\u00e1veis - 2000m2","robots":{"index":"index","follow":"follow","max-snippet":"max-snippet:-1","max-image-preview":"max-image-preview:large","max-video-preview":"max-video-preview:-1"},"canonical":"https:\/\/www.2000m2.eu\/pt\/nossas-ofertas\/o-buffet-de-areas-cultivaveis\/","og_locale":"pt_PT","og_type":"article","og_title":"O buffet de \u00e1reas cultiv\u00e1veis - 2000m2","og_description":"O nosso buffet de superf\u00edcie Que quantidade de terra vai para o seu prato? Mesa posta! Quanta terra cultiv\u00e1vel \u00e9 necess\u00e1ria para um bife \u00e0 milanesa com batatas salteadas e quanta para uma por\u00e7\u00e3o de espaguete com molho de tomate? E quanto acrescenta um copo de cerveja ou de suco de ma\u00e7\u00e3? O Buffet de...","og_url":"https:\/\/www.2000m2.eu\/pt\/nossas-ofertas\/o-buffet-de-areas-cultivaveis\/","og_site_name":"2000m2","article_modified_time":"2025-08-11T12:16:33+00:00","og_image":[{"width":1800,"height":180,"url":"https:\/\/www.2000m2.eu\/wp-content\/uploads\/Featured_Images_Flachenbuffet.jpg","type":"image\/jpeg"}],"twitter_card":"summary_large_image","twitter_misc":{"Tempo estimado de leitura":"2 minutos"},"schema":{"@context":"https:\/\/schema.org","@graph":[{"@type":"WebPage","@id":"https:\/\/www.2000m2.eu\/pt\/nossas-ofertas\/o-buffet-de-areas-cultivaveis\/","url":"https:\/\/www.2000m2.eu\/pt\/nossas-ofertas\/o-buffet-de-areas-cultivaveis\/","name":"O buffet de \u00e1reas cultiv\u00e1veis - 2000m2","isPartOf":{"@id":"https:\/\/www.2000m2.eu\/pt\/#website"},"datePublished":"2024-09-17T11:51:34+00:00","dateModified":"2025-08-11T12:16:33+00:00","breadcrumb":{"@id":"https:\/\/www.2000m2.eu\/pt\/nossas-ofertas\/o-buffet-de-areas-cultivaveis\/#breadcrumb"},"inLanguage":"pt-PT","potentialAction":[{"@type":"ReadAction","target":["https:\/\/www.2000m2.eu\/pt\/nossas-ofertas\/o-buffet-de-areas-cultivaveis\/"]}]},{"@type":"BreadcrumbList","@id":"https:\/\/www.2000m2.eu\/pt\/nossas-ofertas\/o-buffet-de-areas-cultivaveis\/#breadcrumb","itemListElement":[{"@type":"ListItem","position":1,"name":"Home","item":"https:\/\/www.2000m2.eu\/pt\/"},{"@type":"ListItem","position":2,"name":"Nossas ofertas","item":"https:\/\/www.2000m2.eu\/pt\/nossas-ofertas\/"},{"@type":"ListItem","position":3,"name":"O buffet de \u00e1reas cultiv\u00e1veis"}]},{"@type":"WebSite","@id":"https:\/\/www.2000m2.eu\/pt\/#website","url":"https:\/\/www.2000m2.eu\/pt\/","name":"2000m2","description":"","publisher":{"@id":"https:\/\/www.2000m2.eu\/pt\/#organization"},"potentialAction":[{"@type":"SearchAction","target":{"@type":"EntryPoint","urlTemplate":"https:\/\/www.2000m2.eu\/pt\/?s={search_term_string}"},"query-input":{"@type":"PropertyValueSpecification","valueRequired":true,"valueName":"search_term_string"}}],"inLanguage":"pt-PT"},{"@type":"Organization","@id":"https:\/\/www.2000m2.eu\/pt\/#organization","name":"2000m2","url":"https:\/\/www.2000m2.eu\/pt\/","logo":{"@type":"ImageObject","inLanguage":"pt-PT","@id":"https:\/\/www.2000m2.eu\/pt\/#\/schema\/logo\/image\/","url":"https:\/\/www.2000m2.eu\/wp-content\/uploads\/logo.png","contentUrl":"https:\/\/www.2000m2.eu\/wp-content\/uploads\/logo.png","width":445,"height":140,"caption":"2000m2"},"image":{"@id":"https:\/\/www.2000m2.eu\/pt\/#\/schema\/logo\/image\/"}}]}},"_links":{"self":[{"href":"https:\/\/www.2000m2.eu\/pt\/wp-json\/wp\/v2\/pages\/13686","targetHints":{"allow":["GET"]}}],"collection":[{"href":"https:\/\/www.2000m2.eu\/pt\/wp-json\/wp\/v2\/pages"}],"about":[{"href":"https:\/\/www.2000m2.eu\/pt\/wp-json\/wp\/v2\/types\/page"}],"author":[{"embeddable":true,"href":"https:\/\/www.2000m2.eu\/pt\/wp-json\/wp\/v2\/users\/1"}],"replies":[{"embeddable":true,"href":"https:\/\/www.2000m2.eu\/pt\/wp-json\/wp\/v2\/comments?post=13686"}],"version-history":[{"count":1,"href":"https:\/\/www.2000m2.eu\/pt\/wp-json\/wp\/v2\/pages\/13686\/revisions"}],"predecessor-version":[{"id":13693,"href":"https:\/\/www.2000m2.eu\/pt\/wp-json\/wp\/v2\/pages\/13686\/revisions\/13693"}],"up":[{"embeddable":true,"href":"https:\/\/www.2000m2.eu\/pt\/wp-json\/wp\/v2\/pages\/13669"}],"wp:attachment":[{"href":"https:\/\/www.2000m2.eu\/pt\/wp-json\/wp\/v2\/media?parent=13686"}],"curies":[{"name":"wp","href":"https:\/\/api.w.org\/{rel}","templated":true}]}}