{"id":14171,"date":"2024-09-11T12:00:31","date_gmt":"2024-09-11T12:00:31","guid":{"rendered":"https:\/\/www.2000m2.eu\/nossas-ofertas\/imprensa-e-material\/"},"modified":"2025-08-13T13:37:56","modified_gmt":"2025-08-13T13:37:56","slug":"imprensa-e-material","status":"publish","type":"page","link":"https:\/\/www.2000m2.eu\/pt\/nossas-ofertas\/imprensa-e-material\/","title":{"rendered":"Imprensa e material"},"content":{"rendered":"\n<h1 class=\"wp-block-heading\">Material<\/h1>\n\n<p>Voc\u00eas podem solicitar o nosso folheto do Campo Global diretamente conosco. Basta enviar um e-mail com seu endere\u00e7o e informar quantos exemplares deseja. Agradecemos uma pequena contribui\u00e7\u00e3o para os folhetos   <\/p>\n\n<div data-wp-interactive=\"core\/file\" class=\"wp-block-file has-link-color wp-elements-ede23efcfcc59516675164a3586ba9bf\"><object data-wp-bind--hidden=\"!state.hasPdfPreview\" hidden class=\"wp-block-file__embed\" data=\"https:\/\/www.2000m2.eu\/wp-content\/uploads\/Weltacker_Broschure_2024_web.pdf\" type=\"application\/pdf\" style=\"width:100%;height:600px\" aria-label=\"Incorpora\u00e7\u00e3o de Weltacker_Broschure_2024_web.\"><\/object><a id=\"wp-block-file--media-b0218444-5859-4c0a-a583-a20ac86c0c55\" href=\"https:\/\/www.2000m2.eu\/wp-content\/uploads\/Weltacker_Broschure_2024_web.pdf\">Folheto_CampoGlobal_2024_web<\/a><a href=\"https:\/\/www.2000m2.eu\/wp-content\/uploads\/Weltacker_Broschure_2024_web.pdf\" class=\"wp-block-file__button wp-element-button\" download=\"\" aria-describedby=\"wp-block-file--media-b0218444-5859-4c0a-a583-a20ac86c0c55\">Baixar<\/a><\/div>\n\n<p><\/p>\n\n<p>O Campo Global Su\u00ed\u00e7a desenvolveu o lindo livro infantil \u201cLina na Sorte dos Feij\u00f5es\u201d. Voc\u00ea tamb\u00e9m pode obter este livro conosco  <\/p>\n\n<div data-wp-interactive=\"core\/file\" class=\"wp-block-file\"><object data-wp-bind--hidden=\"!state.hasPdfPreview\" hidden class=\"wp-block-file__embed\" data=\"https:\/\/www.2000m2.eu\/wp-content\/uploads\/Lina-im-Bohnenglueck_Umschlag.pdf\" type=\"application\/pdf\" style=\"width:100%;height:600px\" aria-label=\"Incorpora\u00e7\u00e3o de Lina im Bohnenglueck_Umschlag.\"><\/object><a id=\"wp-block-file--media-030874bb-93cd-4689-b862-d2acbd868f86\" href=\"https:\/\/www.2000m2.eu\/wp-content\/uploads\/Lina-im-Bohnenglueck_Umschlag.pdf\">Lina na Sorte dos Feij\u00f5es_Capa<\/a><a href=\"https:\/\/www.2000m2.eu\/wp-content\/uploads\/Lina-im-Bohnenglueck_Umschlag.pdf\" class=\"wp-block-file__button wp-element-button\" download=\"\" aria-describedby=\"wp-block-file--media-030874bb-93cd-4689-b862-d2acbd868f86\">Baixar<\/a><\/div>\n\n<p>Tamb\u00e9m podes obter outros materiais informativos, como cartazes, postais ou outros brindes.  <\/p>\n\n<p>Em breve encontrar\u00e1s tamb\u00e9m aqui uma cole\u00e7\u00e3o de fotografias que poder\u00e1s utilizar em artigos e publica\u00e7\u00f5es sobre o Weltacker. Por favor, respeita sempre os direitos de autor das fotografias e indica-o quando as utilizares. Se precisares das fotografias em alta resolu\u00e7\u00e3o, basta escreveres-nos para <a href=\"mailto:info@2000m2.eu\">info@2000m2.eu.<\/a>   <\/p>\n\n<p><\/p>\n","protected":false},"excerpt":{"rendered":"<p>Material Voc\u00eas podem solicitar o nosso folheto do Campo Global diretamente conosco. Basta enviar um e-mail com seu endere\u00e7o e informar quantos exemplares deseja. Agradecemos uma pequena contribui\u00e7\u00e3o para os folhetos O Campo Global Su\u00ed\u00e7a desenvolveu o lindo livro infantil \u201cLina na Sorte dos Feij\u00f5es\u201d. Voc\u00ea tamb\u00e9m pode obter este livro conosco Tamb\u00e9m podes obter&#8230;<\/p>\n","protected":false},"author":1,"featured_media":0,"parent":13669,"menu_order":29,"comment_status":"closed","ping_status":"closed","template":"","meta":{"footnotes":""},"class_list":["post-14171","page","type-page","status-publish"],"yoast_head":"<!-- This site is optimized with the Yoast SEO plugin v27.4 - https:\/\/yoast.com\/product\/yoast-seo-wordpress\/ -->\n<title>Imprensa e material - 2000m2<\/title>\n<meta name=\"robots\" content=\"index, follow, max-snippet:-1, max-image-preview:large, max-video-preview:-1\" \/>\n<link rel=\"canonical\" href=\"https:\/\/www.2000m2.eu\/pt\/nossas-ofertas\/imprensa-e-material\/\" \/>\n<meta property=\"og:locale\" content=\"pt_PT\" \/>\n<meta property=\"og:type\" content=\"article\" \/>\n<meta property=\"og:title\" content=\"Imprensa e material - 2000m2\" \/>\n<meta property=\"og:description\" content=\"Material Voc\u00eas podem solicitar o nosso folheto do Campo Global diretamente conosco. Basta enviar um e-mail com seu endere\u00e7o e informar quantos exemplares deseja. Agradecemos uma pequena contribui\u00e7\u00e3o para os folhetos O Campo Global Su\u00ed\u00e7a desenvolveu o lindo livro infantil \u201cLina na Sorte dos Feij\u00f5es\u201d. Voc\u00ea tamb\u00e9m pode obter este livro conosco Tamb\u00e9m podes obter...\" \/>\n<meta property=\"og:url\" content=\"https:\/\/www.2000m2.eu\/pt\/nossas-ofertas\/imprensa-e-material\/\" \/>\n<meta property=\"og:site_name\" content=\"2000m2\" \/>\n<meta property=\"article:modified_time\" content=\"2025-08-13T13:37:56+00:00\" \/>\n<meta property=\"og:image\" content=\"https:\/\/www.2000m2.eu\/wp-content\/uploads\/Featured_Images_Material.jpg\" \/>\n\t<meta property=\"og:image:width\" content=\"1800\" \/>\n\t<meta property=\"og:image:height\" content=\"180\" \/>\n\t<meta property=\"og:image:type\" content=\"image\/jpeg\" \/>\n<meta name=\"twitter:card\" content=\"summary_large_image\" \/>\n<meta name=\"twitter:label1\" content=\"Tempo estimado de leitura\" \/>\n\t<meta name=\"twitter:data1\" content=\"1 minuto\" \/>\n<script type=\"application\/ld+json\" class=\"yoast-schema-graph\">{\"@context\":\"https:\\\/\\\/schema.org\",\"@graph\":[{\"@type\":\"WebPage\",\"@id\":\"https:\\\/\\\/www.2000m2.eu\\\/pt\\\/nossas-ofertas\\\/imprensa-e-material\\\/\",\"url\":\"https:\\\/\\\/www.2000m2.eu\\\/pt\\\/nossas-ofertas\\\/imprensa-e-material\\\/\",\"name\":\"Imprensa e material - 2000m2\",\"isPartOf\":{\"@id\":\"https:\\\/\\\/www.2000m2.eu\\\/pt\\\/#website\"},\"datePublished\":\"2024-09-11T12:00:31+00:00\",\"dateModified\":\"2025-08-13T13:37:56+00:00\",\"breadcrumb\":{\"@id\":\"https:\\\/\\\/www.2000m2.eu\\\/pt\\\/nossas-ofertas\\\/imprensa-e-material\\\/#breadcrumb\"},\"inLanguage\":\"pt-PT\",\"potentialAction\":[{\"@type\":\"ReadAction\",\"target\":[\"https:\\\/\\\/www.2000m2.eu\\\/pt\\\/nossas-ofertas\\\/imprensa-e-material\\\/\"]}]},{\"@type\":\"BreadcrumbList\",\"@id\":\"https:\\\/\\\/www.2000m2.eu\\\/pt\\\/nossas-ofertas\\\/imprensa-e-material\\\/#breadcrumb\",\"itemListElement\":[{\"@type\":\"ListItem\",\"position\":1,\"name\":\"Home\",\"item\":\"https:\\\/\\\/www.2000m2.eu\\\/pt\\\/\"},{\"@type\":\"ListItem\",\"position\":2,\"name\":\"Nossas ofertas\",\"item\":\"https:\\\/\\\/www.2000m2.eu\\\/pt\\\/nossas-ofertas\\\/\"},{\"@type\":\"ListItem\",\"position\":3,\"name\":\"Imprensa e material\"}]},{\"@type\":\"WebSite\",\"@id\":\"https:\\\/\\\/www.2000m2.eu\\\/pt\\\/#website\",\"url\":\"https:\\\/\\\/www.2000m2.eu\\\/pt\\\/\",\"name\":\"2000m2\",\"description\":\"\",\"publisher\":{\"@id\":\"https:\\\/\\\/www.2000m2.eu\\\/pt\\\/#organization\"},\"potentialAction\":[{\"@type\":\"SearchAction\",\"target\":{\"@type\":\"EntryPoint\",\"urlTemplate\":\"https:\\\/\\\/www.2000m2.eu\\\/pt\\\/?s={search_term_string}\"},\"query-input\":{\"@type\":\"PropertyValueSpecification\",\"valueRequired\":true,\"valueName\":\"search_term_string\"}}],\"inLanguage\":\"pt-PT\"},{\"@type\":\"Organization\",\"@id\":\"https:\\\/\\\/www.2000m2.eu\\\/pt\\\/#organization\",\"name\":\"2000m2\",\"url\":\"https:\\\/\\\/www.2000m2.eu\\\/pt\\\/\",\"logo\":{\"@type\":\"ImageObject\",\"inLanguage\":\"pt-PT\",\"@id\":\"https:\\\/\\\/www.2000m2.eu\\\/pt\\\/#\\\/schema\\\/logo\\\/image\\\/\",\"url\":\"https:\\\/\\\/www.2000m2.eu\\\/wp-content\\\/uploads\\\/logo.png\",\"contentUrl\":\"https:\\\/\\\/www.2000m2.eu\\\/wp-content\\\/uploads\\\/logo.png\",\"width\":445,\"height\":140,\"caption\":\"2000m2\"},\"image\":{\"@id\":\"https:\\\/\\\/www.2000m2.eu\\\/pt\\\/#\\\/schema\\\/logo\\\/image\\\/\"}}]}<\/script>\n<!-- \/ Yoast SEO plugin. -->","yoast_head_json":{"title":"Imprensa e material - 2000m2","robots":{"index":"index","follow":"follow","max-snippet":"max-snippet:-1","max-image-preview":"max-image-preview:large","max-video-preview":"max-video-preview:-1"},"canonical":"https:\/\/www.2000m2.eu\/pt\/nossas-ofertas\/imprensa-e-material\/","og_locale":"pt_PT","og_type":"article","og_title":"Imprensa e material - 2000m2","og_description":"Material Voc\u00eas podem solicitar o nosso folheto do Campo Global diretamente conosco. Basta enviar um e-mail com seu endere\u00e7o e informar quantos exemplares deseja. Agradecemos uma pequena contribui\u00e7\u00e3o para os folhetos O Campo Global Su\u00ed\u00e7a desenvolveu o lindo livro infantil \u201cLina na Sorte dos Feij\u00f5es\u201d. Voc\u00ea tamb\u00e9m pode obter este livro conosco Tamb\u00e9m podes obter...","og_url":"https:\/\/www.2000m2.eu\/pt\/nossas-ofertas\/imprensa-e-material\/","og_site_name":"2000m2","article_modified_time":"2025-08-13T13:37:56+00:00","og_image":[{"width":1800,"height":180,"url":"https:\/\/www.2000m2.eu\/wp-content\/uploads\/Featured_Images_Material.jpg","type":"image\/jpeg"}],"twitter_card":"summary_large_image","twitter_misc":{"Tempo estimado de leitura":"1 minuto"},"schema":{"@context":"https:\/\/schema.org","@graph":[{"@type":"WebPage","@id":"https:\/\/www.2000m2.eu\/pt\/nossas-ofertas\/imprensa-e-material\/","url":"https:\/\/www.2000m2.eu\/pt\/nossas-ofertas\/imprensa-e-material\/","name":"Imprensa e material - 2000m2","isPartOf":{"@id":"https:\/\/www.2000m2.eu\/pt\/#website"},"datePublished":"2024-09-11T12:00:31+00:00","dateModified":"2025-08-13T13:37:56+00:00","breadcrumb":{"@id":"https:\/\/www.2000m2.eu\/pt\/nossas-ofertas\/imprensa-e-material\/#breadcrumb"},"inLanguage":"pt-PT","potentialAction":[{"@type":"ReadAction","target":["https:\/\/www.2000m2.eu\/pt\/nossas-ofertas\/imprensa-e-material\/"]}]},{"@type":"BreadcrumbList","@id":"https:\/\/www.2000m2.eu\/pt\/nossas-ofertas\/imprensa-e-material\/#breadcrumb","itemListElement":[{"@type":"ListItem","position":1,"name":"Home","item":"https:\/\/www.2000m2.eu\/pt\/"},{"@type":"ListItem","position":2,"name":"Nossas ofertas","item":"https:\/\/www.2000m2.eu\/pt\/nossas-ofertas\/"},{"@type":"ListItem","position":3,"name":"Imprensa e material"}]},{"@type":"WebSite","@id":"https:\/\/www.2000m2.eu\/pt\/#website","url":"https:\/\/www.2000m2.eu\/pt\/","name":"2000m2","description":"","publisher":{"@id":"https:\/\/www.2000m2.eu\/pt\/#organization"},"potentialAction":[{"@type":"SearchAction","target":{"@type":"EntryPoint","urlTemplate":"https:\/\/www.2000m2.eu\/pt\/?s={search_term_string}"},"query-input":{"@type":"PropertyValueSpecification","valueRequired":true,"valueName":"search_term_string"}}],"inLanguage":"pt-PT"},{"@type":"Organization","@id":"https:\/\/www.2000m2.eu\/pt\/#organization","name":"2000m2","url":"https:\/\/www.2000m2.eu\/pt\/","logo":{"@type":"ImageObject","inLanguage":"pt-PT","@id":"https:\/\/www.2000m2.eu\/pt\/#\/schema\/logo\/image\/","url":"https:\/\/www.2000m2.eu\/wp-content\/uploads\/logo.png","contentUrl":"https:\/\/www.2000m2.eu\/wp-content\/uploads\/logo.png","width":445,"height":140,"caption":"2000m2"},"image":{"@id":"https:\/\/www.2000m2.eu\/pt\/#\/schema\/logo\/image\/"}}]}},"_links":{"self":[{"href":"https:\/\/www.2000m2.eu\/pt\/wp-json\/wp\/v2\/pages\/14171","targetHints":{"allow":["GET"]}}],"collection":[{"href":"https:\/\/www.2000m2.eu\/pt\/wp-json\/wp\/v2\/pages"}],"about":[{"href":"https:\/\/www.2000m2.eu\/pt\/wp-json\/wp\/v2\/types\/page"}],"author":[{"embeddable":true,"href":"https:\/\/www.2000m2.eu\/pt\/wp-json\/wp\/v2\/users\/1"}],"replies":[{"embeddable":true,"href":"https:\/\/www.2000m2.eu\/pt\/wp-json\/wp\/v2\/comments?post=14171"}],"version-history":[{"count":3,"href":"https:\/\/www.2000m2.eu\/pt\/wp-json\/wp\/v2\/pages\/14171\/revisions"}],"predecessor-version":[{"id":14180,"href":"https:\/\/www.2000m2.eu\/pt\/wp-json\/wp\/v2\/pages\/14171\/revisions\/14180"}],"up":[{"embeddable":true,"href":"https:\/\/www.2000m2.eu\/pt\/wp-json\/wp\/v2\/pages\/13669"}],"wp:attachment":[{"href":"https:\/\/www.2000m2.eu\/pt\/wp-json\/wp\/v2\/media?parent=14171"}],"curies":[{"name":"wp","href":"https:\/\/api.w.org\/{rel}","templated":true}]}}