{"id":14186,"date":"2024-09-11T11:24:07","date_gmt":"2024-09-11T11:24:07","guid":{"rendered":"https:\/\/www.2000m2.eu\/a-nossa-rede\/"},"modified":"2025-09-15T08:27:52","modified_gmt":"2025-09-15T08:27:52","slug":"a-nossa-rede","status":"publish","type":"page","link":"https:\/\/www.2000m2.eu\/pt\/a-nossa-rede\/","title":{"rendered":"A nossa rede"},"content":{"rendered":"\n<h1 class=\"wp-block-heading\">A rede do Campo Global<\/h1>\n\n<p>O movimento Campo Global \u00e9 formado por in\u00fameros projetos educativos locais. Cada Campo Global \u00e9 uma organiza\u00e7\u00e3o ou iniciativa juridicamente independente, que cria o seu pr\u00f3prio Campo Global. Os Campos Globais tamb\u00e9m n\u00e3o s\u00e3o sempre iguais em cada projeto, voc\u00ea encontrar\u00e1 algo muito especial.  <\/p>\n\n<p>O escrit\u00f3rio de coordena\u00e7\u00e3o do movimento Campo Global conecta esses projetos e promove sua integra\u00e7\u00e3o em um movimento internacional. Al\u00e9m disso, na Su\u00ed\u00e7a existe um escrit\u00f3rio nacional de coordena\u00e7\u00e3o, que articula os Campos Globais daquele pa\u00eds. Paralelamente \u00e0 rede Campo Global, por meio do nosso projeto \u201cGlobal Bean\u201d, estamos em contato com muitas iniciativas e pessoas de diversos pa\u00edses, buscando, juntos, divulgar os benef\u00edcios das leguminosas.  <\/p>\n\n<div class=\"wp-block-columns is-layout-flex wp-container-core-columns-is-layout-28f84493 wp-block-columns-is-layout-flex\">\n<div class=\"wp-block-column is-layout-flow wp-container-core-column-is-layout-8a368f38 wp-block-column-is-layout-flow\"><style>.wp-block-kadence-column.kb-section-dir-horizontal > .kt-inside-inner-col > .kt-info-box70_8f88bc-89 .kt-blocks-info-box-link-wrap{max-width:unset;}.kt-info-box70_8f88bc-89 .kt-blocks-info-box-link-wrap{border-top:1px solid var(--accent);border-right:1px solid var(--accent);border-bottom:1px solid var(--accent);border-left:1px solid var(--accent);border-top-left-radius:30px;border-top-right-radius:30px;border-bottom-right-radius:30px;border-bottom-left-radius:30px;background:var(--base-3);padding-top:var(--global-kb-spacing-sm, 1.5rem);padding-right:var(--global-kb-spacing-sm, 1.5rem);padding-bottom:var(--global-kb-spacing-sm, 1.5rem);padding-left:var(--global-kb-spacing-sm, 1.5rem);margin-top:10px;}.kt-info-box70_8f88bc-89.wp-block-kadence-infobox{max-width:100%;}.kt-info-box70_8f88bc-89 .kadence-info-box-image-inner-intrisic-container{max-width:128px;}.kt-info-box70_8f88bc-89 .kadence-info-box-image-inner-intrisic-container .kadence-info-box-image-intrisic{padding-bottom:100%;width:1536px;height:0px;max-width:100%;}.kt-info-box70_8f88bc-89 .kadence-info-box-icon-container .kt-info-svg-icon, .kt-info-box70_8f88bc-89 .kt-info-svg-icon-flip, .kt-info-box70_8f88bc-89 .kt-blocks-info-box-number{font-size:50px;}.kt-info-box70_8f88bc-89 .kt-blocks-info-box-media{border-color:var(--global-palette7, #eeeeee);border-radius:200px;overflow:hidden;border-top-width:0px;border-right-width:0px;border-bottom-width:0px;border-left-width:0px;padding-top:0px;padding-right:0px;padding-bottom:0px;padding-left:0px;margin-top:0px;margin-right:20px;margin-bottom:0px;margin-left:0px;}.kt-info-box70_8f88bc-89 .kt-infobox-textcontent h2.kt-blocks-info-box-title{color:var(--contrast);padding-top:0px;padding-right:0px;padding-bottom:0px;padding-left:0px;margin-top:5px;margin-right:0px;margin-bottom:10px;margin-left:0px;}.kt-info-box70_8f88bc-89 .kt-blocks-info-box-link-wrap:hover h2.kt-blocks-info-box-title{color:var(--accent);}.wp-block-kadence-infobox.kt-info-box70_8f88bc-89 .kt-blocks-info-box-text{margin-top:0px;margin-right:0px;margin-bottom:15px;margin-left:0px;}.kt-info-box70_8f88bc-89 .kt-blocks-info-box-learnmore{color:var(--base-3);background:var(--accent);border-radius:25px;border-width:0px 0px 0px 0px;padding-top:4px;padding-right:8px;padding-bottom:4px;padding-left:8px;margin-top:10px;margin-right:0px;margin-bottom:10px;margin-left:0px;}.kt-info-box70_8f88bc-89 .kt-blocks-info-box-link-wrap{box-shadow:2px 2px 2px 3px var(--base-2);}.kt-info-box70_8f88bc-89 .kt-blocks-info-box-link-wrap:hover{box-shadow:0px 0px 14px 0px var(--contrast-2);}@media all and (max-width: 1024px){.kt-info-box70_8f88bc-89 .kt-blocks-info-box-link-wrap{border-top:1px solid var(--accent);border-right:1px solid var(--accent);border-bottom:1px solid var(--accent);border-left:1px solid var(--accent);box-shadow:2px 2px 2px 3px var(--base-2);}}@media all and (max-width: 1024px){.kt-info-box70_8f88bc-89 .kt-blocks-info-box-link-wrap:hover{box-shadow:0px 0px 14px 0px var(--contrast-2);}}@media all and (max-width: 767px){.kt-info-box70_8f88bc-89 .kt-blocks-info-box-link-wrap{border-top:1px solid var(--accent);border-right:1px solid var(--accent);border-bottom:1px solid var(--accent);border-left:1px solid var(--accent);display:block;box-shadow:2px 2px 2px 3px var(--base-2);}.kt-info-box70_8f88bc-89 .kt-blocks-info-box-link-wrap .kt-blocks-info-box-media{display:inline-block;max-width:100%;}.kt-info-box70_8f88bc-89 .kt-blocks-info-box-link-wrap:hover{box-shadow:0px 0px 14px 0px var(--contrast-2);}}<\/style>\n<div class=\"wp-block-kadence-infobox kt-info-box70_8f88bc-89\"><a class=\"kt-blocks-info-box-link-wrap info-box-link kt-blocks-info-box-media-align-left kt-info-halign-left\" href=\"https:\/\/www.2000m2.eu\/pt\/os-campos-mundiais\/\"><div class=\"kt-blocks-info-box-media-container\"><div class=\"kt-blocks-info-box-media kt-info-media-animate-none\"><div class=\"kadence-info-box-image-inner-intrisic-container\"><div class=\"kadence-info-box-image-intrisic kt-info-animate-none kb-info-box-image-ratio kb-info-box-image-ratio-square\"><div class=\"kadence-info-box-image-inner-intrisic\"><img decoding=\"async\" src=\"https:\/\/www.2000m2.eu\/wp-content\/uploads\/0E4A5774.jpg\" alt=\"\" width=\"1536\" height=\"1042\" class=\"kt-info-box-image wp-image-869\" \/><\/div><\/div><\/div><\/div><\/div><div class=\"kt-infobox-textcontent\"><h2 class=\"kt-blocks-info-box-title\">Os Campos Globais<\/h2><p class=\"kt-blocks-info-box-text\">Mais de 20 Campos Globais gest\u00e3o activos a n\u00edvel mundial. Quantos \u00e9 que j\u00e1 conheces? Sabes onde existem Campos Globais em todo o lado?  <\/p><\/div><\/a><\/div>\n<\/div>\n\n\n\n<div class=\"wp-block-column is-layout-flow wp-block-column-is-layout-flow\"><style>.wp-block-kadence-column.kb-section-dir-horizontal > .kt-inside-inner-col > .kt-info-box70_1989b6-85 .kt-blocks-info-box-link-wrap{max-width:unset;}.kt-info-box70_1989b6-85 .kt-blocks-info-box-link-wrap{border-top:1px solid var(--accent);border-right:1px solid var(--accent);border-bottom:1px solid var(--accent);border-left:1px solid var(--accent);border-top-left-radius:30px;border-top-right-radius:30px;border-bottom-right-radius:30px;border-bottom-left-radius:30px;background:var(--base-3);padding-top:var(--global-kb-spacing-sm, 1.5rem);padding-right:var(--global-kb-spacing-sm, 1.5rem);padding-bottom:var(--global-kb-spacing-sm, 1.5rem);padding-left:var(--global-kb-spacing-sm, 1.5rem);margin-top:10px;}.kt-info-box70_1989b6-85.wp-block-kadence-infobox{max-width:100%;}.kt-info-box70_1989b6-85 .kadence-info-box-image-inner-intrisic-container{max-width:128px;}.kt-info-box70_1989b6-85 .kadence-info-box-image-inner-intrisic-container .kadence-info-box-image-intrisic{padding-bottom:100%;width:1536px;height:0px;max-width:100%;}.kt-info-box70_1989b6-85 .kadence-info-box-icon-container .kt-info-svg-icon, .kt-info-box70_1989b6-85 .kt-info-svg-icon-flip, .kt-info-box70_1989b6-85 .kt-blocks-info-box-number{font-size:50px;}.kt-info-box70_1989b6-85 .kt-blocks-info-box-media{border-color:var(--global-palette7, #eeeeee);border-radius:200px;overflow:hidden;border-top-width:0px;border-right-width:0px;border-bottom-width:0px;border-left-width:0px;padding-top:0px;padding-right:0px;padding-bottom:0px;padding-left:0px;margin-top:0px;margin-right:20px;margin-bottom:0px;margin-left:0px;}.kt-info-box70_1989b6-85 .kt-infobox-textcontent h2.kt-blocks-info-box-title{color:var(--contrast);padding-top:0px;padding-right:0px;padding-bottom:0px;padding-left:0px;margin-top:5px;margin-right:0px;margin-bottom:10px;margin-left:0px;}.kt-info-box70_1989b6-85 .kt-blocks-info-box-link-wrap:hover h2.kt-blocks-info-box-title{color:var(--accent);}.wp-block-kadence-infobox.kt-info-box70_1989b6-85 .kt-blocks-info-box-text{margin-top:0px;margin-right:0px;margin-bottom:15px;margin-left:0px;}.kt-info-box70_1989b6-85 .kt-blocks-info-box-learnmore{color:var(--base-3);background:var(--accent);border-radius:25px;border-width:0px 0px 0px 0px;padding-top:4px;padding-right:8px;padding-bottom:4px;padding-left:8px;margin-top:10px;margin-right:0px;margin-bottom:10px;margin-left:0px;}.kt-info-box70_1989b6-85 .kt-blocks-info-box-link-wrap{box-shadow:2px 2px 2px 3px var(--base-2);}.kt-info-box70_1989b6-85 .kt-blocks-info-box-link-wrap:hover{box-shadow:0px 0px 14px 0px var(--contrast-2);}@media all and (max-width: 1024px){.kt-info-box70_1989b6-85 .kt-blocks-info-box-link-wrap{border-top:1px solid var(--accent);border-right:1px solid var(--accent);border-bottom:1px solid var(--accent);border-left:1px solid var(--accent);box-shadow:2px 2px 2px 3px var(--base-2);}}@media all and (max-width: 1024px){.kt-info-box70_1989b6-85 .kt-blocks-info-box-link-wrap:hover{box-shadow:0px 0px 14px 0px var(--contrast-2);}}@media all and (max-width: 767px){.kt-info-box70_1989b6-85 .kt-blocks-info-box-link-wrap{border-top:1px solid var(--accent);border-right:1px solid var(--accent);border-bottom:1px solid var(--accent);border-left:1px solid var(--accent);display:block;box-shadow:2px 2px 2px 3px var(--base-2);}.kt-info-box70_1989b6-85 .kt-blocks-info-box-link-wrap .kt-blocks-info-box-media{display:inline-block;max-width:100%;}.kt-info-box70_1989b6-85 .kt-blocks-info-box-link-wrap:hover{box-shadow:0px 0px 14px 0px var(--contrast-2);}}<\/style>\n<div class=\"wp-block-kadence-infobox kt-info-box70_1989b6-85\"><a class=\"kt-blocks-info-box-link-wrap info-box-link kt-blocks-info-box-media-align-left kt-info-halign-left\" href=\"https:\/\/www.2000m2.eu\/de\/schweiz\"><div class=\"kt-blocks-info-box-media-container\"><div class=\"kt-blocks-info-box-media kt-info-media-animate-none\"><div class=\"kadence-info-box-image-inner-intrisic-container\"><div class=\"kadence-info-box-image-intrisic kt-info-animate-none kb-info-box-image-ratio kb-info-box-image-ratio-square\"><div class=\"kadence-info-box-image-inner-intrisic\"><img decoding=\"async\" src=\"https:\/\/www.2000m2.eu\/wp-content\/uploads\/WANG_SuS_von_weitem_auf_WA_Dominique_Oser-edited.jpg\" alt=\"\" width=\"1536\" height=\"1042\" class=\"kt-info-box-image wp-image-743\" \/><\/div><\/div><\/div><\/div><\/div><div class=\"kt-infobox-textcontent\"><h2 class=\"kt-blocks-info-box-title\">Campo Global Su\u00ed\u00e7a<\/h2><p class=\"kt-blocks-info-box-text\">Na Su\u00ed\u00e7a, os Campos Globais s\u00e3o coordenados nacionalmente. Descubra a Associa\u00e7\u00e3o Campo Global Su\u00ed\u00e7a e seus projetos. <\/p><\/div><\/a><\/div>\n<\/div>\n<\/div>\n\n<div class=\"wp-block-columns is-layout-flex wp-container-core-columns-is-layout-28f84493 wp-block-columns-is-layout-flex\">\n<div class=\"wp-block-column is-layout-flow wp-block-column-is-layout-flow\"><style>.wp-block-kadence-column.kb-section-dir-horizontal > .kt-inside-inner-col > .kt-info-box70_ceffc5-d7 .kt-blocks-info-box-link-wrap{max-width:unset;}.kt-info-box70_ceffc5-d7 .kt-blocks-info-box-link-wrap{border-top:1px solid var(--accent);border-right:1px solid var(--accent);border-bottom:1px solid var(--accent);border-left:1px solid var(--accent);border-top-left-radius:30px;border-top-right-radius:30px;border-bottom-right-radius:30px;border-bottom-left-radius:30px;background:var(--base-3);padding-top:var(--global-kb-spacing-sm, 1.5rem);padding-right:var(--global-kb-spacing-sm, 1.5rem);padding-bottom:var(--global-kb-spacing-sm, 1.5rem);padding-left:var(--global-kb-spacing-sm, 1.5rem);margin-top:20px;}.kt-info-box70_ceffc5-d7.wp-block-kadence-infobox{max-width:100%;}.kt-info-box70_ceffc5-d7 .kadence-info-box-image-inner-intrisic-container{max-width:128px;}.kt-info-box70_ceffc5-d7 .kadence-info-box-image-inner-intrisic-container .kadence-info-box-image-intrisic{padding-bottom:100%;width:1536px;height:0px;max-width:100%;}.kt-info-box70_ceffc5-d7 .kadence-info-box-icon-container .kt-info-svg-icon, .kt-info-box70_ceffc5-d7 .kt-info-svg-icon-flip, .kt-info-box70_ceffc5-d7 .kt-blocks-info-box-number{font-size:50px;}.kt-info-box70_ceffc5-d7 .kt-blocks-info-box-media{border-color:var(--global-palette7, #eeeeee);border-radius:200px;overflow:hidden;border-top-width:0px;border-right-width:0px;border-bottom-width:0px;border-left-width:0px;padding-top:0px;padding-right:0px;padding-bottom:0px;padding-left:0px;margin-top:0px;margin-right:20px;margin-bottom:0px;margin-left:0px;}.kt-info-box70_ceffc5-d7 .kt-infobox-textcontent h2.kt-blocks-info-box-title{color:var(--contrast);padding-top:0px;padding-right:0px;padding-bottom:0px;padding-left:0px;margin-top:5px;margin-right:0px;margin-bottom:10px;margin-left:0px;}.kt-info-box70_ceffc5-d7 .kt-blocks-info-box-link-wrap:hover h2.kt-blocks-info-box-title{color:var(--accent);}.wp-block-kadence-infobox.kt-info-box70_ceffc5-d7 .kt-blocks-info-box-text{margin-top:0px;margin-right:0px;margin-bottom:15px;margin-left:0px;}.kt-info-box70_ceffc5-d7 .kt-blocks-info-box-learnmore{color:var(--base-3);background:var(--accent);border-radius:25px;border-width:0px 0px 0px 0px;padding-top:4px;padding-right:8px;padding-bottom:4px;padding-left:8px;margin-top:10px;margin-right:0px;margin-bottom:10px;margin-left:0px;}.kt-info-box70_ceffc5-d7 .kt-blocks-info-box-link-wrap{box-shadow:2px 2px 2px 3px var(--base-2);}.kt-info-box70_ceffc5-d7 .kt-blocks-info-box-link-wrap:hover{box-shadow:0px 0px 14px 0px var(--contrast-2);}@media all and (max-width: 1024px){.kt-info-box70_ceffc5-d7 .kt-blocks-info-box-link-wrap{border-top:1px solid var(--accent);border-right:1px solid var(--accent);border-bottom:1px solid var(--accent);border-left:1px solid var(--accent);box-shadow:2px 2px 2px 3px var(--base-2);}}@media all and (max-width: 1024px){.kt-info-box70_ceffc5-d7 .kt-blocks-info-box-link-wrap:hover{box-shadow:0px 0px 14px 0px var(--contrast-2);}}@media all and (max-width: 767px){.kt-info-box70_ceffc5-d7 .kt-blocks-info-box-link-wrap{border-top:1px solid var(--accent);border-right:1px solid var(--accent);border-bottom:1px solid var(--accent);border-left:1px solid var(--accent);display:block;box-shadow:2px 2px 2px 3px var(--base-2);}.kt-info-box70_ceffc5-d7 .kt-blocks-info-box-link-wrap .kt-blocks-info-box-media{display:inline-block;max-width:100%;}.kt-info-box70_ceffc5-d7 .kt-blocks-info-box-link-wrap:hover{box-shadow:0px 0px 14px 0px var(--contrast-2);}}<\/style>\n<div class=\"wp-block-kadence-infobox kt-info-box70_ceffc5-d7\"><a class=\"kt-blocks-info-box-link-wrap info-box-link kt-blocks-info-box-media-align-left kt-info-halign-left\" href=\"https:\/\/www.2000m2.eu\/pt\/a-nossa-rede\/o-projeto-global-bean\/\"><div class=\"kt-blocks-info-box-media-container\"><div class=\"kt-blocks-info-box-media kt-info-media-animate-none\"><div class=\"kadence-info-box-image-inner-intrisic-container\"><div class=\"kadence-info-box-image-intrisic kt-info-animate-none kb-info-box-image-ratio kb-info-box-image-ratio-square\"><div class=\"kadence-info-box-image-inner-intrisic\"><img decoding=\"async\" src=\"https:\/\/www.2000m2.eu\/wp-content\/uploads\/Design-ohne-Titel2.jpg\" alt=\"\" width=\"1536\" height=\"1042\" class=\"kt-info-box-image wp-image-1019\" \/><\/div><\/div><\/div><\/div><\/div><div class=\"kt-infobox-textcontent\"><h2 class=\"kt-blocks-info-box-title\">Feij\u00e3o global<\/h2><p class=\"kt-blocks-info-box-text\">As leguminosas podem salvar o mundo? Com uma rede global, promovemos o cultivo e o consumo de leguminosas. <\/p><\/div><\/a><\/div>\n<\/div>\n\n\n\n<div class=\"wp-block-column is-layout-flow wp-block-column-is-layout-flow\"><\/div>\n<\/div>\n\n<p><\/p>\n","protected":false},"excerpt":{"rendered":"<p>A rede do Campo Global O movimento Campo Global \u00e9 formado por in\u00fameros projetos educativos locais. Cada Campo Global \u00e9 uma organiza\u00e7\u00e3o ou iniciativa juridicamente independente, que cria o seu pr\u00f3prio Campo Global. Os Campos Globais tamb\u00e9m n\u00e3o s\u00e3o sempre iguais em cada projeto, voc\u00ea encontrar\u00e1 algo muito especial. O escrit\u00f3rio de coordena\u00e7\u00e3o do movimento&#8230;<\/p>\n","protected":false},"author":1,"featured_media":0,"parent":0,"menu_order":31,"comment_status":"closed","ping_status":"closed","template":"","meta":{"footnotes":""},"class_list":["post-14186","page","type-page","status-publish"],"yoast_head":"<!-- This site is optimized with the Yoast SEO plugin v27.4 - https:\/\/yoast.com\/product\/yoast-seo-wordpress\/ -->\n<title>A nossa rede - 2000m2<\/title>\n<meta name=\"robots\" content=\"index, follow, max-snippet:-1, max-image-preview:large, max-video-preview:-1\" \/>\n<link rel=\"canonical\" href=\"https:\/\/www.2000m2.eu\/pt\/a-nossa-rede\/\" \/>\n<meta property=\"og:locale\" content=\"pt_PT\" \/>\n<meta property=\"og:type\" content=\"article\" \/>\n<meta property=\"og:title\" content=\"A nossa rede - 2000m2\" \/>\n<meta property=\"og:description\" content=\"A rede do Campo Global O movimento Campo Global \u00e9 formado por in\u00fameros projetos educativos locais. Cada Campo Global \u00e9 uma organiza\u00e7\u00e3o ou iniciativa juridicamente independente, que cria o seu pr\u00f3prio Campo Global. Os Campos Globais tamb\u00e9m n\u00e3o s\u00e3o sempre iguais em cada projeto, voc\u00ea encontrar\u00e1 algo muito especial. O escrit\u00f3rio de coordena\u00e7\u00e3o do movimento...\" \/>\n<meta property=\"og:url\" content=\"https:\/\/www.2000m2.eu\/pt\/a-nossa-rede\/\" \/>\n<meta property=\"og:site_name\" content=\"2000m2\" \/>\n<meta property=\"article:modified_time\" content=\"2025-09-15T08:27:52+00:00\" \/>\n<meta property=\"og:image\" content=\"https:\/\/www.2000m2.eu\/wp-content\/uploads\/Featured_Images_Netzwerk.jpg\" \/>\n\t<meta property=\"og:image:width\" content=\"1800\" \/>\n\t<meta property=\"og:image:height\" content=\"180\" \/>\n\t<meta property=\"og:image:type\" content=\"image\/jpeg\" \/>\n<meta name=\"twitter:card\" content=\"summary_large_image\" \/>\n<meta name=\"twitter:label1\" content=\"Tempo estimado de leitura\" \/>\n\t<meta name=\"twitter:data1\" content=\"1 minuto\" \/>\n<script type=\"application\/ld+json\" class=\"yoast-schema-graph\">{\"@context\":\"https:\\\/\\\/schema.org\",\"@graph\":[{\"@type\":\"WebPage\",\"@id\":\"https:\\\/\\\/www.2000m2.eu\\\/pt\\\/a-nossa-rede\\\/\",\"url\":\"https:\\\/\\\/www.2000m2.eu\\\/pt\\\/a-nossa-rede\\\/\",\"name\":\"A nossa rede - 2000m2\",\"isPartOf\":{\"@id\":\"https:\\\/\\\/www.2000m2.eu\\\/pt\\\/#website\"},\"primaryImageOfPage\":{\"@id\":\"https:\\\/\\\/www.2000m2.eu\\\/pt\\\/a-nossa-rede\\\/#primaryimage\"},\"image\":{\"@id\":\"https:\\\/\\\/www.2000m2.eu\\\/pt\\\/a-nossa-rede\\\/#primaryimage\"},\"thumbnailUrl\":\"https:\\\/\\\/www.2000m2.eu\\\/wp-content\\\/uploads\\\/0E4A5774.jpg\",\"datePublished\":\"2024-09-11T11:24:07+00:00\",\"dateModified\":\"2025-09-15T08:27:52+00:00\",\"breadcrumb\":{\"@id\":\"https:\\\/\\\/www.2000m2.eu\\\/pt\\\/a-nossa-rede\\\/#breadcrumb\"},\"inLanguage\":\"pt-PT\",\"potentialAction\":[{\"@type\":\"ReadAction\",\"target\":[\"https:\\\/\\\/www.2000m2.eu\\\/pt\\\/a-nossa-rede\\\/\"]}]},{\"@type\":\"ImageObject\",\"inLanguage\":\"pt-PT\",\"@id\":\"https:\\\/\\\/www.2000m2.eu\\\/pt\\\/a-nossa-rede\\\/#primaryimage\",\"url\":\"https:\\\/\\\/www.2000m2.eu\\\/wp-content\\\/uploads\\\/0E4A5774.jpg\",\"contentUrl\":\"https:\\\/\\\/www.2000m2.eu\\\/wp-content\\\/uploads\\\/0E4A5774.jpg\"},{\"@type\":\"BreadcrumbList\",\"@id\":\"https:\\\/\\\/www.2000m2.eu\\\/pt\\\/a-nossa-rede\\\/#breadcrumb\",\"itemListElement\":[{\"@type\":\"ListItem\",\"position\":1,\"name\":\"Home\",\"item\":\"https:\\\/\\\/www.2000m2.eu\\\/pt\\\/\"},{\"@type\":\"ListItem\",\"position\":2,\"name\":\"A nossa rede\"}]},{\"@type\":\"WebSite\",\"@id\":\"https:\\\/\\\/www.2000m2.eu\\\/pt\\\/#website\",\"url\":\"https:\\\/\\\/www.2000m2.eu\\\/pt\\\/\",\"name\":\"2000m2\",\"description\":\"\",\"publisher\":{\"@id\":\"https:\\\/\\\/www.2000m2.eu\\\/pt\\\/#organization\"},\"potentialAction\":[{\"@type\":\"SearchAction\",\"target\":{\"@type\":\"EntryPoint\",\"urlTemplate\":\"https:\\\/\\\/www.2000m2.eu\\\/pt\\\/?s={search_term_string}\"},\"query-input\":{\"@type\":\"PropertyValueSpecification\",\"valueRequired\":true,\"valueName\":\"search_term_string\"}}],\"inLanguage\":\"pt-PT\"},{\"@type\":\"Organization\",\"@id\":\"https:\\\/\\\/www.2000m2.eu\\\/pt\\\/#organization\",\"name\":\"2000m2\",\"url\":\"https:\\\/\\\/www.2000m2.eu\\\/pt\\\/\",\"logo\":{\"@type\":\"ImageObject\",\"inLanguage\":\"pt-PT\",\"@id\":\"https:\\\/\\\/www.2000m2.eu\\\/pt\\\/#\\\/schema\\\/logo\\\/image\\\/\",\"url\":\"https:\\\/\\\/www.2000m2.eu\\\/wp-content\\\/uploads\\\/logo.png\",\"contentUrl\":\"https:\\\/\\\/www.2000m2.eu\\\/wp-content\\\/uploads\\\/logo.png\",\"width\":445,\"height\":140,\"caption\":\"2000m2\"},\"image\":{\"@id\":\"https:\\\/\\\/www.2000m2.eu\\\/pt\\\/#\\\/schema\\\/logo\\\/image\\\/\"}}]}<\/script>\n<!-- \/ Yoast SEO plugin. -->","yoast_head_json":{"title":"A nossa rede - 2000m2","robots":{"index":"index","follow":"follow","max-snippet":"max-snippet:-1","max-image-preview":"max-image-preview:large","max-video-preview":"max-video-preview:-1"},"canonical":"https:\/\/www.2000m2.eu\/pt\/a-nossa-rede\/","og_locale":"pt_PT","og_type":"article","og_title":"A nossa rede - 2000m2","og_description":"A rede do Campo Global O movimento Campo Global \u00e9 formado por in\u00fameros projetos educativos locais. Cada Campo Global \u00e9 uma organiza\u00e7\u00e3o ou iniciativa juridicamente independente, que cria o seu pr\u00f3prio Campo Global. Os Campos Globais tamb\u00e9m n\u00e3o s\u00e3o sempre iguais em cada projeto, voc\u00ea encontrar\u00e1 algo muito especial. O escrit\u00f3rio de coordena\u00e7\u00e3o do movimento...","og_url":"https:\/\/www.2000m2.eu\/pt\/a-nossa-rede\/","og_site_name":"2000m2","article_modified_time":"2025-09-15T08:27:52+00:00","og_image":[{"width":1800,"height":180,"url":"https:\/\/www.2000m2.eu\/wp-content\/uploads\/Featured_Images_Netzwerk.jpg","type":"image\/jpeg"}],"twitter_card":"summary_large_image","twitter_misc":{"Tempo estimado de leitura":"1 minuto"},"schema":{"@context":"https:\/\/schema.org","@graph":[{"@type":"WebPage","@id":"https:\/\/www.2000m2.eu\/pt\/a-nossa-rede\/","url":"https:\/\/www.2000m2.eu\/pt\/a-nossa-rede\/","name":"A nossa rede - 2000m2","isPartOf":{"@id":"https:\/\/www.2000m2.eu\/pt\/#website"},"primaryImageOfPage":{"@id":"https:\/\/www.2000m2.eu\/pt\/a-nossa-rede\/#primaryimage"},"image":{"@id":"https:\/\/www.2000m2.eu\/pt\/a-nossa-rede\/#primaryimage"},"thumbnailUrl":"https:\/\/www.2000m2.eu\/wp-content\/uploads\/0E4A5774.jpg","datePublished":"2024-09-11T11:24:07+00:00","dateModified":"2025-09-15T08:27:52+00:00","breadcrumb":{"@id":"https:\/\/www.2000m2.eu\/pt\/a-nossa-rede\/#breadcrumb"},"inLanguage":"pt-PT","potentialAction":[{"@type":"ReadAction","target":["https:\/\/www.2000m2.eu\/pt\/a-nossa-rede\/"]}]},{"@type":"ImageObject","inLanguage":"pt-PT","@id":"https:\/\/www.2000m2.eu\/pt\/a-nossa-rede\/#primaryimage","url":"https:\/\/www.2000m2.eu\/wp-content\/uploads\/0E4A5774.jpg","contentUrl":"https:\/\/www.2000m2.eu\/wp-content\/uploads\/0E4A5774.jpg"},{"@type":"BreadcrumbList","@id":"https:\/\/www.2000m2.eu\/pt\/a-nossa-rede\/#breadcrumb","itemListElement":[{"@type":"ListItem","position":1,"name":"Home","item":"https:\/\/www.2000m2.eu\/pt\/"},{"@type":"ListItem","position":2,"name":"A nossa rede"}]},{"@type":"WebSite","@id":"https:\/\/www.2000m2.eu\/pt\/#website","url":"https:\/\/www.2000m2.eu\/pt\/","name":"2000m2","description":"","publisher":{"@id":"https:\/\/www.2000m2.eu\/pt\/#organization"},"potentialAction":[{"@type":"SearchAction","target":{"@type":"EntryPoint","urlTemplate":"https:\/\/www.2000m2.eu\/pt\/?s={search_term_string}"},"query-input":{"@type":"PropertyValueSpecification","valueRequired":true,"valueName":"search_term_string"}}],"inLanguage":"pt-PT"},{"@type":"Organization","@id":"https:\/\/www.2000m2.eu\/pt\/#organization","name":"2000m2","url":"https:\/\/www.2000m2.eu\/pt\/","logo":{"@type":"ImageObject","inLanguage":"pt-PT","@id":"https:\/\/www.2000m2.eu\/pt\/#\/schema\/logo\/image\/","url":"https:\/\/www.2000m2.eu\/wp-content\/uploads\/logo.png","contentUrl":"https:\/\/www.2000m2.eu\/wp-content\/uploads\/logo.png","width":445,"height":140,"caption":"2000m2"},"image":{"@id":"https:\/\/www.2000m2.eu\/pt\/#\/schema\/logo\/image\/"}}]}},"_links":{"self":[{"href":"https:\/\/www.2000m2.eu\/pt\/wp-json\/wp\/v2\/pages\/14186","targetHints":{"allow":["GET"]}}],"collection":[{"href":"https:\/\/www.2000m2.eu\/pt\/wp-json\/wp\/v2\/pages"}],"about":[{"href":"https:\/\/www.2000m2.eu\/pt\/wp-json\/wp\/v2\/types\/page"}],"author":[{"embeddable":true,"href":"https:\/\/www.2000m2.eu\/pt\/wp-json\/wp\/v2\/users\/1"}],"replies":[{"embeddable":true,"href":"https:\/\/www.2000m2.eu\/pt\/wp-json\/wp\/v2\/comments?post=14186"}],"version-history":[{"count":3,"href":"https:\/\/www.2000m2.eu\/pt\/wp-json\/wp\/v2\/pages\/14186\/revisions"}],"predecessor-version":[{"id":15809,"href":"https:\/\/www.2000m2.eu\/pt\/wp-json\/wp\/v2\/pages\/14186\/revisions\/15809"}],"wp:attachment":[{"href":"https:\/\/www.2000m2.eu\/pt\/wp-json\/wp\/v2\/media?parent=14186"}],"curies":[{"name":"wp","href":"https:\/\/api.w.org\/{rel}","templated":true}]}}