{"id":14191,"date":"2024-09-11T11:26:01","date_gmt":"2024-09-11T11:26:01","guid":{"rendered":"https:\/\/www.2000m2.eu\/a-nossa-rede\/o-projeto-global-bean\/"},"modified":"2025-08-13T13:57:31","modified_gmt":"2025-08-13T13:57:31","slug":"o-projeto-global-bean","status":"publish","type":"page","link":"https:\/\/www.2000m2.eu\/pt\/a-nossa-rede\/o-projeto-global-bean\/","title":{"rendered":"O projeto Global Bean"},"content":{"rendered":"\n<h1 class=\"wp-block-heading\">O projeto Global Bean<\/h1>\n\n<p>O \u201cProjeto Global Bean\u201d busca conscientizar sobre as muitas vantagens das leguminosas e, como rede internacional, aumentar seu cultivo e consumo em todo o mundo. Fundado em 2021 pela Funda\u00e7\u00e3o para o Futuro da Agricultura (Zukunftsstiftung Landwirtschaft), essa rede diversificada j\u00e1 conta com quase cem organiza\u00e7\u00f5es parceiras de todo o planeta e, com isso, in\u00fameros especialistas e entusiastas de feij\u00f5es e outras leguminosas, que se dedicam com paix\u00e3o a promover essas plantas. <\/p>\n\n<p>As leguminosas s\u00e3o uma fonte alimentar rica em prote\u00ednas para os seres humanos, muito mais saud\u00e1vel, mais sustent\u00e1vel e, na maioria dos casos, mais barata do que a prote\u00edna animal. Os feij\u00f5es, as ervilhas, as lentilhas e outras leguminosas podem ser transformados em muitas refei\u00e7\u00f5es deliciosas e nutritivas e fazem parte integrante de muitas tradi\u00e7\u00f5es culin\u00e1rias regionais. Al\u00e9m disso, as leguminosas t\u00eam propriedades naturais de melhoria do solo: podem fixar azoto no solo e ajudar a reduzir a depend\u00eancia de fertilizantes minerais artificiais, o que resulta em menos impactos negativos nos ecossistemas e na sa\u00fade humana. Por conseguinte, as leguminosas desempenham um papel crucial na necess\u00e1ria transi\u00e7\u00e3o dos sistemas alimentares mundiais e na luta contra as altera\u00e7\u00f5es clim\u00e1ticas.     <\/p>\n\n<p>Com conhecimentos especializados, publica\u00e7\u00f5es e eventos em linha, o Global Bean Project promove o cultivo e o consumo de leguminosas e divulga os benef\u00edcios das leguminosas a um vasto p\u00fablico.<\/p>\n<style>.wp-block-kadence-spacer.kt-block-spacer-72_16b57c-3b .kt-block-spacer{height:60px;}.wp-block-kadence-spacer.kt-block-spacer-72_16b57c-3b .kt-divider{border-top-width:1px;height:1px;border-top-color:#eee;width:80%;border-top-style:solid;}<\/style>\n<div class=\"wp-block-kadence-spacer aligncenter kt-block-spacer-72_16b57c-3b\"><div class=\"kt-block-spacer kt-block-spacer-halign-center\"><\/div><\/div>\n<style>.wp-block-kadence-advancedbtn.kb-btns72_03c5f8-d2{gap:var(--global-kb-gap-xs, 0.5rem );justify-content:center;align-items:center;}.kt-btns72_03c5f8-d2 .kt-button{font-weight:normal;font-style:normal;}.kt-btns72_03c5f8-d2 .kt-btn-wrap-0{margin-right:5px;}.wp-block-kadence-advancedbtn.kt-btns72_03c5f8-d2 .kt-btn-wrap-0 .kt-button{color:#555555;border-color:#555555;}.wp-block-kadence-advancedbtn.kt-btns72_03c5f8-d2 .kt-btn-wrap-0 .kt-button:hover, .wp-block-kadence-advancedbtn.kt-btns72_03c5f8-d2 .kt-btn-wrap-0 .kt-button:focus{color:#ffffff;border-color:#444444;}.wp-block-kadence-advancedbtn.kt-btns72_03c5f8-d2 .kt-btn-wrap-0 .kt-button::before{display:none;}.wp-block-kadence-advancedbtn.kt-btns72_03c5f8-d2 .kt-btn-wrap-0 .kt-button:hover, .wp-block-kadence-advancedbtn.kt-btns72_03c5f8-d2 .kt-btn-wrap-0 .kt-button:focus{background:#444444;}<\/style>\n<div class=\"wp-block-kadence-advancedbtn kb-buttons-wrap kb-btns72_03c5f8-d2\"><style>ul.menu .wp-block-kadence-advancedbtn .kb-btn72_9278fe-fc.kb-button{width:initial;}.wp-block-kadence-advancedbtn .kb-btn72_9278fe-fc.kb-button{background:var(--accent);}.wp-block-kadence-advancedbtn .kb-btn72_9278fe-fc.kb-button:hover, .wp-block-kadence-advancedbtn .kb-btn72_9278fe-fc.kb-button:focus{background:var(--accent-1);}<\/style><a class=\"kb-button kt-button button kb-btn72_9278fe-fc kt-btn-size-standard kt-btn-width-type-auto kb-btn-global-fill  kt-btn-has-text-true kt-btn-has-svg-false  wp-block-kadence-singlebtn\" href=\"https:\/\/www.globalbean.eu\/\"><span class=\"kt-btn-inner-text\">Descobre mais sobre o Projeto Global Bean aqui<\/span><\/a><\/div>\n<style>.wp-block-kadence-spacer.kt-block-spacer-72_894082-ae .kt-block-spacer{height:60px;}.wp-block-kadence-spacer.kt-block-spacer-72_894082-ae .kt-divider{border-top-width:1px;height:1px;border-top-color:#eee;width:80%;border-top-style:solid;}<\/style>\n<div class=\"wp-block-kadence-spacer aligncenter kt-block-spacer-72_894082-ae\"><div class=\"kt-block-spacer kt-block-spacer-halign-center\"><\/div><\/div>\n<style>.kb-row-layout-wrap.wp-block-kadence-rowlayout.kb-row-layout-id72_854a31-31{margin-bottom:0px;}.kb-row-layout-id72_854a31-31 > .kt-row-column-wrap{align-content:start;}:where(.kb-row-layout-id72_854a31-31 > .kt-row-column-wrap) > .wp-block-kadence-column{justify-content:start;}.kb-row-layout-id72_854a31-31 > .kt-row-column-wrap{column-gap:var(--global-kb-gap-md, 2rem);row-gap:var(--global-kb-gap-md, 2rem);padding-top:var(--global-kb-spacing-sm, 1.5rem);padding-bottom:var(--global-kb-spacing-sm, 1.5rem);}.kb-row-layout-id72_854a31-31 > .kt-row-column-wrap > div:not(.added-for-specificity){grid-column:initial;}.kb-row-layout-id72_854a31-31 > .kt-row-column-wrap{grid-template-columns:repeat(3, minmax(0, 1fr));}.kb-row-layout-id72_854a31-31 > .kt-row-layout-overlay{opacity:0.30;}@media all and (max-width: 1024px){.kb-row-layout-id72_854a31-31 > .kt-row-column-wrap > div:not(.added-for-specificity){grid-column:initial;}}@media all and (max-width: 1024px){.kb-row-layout-id72_854a31-31 > .kt-row-column-wrap{grid-template-columns:repeat(3, minmax(0, 1fr));}}@media all and (max-width: 767px){.kb-row-layout-id72_854a31-31 > .kt-row-column-wrap > div:not(.added-for-specificity){grid-column:initial;}.kb-row-layout-id72_854a31-31 > .kt-row-column-wrap{grid-template-columns:minmax(0, 1fr);}}<\/style><div class=\"kb-row-layout-wrap kb-row-layout-id72_854a31-31 alignnone wp-block-kadence-rowlayout\"><div class=\"kt-row-column-wrap kt-has-3-columns kt-row-layout-equal kt-tab-layout-inherit kt-mobile-layout-row kt-row-valign-top\">\n<style>.kadence-column72_98ef7a-55 > .kt-inside-inner-col,.kadence-column72_98ef7a-55 > .kt-inside-inner-col:before{border-top-left-radius:0px;border-top-right-radius:0px;border-bottom-right-radius:0px;border-bottom-left-radius:0px;}.kadence-column72_98ef7a-55 > .kt-inside-inner-col{column-gap:var(--global-kb-gap-sm, 1rem);}.kadence-column72_98ef7a-55 > .kt-inside-inner-col{flex-direction:column;}.kadence-column72_98ef7a-55 > .kt-inside-inner-col > .aligncenter{width:100%;}.kadence-column72_98ef7a-55 > .kt-inside-inner-col:before{opacity:0.3;}.kadence-column72_98ef7a-55{position:relative;}@media all and (max-width: 1024px){.kadence-column72_98ef7a-55 > .kt-inside-inner-col{flex-direction:column;justify-content:center;}}@media all and (max-width: 767px){.kadence-column72_98ef7a-55 > .kt-inside-inner-col{flex-direction:column;justify-content:center;}}<\/style>\n<div class=\"wp-block-kadence-column kadence-column72_98ef7a-55\"><div class=\"kt-inside-inner-col\"><div class=\"wp-block-image\">\n<figure class=\"aligncenter size-full is-resized\"><img decoding=\"async\" width=\"995\" height=\"659\" src=\"https:\/\/www.2000m2.eu\/wp-content\/uploads\/team-bildGlobalBean-1.jpg\" alt=\"Tr&#xEA;s funcion&#xE1;rios do Projeto Global Bean em frente &#xE0; mesa de informa&#xE7;&#xE3;o do Global Bean.\" class=\"wp-image-1180\" style=\"width:296px;height:auto\" srcset=\"https:\/\/www.2000m2.eu\/wp-content\/uploads\/team-bildGlobalBean-1.jpg 995w, https:\/\/www.2000m2.eu\/wp-content\/uploads\/team-bildGlobalBean-1-300x199.jpg 300w, https:\/\/www.2000m2.eu\/wp-content\/uploads\/team-bildGlobalBean-1-768x509.jpg 768w\" sizes=\"(max-width: 995px) 100vw, 995px\" \/><\/figure>\n<\/div><\/div><\/div>\n\n\n<style>.kadence-column72_c103ee-9d > .kt-inside-inner-col,.kadence-column72_c103ee-9d > .kt-inside-inner-col:before{border-top-left-radius:0px;border-top-right-radius:0px;border-bottom-right-radius:0px;border-bottom-left-radius:0px;}.kadence-column72_c103ee-9d > .kt-inside-inner-col{column-gap:var(--global-kb-gap-sm, 1rem);}.kadence-column72_c103ee-9d > .kt-inside-inner-col{flex-direction:column;}.kadence-column72_c103ee-9d > .kt-inside-inner-col > .aligncenter{width:100%;}.kadence-column72_c103ee-9d > .kt-inside-inner-col:before{opacity:0.3;}.kadence-column72_c103ee-9d{position:relative;}@media all and (max-width: 1024px){.kadence-column72_c103ee-9d > .kt-inside-inner-col{flex-direction:column;justify-content:center;}}@media all and (max-width: 767px){.kadence-column72_c103ee-9d > .kt-inside-inner-col{flex-direction:column;justify-content:center;}}<\/style>\n<div class=\"wp-block-kadence-column kadence-column72_c103ee-9d\"><div class=\"kt-inside-inner-col\">\n<figure class=\"wp-block-image size-full is-resized\"><img decoding=\"async\" width=\"1024\" height=\"576\" src=\"https:\/\/www.2000m2.eu\/wp-content\/uploads\/PXL_20221022_1306178731-1-1024x576-1-1.jpg\" alt=\"O grupo coreano Kbean, a equipe do Global Bean e um chef estar&#xE3;o juntos na mesa de informa&#xE7;&#xF5;es\" class=\"wp-image-1182\" style=\"width:357px\" srcset=\"https:\/\/www.2000m2.eu\/wp-content\/uploads\/PXL_20221022_1306178731-1-1024x576-1-1.jpg 1024w, https:\/\/www.2000m2.eu\/wp-content\/uploads\/PXL_20221022_1306178731-1-1024x576-1-1-300x169.jpg 300w, https:\/\/www.2000m2.eu\/wp-content\/uploads\/PXL_20221022_1306178731-1-1024x576-1-1-768x432.jpg 768w\" sizes=\"(max-width: 1024px) 100vw, 1024px\" \/><\/figure>\n<\/div><\/div>\n\n\n<style>.kadence-column72_d19e8a-4f > .kt-inside-inner-col,.kadence-column72_d19e8a-4f > .kt-inside-inner-col:before{border-top-left-radius:0px;border-top-right-radius:0px;border-bottom-right-radius:0px;border-bottom-left-radius:0px;}.kadence-column72_d19e8a-4f > .kt-inside-inner-col{column-gap:var(--global-kb-gap-sm, 1rem);}.kadence-column72_d19e8a-4f > .kt-inside-inner-col{flex-direction:column;}.kadence-column72_d19e8a-4f > .kt-inside-inner-col > .aligncenter{width:100%;}.kadence-column72_d19e8a-4f > .kt-inside-inner-col:before{opacity:0.3;}.kadence-column72_d19e8a-4f{position:relative;}@media all and (max-width: 1024px){.kadence-column72_d19e8a-4f > .kt-inside-inner-col{flex-direction:column;justify-content:center;}}@media all and (max-width: 767px){.kadence-column72_d19e8a-4f > .kt-inside-inner-col{flex-direction:column;justify-content:center;}}<\/style>\n<div class=\"wp-block-kadence-column kadence-column72_d19e8a-4f\"><div class=\"kt-inside-inner-col\">\n<figure class=\"wp-block-image size-large is-resized\"><img decoding=\"async\" width=\"1024\" height=\"576\" src=\"https:\/\/www.2000m2.eu\/wp-content\/uploads\/PXL_20220910_161119775.PORTRAIT-scaled-2-1024x576.jpg\" alt=\"Em um evento, uma mulher olha com interesse para o expositor sobre o Global Bean e conversa animadamente com o colaborador do projeto. \" class=\"wp-image-1184\" style=\"width:357px\" srcset=\"https:\/\/www.2000m2.eu\/wp-content\/uploads\/PXL_20220910_161119775.PORTRAIT-scaled-2-1024x576.jpg 1024w, https:\/\/www.2000m2.eu\/wp-content\/uploads\/PXL_20220910_161119775.PORTRAIT-scaled-2-300x169.jpg 300w, https:\/\/www.2000m2.eu\/wp-content\/uploads\/PXL_20220910_161119775.PORTRAIT-scaled-2-768x432.jpg 768w, https:\/\/www.2000m2.eu\/wp-content\/uploads\/PXL_20220910_161119775.PORTRAIT-scaled-2-1536x864.jpg 1536w, https:\/\/www.2000m2.eu\/wp-content\/uploads\/PXL_20220910_161119775.PORTRAIT-scaled-2-2048x1152.jpg 2048w\" sizes=\"(max-width: 1024px) 100vw, 1024px\" \/><\/figure>\n<\/div><\/div>\n\n<\/div><\/div>\n<p><\/p>\n","protected":false},"excerpt":{"rendered":"<p>O projeto Global Bean O \u201cProjeto Global Bean\u201d busca conscientizar sobre as muitas vantagens das leguminosas e, como rede internacional, aumentar seu cultivo e consumo em todo o mundo. Fundado em 2021 pela Funda\u00e7\u00e3o para o Futuro da Agricultura (Zukunftsstiftung Landwirtschaft), essa rede diversificada j\u00e1 conta com quase cem organiza\u00e7\u00f5es parceiras de todo o planeta&#8230;<\/p>\n","protected":false},"author":1,"featured_media":17200,"parent":14186,"menu_order":33,"comment_status":"closed","ping_status":"closed","template":"","meta":{"footnotes":""},"class_list":["post-14191","page","type-page","status-publish","has-post-thumbnail"],"yoast_head":"<!-- This site is optimized with the Yoast SEO plugin v27.4 - https:\/\/yoast.com\/product\/yoast-seo-wordpress\/ -->\n<title>O projeto Global Bean - 2000m2<\/title>\n<meta name=\"robots\" content=\"index, follow, max-snippet:-1, max-image-preview:large, max-video-preview:-1\" \/>\n<link rel=\"canonical\" href=\"https:\/\/www.2000m2.eu\/pt\/a-nossa-rede\/o-projeto-global-bean\/\" \/>\n<meta property=\"og:locale\" content=\"pt_PT\" \/>\n<meta property=\"og:type\" content=\"article\" \/>\n<meta property=\"og:title\" content=\"O projeto Global Bean - 2000m2\" \/>\n<meta property=\"og:description\" content=\"O projeto Global Bean O \u201cProjeto Global Bean\u201d busca conscientizar sobre as muitas vantagens das leguminosas e, como rede internacional, aumentar seu cultivo e consumo em todo o mundo. Fundado em 2021 pela Funda\u00e7\u00e3o para o Futuro da Agricultura (Zukunftsstiftung Landwirtschaft), essa rede diversificada j\u00e1 conta com quase cem organiza\u00e7\u00f5es parceiras de todo o planeta...\" \/>\n<meta property=\"og:url\" content=\"https:\/\/www.2000m2.eu\/pt\/a-nossa-rede\/o-projeto-global-bean\/\" \/>\n<meta property=\"og:site_name\" content=\"2000m2\" \/>\n<meta property=\"article:modified_time\" content=\"2025-08-13T13:57:31+00:00\" \/>\n<meta property=\"og:image\" content=\"https:\/\/www.2000m2.eu\/wp-content\/uploads\/Featured_Images_Global-Bean.jpg\" \/>\n\t<meta property=\"og:image:width\" content=\"1800\" \/>\n\t<meta property=\"og:image:height\" content=\"180\" \/>\n\t<meta property=\"og:image:type\" content=\"image\/jpeg\" \/>\n<meta name=\"twitter:card\" content=\"summary_large_image\" \/>\n<meta name=\"twitter:label1\" content=\"Tempo estimado de leitura\" \/>\n\t<meta name=\"twitter:data1\" content=\"1 minuto\" \/>\n<script type=\"application\/ld+json\" class=\"yoast-schema-graph\">{\"@context\":\"https:\\\/\\\/schema.org\",\"@graph\":[{\"@type\":\"WebPage\",\"@id\":\"https:\\\/\\\/www.2000m2.eu\\\/pt\\\/a-nossa-rede\\\/o-projeto-global-bean\\\/\",\"url\":\"https:\\\/\\\/www.2000m2.eu\\\/pt\\\/a-nossa-rede\\\/o-projeto-global-bean\\\/\",\"name\":\"O projeto Global Bean - 2000m2\",\"isPartOf\":{\"@id\":\"https:\\\/\\\/www.2000m2.eu\\\/pt\\\/#website\"},\"primaryImageOfPage\":{\"@id\":\"https:\\\/\\\/www.2000m2.eu\\\/pt\\\/a-nossa-rede\\\/o-projeto-global-bean\\\/#primaryimage\"},\"image\":{\"@id\":\"https:\\\/\\\/www.2000m2.eu\\\/pt\\\/a-nossa-rede\\\/o-projeto-global-bean\\\/#primaryimage\"},\"thumbnailUrl\":\"https:\\\/\\\/www.2000m2.eu\\\/wp-content\\\/uploads\\\/Featured_Images_Global-Bean.jpg\",\"datePublished\":\"2024-09-11T11:26:01+00:00\",\"dateModified\":\"2025-08-13T13:57:31+00:00\",\"breadcrumb\":{\"@id\":\"https:\\\/\\\/www.2000m2.eu\\\/pt\\\/a-nossa-rede\\\/o-projeto-global-bean\\\/#breadcrumb\"},\"inLanguage\":\"pt-PT\",\"potentialAction\":[{\"@type\":\"ReadAction\",\"target\":[\"https:\\\/\\\/www.2000m2.eu\\\/pt\\\/a-nossa-rede\\\/o-projeto-global-bean\\\/\"]}]},{\"@type\":\"ImageObject\",\"inLanguage\":\"pt-PT\",\"@id\":\"https:\\\/\\\/www.2000m2.eu\\\/pt\\\/a-nossa-rede\\\/o-projeto-global-bean\\\/#primaryimage\",\"url\":\"https:\\\/\\\/www.2000m2.eu\\\/wp-content\\\/uploads\\\/Featured_Images_Global-Bean.jpg\",\"contentUrl\":\"https:\\\/\\\/www.2000m2.eu\\\/wp-content\\\/uploads\\\/Featured_Images_Global-Bean.jpg\",\"width\":1800,\"height\":180},{\"@type\":\"BreadcrumbList\",\"@id\":\"https:\\\/\\\/www.2000m2.eu\\\/pt\\\/a-nossa-rede\\\/o-projeto-global-bean\\\/#breadcrumb\",\"itemListElement\":[{\"@type\":\"ListItem\",\"position\":1,\"name\":\"Home\",\"item\":\"https:\\\/\\\/www.2000m2.eu\\\/pt\\\/\"},{\"@type\":\"ListItem\",\"position\":2,\"name\":\"A nossa rede\",\"item\":\"https:\\\/\\\/www.2000m2.eu\\\/pt\\\/a-nossa-rede\\\/\"},{\"@type\":\"ListItem\",\"position\":3,\"name\":\"O projeto Global Bean\"}]},{\"@type\":\"WebSite\",\"@id\":\"https:\\\/\\\/www.2000m2.eu\\\/pt\\\/#website\",\"url\":\"https:\\\/\\\/www.2000m2.eu\\\/pt\\\/\",\"name\":\"2000m2\",\"description\":\"\",\"publisher\":{\"@id\":\"https:\\\/\\\/www.2000m2.eu\\\/pt\\\/#organization\"},\"potentialAction\":[{\"@type\":\"SearchAction\",\"target\":{\"@type\":\"EntryPoint\",\"urlTemplate\":\"https:\\\/\\\/www.2000m2.eu\\\/pt\\\/?s={search_term_string}\"},\"query-input\":{\"@type\":\"PropertyValueSpecification\",\"valueRequired\":true,\"valueName\":\"search_term_string\"}}],\"inLanguage\":\"pt-PT\"},{\"@type\":\"Organization\",\"@id\":\"https:\\\/\\\/www.2000m2.eu\\\/pt\\\/#organization\",\"name\":\"2000m2\",\"url\":\"https:\\\/\\\/www.2000m2.eu\\\/pt\\\/\",\"logo\":{\"@type\":\"ImageObject\",\"inLanguage\":\"pt-PT\",\"@id\":\"https:\\\/\\\/www.2000m2.eu\\\/pt\\\/#\\\/schema\\\/logo\\\/image\\\/\",\"url\":\"https:\\\/\\\/www.2000m2.eu\\\/wp-content\\\/uploads\\\/logo.png\",\"contentUrl\":\"https:\\\/\\\/www.2000m2.eu\\\/wp-content\\\/uploads\\\/logo.png\",\"width\":445,\"height\":140,\"caption\":\"2000m2\"},\"image\":{\"@id\":\"https:\\\/\\\/www.2000m2.eu\\\/pt\\\/#\\\/schema\\\/logo\\\/image\\\/\"}}]}<\/script>\n<!-- \/ Yoast SEO plugin. -->","yoast_head_json":{"title":"O projeto Global Bean - 2000m2","robots":{"index":"index","follow":"follow","max-snippet":"max-snippet:-1","max-image-preview":"max-image-preview:large","max-video-preview":"max-video-preview:-1"},"canonical":"https:\/\/www.2000m2.eu\/pt\/a-nossa-rede\/o-projeto-global-bean\/","og_locale":"pt_PT","og_type":"article","og_title":"O projeto Global Bean - 2000m2","og_description":"O projeto Global Bean O \u201cProjeto Global Bean\u201d busca conscientizar sobre as muitas vantagens das leguminosas e, como rede internacional, aumentar seu cultivo e consumo em todo o mundo. Fundado em 2021 pela Funda\u00e7\u00e3o para o Futuro da Agricultura (Zukunftsstiftung Landwirtschaft), essa rede diversificada j\u00e1 conta com quase cem organiza\u00e7\u00f5es parceiras de todo o planeta...","og_url":"https:\/\/www.2000m2.eu\/pt\/a-nossa-rede\/o-projeto-global-bean\/","og_site_name":"2000m2","article_modified_time":"2025-08-13T13:57:31+00:00","og_image":[{"width":1800,"height":180,"url":"https:\/\/www.2000m2.eu\/wp-content\/uploads\/Featured_Images_Global-Bean.jpg","type":"image\/jpeg"}],"twitter_card":"summary_large_image","twitter_misc":{"Tempo estimado de leitura":"1 minuto"},"schema":{"@context":"https:\/\/schema.org","@graph":[{"@type":"WebPage","@id":"https:\/\/www.2000m2.eu\/pt\/a-nossa-rede\/o-projeto-global-bean\/","url":"https:\/\/www.2000m2.eu\/pt\/a-nossa-rede\/o-projeto-global-bean\/","name":"O projeto Global Bean - 2000m2","isPartOf":{"@id":"https:\/\/www.2000m2.eu\/pt\/#website"},"primaryImageOfPage":{"@id":"https:\/\/www.2000m2.eu\/pt\/a-nossa-rede\/o-projeto-global-bean\/#primaryimage"},"image":{"@id":"https:\/\/www.2000m2.eu\/pt\/a-nossa-rede\/o-projeto-global-bean\/#primaryimage"},"thumbnailUrl":"https:\/\/www.2000m2.eu\/wp-content\/uploads\/Featured_Images_Global-Bean.jpg","datePublished":"2024-09-11T11:26:01+00:00","dateModified":"2025-08-13T13:57:31+00:00","breadcrumb":{"@id":"https:\/\/www.2000m2.eu\/pt\/a-nossa-rede\/o-projeto-global-bean\/#breadcrumb"},"inLanguage":"pt-PT","potentialAction":[{"@type":"ReadAction","target":["https:\/\/www.2000m2.eu\/pt\/a-nossa-rede\/o-projeto-global-bean\/"]}]},{"@type":"ImageObject","inLanguage":"pt-PT","@id":"https:\/\/www.2000m2.eu\/pt\/a-nossa-rede\/o-projeto-global-bean\/#primaryimage","url":"https:\/\/www.2000m2.eu\/wp-content\/uploads\/Featured_Images_Global-Bean.jpg","contentUrl":"https:\/\/www.2000m2.eu\/wp-content\/uploads\/Featured_Images_Global-Bean.jpg","width":1800,"height":180},{"@type":"BreadcrumbList","@id":"https:\/\/www.2000m2.eu\/pt\/a-nossa-rede\/o-projeto-global-bean\/#breadcrumb","itemListElement":[{"@type":"ListItem","position":1,"name":"Home","item":"https:\/\/www.2000m2.eu\/pt\/"},{"@type":"ListItem","position":2,"name":"A nossa rede","item":"https:\/\/www.2000m2.eu\/pt\/a-nossa-rede\/"},{"@type":"ListItem","position":3,"name":"O projeto Global Bean"}]},{"@type":"WebSite","@id":"https:\/\/www.2000m2.eu\/pt\/#website","url":"https:\/\/www.2000m2.eu\/pt\/","name":"2000m2","description":"","publisher":{"@id":"https:\/\/www.2000m2.eu\/pt\/#organization"},"potentialAction":[{"@type":"SearchAction","target":{"@type":"EntryPoint","urlTemplate":"https:\/\/www.2000m2.eu\/pt\/?s={search_term_string}"},"query-input":{"@type":"PropertyValueSpecification","valueRequired":true,"valueName":"search_term_string"}}],"inLanguage":"pt-PT"},{"@type":"Organization","@id":"https:\/\/www.2000m2.eu\/pt\/#organization","name":"2000m2","url":"https:\/\/www.2000m2.eu\/pt\/","logo":{"@type":"ImageObject","inLanguage":"pt-PT","@id":"https:\/\/www.2000m2.eu\/pt\/#\/schema\/logo\/image\/","url":"https:\/\/www.2000m2.eu\/wp-content\/uploads\/logo.png","contentUrl":"https:\/\/www.2000m2.eu\/wp-content\/uploads\/logo.png","width":445,"height":140,"caption":"2000m2"},"image":{"@id":"https:\/\/www.2000m2.eu\/pt\/#\/schema\/logo\/image\/"}}]}},"_links":{"self":[{"href":"https:\/\/www.2000m2.eu\/pt\/wp-json\/wp\/v2\/pages\/14191","targetHints":{"allow":["GET"]}}],"collection":[{"href":"https:\/\/www.2000m2.eu\/pt\/wp-json\/wp\/v2\/pages"}],"about":[{"href":"https:\/\/www.2000m2.eu\/pt\/wp-json\/wp\/v2\/types\/page"}],"author":[{"embeddable":true,"href":"https:\/\/www.2000m2.eu\/pt\/wp-json\/wp\/v2\/users\/1"}],"replies":[{"embeddable":true,"href":"https:\/\/www.2000m2.eu\/pt\/wp-json\/wp\/v2\/comments?post=14191"}],"version-history":[{"count":2,"href":"https:\/\/www.2000m2.eu\/pt\/wp-json\/wp\/v2\/pages\/14191\/revisions"}],"predecessor-version":[{"id":14202,"href":"https:\/\/www.2000m2.eu\/pt\/wp-json\/wp\/v2\/pages\/14191\/revisions\/14202"}],"up":[{"embeddable":true,"href":"https:\/\/www.2000m2.eu\/pt\/wp-json\/wp\/v2\/pages\/14186"}],"wp:featuredmedia":[{"embeddable":true,"href":"https:\/\/www.2000m2.eu\/pt\/wp-json\/wp\/v2\/media\/17200"}],"wp:attachment":[{"href":"https:\/\/www.2000m2.eu\/pt\/wp-json\/wp\/v2\/media?parent=14191"}],"curies":[{"name":"wp","href":"https:\/\/api.w.org\/{rel}","templated":true}]}}