{"id":14204,"date":"2024-09-17T11:54:16","date_gmt":"2024-09-17T11:54:16","guid":{"rendered":"https:\/\/www.2000m2.eu\/os-nossos-conteudos\/"},"modified":"2025-08-13T14:01:43","modified_gmt":"2025-08-13T14:01:43","slug":"os-nossos-conteudos","status":"publish","type":"page","link":"https:\/\/www.2000m2.eu\/pt\/os-nossos-conteudos\/","title":{"rendered":"Os nossos conte\u00fados"},"content":{"rendered":"\n<h1 class=\"wp-block-heading\">&#8220;O Campo Global \u2013 Retrato da agricultura mundial&#8221;<\/h1>\n\n<p>Queremos oferecer a voc\u00eas um pequeno olhar sobre o conhecimento de base dos Campos Globais.<br\/>Afinal, do que se trata a educa\u00e7\u00e3o do Campo Global? Quais s\u00e3o os temas centrais e as mensagens importantes dos projetos? Que assuntos voc\u00eas ir\u00e3o encontrar ao visitar um Campo Global? Quais plantas crescem no Campo Global e o que h\u00e1 para saber sobre essas culturas?     <\/p>\n\n<p>Entre e deixe-se levar por uma viagem pela agricultura global: <\/p>\n\n<div class=\"wp-block-columns is-layout-flex wp-container-core-columns-is-layout-28f84493 wp-block-columns-is-layout-flex\">\n<div class=\"wp-block-column is-layout-flow wp-block-column-is-layout-flow\"><style>.wp-block-kadence-column.kb-section-dir-horizontal > .kt-inside-inner-col > .kt-info-box76_882615-80 .kt-blocks-info-box-link-wrap{max-width:unset;}.kt-info-box76_882615-80 .kt-blocks-info-box-link-wrap{border-top:1px solid var(--accent);border-right:1px solid var(--accent);border-bottom:1px solid var(--accent);border-left:1px solid var(--accent);border-top-left-radius:30px;border-top-right-radius:30px;border-bottom-right-radius:30px;border-bottom-left-radius:30px;background:var(--base-3);padding-top:var(--global-kb-spacing-sm, 1.5rem);padding-right:var(--global-kb-spacing-sm, 1.5rem);padding-bottom:var(--global-kb-spacing-sm, 1.5rem);padding-left:var(--global-kb-spacing-sm, 1.5rem);margin-top:10px;}.kt-info-box76_882615-80.wp-block-kadence-infobox{max-width:100%;}.kt-info-box76_882615-80 .kadence-info-box-image-inner-intrisic-container{max-width:128px;}.kt-info-box76_882615-80 .kadence-info-box-image-inner-intrisic-container .kadence-info-box-image-intrisic{padding-bottom:100%;width:1536px;height:0px;max-width:100%;}.kt-info-box76_882615-80 .kadence-info-box-icon-container .kt-info-svg-icon, .kt-info-box76_882615-80 .kt-info-svg-icon-flip, .kt-info-box76_882615-80 .kt-blocks-info-box-number{font-size:50px;}.kt-info-box76_882615-80 .kt-blocks-info-box-media{border-color:var(--global-palette7, #eeeeee);border-radius:200px;overflow:hidden;border-top-width:0px;border-right-width:0px;border-bottom-width:0px;border-left-width:0px;padding-top:0px;padding-right:0px;padding-bottom:0px;padding-left:0px;margin-top:0px;margin-right:20px;margin-bottom:0px;margin-left:0px;}.kt-info-box76_882615-80 .kt-infobox-textcontent h2.kt-blocks-info-box-title{color:var(--contrast);padding-top:0px;padding-right:0px;padding-bottom:0px;padding-left:0px;margin-top:5px;margin-right:0px;margin-bottom:10px;margin-left:0px;}.kt-info-box76_882615-80 .kt-blocks-info-box-link-wrap:hover h2.kt-blocks-info-box-title{color:var(--accent);}.wp-block-kadence-infobox.kt-info-box76_882615-80 .kt-blocks-info-box-text{margin-top:0px;margin-right:0px;margin-bottom:15px;margin-left:0px;}.kt-info-box76_882615-80 .kt-blocks-info-box-learnmore{color:var(--base-3);background:var(--accent);border-radius:25px;border-width:0px 0px 0px 0px;padding-top:4px;padding-right:8px;padding-bottom:4px;padding-left:8px;margin-top:10px;margin-right:0px;margin-bottom:10px;margin-left:0px;}.kt-info-box76_882615-80 .kt-blocks-info-box-link-wrap{box-shadow:2px 2px 2px 3px var(--base-2);}.kt-info-box76_882615-80 .kt-blocks-info-box-link-wrap:hover{box-shadow:0px 0px 14px 0px var(--contrast-2);}@media all and (max-width: 1024px){.kt-info-box76_882615-80 .kt-blocks-info-box-link-wrap{border-top:1px solid var(--accent);border-right:1px solid var(--accent);border-bottom:1px solid var(--accent);border-left:1px solid var(--accent);box-shadow:2px 2px 2px 3px var(--base-2);}}@media all and (max-width: 1024px){.kt-info-box76_882615-80 .kt-blocks-info-box-link-wrap:hover{box-shadow:0px 0px 14px 0px var(--contrast-2);}}@media all and (max-width: 767px){.kt-info-box76_882615-80 .kt-blocks-info-box-link-wrap{border-top:1px solid var(--accent);border-right:1px solid var(--accent);border-bottom:1px solid var(--accent);border-left:1px solid var(--accent);display:block;box-shadow:2px 2px 2px 3px var(--base-2);}.kt-info-box76_882615-80 .kt-blocks-info-box-link-wrap .kt-blocks-info-box-media{display:inline-block;max-width:100%;}.kt-info-box76_882615-80 .kt-blocks-info-box-link-wrap:hover{box-shadow:0px 0px 14px 0px var(--contrast-2);}}<\/style>\n<div class=\"wp-block-kadence-infobox kt-info-box76_882615-80\"><a class=\"kt-blocks-info-box-link-wrap info-box-link kt-blocks-info-box-media-align-left kt-info-halign-left\" href=\"https:\/\/www.2000m2.eu\/topics\/\"><div class=\"kt-blocks-info-box-media-container\"><div class=\"kt-blocks-info-box-media kt-info-media-animate-none\"><div class=\"kadence-info-box-image-inner-intrisic-container\"><div class=\"kadence-info-box-image-intrisic kt-info-animate-none kb-info-box-image-ratio kb-info-box-image-ratio-square\"><div class=\"kadence-info-box-image-inner-intrisic\"><img decoding=\"async\" src=\"https:\/\/www.2000m2.eu\/wp-content\/uploads\/2000m2_2024_Titel_Berlin_215x215.jpg\" alt=\"\" width=\"1536\" height=\"1042\" class=\"kt-info-box-image wp-image-1023\"\/><\/div><\/div><\/div><\/div><\/div><div class=\"kt-infobox-textcontent\"><h2 class=\"kt-blocks-info-box-title\">Temas do Campo Global<\/h2><p class=\"kt-blocks-info-box-text\">O que \u00e9 que vive no nosso solo? Quanto \u00e9 que desperdi\u00e7amos? O que est\u00e1 a crescer no mundo?  <\/p><\/div><\/a><\/div>\n<\/div>\n\n\n\n<div class=\"wp-block-column is-layout-flow wp-block-column-is-layout-flow\"><style>.wp-block-kadence-column.kb-section-dir-horizontal > .kt-inside-inner-col > .kt-info-box76_00e36c-c2 .kt-blocks-info-box-link-wrap{max-width:unset;}.kt-info-box76_00e36c-c2 .kt-blocks-info-box-link-wrap{border-top:1px solid var(--accent);border-right:1px solid var(--accent);border-bottom:1px solid var(--accent);border-left:1px solid var(--accent);border-top-left-radius:30px;border-top-right-radius:30px;border-bottom-right-radius:30px;border-bottom-left-radius:30px;background:var(--base-3);padding-top:var(--global-kb-spacing-sm, 1.5rem);padding-right:var(--global-kb-spacing-sm, 1.5rem);padding-bottom:var(--global-kb-spacing-sm, 1.5rem);padding-left:var(--global-kb-spacing-sm, 1.5rem);margin-top:10px;}.kt-info-box76_00e36c-c2.wp-block-kadence-infobox{max-width:100%;}.kt-info-box76_00e36c-c2 .kadence-info-box-image-inner-intrisic-container{max-width:128px;}.kt-info-box76_00e36c-c2 .kadence-info-box-image-inner-intrisic-container .kadence-info-box-image-intrisic{padding-bottom:100%;width:1536px;height:0px;max-width:100%;}.kt-info-box76_00e36c-c2 .kadence-info-box-icon-container .kt-info-svg-icon, .kt-info-box76_00e36c-c2 .kt-info-svg-icon-flip, .kt-info-box76_00e36c-c2 .kt-blocks-info-box-number{font-size:50px;}.kt-info-box76_00e36c-c2 .kt-blocks-info-box-media{border-color:var(--global-palette7, #eeeeee);border-radius:200px;overflow:hidden;border-top-width:0px;border-right-width:0px;border-bottom-width:0px;border-left-width:0px;padding-top:0px;padding-right:0px;padding-bottom:0px;padding-left:0px;margin-top:0px;margin-right:20px;margin-bottom:0px;margin-left:0px;}.kt-info-box76_00e36c-c2 .kt-infobox-textcontent h2.kt-blocks-info-box-title{color:var(--contrast);padding-top:0px;padding-right:0px;padding-bottom:0px;padding-left:0px;margin-top:5px;margin-right:0px;margin-bottom:10px;margin-left:0px;}.kt-info-box76_00e36c-c2 .kt-blocks-info-box-link-wrap:hover h2.kt-blocks-info-box-title{color:var(--accent);}.wp-block-kadence-infobox.kt-info-box76_00e36c-c2 .kt-blocks-info-box-text{margin-top:0px;margin-right:0px;margin-bottom:15px;margin-left:0px;}.kt-info-box76_00e36c-c2 .kt-blocks-info-box-learnmore{color:var(--base-3);background:var(--accent);border-radius:25px;border-width:0px 0px 0px 0px;padding-top:4px;padding-right:8px;padding-bottom:4px;padding-left:8px;margin-top:10px;margin-right:0px;margin-bottom:10px;margin-left:0px;}.kt-info-box76_00e36c-c2 .kt-blocks-info-box-link-wrap{box-shadow:2px 2px 2px 3px var(--base-2);}.kt-info-box76_00e36c-c2 .kt-blocks-info-box-link-wrap:hover{box-shadow:0px 0px 14px 0px var(--contrast-2);}@media all and (max-width: 1024px){.kt-info-box76_00e36c-c2 .kt-blocks-info-box-link-wrap{border-top:1px solid var(--accent);border-right:1px solid var(--accent);border-bottom:1px solid var(--accent);border-left:1px solid var(--accent);box-shadow:2px 2px 2px 3px var(--base-2);}}@media all and (max-width: 1024px){.kt-info-box76_00e36c-c2 .kt-blocks-info-box-link-wrap:hover{box-shadow:0px 0px 14px 0px var(--contrast-2);}}@media all and (max-width: 767px){.kt-info-box76_00e36c-c2 .kt-blocks-info-box-link-wrap{border-top:1px solid var(--accent);border-right:1px solid var(--accent);border-bottom:1px solid var(--accent);border-left:1px solid var(--accent);display:block;box-shadow:2px 2px 2px 3px var(--base-2);}.kt-info-box76_00e36c-c2 .kt-blocks-info-box-link-wrap .kt-blocks-info-box-media{display:inline-block;max-width:100%;}.kt-info-box76_00e36c-c2 .kt-blocks-info-box-link-wrap:hover{box-shadow:0px 0px 14px 0px var(--contrast-2);}}<\/style>\n<div class=\"wp-block-kadence-infobox kt-info-box76_00e36c-c2\"><a class=\"kt-blocks-info-box-link-wrap info-box-link kt-blocks-info-box-media-align-left kt-info-halign-left\" href=\"https:\/\/www.2000m2.eu\/crops\/\"><div class=\"kt-blocks-info-box-media-container\"><div class=\"kt-blocks-info-box-media kt-info-media-animate-none\"><div class=\"kadence-info-box-image-inner-intrisic-container\"><div class=\"kadence-info-box-image-intrisic kt-info-animate-none kb-info-box-image-ratio kb-info-box-image-ratio-square\"><div class=\"kadence-info-box-image-inner-intrisic\"><img decoding=\"async\" src=\"https:\/\/www.2000m2.eu\/wp-content\/uploads\/180616_Ackereroeffnung_Volker-Gehrmann-11-min.jpg\" alt=\"\" width=\"1536\" height=\"1042\" class=\"kt-info-box-image wp-image-1025\"\/><\/div><\/div><\/div><\/div><\/div><div class=\"kt-infobox-textcontent\"><h2 class=\"kt-blocks-info-box-title\">Culturas arvenses no mundo<\/h2><p class=\"kt-blocks-info-box-text\">Que plantas s\u00e3o as mais importantes do mundo? Para que s\u00e3o cultivadas? <br\/><\/p><\/div><\/a><\/div>\n<\/div>\n<\/div>\n\n<p><\/p>\n","protected":false},"excerpt":{"rendered":"<p>&#8220;O Campo Global \u2013 Retrato da agricultura mundial&#8221; Queremos oferecer a voc\u00eas um pequeno olhar sobre o conhecimento de base dos Campos Globais.Afinal, do que se trata a educa\u00e7\u00e3o do Campo Global? Quais s\u00e3o os temas centrais e as mensagens importantes dos projetos? Que assuntos voc\u00eas ir\u00e3o encontrar ao visitar um Campo Global? Quais plantas&#8230;<\/p>\n","protected":false},"author":1,"featured_media":0,"parent":0,"menu_order":35,"comment_status":"closed","ping_status":"closed","template":"","meta":{"footnotes":""},"class_list":["post-14204","page","type-page","status-publish"],"yoast_head":"<!-- This site is optimized with the Yoast SEO plugin v27.4 - https:\/\/yoast.com\/product\/yoast-seo-wordpress\/ -->\n<title>Os nossos conte\u00fados - 2000m2<\/title>\n<meta name=\"robots\" content=\"index, follow, max-snippet:-1, max-image-preview:large, max-video-preview:-1\" \/>\n<link rel=\"canonical\" href=\"https:\/\/www.2000m2.eu\/pt\/os-nossos-conteudos\/\" \/>\n<meta property=\"og:locale\" content=\"pt_PT\" \/>\n<meta property=\"og:type\" content=\"article\" \/>\n<meta property=\"og:title\" content=\"Os nossos conte\u00fados - 2000m2\" \/>\n<meta property=\"og:description\" content=\"&#8220;O Campo Global \u2013 Retrato da agricultura mundial&#8221; Queremos oferecer a voc\u00eas um pequeno olhar sobre o conhecimento de base dos Campos Globais.Afinal, do que se trata a educa\u00e7\u00e3o do Campo Global? Quais s\u00e3o os temas centrais e as mensagens importantes dos projetos? Que assuntos voc\u00eas ir\u00e3o encontrar ao visitar um Campo Global? Quais plantas...\" \/>\n<meta property=\"og:url\" content=\"https:\/\/www.2000m2.eu\/pt\/os-nossos-conteudos\/\" \/>\n<meta property=\"og:site_name\" content=\"2000m2\" \/>\n<meta property=\"article:modified_time\" content=\"2025-08-13T14:01:43+00:00\" \/>\n<meta property=\"og:image\" content=\"https:\/\/www.2000m2.eu\/wp-content\/uploads\/Featured_Images_Inhalte.jpg\" \/>\n\t<meta property=\"og:image:width\" content=\"1800\" \/>\n\t<meta property=\"og:image:height\" content=\"180\" \/>\n\t<meta property=\"og:image:type\" content=\"image\/jpeg\" \/>\n<meta name=\"twitter:card\" content=\"summary_large_image\" \/>\n<meta name=\"twitter:label1\" content=\"Tempo estimado de leitura\" \/>\n\t<meta name=\"twitter:data1\" content=\"1 minuto\" \/>\n<script type=\"application\/ld+json\" class=\"yoast-schema-graph\">{\"@context\":\"https:\\\/\\\/schema.org\",\"@graph\":[{\"@type\":\"WebPage\",\"@id\":\"https:\\\/\\\/www.2000m2.eu\\\/pt\\\/os-nossos-conteudos\\\/\",\"url\":\"https:\\\/\\\/www.2000m2.eu\\\/pt\\\/os-nossos-conteudos\\\/\",\"name\":\"Os nossos conte\u00fados - 2000m2\",\"isPartOf\":{\"@id\":\"https:\\\/\\\/www.2000m2.eu\\\/pt\\\/#website\"},\"primaryImageOfPage\":{\"@id\":\"https:\\\/\\\/www.2000m2.eu\\\/pt\\\/os-nossos-conteudos\\\/#primaryimage\"},\"image\":{\"@id\":\"https:\\\/\\\/www.2000m2.eu\\\/pt\\\/os-nossos-conteudos\\\/#primaryimage\"},\"thumbnailUrl\":\"https:\\\/\\\/www.2000m2.eu\\\/wp-content\\\/uploads\\\/2000m2_2024_Titel_Berlin_215x215.jpg\",\"datePublished\":\"2024-09-17T11:54:16+00:00\",\"dateModified\":\"2025-08-13T14:01:43+00:00\",\"breadcrumb\":{\"@id\":\"https:\\\/\\\/www.2000m2.eu\\\/pt\\\/os-nossos-conteudos\\\/#breadcrumb\"},\"inLanguage\":\"pt-PT\",\"potentialAction\":[{\"@type\":\"ReadAction\",\"target\":[\"https:\\\/\\\/www.2000m2.eu\\\/pt\\\/os-nossos-conteudos\\\/\"]}]},{\"@type\":\"ImageObject\",\"inLanguage\":\"pt-PT\",\"@id\":\"https:\\\/\\\/www.2000m2.eu\\\/pt\\\/os-nossos-conteudos\\\/#primaryimage\",\"url\":\"https:\\\/\\\/www.2000m2.eu\\\/wp-content\\\/uploads\\\/2000m2_2024_Titel_Berlin_215x215.jpg\",\"contentUrl\":\"https:\\\/\\\/www.2000m2.eu\\\/wp-content\\\/uploads\\\/2000m2_2024_Titel_Berlin_215x215.jpg\"},{\"@type\":\"BreadcrumbList\",\"@id\":\"https:\\\/\\\/www.2000m2.eu\\\/pt\\\/os-nossos-conteudos\\\/#breadcrumb\",\"itemListElement\":[{\"@type\":\"ListItem\",\"position\":1,\"name\":\"Home\",\"item\":\"https:\\\/\\\/www.2000m2.eu\\\/pt\\\/\"},{\"@type\":\"ListItem\",\"position\":2,\"name\":\"Os nossos conte\u00fados\"}]},{\"@type\":\"WebSite\",\"@id\":\"https:\\\/\\\/www.2000m2.eu\\\/pt\\\/#website\",\"url\":\"https:\\\/\\\/www.2000m2.eu\\\/pt\\\/\",\"name\":\"2000m2\",\"description\":\"\",\"publisher\":{\"@id\":\"https:\\\/\\\/www.2000m2.eu\\\/pt\\\/#organization\"},\"potentialAction\":[{\"@type\":\"SearchAction\",\"target\":{\"@type\":\"EntryPoint\",\"urlTemplate\":\"https:\\\/\\\/www.2000m2.eu\\\/pt\\\/?s={search_term_string}\"},\"query-input\":{\"@type\":\"PropertyValueSpecification\",\"valueRequired\":true,\"valueName\":\"search_term_string\"}}],\"inLanguage\":\"pt-PT\"},{\"@type\":\"Organization\",\"@id\":\"https:\\\/\\\/www.2000m2.eu\\\/pt\\\/#organization\",\"name\":\"2000m2\",\"url\":\"https:\\\/\\\/www.2000m2.eu\\\/pt\\\/\",\"logo\":{\"@type\":\"ImageObject\",\"inLanguage\":\"pt-PT\",\"@id\":\"https:\\\/\\\/www.2000m2.eu\\\/pt\\\/#\\\/schema\\\/logo\\\/image\\\/\",\"url\":\"https:\\\/\\\/www.2000m2.eu\\\/wp-content\\\/uploads\\\/logo.png\",\"contentUrl\":\"https:\\\/\\\/www.2000m2.eu\\\/wp-content\\\/uploads\\\/logo.png\",\"width\":445,\"height\":140,\"caption\":\"2000m2\"},\"image\":{\"@id\":\"https:\\\/\\\/www.2000m2.eu\\\/pt\\\/#\\\/schema\\\/logo\\\/image\\\/\"}}]}<\/script>\n<!-- \/ Yoast SEO plugin. -->","yoast_head_json":{"title":"Os nossos conte\u00fados - 2000m2","robots":{"index":"index","follow":"follow","max-snippet":"max-snippet:-1","max-image-preview":"max-image-preview:large","max-video-preview":"max-video-preview:-1"},"canonical":"https:\/\/www.2000m2.eu\/pt\/os-nossos-conteudos\/","og_locale":"pt_PT","og_type":"article","og_title":"Os nossos conte\u00fados - 2000m2","og_description":"&#8220;O Campo Global \u2013 Retrato da agricultura mundial&#8221; Queremos oferecer a voc\u00eas um pequeno olhar sobre o conhecimento de base dos Campos Globais.Afinal, do que se trata a educa\u00e7\u00e3o do Campo Global? Quais s\u00e3o os temas centrais e as mensagens importantes dos projetos? Que assuntos voc\u00eas ir\u00e3o encontrar ao visitar um Campo Global? Quais plantas...","og_url":"https:\/\/www.2000m2.eu\/pt\/os-nossos-conteudos\/","og_site_name":"2000m2","article_modified_time":"2025-08-13T14:01:43+00:00","og_image":[{"width":1800,"height":180,"url":"https:\/\/www.2000m2.eu\/wp-content\/uploads\/Featured_Images_Inhalte.jpg","type":"image\/jpeg"}],"twitter_card":"summary_large_image","twitter_misc":{"Tempo estimado de leitura":"1 minuto"},"schema":{"@context":"https:\/\/schema.org","@graph":[{"@type":"WebPage","@id":"https:\/\/www.2000m2.eu\/pt\/os-nossos-conteudos\/","url":"https:\/\/www.2000m2.eu\/pt\/os-nossos-conteudos\/","name":"Os nossos conte\u00fados - 2000m2","isPartOf":{"@id":"https:\/\/www.2000m2.eu\/pt\/#website"},"primaryImageOfPage":{"@id":"https:\/\/www.2000m2.eu\/pt\/os-nossos-conteudos\/#primaryimage"},"image":{"@id":"https:\/\/www.2000m2.eu\/pt\/os-nossos-conteudos\/#primaryimage"},"thumbnailUrl":"https:\/\/www.2000m2.eu\/wp-content\/uploads\/2000m2_2024_Titel_Berlin_215x215.jpg","datePublished":"2024-09-17T11:54:16+00:00","dateModified":"2025-08-13T14:01:43+00:00","breadcrumb":{"@id":"https:\/\/www.2000m2.eu\/pt\/os-nossos-conteudos\/#breadcrumb"},"inLanguage":"pt-PT","potentialAction":[{"@type":"ReadAction","target":["https:\/\/www.2000m2.eu\/pt\/os-nossos-conteudos\/"]}]},{"@type":"ImageObject","inLanguage":"pt-PT","@id":"https:\/\/www.2000m2.eu\/pt\/os-nossos-conteudos\/#primaryimage","url":"https:\/\/www.2000m2.eu\/wp-content\/uploads\/2000m2_2024_Titel_Berlin_215x215.jpg","contentUrl":"https:\/\/www.2000m2.eu\/wp-content\/uploads\/2000m2_2024_Titel_Berlin_215x215.jpg"},{"@type":"BreadcrumbList","@id":"https:\/\/www.2000m2.eu\/pt\/os-nossos-conteudos\/#breadcrumb","itemListElement":[{"@type":"ListItem","position":1,"name":"Home","item":"https:\/\/www.2000m2.eu\/pt\/"},{"@type":"ListItem","position":2,"name":"Os nossos conte\u00fados"}]},{"@type":"WebSite","@id":"https:\/\/www.2000m2.eu\/pt\/#website","url":"https:\/\/www.2000m2.eu\/pt\/","name":"2000m2","description":"","publisher":{"@id":"https:\/\/www.2000m2.eu\/pt\/#organization"},"potentialAction":[{"@type":"SearchAction","target":{"@type":"EntryPoint","urlTemplate":"https:\/\/www.2000m2.eu\/pt\/?s={search_term_string}"},"query-input":{"@type":"PropertyValueSpecification","valueRequired":true,"valueName":"search_term_string"}}],"inLanguage":"pt-PT"},{"@type":"Organization","@id":"https:\/\/www.2000m2.eu\/pt\/#organization","name":"2000m2","url":"https:\/\/www.2000m2.eu\/pt\/","logo":{"@type":"ImageObject","inLanguage":"pt-PT","@id":"https:\/\/www.2000m2.eu\/pt\/#\/schema\/logo\/image\/","url":"https:\/\/www.2000m2.eu\/wp-content\/uploads\/logo.png","contentUrl":"https:\/\/www.2000m2.eu\/wp-content\/uploads\/logo.png","width":445,"height":140,"caption":"2000m2"},"image":{"@id":"https:\/\/www.2000m2.eu\/pt\/#\/schema\/logo\/image\/"}}]}},"_links":{"self":[{"href":"https:\/\/www.2000m2.eu\/pt\/wp-json\/wp\/v2\/pages\/14204","targetHints":{"allow":["GET"]}}],"collection":[{"href":"https:\/\/www.2000m2.eu\/pt\/wp-json\/wp\/v2\/pages"}],"about":[{"href":"https:\/\/www.2000m2.eu\/pt\/wp-json\/wp\/v2\/types\/page"}],"author":[{"embeddable":true,"href":"https:\/\/www.2000m2.eu\/pt\/wp-json\/wp\/v2\/users\/1"}],"replies":[{"embeddable":true,"href":"https:\/\/www.2000m2.eu\/pt\/wp-json\/wp\/v2\/comments?post=14204"}],"version-history":[{"count":1,"href":"https:\/\/www.2000m2.eu\/pt\/wp-json\/wp\/v2\/pages\/14204\/revisions"}],"predecessor-version":[{"id":14208,"href":"https:\/\/www.2000m2.eu\/pt\/wp-json\/wp\/v2\/pages\/14204\/revisions\/14208"}],"wp:attachment":[{"href":"https:\/\/www.2000m2.eu\/pt\/wp-json\/wp\/v2\/media?parent=14204"}],"curies":[{"name":"wp","href":"https:\/\/api.w.org\/{rel}","templated":true}]}}