{"id":25441,"date":"2025-12-01T09:05:39","date_gmt":"2025-12-01T09:05:39","guid":{"rendered":"https:\/\/www.2000m2.eu\/acessibilidade\/"},"modified":"2025-12-01T09:10:34","modified_gmt":"2025-12-01T09:10:34","slug":"acessibilidade","status":"publish","type":"page","link":"https:\/\/www.2000m2.eu\/pt\/acessibilidade\/","title":{"rendered":"Acessibilidade"},"content":{"rendered":"\n<h1 class=\"wp-block-heading\">Declara\u00e7\u00e3o sobre a acessibilidade<\/h1>\n\n<p>Esta declara\u00e7\u00e3o de acessibilidade aplica-se a todas as vers\u00f5es lingu\u00edsticas do website <a href=\"http:\/\/www.2000m2.eu\/de\" target=\"_blank\" rel=\"noreferrer noopener\">www.2000m2.eu.<\/a><br\/>Zukunftsstiftung Landwirtschaft (dentro da GLS Treuhand e.V.) est\u00e1 empenhada em tornar os seus servi\u00e7os digitais acess\u00edveis ao maior n\u00famero poss\u00edvel de pessoas.<\/p>\n\n<h2 class=\"wp-block-heading\">Descri\u00e7\u00e3o do servi\u00e7o<\/h2>\n\n<p>Podes fazer donativos no nosso s\u00edtio Web, contactar-nos e inscrever-te (gratuitamente) em eventos.<\/p>\n\n<h2 class=\"wp-block-heading\">Estado de compatibilidade com os requisitos<\/h2>\n\n<p>A acessibilidade do s\u00edtio Web baseia-se nos requisitos das Orienta\u00e7\u00f5es para a Acessibilidade dos Conte\u00fados da Web (WCAG) 2.1 ao n\u00edvel de conformidade AA, bem como nos requisitos de acessibilidade digital aplic\u00e1veis na Uni\u00e3o Europeia e na Alemanha, nomeadamente a Diretiva (UE) 2016\/2102, a Barrierefreie-Informationstechnik-Verordnung (BITV 2.0), a Barrierefreiheitsst\u00e4rkungsgesetz (BFSG) e a Barrierefreiheitsst\u00e4rkungsverordnung (BFSGV), quando aplic\u00e1vel.<\/p>\n\n<p>O teste de acessibilidade foi efectuado utilizando o software de teste Eye-Able, que analisa os s\u00edtios Web com base em normas de acordo com os crit\u00e9rios WCAG.<\/p>\n\n<h2 class=\"wp-block-heading\">Restri\u00e7\u00f5es conhecidas  <\/h2>\n\n<p>Apesar dos nossos esfor\u00e7os, podem ainda aplicar-se as seguintes restri\u00e7\u00f5es:<\/p>\n\n<ul class=\"wp-block-list\">\n<li>Alguns conte\u00fados, especialmente documentos PDF e suportes mais antigos, podem ainda n\u00e3o estar totalmente acess\u00edveis.<\/li>\n\n\n\n<li>Em alguns locais, o tamanho da letra pode ser pequeno e os textos alternativos \u00e0s imagens e liga\u00e7\u00f5es podem ser mais curtos ou mais longos do que o recomendado.  <\/li>\n<\/ul>\n\n<p>Estamos a trabalhar continuamente para eliminar estas restri\u00e7\u00f5es e implementar mais melhorias.<\/p>\n\n<p>Esta declara\u00e7\u00e3o foi criada em <strong>01.12.2025<\/strong>. O s\u00edtio Web foi revisto com a ajuda de uma verifica\u00e7\u00e3o automatizada das WCAG pelo Eye-Able e subsequentes correc\u00e7\u00f5es t\u00e9cnicas com base nos resultados obtidos. <\/p>\n\n<h2 class=\"wp-block-heading\">Coment\u00e1rios e contactos<\/h2>\n\n<p>Tens alguma observa\u00e7\u00e3o ou coment\u00e1rio sobre barreiras neste s\u00edtio Web? Por favor, entra em contacto connosco. Explicar-te-emos quais as barreiras existentes. Podes saber quais as excep\u00e7\u00f5es que abrimos. Responderemos \u00e0s tuas perguntas o mais rapidamente poss\u00edvel, mas o mais tardar dentro do prazo legal de um m\u00eas. Agradecemos a tua opini\u00e3o. Podes contactar-nos atrav\u00e9s do seguinte endere\u00e7o:      <\/p>\n\n<p>Respons\u00e1vel pelo conte\u00fado e manuten\u00e7\u00e3o do s\u00edtio Web:<br\/>Zukunftsstiftung Landwirtschaft<br\/>Marienstra\u00dfe 19-20<br\/>10117 Berlin<\/p>\n\n<p>info@2000m2.eu <\/p>\n\n<p>Encontraste uma barreira? Entra em contacto connosco e fornece uma descri\u00e7\u00e3o t\u00e3o precisa quanto poss\u00edvel do problema, bem como o URL da p\u00e1gina afetada. Faremos o poss\u00edvel para processar o teu pedido o mais rapidamente poss\u00edvel e resolver a situa\u00e7\u00e3o.  <\/p>\n\n<p><\/p>\n","protected":false},"excerpt":{"rendered":"<p>Declara\u00e7\u00e3o sobre a acessibilidade Esta declara\u00e7\u00e3o de acessibilidade aplica-se a todas as vers\u00f5es lingu\u00edsticas do website www.2000m2.eu.Zukunftsstiftung Landwirtschaft (dentro da GLS Treuhand e.V.) est\u00e1 empenhada em tornar os seus servi\u00e7os digitais acess\u00edveis ao maior n\u00famero poss\u00edvel de pessoas. Descri\u00e7\u00e3o do servi\u00e7o Podes fazer donativos no nosso s\u00edtio Web, contactar-nos e inscrever-te (gratuitamente) em eventos. Estado&#8230;<\/p>\n","protected":false},"author":1,"featured_media":0,"parent":0,"menu_order":0,"comment_status":"closed","ping_status":"closed","template":"","meta":{"footnotes":""},"class_list":["post-25441","page","type-page","status-publish"],"yoast_head":"<!-- This site is optimized with the Yoast SEO plugin v27.3 - https:\/\/yoast.com\/product\/yoast-seo-wordpress\/ -->\n<title>Acessibilidade - 2000m2<\/title>\n<meta name=\"robots\" content=\"index, follow, max-snippet:-1, max-image-preview:large, max-video-preview:-1\" \/>\n<link rel=\"canonical\" href=\"https:\/\/www.2000m2.eu\/pt\/acessibilidade\/\" \/>\n<meta property=\"og:locale\" content=\"pt_PT\" \/>\n<meta property=\"og:type\" content=\"article\" \/>\n<meta property=\"og:title\" content=\"Acessibilidade - 2000m2\" \/>\n<meta property=\"og:description\" content=\"Declara\u00e7\u00e3o sobre a acessibilidade Esta declara\u00e7\u00e3o de acessibilidade aplica-se a todas as vers\u00f5es lingu\u00edsticas do website www.2000m2.eu.Zukunftsstiftung Landwirtschaft (dentro da GLS Treuhand e.V.) est\u00e1 empenhada em tornar os seus servi\u00e7os digitais acess\u00edveis ao maior n\u00famero poss\u00edvel de pessoas. Descri\u00e7\u00e3o do servi\u00e7o Podes fazer donativos no nosso s\u00edtio Web, contactar-nos e inscrever-te (gratuitamente) em eventos. Estado...\" \/>\n<meta property=\"og:url\" content=\"https:\/\/www.2000m2.eu\/pt\/acessibilidade\/\" \/>\n<meta property=\"og:site_name\" content=\"2000m2\" \/>\n<meta property=\"article:modified_time\" content=\"2025-12-01T09:10:34+00:00\" \/>\n<meta name=\"twitter:card\" content=\"summary_large_image\" \/>\n<meta name=\"twitter:label1\" content=\"Tempo estimado de leitura\" \/>\n\t<meta name=\"twitter:data1\" content=\"2 minutos\" \/>\n<script type=\"application\/ld+json\" class=\"yoast-schema-graph\">{\"@context\":\"https:\\\/\\\/schema.org\",\"@graph\":[{\"@type\":\"WebPage\",\"@id\":\"https:\\\/\\\/www.2000m2.eu\\\/pt\\\/acessibilidade\\\/\",\"url\":\"https:\\\/\\\/www.2000m2.eu\\\/pt\\\/acessibilidade\\\/\",\"name\":\"Acessibilidade - 2000m2\",\"isPartOf\":{\"@id\":\"https:\\\/\\\/www.2000m2.eu\\\/pt\\\/#website\"},\"datePublished\":\"2025-12-01T09:05:39+00:00\",\"dateModified\":\"2025-12-01T09:10:34+00:00\",\"breadcrumb\":{\"@id\":\"https:\\\/\\\/www.2000m2.eu\\\/pt\\\/acessibilidade\\\/#breadcrumb\"},\"inLanguage\":\"pt-PT\",\"potentialAction\":[{\"@type\":\"ReadAction\",\"target\":[\"https:\\\/\\\/www.2000m2.eu\\\/pt\\\/acessibilidade\\\/\"]}]},{\"@type\":\"BreadcrumbList\",\"@id\":\"https:\\\/\\\/www.2000m2.eu\\\/pt\\\/acessibilidade\\\/#breadcrumb\",\"itemListElement\":[{\"@type\":\"ListItem\",\"position\":1,\"name\":\"Home\",\"item\":\"https:\\\/\\\/www.2000m2.eu\\\/pt\\\/\"},{\"@type\":\"ListItem\",\"position\":2,\"name\":\"Acessibilidade\"}]},{\"@type\":\"WebSite\",\"@id\":\"https:\\\/\\\/www.2000m2.eu\\\/pt\\\/#website\",\"url\":\"https:\\\/\\\/www.2000m2.eu\\\/pt\\\/\",\"name\":\"2000m2\",\"description\":\"\",\"publisher\":{\"@id\":\"https:\\\/\\\/www.2000m2.eu\\\/pt\\\/#organization\"},\"potentialAction\":[{\"@type\":\"SearchAction\",\"target\":{\"@type\":\"EntryPoint\",\"urlTemplate\":\"https:\\\/\\\/www.2000m2.eu\\\/pt\\\/?s={search_term_string}\"},\"query-input\":{\"@type\":\"PropertyValueSpecification\",\"valueRequired\":true,\"valueName\":\"search_term_string\"}}],\"inLanguage\":\"pt-PT\"},{\"@type\":\"Organization\",\"@id\":\"https:\\\/\\\/www.2000m2.eu\\\/pt\\\/#organization\",\"name\":\"2000m2\",\"url\":\"https:\\\/\\\/www.2000m2.eu\\\/pt\\\/\",\"logo\":{\"@type\":\"ImageObject\",\"inLanguage\":\"pt-PT\",\"@id\":\"https:\\\/\\\/www.2000m2.eu\\\/pt\\\/#\\\/schema\\\/logo\\\/image\\\/\",\"url\":\"https:\\\/\\\/www.2000m2.eu\\\/wp-content\\\/uploads\\\/logo.png\",\"contentUrl\":\"https:\\\/\\\/www.2000m2.eu\\\/wp-content\\\/uploads\\\/logo.png\",\"width\":445,\"height\":140,\"caption\":\"2000m2\"},\"image\":{\"@id\":\"https:\\\/\\\/www.2000m2.eu\\\/pt\\\/#\\\/schema\\\/logo\\\/image\\\/\"}}]}<\/script>\n<!-- \/ Yoast SEO plugin. -->","yoast_head_json":{"title":"Acessibilidade - 2000m2","robots":{"index":"index","follow":"follow","max-snippet":"max-snippet:-1","max-image-preview":"max-image-preview:large","max-video-preview":"max-video-preview:-1"},"canonical":"https:\/\/www.2000m2.eu\/pt\/acessibilidade\/","og_locale":"pt_PT","og_type":"article","og_title":"Acessibilidade - 2000m2","og_description":"Declara\u00e7\u00e3o sobre a acessibilidade Esta declara\u00e7\u00e3o de acessibilidade aplica-se a todas as vers\u00f5es lingu\u00edsticas do website www.2000m2.eu.Zukunftsstiftung Landwirtschaft (dentro da GLS Treuhand e.V.) est\u00e1 empenhada em tornar os seus servi\u00e7os digitais acess\u00edveis ao maior n\u00famero poss\u00edvel de pessoas. Descri\u00e7\u00e3o do servi\u00e7o Podes fazer donativos no nosso s\u00edtio Web, contactar-nos e inscrever-te (gratuitamente) em eventos. Estado...","og_url":"https:\/\/www.2000m2.eu\/pt\/acessibilidade\/","og_site_name":"2000m2","article_modified_time":"2025-12-01T09:10:34+00:00","twitter_card":"summary_large_image","twitter_misc":{"Tempo estimado de leitura":"2 minutos"},"schema":{"@context":"https:\/\/schema.org","@graph":[{"@type":"WebPage","@id":"https:\/\/www.2000m2.eu\/pt\/acessibilidade\/","url":"https:\/\/www.2000m2.eu\/pt\/acessibilidade\/","name":"Acessibilidade - 2000m2","isPartOf":{"@id":"https:\/\/www.2000m2.eu\/pt\/#website"},"datePublished":"2025-12-01T09:05:39+00:00","dateModified":"2025-12-01T09:10:34+00:00","breadcrumb":{"@id":"https:\/\/www.2000m2.eu\/pt\/acessibilidade\/#breadcrumb"},"inLanguage":"pt-PT","potentialAction":[{"@type":"ReadAction","target":["https:\/\/www.2000m2.eu\/pt\/acessibilidade\/"]}]},{"@type":"BreadcrumbList","@id":"https:\/\/www.2000m2.eu\/pt\/acessibilidade\/#breadcrumb","itemListElement":[{"@type":"ListItem","position":1,"name":"Home","item":"https:\/\/www.2000m2.eu\/pt\/"},{"@type":"ListItem","position":2,"name":"Acessibilidade"}]},{"@type":"WebSite","@id":"https:\/\/www.2000m2.eu\/pt\/#website","url":"https:\/\/www.2000m2.eu\/pt\/","name":"2000m2","description":"","publisher":{"@id":"https:\/\/www.2000m2.eu\/pt\/#organization"},"potentialAction":[{"@type":"SearchAction","target":{"@type":"EntryPoint","urlTemplate":"https:\/\/www.2000m2.eu\/pt\/?s={search_term_string}"},"query-input":{"@type":"PropertyValueSpecification","valueRequired":true,"valueName":"search_term_string"}}],"inLanguage":"pt-PT"},{"@type":"Organization","@id":"https:\/\/www.2000m2.eu\/pt\/#organization","name":"2000m2","url":"https:\/\/www.2000m2.eu\/pt\/","logo":{"@type":"ImageObject","inLanguage":"pt-PT","@id":"https:\/\/www.2000m2.eu\/pt\/#\/schema\/logo\/image\/","url":"https:\/\/www.2000m2.eu\/wp-content\/uploads\/logo.png","contentUrl":"https:\/\/www.2000m2.eu\/wp-content\/uploads\/logo.png","width":445,"height":140,"caption":"2000m2"},"image":{"@id":"https:\/\/www.2000m2.eu\/pt\/#\/schema\/logo\/image\/"}}]}},"_links":{"self":[{"href":"https:\/\/www.2000m2.eu\/pt\/wp-json\/wp\/v2\/pages\/25441","targetHints":{"allow":["GET"]}}],"collection":[{"href":"https:\/\/www.2000m2.eu\/pt\/wp-json\/wp\/v2\/pages"}],"about":[{"href":"https:\/\/www.2000m2.eu\/pt\/wp-json\/wp\/v2\/types\/page"}],"author":[{"embeddable":true,"href":"https:\/\/www.2000m2.eu\/pt\/wp-json\/wp\/v2\/users\/1"}],"replies":[{"embeddable":true,"href":"https:\/\/www.2000m2.eu\/pt\/wp-json\/wp\/v2\/comments?post=25441"}],"version-history":[{"count":1,"href":"https:\/\/www.2000m2.eu\/pt\/wp-json\/wp\/v2\/pages\/25441\/revisions"}],"predecessor-version":[{"id":25442,"href":"https:\/\/www.2000m2.eu\/pt\/wp-json\/wp\/v2\/pages\/25441\/revisions\/25442"}],"wp:attachment":[{"href":"https:\/\/www.2000m2.eu\/pt\/wp-json\/wp\/v2\/media?parent=25441"}],"curies":[{"name":"wp","href":"https:\/\/api.w.org\/{rel}","templated":true}]}}